{"id":15031,"date":"2025-03-07T11:01:36","date_gmt":"2025-03-07T11:01:36","guid":{"rendered":"https:\/\/addio.eu\/product\/22-kanalli-giris-unitesi\/"},"modified":"2025-03-07T11:01:36","modified_gmt":"2025-03-07T11:01:36","slug":"22-kanalli-giris-unitesi","status":"publish","type":"product","link":"https:\/\/addio.eu\/tr\/product\/22-kanalli-giris-unitesi\/","title":{"rendered":"22 kanall\u0131 giri\u015f \u00fcnitesi"},"content":{"rendered":"<p><strong>Boyut<\/strong><br \/>\n74*71*21 mm<\/p>\n<p><strong>A\u011f\u0131rl\u0131k<\/strong><br \/>\n53 g<\/p>\n","protected":false},"excerpt":{"rendered":"<p class=\"\" data-start=\"72\" data-end=\"283\">ADV DRB&#8217;lerin aksesuar\u0131 olarak, DRB&#8217;lerin COM\/CAN portuna ba\u011flanan 22 giri\u015fli bir giri\u015f \u00fcnitesi bulunmaktad\u0131r.<\/p>\n<p class=\"\" data-start=\"285\" data-end=\"538\">\u00dcnite 3 adet \u00e7\u0131kar\u0131labilir 8 pinli konnekt\u00f6re sahiptir. Giri\u015fler A, B ve C olarak etiketlenmi\u015ftir; A giri\u015fi harici basmal\u0131 d\u00fc\u011fmeleri beslemek i\u00e7in kullan\u0131labilecek art\u0131 ve eksi g\u00fc\u00e7 ba\u011flant\u0131lar\u0131yla birlikte 6 giri\u015fe sahiptir. B ve C giri\u015flerinin her biri 1-8 numaral\u0131 8 giri\u015fe sahiptir.  <\/p>\n<p class=\"\" data-start=\"540\" data-end=\"683\">\u0130leti\u015fim portu, ayn\u0131 ve paralel ba\u011fl\u0131 \u00e7ift RJ-10 konnekt\u00f6rden olu\u015fur ve her iki konnekt\u00f6r de kullan\u0131labilir.<\/p>\n<p class=\"\" data-start=\"30\" data-end=\"270\"><strong>Kendi tu\u015f tak\u0131m\u0131n\u0131z\u0131 olu\u015fturun<\/strong><br \/>\nD\u0131\u015f mekan kullan\u0131m\u0131 i\u00e7in dayan\u0131kl\u0131 d\u00fc\u011fmeler gibi 22 \u00f6zelle\u015ftirilebilir d\u00fc\u011fmeye sahip kendi tu\u015f tak\u0131m\u0131n\u0131z\u0131 olu\u015fturmak istiyorsan\u0131z, tek tek d\u00fc\u011fmeleri bu \u00fcniteye ba\u011flayabilirsiniz; \u00fcnite daha sonra basit bir kablo ile (CANBus \u00fczerinden) DRB \u00fcnitesine ba\u011flan\u0131r.<\/p>\n<p class=\"\" data-start=\"272\" data-end=\"401\">Bir Addio sisteminde 2 \u00fcnite ba\u011flanabilir ve iki \u00f6zde\u015f tu\u015f tak\u0131m\u0131nda paralel olarak 22 benzersiz fonksiyona sahip olabilirsiniz<\/p>\n","protected":false},"featured_media":5891,"comment_status":"open","ping_status":"closed","template":"","meta":[],"product_brand":[],"product_cat":[461],"product_tag":[],"class_list":{"0":"post-15031","1":"product","2":"type-product","3":"status-publish","4":"has-post-thumbnail","6":"product_cat-can-baglantisi","8":"first","9":"instock","10":"shipping-taxable","11":"product-type-simple"},"yoast_head":"<!-- This site is optimized with the Yoast SEO plugin v26.0 - https:\/\/yoast.com\/wordpress\/plugins\/seo\/ -->\n<title>22 kanall\u0131 giri\u015f \u00fcnitesi - Addio Electronics<\/title>\n<meta name=\"robots\" content=\"index, follow, max-snippet:-1, max-image-preview:large, max-video-preview:-1\" \/>\n<link rel=\"canonical\" href=\"https:\/\/addio.eu\/tr\/product\/22-kanalli-giris-unitesi\/\" \/>\n<meta property=\"og:locale\" content=\"tr_TR\" \/>\n<meta property=\"og:type\" content=\"article\" \/>\n<meta property=\"og:title\" content=\"22 kanall\u0131 giri\u015f \u00fcnitesi - Addio Electronics\" \/>\n<meta property=\"og:description\" content=\"ADV DRB&#039;lerin aksesuar\u0131 olarak, DRB&#039;lerin COM\/CAN portuna ba\u011flanan 22 giri\u015fli bir giri\u015f \u00fcnitesi bulunmaktad\u0131r. \u00dcnite 3 adet \u00e7\u0131kar\u0131labilir 8 pinli konnekt\u00f6re sahiptir. Giri\u015fler A, B ve C olarak etiketlenmi\u015ftir; A giri\u015fi harici basmal\u0131 d\u00fc\u011fmeleri beslemek i\u00e7in kullan\u0131labilecek art\u0131 ve eksi g\u00fc\u00e7 ba\u011flant\u0131lar\u0131yla birlikte 6 giri\u015fe sahiptir. B ve C giri\u015flerinin her biri 1-8 numaral\u0131 8 giri\u015fe sahiptir.  \u0130leti\u015fim portu, ayn\u0131 ve paralel ba\u011fl\u0131 \u00e7ift RJ-10 konnekt\u00f6rden olu\u015fur ve her iki konnekt\u00f6r de kullan\u0131labilir. Kendi tu\u015f tak\u0131m\u0131n\u0131z\u0131 olu\u015fturun D\u0131\u015f mekan kullan\u0131m\u0131 i\u00e7in dayan\u0131kl\u0131 d\u00fc\u011fmeler gibi 22 \u00f6zelle\u015ftirilebilir d\u00fc\u011fmeye sahip kendi tu\u015f tak\u0131m\u0131n\u0131z\u0131 olu\u015fturmak istiyorsan\u0131z, tek tek d\u00fc\u011fmeleri bu \u00fcniteye ba\u011flayabilirsiniz; \u00fcnite daha sonra basit bir kablo ile (CANBus \u00fczerinden) DRB \u00fcnitesine ba\u011flan\u0131r. Bir Addio sisteminde 2 \u00fcnite ba\u011flanabilir ve iki \u00f6zde\u015f tu\u015f tak\u0131m\u0131nda paralel olarak 22 benzersiz fonksiyona sahip olabilirsiniz\" \/>\n<meta property=\"og:url\" content=\"https:\/\/addio.eu\/tr\/product\/22-kanalli-giris-unitesi\/\" \/>\n<meta property=\"og:site_name\" content=\"Addio Electronics\" \/>\n<meta property=\"article:publisher\" content=\"https:\/\/www.facebook.com\/AddioElectronicsAB\/\" \/>\n<meta property=\"og:image\" content=\"https:\/\/addio.eu\/wp-content\/uploads\/2025\/03\/IMG_1659-scaled.jpg\" \/>\n\t<meta property=\"og:image:width\" content=\"2560\" \/>\n\t<meta property=\"og:image:height\" content=\"1920\" \/>\n\t<meta property=\"og:image:type\" content=\"image\/jpeg\" \/>\n<meta name=\"twitter:card\" content=\"summary_large_image\" \/>\n<script type=\"application\/ld+json\" class=\"yoast-schema-graph\">{\"@context\":\"https:\/\/schema.org\",\"@graph\":[{\"@type\":\"WebPage\",\"@id\":\"https:\/\/addio.eu\/tr\/product\/22-kanalli-giris-unitesi\/\",\"url\":\"https:\/\/addio.eu\/tr\/product\/22-kanalli-giris-unitesi\/\",\"name\":\"22 kanall\u0131 giri\u015f \u00fcnitesi - Addio Electronics\",\"isPartOf\":{\"@id\":\"https:\/\/addio.eu\/tr\/#website\"},\"primaryImageOfPage\":{\"@id\":\"https:\/\/addio.eu\/tr\/product\/22-kanalli-giris-unitesi\/#primaryimage\"},\"image\":{\"@id\":\"https:\/\/addio.eu\/tr\/product\/22-kanalli-giris-unitesi\/#primaryimage\"},\"thumbnailUrl\":\"https:\/\/addio.eu\/wp-content\/uploads\/2025\/03\/IMG_1659-scaled.jpg\",\"datePublished\":\"2025-03-07T11:01:36+00:00\",\"breadcrumb\":{\"@id\":\"https:\/\/addio.eu\/tr\/product\/22-kanalli-giris-unitesi\/#breadcrumb\"},\"inLanguage\":\"tr\",\"potentialAction\":[{\"@type\":\"ReadAction\",\"target\":[\"https:\/\/addio.eu\/tr\/product\/22-kanalli-giris-unitesi\/\"]}]},{\"@type\":\"ImageObject\",\"inLanguage\":\"tr\",\"@id\":\"https:\/\/addio.eu\/tr\/product\/22-kanalli-giris-unitesi\/#primaryimage\",\"url\":\"https:\/\/addio.eu\/wp-content\/uploads\/2025\/03\/IMG_1659-scaled.jpg\",\"contentUrl\":\"https:\/\/addio.eu\/wp-content\/uploads\/2025\/03\/IMG_1659-scaled.jpg\",\"width\":2560,\"height\":1920},{\"@type\":\"BreadcrumbList\",\"@id\":\"https:\/\/addio.eu\/tr\/product\/22-kanalli-giris-unitesi\/#breadcrumb\",\"itemListElement\":[{\"@type\":\"ListItem\",\"position\":1,\"name\":\"Home\",\"item\":\"https:\/\/addio.eu\/tr\/addio-ana-sayfa\/\"},{\"@type\":\"ListItem\",\"position\":2,\"name\":\"\u00dcr\u00fcnler\",\"item\":\"https:\/\/addio.eu\/tr\/urunler\/\"},{\"@type\":\"ListItem\",\"position\":3,\"name\":\"22 kanall\u0131 giri\u015f \u00fcnitesi\"}]},{\"@type\":\"WebSite\",\"@id\":\"https:\/\/addio.eu\/tr\/#website\",\"url\":\"https:\/\/addio.eu\/tr\/\",\"name\":\"addio.eu\",\"description\":\"\",\"publisher\":{\"@id\":\"https:\/\/addio.eu\/tr\/#organization\"},\"potentialAction\":[{\"@type\":\"SearchAction\",\"target\":{\"@type\":\"EntryPoint\",\"urlTemplate\":\"https:\/\/addio.eu\/tr\/?s={search_term_string}\"},\"query-input\":{\"@type\":\"PropertyValueSpecification\",\"valueRequired\":true,\"valueName\":\"search_term_string\"}}],\"inLanguage\":\"tr\"},{\"@type\":\"Organization\",\"@id\":\"https:\/\/addio.eu\/tr\/#organization\",\"name\":\"Addio Electronics\",\"url\":\"https:\/\/addio.eu\/tr\/\",\"logo\":{\"@type\":\"ImageObject\",\"inLanguage\":\"tr\",\"@id\":\"https:\/\/addio.eu\/tr\/#\/schema\/logo\/image\/\",\"url\":\"https:\/\/addio.eu\/wp-content\/uploads\/2024\/10\/Lager_1-1.svg\",\"contentUrl\":\"https:\/\/addio.eu\/wp-content\/uploads\/2024\/10\/Lager_1-1.svg\",\"width\":89,\"height\":26,\"caption\":\"Addio Electronics\"},\"image\":{\"@id\":\"https:\/\/addio.eu\/tr\/#\/schema\/logo\/image\/\"},\"sameAs\":[\"https:\/\/www.facebook.com\/AddioElectronicsAB\/\",\"https:\/\/www.linkedin.com\/company\/addio-electronics-ab\"]}]}<\/script>\n<!-- \/ Yoast SEO plugin. -->","yoast_head_json":{"title":"22 kanall\u0131 giri\u015f \u00fcnitesi - Addio Electronics","robots":{"index":"index","follow":"follow","max-snippet":"max-snippet:-1","max-image-preview":"max-image-preview:large","max-video-preview":"max-video-preview:-1"},"canonical":"https:\/\/addio.eu\/tr\/product\/22-kanalli-giris-unitesi\/","og_locale":"tr_TR","og_type":"article","og_title":"22 kanall\u0131 giri\u015f \u00fcnitesi - Addio Electronics","og_description":"ADV DRB'lerin aksesuar\u0131 olarak, DRB'lerin COM\/CAN portuna ba\u011flanan 22 giri\u015fli bir giri\u015f \u00fcnitesi bulunmaktad\u0131r. \u00dcnite 3 adet \u00e7\u0131kar\u0131labilir 8 pinli konnekt\u00f6re sahiptir. Giri\u015fler A, B ve C olarak etiketlenmi\u015ftir; A giri\u015fi harici basmal\u0131 d\u00fc\u011fmeleri beslemek i\u00e7in kullan\u0131labilecek art\u0131 ve eksi g\u00fc\u00e7 ba\u011flant\u0131lar\u0131yla birlikte 6 giri\u015fe sahiptir. B ve C giri\u015flerinin her biri 1-8 numaral\u0131 8 giri\u015fe sahiptir.  \u0130leti\u015fim portu, ayn\u0131 ve paralel ba\u011fl\u0131 \u00e7ift RJ-10 konnekt\u00f6rden olu\u015fur ve her iki konnekt\u00f6r de kullan\u0131labilir. Kendi tu\u015f tak\u0131m\u0131n\u0131z\u0131 olu\u015fturun D\u0131\u015f mekan kullan\u0131m\u0131 i\u00e7in dayan\u0131kl\u0131 d\u00fc\u011fmeler gibi 22 \u00f6zelle\u015ftirilebilir d\u00fc\u011fmeye sahip kendi tu\u015f tak\u0131m\u0131n\u0131z\u0131 olu\u015fturmak istiyorsan\u0131z, tek tek d\u00fc\u011fmeleri bu \u00fcniteye ba\u011flayabilirsiniz; \u00fcnite daha sonra basit bir kablo ile (CANBus \u00fczerinden) DRB \u00fcnitesine ba\u011flan\u0131r. Bir Addio sisteminde 2 \u00fcnite ba\u011flanabilir ve iki \u00f6zde\u015f tu\u015f tak\u0131m\u0131nda paralel olarak 22 benzersiz fonksiyona sahip olabilirsiniz","og_url":"https:\/\/addio.eu\/tr\/product\/22-kanalli-giris-unitesi\/","og_site_name":"Addio Electronics","article_publisher":"https:\/\/www.facebook.com\/AddioElectronicsAB\/","og_image":[{"width":2560,"height":1920,"url":"https:\/\/addio.eu\/wp-content\/uploads\/2025\/03\/IMG_1659-scaled.jpg","type":"image\/jpeg"}],"twitter_card":"summary_large_image","schema":{"@context":"https:\/\/schema.org","@graph":[{"@type":"WebPage","@id":"https:\/\/addio.eu\/tr\/product\/22-kanalli-giris-unitesi\/","url":"https:\/\/addio.eu\/tr\/product\/22-kanalli-giris-unitesi\/","name":"22 kanall\u0131 giri\u015f \u00fcnitesi - Addio Electronics","isPartOf":{"@id":"https:\/\/addio.eu\/tr\/#website"},"primaryImageOfPage":{"@id":"https:\/\/addio.eu\/tr\/product\/22-kanalli-giris-unitesi\/#primaryimage"},"image":{"@id":"https:\/\/addio.eu\/tr\/product\/22-kanalli-giris-unitesi\/#primaryimage"},"thumbnailUrl":"https:\/\/addio.eu\/wp-content\/uploads\/2025\/03\/IMG_1659-scaled.jpg","datePublished":"2025-03-07T11:01:36+00:00","breadcrumb":{"@id":"https:\/\/addio.eu\/tr\/product\/22-kanalli-giris-unitesi\/#breadcrumb"},"inLanguage":"tr","potentialAction":[{"@type":"ReadAction","target":["https:\/\/addio.eu\/tr\/product\/22-kanalli-giris-unitesi\/"]}]},{"@type":"ImageObject","inLanguage":"tr","@id":"https:\/\/addio.eu\/tr\/product\/22-kanalli-giris-unitesi\/#primaryimage","url":"https:\/\/addio.eu\/wp-content\/uploads\/2025\/03\/IMG_1659-scaled.jpg","contentUrl":"https:\/\/addio.eu\/wp-content\/uploads\/2025\/03\/IMG_1659-scaled.jpg","width":2560,"height":1920},{"@type":"BreadcrumbList","@id":"https:\/\/addio.eu\/tr\/product\/22-kanalli-giris-unitesi\/#breadcrumb","itemListElement":[{"@type":"ListItem","position":1,"name":"Home","item":"https:\/\/addio.eu\/tr\/addio-ana-sayfa\/"},{"@type":"ListItem","position":2,"name":"\u00dcr\u00fcnler","item":"https:\/\/addio.eu\/tr\/urunler\/"},{"@type":"ListItem","position":3,"name":"22 kanall\u0131 giri\u015f \u00fcnitesi"}]},{"@type":"WebSite","@id":"https:\/\/addio.eu\/tr\/#website","url":"https:\/\/addio.eu\/tr\/","name":"addio.eu","description":"","publisher":{"@id":"https:\/\/addio.eu\/tr\/#organization"},"potentialAction":[{"@type":"SearchAction","target":{"@type":"EntryPoint","urlTemplate":"https:\/\/addio.eu\/tr\/?s={search_term_string}"},"query-input":{"@type":"PropertyValueSpecification","valueRequired":true,"valueName":"search_term_string"}}],"inLanguage":"tr"},{"@type":"Organization","@id":"https:\/\/addio.eu\/tr\/#organization","name":"Addio Electronics","url":"https:\/\/addio.eu\/tr\/","logo":{"@type":"ImageObject","inLanguage":"tr","@id":"https:\/\/addio.eu\/tr\/#\/schema\/logo\/image\/","url":"https:\/\/addio.eu\/wp-content\/uploads\/2024\/10\/Lager_1-1.svg","contentUrl":"https:\/\/addio.eu\/wp-content\/uploads\/2024\/10\/Lager_1-1.svg","width":89,"height":26,"caption":"Addio Electronics"},"image":{"@id":"https:\/\/addio.eu\/tr\/#\/schema\/logo\/image\/"},"sameAs":["https:\/\/www.facebook.com\/AddioElectronicsAB\/","https:\/\/www.linkedin.com\/company\/addio-electronics-ab"]}]}},"_links":{"self":[{"href":"https:\/\/addio.eu\/tr\/wp-json\/wp\/v2\/product\/15031","targetHints":{"allow":["GET"]}}],"collection":[{"href":"https:\/\/addio.eu\/tr\/wp-json\/wp\/v2\/product"}],"about":[{"href":"https:\/\/addio.eu\/tr\/wp-json\/wp\/v2\/types\/product"}],"replies":[{"embeddable":true,"href":"https:\/\/addio.eu\/tr\/wp-json\/wp\/v2\/comments?post=15031"}],"wp:featuredmedia":[{"embeddable":true,"href":"https:\/\/addio.eu\/tr\/wp-json\/wp\/v2\/media\/5891"}],"wp:attachment":[{"href":"https:\/\/addio.eu\/tr\/wp-json\/wp\/v2\/media?parent=15031"}],"wp:term":[{"taxonomy":"product_brand","embeddable":true,"href":"https:\/\/addio.eu\/tr\/wp-json\/wp\/v2\/product_brand?post=15031"},{"taxonomy":"product_cat","embeddable":true,"href":"https:\/\/addio.eu\/tr\/wp-json\/wp\/v2\/product_cat?post=15031"},{"taxonomy":"product_tag","embeddable":true,"href":"https:\/\/addio.eu\/tr\/wp-json\/wp\/v2\/product_tag?post=15031"}],"curies":[{"name":"wp","href":"https:\/\/api.w.org\/{rel}","templated":true}]}}