{"id":15013,"date":"2025-03-07T10:28:46","date_gmt":"2025-03-07T10:28:46","guid":{"rendered":"https:\/\/addio.eu\/product\/anahtar-paneli-4\/"},"modified":"2025-03-07T10:28:46","modified_gmt":"2025-03-07T10:28:46","slug":"anahtar-paneli-4","status":"publish","type":"product","link":"https:\/\/addio.eu\/tr\/product\/anahtar-paneli-4\/","title":{"rendered":"Anahtar paneli 4"},"content":{"rendered":"<p class=\"\" data-start=\"660\" data-end=\"682\"><strong data-start=\"660\" data-end=\"682\">Renk ve Ayd\u0131nlatma<\/strong><\/p>\n<p class=\"\" data-start=\"684\" data-end=\"919\">Kontrol panelindeki t\u00fcm d\u00fc\u011fmeler ayd\u0131nlat\u0131lm\u0131\u015ft\u0131r ve \u015fu renklerle yap\u0131land\u0131r\u0131labilir: ye\u015fil, mavi, sar\u0131, turuncu, beyaz ve k\u0131rm\u0131z\u0131. Her d\u00fc\u011fme i\u00e7in hem arka plan \u0131\u015f\u0131k rengi hem de aktif renk men\u00fcden ayarlanabilir. <\/p>\n<p class=\"\" data-start=\"921\" data-end=\"1055\">D\u00fc\u011fmelerin \u0131\u015f\u0131k yo\u011funlu\u011fu, dahili bir \u0131\u015f\u0131k sens\u00f6r\u00fc sayesinde ortam \u0131\u015f\u0131k ko\u015fullar\u0131na g\u00f6re otomatik olarak ayarlan\u0131r.<\/p>\n<p class=\"\" data-start=\"1057\" data-end=\"1085\"><strong data-start=\"1057\" data-end=\"1085\">Sesli Uyar\u0131 ve D\u00fc\u011fme Sesleri<\/strong><\/p>\n<p class=\"\" data-start=\"1087\" data-end=\"1344\">Kontrol panelinde, bir d\u00fc\u011fmeye bas\u0131ld\u0131\u011f\u0131nda k\u0131sa bir bip sesiyle geri bildirim sa\u011flayabilen dahili bir sesli uyar\u0131c\u0131 bulunur. Sesli uyar\u0131c\u0131 ayr\u0131ca alarm i\u015flevlerini ve daha fazlas\u0131n\u0131 tetiklemek i\u00e7in giri\u015f, \u00e7\u0131k\u0131\u015f veya sanal \u00e7\u0131k\u0131\u015f gibi harici bir kaynaktan da kontrol edilebilir. <\/p>\n<p class=\"\" data-start=\"1346\" data-end=\"1380\"><strong data-start=\"1346\" data-end=\"1380\">Kurulum ve Yap\u0131land\u0131rma<\/strong><\/p>\n<p class=\"\" data-start=\"1382\" data-end=\"1525\">D\u00fc\u011fme i\u015flevlerinin, aktif ve pasif renklerin ve di\u011fer \u00f6zelliklerin yap\u0131land\u0131rmas\u0131 r\u00f6le kutular\u0131m\u0131zda saklan\u0131r ve Addio CC yaz\u0131l\u0131m\u0131m\u0131z arac\u0131l\u0131\u011f\u0131yla yap\u0131l\u0131r.<\/p>\n<p data-start=\"1382\" data-end=\"1525\"><strong>Kutu \u0130\u00e7eri\u011fi<\/strong><br \/>\nAddio Anahtar Panelleri, 5 metre kablo ve yap\u0131\u015fkan d\u00fc\u011fme etiketleriyle birlikte gelir.<br \/>\nAlternatif Art. no ayr\u0131ca bir braket i\u00e7erir. <\/p>\n","protected":false},"excerpt":{"rendered":"<p class=\"\" data-start=\"62\" data-end=\"120\"><strong data-start=\"62\" data-end=\"120\">Addio Kontrol Panelleriyle Kolay Kablolama ve Kurulum<\/strong><\/p>\n<p class=\"\" data-start=\"122\" data-end=\"331\">Addio kontrol panelleri, birlikte verilen \u00e7ift tarafl\u0131 bant veya montaj braketi (aksesuar olarak mevcuttur) kullan\u0131larak kolayca kurulabilir. Tu\u015f tak\u0131mlar\u0131, birlikte verilen kablo ile r\u00f6le kutusunun COM\/CAN portuna ba\u011flan\u0131r. <\/p>\n<p class=\"\" data-start=\"333\" data-end=\"345\"><strong data-start=\"333\" data-end=\"345\">\u00d6zellikler<\/strong><\/p>\n<p class=\"\" data-start=\"347\" data-end=\"523\">Her d\u00fc\u011fme birden fazla konuma ayarlanabilir ve bir \u00e7\u0131k\u0131\u015f\u0131 etkinle\u015ftirebilir ve\/veya belirli bir giri\u015f, \u00e7\u0131k\u0131\u015f veya di\u011fer dahili i\u015flevin aktif oldu\u011funu g\u00f6stermek i\u00e7in g\u00f6sterge g\u00f6revi g\u00f6rebilir.<\/p>\n<p class=\"\" data-start=\"525\" data-end=\"658\">Bir sistemde d\u00f6rt adede kadar kontrol paneli kullan\u0131labilir ve bunlar ayr\u0131 ayr\u0131 yap\u0131land\u0131r\u0131labilir veya paralel olarak \u00e7al\u0131\u015fabilir (merdiven kablolamas\u0131).<\/p>\n","protected":false},"featured_media":5843,"comment_status":"open","ping_status":"closed","template":"","meta":[],"product_brand":[],"product_cat":[498],"product_tag":[499],"class_list":{"0":"post-15013","1":"product","2":"type-product","3":"status-publish","4":"has-post-thumbnail","6":"product_cat-anahtar-panelleri","7":"product_tag-4-dugme","9":"first","10":"instock","11":"shipping-taxable","12":"product-type-simple"},"yoast_head":"<!-- This site is optimized with the Yoast SEO plugin v26.0 - https:\/\/yoast.com\/wordpress\/plugins\/seo\/ -->\n<title>Anahtar paneli 4 - Addio Electronics<\/title>\n<meta name=\"robots\" content=\"index, follow, max-snippet:-1, max-image-preview:large, max-video-preview:-1\" \/>\n<link rel=\"canonical\" href=\"https:\/\/addio.eu\/tr\/product\/anahtar-paneli-4\/\" \/>\n<meta property=\"og:locale\" content=\"tr_TR\" \/>\n<meta property=\"og:type\" content=\"article\" \/>\n<meta property=\"og:title\" content=\"Anahtar paneli 4 - Addio Electronics\" \/>\n<meta property=\"og:description\" content=\"Addio Kontrol Panelleriyle Kolay Kablolama ve Kurulum Addio kontrol panelleri, birlikte verilen \u00e7ift tarafl\u0131 bant veya montaj braketi (aksesuar olarak mevcuttur) kullan\u0131larak kolayca kurulabilir. Tu\u015f tak\u0131mlar\u0131, birlikte verilen kablo ile r\u00f6le kutusunun COM\/CAN portuna ba\u011flan\u0131r. \u00d6zellikler Her d\u00fc\u011fme birden fazla konuma ayarlanabilir ve bir \u00e7\u0131k\u0131\u015f\u0131 etkinle\u015ftirebilir ve\/veya belirli bir giri\u015f, \u00e7\u0131k\u0131\u015f veya di\u011fer dahili i\u015flevin aktif oldu\u011funu g\u00f6stermek i\u00e7in g\u00f6sterge g\u00f6revi g\u00f6rebilir. Bir sistemde d\u00f6rt adede kadar kontrol paneli kullan\u0131labilir ve bunlar ayr\u0131 ayr\u0131 yap\u0131land\u0131r\u0131labilir veya paralel olarak \u00e7al\u0131\u015fabilir (merdiven kablolamas\u0131).\" \/>\n<meta property=\"og:url\" content=\"https:\/\/addio.eu\/tr\/product\/anahtar-paneli-4\/\" \/>\n<meta property=\"og:site_name\" content=\"Addio Electronics\" \/>\n<meta property=\"article:publisher\" content=\"https:\/\/www.facebook.com\/AddioElectronicsAB\/\" \/>\n<meta property=\"og:image\" content=\"https:\/\/addio.eu\/wp-content\/uploads\/2025\/03\/IMG_1586-scaled.jpg\" \/>\n\t<meta property=\"og:image:width\" content=\"2560\" \/>\n\t<meta property=\"og:image:height\" content=\"1920\" \/>\n\t<meta property=\"og:image:type\" content=\"image\/jpeg\" \/>\n<meta name=\"twitter:card\" content=\"summary_large_image\" \/>\n<meta name=\"twitter:label1\" content=\"Est. reading time\" \/>\n\t<meta name=\"twitter:data1\" content=\"1 dakika\" \/>\n<script type=\"application\/ld+json\" class=\"yoast-schema-graph\">{\"@context\":\"https:\/\/schema.org\",\"@graph\":[{\"@type\":\"WebPage\",\"@id\":\"https:\/\/addio.eu\/tr\/product\/anahtar-paneli-4\/\",\"url\":\"https:\/\/addio.eu\/tr\/product\/anahtar-paneli-4\/\",\"name\":\"Anahtar paneli 4 - Addio Electronics\",\"isPartOf\":{\"@id\":\"https:\/\/addio.eu\/tr\/#website\"},\"primaryImageOfPage\":{\"@id\":\"https:\/\/addio.eu\/tr\/product\/anahtar-paneli-4\/#primaryimage\"},\"image\":{\"@id\":\"https:\/\/addio.eu\/tr\/product\/anahtar-paneli-4\/#primaryimage\"},\"thumbnailUrl\":\"https:\/\/addio.eu\/wp-content\/uploads\/2025\/03\/IMG_1586-scaled.jpg\",\"datePublished\":\"2025-03-07T10:28:46+00:00\",\"breadcrumb\":{\"@id\":\"https:\/\/addio.eu\/tr\/product\/anahtar-paneli-4\/#breadcrumb\"},\"inLanguage\":\"tr\",\"potentialAction\":[{\"@type\":\"ReadAction\",\"target\":[\"https:\/\/addio.eu\/tr\/product\/anahtar-paneli-4\/\"]}]},{\"@type\":\"ImageObject\",\"inLanguage\":\"tr\",\"@id\":\"https:\/\/addio.eu\/tr\/product\/anahtar-paneli-4\/#primaryimage\",\"url\":\"https:\/\/addio.eu\/wp-content\/uploads\/2025\/03\/IMG_1586-scaled.jpg\",\"contentUrl\":\"https:\/\/addio.eu\/wp-content\/uploads\/2025\/03\/IMG_1586-scaled.jpg\",\"width\":2560,\"height\":1920},{\"@type\":\"BreadcrumbList\",\"@id\":\"https:\/\/addio.eu\/tr\/product\/anahtar-paneli-4\/#breadcrumb\",\"itemListElement\":[{\"@type\":\"ListItem\",\"position\":1,\"name\":\"Home\",\"item\":\"https:\/\/addio.eu\/tr\/addio-ana-sayfa\/\"},{\"@type\":\"ListItem\",\"position\":2,\"name\":\"\u00dcr\u00fcnler\",\"item\":\"https:\/\/addio.eu\/tr\/urunler\/\"},{\"@type\":\"ListItem\",\"position\":3,\"name\":\"Anahtar paneli 4\"}]},{\"@type\":\"WebSite\",\"@id\":\"https:\/\/addio.eu\/tr\/#website\",\"url\":\"https:\/\/addio.eu\/tr\/\",\"name\":\"addio.eu\",\"description\":\"\",\"publisher\":{\"@id\":\"https:\/\/addio.eu\/tr\/#organization\"},\"potentialAction\":[{\"@type\":\"SearchAction\",\"target\":{\"@type\":\"EntryPoint\",\"urlTemplate\":\"https:\/\/addio.eu\/tr\/?s={search_term_string}\"},\"query-input\":{\"@type\":\"PropertyValueSpecification\",\"valueRequired\":true,\"valueName\":\"search_term_string\"}}],\"inLanguage\":\"tr\"},{\"@type\":\"Organization\",\"@id\":\"https:\/\/addio.eu\/tr\/#organization\",\"name\":\"Addio Electronics\",\"url\":\"https:\/\/addio.eu\/tr\/\",\"logo\":{\"@type\":\"ImageObject\",\"inLanguage\":\"tr\",\"@id\":\"https:\/\/addio.eu\/tr\/#\/schema\/logo\/image\/\",\"url\":\"https:\/\/addio.eu\/wp-content\/uploads\/2024\/10\/Lager_1-1.svg\",\"contentUrl\":\"https:\/\/addio.eu\/wp-content\/uploads\/2024\/10\/Lager_1-1.svg\",\"width\":89,\"height\":26,\"caption\":\"Addio Electronics\"},\"image\":{\"@id\":\"https:\/\/addio.eu\/tr\/#\/schema\/logo\/image\/\"},\"sameAs\":[\"https:\/\/www.facebook.com\/AddioElectronicsAB\/\",\"https:\/\/www.linkedin.com\/company\/addio-electronics-ab\"]}]}<\/script>\n<!-- \/ Yoast SEO plugin. -->","yoast_head_json":{"title":"Anahtar paneli 4 - Addio Electronics","robots":{"index":"index","follow":"follow","max-snippet":"max-snippet:-1","max-image-preview":"max-image-preview:large","max-video-preview":"max-video-preview:-1"},"canonical":"https:\/\/addio.eu\/tr\/product\/anahtar-paneli-4\/","og_locale":"tr_TR","og_type":"article","og_title":"Anahtar paneli 4 - Addio Electronics","og_description":"Addio Kontrol Panelleriyle Kolay Kablolama ve Kurulum Addio kontrol panelleri, birlikte verilen \u00e7ift tarafl\u0131 bant veya montaj braketi (aksesuar olarak mevcuttur) kullan\u0131larak kolayca kurulabilir. Tu\u015f tak\u0131mlar\u0131, birlikte verilen kablo ile r\u00f6le kutusunun COM\/CAN portuna ba\u011flan\u0131r. \u00d6zellikler Her d\u00fc\u011fme birden fazla konuma ayarlanabilir ve bir \u00e7\u0131k\u0131\u015f\u0131 etkinle\u015ftirebilir ve\/veya belirli bir giri\u015f, \u00e7\u0131k\u0131\u015f veya di\u011fer dahili i\u015flevin aktif oldu\u011funu g\u00f6stermek i\u00e7in g\u00f6sterge g\u00f6revi g\u00f6rebilir. Bir sistemde d\u00f6rt adede kadar kontrol paneli kullan\u0131labilir ve bunlar ayr\u0131 ayr\u0131 yap\u0131land\u0131r\u0131labilir veya paralel olarak \u00e7al\u0131\u015fabilir (merdiven kablolamas\u0131).","og_url":"https:\/\/addio.eu\/tr\/product\/anahtar-paneli-4\/","og_site_name":"Addio Electronics","article_publisher":"https:\/\/www.facebook.com\/AddioElectronicsAB\/","og_image":[{"width":2560,"height":1920,"url":"https:\/\/addio.eu\/wp-content\/uploads\/2025\/03\/IMG_1586-scaled.jpg","type":"image\/jpeg"}],"twitter_card":"summary_large_image","twitter_misc":{"Est. reading time":"1 dakika"},"schema":{"@context":"https:\/\/schema.org","@graph":[{"@type":"WebPage","@id":"https:\/\/addio.eu\/tr\/product\/anahtar-paneli-4\/","url":"https:\/\/addio.eu\/tr\/product\/anahtar-paneli-4\/","name":"Anahtar paneli 4 - Addio Electronics","isPartOf":{"@id":"https:\/\/addio.eu\/tr\/#website"},"primaryImageOfPage":{"@id":"https:\/\/addio.eu\/tr\/product\/anahtar-paneli-4\/#primaryimage"},"image":{"@id":"https:\/\/addio.eu\/tr\/product\/anahtar-paneli-4\/#primaryimage"},"thumbnailUrl":"https:\/\/addio.eu\/wp-content\/uploads\/2025\/03\/IMG_1586-scaled.jpg","datePublished":"2025-03-07T10:28:46+00:00","breadcrumb":{"@id":"https:\/\/addio.eu\/tr\/product\/anahtar-paneli-4\/#breadcrumb"},"inLanguage":"tr","potentialAction":[{"@type":"ReadAction","target":["https:\/\/addio.eu\/tr\/product\/anahtar-paneli-4\/"]}]},{"@type":"ImageObject","inLanguage":"tr","@id":"https:\/\/addio.eu\/tr\/product\/anahtar-paneli-4\/#primaryimage","url":"https:\/\/addio.eu\/wp-content\/uploads\/2025\/03\/IMG_1586-scaled.jpg","contentUrl":"https:\/\/addio.eu\/wp-content\/uploads\/2025\/03\/IMG_1586-scaled.jpg","width":2560,"height":1920},{"@type":"BreadcrumbList","@id":"https:\/\/addio.eu\/tr\/product\/anahtar-paneli-4\/#breadcrumb","itemListElement":[{"@type":"ListItem","position":1,"name":"Home","item":"https:\/\/addio.eu\/tr\/addio-ana-sayfa\/"},{"@type":"ListItem","position":2,"name":"\u00dcr\u00fcnler","item":"https:\/\/addio.eu\/tr\/urunler\/"},{"@type":"ListItem","position":3,"name":"Anahtar paneli 4"}]},{"@type":"WebSite","@id":"https:\/\/addio.eu\/tr\/#website","url":"https:\/\/addio.eu\/tr\/","name":"addio.eu","description":"","publisher":{"@id":"https:\/\/addio.eu\/tr\/#organization"},"potentialAction":[{"@type":"SearchAction","target":{"@type":"EntryPoint","urlTemplate":"https:\/\/addio.eu\/tr\/?s={search_term_string}"},"query-input":{"@type":"PropertyValueSpecification","valueRequired":true,"valueName":"search_term_string"}}],"inLanguage":"tr"},{"@type":"Organization","@id":"https:\/\/addio.eu\/tr\/#organization","name":"Addio Electronics","url":"https:\/\/addio.eu\/tr\/","logo":{"@type":"ImageObject","inLanguage":"tr","@id":"https:\/\/addio.eu\/tr\/#\/schema\/logo\/image\/","url":"https:\/\/addio.eu\/wp-content\/uploads\/2024\/10\/Lager_1-1.svg","contentUrl":"https:\/\/addio.eu\/wp-content\/uploads\/2024\/10\/Lager_1-1.svg","width":89,"height":26,"caption":"Addio Electronics"},"image":{"@id":"https:\/\/addio.eu\/tr\/#\/schema\/logo\/image\/"},"sameAs":["https:\/\/www.facebook.com\/AddioElectronicsAB\/","https:\/\/www.linkedin.com\/company\/addio-electronics-ab"]}]}},"_links":{"self":[{"href":"https:\/\/addio.eu\/tr\/wp-json\/wp\/v2\/product\/15013","targetHints":{"allow":["GET"]}}],"collection":[{"href":"https:\/\/addio.eu\/tr\/wp-json\/wp\/v2\/product"}],"about":[{"href":"https:\/\/addio.eu\/tr\/wp-json\/wp\/v2\/types\/product"}],"replies":[{"embeddable":true,"href":"https:\/\/addio.eu\/tr\/wp-json\/wp\/v2\/comments?post=15013"}],"wp:featuredmedia":[{"embeddable":true,"href":"https:\/\/addio.eu\/tr\/wp-json\/wp\/v2\/media\/5843"}],"wp:attachment":[{"href":"https:\/\/addio.eu\/tr\/wp-json\/wp\/v2\/media?parent=15013"}],"wp:term":[{"taxonomy":"product_brand","embeddable":true,"href":"https:\/\/addio.eu\/tr\/wp-json\/wp\/v2\/product_brand?post=15013"},{"taxonomy":"product_cat","embeddable":true,"href":"https:\/\/addio.eu\/tr\/wp-json\/wp\/v2\/product_cat?post=15013"},{"taxonomy":"product_tag","embeddable":true,"href":"https:\/\/addio.eu\/tr\/wp-json\/wp\/v2\/product_tag?post=15013"}],"curies":[{"name":"wp","href":"https:\/\/api.w.org\/{rel}","templated":true}]}}