{"id":15002,"date":"2025-03-07T11:12:36","date_gmt":"2025-03-07T11:12:36","guid":{"rendered":"https:\/\/addio.eu\/product\/iklim-sensoru-std\/"},"modified":"2025-03-07T11:12:36","modified_gmt":"2025-03-07T11:12:36","slug":"iklim-sensoru-std","status":"publish","type":"product","link":"https:\/\/addio.eu\/tr\/product\/iklim-sensoru-std\/","title":{"rendered":"\u0130klim Sens\u00f6r\u00fc STD"},"content":{"rendered":"","protected":false},"excerpt":{"rendered":"<p class=\"\" data-start=\"25\" data-end=\"432\">\u0130klim sens\u00f6r\u00fc, -40\u00b0C ile +85\u00b0C aras\u0131nda s\u0131cakl\u0131\u011f\u0131 ve %0-100 aras\u0131nda nemi \u00f6l\u00e7er.<br data-start=\"115\" data-end=\"118\">T\u00fcm ayarlar (sens\u00f6r\u00fcn kimli\u011fi hari\u00e7) Addio CC yaz\u0131l\u0131m\u0131m\u0131zda yap\u0131l\u0131r; burada bir s\u0131cakl\u0131k ve\/veya nem aral\u0131\u011f\u0131 belirlenir ve bu bir i\u015flevi veya \u00e7\u0131kt\u0131y\u0131 tetikleyebilir. Sens\u00f6r, DRB&#8217;nin CAN veri yolu sistemine ba\u011flan\u0131r. Ayn\u0131 sistemde bireysel sens\u00f6r de\u011ferleriyle 8 adete kadar sens\u00f6r kullan\u0131labilir.  <\/p>\n<p class=\"\" data-start=\"434\" data-end=\"461\">5 m kablo ile birlikte teslim edilir.<\/p>\n","protected":false},"featured_media":5920,"comment_status":"open","ping_status":"closed","template":"","meta":[],"product_brand":[],"product_cat":[458],"product_tag":[],"class_list":{"0":"post-15002","1":"product","2":"type-product","3":"status-publish","4":"has-post-thumbnail","6":"product_cat-sensorler","8":"first","9":"instock","10":"shipping-taxable","11":"product-type-simple"},"yoast_head":"<!-- This site is optimized with the Yoast SEO plugin v26.0 - https:\/\/yoast.com\/wordpress\/plugins\/seo\/ -->\n<title>\u0130klim Sens\u00f6r\u00fc STD - Addio Electronics<\/title>\n<meta name=\"robots\" content=\"index, follow, max-snippet:-1, max-image-preview:large, max-video-preview:-1\" \/>\n<link rel=\"canonical\" href=\"https:\/\/addio.eu\/tr\/product\/iklim-sensoru-std\/\" \/>\n<meta property=\"og:locale\" content=\"tr_TR\" \/>\n<meta property=\"og:type\" content=\"article\" \/>\n<meta property=\"og:title\" content=\"\u0130klim Sens\u00f6r\u00fc STD - Addio Electronics\" \/>\n<meta property=\"og:description\" content=\"\u0130klim sens\u00f6r\u00fc, -40\u00b0C ile +85\u00b0C aras\u0131nda s\u0131cakl\u0131\u011f\u0131 ve %0-100 aras\u0131nda nemi \u00f6l\u00e7er.T\u00fcm ayarlar (sens\u00f6r\u00fcn kimli\u011fi hari\u00e7) Addio CC yaz\u0131l\u0131m\u0131m\u0131zda yap\u0131l\u0131r; burada bir s\u0131cakl\u0131k ve\/veya nem aral\u0131\u011f\u0131 belirlenir ve bu bir i\u015flevi veya \u00e7\u0131kt\u0131y\u0131 tetikleyebilir. Sens\u00f6r, DRB&#039;nin CAN veri yolu sistemine ba\u011flan\u0131r. Ayn\u0131 sistemde bireysel sens\u00f6r de\u011ferleriyle 8 adete kadar sens\u00f6r kullan\u0131labilir.  5 m kablo ile birlikte teslim edilir.\" \/>\n<meta property=\"og:url\" content=\"https:\/\/addio.eu\/tr\/product\/iklim-sensoru-std\/\" \/>\n<meta property=\"og:site_name\" content=\"Addio Electronics\" \/>\n<meta property=\"article:publisher\" content=\"https:\/\/www.facebook.com\/AddioElectronicsAB\/\" \/>\n<meta property=\"og:image\" content=\"https:\/\/addio.eu\/wp-content\/uploads\/2025\/03\/IMG_1638.jpg\" \/>\n\t<meta property=\"og:image:width\" content=\"2341\" \/>\n\t<meta property=\"og:image:height\" content=\"2513\" \/>\n\t<meta property=\"og:image:type\" content=\"image\/jpeg\" \/>\n<meta name=\"twitter:card\" content=\"summary_large_image\" \/>\n<script type=\"application\/ld+json\" class=\"yoast-schema-graph\">{\"@context\":\"https:\/\/schema.org\",\"@graph\":[{\"@type\":\"WebPage\",\"@id\":\"https:\/\/addio.eu\/tr\/product\/iklim-sensoru-std\/\",\"url\":\"https:\/\/addio.eu\/tr\/product\/iklim-sensoru-std\/\",\"name\":\"\u0130klim Sens\u00f6r\u00fc STD - Addio Electronics\",\"isPartOf\":{\"@id\":\"https:\/\/addio.eu\/tr\/#website\"},\"primaryImageOfPage\":{\"@id\":\"https:\/\/addio.eu\/tr\/product\/iklim-sensoru-std\/#primaryimage\"},\"image\":{\"@id\":\"https:\/\/addio.eu\/tr\/product\/iklim-sensoru-std\/#primaryimage\"},\"thumbnailUrl\":\"https:\/\/addio.eu\/wp-content\/uploads\/2025\/03\/IMG_1638.jpg\",\"datePublished\":\"2025-03-07T11:12:36+00:00\",\"breadcrumb\":{\"@id\":\"https:\/\/addio.eu\/tr\/product\/iklim-sensoru-std\/#breadcrumb\"},\"inLanguage\":\"tr\",\"potentialAction\":[{\"@type\":\"ReadAction\",\"target\":[\"https:\/\/addio.eu\/tr\/product\/iklim-sensoru-std\/\"]}]},{\"@type\":\"ImageObject\",\"inLanguage\":\"tr\",\"@id\":\"https:\/\/addio.eu\/tr\/product\/iklim-sensoru-std\/#primaryimage\",\"url\":\"https:\/\/addio.eu\/wp-content\/uploads\/2025\/03\/IMG_1638.jpg\",\"contentUrl\":\"https:\/\/addio.eu\/wp-content\/uploads\/2025\/03\/IMG_1638.jpg\",\"width\":2341,\"height\":2513},{\"@type\":\"BreadcrumbList\",\"@id\":\"https:\/\/addio.eu\/tr\/product\/iklim-sensoru-std\/#breadcrumb\",\"itemListElement\":[{\"@type\":\"ListItem\",\"position\":1,\"name\":\"Home\",\"item\":\"https:\/\/addio.eu\/tr\/addio-ana-sayfa\/\"},{\"@type\":\"ListItem\",\"position\":2,\"name\":\"\u00dcr\u00fcnler\",\"item\":\"https:\/\/addio.eu\/tr\/urunler\/\"},{\"@type\":\"ListItem\",\"position\":3,\"name\":\"\u0130klim Sens\u00f6r\u00fc STD\"}]},{\"@type\":\"WebSite\",\"@id\":\"https:\/\/addio.eu\/tr\/#website\",\"url\":\"https:\/\/addio.eu\/tr\/\",\"name\":\"addio.eu\",\"description\":\"\",\"publisher\":{\"@id\":\"https:\/\/addio.eu\/tr\/#organization\"},\"potentialAction\":[{\"@type\":\"SearchAction\",\"target\":{\"@type\":\"EntryPoint\",\"urlTemplate\":\"https:\/\/addio.eu\/tr\/?s={search_term_string}\"},\"query-input\":{\"@type\":\"PropertyValueSpecification\",\"valueRequired\":true,\"valueName\":\"search_term_string\"}}],\"inLanguage\":\"tr\"},{\"@type\":\"Organization\",\"@id\":\"https:\/\/addio.eu\/tr\/#organization\",\"name\":\"Addio Electronics\",\"url\":\"https:\/\/addio.eu\/tr\/\",\"logo\":{\"@type\":\"ImageObject\",\"inLanguage\":\"tr\",\"@id\":\"https:\/\/addio.eu\/tr\/#\/schema\/logo\/image\/\",\"url\":\"https:\/\/addio.eu\/wp-content\/uploads\/2024\/10\/Lager_1-1.svg\",\"contentUrl\":\"https:\/\/addio.eu\/wp-content\/uploads\/2024\/10\/Lager_1-1.svg\",\"width\":89,\"height\":26,\"caption\":\"Addio Electronics\"},\"image\":{\"@id\":\"https:\/\/addio.eu\/tr\/#\/schema\/logo\/image\/\"},\"sameAs\":[\"https:\/\/www.facebook.com\/AddioElectronicsAB\/\",\"https:\/\/www.linkedin.com\/company\/addio-electronics-ab\"]}]}<\/script>\n<!-- \/ Yoast SEO plugin. -->","yoast_head_json":{"title":"\u0130klim Sens\u00f6r\u00fc STD - Addio Electronics","robots":{"index":"index","follow":"follow","max-snippet":"max-snippet:-1","max-image-preview":"max-image-preview:large","max-video-preview":"max-video-preview:-1"},"canonical":"https:\/\/addio.eu\/tr\/product\/iklim-sensoru-std\/","og_locale":"tr_TR","og_type":"article","og_title":"\u0130klim Sens\u00f6r\u00fc STD - Addio Electronics","og_description":"\u0130klim sens\u00f6r\u00fc, -40\u00b0C ile +85\u00b0C aras\u0131nda s\u0131cakl\u0131\u011f\u0131 ve %0-100 aras\u0131nda nemi \u00f6l\u00e7er.T\u00fcm ayarlar (sens\u00f6r\u00fcn kimli\u011fi hari\u00e7) Addio CC yaz\u0131l\u0131m\u0131m\u0131zda yap\u0131l\u0131r; burada bir s\u0131cakl\u0131k ve\/veya nem aral\u0131\u011f\u0131 belirlenir ve bu bir i\u015flevi veya \u00e7\u0131kt\u0131y\u0131 tetikleyebilir. Sens\u00f6r, DRB'nin CAN veri yolu sistemine ba\u011flan\u0131r. Ayn\u0131 sistemde bireysel sens\u00f6r de\u011ferleriyle 8 adete kadar sens\u00f6r kullan\u0131labilir.  5 m kablo ile birlikte teslim edilir.","og_url":"https:\/\/addio.eu\/tr\/product\/iklim-sensoru-std\/","og_site_name":"Addio Electronics","article_publisher":"https:\/\/www.facebook.com\/AddioElectronicsAB\/","og_image":[{"width":2341,"height":2513,"url":"https:\/\/addio.eu\/wp-content\/uploads\/2025\/03\/IMG_1638.jpg","type":"image\/jpeg"}],"twitter_card":"summary_large_image","schema":{"@context":"https:\/\/schema.org","@graph":[{"@type":"WebPage","@id":"https:\/\/addio.eu\/tr\/product\/iklim-sensoru-std\/","url":"https:\/\/addio.eu\/tr\/product\/iklim-sensoru-std\/","name":"\u0130klim Sens\u00f6r\u00fc STD - Addio Electronics","isPartOf":{"@id":"https:\/\/addio.eu\/tr\/#website"},"primaryImageOfPage":{"@id":"https:\/\/addio.eu\/tr\/product\/iklim-sensoru-std\/#primaryimage"},"image":{"@id":"https:\/\/addio.eu\/tr\/product\/iklim-sensoru-std\/#primaryimage"},"thumbnailUrl":"https:\/\/addio.eu\/wp-content\/uploads\/2025\/03\/IMG_1638.jpg","datePublished":"2025-03-07T11:12:36+00:00","breadcrumb":{"@id":"https:\/\/addio.eu\/tr\/product\/iklim-sensoru-std\/#breadcrumb"},"inLanguage":"tr","potentialAction":[{"@type":"ReadAction","target":["https:\/\/addio.eu\/tr\/product\/iklim-sensoru-std\/"]}]},{"@type":"ImageObject","inLanguage":"tr","@id":"https:\/\/addio.eu\/tr\/product\/iklim-sensoru-std\/#primaryimage","url":"https:\/\/addio.eu\/wp-content\/uploads\/2025\/03\/IMG_1638.jpg","contentUrl":"https:\/\/addio.eu\/wp-content\/uploads\/2025\/03\/IMG_1638.jpg","width":2341,"height":2513},{"@type":"BreadcrumbList","@id":"https:\/\/addio.eu\/tr\/product\/iklim-sensoru-std\/#breadcrumb","itemListElement":[{"@type":"ListItem","position":1,"name":"Home","item":"https:\/\/addio.eu\/tr\/addio-ana-sayfa\/"},{"@type":"ListItem","position":2,"name":"\u00dcr\u00fcnler","item":"https:\/\/addio.eu\/tr\/urunler\/"},{"@type":"ListItem","position":3,"name":"\u0130klim Sens\u00f6r\u00fc STD"}]},{"@type":"WebSite","@id":"https:\/\/addio.eu\/tr\/#website","url":"https:\/\/addio.eu\/tr\/","name":"addio.eu","description":"","publisher":{"@id":"https:\/\/addio.eu\/tr\/#organization"},"potentialAction":[{"@type":"SearchAction","target":{"@type":"EntryPoint","urlTemplate":"https:\/\/addio.eu\/tr\/?s={search_term_string}"},"query-input":{"@type":"PropertyValueSpecification","valueRequired":true,"valueName":"search_term_string"}}],"inLanguage":"tr"},{"@type":"Organization","@id":"https:\/\/addio.eu\/tr\/#organization","name":"Addio Electronics","url":"https:\/\/addio.eu\/tr\/","logo":{"@type":"ImageObject","inLanguage":"tr","@id":"https:\/\/addio.eu\/tr\/#\/schema\/logo\/image\/","url":"https:\/\/addio.eu\/wp-content\/uploads\/2024\/10\/Lager_1-1.svg","contentUrl":"https:\/\/addio.eu\/wp-content\/uploads\/2024\/10\/Lager_1-1.svg","width":89,"height":26,"caption":"Addio Electronics"},"image":{"@id":"https:\/\/addio.eu\/tr\/#\/schema\/logo\/image\/"},"sameAs":["https:\/\/www.facebook.com\/AddioElectronicsAB\/","https:\/\/www.linkedin.com\/company\/addio-electronics-ab"]}]}},"_links":{"self":[{"href":"https:\/\/addio.eu\/tr\/wp-json\/wp\/v2\/product\/15002","targetHints":{"allow":["GET"]}}],"collection":[{"href":"https:\/\/addio.eu\/tr\/wp-json\/wp\/v2\/product"}],"about":[{"href":"https:\/\/addio.eu\/tr\/wp-json\/wp\/v2\/types\/product"}],"replies":[{"embeddable":true,"href":"https:\/\/addio.eu\/tr\/wp-json\/wp\/v2\/comments?post=15002"}],"wp:featuredmedia":[{"embeddable":true,"href":"https:\/\/addio.eu\/tr\/wp-json\/wp\/v2\/media\/5920"}],"wp:attachment":[{"href":"https:\/\/addio.eu\/tr\/wp-json\/wp\/v2\/media?parent=15002"}],"wp:term":[{"taxonomy":"product_brand","embeddable":true,"href":"https:\/\/addio.eu\/tr\/wp-json\/wp\/v2\/product_brand?post=15002"},{"taxonomy":"product_cat","embeddable":true,"href":"https:\/\/addio.eu\/tr\/wp-json\/wp\/v2\/product_cat?post=15002"},{"taxonomy":"product_tag","embeddable":true,"href":"https:\/\/addio.eu\/tr\/wp-json\/wp\/v2\/product_tag?post=15002"}],"curies":[{"name":"wp","href":"https:\/\/api.w.org\/{rel}","templated":true}]}}