{"id":14909,"date":"2025-03-07T10:38:08","date_gmt":"2025-03-07T10:38:08","guid":{"rendered":"https:\/\/addio.eu\/product\/el-kumandasi-15\/"},"modified":"2025-03-07T10:38:08","modified_gmt":"2025-03-07T10:38:08","slug":"el-kumandasi-15","status":"publish","type":"product","link":"https:\/\/addio.eu\/tr\/product\/el-kumandasi-15\/","title":{"rendered":"El Kumandas\u0131 15"},"content":{"rendered":"<p class=\"\" data-start=\"660\" data-end=\"682\"><strong data-start=\"660\" data-end=\"682\">Renk ve Ayd\u0131nlatma<\/strong><\/p>\n<p class=\"\" data-start=\"684\" data-end=\"919\">Kontrol panelindeki t\u00fcm d\u00fc\u011fmeler ayd\u0131nlat\u0131lm\u0131\u015ft\u0131r ve \u015fu renklerle yap\u0131land\u0131r\u0131labilir: ye\u015fil, mavi, sar\u0131, turuncu, beyaz ve k\u0131rm\u0131z\u0131. Her d\u00fc\u011fme i\u00e7in hem arka plan \u0131\u015f\u0131k rengi hem de aktif renk men\u00fcden ayarlanabilir. <\/p>\n<p class=\"\" data-start=\"921\" data-end=\"1055\">D\u00fc\u011fmelerin \u0131\u015f\u0131k yo\u011funlu\u011fu, dahili bir \u0131\u015f\u0131k sens\u00f6r\u00fc sayesinde ortam \u0131\u015f\u0131k ko\u015fullar\u0131na g\u00f6re otomatik olarak ayarlan\u0131r.<\/p>\n<p class=\"\" data-start=\"1346\" data-end=\"1380\"><strong data-start=\"1346\" data-end=\"1380\">Kurulum ve Yap\u0131land\u0131rma<\/strong><\/p>\n<p class=\"\" data-start=\"1382\" data-end=\"1525\">D\u00fc\u011fme i\u015flevlerinin, aktif ve pasif renklerin ve di\u011fer \u00f6zelliklerin yap\u0131land\u0131rmas\u0131 r\u00f6le kutular\u0131m\u0131zda saklan\u0131r ve Addio CC yaz\u0131l\u0131m\u0131m\u0131z arac\u0131l\u0131\u011f\u0131yla yap\u0131l\u0131r.<\/p>\n<p data-start=\"1382\" data-end=\"1525\"><strong>Kutu i\u00e7eri\u011fi<\/strong><br \/>\nAddio El Kumandas\u0131, 3 metrelik bir kablo, bir braket ve yap\u0131\u015fkanl\u0131 d\u00fc\u011fme etiketleri ile birlikte gelir.<\/p>\n","protected":false},"excerpt":{"rendered":"<div class=\"elementor-element elementor-element-28a1869 elementor-widget elementor-widget-woocommerce-product-title elementor-page-title elementor-widget-heading\" data-id=\"28a1869\" data-element_type=\"widget\" data-widget_type=\"woocommerce-product-title.default\">\n<div class=\"elementor-widget-container\">\n<h2 class=\"product_title entry-title elementor-heading-title elementor-size-default\"><strong style=\"font-size: 16px;\" data-start=\"62\" data-end=\"120\">Addio El Kumandas\u0131 ile Kolay Kablolama ve Kurulum<\/strong><\/h2>\n<\/div>\n<\/div>\n<div class=\"elementor-element elementor-element-b951bf8 elementor-widget elementor-widget-woocommerce-product-short-description\" data-id=\"b951bf8\" data-element_type=\"widget\" data-widget_type=\"woocommerce-product-short-description.default\">\n<div class=\"elementor-widget-container\">\n<div class=\"woocommerce-product-details__short-description\">\n<p>Addio 13 D\u00fc\u011fmeli el kumandas\u0131, dahil edilen montaj braketi kullan\u0131larak kolayca kurulabilir. El kumandas\u0131, r\u00f6le kutusunun COM\/CAN portuna dahil edilen kablo ile ba\u011flan\u0131r. <\/p>\n<p>Addio El Kumandas\u0131 hem 12V hem de 24V DRB&#8217;lerimizle uyumludur.<\/p>\n<div id=\"tw-target-rmn-container\" class=\"tw-target-rmn tw-ta-container tw-nfl\" tabindex=\"0\" role=\"text\">\n<p id=\"tw-target-rmn\" class=\"tw-data-placeholder tw-text-small tw-ta\" dir=\"ltr\"><strong data-start=\"333\" data-end=\"345\">\u00d6zellikler<\/strong><\/p>\n<\/div>\n<p class=\"\" data-start=\"347\" data-end=\"523\">Her d\u00fc\u011fme birden fazla i\u015flevi kontrol etmek \u00fczere ayarlanabilir ve bir \u00e7\u0131k\u0131\u015f\u0131 etkinle\u015ftirebilir ve\/veya belirli bir giri\u015f, \u00e7\u0131k\u0131\u015f veya di\u011fer dahili i\u015flevin g\u00f6stergesi olarak hizmet edebilir.<\/p>\n<p class=\"\" data-start=\"525\" data-end=\"658\">Bir sistemde d\u00f6rt adede kadar El Kumandas\u0131 kullan\u0131labilir, el kumandalar\u0131 paralel olarak \u00e7al\u0131\u015f\u0131r (merdiven ba\u011flant\u0131s\u0131).<\/p>\n<\/div>\n<\/div>\n<\/div>\n","protected":false},"featured_media":5857,"comment_status":"open","ping_status":"closed","template":"","meta":[],"product_brand":[],"product_cat":[490],"product_tag":[491],"class_list":{"0":"post-14909","1":"product","2":"type-product","3":"status-publish","4":"has-post-thumbnail","6":"product_cat-el-kumandalari","7":"product_tag-15-dugme","9":"first","10":"instock","11":"shipping-taxable","12":"product-type-simple"},"yoast_head":"<!-- This site is optimized with the Yoast SEO plugin v26.0 - https:\/\/yoast.com\/wordpress\/plugins\/seo\/ -->\n<title>El Kumandas\u0131 15 - Addio Electronics<\/title>\n<meta name=\"robots\" content=\"index, follow, max-snippet:-1, max-image-preview:large, max-video-preview:-1\" \/>\n<link rel=\"canonical\" href=\"https:\/\/addio.eu\/tr\/product\/el-kumandasi-15\/\" \/>\n<meta property=\"og:locale\" content=\"tr_TR\" \/>\n<meta property=\"og:type\" content=\"article\" \/>\n<meta property=\"og:title\" content=\"El Kumandas\u0131 15 - Addio Electronics\" \/>\n<meta property=\"og:description\" content=\"Addio El Kumandas\u0131 ile Kolay Kablolama ve Kurulum    Addio 13 D\u00fc\u011fmeli el kumandas\u0131, dahil edilen montaj braketi kullan\u0131larak kolayca kurulabilir. El kumandas\u0131, r\u00f6le kutusunun COM\/CAN portuna dahil edilen kablo ile ba\u011flan\u0131r.  Addio El Kumandas\u0131 hem 12V hem de 24V DRB&#039;lerimizle uyumludur. \u00d6zellikler  Her d\u00fc\u011fme birden fazla i\u015flevi kontrol etmek \u00fczere ayarlanabilir ve bir \u00e7\u0131k\u0131\u015f\u0131 etkinle\u015ftirebilir ve\/veya belirli bir giri\u015f, \u00e7\u0131k\u0131\u015f veya di\u011fer dahili i\u015flevin g\u00f6stergesi olarak hizmet edebilir. Bir sistemde d\u00f6rt adede kadar El Kumandas\u0131 kullan\u0131labilir, el kumandalar\u0131 paralel olarak \u00e7al\u0131\u015f\u0131r (merdiven ba\u011flant\u0131s\u0131).\" \/>\n<meta property=\"og:url\" content=\"https:\/\/addio.eu\/tr\/product\/el-kumandasi-15\/\" \/>\n<meta property=\"og:site_name\" content=\"Addio Electronics\" \/>\n<meta property=\"article:publisher\" content=\"https:\/\/www.facebook.com\/AddioElectronicsAB\/\" \/>\n<meta property=\"og:image\" content=\"https:\/\/addio.eu\/wp-content\/uploads\/2025\/03\/IMG_1590-scaled.jpg\" \/>\n\t<meta property=\"og:image:width\" content=\"1670\" \/>\n\t<meta property=\"og:image:height\" content=\"2560\" \/>\n\t<meta property=\"og:image:type\" content=\"image\/jpeg\" \/>\n<meta name=\"twitter:card\" content=\"summary_large_image\" \/>\n<meta name=\"twitter:label1\" content=\"Est. reading time\" \/>\n\t<meta name=\"twitter:data1\" content=\"1 dakika\" \/>\n<script type=\"application\/ld+json\" class=\"yoast-schema-graph\">{\"@context\":\"https:\/\/schema.org\",\"@graph\":[{\"@type\":\"WebPage\",\"@id\":\"https:\/\/addio.eu\/tr\/product\/el-kumandasi-15\/\",\"url\":\"https:\/\/addio.eu\/tr\/product\/el-kumandasi-15\/\",\"name\":\"El Kumandas\u0131 15 - Addio Electronics\",\"isPartOf\":{\"@id\":\"https:\/\/addio.eu\/tr\/#website\"},\"primaryImageOfPage\":{\"@id\":\"https:\/\/addio.eu\/tr\/product\/el-kumandasi-15\/#primaryimage\"},\"image\":{\"@id\":\"https:\/\/addio.eu\/tr\/product\/el-kumandasi-15\/#primaryimage\"},\"thumbnailUrl\":\"https:\/\/addio.eu\/wp-content\/uploads\/2025\/03\/IMG_1590-scaled.jpg\",\"datePublished\":\"2025-03-07T10:38:08+00:00\",\"breadcrumb\":{\"@id\":\"https:\/\/addio.eu\/tr\/product\/el-kumandasi-15\/#breadcrumb\"},\"inLanguage\":\"tr\",\"potentialAction\":[{\"@type\":\"ReadAction\",\"target\":[\"https:\/\/addio.eu\/tr\/product\/el-kumandasi-15\/\"]}]},{\"@type\":\"ImageObject\",\"inLanguage\":\"tr\",\"@id\":\"https:\/\/addio.eu\/tr\/product\/el-kumandasi-15\/#primaryimage\",\"url\":\"https:\/\/addio.eu\/wp-content\/uploads\/2025\/03\/IMG_1590-scaled.jpg\",\"contentUrl\":\"https:\/\/addio.eu\/wp-content\/uploads\/2025\/03\/IMG_1590-scaled.jpg\",\"width\":1670,\"height\":2560},{\"@type\":\"BreadcrumbList\",\"@id\":\"https:\/\/addio.eu\/tr\/product\/el-kumandasi-15\/#breadcrumb\",\"itemListElement\":[{\"@type\":\"ListItem\",\"position\":1,\"name\":\"Home\",\"item\":\"https:\/\/addio.eu\/tr\/addio-ana-sayfa\/\"},{\"@type\":\"ListItem\",\"position\":2,\"name\":\"\u00dcr\u00fcnler\",\"item\":\"https:\/\/addio.eu\/tr\/urunler\/\"},{\"@type\":\"ListItem\",\"position\":3,\"name\":\"El Kumandas\u0131 15\"}]},{\"@type\":\"WebSite\",\"@id\":\"https:\/\/addio.eu\/tr\/#website\",\"url\":\"https:\/\/addio.eu\/tr\/\",\"name\":\"addio.eu\",\"description\":\"\",\"publisher\":{\"@id\":\"https:\/\/addio.eu\/tr\/#organization\"},\"potentialAction\":[{\"@type\":\"SearchAction\",\"target\":{\"@type\":\"EntryPoint\",\"urlTemplate\":\"https:\/\/addio.eu\/tr\/?s={search_term_string}\"},\"query-input\":{\"@type\":\"PropertyValueSpecification\",\"valueRequired\":true,\"valueName\":\"search_term_string\"}}],\"inLanguage\":\"tr\"},{\"@type\":\"Organization\",\"@id\":\"https:\/\/addio.eu\/tr\/#organization\",\"name\":\"Addio Electronics\",\"url\":\"https:\/\/addio.eu\/tr\/\",\"logo\":{\"@type\":\"ImageObject\",\"inLanguage\":\"tr\",\"@id\":\"https:\/\/addio.eu\/tr\/#\/schema\/logo\/image\/\",\"url\":\"https:\/\/addio.eu\/wp-content\/uploads\/2024\/10\/Lager_1-1.svg\",\"contentUrl\":\"https:\/\/addio.eu\/wp-content\/uploads\/2024\/10\/Lager_1-1.svg\",\"width\":89,\"height\":26,\"caption\":\"Addio Electronics\"},\"image\":{\"@id\":\"https:\/\/addio.eu\/tr\/#\/schema\/logo\/image\/\"},\"sameAs\":[\"https:\/\/www.facebook.com\/AddioElectronicsAB\/\",\"https:\/\/www.linkedin.com\/company\/addio-electronics-ab\"]}]}<\/script>\n<!-- \/ Yoast SEO plugin. -->","yoast_head_json":{"title":"El Kumandas\u0131 15 - Addio Electronics","robots":{"index":"index","follow":"follow","max-snippet":"max-snippet:-1","max-image-preview":"max-image-preview:large","max-video-preview":"max-video-preview:-1"},"canonical":"https:\/\/addio.eu\/tr\/product\/el-kumandasi-15\/","og_locale":"tr_TR","og_type":"article","og_title":"El Kumandas\u0131 15 - Addio Electronics","og_description":"Addio El Kumandas\u0131 ile Kolay Kablolama ve Kurulum    Addio 13 D\u00fc\u011fmeli el kumandas\u0131, dahil edilen montaj braketi kullan\u0131larak kolayca kurulabilir. El kumandas\u0131, r\u00f6le kutusunun COM\/CAN portuna dahil edilen kablo ile ba\u011flan\u0131r.  Addio El Kumandas\u0131 hem 12V hem de 24V DRB'lerimizle uyumludur. \u00d6zellikler  Her d\u00fc\u011fme birden fazla i\u015flevi kontrol etmek \u00fczere ayarlanabilir ve bir \u00e7\u0131k\u0131\u015f\u0131 etkinle\u015ftirebilir ve\/veya belirli bir giri\u015f, \u00e7\u0131k\u0131\u015f veya di\u011fer dahili i\u015flevin g\u00f6stergesi olarak hizmet edebilir. Bir sistemde d\u00f6rt adede kadar El Kumandas\u0131 kullan\u0131labilir, el kumandalar\u0131 paralel olarak \u00e7al\u0131\u015f\u0131r (merdiven ba\u011flant\u0131s\u0131).","og_url":"https:\/\/addio.eu\/tr\/product\/el-kumandasi-15\/","og_site_name":"Addio Electronics","article_publisher":"https:\/\/www.facebook.com\/AddioElectronicsAB\/","og_image":[{"width":1670,"height":2560,"url":"https:\/\/addio.eu\/wp-content\/uploads\/2025\/03\/IMG_1590-scaled.jpg","type":"image\/jpeg"}],"twitter_card":"summary_large_image","twitter_misc":{"Est. reading time":"1 dakika"},"schema":{"@context":"https:\/\/schema.org","@graph":[{"@type":"WebPage","@id":"https:\/\/addio.eu\/tr\/product\/el-kumandasi-15\/","url":"https:\/\/addio.eu\/tr\/product\/el-kumandasi-15\/","name":"El Kumandas\u0131 15 - Addio Electronics","isPartOf":{"@id":"https:\/\/addio.eu\/tr\/#website"},"primaryImageOfPage":{"@id":"https:\/\/addio.eu\/tr\/product\/el-kumandasi-15\/#primaryimage"},"image":{"@id":"https:\/\/addio.eu\/tr\/product\/el-kumandasi-15\/#primaryimage"},"thumbnailUrl":"https:\/\/addio.eu\/wp-content\/uploads\/2025\/03\/IMG_1590-scaled.jpg","datePublished":"2025-03-07T10:38:08+00:00","breadcrumb":{"@id":"https:\/\/addio.eu\/tr\/product\/el-kumandasi-15\/#breadcrumb"},"inLanguage":"tr","potentialAction":[{"@type":"ReadAction","target":["https:\/\/addio.eu\/tr\/product\/el-kumandasi-15\/"]}]},{"@type":"ImageObject","inLanguage":"tr","@id":"https:\/\/addio.eu\/tr\/product\/el-kumandasi-15\/#primaryimage","url":"https:\/\/addio.eu\/wp-content\/uploads\/2025\/03\/IMG_1590-scaled.jpg","contentUrl":"https:\/\/addio.eu\/wp-content\/uploads\/2025\/03\/IMG_1590-scaled.jpg","width":1670,"height":2560},{"@type":"BreadcrumbList","@id":"https:\/\/addio.eu\/tr\/product\/el-kumandasi-15\/#breadcrumb","itemListElement":[{"@type":"ListItem","position":1,"name":"Home","item":"https:\/\/addio.eu\/tr\/addio-ana-sayfa\/"},{"@type":"ListItem","position":2,"name":"\u00dcr\u00fcnler","item":"https:\/\/addio.eu\/tr\/urunler\/"},{"@type":"ListItem","position":3,"name":"El Kumandas\u0131 15"}]},{"@type":"WebSite","@id":"https:\/\/addio.eu\/tr\/#website","url":"https:\/\/addio.eu\/tr\/","name":"addio.eu","description":"","publisher":{"@id":"https:\/\/addio.eu\/tr\/#organization"},"potentialAction":[{"@type":"SearchAction","target":{"@type":"EntryPoint","urlTemplate":"https:\/\/addio.eu\/tr\/?s={search_term_string}"},"query-input":{"@type":"PropertyValueSpecification","valueRequired":true,"valueName":"search_term_string"}}],"inLanguage":"tr"},{"@type":"Organization","@id":"https:\/\/addio.eu\/tr\/#organization","name":"Addio Electronics","url":"https:\/\/addio.eu\/tr\/","logo":{"@type":"ImageObject","inLanguage":"tr","@id":"https:\/\/addio.eu\/tr\/#\/schema\/logo\/image\/","url":"https:\/\/addio.eu\/wp-content\/uploads\/2024\/10\/Lager_1-1.svg","contentUrl":"https:\/\/addio.eu\/wp-content\/uploads\/2024\/10\/Lager_1-1.svg","width":89,"height":26,"caption":"Addio Electronics"},"image":{"@id":"https:\/\/addio.eu\/tr\/#\/schema\/logo\/image\/"},"sameAs":["https:\/\/www.facebook.com\/AddioElectronicsAB\/","https:\/\/www.linkedin.com\/company\/addio-electronics-ab"]}]}},"_links":{"self":[{"href":"https:\/\/addio.eu\/tr\/wp-json\/wp\/v2\/product\/14909","targetHints":{"allow":["GET"]}}],"collection":[{"href":"https:\/\/addio.eu\/tr\/wp-json\/wp\/v2\/product"}],"about":[{"href":"https:\/\/addio.eu\/tr\/wp-json\/wp\/v2\/types\/product"}],"replies":[{"embeddable":true,"href":"https:\/\/addio.eu\/tr\/wp-json\/wp\/v2\/comments?post=14909"}],"wp:featuredmedia":[{"embeddable":true,"href":"https:\/\/addio.eu\/tr\/wp-json\/wp\/v2\/media\/5857"}],"wp:attachment":[{"href":"https:\/\/addio.eu\/tr\/wp-json\/wp\/v2\/media?parent=14909"}],"wp:term":[{"taxonomy":"product_brand","embeddable":true,"href":"https:\/\/addio.eu\/tr\/wp-json\/wp\/v2\/product_brand?post=14909"},{"taxonomy":"product_cat","embeddable":true,"href":"https:\/\/addio.eu\/tr\/wp-json\/wp\/v2\/product_cat?post=14909"},{"taxonomy":"product_tag","embeddable":true,"href":"https:\/\/addio.eu\/tr\/wp-json\/wp\/v2\/product_tag?post=14909"}],"curies":[{"name":"wp","href":"https:\/\/api.w.org\/{rel}","templated":true}]}}