{"id":14870,"date":"2025-03-24T09:43:40","date_gmt":"2025-03-24T09:43:40","guid":{"rendered":"https:\/\/addio.eu\/product\/drb-8012-3-esp\/"},"modified":"2026-02-10T16:56:36","modified_gmt":"2026-02-10T16:56:36","slug":"drb-8012-3-esp","status":"publish","type":"product","link":"https:\/\/addio.eu\/tr\/product\/drb-8012-3-esp\/","title":{"rendered":"DRB 8012-3 ESP"},"content":{"rendered":"<p>&nbsp;<\/p>\n<table width=\"310\">\n<tbody>\n<tr>\n<td width=\"234\">Model<\/td>\n<td width=\"76\">DRB8012-3 ESP<\/td>\n<\/tr>\n<tr>\n<td width=\"234\">G\u00fc\u00e7 kayna\u011f\u0131<\/td>\n<td width=\"76\">10-22 VDC<\/td>\n<\/tr>\n<tr>\n<td width=\"234\">Dahili G\u00fc\u00e7 t\u00fcketimi (yakla\u015f\u0131k) Normal mod \u00e7\u0131k\u0131\u015f aktif de\u011fil \/ Uyku modu<\/td>\n<td width=\"76\">~5mA\/~2mA<\/td>\n<\/tr>\n<tr>\n<td width=\"234\">D\u00fc\u015f\u00fck voltaj korumas\u0131 (ayarlanabilir)<\/td>\n<td width=\"76\">Sabit 10V<\/td>\n<\/tr>\n<tr>\n<td width=\"234\">A\u015f\u0131r\u0131 voltaj korumas\u0131 (ayarlanabilir)<\/td>\n<td width=\"76\">Hay\u0131r<\/td>\n<\/tr>\n<tr>\n<td width=\"234\">Maks. toplam ak\u0131m 1 dakika<\/td>\n<td width=\"76\">80A<\/td>\n<\/tr>\n<tr>\n<td width=\"234\">Maks. s\u00fcrekli toplam ak\u0131m<\/td>\n<td width=\"76\">80A<\/td>\n<\/tr>\n<tr>\n<td width=\"234\">Toplam giri\u015f say\u0131s\u0131<\/td>\n<td width=\"76\">3 adet<\/td>\n<\/tr>\n<tr>\n<td width=\"234\">Dijital giri\u015fler<\/td>\n<td width=\"76\">3\/3 adet<\/td>\n<\/tr>\n<tr>\n<td width=\"234\">Analog giri\u015fler<\/td>\n<td width=\"76\">0 adet<\/td>\n<\/tr>\n<tr>\n<td width=\"234\">Giri\u015f direnci @12V<\/td>\n<td width=\"76\">22k\u03a9<\/td>\n<\/tr>\n<tr>\n<td width=\"234\">Giri\u015f ba\u011flant\u0131lar\u0131 (\u00e7\u0131kar\u0131labilir vidal\u0131 terminal)<\/td>\n<td width=\"76\">10 kutuplu +\/- dahil<\/td>\n<\/tr>\n<tr>\n<td width=\"234\">\u00c7\u0131k\u0131\u015f say\u0131s\u0131<\/td>\n<td width=\"76\">3 adet<\/td>\n<\/tr>\n<tr>\n<td width=\"234\">\u00c7\u0131k\u0131\u015f ba\u011flant\u0131s\u0131<\/td>\n<td width=\"76\">M5 somun + k\u0131v\u0131rma konekt\u00f6r\u00fc<\/td>\n<\/tr>\n<tr>\n<td width=\"234\">Sigorta boyutu A, \u00e7\u0131k\u0131\u015flar<\/td>\n<td width=\"76\">\u00c7\u0131k\u0131\u015f 1 Sabit 80A, \u00c7\u0131k\u0131\u015f 2-3 Sabit 6A<\/td>\n<\/tr>\n<tr>\n<td width=\"234\">G\u00fc\u00e7 kayna\u011f\u0131 ba\u011flant\u0131s\u0131<\/td>\n<td width=\"76\">M5 somun<\/td>\n<\/tr>\n<tr>\n<td width=\"234\">Bluetooth<\/td>\n<td width=\"76\">Hay\u0131r<\/td>\n<\/tr>\n<tr>\n<td width=\"234\">Motor kontrol\u00fc H-K\u00f6pr\u00fcs\u00fc (\u00f6n ak\u0131m)<\/td>\n<td width=\"76\">Hay\u0131r<\/td>\n<\/tr>\n<tr>\n<td width=\"234\">Hata G\u00f6stergesi<\/td>\n<td width=\"76\">Hay\u0131r<\/td>\n<\/tr>\n<tr>\n<td width=\"234\">\u00c7\u0131k\u0131\u015f ba\u015f\u0131na LED (ayarlanabilir renk)<\/td>\n<td width=\"76\">Hay\u0131r<\/td>\n<\/tr>\n<tr>\n<td width=\"234\">\u0130leti\u015fim veri yolu (CAN veri yolu)<\/td>\n<td width=\"76\">Evet 1 adet RJ10<\/td>\n<\/tr>\n<tr>\n<td width=\"234\">Bilgisayar ba\u011flant\u0131lar\u0131<\/td>\n<td width=\"76\">Hay\u0131r<\/td>\n<\/tr>\n<tr>\n<td width=\"234\">Topraklama Sinyalleri<\/td>\n<td width=\"76\">Evet, pozitife harici diren\u00e7le<\/td>\n<\/tr>\n<tr>\n<td width=\"234\">El kumandas\u0131, Anahtar Panelleri, sens\u00f6rler vb.<\/td>\n<td width=\"76\">Hay\u0131r<\/td>\n<\/tr>\n<tr>\n<td width=\"234\">Boyut (mm)<\/td>\n<td width=\"76\">119x57x21<\/td>\n<\/tr>\n<tr>\n<td width=\"234\">A\u011f\u0131rl\u0131k<\/td>\n<td width=\"76\"><\/td>\n<\/tr>\n<\/tbody>\n<\/table>\n","protected":false},"excerpt":{"rendered":"<p>Bu \u00fcnite, bir y\u00fcksek g\u00fc\u00e7 \u00e7\u0131k\u0131\u015f\u0131nda 80 amper ve iki d\u00fc\u015f\u00fck g\u00fc\u00e7 \u00e7\u0131k\u0131\u015f\u0131nda 6 amper anahtarlama yapabilen \u00e7ok g\u00fc\u00e7l\u00fc bir r\u00f6le gibidir. Bu \u00fcnite yap\u0131land\u0131r\u0131lamaz ve yaln\u0131zca CAN BUS veya \u00fc\u00e7 giri\u015f \u00fczerinden kontrol edilir. <\/p>\n<p>\u00dcnite, hidrolik pompa veya 230 VAC invert\u00f6r gibi y\u00fcksek g\u00fc\u00e7 y\u00fckleri i\u00e7in ak\u00fcden ana ak\u0131m\u0131 kontrol etmek i\u00e7in kullan\u0131labilir.<\/p>\n","protected":false},"featured_media":14879,"comment_status":"open","ping_status":"closed","template":"","meta":[],"product_brand":[],"product_cat":[471],"product_tag":[479,474,487,486],"class_list":{"0":"post-14870","1":"product","2":"type-product","3":"status-publish","4":"has-post-thumbnail","6":"product_cat-dijital-role-kutulari","7":"product_tag-12v","8":"product_tag-2-can-portu","9":"product_tag-3-cikis","10":"product_tag-3-giris","12":"first","13":"instock","14":"shipping-taxable","15":"product-type-simple"},"yoast_head":"<!-- This site is optimized with the Yoast SEO plugin v26.0 - https:\/\/yoast.com\/wordpress\/plugins\/seo\/ -->\n<title>DRB 8012-3 ESP - Addio Electronics<\/title>\n<meta name=\"robots\" content=\"index, follow, max-snippet:-1, max-image-preview:large, max-video-preview:-1\" \/>\n<link rel=\"canonical\" href=\"https:\/\/addio.eu\/tr\/product\/drb-8012-3-esp\/\" \/>\n<meta property=\"og:locale\" content=\"tr_TR\" \/>\n<meta property=\"og:type\" content=\"article\" \/>\n<meta property=\"og:title\" content=\"DRB 8012-3 ESP - Addio Electronics\" \/>\n<meta property=\"og:description\" content=\"Bu \u00fcnite, bir y\u00fcksek g\u00fc\u00e7 \u00e7\u0131k\u0131\u015f\u0131nda 80 amper ve iki d\u00fc\u015f\u00fck g\u00fc\u00e7 \u00e7\u0131k\u0131\u015f\u0131nda 6 amper anahtarlama yapabilen \u00e7ok g\u00fc\u00e7l\u00fc bir r\u00f6le gibidir. Bu \u00fcnite yap\u0131land\u0131r\u0131lamaz ve yaln\u0131zca CAN BUS veya \u00fc\u00e7 giri\u015f \u00fczerinden kontrol edilir.  \u00dcnite, hidrolik pompa veya 230 VAC invert\u00f6r gibi y\u00fcksek g\u00fc\u00e7 y\u00fckleri i\u00e7in ak\u00fcden ana ak\u0131m\u0131 kontrol etmek i\u00e7in kullan\u0131labilir.\" \/>\n<meta property=\"og:url\" content=\"https:\/\/addio.eu\/tr\/product\/drb-8012-3-esp\/\" \/>\n<meta property=\"og:site_name\" content=\"Addio Electronics\" \/>\n<meta property=\"article:publisher\" content=\"https:\/\/www.facebook.com\/AddioElectronicsAB\/\" \/>\n<meta property=\"article:modified_time\" content=\"2026-02-10T16:56:36+00:00\" \/>\n<meta property=\"og:image\" content=\"https:\/\/addio.eu\/wp-content\/uploads\/2025\/03\/IMG_1729-scaled.jpg\" \/>\n\t<meta property=\"og:image:width\" content=\"2560\" \/>\n\t<meta property=\"og:image:height\" content=\"1211\" \/>\n\t<meta property=\"og:image:type\" content=\"image\/jpeg\" \/>\n<meta name=\"twitter:card\" content=\"summary_large_image\" \/>\n<meta name=\"twitter:label1\" content=\"Est. reading time\" \/>\n\t<meta name=\"twitter:data1\" content=\"1 dakika\" \/>\n<script type=\"application\/ld+json\" class=\"yoast-schema-graph\">{\"@context\":\"https:\/\/schema.org\",\"@graph\":[{\"@type\":\"WebPage\",\"@id\":\"https:\/\/addio.eu\/tr\/product\/drb-8012-3-esp\/\",\"url\":\"https:\/\/addio.eu\/tr\/product\/drb-8012-3-esp\/\",\"name\":\"DRB 8012-3 ESP - Addio Electronics\",\"isPartOf\":{\"@id\":\"https:\/\/addio.eu\/tr\/#website\"},\"primaryImageOfPage\":{\"@id\":\"https:\/\/addio.eu\/tr\/product\/drb-8012-3-esp\/#primaryimage\"},\"image\":{\"@id\":\"https:\/\/addio.eu\/tr\/product\/drb-8012-3-esp\/#primaryimage\"},\"thumbnailUrl\":\"https:\/\/addio.eu\/wp-content\/uploads\/2025\/03\/IMG_1729-scaled.jpg\",\"datePublished\":\"2025-03-24T09:43:40+00:00\",\"dateModified\":\"2026-02-10T16:56:36+00:00\",\"breadcrumb\":{\"@id\":\"https:\/\/addio.eu\/tr\/product\/drb-8012-3-esp\/#breadcrumb\"},\"inLanguage\":\"tr\",\"potentialAction\":[{\"@type\":\"ReadAction\",\"target\":[\"https:\/\/addio.eu\/tr\/product\/drb-8012-3-esp\/\"]}]},{\"@type\":\"ImageObject\",\"inLanguage\":\"tr\",\"@id\":\"https:\/\/addio.eu\/tr\/product\/drb-8012-3-esp\/#primaryimage\",\"url\":\"https:\/\/addio.eu\/wp-content\/uploads\/2025\/03\/IMG_1729-scaled.jpg\",\"contentUrl\":\"https:\/\/addio.eu\/wp-content\/uploads\/2025\/03\/IMG_1729-scaled.jpg\",\"width\":2560,\"height\":1211},{\"@type\":\"BreadcrumbList\",\"@id\":\"https:\/\/addio.eu\/tr\/product\/drb-8012-3-esp\/#breadcrumb\",\"itemListElement\":[{\"@type\":\"ListItem\",\"position\":1,\"name\":\"Home\",\"item\":\"https:\/\/addio.eu\/tr\/addio-ana-sayfa\/\"},{\"@type\":\"ListItem\",\"position\":2,\"name\":\"\u00dcr\u00fcnler\",\"item\":\"https:\/\/addio.eu\/tr\/urunler\/\"},{\"@type\":\"ListItem\",\"position\":3,\"name\":\"DRB 8012-3 ESP\"}]},{\"@type\":\"WebSite\",\"@id\":\"https:\/\/addio.eu\/tr\/#website\",\"url\":\"https:\/\/addio.eu\/tr\/\",\"name\":\"addio.eu\",\"description\":\"\",\"publisher\":{\"@id\":\"https:\/\/addio.eu\/tr\/#organization\"},\"potentialAction\":[{\"@type\":\"SearchAction\",\"target\":{\"@type\":\"EntryPoint\",\"urlTemplate\":\"https:\/\/addio.eu\/tr\/?s={search_term_string}\"},\"query-input\":{\"@type\":\"PropertyValueSpecification\",\"valueRequired\":true,\"valueName\":\"search_term_string\"}}],\"inLanguage\":\"tr\"},{\"@type\":\"Organization\",\"@id\":\"https:\/\/addio.eu\/tr\/#organization\",\"name\":\"Addio Electronics\",\"url\":\"https:\/\/addio.eu\/tr\/\",\"logo\":{\"@type\":\"ImageObject\",\"inLanguage\":\"tr\",\"@id\":\"https:\/\/addio.eu\/tr\/#\/schema\/logo\/image\/\",\"url\":\"https:\/\/addio.eu\/wp-content\/uploads\/2024\/10\/Lager_1-1.svg\",\"contentUrl\":\"https:\/\/addio.eu\/wp-content\/uploads\/2024\/10\/Lager_1-1.svg\",\"width\":89,\"height\":26,\"caption\":\"Addio Electronics\"},\"image\":{\"@id\":\"https:\/\/addio.eu\/tr\/#\/schema\/logo\/image\/\"},\"sameAs\":[\"https:\/\/www.facebook.com\/AddioElectronicsAB\/\",\"https:\/\/www.linkedin.com\/company\/addio-electronics-ab\"]}]}<\/script>\n<!-- \/ Yoast SEO plugin. -->","yoast_head_json":{"title":"DRB 8012-3 ESP - Addio Electronics","robots":{"index":"index","follow":"follow","max-snippet":"max-snippet:-1","max-image-preview":"max-image-preview:large","max-video-preview":"max-video-preview:-1"},"canonical":"https:\/\/addio.eu\/tr\/product\/drb-8012-3-esp\/","og_locale":"tr_TR","og_type":"article","og_title":"DRB 8012-3 ESP - Addio Electronics","og_description":"Bu \u00fcnite, bir y\u00fcksek g\u00fc\u00e7 \u00e7\u0131k\u0131\u015f\u0131nda 80 amper ve iki d\u00fc\u015f\u00fck g\u00fc\u00e7 \u00e7\u0131k\u0131\u015f\u0131nda 6 amper anahtarlama yapabilen \u00e7ok g\u00fc\u00e7l\u00fc bir r\u00f6le gibidir. Bu \u00fcnite yap\u0131land\u0131r\u0131lamaz ve yaln\u0131zca CAN BUS veya \u00fc\u00e7 giri\u015f \u00fczerinden kontrol edilir.  \u00dcnite, hidrolik pompa veya 230 VAC invert\u00f6r gibi y\u00fcksek g\u00fc\u00e7 y\u00fckleri i\u00e7in ak\u00fcden ana ak\u0131m\u0131 kontrol etmek i\u00e7in kullan\u0131labilir.","og_url":"https:\/\/addio.eu\/tr\/product\/drb-8012-3-esp\/","og_site_name":"Addio Electronics","article_publisher":"https:\/\/www.facebook.com\/AddioElectronicsAB\/","article_modified_time":"2026-02-10T16:56:36+00:00","og_image":[{"width":2560,"height":1211,"url":"https:\/\/addio.eu\/wp-content\/uploads\/2025\/03\/IMG_1729-scaled.jpg","type":"image\/jpeg"}],"twitter_card":"summary_large_image","twitter_misc":{"Est. reading time":"1 dakika"},"schema":{"@context":"https:\/\/schema.org","@graph":[{"@type":"WebPage","@id":"https:\/\/addio.eu\/tr\/product\/drb-8012-3-esp\/","url":"https:\/\/addio.eu\/tr\/product\/drb-8012-3-esp\/","name":"DRB 8012-3 ESP - Addio Electronics","isPartOf":{"@id":"https:\/\/addio.eu\/tr\/#website"},"primaryImageOfPage":{"@id":"https:\/\/addio.eu\/tr\/product\/drb-8012-3-esp\/#primaryimage"},"image":{"@id":"https:\/\/addio.eu\/tr\/product\/drb-8012-3-esp\/#primaryimage"},"thumbnailUrl":"https:\/\/addio.eu\/wp-content\/uploads\/2025\/03\/IMG_1729-scaled.jpg","datePublished":"2025-03-24T09:43:40+00:00","dateModified":"2026-02-10T16:56:36+00:00","breadcrumb":{"@id":"https:\/\/addio.eu\/tr\/product\/drb-8012-3-esp\/#breadcrumb"},"inLanguage":"tr","potentialAction":[{"@type":"ReadAction","target":["https:\/\/addio.eu\/tr\/product\/drb-8012-3-esp\/"]}]},{"@type":"ImageObject","inLanguage":"tr","@id":"https:\/\/addio.eu\/tr\/product\/drb-8012-3-esp\/#primaryimage","url":"https:\/\/addio.eu\/wp-content\/uploads\/2025\/03\/IMG_1729-scaled.jpg","contentUrl":"https:\/\/addio.eu\/wp-content\/uploads\/2025\/03\/IMG_1729-scaled.jpg","width":2560,"height":1211},{"@type":"BreadcrumbList","@id":"https:\/\/addio.eu\/tr\/product\/drb-8012-3-esp\/#breadcrumb","itemListElement":[{"@type":"ListItem","position":1,"name":"Home","item":"https:\/\/addio.eu\/tr\/addio-ana-sayfa\/"},{"@type":"ListItem","position":2,"name":"\u00dcr\u00fcnler","item":"https:\/\/addio.eu\/tr\/urunler\/"},{"@type":"ListItem","position":3,"name":"DRB 8012-3 ESP"}]},{"@type":"WebSite","@id":"https:\/\/addio.eu\/tr\/#website","url":"https:\/\/addio.eu\/tr\/","name":"addio.eu","description":"","publisher":{"@id":"https:\/\/addio.eu\/tr\/#organization"},"potentialAction":[{"@type":"SearchAction","target":{"@type":"EntryPoint","urlTemplate":"https:\/\/addio.eu\/tr\/?s={search_term_string}"},"query-input":{"@type":"PropertyValueSpecification","valueRequired":true,"valueName":"search_term_string"}}],"inLanguage":"tr"},{"@type":"Organization","@id":"https:\/\/addio.eu\/tr\/#organization","name":"Addio Electronics","url":"https:\/\/addio.eu\/tr\/","logo":{"@type":"ImageObject","inLanguage":"tr","@id":"https:\/\/addio.eu\/tr\/#\/schema\/logo\/image\/","url":"https:\/\/addio.eu\/wp-content\/uploads\/2024\/10\/Lager_1-1.svg","contentUrl":"https:\/\/addio.eu\/wp-content\/uploads\/2024\/10\/Lager_1-1.svg","width":89,"height":26,"caption":"Addio Electronics"},"image":{"@id":"https:\/\/addio.eu\/tr\/#\/schema\/logo\/image\/"},"sameAs":["https:\/\/www.facebook.com\/AddioElectronicsAB\/","https:\/\/www.linkedin.com\/company\/addio-electronics-ab"]}]}},"_links":{"self":[{"href":"https:\/\/addio.eu\/tr\/wp-json\/wp\/v2\/product\/14870","targetHints":{"allow":["GET"]}}],"collection":[{"href":"https:\/\/addio.eu\/tr\/wp-json\/wp\/v2\/product"}],"about":[{"href":"https:\/\/addio.eu\/tr\/wp-json\/wp\/v2\/types\/product"}],"replies":[{"embeddable":true,"href":"https:\/\/addio.eu\/tr\/wp-json\/wp\/v2\/comments?post=14870"}],"wp:featuredmedia":[{"embeddable":true,"href":"https:\/\/addio.eu\/tr\/wp-json\/wp\/v2\/media\/14879"}],"wp:attachment":[{"href":"https:\/\/addio.eu\/tr\/wp-json\/wp\/v2\/media?parent=14870"}],"wp:term":[{"taxonomy":"product_brand","embeddable":true,"href":"https:\/\/addio.eu\/tr\/wp-json\/wp\/v2\/product_brand?post=14870"},{"taxonomy":"product_cat","embeddable":true,"href":"https:\/\/addio.eu\/tr\/wp-json\/wp\/v2\/product_cat?post=14870"},{"taxonomy":"product_tag","embeddable":true,"href":"https:\/\/addio.eu\/tr\/wp-json\/wp\/v2\/product_tag?post=14870"}],"curies":[{"name":"wp","href":"https:\/\/api.w.org\/{rel}","templated":true}]}}