{"id":14762,"date":"2025-03-07T10:19:14","date_gmt":"2025-03-07T10:19:14","guid":{"rendered":"https:\/\/addio.eu\/product\/drb-5024-8-adv\/"},"modified":"2026-02-10T17:00:03","modified_gmt":"2026-02-10T17:00:03","slug":"drb-5024-8-adv","status":"publish","type":"product","link":"https:\/\/addio.eu\/tr\/product\/drb-5024-8-adv\/","title":{"rendered":"DRB 5024-8 ADV"},"content":{"rendered":"<p>Otomatik i\u015flevler i\u00e7in, Addio CAN Master ba\u011flanabilir ve ara\u00e7 sinyalleriyle entegrasyon i\u00e7in girdi olarak kullan\u0131labilir.<\/p>\n<p>DRB, ADDIO CC yaz\u0131l\u0131m\u0131m\u0131z arac\u0131l\u0131\u011f\u0131yla yap\u0131land\u0131r\u0131l\u0131r.<\/p>\n<table width=\"298\">\n<tbody>\n<tr>\n<td width=\"234\">Model<\/td>\n<td width=\"64\">DRB-5024-8 ADV<\/td>\n<\/tr>\n<tr>\n<td width=\"234\">G\u00fc\u00e7 kayna\u011f\u0131<\/td>\n<td width=\"64\">18-31 VDC<\/td>\n<\/tr>\n<tr>\n<td width=\"234\">Dahili G\u00fc\u00e7 t\u00fcketimi (yakla\u015f\u0131k)Normal mod \u00e7\u0131k\u0131\u015f aktif de\u011fil \/ Uyku modu<\/td>\n<td width=\"64\">~30mA\/~10mA<\/td>\n<\/tr>\n<tr>\n<td width=\"234\">D\u00fc\u015f\u00fck voltaj korumas\u0131 (ayarlanabilir)<\/td>\n<td width=\"64\">18-25V, 0,5V ad\u0131mlar<\/td>\n<\/tr>\n<tr>\n<td width=\"234\">A\u015f\u0131r\u0131 voltaj korumas\u0131 (ayarlanabilir)<\/td>\n<td width=\"64\">26-31V, 1V ad\u0131mlar<\/td>\n<\/tr>\n<tr>\n<td width=\"234\">Maks. toplam ak\u0131m 1 dakika<\/td>\n<td width=\"64\">50A<\/td>\n<\/tr>\n<tr>\n<td width=\"234\">Maks. s\u00fcrekli toplam ak\u0131m<\/td>\n<td width=\"64\">50A<\/td>\n<\/tr>\n<tr>\n<td width=\"234\">Toplam giri\u015f say\u0131s\u0131<\/td>\n<td width=\"64\">8 adet<\/td>\n<\/tr>\n<tr>\n<td width=\"234\">Dijital giri\u015fler<\/td>\n<td width=\"64\">8 adetten 4&#8217;\u00fc<\/td>\n<\/tr>\n<tr>\n<td width=\"234\">Analog giri\u015fler<\/td>\n<td width=\"64\">8 adetten 4&#8217;\u00fc<\/td>\n<\/tr>\n<tr>\n<td width=\"234\">Giri\u015f direnci @12V<\/td>\n<td width=\"64\">22k\u03a9<\/td>\n<\/tr>\n<tr>\n<td width=\"234\">Giri\u015f ba\u011flant\u0131lar\u0131 (\u00e7\u0131kar\u0131labilir vidal\u0131 terminal)<\/td>\n<td width=\"64\">10 kutuplu +\/- dahil<\/td>\n<\/tr>\n<tr>\n<td width=\"234\">\u00c7\u0131k\u0131\u015f say\u0131s\u0131<\/td>\n<td width=\"64\">8 adet<\/td>\n<\/tr>\n<tr>\n<td width=\"234\">\u00c7\u0131k\u0131\u015f ba\u011flant\u0131s\u0131<\/td>\n<td width=\"64\">Kablo s\u0131k\u0131\u015ft\u0131rma konnekt\u00f6r\u00fc<\/td>\n<\/tr>\n<tr>\n<td width=\"234\">Sigorta boyutu A, \u00e7\u0131k\u0131\u015flar<\/td>\n<td width=\"64\">5, 10, 15<\/td>\n<\/tr>\n<tr>\n<td width=\"234\">G\u00fc\u00e7 kayna\u011f\u0131 ba\u011flant\u0131s\u0131<\/td>\n<td width=\"64\">M5 somun<\/td>\n<\/tr>\n<tr>\n<td width=\"234\">Bluetooth<\/td>\n<td width=\"64\">Evet, aksesuar<\/td>\n<\/tr>\n<tr>\n<td width=\"234\">Motor kontrol\u00fc H-K\u00f6pr\u00fcs\u00fc (\u00f6n ak\u0131m)<\/td>\n<td width=\"64\">evet, maks. 12A<\/td>\n<\/tr>\n<tr>\n<td width=\"234\">Hata G\u00f6stergesi<\/td>\n<td width=\"64\">Payla\u015f\u0131ml\u0131 RGB LED<\/td>\n<\/tr>\n<tr>\n<td width=\"234\">\u00c7\u0131k\u0131\u015f ba\u015f\u0131na LED (ayarlanabilir renk)<\/td>\n<td width=\"64\">evet, RGB<\/td>\n<\/tr>\n<tr>\n<td width=\"234\">\u0130leti\u015fim veri yolu (CAN veri yolu)<\/td>\n<td width=\"64\">Evet 2 adet RJ10<\/td>\n<\/tr>\n<tr>\n<td width=\"234\">Bilgisayar ba\u011flant\u0131lar\u0131<\/td>\n<td width=\"64\">USB Mini<\/td>\n<\/tr>\n<tr>\n<td width=\"234\">Topraklama Sinyalleri<\/td>\n<td width=\"64\">Evet, dahili pull-up ile. Giri\u015f 1-4<\/td>\n<\/tr>\n<tr>\n<td width=\"234\">El kumandas\u0131, Anahtar Panelleri, sens\u00f6rler vb.<\/td>\n<td width=\"64\">Evet, aksesuar olarak<\/td>\n<\/tr>\n<tr>\n<td width=\"234\">Boyut (mm)<\/td>\n<td width=\"64\">170x92x21<\/td>\n<\/tr>\n<tr>\n<td width=\"234\">A\u011f\u0131rl\u0131k<\/td>\n<td width=\"64\">191<\/td>\n<\/tr>\n<\/tbody>\n<\/table>\n","protected":false},"excerpt":{"rendered":"<div class=\"elementor-element elementor-element-28a1869 elementor-widget elementor-widget-woocommerce-product-title elementor-page-title elementor-widget-heading\" data-id=\"28a1869\" data-element_type=\"widget\" data-widget_type=\"woocommerce-product-title.default\">\n<div class=\"elementor-widget-container\"><\/div>\n<\/div>\n<div class=\"elementor-element elementor-element-b951bf8 elementor-widget elementor-widget-woocommerce-product-short-description\" data-id=\"b951bf8\" data-element_type=\"widget\" data-widget_type=\"woocommerce-product-short-description.default\">\n<div class=\"elementor-widget-container\">\n<div class=\"woocommerce-product-details__short-description\">\n<div class=\"elementor-element elementor-element-28a1869 elementor-widget elementor-widget-woocommerce-product-title elementor-page-title elementor-widget-heading\" data-id=\"28a1869\" data-element_type=\"widget\" data-widget_type=\"woocommerce-product-title.default\">\n<div class=\"elementor-widget-container\">DRB 5024-8 ADV, 8 \u00e7\u0131k\u0131\u015f ve 8 giri\u015fe sahip standart 24V \u00fcnitemizdir ve t\u00fcm \u00e7\u0131k\u0131\u015flara da\u011f\u0131t\u0131lm\u0131\u015f 50 Amper s\u00fcrekli toplam ak\u0131ma sahiptir.<\/div>\n<\/div>\n<div class=\"elementor-element elementor-element-b951bf8 elementor-widget elementor-widget-woocommerce-product-short-description\" data-id=\"b951bf8\" data-element_type=\"widget\" data-widget_type=\"woocommerce-product-short-description.default\">\n<div class=\"elementor-widget-container\">\n<div class=\"woocommerce-product-details__short-description\">\n<p>T\u00fcm DRB&#8217;lerimiz gibi, 5024-8 ADV de \u015fu \u00f6zellikleri sunar:<\/p>\n<ul>\n<li>Fla\u015f, dimmer ve zamanlay\u0131c\u0131 gibi r\u00f6le i\u015flevleri<\/li>\n<li>Y\u00fcksek ak\u0131m anahtarlar\u0131 arac\u0131l\u0131\u011f\u0131yla sigorta i\u015flevi<\/li>\n<li>Zamanlay\u0131c\u0131lar veya voltaj korumas\u0131 yoluyla \u00e7\u0131k\u0131\u015f ba\u015f\u0131na ayr\u0131 ayr\u0131 ak\u00fc korumas\u0131<\/li>\n<li>Kural tabanl\u0131 mant\u0131ksal i\u015flevler<\/li>\n<li>\u00c7\u0131k\u0131\u015f ba\u015f\u0131na sabit veya yan\u0131p s\u00f6nen gibi \u00fc\u00e7 farkl\u0131 i\u015fleve kadar<\/li>\n<\/ul>\n<p class=\"\" data-start=\"112\" data-end=\"430\">\u00c7\u0131k\u0131\u015flar, \u00e7\u0131k\u0131\u015f ba\u015f\u0131na 15 Ampere kadar dijital olarak korunur.<\/p>\n<p class=\"\" data-start=\"432\" data-end=\"679\">\u00dcnite, ideal olarak CAN-Bus \u00fczerinden ba\u011flanan 8 d\u00fc\u011fmeli kontrol panelimiz (aksesuar) ile kontrol edilir, ancak normal anahtarlar veya hem dijital (y\u00fcksek\/d\u00fc\u015f\u00fck) hem de analog (de\u011fi\u015fken voltajlar) di\u011fer sinyal t\u00fcrleri de her \u00e7\u0131k\u0131\u015f\u0131 kontrol etmek \u00fczere yap\u0131land\u0131r\u0131labilir.<\/p>\n<\/div>\n<\/div>\n<\/div>\n<\/div>\n<\/div>\n<\/div>\n","protected":false},"featured_media":14765,"comment_status":"open","ping_status":"closed","template":"","meta":[],"product_brand":[],"product_cat":[471],"product_tag":[474,475,473,472],"class_list":{"0":"post-14762","1":"product","2":"type-product","3":"status-publish","4":"has-post-thumbnail","6":"product_cat-dijital-role-kutulari","7":"product_tag-2-can-portu","8":"product_tag-24v","9":"product_tag-8-cikis","10":"product_tag-8-giris","12":"first","13":"instock","14":"shipping-taxable","15":"product-type-simple"},"yoast_head":"<!-- This site is optimized with the Yoast SEO plugin v26.0 - https:\/\/yoast.com\/wordpress\/plugins\/seo\/ -->\n<title>DRB 5024-8 ADV - Addio Electronics<\/title>\n<meta name=\"robots\" content=\"index, follow, max-snippet:-1, max-image-preview:large, max-video-preview:-1\" \/>\n<link rel=\"canonical\" href=\"https:\/\/addio.eu\/tr\/product\/drb-5024-8-adv\/\" \/>\n<meta property=\"og:locale\" content=\"tr_TR\" \/>\n<meta property=\"og:type\" content=\"article\" \/>\n<meta property=\"og:title\" content=\"DRB 5024-8 ADV - Addio Electronics\" \/>\n<meta property=\"og:description\" content=\"DRB 5024-8 ADV, 8 \u00e7\u0131k\u0131\u015f ve 8 giri\u015fe sahip standart 24V \u00fcnitemizdir ve t\u00fcm \u00e7\u0131k\u0131\u015flara da\u011f\u0131t\u0131lm\u0131\u015f 50 Amper s\u00fcrekli toplam ak\u0131ma sahiptir.   T\u00fcm DRB&#039;lerimiz gibi, 5024-8 ADV de \u015fu \u00f6zellikleri sunar:  Fla\u015f, dimmer ve zamanlay\u0131c\u0131 gibi r\u00f6le i\u015flevleri  Y\u00fcksek ak\u0131m anahtarlar\u0131 arac\u0131l\u0131\u011f\u0131yla sigorta i\u015flevi  Zamanlay\u0131c\u0131lar veya voltaj korumas\u0131 yoluyla \u00e7\u0131k\u0131\u015f ba\u015f\u0131na ayr\u0131 ayr\u0131 ak\u00fc korumas\u0131  Kural tabanl\u0131 mant\u0131ksal i\u015flevler  \u00c7\u0131k\u0131\u015f ba\u015f\u0131na sabit veya yan\u0131p s\u00f6nen gibi \u00fc\u00e7 farkl\u0131 i\u015fleve kadar \u00c7\u0131k\u0131\u015flar, \u00e7\u0131k\u0131\u015f ba\u015f\u0131na 15 Ampere kadar dijital olarak korunur. \u00dcnite, ideal olarak CAN-Bus \u00fczerinden ba\u011flanan 8 d\u00fc\u011fmeli kontrol panelimiz (aksesuar) ile kontrol edilir, ancak normal anahtarlar veya hem dijital (y\u00fcksek\/d\u00fc\u015f\u00fck) hem de analog (de\u011fi\u015fken voltajlar) di\u011fer sinyal t\u00fcrleri de her \u00e7\u0131k\u0131\u015f\u0131 kontrol etmek \u00fczere yap\u0131land\u0131r\u0131labilir.\" \/>\n<meta property=\"og:url\" content=\"https:\/\/addio.eu\/tr\/product\/drb-5024-8-adv\/\" \/>\n<meta property=\"og:site_name\" content=\"Addio Electronics\" \/>\n<meta property=\"article:publisher\" content=\"https:\/\/www.facebook.com\/AddioElectronicsAB\/\" \/>\n<meta property=\"article:modified_time\" content=\"2026-02-10T17:00:03+00:00\" \/>\n<meta property=\"og:image\" content=\"https:\/\/addio.eu\/wp-content\/uploads\/2025\/03\/IMG_1796-scaled.jpg\" \/>\n\t<meta property=\"og:image:width\" content=\"2560\" \/>\n\t<meta property=\"og:image:height\" content=\"1618\" \/>\n\t<meta property=\"og:image:type\" content=\"image\/jpeg\" \/>\n<meta name=\"twitter:card\" content=\"summary_large_image\" \/>\n<meta name=\"twitter:label1\" content=\"Est. reading time\" \/>\n\t<meta name=\"twitter:data1\" content=\"1 dakika\" \/>\n<script type=\"application\/ld+json\" class=\"yoast-schema-graph\">{\"@context\":\"https:\/\/schema.org\",\"@graph\":[{\"@type\":\"WebPage\",\"@id\":\"https:\/\/addio.eu\/tr\/product\/drb-5024-8-adv\/\",\"url\":\"https:\/\/addio.eu\/tr\/product\/drb-5024-8-adv\/\",\"name\":\"DRB 5024-8 ADV - Addio Electronics\",\"isPartOf\":{\"@id\":\"https:\/\/addio.eu\/tr\/#website\"},\"primaryImageOfPage\":{\"@id\":\"https:\/\/addio.eu\/tr\/product\/drb-5024-8-adv\/#primaryimage\"},\"image\":{\"@id\":\"https:\/\/addio.eu\/tr\/product\/drb-5024-8-adv\/#primaryimage\"},\"thumbnailUrl\":\"https:\/\/addio.eu\/wp-content\/uploads\/2025\/03\/IMG_1796-scaled.jpg\",\"datePublished\":\"2025-03-07T10:19:14+00:00\",\"dateModified\":\"2026-02-10T17:00:03+00:00\",\"breadcrumb\":{\"@id\":\"https:\/\/addio.eu\/tr\/product\/drb-5024-8-adv\/#breadcrumb\"},\"inLanguage\":\"tr\",\"potentialAction\":[{\"@type\":\"ReadAction\",\"target\":[\"https:\/\/addio.eu\/tr\/product\/drb-5024-8-adv\/\"]}]},{\"@type\":\"ImageObject\",\"inLanguage\":\"tr\",\"@id\":\"https:\/\/addio.eu\/tr\/product\/drb-5024-8-adv\/#primaryimage\",\"url\":\"https:\/\/addio.eu\/wp-content\/uploads\/2025\/03\/IMG_1796-scaled.jpg\",\"contentUrl\":\"https:\/\/addio.eu\/wp-content\/uploads\/2025\/03\/IMG_1796-scaled.jpg\",\"width\":2560,\"height\":1618},{\"@type\":\"BreadcrumbList\",\"@id\":\"https:\/\/addio.eu\/tr\/product\/drb-5024-8-adv\/#breadcrumb\",\"itemListElement\":[{\"@type\":\"ListItem\",\"position\":1,\"name\":\"Home\",\"item\":\"https:\/\/addio.eu\/tr\/addio-ana-sayfa\/\"},{\"@type\":\"ListItem\",\"position\":2,\"name\":\"\u00dcr\u00fcnler\",\"item\":\"https:\/\/addio.eu\/tr\/urunler\/\"},{\"@type\":\"ListItem\",\"position\":3,\"name\":\"DRB 5024-8 ADV\"}]},{\"@type\":\"WebSite\",\"@id\":\"https:\/\/addio.eu\/tr\/#website\",\"url\":\"https:\/\/addio.eu\/tr\/\",\"name\":\"addio.eu\",\"description\":\"\",\"publisher\":{\"@id\":\"https:\/\/addio.eu\/tr\/#organization\"},\"potentialAction\":[{\"@type\":\"SearchAction\",\"target\":{\"@type\":\"EntryPoint\",\"urlTemplate\":\"https:\/\/addio.eu\/tr\/?s={search_term_string}\"},\"query-input\":{\"@type\":\"PropertyValueSpecification\",\"valueRequired\":true,\"valueName\":\"search_term_string\"}}],\"inLanguage\":\"tr\"},{\"@type\":\"Organization\",\"@id\":\"https:\/\/addio.eu\/tr\/#organization\",\"name\":\"Addio Electronics\",\"url\":\"https:\/\/addio.eu\/tr\/\",\"logo\":{\"@type\":\"ImageObject\",\"inLanguage\":\"tr\",\"@id\":\"https:\/\/addio.eu\/tr\/#\/schema\/logo\/image\/\",\"url\":\"https:\/\/addio.eu\/wp-content\/uploads\/2024\/10\/Lager_1-1.svg\",\"contentUrl\":\"https:\/\/addio.eu\/wp-content\/uploads\/2024\/10\/Lager_1-1.svg\",\"width\":89,\"height\":26,\"caption\":\"Addio Electronics\"},\"image\":{\"@id\":\"https:\/\/addio.eu\/tr\/#\/schema\/logo\/image\/\"},\"sameAs\":[\"https:\/\/www.facebook.com\/AddioElectronicsAB\/\",\"https:\/\/www.linkedin.com\/company\/addio-electronics-ab\"]}]}<\/script>\n<!-- \/ Yoast SEO plugin. -->","yoast_head_json":{"title":"DRB 5024-8 ADV - Addio Electronics","robots":{"index":"index","follow":"follow","max-snippet":"max-snippet:-1","max-image-preview":"max-image-preview:large","max-video-preview":"max-video-preview:-1"},"canonical":"https:\/\/addio.eu\/tr\/product\/drb-5024-8-adv\/","og_locale":"tr_TR","og_type":"article","og_title":"DRB 5024-8 ADV - Addio Electronics","og_description":"DRB 5024-8 ADV, 8 \u00e7\u0131k\u0131\u015f ve 8 giri\u015fe sahip standart 24V \u00fcnitemizdir ve t\u00fcm \u00e7\u0131k\u0131\u015flara da\u011f\u0131t\u0131lm\u0131\u015f 50 Amper s\u00fcrekli toplam ak\u0131ma sahiptir.   T\u00fcm DRB'lerimiz gibi, 5024-8 ADV de \u015fu \u00f6zellikleri sunar:  Fla\u015f, dimmer ve zamanlay\u0131c\u0131 gibi r\u00f6le i\u015flevleri  Y\u00fcksek ak\u0131m anahtarlar\u0131 arac\u0131l\u0131\u011f\u0131yla sigorta i\u015flevi  Zamanlay\u0131c\u0131lar veya voltaj korumas\u0131 yoluyla \u00e7\u0131k\u0131\u015f ba\u015f\u0131na ayr\u0131 ayr\u0131 ak\u00fc korumas\u0131  Kural tabanl\u0131 mant\u0131ksal i\u015flevler  \u00c7\u0131k\u0131\u015f ba\u015f\u0131na sabit veya yan\u0131p s\u00f6nen gibi \u00fc\u00e7 farkl\u0131 i\u015fleve kadar \u00c7\u0131k\u0131\u015flar, \u00e7\u0131k\u0131\u015f ba\u015f\u0131na 15 Ampere kadar dijital olarak korunur. \u00dcnite, ideal olarak CAN-Bus \u00fczerinden ba\u011flanan 8 d\u00fc\u011fmeli kontrol panelimiz (aksesuar) ile kontrol edilir, ancak normal anahtarlar veya hem dijital (y\u00fcksek\/d\u00fc\u015f\u00fck) hem de analog (de\u011fi\u015fken voltajlar) di\u011fer sinyal t\u00fcrleri de her \u00e7\u0131k\u0131\u015f\u0131 kontrol etmek \u00fczere yap\u0131land\u0131r\u0131labilir.","og_url":"https:\/\/addio.eu\/tr\/product\/drb-5024-8-adv\/","og_site_name":"Addio Electronics","article_publisher":"https:\/\/www.facebook.com\/AddioElectronicsAB\/","article_modified_time":"2026-02-10T17:00:03+00:00","og_image":[{"width":2560,"height":1618,"url":"https:\/\/addio.eu\/wp-content\/uploads\/2025\/03\/IMG_1796-scaled.jpg","type":"image\/jpeg"}],"twitter_card":"summary_large_image","twitter_misc":{"Est. reading time":"1 dakika"},"schema":{"@context":"https:\/\/schema.org","@graph":[{"@type":"WebPage","@id":"https:\/\/addio.eu\/tr\/product\/drb-5024-8-adv\/","url":"https:\/\/addio.eu\/tr\/product\/drb-5024-8-adv\/","name":"DRB 5024-8 ADV - Addio Electronics","isPartOf":{"@id":"https:\/\/addio.eu\/tr\/#website"},"primaryImageOfPage":{"@id":"https:\/\/addio.eu\/tr\/product\/drb-5024-8-adv\/#primaryimage"},"image":{"@id":"https:\/\/addio.eu\/tr\/product\/drb-5024-8-adv\/#primaryimage"},"thumbnailUrl":"https:\/\/addio.eu\/wp-content\/uploads\/2025\/03\/IMG_1796-scaled.jpg","datePublished":"2025-03-07T10:19:14+00:00","dateModified":"2026-02-10T17:00:03+00:00","breadcrumb":{"@id":"https:\/\/addio.eu\/tr\/product\/drb-5024-8-adv\/#breadcrumb"},"inLanguage":"tr","potentialAction":[{"@type":"ReadAction","target":["https:\/\/addio.eu\/tr\/product\/drb-5024-8-adv\/"]}]},{"@type":"ImageObject","inLanguage":"tr","@id":"https:\/\/addio.eu\/tr\/product\/drb-5024-8-adv\/#primaryimage","url":"https:\/\/addio.eu\/wp-content\/uploads\/2025\/03\/IMG_1796-scaled.jpg","contentUrl":"https:\/\/addio.eu\/wp-content\/uploads\/2025\/03\/IMG_1796-scaled.jpg","width":2560,"height":1618},{"@type":"BreadcrumbList","@id":"https:\/\/addio.eu\/tr\/product\/drb-5024-8-adv\/#breadcrumb","itemListElement":[{"@type":"ListItem","position":1,"name":"Home","item":"https:\/\/addio.eu\/tr\/addio-ana-sayfa\/"},{"@type":"ListItem","position":2,"name":"\u00dcr\u00fcnler","item":"https:\/\/addio.eu\/tr\/urunler\/"},{"@type":"ListItem","position":3,"name":"DRB 5024-8 ADV"}]},{"@type":"WebSite","@id":"https:\/\/addio.eu\/tr\/#website","url":"https:\/\/addio.eu\/tr\/","name":"addio.eu","description":"","publisher":{"@id":"https:\/\/addio.eu\/tr\/#organization"},"potentialAction":[{"@type":"SearchAction","target":{"@type":"EntryPoint","urlTemplate":"https:\/\/addio.eu\/tr\/?s={search_term_string}"},"query-input":{"@type":"PropertyValueSpecification","valueRequired":true,"valueName":"search_term_string"}}],"inLanguage":"tr"},{"@type":"Organization","@id":"https:\/\/addio.eu\/tr\/#organization","name":"Addio Electronics","url":"https:\/\/addio.eu\/tr\/","logo":{"@type":"ImageObject","inLanguage":"tr","@id":"https:\/\/addio.eu\/tr\/#\/schema\/logo\/image\/","url":"https:\/\/addio.eu\/wp-content\/uploads\/2024\/10\/Lager_1-1.svg","contentUrl":"https:\/\/addio.eu\/wp-content\/uploads\/2024\/10\/Lager_1-1.svg","width":89,"height":26,"caption":"Addio Electronics"},"image":{"@id":"https:\/\/addio.eu\/tr\/#\/schema\/logo\/image\/"},"sameAs":["https:\/\/www.facebook.com\/AddioElectronicsAB\/","https:\/\/www.linkedin.com\/company\/addio-electronics-ab"]}]}},"_links":{"self":[{"href":"https:\/\/addio.eu\/tr\/wp-json\/wp\/v2\/product\/14762","targetHints":{"allow":["GET"]}}],"collection":[{"href":"https:\/\/addio.eu\/tr\/wp-json\/wp\/v2\/product"}],"about":[{"href":"https:\/\/addio.eu\/tr\/wp-json\/wp\/v2\/types\/product"}],"replies":[{"embeddable":true,"href":"https:\/\/addio.eu\/tr\/wp-json\/wp\/v2\/comments?post=14762"}],"wp:featuredmedia":[{"embeddable":true,"href":"https:\/\/addio.eu\/tr\/wp-json\/wp\/v2\/media\/14765"}],"wp:attachment":[{"href":"https:\/\/addio.eu\/tr\/wp-json\/wp\/v2\/media?parent=14762"}],"wp:term":[{"taxonomy":"product_brand","embeddable":true,"href":"https:\/\/addio.eu\/tr\/wp-json\/wp\/v2\/product_brand?post=14762"},{"taxonomy":"product_cat","embeddable":true,"href":"https:\/\/addio.eu\/tr\/wp-json\/wp\/v2\/product_cat?post=14762"},{"taxonomy":"product_tag","embeddable":true,"href":"https:\/\/addio.eu\/tr\/wp-json\/wp\/v2\/product_tag?post=14762"}],"curies":[{"name":"wp","href":"https:\/\/api.w.org\/{rel}","templated":true}]}}