{"id":14679,"date":"2025-03-07T11:27:18","date_gmt":"2025-03-07T11:27:18","guid":{"rendered":"https:\/\/addio.eu\/product\/kit-16-kutuplu-yigilabilir-konnektor\/"},"modified":"2025-03-07T11:27:18","modified_gmt":"2025-03-07T11:27:18","slug":"kit-16-kutuplu-yigilabilir-konnektor","status":"publish","type":"product","link":"https:\/\/addio.eu\/tr\/product\/kit-16-kutuplu-yigilabilir-konnektor\/","title":{"rendered":"Kit 16 kutuplu y\u0131\u011f\u0131labilir konnekt\u00f6r"},"content":{"rendered":"","protected":false},"excerpt":{"rendered":"<p class=\"\" data-start=\"207\" data-end=\"660\">Bu 16 kutuplu y\u0131\u011f\u0131labilir konnekt\u00f6r, d\u00fcz pin terminalli dijital r\u00f6le kutular\u0131m\u0131z i\u00e7in m\u00fckemmel bir aksesuard\u0131r. Verimli ve kompakt ba\u011flant\u0131lar i\u00e7in tasarlanm\u0131\u015f olup, mod\u00fcller aras\u0131 sorunsuz entegrasyon sa\u011flayarak alan k\u0131s\u0131tl\u0131 ortamlarda g\u00fcvenilir elektriksel temas sunar. Y\u0131\u011f\u0131labilir \u00f6zelli\u011fi sayesinde birden fazla \u00fcniteyi ba\u011flayarak sisteminizi kolayca geni\u015fletebilir, hem end\u00fcstriyel hem de otomotiv uygulamalar\u0131 i\u00e7in ideal bir \u00e7\u00f6z\u00fcm sunar.  <\/p>\n","protected":false},"featured_media":5988,"comment_status":"open","ping_status":"closed","template":"","meta":[],"product_brand":[],"product_cat":[459],"product_tag":[],"class_list":{"0":"post-14679","1":"product","2":"type-product","3":"status-publish","4":"has-post-thumbnail","6":"product_cat-aksesuar","8":"first","9":"instock","10":"shipping-taxable","11":"product-type-simple"},"yoast_head":"<!-- This site is optimized with the Yoast SEO plugin v26.0 - https:\/\/yoast.com\/wordpress\/plugins\/seo\/ -->\n<title>Kit 16 kutuplu y\u0131\u011f\u0131labilir konnekt\u00f6r - Addio Electronics<\/title>\n<meta name=\"robots\" content=\"index, follow, max-snippet:-1, max-image-preview:large, max-video-preview:-1\" \/>\n<link rel=\"canonical\" href=\"https:\/\/addio.eu\/tr\/product\/kit-16-kutuplu-yigilabilir-konnektor\/\" \/>\n<meta property=\"og:locale\" content=\"tr_TR\" \/>\n<meta property=\"og:type\" content=\"article\" \/>\n<meta property=\"og:title\" content=\"Kit 16 kutuplu y\u0131\u011f\u0131labilir konnekt\u00f6r - Addio Electronics\" \/>\n<meta property=\"og:description\" content=\"Bu 16 kutuplu y\u0131\u011f\u0131labilir konnekt\u00f6r, d\u00fcz pin terminalli dijital r\u00f6le kutular\u0131m\u0131z i\u00e7in m\u00fckemmel bir aksesuard\u0131r. Verimli ve kompakt ba\u011flant\u0131lar i\u00e7in tasarlanm\u0131\u015f olup, mod\u00fcller aras\u0131 sorunsuz entegrasyon sa\u011flayarak alan k\u0131s\u0131tl\u0131 ortamlarda g\u00fcvenilir elektriksel temas sunar. Y\u0131\u011f\u0131labilir \u00f6zelli\u011fi sayesinde birden fazla \u00fcniteyi ba\u011flayarak sisteminizi kolayca geni\u015fletebilir, hem end\u00fcstriyel hem de otomotiv uygulamalar\u0131 i\u00e7in ideal bir \u00e7\u00f6z\u00fcm sunar.\" \/>\n<meta property=\"og:url\" content=\"https:\/\/addio.eu\/tr\/product\/kit-16-kutuplu-yigilabilir-konnektor\/\" \/>\n<meta property=\"og:site_name\" content=\"Addio Electronics\" \/>\n<meta property=\"article:publisher\" content=\"https:\/\/www.facebook.com\/AddioElectronicsAB\/\" \/>\n<meta property=\"og:image\" content=\"https:\/\/addio.eu\/wp-content\/uploads\/2025\/03\/IMG_1625-scaled.jpg\" \/>\n\t<meta property=\"og:image:width\" content=\"2560\" \/>\n\t<meta property=\"og:image:height\" content=\"1641\" \/>\n\t<meta property=\"og:image:type\" content=\"image\/jpeg\" \/>\n<meta name=\"twitter:card\" content=\"summary_large_image\" \/>\n<script type=\"application\/ld+json\" class=\"yoast-schema-graph\">{\"@context\":\"https:\/\/schema.org\",\"@graph\":[{\"@type\":\"WebPage\",\"@id\":\"https:\/\/addio.eu\/tr\/product\/kit-16-kutuplu-yigilabilir-konnektor\/\",\"url\":\"https:\/\/addio.eu\/tr\/product\/kit-16-kutuplu-yigilabilir-konnektor\/\",\"name\":\"Kit 16 kutuplu y\u0131\u011f\u0131labilir konnekt\u00f6r - Addio Electronics\",\"isPartOf\":{\"@id\":\"https:\/\/addio.eu\/tr\/#website\"},\"primaryImageOfPage\":{\"@id\":\"https:\/\/addio.eu\/tr\/product\/kit-16-kutuplu-yigilabilir-konnektor\/#primaryimage\"},\"image\":{\"@id\":\"https:\/\/addio.eu\/tr\/product\/kit-16-kutuplu-yigilabilir-konnektor\/#primaryimage\"},\"thumbnailUrl\":\"https:\/\/addio.eu\/wp-content\/uploads\/2025\/03\/IMG_1625-scaled.jpg\",\"datePublished\":\"2025-03-07T11:27:18+00:00\",\"breadcrumb\":{\"@id\":\"https:\/\/addio.eu\/tr\/product\/kit-16-kutuplu-yigilabilir-konnektor\/#breadcrumb\"},\"inLanguage\":\"tr\",\"potentialAction\":[{\"@type\":\"ReadAction\",\"target\":[\"https:\/\/addio.eu\/tr\/product\/kit-16-kutuplu-yigilabilir-konnektor\/\"]}]},{\"@type\":\"ImageObject\",\"inLanguage\":\"tr\",\"@id\":\"https:\/\/addio.eu\/tr\/product\/kit-16-kutuplu-yigilabilir-konnektor\/#primaryimage\",\"url\":\"https:\/\/addio.eu\/wp-content\/uploads\/2025\/03\/IMG_1625-scaled.jpg\",\"contentUrl\":\"https:\/\/addio.eu\/wp-content\/uploads\/2025\/03\/IMG_1625-scaled.jpg\",\"width\":2560,\"height\":1641},{\"@type\":\"BreadcrumbList\",\"@id\":\"https:\/\/addio.eu\/tr\/product\/kit-16-kutuplu-yigilabilir-konnektor\/#breadcrumb\",\"itemListElement\":[{\"@type\":\"ListItem\",\"position\":1,\"name\":\"Home\",\"item\":\"https:\/\/addio.eu\/tr\/addio-ana-sayfa\/\"},{\"@type\":\"ListItem\",\"position\":2,\"name\":\"\u00dcr\u00fcnler\",\"item\":\"https:\/\/addio.eu\/tr\/urunler\/\"},{\"@type\":\"ListItem\",\"position\":3,\"name\":\"Kit 16 kutuplu y\u0131\u011f\u0131labilir konnekt\u00f6r\"}]},{\"@type\":\"WebSite\",\"@id\":\"https:\/\/addio.eu\/tr\/#website\",\"url\":\"https:\/\/addio.eu\/tr\/\",\"name\":\"addio.eu\",\"description\":\"\",\"publisher\":{\"@id\":\"https:\/\/addio.eu\/tr\/#organization\"},\"potentialAction\":[{\"@type\":\"SearchAction\",\"target\":{\"@type\":\"EntryPoint\",\"urlTemplate\":\"https:\/\/addio.eu\/tr\/?s={search_term_string}\"},\"query-input\":{\"@type\":\"PropertyValueSpecification\",\"valueRequired\":true,\"valueName\":\"search_term_string\"}}],\"inLanguage\":\"tr\"},{\"@type\":\"Organization\",\"@id\":\"https:\/\/addio.eu\/tr\/#organization\",\"name\":\"Addio Electronics\",\"url\":\"https:\/\/addio.eu\/tr\/\",\"logo\":{\"@type\":\"ImageObject\",\"inLanguage\":\"tr\",\"@id\":\"https:\/\/addio.eu\/tr\/#\/schema\/logo\/image\/\",\"url\":\"https:\/\/addio.eu\/wp-content\/uploads\/2024\/10\/Lager_1-1.svg\",\"contentUrl\":\"https:\/\/addio.eu\/wp-content\/uploads\/2024\/10\/Lager_1-1.svg\",\"width\":89,\"height\":26,\"caption\":\"Addio Electronics\"},\"image\":{\"@id\":\"https:\/\/addio.eu\/tr\/#\/schema\/logo\/image\/\"},\"sameAs\":[\"https:\/\/www.facebook.com\/AddioElectronicsAB\/\",\"https:\/\/www.linkedin.com\/company\/addio-electronics-ab\"]}]}<\/script>\n<!-- \/ Yoast SEO plugin. -->","yoast_head_json":{"title":"Kit 16 kutuplu y\u0131\u011f\u0131labilir konnekt\u00f6r - Addio Electronics","robots":{"index":"index","follow":"follow","max-snippet":"max-snippet:-1","max-image-preview":"max-image-preview:large","max-video-preview":"max-video-preview:-1"},"canonical":"https:\/\/addio.eu\/tr\/product\/kit-16-kutuplu-yigilabilir-konnektor\/","og_locale":"tr_TR","og_type":"article","og_title":"Kit 16 kutuplu y\u0131\u011f\u0131labilir konnekt\u00f6r - Addio Electronics","og_description":"Bu 16 kutuplu y\u0131\u011f\u0131labilir konnekt\u00f6r, d\u00fcz pin terminalli dijital r\u00f6le kutular\u0131m\u0131z i\u00e7in m\u00fckemmel bir aksesuard\u0131r. Verimli ve kompakt ba\u011flant\u0131lar i\u00e7in tasarlanm\u0131\u015f olup, mod\u00fcller aras\u0131 sorunsuz entegrasyon sa\u011flayarak alan k\u0131s\u0131tl\u0131 ortamlarda g\u00fcvenilir elektriksel temas sunar. Y\u0131\u011f\u0131labilir \u00f6zelli\u011fi sayesinde birden fazla \u00fcniteyi ba\u011flayarak sisteminizi kolayca geni\u015fletebilir, hem end\u00fcstriyel hem de otomotiv uygulamalar\u0131 i\u00e7in ideal bir \u00e7\u00f6z\u00fcm sunar.","og_url":"https:\/\/addio.eu\/tr\/product\/kit-16-kutuplu-yigilabilir-konnektor\/","og_site_name":"Addio Electronics","article_publisher":"https:\/\/www.facebook.com\/AddioElectronicsAB\/","og_image":[{"width":2560,"height":1641,"url":"https:\/\/addio.eu\/wp-content\/uploads\/2025\/03\/IMG_1625-scaled.jpg","type":"image\/jpeg"}],"twitter_card":"summary_large_image","schema":{"@context":"https:\/\/schema.org","@graph":[{"@type":"WebPage","@id":"https:\/\/addio.eu\/tr\/product\/kit-16-kutuplu-yigilabilir-konnektor\/","url":"https:\/\/addio.eu\/tr\/product\/kit-16-kutuplu-yigilabilir-konnektor\/","name":"Kit 16 kutuplu y\u0131\u011f\u0131labilir konnekt\u00f6r - Addio Electronics","isPartOf":{"@id":"https:\/\/addio.eu\/tr\/#website"},"primaryImageOfPage":{"@id":"https:\/\/addio.eu\/tr\/product\/kit-16-kutuplu-yigilabilir-konnektor\/#primaryimage"},"image":{"@id":"https:\/\/addio.eu\/tr\/product\/kit-16-kutuplu-yigilabilir-konnektor\/#primaryimage"},"thumbnailUrl":"https:\/\/addio.eu\/wp-content\/uploads\/2025\/03\/IMG_1625-scaled.jpg","datePublished":"2025-03-07T11:27:18+00:00","breadcrumb":{"@id":"https:\/\/addio.eu\/tr\/product\/kit-16-kutuplu-yigilabilir-konnektor\/#breadcrumb"},"inLanguage":"tr","potentialAction":[{"@type":"ReadAction","target":["https:\/\/addio.eu\/tr\/product\/kit-16-kutuplu-yigilabilir-konnektor\/"]}]},{"@type":"ImageObject","inLanguage":"tr","@id":"https:\/\/addio.eu\/tr\/product\/kit-16-kutuplu-yigilabilir-konnektor\/#primaryimage","url":"https:\/\/addio.eu\/wp-content\/uploads\/2025\/03\/IMG_1625-scaled.jpg","contentUrl":"https:\/\/addio.eu\/wp-content\/uploads\/2025\/03\/IMG_1625-scaled.jpg","width":2560,"height":1641},{"@type":"BreadcrumbList","@id":"https:\/\/addio.eu\/tr\/product\/kit-16-kutuplu-yigilabilir-konnektor\/#breadcrumb","itemListElement":[{"@type":"ListItem","position":1,"name":"Home","item":"https:\/\/addio.eu\/tr\/addio-ana-sayfa\/"},{"@type":"ListItem","position":2,"name":"\u00dcr\u00fcnler","item":"https:\/\/addio.eu\/tr\/urunler\/"},{"@type":"ListItem","position":3,"name":"Kit 16 kutuplu y\u0131\u011f\u0131labilir konnekt\u00f6r"}]},{"@type":"WebSite","@id":"https:\/\/addio.eu\/tr\/#website","url":"https:\/\/addio.eu\/tr\/","name":"addio.eu","description":"","publisher":{"@id":"https:\/\/addio.eu\/tr\/#organization"},"potentialAction":[{"@type":"SearchAction","target":{"@type":"EntryPoint","urlTemplate":"https:\/\/addio.eu\/tr\/?s={search_term_string}"},"query-input":{"@type":"PropertyValueSpecification","valueRequired":true,"valueName":"search_term_string"}}],"inLanguage":"tr"},{"@type":"Organization","@id":"https:\/\/addio.eu\/tr\/#organization","name":"Addio Electronics","url":"https:\/\/addio.eu\/tr\/","logo":{"@type":"ImageObject","inLanguage":"tr","@id":"https:\/\/addio.eu\/tr\/#\/schema\/logo\/image\/","url":"https:\/\/addio.eu\/wp-content\/uploads\/2024\/10\/Lager_1-1.svg","contentUrl":"https:\/\/addio.eu\/wp-content\/uploads\/2024\/10\/Lager_1-1.svg","width":89,"height":26,"caption":"Addio Electronics"},"image":{"@id":"https:\/\/addio.eu\/tr\/#\/schema\/logo\/image\/"},"sameAs":["https:\/\/www.facebook.com\/AddioElectronicsAB\/","https:\/\/www.linkedin.com\/company\/addio-electronics-ab"]}]}},"_links":{"self":[{"href":"https:\/\/addio.eu\/tr\/wp-json\/wp\/v2\/product\/14679","targetHints":{"allow":["GET"]}}],"collection":[{"href":"https:\/\/addio.eu\/tr\/wp-json\/wp\/v2\/product"}],"about":[{"href":"https:\/\/addio.eu\/tr\/wp-json\/wp\/v2\/types\/product"}],"replies":[{"embeddable":true,"href":"https:\/\/addio.eu\/tr\/wp-json\/wp\/v2\/comments?post=14679"}],"wp:featuredmedia":[{"embeddable":true,"href":"https:\/\/addio.eu\/tr\/wp-json\/wp\/v2\/media\/5988"}],"wp:attachment":[{"href":"https:\/\/addio.eu\/tr\/wp-json\/wp\/v2\/media?parent=14679"}],"wp:term":[{"taxonomy":"product_brand","embeddable":true,"href":"https:\/\/addio.eu\/tr\/wp-json\/wp\/v2\/product_brand?post=14679"},{"taxonomy":"product_cat","embeddable":true,"href":"https:\/\/addio.eu\/tr\/wp-json\/wp\/v2\/product_cat?post=14679"},{"taxonomy":"product_tag","embeddable":true,"href":"https:\/\/addio.eu\/tr\/wp-json\/wp\/v2\/product_tag?post=14679"}],"curies":[{"name":"wp","href":"https:\/\/api.w.org\/{rel}","templated":true}]}}