{"id":14643,"date":"2025-03-24T11:20:39","date_gmt":"2025-03-24T11:20:39","guid":{"rendered":"https:\/\/addio.eu\/product\/can-master-kiti\/"},"modified":"2025-03-24T11:20:39","modified_gmt":"2025-03-24T11:20:39","slug":"can-master-kiti","status":"publish","type":"product","link":"https:\/\/addio.eu\/tr\/product\/can-master-kiti\/","title":{"rendered":"CAN Master Kiti"},"content":{"rendered":"<p data-start=\"1346\" data-end=\"1380\"><strong>Kurulum<\/strong><br \/>\nCAN Master&#8217;\u0131 Addio End\u00fcktif CAN Okuyucu ile veya CAN bus kablolar\u0131na do\u011frudan ba\u011flant\u0131 ile araca ba\u011flay\u0131n\u0131z.<\/p>\n<p data-start=\"1346\" data-end=\"1380\"><strong>Uyumluluk<\/strong><br \/>\nCAN Master, 12V ve 24V ADV DRB&#8217;lerimiz ile uyumludur.<\/p>\n<p class=\"\" data-start=\"1346\" data-end=\"1380\"><strong data-start=\"1346\" data-end=\"1380\">Kurulum ve Yap\u0131land\u0131rma<br \/>\n<\/strong>CAN Master Yaz\u0131l\u0131m\u0131 ve Addio CC.<\/p>\n<p data-start=\"1382\" data-end=\"1525\"><strong>Kutuda Bulunanlar<\/strong><br \/>\nCAN Master, 0,5 Metre Kablo, RJ Adapt\u00f6r.<\/p>\n<p><strong>Boyut<\/strong><br \/>\n68*67*21 mm<\/p>\n","protected":false},"excerpt":{"rendered":"<p><strong>Addio CAN Master, Addio sisteminizin ara\u00e7 sinyallerinize ba\u011flanmas\u0131n\u0131, taramas\u0131n\u0131 ve kullanmas\u0131n\u0131 sa\u011flar.<\/strong><\/p>\n<p>Addio, arac\u0131n\u0131zla entegrasyon ile otomatik fonksiyonlar olu\u015fturma imkan\u0131 sunar. Arac\u0131n\u0131zdaki CAN sinyalleri Addio Sistemine giri\u015f sinyali olarak kullan\u0131labilir. Bu sayede kullan\u0131c\u0131 ihtiya\u00e7lar\u0131na g\u00f6re \u00f6zelle\u015ftirilmi\u015f otomatik fonksiyonlar olu\u015fturabilirsiniz. Klasik \u00f6rnekler aras\u0131nda geri vites giri\u015fi ile a\u00e7\u0131lan arka \u0131\u015f\u0131klar veya kamera bulunur.   <\/p>\n<p><strong>CAN Master Yaz\u0131l\u0131m\u0131<\/strong>, kurulum uzman\u0131n\u0131n ara\u00e7tan gelen CAN Sinyalleri ile entegrasyon yapmak istedi\u011finde kullan\u0131l\u0131r. Taray\u0131c\u0131 fonksiyonu far, kap\u0131lar, el freni, geri vites, h\u0131z ve \u00e7ok daha fazlas\u0131 gibi herhangi bir ara\u00e7tan gelen sinyalleri analiz edip tespit edebilir. <\/p>\n<p>Gelecekteki kurulumlar i\u00e7in sorunsuz ve kolay kurulum amac\u0131yla sinyalleri Addio Veritaban\u0131nda saklay\u0131n\u0131z.<\/p>\n<p>&nbsp;<\/p>\n","protected":false},"featured_media":5958,"comment_status":"open","ping_status":"closed","template":"","meta":[],"product_brand":[],"product_cat":[461,460],"product_tag":[],"class_list":{"0":"post-14643","1":"product","2":"type-product","3":"status-publish","4":"has-post-thumbnail","6":"product_cat-can-baglantisi","7":"product_cat-can-entegrasyonu","9":"first","10":"instock","11":"shipping-taxable","12":"product-type-simple"},"yoast_head":"<!-- This site is optimized with the Yoast SEO plugin v26.0 - https:\/\/yoast.com\/wordpress\/plugins\/seo\/ -->\n<title>CAN Master Kiti - Addio Electronics<\/title>\n<meta name=\"robots\" content=\"index, follow, max-snippet:-1, max-image-preview:large, max-video-preview:-1\" \/>\n<link rel=\"canonical\" href=\"https:\/\/addio.eu\/tr\/product\/can-master-kiti\/\" \/>\n<meta property=\"og:locale\" content=\"tr_TR\" \/>\n<meta property=\"og:type\" content=\"article\" \/>\n<meta property=\"og:title\" content=\"CAN Master Kiti - Addio Electronics\" \/>\n<meta property=\"og:description\" content=\"Addio CAN Master, Addio sisteminizin ara\u00e7 sinyallerinize ba\u011flanmas\u0131n\u0131, taramas\u0131n\u0131 ve kullanmas\u0131n\u0131 sa\u011flar. Addio, arac\u0131n\u0131zla entegrasyon ile otomatik fonksiyonlar olu\u015fturma imkan\u0131 sunar. Arac\u0131n\u0131zdaki CAN sinyalleri Addio Sistemine giri\u015f sinyali olarak kullan\u0131labilir. Bu sayede kullan\u0131c\u0131 ihtiya\u00e7lar\u0131na g\u00f6re \u00f6zelle\u015ftirilmi\u015f otomatik fonksiyonlar olu\u015fturabilirsiniz. Klasik \u00f6rnekler aras\u0131nda geri vites giri\u015fi ile a\u00e7\u0131lan arka \u0131\u015f\u0131klar veya kamera bulunur.   CAN Master Yaz\u0131l\u0131m\u0131, kurulum uzman\u0131n\u0131n ara\u00e7tan gelen CAN Sinyalleri ile entegrasyon yapmak istedi\u011finde kullan\u0131l\u0131r. Taray\u0131c\u0131 fonksiyonu far, kap\u0131lar, el freni, geri vites, h\u0131z ve \u00e7ok daha fazlas\u0131 gibi herhangi bir ara\u00e7tan gelen sinyalleri analiz edip tespit edebilir.  Gelecekteki kurulumlar i\u00e7in sorunsuz ve kolay kurulum amac\u0131yla sinyalleri Addio Veritaban\u0131nda saklay\u0131n\u0131z. &nbsp;\" \/>\n<meta property=\"og:url\" content=\"https:\/\/addio.eu\/tr\/product\/can-master-kiti\/\" \/>\n<meta property=\"og:site_name\" content=\"Addio Electronics\" \/>\n<meta property=\"article:publisher\" content=\"https:\/\/www.facebook.com\/AddioElectronicsAB\/\" \/>\n<meta property=\"og:image\" content=\"https:\/\/addio.eu\/wp-content\/uploads\/2025\/03\/IMG_1824-scaled.jpg\" \/>\n\t<meta property=\"og:image:width\" content=\"2560\" \/>\n\t<meta property=\"og:image:height\" content=\"2215\" \/>\n\t<meta property=\"og:image:type\" content=\"image\/jpeg\" \/>\n<meta name=\"twitter:card\" content=\"summary_large_image\" \/>\n<script type=\"application\/ld+json\" class=\"yoast-schema-graph\">{\"@context\":\"https:\/\/schema.org\",\"@graph\":[{\"@type\":\"WebPage\",\"@id\":\"https:\/\/addio.eu\/tr\/product\/can-master-kiti\/\",\"url\":\"https:\/\/addio.eu\/tr\/product\/can-master-kiti\/\",\"name\":\"CAN Master Kiti - Addio Electronics\",\"isPartOf\":{\"@id\":\"https:\/\/addio.eu\/tr\/#website\"},\"primaryImageOfPage\":{\"@id\":\"https:\/\/addio.eu\/tr\/product\/can-master-kiti\/#primaryimage\"},\"image\":{\"@id\":\"https:\/\/addio.eu\/tr\/product\/can-master-kiti\/#primaryimage\"},\"thumbnailUrl\":\"https:\/\/addio.eu\/wp-content\/uploads\/2025\/03\/IMG_1824-scaled.jpg\",\"datePublished\":\"2025-03-24T11:20:39+00:00\",\"breadcrumb\":{\"@id\":\"https:\/\/addio.eu\/tr\/product\/can-master-kiti\/#breadcrumb\"},\"inLanguage\":\"tr\",\"potentialAction\":[{\"@type\":\"ReadAction\",\"target\":[\"https:\/\/addio.eu\/tr\/product\/can-master-kiti\/\"]}]},{\"@type\":\"ImageObject\",\"inLanguage\":\"tr\",\"@id\":\"https:\/\/addio.eu\/tr\/product\/can-master-kiti\/#primaryimage\",\"url\":\"https:\/\/addio.eu\/wp-content\/uploads\/2025\/03\/IMG_1824-scaled.jpg\",\"contentUrl\":\"https:\/\/addio.eu\/wp-content\/uploads\/2025\/03\/IMG_1824-scaled.jpg\",\"width\":2560,\"height\":2215},{\"@type\":\"BreadcrumbList\",\"@id\":\"https:\/\/addio.eu\/tr\/product\/can-master-kiti\/#breadcrumb\",\"itemListElement\":[{\"@type\":\"ListItem\",\"position\":1,\"name\":\"Home\",\"item\":\"https:\/\/addio.eu\/tr\/addio-ana-sayfa\/\"},{\"@type\":\"ListItem\",\"position\":2,\"name\":\"\u00dcr\u00fcnler\",\"item\":\"https:\/\/addio.eu\/tr\/urunler\/\"},{\"@type\":\"ListItem\",\"position\":3,\"name\":\"CAN Master Kiti\"}]},{\"@type\":\"WebSite\",\"@id\":\"https:\/\/addio.eu\/tr\/#website\",\"url\":\"https:\/\/addio.eu\/tr\/\",\"name\":\"addio.eu\",\"description\":\"\",\"publisher\":{\"@id\":\"https:\/\/addio.eu\/tr\/#organization\"},\"potentialAction\":[{\"@type\":\"SearchAction\",\"target\":{\"@type\":\"EntryPoint\",\"urlTemplate\":\"https:\/\/addio.eu\/tr\/?s={search_term_string}\"},\"query-input\":{\"@type\":\"PropertyValueSpecification\",\"valueRequired\":true,\"valueName\":\"search_term_string\"}}],\"inLanguage\":\"tr\"},{\"@type\":\"Organization\",\"@id\":\"https:\/\/addio.eu\/tr\/#organization\",\"name\":\"Addio Electronics\",\"url\":\"https:\/\/addio.eu\/tr\/\",\"logo\":{\"@type\":\"ImageObject\",\"inLanguage\":\"tr\",\"@id\":\"https:\/\/addio.eu\/tr\/#\/schema\/logo\/image\/\",\"url\":\"https:\/\/addio.eu\/wp-content\/uploads\/2024\/10\/Lager_1-1.svg\",\"contentUrl\":\"https:\/\/addio.eu\/wp-content\/uploads\/2024\/10\/Lager_1-1.svg\",\"width\":89,\"height\":26,\"caption\":\"Addio Electronics\"},\"image\":{\"@id\":\"https:\/\/addio.eu\/tr\/#\/schema\/logo\/image\/\"},\"sameAs\":[\"https:\/\/www.facebook.com\/AddioElectronicsAB\/\",\"https:\/\/www.linkedin.com\/company\/addio-electronics-ab\"]}]}<\/script>\n<!-- \/ Yoast SEO plugin. -->","yoast_head_json":{"title":"CAN Master Kiti - Addio Electronics","robots":{"index":"index","follow":"follow","max-snippet":"max-snippet:-1","max-image-preview":"max-image-preview:large","max-video-preview":"max-video-preview:-1"},"canonical":"https:\/\/addio.eu\/tr\/product\/can-master-kiti\/","og_locale":"tr_TR","og_type":"article","og_title":"CAN Master Kiti - Addio Electronics","og_description":"Addio CAN Master, Addio sisteminizin ara\u00e7 sinyallerinize ba\u011flanmas\u0131n\u0131, taramas\u0131n\u0131 ve kullanmas\u0131n\u0131 sa\u011flar. Addio, arac\u0131n\u0131zla entegrasyon ile otomatik fonksiyonlar olu\u015fturma imkan\u0131 sunar. Arac\u0131n\u0131zdaki CAN sinyalleri Addio Sistemine giri\u015f sinyali olarak kullan\u0131labilir. Bu sayede kullan\u0131c\u0131 ihtiya\u00e7lar\u0131na g\u00f6re \u00f6zelle\u015ftirilmi\u015f otomatik fonksiyonlar olu\u015fturabilirsiniz. Klasik \u00f6rnekler aras\u0131nda geri vites giri\u015fi ile a\u00e7\u0131lan arka \u0131\u015f\u0131klar veya kamera bulunur.   CAN Master Yaz\u0131l\u0131m\u0131, kurulum uzman\u0131n\u0131n ara\u00e7tan gelen CAN Sinyalleri ile entegrasyon yapmak istedi\u011finde kullan\u0131l\u0131r. Taray\u0131c\u0131 fonksiyonu far, kap\u0131lar, el freni, geri vites, h\u0131z ve \u00e7ok daha fazlas\u0131 gibi herhangi bir ara\u00e7tan gelen sinyalleri analiz edip tespit edebilir.  Gelecekteki kurulumlar i\u00e7in sorunsuz ve kolay kurulum amac\u0131yla sinyalleri Addio Veritaban\u0131nda saklay\u0131n\u0131z. &nbsp;","og_url":"https:\/\/addio.eu\/tr\/product\/can-master-kiti\/","og_site_name":"Addio Electronics","article_publisher":"https:\/\/www.facebook.com\/AddioElectronicsAB\/","og_image":[{"width":2560,"height":2215,"url":"https:\/\/addio.eu\/wp-content\/uploads\/2025\/03\/IMG_1824-scaled.jpg","type":"image\/jpeg"}],"twitter_card":"summary_large_image","schema":{"@context":"https:\/\/schema.org","@graph":[{"@type":"WebPage","@id":"https:\/\/addio.eu\/tr\/product\/can-master-kiti\/","url":"https:\/\/addio.eu\/tr\/product\/can-master-kiti\/","name":"CAN Master Kiti - Addio Electronics","isPartOf":{"@id":"https:\/\/addio.eu\/tr\/#website"},"primaryImageOfPage":{"@id":"https:\/\/addio.eu\/tr\/product\/can-master-kiti\/#primaryimage"},"image":{"@id":"https:\/\/addio.eu\/tr\/product\/can-master-kiti\/#primaryimage"},"thumbnailUrl":"https:\/\/addio.eu\/wp-content\/uploads\/2025\/03\/IMG_1824-scaled.jpg","datePublished":"2025-03-24T11:20:39+00:00","breadcrumb":{"@id":"https:\/\/addio.eu\/tr\/product\/can-master-kiti\/#breadcrumb"},"inLanguage":"tr","potentialAction":[{"@type":"ReadAction","target":["https:\/\/addio.eu\/tr\/product\/can-master-kiti\/"]}]},{"@type":"ImageObject","inLanguage":"tr","@id":"https:\/\/addio.eu\/tr\/product\/can-master-kiti\/#primaryimage","url":"https:\/\/addio.eu\/wp-content\/uploads\/2025\/03\/IMG_1824-scaled.jpg","contentUrl":"https:\/\/addio.eu\/wp-content\/uploads\/2025\/03\/IMG_1824-scaled.jpg","width":2560,"height":2215},{"@type":"BreadcrumbList","@id":"https:\/\/addio.eu\/tr\/product\/can-master-kiti\/#breadcrumb","itemListElement":[{"@type":"ListItem","position":1,"name":"Home","item":"https:\/\/addio.eu\/tr\/addio-ana-sayfa\/"},{"@type":"ListItem","position":2,"name":"\u00dcr\u00fcnler","item":"https:\/\/addio.eu\/tr\/urunler\/"},{"@type":"ListItem","position":3,"name":"CAN Master Kiti"}]},{"@type":"WebSite","@id":"https:\/\/addio.eu\/tr\/#website","url":"https:\/\/addio.eu\/tr\/","name":"addio.eu","description":"","publisher":{"@id":"https:\/\/addio.eu\/tr\/#organization"},"potentialAction":[{"@type":"SearchAction","target":{"@type":"EntryPoint","urlTemplate":"https:\/\/addio.eu\/tr\/?s={search_term_string}"},"query-input":{"@type":"PropertyValueSpecification","valueRequired":true,"valueName":"search_term_string"}}],"inLanguage":"tr"},{"@type":"Organization","@id":"https:\/\/addio.eu\/tr\/#organization","name":"Addio Electronics","url":"https:\/\/addio.eu\/tr\/","logo":{"@type":"ImageObject","inLanguage":"tr","@id":"https:\/\/addio.eu\/tr\/#\/schema\/logo\/image\/","url":"https:\/\/addio.eu\/wp-content\/uploads\/2024\/10\/Lager_1-1.svg","contentUrl":"https:\/\/addio.eu\/wp-content\/uploads\/2024\/10\/Lager_1-1.svg","width":89,"height":26,"caption":"Addio Electronics"},"image":{"@id":"https:\/\/addio.eu\/tr\/#\/schema\/logo\/image\/"},"sameAs":["https:\/\/www.facebook.com\/AddioElectronicsAB\/","https:\/\/www.linkedin.com\/company\/addio-electronics-ab"]}]}},"_links":{"self":[{"href":"https:\/\/addio.eu\/tr\/wp-json\/wp\/v2\/product\/14643","targetHints":{"allow":["GET"]}}],"collection":[{"href":"https:\/\/addio.eu\/tr\/wp-json\/wp\/v2\/product"}],"about":[{"href":"https:\/\/addio.eu\/tr\/wp-json\/wp\/v2\/types\/product"}],"replies":[{"embeddable":true,"href":"https:\/\/addio.eu\/tr\/wp-json\/wp\/v2\/comments?post=14643"}],"wp:featuredmedia":[{"embeddable":true,"href":"https:\/\/addio.eu\/tr\/wp-json\/wp\/v2\/media\/5958"}],"wp:attachment":[{"href":"https:\/\/addio.eu\/tr\/wp-json\/wp\/v2\/media?parent=14643"}],"wp:term":[{"taxonomy":"product_brand","embeddable":true,"href":"https:\/\/addio.eu\/tr\/wp-json\/wp\/v2\/product_brand?post=14643"},{"taxonomy":"product_cat","embeddable":true,"href":"https:\/\/addio.eu\/tr\/wp-json\/wp\/v2\/product_cat?post=14643"},{"taxonomy":"product_tag","embeddable":true,"href":"https:\/\/addio.eu\/tr\/wp-json\/wp\/v2\/product_tag?post=14643"}],"curies":[{"name":"wp","href":"https:\/\/api.w.org\/{rel}","templated":true}]}}