{"id":14625,"date":"2025-03-07T11:15:14","date_gmt":"2025-03-07T11:15:14","guid":{"rendered":"https:\/\/addio.eu\/product\/pir-sensor\/"},"modified":"2025-03-07T11:15:14","modified_gmt":"2025-03-07T11:15:14","slug":"pir-sensor","status":"publish","type":"product","link":"https:\/\/addio.eu\/tr\/product\/pir-sensor\/","title":{"rendered":"PIR-sens\u00f6r"},"content":{"rendered":"","protected":false},"excerpt":{"rendered":"<p class=\"\" data-start=\"31\" data-end=\"127\">Hareket alg\u0131land\u0131\u011f\u0131nda ayd\u0131nlatma a\u00e7\u0131l\u0131r ve kapanma s\u00fcresi yap\u0131land\u0131r\u0131labilir. Varsay\u0131lan 2 dakikad\u0131r. <\/p>\n<p class=\"\" data-start=\"129\" data-end=\"419\">\u2022 Giri\u015f Voltaj\u0131: 12 &amp; 24V<br data-start=\"154\" data-end=\"157\">\u2022 Maksimum Y\u00fck: 84W<br data-start=\"176\" data-end=\"179\" data-is-only-node=\"\">\u2022 Alg\u0131lama A\u00e7\u0131s\u0131: 140\u00b0 Yatay, 140\u00b0 Dikey<br data-start=\"228\" data-end=\"231\">\u2022 Menzil: 5m<br data-start=\"242\" data-end=\"245\">\u2022 Kapanma zamanlay\u0131c\u0131s\u0131 1 dakikal\u0131k art\u0131\u015flarla ayarlanabilir<br data-start=\"290\" data-end=\"293\">\u2022 Terminal giri\u015fi ile IR sens\u00f6r \u00e7\u0131k\u0131\u015f\u0131n\u0131 devre d\u0131\u015f\u0131 b\u0131rakma se\u00e7ene\u011fi<br data-start=\"352\" data-end=\"355\">\u2022 Boyutlar: 67x59x30mm (kulak\u00e7\u0131k, terminal ve sens\u00f6r dahil)&#8221;<\/p>\n<p>Bu sens\u00f6r ba\u011f\u0131ms\u0131z olarak veya DRB&#8217;lerimizle birlikte \u00e7al\u0131\u015f\u0131r.<\/p>\n","protected":false},"featured_media":5934,"comment_status":"open","ping_status":"closed","template":"","meta":[],"product_brand":[],"product_cat":[458],"product_tag":[],"class_list":{"0":"post-14625","1":"product","2":"type-product","3":"status-publish","4":"has-post-thumbnail","6":"product_cat-sensorler","8":"first","9":"instock","10":"shipping-taxable","11":"product-type-simple"},"yoast_head":"<!-- This site is optimized with the Yoast SEO plugin v26.0 - https:\/\/yoast.com\/wordpress\/plugins\/seo\/ -->\n<title>PIR-sens\u00f6r - Addio Electronics<\/title>\n<meta name=\"robots\" content=\"index, follow, max-snippet:-1, max-image-preview:large, max-video-preview:-1\" \/>\n<link rel=\"canonical\" href=\"https:\/\/addio.eu\/tr\/product\/pir-sensor\/\" \/>\n<meta property=\"og:locale\" content=\"tr_TR\" \/>\n<meta property=\"og:type\" content=\"article\" \/>\n<meta property=\"og:title\" content=\"PIR-sens\u00f6r - Addio Electronics\" \/>\n<meta property=\"og:description\" content=\"Hareket alg\u0131land\u0131\u011f\u0131nda ayd\u0131nlatma a\u00e7\u0131l\u0131r ve kapanma s\u00fcresi yap\u0131land\u0131r\u0131labilir. Varsay\u0131lan 2 dakikad\u0131r. \u2022 Giri\u015f Voltaj\u0131: 12 &amp; 24V\u2022 Maksimum Y\u00fck: 84W\u2022 Alg\u0131lama A\u00e7\u0131s\u0131: 140\u00b0 Yatay, 140\u00b0 Dikey\u2022 Menzil: 5m\u2022 Kapanma zamanlay\u0131c\u0131s\u0131 1 dakikal\u0131k art\u0131\u015flarla ayarlanabilir\u2022 Terminal giri\u015fi ile IR sens\u00f6r \u00e7\u0131k\u0131\u015f\u0131n\u0131 devre d\u0131\u015f\u0131 b\u0131rakma se\u00e7ene\u011fi\u2022 Boyutlar: 67x59x30mm (kulak\u00e7\u0131k, terminal ve sens\u00f6r dahil)&quot; Bu sens\u00f6r ba\u011f\u0131ms\u0131z olarak veya DRB&#039;lerimizle birlikte \u00e7al\u0131\u015f\u0131r.\" \/>\n<meta property=\"og:url\" content=\"https:\/\/addio.eu\/tr\/product\/pir-sensor\/\" \/>\n<meta property=\"og:site_name\" content=\"Addio Electronics\" \/>\n<meta property=\"article:publisher\" content=\"https:\/\/www.facebook.com\/AddioElectronicsAB\/\" \/>\n<meta property=\"og:image\" content=\"https:\/\/addio.eu\/wp-content\/uploads\/2025\/03\/IMG_1610-scaled.jpg\" \/>\n\t<meta property=\"og:image:width\" content=\"2560\" \/>\n\t<meta property=\"og:image:height\" content=\"2415\" \/>\n\t<meta property=\"og:image:type\" content=\"image\/jpeg\" \/>\n<meta name=\"twitter:card\" content=\"summary_large_image\" \/>\n<script type=\"application\/ld+json\" class=\"yoast-schema-graph\">{\"@context\":\"https:\/\/schema.org\",\"@graph\":[{\"@type\":\"WebPage\",\"@id\":\"https:\/\/addio.eu\/tr\/product\/pir-sensor\/\",\"url\":\"https:\/\/addio.eu\/tr\/product\/pir-sensor\/\",\"name\":\"PIR-sens\u00f6r - Addio Electronics\",\"isPartOf\":{\"@id\":\"https:\/\/addio.eu\/tr\/#website\"},\"primaryImageOfPage\":{\"@id\":\"https:\/\/addio.eu\/tr\/product\/pir-sensor\/#primaryimage\"},\"image\":{\"@id\":\"https:\/\/addio.eu\/tr\/product\/pir-sensor\/#primaryimage\"},\"thumbnailUrl\":\"https:\/\/addio.eu\/wp-content\/uploads\/2025\/03\/IMG_1610-scaled.jpg\",\"datePublished\":\"2025-03-07T11:15:14+00:00\",\"breadcrumb\":{\"@id\":\"https:\/\/addio.eu\/tr\/product\/pir-sensor\/#breadcrumb\"},\"inLanguage\":\"tr\",\"potentialAction\":[{\"@type\":\"ReadAction\",\"target\":[\"https:\/\/addio.eu\/tr\/product\/pir-sensor\/\"]}]},{\"@type\":\"ImageObject\",\"inLanguage\":\"tr\",\"@id\":\"https:\/\/addio.eu\/tr\/product\/pir-sensor\/#primaryimage\",\"url\":\"https:\/\/addio.eu\/wp-content\/uploads\/2025\/03\/IMG_1610-scaled.jpg\",\"contentUrl\":\"https:\/\/addio.eu\/wp-content\/uploads\/2025\/03\/IMG_1610-scaled.jpg\",\"width\":2560,\"height\":2415},{\"@type\":\"BreadcrumbList\",\"@id\":\"https:\/\/addio.eu\/tr\/product\/pir-sensor\/#breadcrumb\",\"itemListElement\":[{\"@type\":\"ListItem\",\"position\":1,\"name\":\"Home\",\"item\":\"https:\/\/addio.eu\/tr\/addio-ana-sayfa\/\"},{\"@type\":\"ListItem\",\"position\":2,\"name\":\"\u00dcr\u00fcnler\",\"item\":\"https:\/\/addio.eu\/tr\/urunler\/\"},{\"@type\":\"ListItem\",\"position\":3,\"name\":\"PIR-sens\u00f6r\"}]},{\"@type\":\"WebSite\",\"@id\":\"https:\/\/addio.eu\/tr\/#website\",\"url\":\"https:\/\/addio.eu\/tr\/\",\"name\":\"addio.eu\",\"description\":\"\",\"publisher\":{\"@id\":\"https:\/\/addio.eu\/tr\/#organization\"},\"potentialAction\":[{\"@type\":\"SearchAction\",\"target\":{\"@type\":\"EntryPoint\",\"urlTemplate\":\"https:\/\/addio.eu\/tr\/?s={search_term_string}\"},\"query-input\":{\"@type\":\"PropertyValueSpecification\",\"valueRequired\":true,\"valueName\":\"search_term_string\"}}],\"inLanguage\":\"tr\"},{\"@type\":\"Organization\",\"@id\":\"https:\/\/addio.eu\/tr\/#organization\",\"name\":\"Addio Electronics\",\"url\":\"https:\/\/addio.eu\/tr\/\",\"logo\":{\"@type\":\"ImageObject\",\"inLanguage\":\"tr\",\"@id\":\"https:\/\/addio.eu\/tr\/#\/schema\/logo\/image\/\",\"url\":\"https:\/\/addio.eu\/wp-content\/uploads\/2024\/10\/Lager_1-1.svg\",\"contentUrl\":\"https:\/\/addio.eu\/wp-content\/uploads\/2024\/10\/Lager_1-1.svg\",\"width\":89,\"height\":26,\"caption\":\"Addio Electronics\"},\"image\":{\"@id\":\"https:\/\/addio.eu\/tr\/#\/schema\/logo\/image\/\"},\"sameAs\":[\"https:\/\/www.facebook.com\/AddioElectronicsAB\/\",\"https:\/\/www.linkedin.com\/company\/addio-electronics-ab\"]}]}<\/script>\n<!-- \/ Yoast SEO plugin. -->","yoast_head_json":{"title":"PIR-sens\u00f6r - Addio Electronics","robots":{"index":"index","follow":"follow","max-snippet":"max-snippet:-1","max-image-preview":"max-image-preview:large","max-video-preview":"max-video-preview:-1"},"canonical":"https:\/\/addio.eu\/tr\/product\/pir-sensor\/","og_locale":"tr_TR","og_type":"article","og_title":"PIR-sens\u00f6r - Addio Electronics","og_description":"Hareket alg\u0131land\u0131\u011f\u0131nda ayd\u0131nlatma a\u00e7\u0131l\u0131r ve kapanma s\u00fcresi yap\u0131land\u0131r\u0131labilir. Varsay\u0131lan 2 dakikad\u0131r. \u2022 Giri\u015f Voltaj\u0131: 12 &amp; 24V\u2022 Maksimum Y\u00fck: 84W\u2022 Alg\u0131lama A\u00e7\u0131s\u0131: 140\u00b0 Yatay, 140\u00b0 Dikey\u2022 Menzil: 5m\u2022 Kapanma zamanlay\u0131c\u0131s\u0131 1 dakikal\u0131k art\u0131\u015flarla ayarlanabilir\u2022 Terminal giri\u015fi ile IR sens\u00f6r \u00e7\u0131k\u0131\u015f\u0131n\u0131 devre d\u0131\u015f\u0131 b\u0131rakma se\u00e7ene\u011fi\u2022 Boyutlar: 67x59x30mm (kulak\u00e7\u0131k, terminal ve sens\u00f6r dahil)\" Bu sens\u00f6r ba\u011f\u0131ms\u0131z olarak veya DRB'lerimizle birlikte \u00e7al\u0131\u015f\u0131r.","og_url":"https:\/\/addio.eu\/tr\/product\/pir-sensor\/","og_site_name":"Addio Electronics","article_publisher":"https:\/\/www.facebook.com\/AddioElectronicsAB\/","og_image":[{"width":2560,"height":2415,"url":"https:\/\/addio.eu\/wp-content\/uploads\/2025\/03\/IMG_1610-scaled.jpg","type":"image\/jpeg"}],"twitter_card":"summary_large_image","schema":{"@context":"https:\/\/schema.org","@graph":[{"@type":"WebPage","@id":"https:\/\/addio.eu\/tr\/product\/pir-sensor\/","url":"https:\/\/addio.eu\/tr\/product\/pir-sensor\/","name":"PIR-sens\u00f6r - Addio Electronics","isPartOf":{"@id":"https:\/\/addio.eu\/tr\/#website"},"primaryImageOfPage":{"@id":"https:\/\/addio.eu\/tr\/product\/pir-sensor\/#primaryimage"},"image":{"@id":"https:\/\/addio.eu\/tr\/product\/pir-sensor\/#primaryimage"},"thumbnailUrl":"https:\/\/addio.eu\/wp-content\/uploads\/2025\/03\/IMG_1610-scaled.jpg","datePublished":"2025-03-07T11:15:14+00:00","breadcrumb":{"@id":"https:\/\/addio.eu\/tr\/product\/pir-sensor\/#breadcrumb"},"inLanguage":"tr","potentialAction":[{"@type":"ReadAction","target":["https:\/\/addio.eu\/tr\/product\/pir-sensor\/"]}]},{"@type":"ImageObject","inLanguage":"tr","@id":"https:\/\/addio.eu\/tr\/product\/pir-sensor\/#primaryimage","url":"https:\/\/addio.eu\/wp-content\/uploads\/2025\/03\/IMG_1610-scaled.jpg","contentUrl":"https:\/\/addio.eu\/wp-content\/uploads\/2025\/03\/IMG_1610-scaled.jpg","width":2560,"height":2415},{"@type":"BreadcrumbList","@id":"https:\/\/addio.eu\/tr\/product\/pir-sensor\/#breadcrumb","itemListElement":[{"@type":"ListItem","position":1,"name":"Home","item":"https:\/\/addio.eu\/tr\/addio-ana-sayfa\/"},{"@type":"ListItem","position":2,"name":"\u00dcr\u00fcnler","item":"https:\/\/addio.eu\/tr\/urunler\/"},{"@type":"ListItem","position":3,"name":"PIR-sens\u00f6r"}]},{"@type":"WebSite","@id":"https:\/\/addio.eu\/tr\/#website","url":"https:\/\/addio.eu\/tr\/","name":"addio.eu","description":"","publisher":{"@id":"https:\/\/addio.eu\/tr\/#organization"},"potentialAction":[{"@type":"SearchAction","target":{"@type":"EntryPoint","urlTemplate":"https:\/\/addio.eu\/tr\/?s={search_term_string}"},"query-input":{"@type":"PropertyValueSpecification","valueRequired":true,"valueName":"search_term_string"}}],"inLanguage":"tr"},{"@type":"Organization","@id":"https:\/\/addio.eu\/tr\/#organization","name":"Addio Electronics","url":"https:\/\/addio.eu\/tr\/","logo":{"@type":"ImageObject","inLanguage":"tr","@id":"https:\/\/addio.eu\/tr\/#\/schema\/logo\/image\/","url":"https:\/\/addio.eu\/wp-content\/uploads\/2024\/10\/Lager_1-1.svg","contentUrl":"https:\/\/addio.eu\/wp-content\/uploads\/2024\/10\/Lager_1-1.svg","width":89,"height":26,"caption":"Addio Electronics"},"image":{"@id":"https:\/\/addio.eu\/tr\/#\/schema\/logo\/image\/"},"sameAs":["https:\/\/www.facebook.com\/AddioElectronicsAB\/","https:\/\/www.linkedin.com\/company\/addio-electronics-ab"]}]}},"_links":{"self":[{"href":"https:\/\/addio.eu\/tr\/wp-json\/wp\/v2\/product\/14625","targetHints":{"allow":["GET"]}}],"collection":[{"href":"https:\/\/addio.eu\/tr\/wp-json\/wp\/v2\/product"}],"about":[{"href":"https:\/\/addio.eu\/tr\/wp-json\/wp\/v2\/types\/product"}],"replies":[{"embeddable":true,"href":"https:\/\/addio.eu\/tr\/wp-json\/wp\/v2\/comments?post=14625"}],"wp:featuredmedia":[{"embeddable":true,"href":"https:\/\/addio.eu\/tr\/wp-json\/wp\/v2\/media\/5934"}],"wp:attachment":[{"href":"https:\/\/addio.eu\/tr\/wp-json\/wp\/v2\/media?parent=14625"}],"wp:term":[{"taxonomy":"product_brand","embeddable":true,"href":"https:\/\/addio.eu\/tr\/wp-json\/wp\/v2\/product_brand?post=14625"},{"taxonomy":"product_cat","embeddable":true,"href":"https:\/\/addio.eu\/tr\/wp-json\/wp\/v2\/product_cat?post=14625"},{"taxonomy":"product_tag","embeddable":true,"href":"https:\/\/addio.eu\/tr\/wp-json\/wp\/v2\/product_tag?post=14625"}],"curies":[{"name":"wp","href":"https:\/\/api.w.org\/{rel}","templated":true}]}}