{"id":15521,"date":"2024-10-18T18:10:36","date_gmt":"2024-10-18T18:10:36","guid":{"rendered":"https:\/\/addio.eu\/cerez-politikasi\/"},"modified":"2026-01-29T13:23:55","modified_gmt":"2026-01-29T13:23:55","slug":"cerez-politikasi","status":"publish","type":"page","link":"https:\/\/addio.eu\/tr\/cerez-politikasi\/","title":{"rendered":"\u00c7erez Politikas\u0131"},"content":{"rendered":"\t\t<div data-elementor-type=\"wp-page\" data-elementor-id=\"15521\" class=\"elementor elementor-15521 elementor-2366\" data-elementor-post-type=\"page\">\n\t\t\t\t<div class=\"elementor-element elementor-element-482efb4 e-flex e-con-boxed e-con e-parent\" data-id=\"482efb4\" data-element_type=\"container\">\n\t\t\t\t\t<div class=\"e-con-inner\">\n\t\t<div class=\"elementor-element elementor-element-4abc206 e-con-full e-flex e-con e-child\" data-id=\"4abc206\" data-element_type=\"container\">\n\t\t<div class=\"elementor-element elementor-element-79a61e0 e-con-full e-flex e-con e-child\" data-id=\"79a61e0\" data-element_type=\"container\">\n\t\t\t\t<div class=\"elementor-element elementor-element-2ef6fc3 elementor-widget elementor-widget-text-editor\" data-id=\"2ef6fc3\" data-element_type=\"widget\" data-widget_type=\"text-editor.default\">\n\t\t\t\t<div class=\"elementor-widget-container\">\n\t\t\t\t\t\t\t\t\t<p><strong>30 Eyl\u00fcl&#8217;de g\u00fcncellendi<\/strong><\/p><p><strong>Addio olarak, web sitemizde (https:\/\/addio.eu) deneyiminizi iyile\u015ftirmek, kullan\u0131m\u0131 analiz etmek ve hizmetlerimizin verimli \u00e7al\u0131\u015fmas\u0131n\u0131 sa\u011flamak i\u00e7in \u00e7erezler ve benzer izleme teknolojileri kullan\u0131yoruz. Bu \u00c7erez Politikas\u0131, \u00e7erezlerin ne oldu\u011funu, onlar\u0131 nas\u0131l kulland\u0131\u011f\u0131m\u0131z\u0131, kullan\u0131mlar\u0131yla ilgili se\u00e7eneklerinizi ve \u00e7erez tercihlerinizi nas\u0131l y\u00f6netebilece\u011finizi a\u00e7\u0131klamaktad\u0131r. <\/strong><\/p><p><strong>1. \u00c7erezler Nedir?<\/strong><br>\u00c7erezler, bir web sitesini ziyaret etti\u011finizde cihaz\u0131n\u0131za (bilgisayar, tablet veya ak\u0131ll\u0131 telefon) kaydedilen k\u00fc\u00e7\u00fck metin dosyalar\u0131d\u0131r. Bunlar, web sitesinin eylemlerinizi ve tercihlerinizi (giri\u015f bilgileri, dil ve g\u00f6r\u00fcnt\u00fcleme tercihleri gibi) belirli bir s\u00fcre boyunca hat\u0131rlamas\u0131n\u0131 sa\u011flar, b\u00f6ylece siteyi her ziyaret etti\u011finizde veya sayfalar aras\u0131nda gezinirken bunlar\u0131 tekrar girmeniz gerekmez.<br>Web sitemizde kulland\u0131\u011f\u0131m\u0131z farkl\u0131 \u00e7erez t\u00fcrleri vard\u0131r ve her biri belirli bir amaca hizmet eder. <\/p><p><strong>2. Kulland\u0131\u011f\u0131m\u0131z \u00c7erez T\u00fcrleri<\/strong><br><strong>2.1 Temel \u00c7erezler<br><\/strong>Bu \u00e7erezler, web sitesinin d\u00fczg\u00fcn \u00e7al\u0131\u015fmas\u0131 i\u00e7in gereklidir. Bunlar olmadan, web sitesinin g\u00fcvenli alanlar\u0131na eri\u015fmek veya i\u015flemleri tamamlamak gibi belirli \u00f6zellikleri kullanamayabilirsiniz. \u00d6rnekler \u015funlar\u0131 i\u00e7erir:<\/p><ul><li>M\u00fc\u015fteri portal\u0131na giri\u015f yapman\u0131z\u0131 ve kullanman\u0131z\u0131 sa\u011flayan oturum y\u00f6netimi \u00e7erezleri.<\/li><li>Hizmetlerimizin g\u00fcvenli\u011fini ve b\u00fct\u00fcnl\u00fc\u011f\u00fcn\u00fc korumak i\u00e7in \u00e7erezler.<br><br><\/li><\/ul><p><strong>2.2 Performans ve Analiz \u00c7erezleri<\/strong><br>Bu \u00e7erezler, ziyaret\u00e7ilerin web sitemizle nas\u0131l etkile\u015fimde bulundu\u011funu anonim olarak bilgi toplayarak anlamam\u0131za yard\u0131mc\u0131 olur. Bu \u00e7erezleri ziyaret\u00e7i davran\u0131\u015f\u0131n\u0131 analiz etmek, kullan\u0131m modellerini takip etmek ve web sitesinin genel i\u015flevselli\u011fini ve performans\u0131n\u0131 iyile\u015ftirmek i\u00e7in kullan\u0131r\u0131z. \u00d6rnekler \u015funlar\u0131 i\u00e7erir:<\/p><ul><li>Web sitesi trafi\u011fini ve kullan\u0131m trendlerini takip etmek i\u00e7in Google Analytics \u00e7erezleri.<br><br><\/li><\/ul><p><strong>2.3 \u0130\u015flevsellik \u00c7erezleri<\/strong><br>\u0130\u015flevsellik \u00e7erezleri, tercihlerinizi hat\u0131rlamam\u0131z\u0131 ve ki\u015fiselle\u015ftirilmi\u015f \u00f6zellikler sunmam\u0131z\u0131 sa\u011flar. Bu \u00e7erezler, dil ayarlar\u0131 veya \u00f6nceki al\u0131\u015fveri\u015f tercihleri gibi yapt\u0131\u011f\u0131n\u0131z se\u00e7imleri hat\u0131rlayarak kullan\u0131c\u0131 deneyimini geli\u015ftirmeye yard\u0131mc\u0131 olur. <\/p><p><br><strong>2.4 Reklam ve Hedefleme \u00c7erezleri<br><\/strong>Bu \u00e7erezler, ilgi alanlar\u0131n\u0131za g\u00f6re size ilgili reklamlar sunmak i\u00e7in kullan\u0131l\u0131r. Gezinme al\u0131\u015fkanl\u0131klar\u0131n\u0131z\u0131 takip eder ve sitemizde veya \u00fc\u00e7\u00fcnc\u00fc taraf platformlarda size hedefli reklamlar sunmam\u0131z\u0131 sa\u011flar. Bu \u00e7erezler ayr\u0131ca bir reklam\u0131 g\u00f6rme say\u0131n\u0131z\u0131 s\u0131n\u0131rlar ve reklam kampanyalar\u0131m\u0131z\u0131n etkinli\u011fini \u00f6l\u00e7meye yard\u0131mc\u0131 olur.  <\/p><p><strong>2.5 \u00dc\u00e7\u00fcnc\u00fc Taraf \u00c7erezleri<\/strong><br>Google gibi \u00fc\u00e7\u00fcnc\u00fc taraf hizmet sa\u011flay\u0131c\u0131lar\u0131n analiz ve reklam ama\u00e7l\u0131 olarak cihaz\u0131n\u0131za \u00e7erez yerle\u015ftirmesine izin verebiliriz. Bu \u00fc\u00e7\u00fcnc\u00fc taraf \u00e7erezler kendi gizlilik ve \u00e7erez politikalar\u0131na tabidir ve toplad\u0131klar\u0131 bilgiler \u00fczerinde kontrol\u00fcm\u00fcz yoktur. <\/p><p><strong>3. \u00c7erezleri Nas\u0131l Kullan\u0131yoruz<br><\/strong>\u00c7erezleri \u00e7e\u015fitli nedenlerle kullan\u0131r\u0131z, bunlar aras\u0131nda:<\/p><ul><li>Giri\u015f bilgilerinizi hat\u0131rlamak ve sizi oturumda tutmak.<\/li><li>Sipari\u015flerinizin i\u015flenmesini kolayla\u015ft\u0131rmak ve i\u015flemlerimizin g\u00fcvenli\u011fini sa\u011flamak.<\/li><li>Web sitemizin performans\u0131n\u0131 ve tasar\u0131m\u0131n\u0131 analiz etmek ve iyile\u015ftirmek.<\/li><li>Kullan\u0131c\u0131lar\u0131n web sitemizle nas\u0131l etkile\u015fimde bulundu\u011funu anlamak ve kullan\u0131labilirli\u011fi art\u0131rmak.<\/li><li>Gezinme davran\u0131\u015f\u0131n\u0131za g\u00f6re ki\u015fiselle\u015ftirilmi\u015f i\u00e7erik ve reklamlar g\u00f6stermek.<br><br><\/li><\/ul><p><strong>4. \u00c7erezlerle \u0130lgili Se\u00e7iminiz <\/strong><br>Web sitemizde \u00e7erezleri kabul etme veya reddetme hakk\u0131na sahipsiniz. Web sitemizi ilk ziyaretinizde, tercihlerinizi y\u00f6netmenize olanak tan\u0131yan bir \u00e7erez onay banner&#8217;\u0131 ile kar\u015f\u0131la\u015facaks\u0131n\u0131z. <\/p><p><strong>4.1 \u00c7erez Tercihlerini Y\u00f6netme<br><\/strong>Taray\u0131c\u0131n\u0131zdaki ayarlar\u0131 d\u00fczenleyerek istedi\u011finiz zaman \u00e7erezleri y\u00f6netebilir veya devre d\u0131\u015f\u0131 b\u0131rakabilirsiniz. Her taray\u0131c\u0131, \u00e7erez tercihlerini yap\u0131land\u0131rmak i\u00e7in farkl\u0131 yollar sunar. Pop\u00fcler taray\u0131c\u0131larda \u00e7erezleri y\u00f6netmek i\u00e7in a\u015fa\u011f\u0131daki ba\u011flant\u0131lar verilmi\u015ftir:  <\/p><ul><li>Google Chrome<\/li><li><a href=\"https:\/\/support.mozilla.org\/en-US\/kb\/enable-and-disable-cookies-website-preferences\">M<\/a><a href=\"https:\/\/support.mozilla.org\/en-US\/kb\/enable-and-disable-cookies-website-preferences\">ozilla Firefox<\/a><\/li><li><a href=\"https:\/\/support.apple.com\/guide\/safari\/manage-cookies-and-website-data-sfri11471\/mac\">Apple Safari<\/a><\/li><li><a href=\"https:\/\/support.microsoft.com\/en-us\/help\/4027947\/microsoft-edge-delete-cookies\">Microsoft Edge<\/a><\/li><\/ul><p>L\u00fctfen \u00e7erezleri devre d\u0131\u015f\u0131 b\u0131rakman\u0131n web sitemizin i\u015flevselli\u011fini etkileyebilece\u011fini ve belirli \u00f6zelliklere eri\u015femeyebilece\u011finizi unutmay\u0131n. <br><br><strong>4.2 \u00c7erez Onay\u0131n\u0131 Geri \u00c7ekme<br><\/strong>Daha \u00f6nce \u00e7erezlerin kullan\u0131m\u0131na onay verdiyseniz ve onay\u0131n\u0131z\u0131 geri \u00e7ekmek istiyorsan\u0131z, taray\u0131c\u0131 ayarlar\u0131n\u0131zda depolanan \u00e7erezleri temizleyerek veya web sitemizdeki \u00e7erez ayarlar\u0131 a\u00e7\u0131l\u0131r penceresinden \u00e7erez tercihlerinizi ayarlayarak bunu yapabilirsiniz.<\/p><p><strong>5 \u00dc\u00e7\u00fcnc\u00fc Taraf Hizmetleri<\/strong><br>Ziyaret\u00e7ilerin web sitemizi nas\u0131l kulland\u0131\u011f\u0131n\u0131 anlamam\u0131za yard\u0131mc\u0131 olmak i\u00e7in Google Analytics gibi \u00fc\u00e7\u00fcnc\u00fc taraf hizmet sa\u011flay\u0131c\u0131lar\u0131 kullan\u0131yoruz. Bu \u00fc\u00e7\u00fcnc\u00fc taraf hizmetler, siteyi ziyaret eden ki\u015fi say\u0131s\u0131 ve pop\u00fcler sayfalar gibi anonim verileri toplamak i\u00e7in de \u00e7erezler kullanabilir.<br>Google&#8217;\u0131n \u00e7erezleri arac\u0131l\u0131\u011f\u0131yla veri toplama ve i\u015fleme \u015fekli hakk\u0131nda daha fazla bilgi i\u00e7in <a href=\"https:\/\/policies.google.com\/privacy.\">https:\/\/policies.google.com\/privacy<\/a> adresindeki gizlilik politikas\u0131n\u0131 ziyaret edebilirsiniz. <\/p><p><strong>6 Bu \u00c7erez Politikas\u0131n\u0131n G\u00fcncellenmesi<\/strong><br>\u00c7erez kullan\u0131m uygulamalar\u0131m\u0131zdaki de\u011fi\u015fiklikleri yans\u0131tmak veya yasal nedenlerle bu \u00c7erez Politikas\u0131n\u0131 zaman zaman g\u00fcncelleyebiliriz. \u00d6nemli de\u011fi\u015fiklikler yapt\u0131\u011f\u0131m\u0131zda, bu politikan\u0131n g\u00fcncellenmi\u015f bir versiyonunu revize edilmi\u015f y\u00fcr\u00fcrl\u00fck tarihiyle birlikte web sitemizde yay\u0131nlayaca\u011f\u0131z.<br>\u00c7erezleri nas\u0131l kulland\u0131\u011f\u0131m\u0131z ve ilgili se\u00e7enekleriniz hakk\u0131nda bilgi sahibi olmak i\u00e7in bu politikay\u0131 periyodik olarak g\u00f6zden ge\u00e7irmenizi \u00f6neririz. <\/p><p><strong>6 Bize Ula\u015f\u0131n <\/strong><br>\u00c7erez kullan\u0131m\u0131m\u0131z veya bu \u00c7erez Politikas\u0131 hakk\u0131nda herhangi bir sorunuz veya endi\u015feniz varsa, l\u00fctfen bizimle ileti\u015fime ge\u00e7in:<\/p><p><strong>Addio <br>E-posta: <a href=\"mailto:info@addio.eu\">info@addio.eu<\/a><\/strong><\/p>\t\t\t\t\t\t\t\t<\/div>\n\t\t\t\t<\/div>\n\t\t\t\t<\/div>\n\t\t<div class=\"elementor-element elementor-element-a36d95e e-con-full e-flex e-con e-child\" data-id=\"a36d95e\" data-element_type=\"container\">\n\t\t\t\t<div class=\"elementor-element elementor-element-5cc2df3 elementor-icon-list--layout-traditional elementor-list-item-link-full_width elementor-widget elementor-widget-icon-list\" data-id=\"5cc2df3\" data-element_type=\"widget\" data-widget_type=\"icon-list.default\">\n\t\t\t\t<div class=\"elementor-widget-container\">\n\t\t\t\t\t\t\t<ul class=\"elementor-icon-list-items\">\n\t\t\t\t\t\t\t<li class=\"elementor-icon-list-item\">\n\t\t\t\t\t\t\t\t\t\t\t<span class=\"elementor-icon-list-icon\">\n\t\t\t\t\t\t\t<svg xmlns=\"http:\/\/www.w3.org\/2000\/svg\" width=\"34\" height=\"34\" viewBox=\"0 0 34 34\" fill=\"none\"><g clip-path=\"url(#clip0_102_8520)\"><path d=\"M8.9802 16.6182C8.87917 16.8627 8.87917 17.1373 8.9802 17.3818C9.02898 17.5031 9.10105 17.6136 9.19233 17.7071L16.2634 24.7782C16.4509 24.9657 16.7053 25.0711 16.9705 25.0711C17.2357 25.0711 17.4901 24.9657 17.6776 24.7782C17.8652 24.5906 17.9705 24.3363 17.9705 24.0711C17.9705 23.8058 17.8652 23.5515 17.6776 23.364L12.3107 17.997L24.0416 18.0041C24.1736 18.0046 24.3044 17.979 24.4265 17.9288C24.5485 17.8785 24.6594 17.8046 24.7528 17.7112C24.8461 17.6179 24.9201 17.507 24.9703 17.3849C25.0206 17.2628 25.0462 17.132 25.0457 17C25.0462 16.868 25.0206 16.7372 24.9703 16.6151C24.9201 16.493 24.8461 16.3821 24.7528 16.2888C24.6594 16.1954 24.5485 16.1215 24.4265 16.0712C24.3044 16.021 24.1736 15.9954 24.0416 15.9959L12.3107 16.003L17.6776 10.636C17.8652 10.4485 17.9705 10.1941 17.9705 9.92893C17.9705 9.66371 17.8652 9.40936 17.6776 9.22182C17.4901 9.03429 17.2357 8.92893 16.9705 8.92893C16.7053 8.92893 16.4509 9.03429 16.2634 9.22182L9.19233 16.2929C9.10105 16.3864 9.02898 16.4969 8.9802 16.6182Z\" fill=\"#00DB72\"><\/path><\/g><defs><clipPath id=\"clip0_102_8520\"><rect width=\"24\" height=\"24\" fill=\"white\" transform=\"translate(16.9707 33.9706) rotate(-135)\"><\/rect><\/clipPath><\/defs><\/svg>\t\t\t\t\t\t<\/span>\n\t\t\t\t\t\t\t\t\t\t<span class=\"elementor-icon-list-text\">\u00c7erez Politikas\u0131<\/span>\n\t\t\t\t\t\t\t\t\t<\/li>\n\t\t\t\t\t\t<\/ul>\n\t\t\t\t\t\t<\/div>\n\t\t\t\t<\/div>\n\t\t\t\t<div class=\"elementor-element elementor-element-8a5470c elementor-icon-list--layout-traditional elementor-list-item-link-full_width elementor-widget elementor-widget-icon-list\" data-id=\"8a5470c\" data-element_type=\"widget\" data-widget_type=\"icon-list.default\">\n\t\t\t\t<div class=\"elementor-widget-container\">\n\t\t\t\t\t\t\t<ul class=\"elementor-icon-list-items\">\n\t\t\t\t\t\t\t<li class=\"elementor-icon-list-item\">\n\t\t\t\t\t\t\t\t\t\t\t<a href=\"https:\/\/addio.eu\/privacy-policy\/\">\n\n\t\t\t\t\t\t\t\t\t\t\t\t<span class=\"elementor-icon-list-icon\">\n\t\t\t\t\t\t\t<svg xmlns=\"http:\/\/www.w3.org\/2000\/svg\" width=\"24\" height=\"24\" viewBox=\"0 0 24 24\" fill=\"none\"><path d=\"M17.9199 6.62C17.8185 6.37565 17.6243 6.18147 17.3799 6.08C17.2597 6.02876 17.1306 6.00158 16.9999 6H6.99994C6.73472 6 6.48037 6.10536 6.29283 6.29289C6.1053 6.48043 5.99994 6.73478 5.99994 7C5.99994 7.26522 6.1053 7.51957 6.29283 7.70711C6.48037 7.89464 6.73472 8 6.99994 8H14.5899L6.28994 16.29C6.19621 16.383 6.12182 16.4936 6.07105 16.6154C6.02028 16.7373 5.99414 16.868 5.99414 17C5.99414 17.132 6.02028 17.2627 6.07105 17.3846C6.12182 17.5064 6.19621 17.617 6.28994 17.71C6.3829 17.8037 6.4935 17.8781 6.61536 17.9289C6.73722 17.9797 6.86793 18.0058 6.99994 18.0058C7.13195 18.0058 7.26266 17.9797 7.38452 17.9289C7.50638 17.8781 7.61698 17.8037 7.70994 17.71L15.9999 9.41V17C15.9999 17.2652 16.1053 17.5196 16.2928 17.7071C16.4804 17.8946 16.7347 18 16.9999 18C17.2652 18 17.5195 17.8946 17.707 17.7071C17.8946 17.5196 17.9999 17.2652 17.9999 17V7C17.9984 6.86932 17.9712 6.74022 17.9199 6.62Z\" fill=\"#393939\"><\/path><\/svg>\t\t\t\t\t\t<\/span>\n\t\t\t\t\t\t\t\t\t\t<span class=\"elementor-icon-list-text\">Gizlilik Politikas\u0131<\/span>\n\t\t\t\t\t\t\t\t\t\t\t<\/a>\n\t\t\t\t\t\t\t\t\t<\/li>\n\t\t\t\t\t\t<\/ul>\n\t\t\t\t\t\t<\/div>\n\t\t\t\t<\/div>\n\t\t\t\t<div class=\"elementor-element elementor-element-4fc5578 elementor-icon-list--layout-traditional elementor-list-item-link-full_width elementor-widget elementor-widget-icon-list\" data-id=\"4fc5578\" data-element_type=\"widget\" data-widget_type=\"icon-list.default\">\n\t\t\t\t<div class=\"elementor-widget-container\">\n\t\t\t\t\t\t\t<ul class=\"elementor-icon-list-items\">\n\t\t\t\t\t\t\t<li class=\"elementor-icon-list-item\">\n\t\t\t\t\t\t\t\t\t\t\t<a href=\"https:\/\/addio.eu\/terms-and-conditions\/\">\n\n\t\t\t\t\t\t\t\t\t\t\t\t<span class=\"elementor-icon-list-icon\">\n\t\t\t\t\t\t\t<svg xmlns=\"http:\/\/www.w3.org\/2000\/svg\" width=\"24\" height=\"24\" viewBox=\"0 0 24 24\" fill=\"none\"><path d=\"M17.9199 6.62C17.8185 6.37565 17.6243 6.18147 17.3799 6.08C17.2597 6.02876 17.1306 6.00158 16.9999 6H6.99994C6.73472 6 6.48037 6.10536 6.29283 6.29289C6.1053 6.48043 5.99994 6.73478 5.99994 7C5.99994 7.26522 6.1053 7.51957 6.29283 7.70711C6.48037 7.89464 6.73472 8 6.99994 8H14.5899L6.28994 16.29C6.19621 16.383 6.12182 16.4936 6.07105 16.6154C6.02028 16.7373 5.99414 16.868 5.99414 17C5.99414 17.132 6.02028 17.2627 6.07105 17.3846C6.12182 17.5064 6.19621 17.617 6.28994 17.71C6.3829 17.8037 6.4935 17.8781 6.61536 17.9289C6.73722 17.9797 6.86793 18.0058 6.99994 18.0058C7.13195 18.0058 7.26266 17.9797 7.38452 17.9289C7.50638 17.8781 7.61698 17.8037 7.70994 17.71L15.9999 9.41V17C15.9999 17.2652 16.1053 17.5196 16.2928 17.7071C16.4804 17.8946 16.7347 18 16.9999 18C17.2652 18 17.5195 17.8946 17.707 17.7071C17.8946 17.5196 17.9999 17.2652 17.9999 17V7C17.9984 6.86932 17.9712 6.74022 17.9199 6.62Z\" fill=\"#393939\"><\/path><\/svg>\t\t\t\t\t\t<\/span>\n\t\t\t\t\t\t\t\t\t\t<span class=\"elementor-icon-list-text\">\u015eartlar ve Ko\u015fullar<\/span>\n\t\t\t\t\t\t\t\t\t\t\t<\/a>\n\t\t\t\t\t\t\t\t\t<\/li>\n\t\t\t\t\t\t<\/ul>\n\t\t\t\t\t\t<\/div>\n\t\t\t\t<\/div>\n\t\t\t\t<\/div>\n\t\t\t\t<\/div>\n\t\t\t\t\t<\/div>\n\t\t\t\t<\/div>\n\t\t\t\t<\/div>\n\t\t","protected":false},"excerpt":{"rendered":"<p>30 Eyl\u00fcl&#8217;de g\u00fcncellendi Addio olarak, web sitemizde (https:\/\/addio.eu) deneyiminizi iyile\u015ftirmek, kullan\u0131m\u0131 analiz etmek ve hizmetlerimizin verimli \u00e7al\u0131\u015fmas\u0131n\u0131 sa\u011flamak i\u00e7in \u00e7erezler ve benzer izleme teknolojileri kullan\u0131yoruz. Bu \u00c7erez Politikas\u0131, \u00e7erezlerin ne oldu\u011funu, onlar\u0131 nas\u0131l kulland\u0131\u011f\u0131m\u0131z\u0131, kullan\u0131mlar\u0131yla ilgili se\u00e7eneklerinizi ve \u00e7erez tercihlerinizi nas\u0131l y\u00f6netebilece\u011finizi a\u00e7\u0131klamaktad\u0131r. 1. \u00c7erezler Nedir?\u00c7erezler, bir web sitesini ziyaret etti\u011finizde cihaz\u0131n\u0131za (bilgisayar, tablet veya [&hellip;]<\/p>\n","protected":false},"author":3,"featured_media":0,"parent":0,"menu_order":0,"comment_status":"closed","ping_status":"closed","template":"","meta":{"footnotes":""},"class_list":["post-15521","page","type-page","status-publish","hentry"],"yoast_head":"<!-- This site is optimized with the Yoast SEO plugin v26.0 - https:\/\/yoast.com\/wordpress\/plugins\/seo\/ -->\n<title>\u00c7erez Politikas\u0131 - Addio Electronics<\/title>\n<meta name=\"robots\" content=\"index, follow, max-snippet:-1, max-image-preview:large, max-video-preview:-1\" \/>\n<link rel=\"canonical\" href=\"https:\/\/addio.eu\/tr\/cerez-politikasi\/\" \/>\n<meta property=\"og:locale\" content=\"tr_TR\" \/>\n<meta property=\"og:type\" content=\"article\" \/>\n<meta property=\"og:title\" content=\"\u00c7erez Politikas\u0131 - Addio Electronics\" \/>\n<meta property=\"og:description\" content=\"30 Eyl\u00fcl&#8217;de g\u00fcncellendi Addio olarak, web sitemizde (https:\/\/addio.eu) deneyiminizi iyile\u015ftirmek, kullan\u0131m\u0131 analiz etmek ve hizmetlerimizin verimli \u00e7al\u0131\u015fmas\u0131n\u0131 sa\u011flamak i\u00e7in \u00e7erezler ve benzer izleme teknolojileri kullan\u0131yoruz. Bu \u00c7erez Politikas\u0131, \u00e7erezlerin ne oldu\u011funu, onlar\u0131 nas\u0131l kulland\u0131\u011f\u0131m\u0131z\u0131, kullan\u0131mlar\u0131yla ilgili se\u00e7eneklerinizi ve \u00e7erez tercihlerinizi nas\u0131l y\u00f6netebilece\u011finizi a\u00e7\u0131klamaktad\u0131r. 1. \u00c7erezler Nedir?\u00c7erezler, bir web sitesini ziyaret etti\u011finizde cihaz\u0131n\u0131za (bilgisayar, tablet veya [&hellip;]\" \/>\n<meta property=\"og:url\" content=\"https:\/\/addio.eu\/tr\/cerez-politikasi\/\" \/>\n<meta property=\"og:site_name\" content=\"Addio Electronics\" \/>\n<meta property=\"article:publisher\" content=\"https:\/\/www.facebook.com\/AddioElectronicsAB\/\" \/>\n<meta property=\"article:modified_time\" content=\"2026-01-29T13:23:55+00:00\" \/>\n<meta name=\"twitter:card\" content=\"summary_large_image\" \/>\n<meta name=\"twitter:label1\" content=\"Est. reading time\" \/>\n\t<meta name=\"twitter:data1\" content=\"4 dakika\" \/>\n<script type=\"application\/ld+json\" class=\"yoast-schema-graph\">{\"@context\":\"https:\/\/schema.org\",\"@graph\":[{\"@type\":\"WebPage\",\"@id\":\"https:\/\/addio.eu\/tr\/cerez-politikasi\/\",\"url\":\"https:\/\/addio.eu\/tr\/cerez-politikasi\/\",\"name\":\"\u00c7erez Politikas\u0131 - Addio Electronics\",\"isPartOf\":{\"@id\":\"https:\/\/addio.eu\/tr\/#website\"},\"datePublished\":\"2024-10-18T18:10:36+00:00\",\"dateModified\":\"2026-01-29T13:23:55+00:00\",\"breadcrumb\":{\"@id\":\"https:\/\/addio.eu\/tr\/cerez-politikasi\/#breadcrumb\"},\"inLanguage\":\"tr\",\"potentialAction\":[{\"@type\":\"ReadAction\",\"target\":[\"https:\/\/addio.eu\/tr\/cerez-politikasi\/\"]}]},{\"@type\":\"BreadcrumbList\",\"@id\":\"https:\/\/addio.eu\/tr\/cerez-politikasi\/#breadcrumb\",\"itemListElement\":[{\"@type\":\"ListItem\",\"position\":1,\"name\":\"Home\",\"item\":\"https:\/\/addio.eu\/tr\/addio-ana-sayfa\/\"},{\"@type\":\"ListItem\",\"position\":2,\"name\":\"\u00c7erez Politikas\u0131\"}]},{\"@type\":\"WebSite\",\"@id\":\"https:\/\/addio.eu\/tr\/#website\",\"url\":\"https:\/\/addio.eu\/tr\/\",\"name\":\"addio.eu\",\"description\":\"\",\"publisher\":{\"@id\":\"https:\/\/addio.eu\/tr\/#organization\"},\"potentialAction\":[{\"@type\":\"SearchAction\",\"target\":{\"@type\":\"EntryPoint\",\"urlTemplate\":\"https:\/\/addio.eu\/tr\/?s={search_term_string}\"},\"query-input\":{\"@type\":\"PropertyValueSpecification\",\"valueRequired\":true,\"valueName\":\"search_term_string\"}}],\"inLanguage\":\"tr\"},{\"@type\":\"Organization\",\"@id\":\"https:\/\/addio.eu\/tr\/#organization\",\"name\":\"Addio Electronics\",\"url\":\"https:\/\/addio.eu\/tr\/\",\"logo\":{\"@type\":\"ImageObject\",\"inLanguage\":\"tr\",\"@id\":\"https:\/\/addio.eu\/tr\/#\/schema\/logo\/image\/\",\"url\":\"https:\/\/addio.eu\/wp-content\/uploads\/2024\/10\/Lager_1-1.svg\",\"contentUrl\":\"https:\/\/addio.eu\/wp-content\/uploads\/2024\/10\/Lager_1-1.svg\",\"width\":89,\"height\":26,\"caption\":\"Addio Electronics\"},\"image\":{\"@id\":\"https:\/\/addio.eu\/tr\/#\/schema\/logo\/image\/\"},\"sameAs\":[\"https:\/\/www.facebook.com\/AddioElectronicsAB\/\",\"https:\/\/www.linkedin.com\/company\/addio-electronics-ab\"]}]}<\/script>\n<!-- \/ Yoast SEO plugin. -->","yoast_head_json":{"title":"\u00c7erez Politikas\u0131 - Addio Electronics","robots":{"index":"index","follow":"follow","max-snippet":"max-snippet:-1","max-image-preview":"max-image-preview:large","max-video-preview":"max-video-preview:-1"},"canonical":"https:\/\/addio.eu\/tr\/cerez-politikasi\/","og_locale":"tr_TR","og_type":"article","og_title":"\u00c7erez Politikas\u0131 - Addio Electronics","og_description":"30 Eyl\u00fcl&#8217;de g\u00fcncellendi Addio olarak, web sitemizde (https:\/\/addio.eu) deneyiminizi iyile\u015ftirmek, kullan\u0131m\u0131 analiz etmek ve hizmetlerimizin verimli \u00e7al\u0131\u015fmas\u0131n\u0131 sa\u011flamak i\u00e7in \u00e7erezler ve benzer izleme teknolojileri kullan\u0131yoruz. Bu \u00c7erez Politikas\u0131, \u00e7erezlerin ne oldu\u011funu, onlar\u0131 nas\u0131l kulland\u0131\u011f\u0131m\u0131z\u0131, kullan\u0131mlar\u0131yla ilgili se\u00e7eneklerinizi ve \u00e7erez tercihlerinizi nas\u0131l y\u00f6netebilece\u011finizi a\u00e7\u0131klamaktad\u0131r. 1. \u00c7erezler Nedir?\u00c7erezler, bir web sitesini ziyaret etti\u011finizde cihaz\u0131n\u0131za (bilgisayar, tablet veya [&hellip;]","og_url":"https:\/\/addio.eu\/tr\/cerez-politikasi\/","og_site_name":"Addio Electronics","article_publisher":"https:\/\/www.facebook.com\/AddioElectronicsAB\/","article_modified_time":"2026-01-29T13:23:55+00:00","twitter_card":"summary_large_image","twitter_misc":{"Est. reading time":"4 dakika"},"schema":{"@context":"https:\/\/schema.org","@graph":[{"@type":"WebPage","@id":"https:\/\/addio.eu\/tr\/cerez-politikasi\/","url":"https:\/\/addio.eu\/tr\/cerez-politikasi\/","name":"\u00c7erez Politikas\u0131 - Addio Electronics","isPartOf":{"@id":"https:\/\/addio.eu\/tr\/#website"},"datePublished":"2024-10-18T18:10:36+00:00","dateModified":"2026-01-29T13:23:55+00:00","breadcrumb":{"@id":"https:\/\/addio.eu\/tr\/cerez-politikasi\/#breadcrumb"},"inLanguage":"tr","potentialAction":[{"@type":"ReadAction","target":["https:\/\/addio.eu\/tr\/cerez-politikasi\/"]}]},{"@type":"BreadcrumbList","@id":"https:\/\/addio.eu\/tr\/cerez-politikasi\/#breadcrumb","itemListElement":[{"@type":"ListItem","position":1,"name":"Home","item":"https:\/\/addio.eu\/tr\/addio-ana-sayfa\/"},{"@type":"ListItem","position":2,"name":"\u00c7erez Politikas\u0131"}]},{"@type":"WebSite","@id":"https:\/\/addio.eu\/tr\/#website","url":"https:\/\/addio.eu\/tr\/","name":"addio.eu","description":"","publisher":{"@id":"https:\/\/addio.eu\/tr\/#organization"},"potentialAction":[{"@type":"SearchAction","target":{"@type":"EntryPoint","urlTemplate":"https:\/\/addio.eu\/tr\/?s={search_term_string}"},"query-input":{"@type":"PropertyValueSpecification","valueRequired":true,"valueName":"search_term_string"}}],"inLanguage":"tr"},{"@type":"Organization","@id":"https:\/\/addio.eu\/tr\/#organization","name":"Addio Electronics","url":"https:\/\/addio.eu\/tr\/","logo":{"@type":"ImageObject","inLanguage":"tr","@id":"https:\/\/addio.eu\/tr\/#\/schema\/logo\/image\/","url":"https:\/\/addio.eu\/wp-content\/uploads\/2024\/10\/Lager_1-1.svg","contentUrl":"https:\/\/addio.eu\/wp-content\/uploads\/2024\/10\/Lager_1-1.svg","width":89,"height":26,"caption":"Addio Electronics"},"image":{"@id":"https:\/\/addio.eu\/tr\/#\/schema\/logo\/image\/"},"sameAs":["https:\/\/www.facebook.com\/AddioElectronicsAB\/","https:\/\/www.linkedin.com\/company\/addio-electronics-ab"]}]}},"_links":{"self":[{"href":"https:\/\/addio.eu\/tr\/wp-json\/wp\/v2\/pages\/15521","targetHints":{"allow":["GET"]}}],"collection":[{"href":"https:\/\/addio.eu\/tr\/wp-json\/wp\/v2\/pages"}],"about":[{"href":"https:\/\/addio.eu\/tr\/wp-json\/wp\/v2\/types\/page"}],"author":[{"embeddable":true,"href":"https:\/\/addio.eu\/tr\/wp-json\/wp\/v2\/users\/3"}],"replies":[{"embeddable":true,"href":"https:\/\/addio.eu\/tr\/wp-json\/wp\/v2\/comments?post=15521"}],"version-history":[{"count":1,"href":"https:\/\/addio.eu\/tr\/wp-json\/wp\/v2\/pages\/15521\/revisions"}],"predecessor-version":[{"id":15522,"href":"https:\/\/addio.eu\/tr\/wp-json\/wp\/v2\/pages\/15521\/revisions\/15522"}],"wp:attachment":[{"href":"https:\/\/addio.eu\/tr\/wp-json\/wp\/v2\/media?parent=15521"}],"curies":[{"name":"wp","href":"https:\/\/api.w.org\/{rel}","templated":true}]}}