{"id":15475,"date":"2024-10-18T20:08:19","date_gmt":"2024-10-18T20:08:19","guid":{"rendered":"https:\/\/addio.eu\/gizlilik-politikasi\/"},"modified":"2026-01-29T13:23:58","modified_gmt":"2026-01-29T13:23:58","slug":"gizlilik-politikasi","status":"publish","type":"page","link":"https:\/\/addio.eu\/tr\/gizlilik-politikasi\/","title":{"rendered":"Gizlilik Politikas\u0131"},"content":{"rendered":"\t\t<div data-elementor-type=\"wp-page\" data-elementor-id=\"15475\" class=\"elementor elementor-15475 elementor-2381\" data-elementor-post-type=\"page\">\n\t\t\t\t<div class=\"elementor-element elementor-element-80633f2 e-flex e-con-boxed e-con e-parent\" data-id=\"80633f2\" data-element_type=\"container\">\n\t\t\t\t\t<div class=\"e-con-inner\">\n\t\t<div class=\"elementor-element elementor-element-190492a e-con-full e-flex e-con e-child\" data-id=\"190492a\" data-element_type=\"container\">\n\t\t<div class=\"elementor-element elementor-element-4b1b113 e-con-full e-flex e-con e-child\" data-id=\"4b1b113\" data-element_type=\"container\">\n\t\t\t\t<div class=\"elementor-element elementor-element-351288c elementor-widget elementor-widget-text-editor\" data-id=\"351288c\" data-element_type=\"widget\" data-widget_type=\"text-editor.default\">\n\t\t\t\t<div class=\"elementor-widget-container\">\n\t\t\t\t\t\t\t\t\t<p><strong>30 Eyl\u00fcl&#8217;de g\u00fcncellendi<\/strong><\/p><p><strong>Addio olarak, gizlili\u011finizi korumaya ve ki\u015fisel bilgilerinizin g\u00fcvenli\u011fini sa\u011flamaya \u00f6zen g\u00f6steriyoruz. Bu Gizlilik Politikas\u0131, web sitemiz (<a href=\"https:\/\/addio.eu\/tr\/\">https:\/\/addio.eu<\/a>) arac\u0131l\u0131\u011f\u0131yla ve d\u00fcnya \u00e7ap\u0131nda dijital r\u00f6le kutular\u0131m\u0131z\u0131n sat\u0131\u015f\u0131 ile ba\u011flant\u0131l\u0131 olarak toplad\u0131\u011f\u0131m\u0131z, kulland\u0131\u011f\u0131m\u0131z, saklad\u0131\u011f\u0131m\u0131z ve korudu\u011fumuz ki\u015fisel verileri nas\u0131l i\u015fledi\u011fimizi a\u00e7\u0131klamaktad\u0131r. Hizmetlerimizi kullanarak, bu politikada belirtilen bilgilerin toplanmas\u0131n\u0131 ve kullan\u0131lmas\u0131n\u0131 kabul etmi\u015f olursunuz.  <\/strong><\/p><p><strong>1. Veri Toplama ve Kullan\u0131m<\/strong><\/p><p><strong>1.1 Ki\u015fisel Veriler<\/strong><br>Bizden bir \u00fcr\u00fcn sat\u0131n ald\u0131\u011f\u0131n\u0131zda veya web sitemizde bir hesap olu\u015fturdu\u011funuzda, i\u015flemi tamamlamak ve hizmetlerimizi sa\u011flamak i\u00e7in gerekli ki\u015fisel bilgileri toplar ve saklar\u0131z. Bu bilgiler \u015funlar\u0131 i\u00e7erebilir: <\/p><ul><li>Ad ve soyad<\/li><li>E-posta adresi<\/li><li>Fatura ve teslimat<\/li><li>adresi<\/li><li>\u00d6deme bilgileri<\/li><li>\u0130leti\u015fim telefon numaras\u0131<\/li><\/ul><p>Bu bilgiler, sipari\u015flerinizi i\u015fleme koymam\u0131z\u0131, \u00fcr\u00fcnlerinizi teslim etmemizi ve platformumuzdaki m\u00fc\u015fteri hesab\u0131n\u0131z\u0131 y\u00f6netmemizi sa\u011flar.<\/p><p><strong>1.2 Otomatik Olarak Toplanan Veriler<br><\/strong>Web sitemizdeki deneyiminizi geli\u015ftirmek i\u00e7in \u00e7erezler ve benzer teknolojiler kullan\u0131yoruz. Bu teknolojiler bize \u015funlar\u0131 sa\u011flar: <\/p><ul><li>Gezinme aktivitesini ve kullan\u0131c\u0131 tercihlerini takip etme<\/li><li>Web sitesi i\u015flevselli\u011fini ve performans\u0131n\u0131 iyile\u015ftirme<\/li><li>Kullan\u0131c\u0131 davran\u0131\u015f\u0131n\u0131 daha iyi anlamak i\u00e7in analitik veriler toplama<br><br><\/li><\/ul><p>Bu bilgiler, sipari\u015flerinizi i\u015fleme koymam\u0131z\u0131, \u00fcr\u00fcnlerinizi teslim etmemizi ve platformumuzdaki m\u00fc\u015fteri hesab\u0131n\u0131z\u0131 y\u00f6netmemizi sa\u011flar.<\/p><p><strong>2. Hesap Olu\u015fturma ve \u00d6deme \u0130\u015fleme<\/strong><\/p><p><br><strong>2.1 Hesap Olu\u015fturma<br><\/strong>Stripe kullanarak ilk al\u0131\u015fveri\u015finizi yapt\u0131\u011f\u0131n\u0131zda, gelecekteki i\u015flemlerinizi kolayla\u015ft\u0131rmak i\u00e7in size bir m\u00fc\u015fteri hesab\u0131 olu\u015fturuyoruz. \u0130lk sat\u0131n alman\u0131zdan sonra bir do\u011frulama e-postas\u0131 alacaks\u0131n\u0131z. M\u00fc\u015fteri portal\u0131m\u0131zdaki hesab\u0131n\u0131za eri\u015fim kazanmadan \u00f6nce do\u011frulama s\u00fcrecini tamamlaman\u0131z gerekmektedir.<br>Hesab\u0131n\u0131z, korumakla y\u00fck\u00fcml\u00fc oldu\u011funuz g\u00fcvenli bir parola ile korunmaktad\u0131r. Hesab\u0131n\u0131za yetkisiz eri\u015fimi \u00f6nlemek i\u00e7in l\u00fctfen giri\u015f bilgilerinizin gizli kalmas\u0131n\u0131 sa\u011flay\u0131n\u0131z.   <\/p><p><strong>2.2 \u00d6deme Bilgileri<br><\/strong>Web sitemizdeki t\u00fcm \u00f6demeler Stripe arac\u0131l\u0131\u011f\u0131yla g\u00fcvenli bir \u015fekilde i\u015fleme al\u0131nmaktad\u0131r. Kredi kart\u0131 numaralar\u0131 gibi hassas \u00f6deme bilgilerini saklam\u0131yoruz. Stripe, \u00f6deme bilgilerinizin korunmas\u0131n\u0131 sa\u011flamak i\u00e7in \u00d6deme Kart\u0131 End\u00fcstrisi Veri G\u00fcvenli\u011fi Standard\u0131 (PCI DSS) ile tam uyumludur.  <\/p><p><strong>3. \u015eartlar ve Ko\u015fullara Onay<\/strong><br>Sipari\u015f vermek, hesap olu\u015fturmak veya herhangi bir hizmetimize eri\u015fmek i\u00e7in m\u00fc\u015fterilerin \u015eartlar ve Ko\u015fullar\u0131m\u0131z\u0131 ve bu Gizlilik Politikas\u0131n\u0131 kabul etmeleri gerekmektedir. Bir i\u015fleme devam ederek, bu \u015fartlar\u0131 okudu\u011funuzu, anlad\u0131\u011f\u0131n\u0131z\u0131 ve kabul etti\u011finizi onaylam\u0131\u015f olursunuz. <br><br><strong>4. Veri Payla\u015f\u0131m\u0131 ve Uluslararas\u0131 Transferler<br><\/strong>Ki\u015fisel verileri pazarlama veya ilgisiz i\u015f ama\u00e7lar\u0131 i\u00e7in \u00fc\u00e7\u00fcnc\u00fc taraflarla payla\u015fm\u0131yor veya satm\u0131yoruz. Sa\u011flad\u0131\u011f\u0131n\u0131z veriler yaln\u0131zca bir i\u015flemi tamamlamak veya yasal gerekliliklere uymak i\u00e7in gerekli oldu\u011funda \u00fc\u00e7\u00fcnc\u00fc taraflarla payla\u015f\u0131l\u0131r. Bu kapsamda:  <\/p><ul><li>\u0130\u015flemleri y\u00f6netmek i\u00e7in \u00fc\u00e7\u00fcnc\u00fc taraf \u00f6deme i\u015flemcileri (\u00f6rn. Stripe)<\/li><li>\u00dcr\u00fcnlerin teslimat\u0131 i\u00e7in nakliye ve lojistik sa\u011flay\u0131c\u0131lar\u0131<br><br><\/li><\/ul><p><strong>GDPR Uyumlulu\u011fu<\/strong><br>Avrupa Birli\u011fi (AB) merkezli oldu\u011fumuz i\u00e7in Genel Veri Koruma Y\u00f6netmeli\u011fi&#8217;ne (GDPR) uyuyoruz. AB\/AEA d\u0131\u015f\u0131ndaki \u00fclkelere veri transferleri i\u00e7in, verilerinizi korumak ve yerel d\u00fczenlemelere uymak amac\u0131yla Standart S\u00f6zle\u015fme Maddeleri (SCC&#8217;ler) gibi uygun g\u00fcvenlik \u00f6nlemlerinin al\u0131nd\u0131\u011f\u0131ndan emin oluyoruz. <\/p><p><strong>Veri \u0130\u015fleyiciler<br><\/strong>\u00c7al\u0131\u015ft\u0131\u011f\u0131m\u0131z t\u00fcm \u00fc\u00e7\u00fcnc\u00fc taraf veri i\u015fleyiciler, veri koruma standartlar\u0131m\u0131z\u0131 kar\u015f\u0131lad\u0131klar\u0131ndan ve ge\u00e7erli d\u00fczenlemelere uyduklar\u0131ndan emin olmak i\u00e7in denetlenmektedir.<\/p><p><strong>5. Veri Saklama<br><\/strong>Ki\u015fisel verilerinizi hesab\u0131n\u0131z aktif oldu\u011fu ve bu politikada belirtilen ama\u00e7lar i\u00e7in gerekli oldu\u011fu s\u00fcrece sakl\u0131yoruz. Hesab\u0131n\u0131za 24 ay boyunca giri\u015f yapmazsan\u0131z, hesab\u0131n\u0131z\u0131 ve ili\u015fkili verileri silme s\u00fcrecini ba\u015flataca\u011f\u0131z. Silme i\u015flemine ge\u00e7meden \u00f6nce size e-posta ile bildirimde bulunacak ve silmeyi \u00f6nlemek i\u00e7in giri\u015f yapman\u0131z i\u00e7in 3 ay s\u00fcre verece\u011fiz.  <\/p><p><strong>6. Veri Haklar\u0131n\u0131z<br><\/strong>GDPR ve di\u011fer ge\u00e7erli gizlilik yasalar\u0131 kapsam\u0131nda, ki\u015fisel verilerinizle ilgili a\u015fa\u011f\u0131daki haklara sahipsiniz:<\/p><ul><li>Eri\u015fim Hakk\u0131: Hakk\u0131n\u0131zda tuttu\u011fumuz ki\u015fisel verilerin bir kopyas\u0131n\u0131 talep edebilirsiniz.<\/li><li>D\u00fczeltme Hakk\u0131: Yanl\u0131\u015f veya eksik verilerin d\u00fczeltilmesini talep edebilirsiniz.<\/li><li>Silme Hakk\u0131 (&#8220;Unutulma Hakk\u0131&#8221;): Belirli ko\u015fullara tabi olarak ki\u015fisel verilerinizin silinmesini talep edebilirsiniz.<\/li><li>Veri Ta\u015f\u0131nabilirli\u011fi Hakk\u0131: Ki\u015fisel verilerinizin yap\u0131land\u0131r\u0131lm\u0131\u015f, yayg\u0131n olarak kullan\u0131lan ve makine taraf\u0131ndan okunabilir bir formatta bir kopyas\u0131n\u0131 talep edebilirsiniz.<\/li><li>\u0130\u015fleme S\u0131n\u0131rland\u0131rma Hakk\u0131: Belirli durumlarda verilerinizin i\u015flenmesinin s\u0131n\u0131rland\u0131r\u0131lmas\u0131n\u0131 talep edebilirsiniz.<\/li><li>\u0130tiraz Hakk\u0131: Do\u011frudan pazarlama gibi belirli ama\u00e7lar i\u00e7in verilerinizin i\u015flenmesine itiraz edebilirsiniz.<br><br><\/li><\/ul><p>Haklar\u0131n\u0131zdan herhangi birini kullanmak i\u00e7in l\u00fctfen info@addio.eu adresinden bizimle ileti\u015fime ge\u00e7in. T\u00fcm taleplere 30 g\u00fcn i\u00e7inde yan\u0131t vermeyi hedefliyoruz. <\/p><p><strong>7. G\u00fcvenlik \u00d6nlemleri<\/strong><br>Ki\u015fisel verilerinizin g\u00fcvenli\u011fini ciddiye al\u0131yoruz ve korumak i\u00e7in bir dizi \u00f6nlem uyguluyoruz:<\/p><ul><li>Veri \u015eifreleme: \u00d6deme verileri dahil hassas bilgileri, internet \u00fczerinden g\u00fcvenli iletim sa\u011flamak i\u00e7in \u015fifreliyoruz.<\/li><li>G\u00fcvenli Eri\u015fim: Ki\u015fisel verilere eri\u015fim yaln\u0131zca yetkili personelle s\u0131n\u0131rl\u0131d\u0131r.<br>D\u00fczenli Denetimler: Sistemlerimizin g\u00fcvenli kalmas\u0131n\u0131 sa\u011flamak i\u00e7in d\u00fczenli g\u00fcvenlik denetimleri ve g\u00fcvenlik a\u00e7\u0131\u011f\u0131 de\u011ferlendirmeleri yap\u0131yoruz.<\/li><li>\u0130ki Fakt\u00f6rl\u00fc Kimlik Do\u011frulama (2FA): Kullan\u0131c\u0131lar\u0131 ek bir hesap g\u00fcvenli\u011fi katman\u0131 i\u00e7in 2FA&#8217;y\u0131 etkinle\u015ftirmeye te\u015fvik ediyoruz.<\/li><li>Veri Minimizasyonu: Yaln\u0131zca i\u015f operasyonlar\u0131m\u0131z ve hizmetlerimiz i\u00e7in gerekli olan verileri topluyoruz ve sakl\u0131yoruz.<br><br><\/li><\/ul><p><strong>8. \u00c7erezler ve \u0130zleme Teknolojileri<\/strong><br>Kullan\u0131c\u0131 aktivitesini, tercihlerini takip etmek ve web sitemizdeki deneyiminizi geli\u015ftirmek i\u00e7in \u00e7erezler kullan\u0131yoruz. \u00c7erez tercihlerinizi ve onay\u0131n\u0131z\u0131 <a href=\"https:\/\/addio.eu\/cookie-policy\/\">\u00c7erez Politikas\u0131<\/a> arac\u0131l\u0131\u011f\u0131yla y\u00f6netebilirsiniz. <\/p><p><strong>9. M\u00fc\u015fteri Deste\u011fi ve \u0130leti\u015fim<br><\/strong>Verileriniz veya bu Gizlilik Politikas\u0131 ile ilgili sorular\u0131n\u0131z, endi\u015feleriniz veya talepleriniz i\u00e7in l\u00fctfen info@addio.eu adresinden m\u00fc\u015fteri destek ekibimizle ileti\u015fime ge\u00e7in veya daha fazla bilgi i\u00e7in M\u00fc\u015fteri Deste\u011fi sayfam\u0131z\u0131 ziyaret edin.<\/p><p><strong>Bu Gizlilik Politikas\u0131ndaki De\u011fi\u015fiklikler<br><\/strong>Uygulamalar\u0131m\u0131zdaki, yasal gerekliliklerdeki veya operasyonel ihtiya\u00e7lardaki de\u011fi\u015fiklikleri yans\u0131tmak i\u00e7in bu Gizlilik Politikas\u0131n\u0131 g\u00fcncelleme hakk\u0131n\u0131 sakl\u0131 tutuyoruz. T\u00fcm g\u00fcncellemeler, g\u00fcncellenmi\u015f y\u00fcr\u00fcrl\u00fck tarihi ile birlikte bu sayfada yay\u0131nlanacakt\u0131r. Ki\u015fisel verilerinizi nas\u0131l korudu\u011fumuz hakk\u0131nda bilgi sahibi olmak i\u00e7in bu politikay\u0131 d\u00fczenli olarak g\u00f6zden ge\u00e7irmenizi \u00f6neririz.  <\/p>\t\t\t\t\t\t\t\t<\/div>\n\t\t\t\t<\/div>\n\t\t\t\t<\/div>\n\t\t<div class=\"elementor-element elementor-element-df3def4 e-con-full e-flex e-con e-child\" data-id=\"df3def4\" data-element_type=\"container\">\n\t\t\t\t<div class=\"elementor-element elementor-element-6840190 elementor-icon-list--layout-traditional elementor-list-item-link-full_width elementor-widget elementor-widget-icon-list\" data-id=\"6840190\" data-element_type=\"widget\" data-widget_type=\"icon-list.default\">\n\t\t\t\t<div class=\"elementor-widget-container\">\n\t\t\t\t\t\t\t<ul class=\"elementor-icon-list-items\">\n\t\t\t\t\t\t\t<li class=\"elementor-icon-list-item\">\n\t\t\t\t\t\t\t\t\t\t\t<a href=\"https:\/\/addio.eu\/cookie-policy\/\">\n\n\t\t\t\t\t\t\t\t\t\t\t\t<span class=\"elementor-icon-list-icon\">\n\t\t\t\t\t\t\t<svg xmlns=\"http:\/\/www.w3.org\/2000\/svg\" width=\"24\" height=\"24\" viewBox=\"0 0 24 24\" fill=\"none\"><path d=\"M17.9199 6.62C17.8185 6.37565 17.6243 6.18147 17.3799 6.08C17.2597 6.02876 17.1306 6.00158 16.9999 6H6.99994C6.73472 6 6.48037 6.10536 6.29283 6.29289C6.1053 6.48043 5.99994 6.73478 5.99994 7C5.99994 7.26522 6.1053 7.51957 6.29283 7.70711C6.48037 7.89464 6.73472 8 6.99994 8H14.5899L6.28994 16.29C6.19621 16.383 6.12182 16.4936 6.07105 16.6154C6.02028 16.7373 5.99414 16.868 5.99414 17C5.99414 17.132 6.02028 17.2627 6.07105 17.3846C6.12182 17.5064 6.19621 17.617 6.28994 17.71C6.3829 17.8037 6.4935 17.8781 6.61536 17.9289C6.73722 17.9797 6.86793 18.0058 6.99994 18.0058C7.13195 18.0058 7.26266 17.9797 7.38452 17.9289C7.50638 17.8781 7.61698 17.8037 7.70994 17.71L15.9999 9.41V17C15.9999 17.2652 16.1053 17.5196 16.2928 17.7071C16.4804 17.8946 16.7347 18 16.9999 18C17.2652 18 17.5195 17.8946 17.707 17.7071C17.8946 17.5196 17.9999 17.2652 17.9999 17V7C17.9984 6.86932 17.9712 6.74022 17.9199 6.62Z\" fill=\"#393939\"><\/path><\/svg>\t\t\t\t\t\t<\/span>\n\t\t\t\t\t\t\t\t\t\t<span class=\"elementor-icon-list-text\">\u00c7erez Politikas\u0131<\/span>\n\t\t\t\t\t\t\t\t\t\t\t<\/a>\n\t\t\t\t\t\t\t\t\t<\/li>\n\t\t\t\t\t\t<\/ul>\n\t\t\t\t\t\t<\/div>\n\t\t\t\t<\/div>\n\t\t\t\t<div class=\"elementor-element elementor-element-37f3efb elementor-icon-list--layout-traditional elementor-list-item-link-full_width elementor-widget elementor-widget-icon-list\" data-id=\"37f3efb\" data-element_type=\"widget\" data-widget_type=\"icon-list.default\">\n\t\t\t\t<div class=\"elementor-widget-container\">\n\t\t\t\t\t\t\t<ul class=\"elementor-icon-list-items\">\n\t\t\t\t\t\t\t<li class=\"elementor-icon-list-item\">\n\t\t\t\t\t\t\t\t\t\t\t<span class=\"elementor-icon-list-icon\">\n\t\t\t\t\t\t\t<svg xmlns=\"http:\/\/www.w3.org\/2000\/svg\" width=\"34\" height=\"34\" viewBox=\"0 0 34 34\" fill=\"none\"><g clip-path=\"url(#clip0_102_8520)\"><path d=\"M8.9802 16.6182C8.87917 16.8627 8.87917 17.1373 8.9802 17.3818C9.02898 17.5031 9.10105 17.6136 9.19233 17.7071L16.2634 24.7782C16.4509 24.9657 16.7053 25.0711 16.9705 25.0711C17.2357 25.0711 17.4901 24.9657 17.6776 24.7782C17.8652 24.5906 17.9705 24.3363 17.9705 24.0711C17.9705 23.8058 17.8652 23.5515 17.6776 23.364L12.3107 17.997L24.0416 18.0041C24.1736 18.0046 24.3044 17.979 24.4265 17.9288C24.5485 17.8785 24.6594 17.8046 24.7528 17.7112C24.8461 17.6179 24.9201 17.507 24.9703 17.3849C25.0206 17.2628 25.0462 17.132 25.0457 17C25.0462 16.868 25.0206 16.7372 24.9703 16.6151C24.9201 16.493 24.8461 16.3821 24.7528 16.2888C24.6594 16.1954 24.5485 16.1215 24.4265 16.0712C24.3044 16.021 24.1736 15.9954 24.0416 15.9959L12.3107 16.003L17.6776 10.636C17.8652 10.4485 17.9705 10.1941 17.9705 9.92893C17.9705 9.66371 17.8652 9.40936 17.6776 9.22182C17.4901 9.03429 17.2357 8.92893 16.9705 8.92893C16.7053 8.92893 16.4509 9.03429 16.2634 9.22182L9.19233 16.2929C9.10105 16.3864 9.02898 16.4969 8.9802 16.6182Z\" fill=\"#00DB72\"><\/path><\/g><defs><clipPath id=\"clip0_102_8520\"><rect width=\"24\" height=\"24\" fill=\"white\" transform=\"translate(16.9707 33.9706) rotate(-135)\"><\/rect><\/clipPath><\/defs><\/svg>\t\t\t\t\t\t<\/span>\n\t\t\t\t\t\t\t\t\t\t<span class=\"elementor-icon-list-text\">Gizlilik Politikas\u0131<\/span>\n\t\t\t\t\t\t\t\t\t<\/li>\n\t\t\t\t\t\t<\/ul>\n\t\t\t\t\t\t<\/div>\n\t\t\t\t<\/div>\n\t\t\t\t<div class=\"elementor-element elementor-element-1afe948 elementor-icon-list--layout-traditional elementor-list-item-link-full_width elementor-widget elementor-widget-icon-list\" data-id=\"1afe948\" data-element_type=\"widget\" data-widget_type=\"icon-list.default\">\n\t\t\t\t<div class=\"elementor-widget-container\">\n\t\t\t\t\t\t\t<ul class=\"elementor-icon-list-items\">\n\t\t\t\t\t\t\t<li class=\"elementor-icon-list-item\">\n\t\t\t\t\t\t\t\t\t\t\t<a href=\"https:\/\/addio.eu\/terms-and-conditions\/\">\n\n\t\t\t\t\t\t\t\t\t\t\t\t<span class=\"elementor-icon-list-icon\">\n\t\t\t\t\t\t\t<svg xmlns=\"http:\/\/www.w3.org\/2000\/svg\" width=\"24\" height=\"24\" viewBox=\"0 0 24 24\" fill=\"none\"><path d=\"M17.9199 6.62C17.8185 6.37565 17.6243 6.18147 17.3799 6.08C17.2597 6.02876 17.1306 6.00158 16.9999 6H6.99994C6.73472 6 6.48037 6.10536 6.29283 6.29289C6.1053 6.48043 5.99994 6.73478 5.99994 7C5.99994 7.26522 6.1053 7.51957 6.29283 7.70711C6.48037 7.89464 6.73472 8 6.99994 8H14.5899L6.28994 16.29C6.19621 16.383 6.12182 16.4936 6.07105 16.6154C6.02028 16.7373 5.99414 16.868 5.99414 17C5.99414 17.132 6.02028 17.2627 6.07105 17.3846C6.12182 17.5064 6.19621 17.617 6.28994 17.71C6.3829 17.8037 6.4935 17.8781 6.61536 17.9289C6.73722 17.9797 6.86793 18.0058 6.99994 18.0058C7.13195 18.0058 7.26266 17.9797 7.38452 17.9289C7.50638 17.8781 7.61698 17.8037 7.70994 17.71L15.9999 9.41V17C15.9999 17.2652 16.1053 17.5196 16.2928 17.7071C16.4804 17.8946 16.7347 18 16.9999 18C17.2652 18 17.5195 17.8946 17.707 17.7071C17.8946 17.5196 17.9999 17.2652 17.9999 17V7C17.9984 6.86932 17.9712 6.74022 17.9199 6.62Z\" fill=\"#393939\"><\/path><\/svg>\t\t\t\t\t\t<\/span>\n\t\t\t\t\t\t\t\t\t\t<span class=\"elementor-icon-list-text\">\u015eartlar ve Ko\u015fullar<\/span>\n\t\t\t\t\t\t\t\t\t\t\t<\/a>\n\t\t\t\t\t\t\t\t\t<\/li>\n\t\t\t\t\t\t<\/ul>\n\t\t\t\t\t\t<\/div>\n\t\t\t\t<\/div>\n\t\t\t\t<\/div>\n\t\t\t\t<\/div>\n\t\t\t\t\t<\/div>\n\t\t\t\t<\/div>\n\t\t\t\t<\/div>\n\t\t","protected":false},"excerpt":{"rendered":"<p>30 Eyl\u00fcl&#8217;de g\u00fcncellendi Addio olarak, gizlili\u011finizi korumaya ve ki\u015fisel bilgilerinizin g\u00fcvenli\u011fini sa\u011flamaya \u00f6zen g\u00f6steriyoruz. Bu Gizlilik Politikas\u0131, web sitemiz (https:\/\/addio.eu) arac\u0131l\u0131\u011f\u0131yla ve d\u00fcnya \u00e7ap\u0131nda dijital r\u00f6le kutular\u0131m\u0131z\u0131n sat\u0131\u015f\u0131 ile ba\u011flant\u0131l\u0131 olarak toplad\u0131\u011f\u0131m\u0131z, kulland\u0131\u011f\u0131m\u0131z, saklad\u0131\u011f\u0131m\u0131z ve korudu\u011fumuz ki\u015fisel verileri nas\u0131l i\u015fledi\u011fimizi a\u00e7\u0131klamaktad\u0131r. Hizmetlerimizi kullanarak, bu politikada belirtilen bilgilerin toplanmas\u0131n\u0131 ve kullan\u0131lmas\u0131n\u0131 kabul etmi\u015f olursunuz. 1. Veri [&hellip;]<\/p>\n","protected":false},"author":3,"featured_media":0,"parent":0,"menu_order":0,"comment_status":"closed","ping_status":"closed","template":"","meta":{"footnotes":""},"class_list":["post-15475","page","type-page","status-publish","hentry"],"yoast_head":"<!-- This site is optimized with the Yoast SEO plugin v26.0 - https:\/\/yoast.com\/wordpress\/plugins\/seo\/ -->\n<title>Gizlilik Politikas\u0131 - Addio Electronics<\/title>\n<meta name=\"robots\" content=\"index, follow, max-snippet:-1, max-image-preview:large, max-video-preview:-1\" \/>\n<link rel=\"canonical\" href=\"https:\/\/addio.eu\/tr\/gizlilik-politikasi\/\" \/>\n<meta property=\"og:locale\" content=\"tr_TR\" \/>\n<meta property=\"og:type\" content=\"article\" \/>\n<meta property=\"og:title\" content=\"Gizlilik Politikas\u0131 - Addio Electronics\" \/>\n<meta property=\"og:description\" content=\"30 Eyl\u00fcl&#8217;de g\u00fcncellendi Addio olarak, gizlili\u011finizi korumaya ve ki\u015fisel bilgilerinizin g\u00fcvenli\u011fini sa\u011flamaya \u00f6zen g\u00f6steriyoruz. Bu Gizlilik Politikas\u0131, web sitemiz (https:\/\/addio.eu) arac\u0131l\u0131\u011f\u0131yla ve d\u00fcnya \u00e7ap\u0131nda dijital r\u00f6le kutular\u0131m\u0131z\u0131n sat\u0131\u015f\u0131 ile ba\u011flant\u0131l\u0131 olarak toplad\u0131\u011f\u0131m\u0131z, kulland\u0131\u011f\u0131m\u0131z, saklad\u0131\u011f\u0131m\u0131z ve korudu\u011fumuz ki\u015fisel verileri nas\u0131l i\u015fledi\u011fimizi a\u00e7\u0131klamaktad\u0131r. Hizmetlerimizi kullanarak, bu politikada belirtilen bilgilerin toplanmas\u0131n\u0131 ve kullan\u0131lmas\u0131n\u0131 kabul etmi\u015f olursunuz. 1. Veri [&hellip;]\" \/>\n<meta property=\"og:url\" content=\"https:\/\/addio.eu\/tr\/gizlilik-politikasi\/\" \/>\n<meta property=\"og:site_name\" content=\"Addio Electronics\" \/>\n<meta property=\"article:publisher\" content=\"https:\/\/www.facebook.com\/AddioElectronicsAB\/\" \/>\n<meta property=\"article:modified_time\" content=\"2026-01-29T13:23:58+00:00\" \/>\n<meta name=\"twitter:card\" content=\"summary_large_image\" \/>\n<meta name=\"twitter:label1\" content=\"Est. reading time\" \/>\n\t<meta name=\"twitter:data1\" content=\"6 dakika\" \/>\n<script type=\"application\/ld+json\" class=\"yoast-schema-graph\">{\"@context\":\"https:\/\/schema.org\",\"@graph\":[{\"@type\":\"WebPage\",\"@id\":\"https:\/\/addio.eu\/tr\/gizlilik-politikasi\/\",\"url\":\"https:\/\/addio.eu\/tr\/gizlilik-politikasi\/\",\"name\":\"Gizlilik Politikas\u0131 - Addio Electronics\",\"isPartOf\":{\"@id\":\"https:\/\/addio.eu\/tr\/#website\"},\"datePublished\":\"2024-10-18T20:08:19+00:00\",\"dateModified\":\"2026-01-29T13:23:58+00:00\",\"breadcrumb\":{\"@id\":\"https:\/\/addio.eu\/tr\/gizlilik-politikasi\/#breadcrumb\"},\"inLanguage\":\"tr\",\"potentialAction\":[{\"@type\":\"ReadAction\",\"target\":[\"https:\/\/addio.eu\/tr\/gizlilik-politikasi\/\"]}]},{\"@type\":\"BreadcrumbList\",\"@id\":\"https:\/\/addio.eu\/tr\/gizlilik-politikasi\/#breadcrumb\",\"itemListElement\":[{\"@type\":\"ListItem\",\"position\":1,\"name\":\"Home\",\"item\":\"https:\/\/addio.eu\/tr\/addio-ana-sayfa\/\"},{\"@type\":\"ListItem\",\"position\":2,\"name\":\"Gizlilik Politikas\u0131\"}]},{\"@type\":\"WebSite\",\"@id\":\"https:\/\/addio.eu\/tr\/#website\",\"url\":\"https:\/\/addio.eu\/tr\/\",\"name\":\"addio.eu\",\"description\":\"\",\"publisher\":{\"@id\":\"https:\/\/addio.eu\/tr\/#organization\"},\"potentialAction\":[{\"@type\":\"SearchAction\",\"target\":{\"@type\":\"EntryPoint\",\"urlTemplate\":\"https:\/\/addio.eu\/tr\/?s={search_term_string}\"},\"query-input\":{\"@type\":\"PropertyValueSpecification\",\"valueRequired\":true,\"valueName\":\"search_term_string\"}}],\"inLanguage\":\"tr\"},{\"@type\":\"Organization\",\"@id\":\"https:\/\/addio.eu\/tr\/#organization\",\"name\":\"Addio Electronics\",\"url\":\"https:\/\/addio.eu\/tr\/\",\"logo\":{\"@type\":\"ImageObject\",\"inLanguage\":\"tr\",\"@id\":\"https:\/\/addio.eu\/tr\/#\/schema\/logo\/image\/\",\"url\":\"https:\/\/addio.eu\/wp-content\/uploads\/2024\/10\/Lager_1-1.svg\",\"contentUrl\":\"https:\/\/addio.eu\/wp-content\/uploads\/2024\/10\/Lager_1-1.svg\",\"width\":89,\"height\":26,\"caption\":\"Addio Electronics\"},\"image\":{\"@id\":\"https:\/\/addio.eu\/tr\/#\/schema\/logo\/image\/\"},\"sameAs\":[\"https:\/\/www.facebook.com\/AddioElectronicsAB\/\",\"https:\/\/www.linkedin.com\/company\/addio-electronics-ab\"]}]}<\/script>\n<!-- \/ Yoast SEO plugin. -->","yoast_head_json":{"title":"Gizlilik Politikas\u0131 - Addio Electronics","robots":{"index":"index","follow":"follow","max-snippet":"max-snippet:-1","max-image-preview":"max-image-preview:large","max-video-preview":"max-video-preview:-1"},"canonical":"https:\/\/addio.eu\/tr\/gizlilik-politikasi\/","og_locale":"tr_TR","og_type":"article","og_title":"Gizlilik Politikas\u0131 - Addio Electronics","og_description":"30 Eyl\u00fcl&#8217;de g\u00fcncellendi Addio olarak, gizlili\u011finizi korumaya ve ki\u015fisel bilgilerinizin g\u00fcvenli\u011fini sa\u011flamaya \u00f6zen g\u00f6steriyoruz. Bu Gizlilik Politikas\u0131, web sitemiz (https:\/\/addio.eu) arac\u0131l\u0131\u011f\u0131yla ve d\u00fcnya \u00e7ap\u0131nda dijital r\u00f6le kutular\u0131m\u0131z\u0131n sat\u0131\u015f\u0131 ile ba\u011flant\u0131l\u0131 olarak toplad\u0131\u011f\u0131m\u0131z, kulland\u0131\u011f\u0131m\u0131z, saklad\u0131\u011f\u0131m\u0131z ve korudu\u011fumuz ki\u015fisel verileri nas\u0131l i\u015fledi\u011fimizi a\u00e7\u0131klamaktad\u0131r. Hizmetlerimizi kullanarak, bu politikada belirtilen bilgilerin toplanmas\u0131n\u0131 ve kullan\u0131lmas\u0131n\u0131 kabul etmi\u015f olursunuz. 1. Veri [&hellip;]","og_url":"https:\/\/addio.eu\/tr\/gizlilik-politikasi\/","og_site_name":"Addio Electronics","article_publisher":"https:\/\/www.facebook.com\/AddioElectronicsAB\/","article_modified_time":"2026-01-29T13:23:58+00:00","twitter_card":"summary_large_image","twitter_misc":{"Est. reading time":"6 dakika"},"schema":{"@context":"https:\/\/schema.org","@graph":[{"@type":"WebPage","@id":"https:\/\/addio.eu\/tr\/gizlilik-politikasi\/","url":"https:\/\/addio.eu\/tr\/gizlilik-politikasi\/","name":"Gizlilik Politikas\u0131 - Addio Electronics","isPartOf":{"@id":"https:\/\/addio.eu\/tr\/#website"},"datePublished":"2024-10-18T20:08:19+00:00","dateModified":"2026-01-29T13:23:58+00:00","breadcrumb":{"@id":"https:\/\/addio.eu\/tr\/gizlilik-politikasi\/#breadcrumb"},"inLanguage":"tr","potentialAction":[{"@type":"ReadAction","target":["https:\/\/addio.eu\/tr\/gizlilik-politikasi\/"]}]},{"@type":"BreadcrumbList","@id":"https:\/\/addio.eu\/tr\/gizlilik-politikasi\/#breadcrumb","itemListElement":[{"@type":"ListItem","position":1,"name":"Home","item":"https:\/\/addio.eu\/tr\/addio-ana-sayfa\/"},{"@type":"ListItem","position":2,"name":"Gizlilik Politikas\u0131"}]},{"@type":"WebSite","@id":"https:\/\/addio.eu\/tr\/#website","url":"https:\/\/addio.eu\/tr\/","name":"addio.eu","description":"","publisher":{"@id":"https:\/\/addio.eu\/tr\/#organization"},"potentialAction":[{"@type":"SearchAction","target":{"@type":"EntryPoint","urlTemplate":"https:\/\/addio.eu\/tr\/?s={search_term_string}"},"query-input":{"@type":"PropertyValueSpecification","valueRequired":true,"valueName":"search_term_string"}}],"inLanguage":"tr"},{"@type":"Organization","@id":"https:\/\/addio.eu\/tr\/#organization","name":"Addio Electronics","url":"https:\/\/addio.eu\/tr\/","logo":{"@type":"ImageObject","inLanguage":"tr","@id":"https:\/\/addio.eu\/tr\/#\/schema\/logo\/image\/","url":"https:\/\/addio.eu\/wp-content\/uploads\/2024\/10\/Lager_1-1.svg","contentUrl":"https:\/\/addio.eu\/wp-content\/uploads\/2024\/10\/Lager_1-1.svg","width":89,"height":26,"caption":"Addio Electronics"},"image":{"@id":"https:\/\/addio.eu\/tr\/#\/schema\/logo\/image\/"},"sameAs":["https:\/\/www.facebook.com\/AddioElectronicsAB\/","https:\/\/www.linkedin.com\/company\/addio-electronics-ab"]}]}},"_links":{"self":[{"href":"https:\/\/addio.eu\/tr\/wp-json\/wp\/v2\/pages\/15475","targetHints":{"allow":["GET"]}}],"collection":[{"href":"https:\/\/addio.eu\/tr\/wp-json\/wp\/v2\/pages"}],"about":[{"href":"https:\/\/addio.eu\/tr\/wp-json\/wp\/v2\/types\/page"}],"author":[{"embeddable":true,"href":"https:\/\/addio.eu\/tr\/wp-json\/wp\/v2\/users\/3"}],"replies":[{"embeddable":true,"href":"https:\/\/addio.eu\/tr\/wp-json\/wp\/v2\/comments?post=15475"}],"version-history":[{"count":11,"href":"https:\/\/addio.eu\/tr\/wp-json\/wp\/v2\/pages\/15475\/revisions"}],"predecessor-version":[{"id":15563,"href":"https:\/\/addio.eu\/tr\/wp-json\/wp\/v2\/pages\/15475\/revisions\/15563"}],"wp:attachment":[{"href":"https:\/\/addio.eu\/tr\/wp-json\/wp\/v2\/media?parent=15475"}],"curies":[{"name":"wp","href":"https:\/\/api.w.org\/{rel}","templated":true}]}}