{"id":15151,"date":"2025-04-03T08:20:46","date_gmt":"2025-04-03T08:20:46","guid":{"rendered":"https:\/\/addio.eu\/car-electric-ble-remote-gizlilik-politikasi\/"},"modified":"2026-01-23T09:16:43","modified_gmt":"2026-01-23T09:16:43","slug":"car-electric-ble-remote-gizlilik-politikasi","status":"publish","type":"page","link":"https:\/\/addio.eu\/tr\/car-electric-ble-remote-gizlilik-politikasi\/","title":{"rendered":"&#8220;Car Electric &#8211; BLE Remote&#8221; Gizlilik Politikas\u0131"},"content":{"rendered":"\t\t<div data-elementor-type=\"wp-page\" data-elementor-id=\"15151\" class=\"elementor elementor-15151 elementor-6270\" data-elementor-post-type=\"page\">\n\t\t\t\t<div class=\"elementor-element elementor-element-0c2cb60 e-flex e-con-boxed e-con e-parent\" data-id=\"0c2cb60\" data-element_type=\"container\">\n\t\t\t\t\t<div class=\"e-con-inner\">\n\t\t\t\t<div class=\"elementor-element elementor-element-758cfa2 elementor-widget elementor-widget-heading\" data-id=\"758cfa2\" data-element_type=\"widget\" data-widget_type=\"heading.default\">\n\t\t\t\t<div class=\"elementor-widget-container\">\n\t\t\t\t\t<h1 class=\"elementor-heading-title elementor-size-default\">&#8220;Car Electric &#8211; BLE Remote&#8221; Gizlilik Politikas\u0131<\/h1>\t\t\t\t<\/div>\n\t\t\t\t<\/div>\n\t\t<div class=\"elementor-element elementor-element-1f616ec e-con-full e-flex e-con e-child\" data-id=\"1f616ec\" data-element_type=\"container\">\n\t\t<div class=\"elementor-element elementor-element-8e80135 e-con-full e-flex e-con e-child\" data-id=\"8e80135\" data-element_type=\"container\">\n\t\t\t\t<div class=\"elementor-element elementor-element-17537e1 elementor-widget elementor-widget-text-editor\" data-id=\"17537e1\" data-element_type=\"widget\" data-widget_type=\"text-editor.default\">\n\t\t\t\t<div class=\"elementor-widget-container\">\n\t\t\t\t\t\t\t\t\t<p>Bu Uygulama, Addio Electronics AB taraf\u0131ndan geli\u015ftirilmekte ve s\u00fcrd\u00fcr\u00fclmektedir. Bu uygulama, Kullan\u0131c\u0131lar\u0131ndan baz\u0131 Ki\u015fisel Verileri toplamaktad\u0131r. <\/p><p><br>Bu belge, herhangi bir taray\u0131c\u0131n\u0131n ayarlar\u0131ndaki yazd\u0131rma komutu kullan\u0131larak referans ama\u00e7l\u0131 yazd\u0131r\u0131labilir.<\/p><p><br><b>Politika \u00d6zeti<br><\/b>A\u015fa\u011f\u0131daki ama\u00e7lar i\u00e7in i\u015flenen ve a\u015fa\u011f\u0131daki hizmetleri kullanan Ki\u015fisel Veriler:<br>Konum tabanl\u0131 etkile\u015fimler<br>Co\u011frafi konum ve S\u00fcrekli olmayan co\u011frafi konum<br>Ki\u015fisel Veri: co\u011frafi konum<\/p><p><br><b>Tam Politika<br><\/b>Addio Electronics AB, Car Electric &#8211; BLE Remote uygulamas\u0131n\u0131 \u00dccretsiz bir uygulama olarak geli\u015ftirdi. Bu H\u0130ZMET, Addio Electronics AB taraf\u0131ndan \u00fccretsiz olarak sa\u011flanmaktad\u0131r ve oldu\u011fu gibi kullan\u0131lmas\u0131 ama\u00e7lanm\u0131\u015ft\u0131r. Ayr\u0131ca, bu uygulama Digital Relay Box adl\u0131 elektronik \u00fcr\u00fcn\u00fcm\u00fcz\u00fc kullanan \u00f6zel m\u00fc\u015fterilerimiz i\u00e7in geli\u015ftirilmi\u015ftir.  <\/p><p><br>Bu sayfa, herhangi birinin Hizmetimizi kullanmaya karar vermesi durumunda Ki\u015fisel Bilgilerin toplanmas\u0131, kullan\u0131lmas\u0131 ve if\u015fa edilmesiyle ilgili politikalar\u0131m\u0131z hakk\u0131nda ziyaret\u00e7ileri bilgilendirmek i\u00e7in kullan\u0131lmaktad\u0131r.<\/p><p><br>Hizmetimizi kullanmay\u0131 se\u00e7erseniz, bu politikayla ilgili bilgilerin toplanmas\u0131n\u0131 ve kullan\u0131lmas\u0131n\u0131 kabul etmi\u015f olursunuz. Toplad\u0131\u011f\u0131m\u0131z Ki\u015fisel Bilgiler, Hizmeti sa\u011flamak ve geli\u015ftirmek i\u00e7in kullan\u0131l\u0131r. Bilgilerinizi bu Gizlilik Politikas\u0131nda a\u00e7\u0131klananlar d\u0131\u015f\u0131nda kimseyle kullanmayaca\u011f\u0131z veya payla\u015fmayaca\u011f\u0131z.  <\/p><p><br>Bu Gizlilik Politikas\u0131nda kullan\u0131lan terimler, bu Gizlilik Politikas\u0131nda aksi belirtilmedik\u00e7e Car Electric &#8211; BLE Remote&#8217;da eri\u015filebilen H\u00fck\u00fcm ve Ko\u015fullar\u0131m\u0131zdaki anlamlarla ayn\u0131d\u0131r.<\/p><p><b>Bilgi Toplama ve Kullan\u0131m\u0131<br><\/b>Hizmetimizi kullan\u0131rken daha iyi bir deneyim i\u00e7in, Bluetooth, Depolama, Co\u011frafi Konum dahil ancak bunlarla s\u0131n\u0131rl\u0131 olmamak \u00fczere belirli ki\u015fisel olarak tan\u0131mlanabilir bilgileri bize sa\u011flaman\u0131z\u0131 isteyebiliriz. \u0130stedi\u011fimiz bilgiler taraf\u0131m\u0131zca saklanacak ve bu gizlilik politikas\u0131nda a\u00e7\u0131kland\u0131\u011f\u0131 \u015fekilde kullan\u0131lacakt\u0131r. <\/p><p><br>Uygulama, sizi tan\u0131mlamak i\u00e7in kullan\u0131labilecek bilgileri toplayabilen \u00fc\u00e7\u00fcnc\u00fc taraf hizmetleri kullanmaktad\u0131r.<br>Uygulaman\u0131n kulland\u0131\u011f\u0131 \u00fc\u00e7\u00fcnc\u00fc taraf hizmet sa\u011flay\u0131c\u0131lar\u0131n\u0131n gizlilik politikas\u0131na ba\u011flant\u0131<br>https:\/\/policies.google.com\/privacy<\/p><p><br><b>Google Play Hizmetleri<\/b><\/p><p><b>G\u00fcnl\u00fck Verileri<br><\/b>Hizmetimizi her kulland\u0131\u011f\u0131n\u0131zda, uygulamada bir hata olmas\u0131 durumunda telefonunuzda G\u00fcnl\u00fck Verileri ad\u0131 verilen veri ve bilgileri (\u00fc\u00e7\u00fcnc\u00fc taraf \u00fcr\u00fcnler arac\u0131l\u0131\u011f\u0131yla) toplad\u0131\u011f\u0131m\u0131z\u0131 size bildirmek isteriz. Bu G\u00fcnl\u00fck Verileri, cihaz\u0131n\u0131z\u0131n \u0130nternet Protokol\u00fc (&#8220;IP&#8221;) adresi, cihaz ad\u0131, i\u015fletim sistemi s\u00fcr\u00fcm\u00fc, Hizmetimizi kullan\u0131rken uygulaman\u0131n yap\u0131land\u0131rmas\u0131, Hizmeti kullan\u0131m zaman\u0131 ve tarihi ve di\u011fer istatistikler gibi bilgileri i\u00e7erebilir. <\/p><p><b>\u00c7erezler<\/b><br>\u00c7erezler, genellikle anonim benzersiz tan\u0131mlay\u0131c\u0131lar olarak kullan\u0131lan az miktarda veri i\u00e7eren dosyalard\u0131r. Bunlar, ziyaret etti\u011finiz web sitelerinden taray\u0131c\u0131n\u0131za g\u00f6nderilir ve cihaz\u0131n\u0131z\u0131n dahili belle\u011finde saklan\u0131r.<br>Bu Hizmet bu &#8220;\u00e7erezleri&#8221; a\u00e7\u0131k\u00e7a kullanmamaktad\u0131r. Ancak, uygulama bilgi toplamak ve hizmetlerini geli\u015ftirmek i\u00e7in &#8220;\u00e7erezler&#8221; kullanan \u00fc\u00e7\u00fcnc\u00fc taraf kod ve kitapl\u0131klar\u0131 kullanabilir. Bu \u00e7erezleri kabul etme veya reddetme ve cihaz\u0131n\u0131za bir \u00e7erez g\u00f6nderildi\u011finde bunu bilme se\u00e7ene\u011finiz vard\u0131r. \u00c7erezlerimizi reddetmeyi se\u00e7erseniz, bu Hizmetin baz\u0131 b\u00f6l\u00fcmlerini kullanamayabilirsiniz.    <\/p><p><b>Hizmet Sa\u011flay\u0131c\u0131lar<br><\/b>A\u015fa\u011f\u0131daki nedenlerden dolay\u0131 \u00fc\u00e7\u00fcnc\u00fc taraf \u015firketleri ve bireyleri istihdam edebiliriz:<br>Hizmetimizi kolayla\u015ft\u0131rmak i\u00e7in;<br>Hizmeti bizim ad\u0131m\u0131za sa\u011flamak i\u00e7in;<br>Hizmetle ilgili hizmetleri ger\u00e7ekle\u015ftirmek i\u00e7in; veya<br>Hizmetimizin nas\u0131l kullan\u0131ld\u0131\u011f\u0131n\u0131 analiz etmemize yard\u0131mc\u0131 olmak i\u00e7in.<br>Bu Hizmetin kullan\u0131c\u0131lar\u0131na, bu \u00fc\u00e7\u00fcnc\u00fc taraflar\u0131n Ki\u015fisel Bilgilerinize eri\u015fimi oldu\u011funu bildirmek istiyoruz. Bunun nedeni, kendilerine verilen g\u00f6revleri bizim ad\u0131m\u0131za yerine getirmeleridir. Ancak, bilgileri ba\u015fka bir ama\u00e7la a\u00e7\u0131klamamak veya kullanmamakla y\u00fck\u00fcml\u00fcd\u00fcrler.  <\/p><p><b>G\u00fcvenlik<\/b><br>Ki\u015fisel Bilgilerinizi bize sa\u011flama konusundaki g\u00fcveninize de\u011fer veriyoruz, bu nedenle ticari olarak kabul edilebilir koruma y\u00f6ntemlerini kullanmaya \u00e7al\u0131\u015f\u0131yoruz. Ancak internet \u00fczerinden hi\u00e7bir iletim y\u00f6nteminin veya elektronik depolama y\u00f6nteminin %100 g\u00fcvenli ve g\u00fcvenilir olmad\u0131\u011f\u0131n\u0131 ve mutlak g\u00fcvenli\u011fini garanti edemeyece\u011fimizi unutmay\u0131n. <\/p><p><b>Di\u011fer Sitelere Ba\u011flant\u0131lar<br><\/b>Bu Hizmet di\u011fer sitelere ba\u011flant\u0131lar i\u00e7erebilir. \u00dc\u00e7\u00fcnc\u00fc taraf bir ba\u011flant\u0131ya t\u0131klarsan\u0131z, o siteye y\u00f6nlendirileceksiniz. Bu harici sitelerin bizim taraf\u0131m\u0131zdan i\u015fletilmedi\u011fini unutmay\u0131n. Bu nedenle, bu web sitelerinin Gizlilik Politikas\u0131n\u0131 incelemenizi \u015fiddetle tavsiye ederiz. Herhangi bir \u00fc\u00e7\u00fcnc\u00fc taraf site veya hizmetin i\u00e7eri\u011fi, gizlilik politikalar\u0131 veya uygulamalar\u0131 \u00fczerinde hi\u00e7bir kontrol\u00fcm\u00fcz yoktur ve sorumluluk kabul etmeyiz.    <\/p><p><b>\u00c7ocuklar\u0131n Gizlili\u011fi<br><\/b>Bu Hizmetler 13 ya\u015f\u0131n alt\u0131ndaki hi\u00e7 kimseye hitap etmemektedir. 13 ya\u015f\u0131n alt\u0131ndaki \u00e7ocuklardan bilerek ki\u015fisel olarak tan\u0131mlanabilir bilgi toplam\u0131yoruz. 13 ya\u015f\u0131n alt\u0131ndaki bir \u00e7ocu\u011fun bize ki\u015fisel bilgi sa\u011flad\u0131\u011f\u0131n\u0131 ke\u015ffetmemiz durumunda, bunu derhal sunucular\u0131m\u0131zdan sileriz. E\u011fer bir ebeveyn veya vasi iseniz ve \u00e7ocu\u011funuzun bize ki\u015fisel bilgi sa\u011flad\u0131\u011f\u0131n\u0131n fark\u0131ndaysan\u0131z, gerekli i\u015flemleri yapabilmemiz i\u00e7in l\u00fctfen bizimle ileti\u015fime ge\u00e7in.   <\/p><p><b>Bu Gizlilik Politikas\u0131ndaki De\u011fi\u015fiklikler<br><\/b>Gizlilik Politikam\u0131z\u0131 zaman zaman g\u00fcncelleyebiliriz. Bu nedenle, herhangi bir de\u011fi\u015fiklik i\u00e7in bu sayfay\u0131 periyodik olarak g\u00f6zden ge\u00e7irmeniz \u00f6nerilir. Yeni Gizlilik Politikas\u0131n\u0131 bu sayfada yay\u0131nlayarak sizi herhangi bir de\u011fi\u015fiklik konusunda bilgilendirece\u011fiz.<br>Bu politika 2022-02-28 tarihinden itibaren ge\u00e7erlidir  <\/p><p><b>Bize Ula\u015f\u0131n<br><\/b>Gizlilik Politikam\u0131z hakk\u0131nda herhangi bir sorunuz veya \u00f6neriniz varsa, info@addio.eu adresinden bizimle ileti\u015fime ge\u00e7mekten \u00e7ekinmeyin.<\/p>\t\t\t\t\t\t\t\t<\/div>\n\t\t\t\t<\/div>\n\t\t\t\t<\/div>\n\t\t<div class=\"elementor-element elementor-element-1c4e995 e-con-full e-flex e-con e-child\" data-id=\"1c4e995\" data-element_type=\"container\">\n\t\t\t\t<div class=\"elementor-element elementor-element-37670bc elementor-icon-list--layout-traditional elementor-list-item-link-full_width elementor-widget elementor-widget-icon-list\" data-id=\"37670bc\" data-element_type=\"widget\" data-widget_type=\"icon-list.default\">\n\t\t\t\t<div class=\"elementor-widget-container\">\n\t\t\t\t\t\t\t<ul class=\"elementor-icon-list-items\">\n\t\t\t\t\t\t\t<li class=\"elementor-icon-list-item\">\n\t\t\t\t\t\t\t\t\t\t\t<a href=\"https:\/\/addio.eu\/cookie-policy\/\">\n\n\t\t\t\t\t\t\t\t\t\t\t\t<span class=\"elementor-icon-list-icon\">\n\t\t\t\t\t\t\t<svg xmlns=\"http:\/\/www.w3.org\/2000\/svg\" width=\"24\" height=\"24\" viewBox=\"0 0 24 24\" fill=\"none\"><path d=\"M17.9199 6.62C17.8185 6.37565 17.6243 6.18147 17.3799 6.08C17.2597 6.02876 17.1306 6.00158 16.9999 6H6.99994C6.73472 6 6.48037 6.10536 6.29283 6.29289C6.1053 6.48043 5.99994 6.73478 5.99994 7C5.99994 7.26522 6.1053 7.51957 6.29283 7.70711C6.48037 7.89464 6.73472 8 6.99994 8H14.5899L6.28994 16.29C6.19621 16.383 6.12182 16.4936 6.07105 16.6154C6.02028 16.7373 5.99414 16.868 5.99414 17C5.99414 17.132 6.02028 17.2627 6.07105 17.3846C6.12182 17.5064 6.19621 17.617 6.28994 17.71C6.3829 17.8037 6.4935 17.8781 6.61536 17.9289C6.73722 17.9797 6.86793 18.0058 6.99994 18.0058C7.13195 18.0058 7.26266 17.9797 7.38452 17.9289C7.50638 17.8781 7.61698 17.8037 7.70994 17.71L15.9999 9.41V17C15.9999 17.2652 16.1053 17.5196 16.2928 17.7071C16.4804 17.8946 16.7347 18 16.9999 18C17.2652 18 17.5195 17.8946 17.707 17.7071C17.8946 17.5196 17.9999 17.2652 17.9999 17V7C17.9984 6.86932 17.9712 6.74022 17.9199 6.62Z\" fill=\"#393939\"><\/path><\/svg>\t\t\t\t\t\t<\/span>\n\t\t\t\t\t\t\t\t\t\t<span class=\"elementor-icon-list-text\">\u00c7erez Politikas\u0131<\/span>\n\t\t\t\t\t\t\t\t\t\t\t<\/a>\n\t\t\t\t\t\t\t\t\t<\/li>\n\t\t\t\t\t\t<\/ul>\n\t\t\t\t\t\t<\/div>\n\t\t\t\t<\/div>\n\t\t\t\t<div class=\"elementor-element elementor-element-270a44c elementor-icon-list--layout-traditional elementor-list-item-link-full_width elementor-widget elementor-widget-icon-list\" data-id=\"270a44c\" data-element_type=\"widget\" data-widget_type=\"icon-list.default\">\n\t\t\t\t<div class=\"elementor-widget-container\">\n\t\t\t\t\t\t\t<ul class=\"elementor-icon-list-items\">\n\t\t\t\t\t\t\t<li class=\"elementor-icon-list-item\">\n\t\t\t\t\t\t\t\t\t\t\t<a href=\"https:\/\/addio.eu\/privacy-policy\/\">\n\n\t\t\t\t\t\t\t\t\t\t\t\t<span class=\"elementor-icon-list-icon\">\n\t\t\t\t\t\t\t<svg xmlns=\"http:\/\/www.w3.org\/2000\/svg\" width=\"24\" height=\"24\" viewBox=\"0 0 24 24\" fill=\"none\"><path d=\"M17.9199 6.62C17.8185 6.37565 17.6243 6.18147 17.3799 6.08C17.2597 6.02876 17.1306 6.00158 16.9999 6H6.99994C6.73472 6 6.48037 6.10536 6.29283 6.29289C6.1053 6.48043 5.99994 6.73478 5.99994 7C5.99994 7.26522 6.1053 7.51957 6.29283 7.70711C6.48037 7.89464 6.73472 8 6.99994 8H14.5899L6.28994 16.29C6.19621 16.383 6.12182 16.4936 6.07105 16.6154C6.02028 16.7373 5.99414 16.868 5.99414 17C5.99414 17.132 6.02028 17.2627 6.07105 17.3846C6.12182 17.5064 6.19621 17.617 6.28994 17.71C6.3829 17.8037 6.4935 17.8781 6.61536 17.9289C6.73722 17.9797 6.86793 18.0058 6.99994 18.0058C7.13195 18.0058 7.26266 17.9797 7.38452 17.9289C7.50638 17.8781 7.61698 17.8037 7.70994 17.71L15.9999 9.41V17C15.9999 17.2652 16.1053 17.5196 16.2928 17.7071C16.4804 17.8946 16.7347 18 16.9999 18C17.2652 18 17.5195 17.8946 17.707 17.7071C17.8946 17.5196 17.9999 17.2652 17.9999 17V7C17.9984 6.86932 17.9712 6.74022 17.9199 6.62Z\" fill=\"#393939\"><\/path><\/svg>\t\t\t\t\t\t<\/span>\n\t\t\t\t\t\t\t\t\t\t<span class=\"elementor-icon-list-text\">Gizlilik Politikas\u0131<\/span>\n\t\t\t\t\t\t\t\t\t\t\t<\/a>\n\t\t\t\t\t\t\t\t\t<\/li>\n\t\t\t\t\t\t<\/ul>\n\t\t\t\t\t\t<\/div>\n\t\t\t\t<\/div>\n\t\t\t\t<div class=\"elementor-element elementor-element-8af7789 elementor-icon-list--layout-traditional elementor-list-item-link-full_width elementor-widget elementor-widget-icon-list\" data-id=\"8af7789\" data-element_type=\"widget\" data-widget_type=\"icon-list.default\">\n\t\t\t\t<div class=\"elementor-widget-container\">\n\t\t\t\t\t\t\t<ul class=\"elementor-icon-list-items\">\n\t\t\t\t\t\t\t<li class=\"elementor-icon-list-item\">\n\t\t\t\t\t\t\t\t\t\t\t<a href=\"https:\/\/addio.eu\/terms-and-conditions\/\">\n\n\t\t\t\t\t\t\t\t\t\t\t\t<span class=\"elementor-icon-list-icon\">\n\t\t\t\t\t\t\t<svg xmlns=\"http:\/\/www.w3.org\/2000\/svg\" width=\"24\" height=\"24\" viewBox=\"0 0 24 24\" fill=\"none\"><path d=\"M17.9199 6.62C17.8185 6.37565 17.6243 6.18147 17.3799 6.08C17.2597 6.02876 17.1306 6.00158 16.9999 6H6.99994C6.73472 6 6.48037 6.10536 6.29283 6.29289C6.1053 6.48043 5.99994 6.73478 5.99994 7C5.99994 7.26522 6.1053 7.51957 6.29283 7.70711C6.48037 7.89464 6.73472 8 6.99994 8H14.5899L6.28994 16.29C6.19621 16.383 6.12182 16.4936 6.07105 16.6154C6.02028 16.7373 5.99414 16.868 5.99414 17C5.99414 17.132 6.02028 17.2627 6.07105 17.3846C6.12182 17.5064 6.19621 17.617 6.28994 17.71C6.3829 17.8037 6.4935 17.8781 6.61536 17.9289C6.73722 17.9797 6.86793 18.0058 6.99994 18.0058C7.13195 18.0058 7.26266 17.9797 7.38452 17.9289C7.50638 17.8781 7.61698 17.8037 7.70994 17.71L15.9999 9.41V17C15.9999 17.2652 16.1053 17.5196 16.2928 17.7071C16.4804 17.8946 16.7347 18 16.9999 18C17.2652 18 17.5195 17.8946 17.707 17.7071C17.8946 17.5196 17.9999 17.2652 17.9999 17V7C17.9984 6.86932 17.9712 6.74022 17.9199 6.62Z\" fill=\"#393939\"><\/path><\/svg>\t\t\t\t\t\t<\/span>\n\t\t\t\t\t\t\t\t\t\t<span class=\"elementor-icon-list-text\">\u015eartlar ve Ko\u015fullar<\/span>\n\t\t\t\t\t\t\t\t\t\t\t<\/a>\n\t\t\t\t\t\t\t\t\t<\/li>\n\t\t\t\t\t\t<\/ul>\n\t\t\t\t\t\t<\/div>\n\t\t\t\t<\/div>\n\t\t\t\t<\/div>\n\t\t\t\t<\/div>\n\t\t\t\t\t<\/div>\n\t\t\t\t<\/div>\n\t\t\t\t<\/div>\n\t\t","protected":false},"excerpt":{"rendered":"<p>Bu Uygulama, Addio Electronics AB taraf\u0131ndan geli\u015ftirilmekte ve s\u00fcrd\u00fcr\u00fclmektedir. Bu uygulama, Kullan\u0131c\u0131lar\u0131ndan baz\u0131 Ki\u015fisel Verileri toplamaktad\u0131r. Bu belge, herhangi bir taray\u0131c\u0131n\u0131n ayarlar\u0131ndaki yazd\u0131rma komutu kullan\u0131larak referans ama\u00e7l\u0131 yazd\u0131r\u0131labilir. Politika \u00d6zetiA\u015fa\u011f\u0131daki ama\u00e7lar i\u00e7in i\u015flenen ve a\u015fa\u011f\u0131daki hizmetleri kullanan Ki\u015fisel Veriler:Konum tabanl\u0131 etkile\u015fimlerCo\u011frafi konum ve S\u00fcrekli olmayan co\u011frafi konumKi\u015fisel Veri: co\u011frafi konum Tam PolitikaAddio Electronics AB, Car [&hellip;]<\/p>\n","protected":false},"author":1,"featured_media":0,"parent":0,"menu_order":0,"comment_status":"closed","ping_status":"closed","template":"","meta":{"footnotes":""},"class_list":["post-15151","page","type-page","status-publish","hentry"],"yoast_head":"<!-- This site is optimized with the Yoast SEO plugin v26.0 - https:\/\/yoast.com\/wordpress\/plugins\/seo\/ -->\n<title>&quot;Car Electric - BLE Remote&quot; Gizlilik Politikas\u0131 - Addio Electronics<\/title>\n<meta name=\"robots\" content=\"index, follow, max-snippet:-1, max-image-preview:large, max-video-preview:-1\" \/>\n<link rel=\"canonical\" href=\"https:\/\/addio.eu\/tr\/car-electric-ble-remote-gizlilik-politikasi\/\" \/>\n<meta property=\"og:locale\" content=\"tr_TR\" \/>\n<meta property=\"og:type\" content=\"article\" \/>\n<meta property=\"og:title\" content=\"&quot;Car Electric - BLE Remote&quot; Gizlilik Politikas\u0131 - Addio Electronics\" \/>\n<meta property=\"og:description\" content=\"Bu Uygulama, Addio Electronics AB taraf\u0131ndan geli\u015ftirilmekte ve s\u00fcrd\u00fcr\u00fclmektedir. Bu uygulama, Kullan\u0131c\u0131lar\u0131ndan baz\u0131 Ki\u015fisel Verileri toplamaktad\u0131r. Bu belge, herhangi bir taray\u0131c\u0131n\u0131n ayarlar\u0131ndaki yazd\u0131rma komutu kullan\u0131larak referans ama\u00e7l\u0131 yazd\u0131r\u0131labilir. Politika \u00d6zetiA\u015fa\u011f\u0131daki ama\u00e7lar i\u00e7in i\u015flenen ve a\u015fa\u011f\u0131daki hizmetleri kullanan Ki\u015fisel Veriler:Konum tabanl\u0131 etkile\u015fimlerCo\u011frafi konum ve S\u00fcrekli olmayan co\u011frafi konumKi\u015fisel Veri: co\u011frafi konum Tam PolitikaAddio Electronics AB, Car [&hellip;]\" \/>\n<meta property=\"og:url\" content=\"https:\/\/addio.eu\/tr\/car-electric-ble-remote-gizlilik-politikasi\/\" \/>\n<meta property=\"og:site_name\" content=\"Addio Electronics\" \/>\n<meta property=\"article:publisher\" content=\"https:\/\/www.facebook.com\/AddioElectronicsAB\/\" \/>\n<meta property=\"article:modified_time\" content=\"2026-01-23T09:16:43+00:00\" \/>\n<meta name=\"twitter:card\" content=\"summary_large_image\" \/>\n<meta name=\"twitter:label1\" content=\"Est. reading time\" \/>\n\t<meta name=\"twitter:data1\" content=\"5 dakika\" \/>\n<script type=\"application\/ld+json\" class=\"yoast-schema-graph\">{\"@context\":\"https:\/\/schema.org\",\"@graph\":[{\"@type\":\"WebPage\",\"@id\":\"https:\/\/addio.eu\/tr\/car-electric-ble-remote-gizlilik-politikasi\/\",\"url\":\"https:\/\/addio.eu\/tr\/car-electric-ble-remote-gizlilik-politikasi\/\",\"name\":\"\\\"Car Electric - BLE Remote\\\" Gizlilik Politikas\u0131 - Addio Electronics\",\"isPartOf\":{\"@id\":\"https:\/\/addio.eu\/tr\/#website\"},\"datePublished\":\"2025-04-03T08:20:46+00:00\",\"dateModified\":\"2026-01-23T09:16:43+00:00\",\"breadcrumb\":{\"@id\":\"https:\/\/addio.eu\/tr\/car-electric-ble-remote-gizlilik-politikasi\/#breadcrumb\"},\"inLanguage\":\"tr\",\"potentialAction\":[{\"@type\":\"ReadAction\",\"target\":[\"https:\/\/addio.eu\/tr\/car-electric-ble-remote-gizlilik-politikasi\/\"]}]},{\"@type\":\"BreadcrumbList\",\"@id\":\"https:\/\/addio.eu\/tr\/car-electric-ble-remote-gizlilik-politikasi\/#breadcrumb\",\"itemListElement\":[{\"@type\":\"ListItem\",\"position\":1,\"name\":\"Home\",\"item\":\"https:\/\/addio.eu\/tr\/addio-ana-sayfa\/\"},{\"@type\":\"ListItem\",\"position\":2,\"name\":\"&#8220;Car Electric &#8211; BLE Remote&#8221; Gizlilik Politikas\u0131\"}]},{\"@type\":\"WebSite\",\"@id\":\"https:\/\/addio.eu\/tr\/#website\",\"url\":\"https:\/\/addio.eu\/tr\/\",\"name\":\"addio.eu\",\"description\":\"\",\"publisher\":{\"@id\":\"https:\/\/addio.eu\/tr\/#organization\"},\"potentialAction\":[{\"@type\":\"SearchAction\",\"target\":{\"@type\":\"EntryPoint\",\"urlTemplate\":\"https:\/\/addio.eu\/tr\/?s={search_term_string}\"},\"query-input\":{\"@type\":\"PropertyValueSpecification\",\"valueRequired\":true,\"valueName\":\"search_term_string\"}}],\"inLanguage\":\"tr\"},{\"@type\":\"Organization\",\"@id\":\"https:\/\/addio.eu\/tr\/#organization\",\"name\":\"Addio Electronics\",\"url\":\"https:\/\/addio.eu\/tr\/\",\"logo\":{\"@type\":\"ImageObject\",\"inLanguage\":\"tr\",\"@id\":\"https:\/\/addio.eu\/tr\/#\/schema\/logo\/image\/\",\"url\":\"https:\/\/addio.eu\/wp-content\/uploads\/2024\/10\/Lager_1-1.svg\",\"contentUrl\":\"https:\/\/addio.eu\/wp-content\/uploads\/2024\/10\/Lager_1-1.svg\",\"width\":89,\"height\":26,\"caption\":\"Addio Electronics\"},\"image\":{\"@id\":\"https:\/\/addio.eu\/tr\/#\/schema\/logo\/image\/\"},\"sameAs\":[\"https:\/\/www.facebook.com\/AddioElectronicsAB\/\",\"https:\/\/www.linkedin.com\/company\/addio-electronics-ab\"]}]}<\/script>\n<!-- \/ Yoast SEO plugin. -->","yoast_head_json":{"title":"\"Car Electric - BLE Remote\" Gizlilik Politikas\u0131 - Addio Electronics","robots":{"index":"index","follow":"follow","max-snippet":"max-snippet:-1","max-image-preview":"max-image-preview:large","max-video-preview":"max-video-preview:-1"},"canonical":"https:\/\/addio.eu\/tr\/car-electric-ble-remote-gizlilik-politikasi\/","og_locale":"tr_TR","og_type":"article","og_title":"\"Car Electric - BLE Remote\" Gizlilik Politikas\u0131 - Addio Electronics","og_description":"Bu Uygulama, Addio Electronics AB taraf\u0131ndan geli\u015ftirilmekte ve s\u00fcrd\u00fcr\u00fclmektedir. Bu uygulama, Kullan\u0131c\u0131lar\u0131ndan baz\u0131 Ki\u015fisel Verileri toplamaktad\u0131r. Bu belge, herhangi bir taray\u0131c\u0131n\u0131n ayarlar\u0131ndaki yazd\u0131rma komutu kullan\u0131larak referans ama\u00e7l\u0131 yazd\u0131r\u0131labilir. Politika \u00d6zetiA\u015fa\u011f\u0131daki ama\u00e7lar i\u00e7in i\u015flenen ve a\u015fa\u011f\u0131daki hizmetleri kullanan Ki\u015fisel Veriler:Konum tabanl\u0131 etkile\u015fimlerCo\u011frafi konum ve S\u00fcrekli olmayan co\u011frafi konumKi\u015fisel Veri: co\u011frafi konum Tam PolitikaAddio Electronics AB, Car [&hellip;]","og_url":"https:\/\/addio.eu\/tr\/car-electric-ble-remote-gizlilik-politikasi\/","og_site_name":"Addio Electronics","article_publisher":"https:\/\/www.facebook.com\/AddioElectronicsAB\/","article_modified_time":"2026-01-23T09:16:43+00:00","twitter_card":"summary_large_image","twitter_misc":{"Est. reading time":"5 dakika"},"schema":{"@context":"https:\/\/schema.org","@graph":[{"@type":"WebPage","@id":"https:\/\/addio.eu\/tr\/car-electric-ble-remote-gizlilik-politikasi\/","url":"https:\/\/addio.eu\/tr\/car-electric-ble-remote-gizlilik-politikasi\/","name":"\"Car Electric - BLE Remote\" Gizlilik Politikas\u0131 - Addio Electronics","isPartOf":{"@id":"https:\/\/addio.eu\/tr\/#website"},"datePublished":"2025-04-03T08:20:46+00:00","dateModified":"2026-01-23T09:16:43+00:00","breadcrumb":{"@id":"https:\/\/addio.eu\/tr\/car-electric-ble-remote-gizlilik-politikasi\/#breadcrumb"},"inLanguage":"tr","potentialAction":[{"@type":"ReadAction","target":["https:\/\/addio.eu\/tr\/car-electric-ble-remote-gizlilik-politikasi\/"]}]},{"@type":"BreadcrumbList","@id":"https:\/\/addio.eu\/tr\/car-electric-ble-remote-gizlilik-politikasi\/#breadcrumb","itemListElement":[{"@type":"ListItem","position":1,"name":"Home","item":"https:\/\/addio.eu\/tr\/addio-ana-sayfa\/"},{"@type":"ListItem","position":2,"name":"&#8220;Car Electric &#8211; BLE Remote&#8221; Gizlilik Politikas\u0131"}]},{"@type":"WebSite","@id":"https:\/\/addio.eu\/tr\/#website","url":"https:\/\/addio.eu\/tr\/","name":"addio.eu","description":"","publisher":{"@id":"https:\/\/addio.eu\/tr\/#organization"},"potentialAction":[{"@type":"SearchAction","target":{"@type":"EntryPoint","urlTemplate":"https:\/\/addio.eu\/tr\/?s={search_term_string}"},"query-input":{"@type":"PropertyValueSpecification","valueRequired":true,"valueName":"search_term_string"}}],"inLanguage":"tr"},{"@type":"Organization","@id":"https:\/\/addio.eu\/tr\/#organization","name":"Addio Electronics","url":"https:\/\/addio.eu\/tr\/","logo":{"@type":"ImageObject","inLanguage":"tr","@id":"https:\/\/addio.eu\/tr\/#\/schema\/logo\/image\/","url":"https:\/\/addio.eu\/wp-content\/uploads\/2024\/10\/Lager_1-1.svg","contentUrl":"https:\/\/addio.eu\/wp-content\/uploads\/2024\/10\/Lager_1-1.svg","width":89,"height":26,"caption":"Addio Electronics"},"image":{"@id":"https:\/\/addio.eu\/tr\/#\/schema\/logo\/image\/"},"sameAs":["https:\/\/www.facebook.com\/AddioElectronicsAB\/","https:\/\/www.linkedin.com\/company\/addio-electronics-ab"]}]}},"_links":{"self":[{"href":"https:\/\/addio.eu\/tr\/wp-json\/wp\/v2\/pages\/15151","targetHints":{"allow":["GET"]}}],"collection":[{"href":"https:\/\/addio.eu\/tr\/wp-json\/wp\/v2\/pages"}],"about":[{"href":"https:\/\/addio.eu\/tr\/wp-json\/wp\/v2\/types\/page"}],"author":[{"embeddable":true,"href":"https:\/\/addio.eu\/tr\/wp-json\/wp\/v2\/users\/1"}],"replies":[{"embeddable":true,"href":"https:\/\/addio.eu\/tr\/wp-json\/wp\/v2\/comments?post=15151"}],"version-history":[{"count":1,"href":"https:\/\/addio.eu\/tr\/wp-json\/wp\/v2\/pages\/15151\/revisions"}],"predecessor-version":[{"id":15152,"href":"https:\/\/addio.eu\/tr\/wp-json\/wp\/v2\/pages\/15151\/revisions\/15152"}],"wp:attachment":[{"href":"https:\/\/addio.eu\/tr\/wp-json\/wp\/v2\/media?parent=15151"}],"curies":[{"name":"wp","href":"https:\/\/api.w.org\/{rel}","templated":true}]}}