{"id":13652,"date":"2025-03-07T10:38:08","date_gmt":"2025-03-07T10:38:08","guid":{"rendered":"https:\/\/addio.eu\/product\/handkontroll-15\/"},"modified":"2025-03-07T10:38:08","modified_gmt":"2025-03-07T10:38:08","slug":"handkontroll-15","status":"publish","type":"product","link":"https:\/\/addio.eu\/sv\/produkt\/handkontroll-15\/","title":{"rendered":"Handkontroll 15"},"content":{"rendered":"<p class=\"\" data-start=\"660\" data-end=\"682\"><strong data-start=\"660\" data-end=\"682\">F\u00e4rg och belysning<\/strong><\/p>\n<p class=\"\" data-start=\"684\" data-end=\"919\">Alla knappar p\u00e5 kontrollpanelen \u00e4r belysta och kan konfigureras med f\u00f6ljande f\u00e4rger: gr\u00f6n, bl\u00e5, gul, orange, vit och r\u00f6d. B\u00e5de bakgrundsljusets f\u00e4rg och den aktiva f\u00e4rgen kan st\u00e4llas in i menyn f\u00f6r varje knapp. <\/p>\n<p class=\"\" data-start=\"921\" data-end=\"1055\">Knapparnas ljusstyrka justeras automatiskt baserat p\u00e5 de omgivande ljusf\u00f6rh\u00e5llandena, tack vare en inbyggd ljussensor.<\/p>\n<p class=\"\" data-start=\"1346\" data-end=\"1380\"><strong data-start=\"1346\" data-end=\"1380\">Installation och konfiguration<\/strong><\/p>\n<p class=\"\" data-start=\"1382\" data-end=\"1525\">Konfiguration av knappfunktioner, aktiva och passiva f\u00e4rger med mera lagras i v\u00e5ra rel\u00e4boxar och g\u00f6rs via v\u00e5r programvara, Addio CC.<\/p>\n<p data-start=\"1382\" data-end=\"1525\"><strong>Ing\u00e5r i f\u00f6rpackningen<\/strong><br \/>\nAddio Handkontroll levereras med en 3 meter l\u00e5ng kabel, ett f\u00e4ste och sj\u00e4lvh\u00e4ftande knappetiketter.<\/p>\n","protected":false},"excerpt":{"rendered":"<div class=\"elementor-element elementor-element-28a1869 elementor-widget elementor-widget-woocommerce-product-title elementor-page-title elementor-widget-heading\" data-id=\"28a1869\" data-element_type=\"widget\" data-widget_type=\"woocommerce-product-title.default\">\n<div class=\"elementor-widget-container\">\n<h2 class=\"product_title entry-title elementor-heading-title elementor-size-default\"><strong style=\"font-size: 16px;\" data-start=\"62\" data-end=\"120\">Enkel kabeldragning och installation med Addio handkontroll<\/strong><\/h2>\n<\/div>\n<\/div>\n<div class=\"elementor-element elementor-element-b951bf8 elementor-widget elementor-widget-woocommerce-product-short-description\" data-id=\"b951bf8\" data-element_type=\"widget\" data-widget_type=\"woocommerce-product-short-description.default\">\n<div class=\"elementor-widget-container\">\n<div class=\"woocommerce-product-details__short-description\">\n<p>Addio 13-knappars handkontroll \u00e4r enkel att installera med hj\u00e4lp av det medf\u00f6ljande monteringsf\u00e4stet. Handkontrollen ansluts till rel\u00e4boxens COM\/CAN-port via den medf\u00f6ljande kabeln. <\/p>\n<p>Addio Handkontroll \u00e4r kompatibel med b\u00e5de v\u00e5ra 12V- och 24V-DRB:er.<\/p>\n<div id=\"tw-target-rmn-container\" class=\"tw-target-rmn tw-ta-container tw-nfl\" tabindex=\"0\" role=\"text\">\n<p id=\"tw-target-rmn\" class=\"tw-data-placeholder tw-text-small tw-ta\" dir=\"ltr\"><strong data-start=\"333\" data-end=\"345\">Funktioner<\/strong><\/p>\n<\/div>\n<p class=\"\" data-start=\"347\" data-end=\"523\">Varje knapp kan st\u00e4llas in f\u00f6r att styra flera funktioner och kan aktivera en utg\u00e5ng och\/eller fungera som en indikator f\u00f6r att visa om en specifik ing\u00e5ng, utg\u00e5ng eller annan intern funktion.<\/p>\n<p class=\"\" data-start=\"525\" data-end=\"658\">Upp till fyra handkontroller kan anv\u00e4ndas i ett system, handkontrollerna fungerar parallellt (trappkoppling).<\/p>\n<\/div>\n<\/div>\n<\/div>\n","protected":false},"featured_media":5857,"comment_status":"open","ping_status":"closed","template":"","meta":[],"product_brand":[],"product_cat":[426],"product_tag":[427],"class_list":{"0":"post-13652","1":"product","2":"type-product","3":"status-publish","4":"has-post-thumbnail","6":"product_cat-handkontroller","7":"product_tag-15-knappar","9":"first","10":"instock","11":"shipping-taxable","12":"product-type-simple"},"yoast_head":"<!-- This site is optimized with the Yoast SEO plugin v26.0 - https:\/\/yoast.com\/wordpress\/plugins\/seo\/ -->\n<title>Handkontroll 15 - Addio Electronics<\/title>\n<meta name=\"robots\" content=\"index, follow, max-snippet:-1, max-image-preview:large, max-video-preview:-1\" \/>\n<link rel=\"canonical\" href=\"https:\/\/addio.eu\/sv\/produkt\/handkontroll-15\/\" \/>\n<meta property=\"og:locale\" content=\"sv_SE\" \/>\n<meta property=\"og:type\" content=\"article\" \/>\n<meta property=\"og:title\" content=\"Handkontroll 15 - Addio Electronics\" \/>\n<meta property=\"og:description\" content=\"Enkel kabeldragning och installation med Addio handkontroll    Addio 13-knappars handkontroll \u00e4r enkel att installera med hj\u00e4lp av det medf\u00f6ljande monteringsf\u00e4stet. Handkontrollen ansluts till rel\u00e4boxens COM\/CAN-port via den medf\u00f6ljande kabeln.  Addio Handkontroll \u00e4r kompatibel med b\u00e5de v\u00e5ra 12V- och 24V-DRB:er. Funktioner  Varje knapp kan st\u00e4llas in f\u00f6r att styra flera funktioner och kan aktivera en utg\u00e5ng och\/eller fungera som en indikator f\u00f6r att visa om en specifik ing\u00e5ng, utg\u00e5ng eller annan intern funktion. Upp till fyra handkontroller kan anv\u00e4ndas i ett system, handkontrollerna fungerar parallellt (trappkoppling).\" \/>\n<meta property=\"og:url\" content=\"https:\/\/addio.eu\/sv\/produkt\/handkontroll-15\/\" \/>\n<meta property=\"og:site_name\" content=\"Addio Electronics\" \/>\n<meta property=\"article:publisher\" content=\"https:\/\/www.facebook.com\/AddioElectronicsAB\/\" \/>\n<meta property=\"og:image\" content=\"https:\/\/addio.eu\/wp-content\/uploads\/2025\/03\/IMG_1590-scaled.jpg\" \/>\n\t<meta property=\"og:image:width\" content=\"1670\" \/>\n\t<meta property=\"og:image:height\" content=\"2560\" \/>\n\t<meta property=\"og:image:type\" content=\"image\/jpeg\" \/>\n<meta name=\"twitter:card\" content=\"summary_large_image\" \/>\n<meta name=\"twitter:label1\" content=\"Ber\u00e4knad l\u00e4stid\" \/>\n\t<meta name=\"twitter:data1\" content=\"1 minut\" \/>\n<script type=\"application\/ld+json\" class=\"yoast-schema-graph\">{\"@context\":\"https:\/\/schema.org\",\"@graph\":[{\"@type\":\"WebPage\",\"@id\":\"https:\/\/addio.eu\/sv\/produkt\/handkontroll-15\/\",\"url\":\"https:\/\/addio.eu\/sv\/produkt\/handkontroll-15\/\",\"name\":\"Handkontroll 15 - Addio Electronics\",\"isPartOf\":{\"@id\":\"https:\/\/addio.eu\/sv\/#website\"},\"primaryImageOfPage\":{\"@id\":\"https:\/\/addio.eu\/sv\/produkt\/handkontroll-15\/#primaryimage\"},\"image\":{\"@id\":\"https:\/\/addio.eu\/sv\/produkt\/handkontroll-15\/#primaryimage\"},\"thumbnailUrl\":\"https:\/\/addio.eu\/wp-content\/uploads\/2025\/03\/IMG_1590-scaled.jpg\",\"datePublished\":\"2025-03-07T10:38:08+00:00\",\"breadcrumb\":{\"@id\":\"https:\/\/addio.eu\/sv\/produkt\/handkontroll-15\/#breadcrumb\"},\"inLanguage\":\"sv-SE\",\"potentialAction\":[{\"@type\":\"ReadAction\",\"target\":[\"https:\/\/addio.eu\/sv\/produkt\/handkontroll-15\/\"]}]},{\"@type\":\"ImageObject\",\"inLanguage\":\"sv-SE\",\"@id\":\"https:\/\/addio.eu\/sv\/produkt\/handkontroll-15\/#primaryimage\",\"url\":\"https:\/\/addio.eu\/wp-content\/uploads\/2025\/03\/IMG_1590-scaled.jpg\",\"contentUrl\":\"https:\/\/addio.eu\/wp-content\/uploads\/2025\/03\/IMG_1590-scaled.jpg\",\"width\":1670,\"height\":2560},{\"@type\":\"BreadcrumbList\",\"@id\":\"https:\/\/addio.eu\/sv\/produkt\/handkontroll-15\/#breadcrumb\",\"itemListElement\":[{\"@type\":\"ListItem\",\"position\":1,\"name\":\"Home\",\"item\":\"https:\/\/addio.eu\/sv\/addios-startsida\/\"},{\"@type\":\"ListItem\",\"position\":2,\"name\":\"Produkter\",\"item\":\"https:\/\/addio.eu\/sv\/produkter\/\"},{\"@type\":\"ListItem\",\"position\":3,\"name\":\"Handkontroll 15\"}]},{\"@type\":\"WebSite\",\"@id\":\"https:\/\/addio.eu\/sv\/#website\",\"url\":\"https:\/\/addio.eu\/sv\/\",\"name\":\"addio.eu\",\"description\":\"\",\"publisher\":{\"@id\":\"https:\/\/addio.eu\/sv\/#organization\"},\"potentialAction\":[{\"@type\":\"SearchAction\",\"target\":{\"@type\":\"EntryPoint\",\"urlTemplate\":\"https:\/\/addio.eu\/sv\/?s={search_term_string}\"},\"query-input\":{\"@type\":\"PropertyValueSpecification\",\"valueRequired\":true,\"valueName\":\"search_term_string\"}}],\"inLanguage\":\"sv-SE\"},{\"@type\":\"Organization\",\"@id\":\"https:\/\/addio.eu\/sv\/#organization\",\"name\":\"Addio electronics\",\"url\":\"https:\/\/addio.eu\/sv\/\",\"logo\":{\"@type\":\"ImageObject\",\"inLanguage\":\"sv-SE\",\"@id\":\"https:\/\/addio.eu\/sv\/#\/schema\/logo\/image\/\",\"url\":\"https:\/\/addio.eu\/wp-content\/uploads\/2024\/10\/Lager_1-1.svg\",\"contentUrl\":\"https:\/\/addio.eu\/wp-content\/uploads\/2024\/10\/Lager_1-1.svg\",\"caption\":\"Addio electronics\"},\"image\":{\"@id\":\"https:\/\/addio.eu\/sv\/#\/schema\/logo\/image\/\"},\"sameAs\":[\"https:\/\/www.facebook.com\/AddioElectronicsAB\/\",\"https:\/\/www.linkedin.com\/company\/addio-electronics-ab\"]}]}<\/script>\n<!-- \/ Yoast SEO plugin. -->","yoast_head_json":{"title":"Handkontroll 15 - Addio Electronics","robots":{"index":"index","follow":"follow","max-snippet":"max-snippet:-1","max-image-preview":"max-image-preview:large","max-video-preview":"max-video-preview:-1"},"canonical":"https:\/\/addio.eu\/sv\/produkt\/handkontroll-15\/","og_locale":"sv_SE","og_type":"article","og_title":"Handkontroll 15 - Addio Electronics","og_description":"Enkel kabeldragning och installation med Addio handkontroll    Addio 13-knappars handkontroll \u00e4r enkel att installera med hj\u00e4lp av det medf\u00f6ljande monteringsf\u00e4stet. Handkontrollen ansluts till rel\u00e4boxens COM\/CAN-port via den medf\u00f6ljande kabeln.  Addio Handkontroll \u00e4r kompatibel med b\u00e5de v\u00e5ra 12V- och 24V-DRB:er. Funktioner  Varje knapp kan st\u00e4llas in f\u00f6r att styra flera funktioner och kan aktivera en utg\u00e5ng och\/eller fungera som en indikator f\u00f6r att visa om en specifik ing\u00e5ng, utg\u00e5ng eller annan intern funktion. Upp till fyra handkontroller kan anv\u00e4ndas i ett system, handkontrollerna fungerar parallellt (trappkoppling).","og_url":"https:\/\/addio.eu\/sv\/produkt\/handkontroll-15\/","og_site_name":"Addio Electronics","article_publisher":"https:\/\/www.facebook.com\/AddioElectronicsAB\/","og_image":[{"width":1670,"height":2560,"url":"https:\/\/addio.eu\/wp-content\/uploads\/2025\/03\/IMG_1590-scaled.jpg","type":"image\/jpeg"}],"twitter_card":"summary_large_image","twitter_misc":{"Ber\u00e4knad l\u00e4stid":"1 minut"},"schema":{"@context":"https:\/\/schema.org","@graph":[{"@type":"WebPage","@id":"https:\/\/addio.eu\/sv\/produkt\/handkontroll-15\/","url":"https:\/\/addio.eu\/sv\/produkt\/handkontroll-15\/","name":"Handkontroll 15 - Addio Electronics","isPartOf":{"@id":"https:\/\/addio.eu\/sv\/#website"},"primaryImageOfPage":{"@id":"https:\/\/addio.eu\/sv\/produkt\/handkontroll-15\/#primaryimage"},"image":{"@id":"https:\/\/addio.eu\/sv\/produkt\/handkontroll-15\/#primaryimage"},"thumbnailUrl":"https:\/\/addio.eu\/wp-content\/uploads\/2025\/03\/IMG_1590-scaled.jpg","datePublished":"2025-03-07T10:38:08+00:00","breadcrumb":{"@id":"https:\/\/addio.eu\/sv\/produkt\/handkontroll-15\/#breadcrumb"},"inLanguage":"sv-SE","potentialAction":[{"@type":"ReadAction","target":["https:\/\/addio.eu\/sv\/produkt\/handkontroll-15\/"]}]},{"@type":"ImageObject","inLanguage":"sv-SE","@id":"https:\/\/addio.eu\/sv\/produkt\/handkontroll-15\/#primaryimage","url":"https:\/\/addio.eu\/wp-content\/uploads\/2025\/03\/IMG_1590-scaled.jpg","contentUrl":"https:\/\/addio.eu\/wp-content\/uploads\/2025\/03\/IMG_1590-scaled.jpg","width":1670,"height":2560},{"@type":"BreadcrumbList","@id":"https:\/\/addio.eu\/sv\/produkt\/handkontroll-15\/#breadcrumb","itemListElement":[{"@type":"ListItem","position":1,"name":"Home","item":"https:\/\/addio.eu\/sv\/addios-startsida\/"},{"@type":"ListItem","position":2,"name":"Produkter","item":"https:\/\/addio.eu\/sv\/produkter\/"},{"@type":"ListItem","position":3,"name":"Handkontroll 15"}]},{"@type":"WebSite","@id":"https:\/\/addio.eu\/sv\/#website","url":"https:\/\/addio.eu\/sv\/","name":"addio.eu","description":"","publisher":{"@id":"https:\/\/addio.eu\/sv\/#organization"},"potentialAction":[{"@type":"SearchAction","target":{"@type":"EntryPoint","urlTemplate":"https:\/\/addio.eu\/sv\/?s={search_term_string}"},"query-input":{"@type":"PropertyValueSpecification","valueRequired":true,"valueName":"search_term_string"}}],"inLanguage":"sv-SE"},{"@type":"Organization","@id":"https:\/\/addio.eu\/sv\/#organization","name":"Addio electronics","url":"https:\/\/addio.eu\/sv\/","logo":{"@type":"ImageObject","inLanguage":"sv-SE","@id":"https:\/\/addio.eu\/sv\/#\/schema\/logo\/image\/","url":"https:\/\/addio.eu\/wp-content\/uploads\/2024\/10\/Lager_1-1.svg","contentUrl":"https:\/\/addio.eu\/wp-content\/uploads\/2024\/10\/Lager_1-1.svg","caption":"Addio electronics"},"image":{"@id":"https:\/\/addio.eu\/sv\/#\/schema\/logo\/image\/"},"sameAs":["https:\/\/www.facebook.com\/AddioElectronicsAB\/","https:\/\/www.linkedin.com\/company\/addio-electronics-ab"]}]}},"_links":{"self":[{"href":"https:\/\/addio.eu\/sv\/wp-json\/wp\/v2\/product\/13652","targetHints":{"allow":["GET"]}}],"collection":[{"href":"https:\/\/addio.eu\/sv\/wp-json\/wp\/v2\/product"}],"about":[{"href":"https:\/\/addio.eu\/sv\/wp-json\/wp\/v2\/types\/product"}],"replies":[{"embeddable":true,"href":"https:\/\/addio.eu\/sv\/wp-json\/wp\/v2\/comments?post=13652"}],"wp:featuredmedia":[{"embeddable":true,"href":"https:\/\/addio.eu\/sv\/wp-json\/wp\/v2\/media\/5857"}],"wp:attachment":[{"href":"https:\/\/addio.eu\/sv\/wp-json\/wp\/v2\/media?parent=13652"}],"wp:term":[{"taxonomy":"product_brand","embeddable":true,"href":"https:\/\/addio.eu\/sv\/wp-json\/wp\/v2\/product_brand?post=13652"},{"taxonomy":"product_cat","embeddable":true,"href":"https:\/\/addio.eu\/sv\/wp-json\/wp\/v2\/product_cat?post=13652"},{"taxonomy":"product_tag","embeddable":true,"href":"https:\/\/addio.eu\/sv\/wp-json\/wp\/v2\/product_tag?post=13652"}],"curies":[{"name":"wp","href":"https:\/\/api.w.org\/{rel}","templated":true}]}}