{"id":13429,"date":"2025-03-02T08:15:23","date_gmt":"2025-03-02T08:15:23","guid":{"rendered":"https:\/\/addio.eu\/product\/drb-9012-8-adv\/"},"modified":"2026-02-10T17:02:01","modified_gmt":"2026-02-10T17:02:01","slug":"drb-9012-8-adv","status":"publish","type":"product","link":"https:\/\/addio.eu\/sv\/produkt\/drb-9012-8-adv\/","title":{"rendered":"DRB 9012-8 ADV"},"content":{"rendered":"<p>F\u00f6r automatiserade funktioner kan Addio CAN Master anslutas och anv\u00e4ndas f\u00f6r integration med fordonssignaler som anv\u00e4nds som indata.<\/p>\n<p>DRB:n konfigureras via v\u00e5r programvara ADDIO CC.<\/p>\n<p>&nbsp;<\/p>\n<table width=\"360\">\n<tbody>\n<tr>\n<td width=\"234\">Modell<\/td>\n<td width=\"126\">DRB-9012-8 ADV<\/td>\n<\/tr>\n<tr>\n<td width=\"234\">Str\u00f6mf\u00f6rs\u00f6rjning<\/td>\n<td width=\"126\">10-22 VDC<\/td>\n<\/tr>\n<tr>\n<td width=\"234\">Intern str\u00f6mf\u00f6rbrukning (ungef\u00e4rlig) Normall\u00e4ge ingen utg\u00e5ng aktiv \/ Vilol\u00e4ge<\/td>\n<td width=\"126\">~30mA\/~10mA<\/td>\n<\/tr>\n<tr>\n<td width=\"234\">Undersp\u00e4nningsskydd (justerbart)<\/td>\n<td width=\"126\">10-13V, 0.5V steg<\/td>\n<\/tr>\n<tr>\n<td width=\"234\">\u00d6versp\u00e4nningsskydd (justerbart)<\/td>\n<td width=\"126\">16-26V, 2V steg<\/td>\n<\/tr>\n<tr>\n<td width=\"234\">Max. total str\u00f6m 1 minut<\/td>\n<td width=\"126\">90A<\/td>\n<\/tr>\n<tr>\n<td width=\"234\">Max. total kontinuerlig str\u00f6m<\/td>\n<td width=\"126\">70A<\/td>\n<\/tr>\n<tr>\n<td width=\"234\">Totalt antal ing\u00e5ngar<\/td>\n<td width=\"126\">8 st<\/td>\n<\/tr>\n<tr>\n<td width=\"234\">Digitala ing\u00e5ngar<\/td>\n<td width=\"126\">4 av 8 st<\/td>\n<\/tr>\n<tr>\n<td width=\"234\">Analoga ing\u00e5ngar<\/td>\n<td width=\"126\">4 av 8 st<\/td>\n<\/tr>\n<tr>\n<td width=\"234\">Ing\u00e5ngsresistans @12V<\/td>\n<td width=\"126\">22k\u03a9<\/td>\n<\/tr>\n<tr>\n<td width=\"234\">Anslutningar ing\u00e5ngar (jackbara skruvplintar)<\/td>\n<td width=\"126\">10-polig inkl. +\/-<\/td>\n<\/tr>\n<tr>\n<td width=\"234\">Antal utg\u00e5ngar<\/td>\n<td width=\"126\">8 st<\/td>\n<\/tr>\n<tr>\n<td width=\"234\">Anslutning utg\u00e5ngar<\/td>\n<td width=\"126\">Kabelkrympkontakt<\/td>\n<\/tr>\n<tr>\n<td width=\"234\">S\u00e4kringsstorlek A, utg\u00e5ngar<\/td>\n<td width=\"126\">5, 10, 15, 20, (25 endast U7, U8)<\/td>\n<\/tr>\n<tr>\n<td width=\"234\">Anslutning str\u00f6mf\u00f6rs\u00f6rjning<\/td>\n<td width=\"126\">M5 mutter<\/td>\n<\/tr>\n<tr>\n<td width=\"234\">Bluetooth<\/td>\n<td width=\"126\">Ja, tillbeh\u00f6r<\/td>\n<\/tr>\n<tr>\n<td width=\"234\">Motorstyrning H-brygga (prel. str\u00f6m)<\/td>\n<td width=\"126\">ja, max 12A<\/td>\n<\/tr>\n<tr>\n<td width=\"234\">Felindikering<\/td>\n<td width=\"126\">delad RGB LED<\/td>\n<\/tr>\n<tr>\n<td width=\"234\">LED per utg\u00e5ng (justerbar f\u00e4rg)<\/td>\n<td width=\"126\">ja, RGB<\/td>\n<\/tr>\n<tr>\n<td width=\"234\">Kommunikationsbuss (CAN-buss)<\/td>\n<td width=\"126\">Ja 2 st RJ10<\/td>\n<\/tr>\n<tr>\n<td width=\"234\">Datoranslutningar<\/td>\n<td width=\"126\">USB Mini<\/td>\n<\/tr>\n<tr>\n<td width=\"234\">Jordningssignaler<\/td>\n<td width=\"126\">Ja med intern pull-up. Ing\u00e5ng 1-4<\/td>\n<\/tr>\n<tr>\n<td width=\"234\">Handkontroll, Brytarpaneler, sensorer etc.<\/td>\n<td width=\"126\">Ja, som tillbeh\u00f6r<\/td>\n<\/tr>\n<tr>\n<td width=\"234\">Storlek (mm)<\/td>\n<td width=\"126\">170x92x21<\/td>\n<\/tr>\n<tr>\n<td width=\"234\">Vikt<\/td>\n<td width=\"126\">174<\/td>\n<\/tr>\n<\/tbody>\n<\/table>\n","protected":false},"excerpt":{"rendered":"<p class=\"\" data-start=\"112\" data-end=\"430\">DRB 9012-8 ADV \u00e4r v\u00e5r b\u00e4sts\u00e4ljande enhet med 8 utg\u00e5ngar och 8 ing\u00e5ngar, och en kontinuerlig total str\u00f6m p\u00e5 90 ampere f\u00f6rdelat \u00f6ver alla utg\u00e5ngar.<\/p>\n<p>Liksom alla v\u00e5ra DRB-enheter erbjuder 9012-8 ADV ett brett utbud av funktioner s\u00e5som:<\/p>\n<ul>\n<li>Rel\u00e4funktioner som blinkning, dimmer och timer<\/li>\n<li>S\u00e4kringsfunktion via h\u00f6gstr\u00f6mbrytare<\/li>\n<li>Batteriskydd genom timers eller sp\u00e4nningsskydd, individuellt per utg\u00e5ng<\/li>\n<li>Regelbaserade logiska funktioner<\/li>\n<li>Upp till tre olika funktioner per utg\u00e5ng, s\u00e5som fast eller blinkande<\/li>\n<\/ul>\n<p class=\"\" data-start=\"112\" data-end=\"430\">Utg\u00e5ngarna \u00e4r digitalt skyddade upp till 25 Ampere per utg\u00e5ng (justerbart mellan i 5 A intervall)<\/p>\n<p class=\"\" data-start=\"432\" data-end=\"679\">Enheten styrs l\u00e4mpligast via v\u00e5r 8-knappars kontrollpanel (tillbeh\u00f6r) ansluten via CAN-Bus, men vanliga brytare eller andra typer av signaler, b\u00e5de digitala (h\u00f6g\/l\u00e5g) och analoga (variabla sp\u00e4nningar), kan ocks\u00e5 konfigureras f\u00f6r att styra varje utg\u00e5ng.<\/p>\n","protected":false},"featured_media":13432,"comment_status":"open","ping_status":"closed","template":"","meta":[],"product_brand":[],"product_cat":[256],"product_tag":[337,259,257,258],"class_list":{"0":"post-13429","1":"product","2":"type-product","3":"status-publish","4":"has-post-thumbnail","6":"product_cat-digitala-relaboxar","7":"product_tag-12v","8":"product_tag-2-can-portar","9":"product_tag-8-ingangar","10":"product_tag-8-utgangar","12":"first","13":"instock","14":"shipping-taxable","15":"product-type-simple"},"yoast_head":"<!-- This site is optimized with the Yoast SEO plugin v26.0 - https:\/\/yoast.com\/wordpress\/plugins\/seo\/ -->\n<title>DRB 9012-8 ADV - Addio Electronics<\/title>\n<meta name=\"robots\" content=\"index, follow, max-snippet:-1, max-image-preview:large, max-video-preview:-1\" \/>\n<link rel=\"canonical\" href=\"https:\/\/addio.eu\/sv\/produkt\/drb-9012-8-adv\/\" \/>\n<meta property=\"og:locale\" content=\"sv_SE\" \/>\n<meta property=\"og:type\" content=\"article\" \/>\n<meta property=\"og:title\" content=\"DRB 9012-8 ADV - Addio Electronics\" \/>\n<meta property=\"og:description\" content=\"DRB 9012-8 ADV \u00e4r v\u00e5r b\u00e4sts\u00e4ljande enhet med 8 utg\u00e5ngar och 8 ing\u00e5ngar, och en kontinuerlig total str\u00f6m p\u00e5 90 ampere f\u00f6rdelat \u00f6ver alla utg\u00e5ngar. Liksom alla v\u00e5ra DRB-enheter erbjuder 9012-8 ADV ett brett utbud av funktioner s\u00e5som:  Rel\u00e4funktioner som blinkning, dimmer och timer  S\u00e4kringsfunktion via h\u00f6gstr\u00f6mbrytare  Batteriskydd genom timers eller sp\u00e4nningsskydd, individuellt per utg\u00e5ng  Regelbaserade logiska funktioner  Upp till tre olika funktioner per utg\u00e5ng, s\u00e5som fast eller blinkande Utg\u00e5ngarna \u00e4r digitalt skyddade upp till 25 Ampere per utg\u00e5ng (justerbart mellan i 5 A intervall) Enheten styrs l\u00e4mpligast via v\u00e5r 8-knappars kontrollpanel (tillbeh\u00f6r) ansluten via CAN-Bus, men vanliga brytare eller andra typer av signaler, b\u00e5de digitala (h\u00f6g\/l\u00e5g) och analoga (variabla sp\u00e4nningar), kan ocks\u00e5 konfigureras f\u00f6r att styra varje utg\u00e5ng.\" \/>\n<meta property=\"og:url\" content=\"https:\/\/addio.eu\/sv\/produkt\/drb-9012-8-adv\/\" \/>\n<meta property=\"og:site_name\" content=\"Addio Electronics\" \/>\n<meta property=\"article:publisher\" content=\"https:\/\/www.facebook.com\/AddioElectronicsAB\/\" \/>\n<meta property=\"article:modified_time\" content=\"2026-02-10T17:02:01+00:00\" \/>\n<meta property=\"og:image\" content=\"https:\/\/addio.eu\/wp-content\/uploads\/2025\/03\/IMG_1765-scaled.jpg\" \/>\n\t<meta property=\"og:image:width\" content=\"2560\" \/>\n\t<meta property=\"og:image:height\" content=\"1598\" \/>\n\t<meta property=\"og:image:type\" content=\"image\/jpeg\" \/>\n<meta name=\"twitter:card\" content=\"summary_large_image\" \/>\n<meta name=\"twitter:label1\" content=\"Ber\u00e4knad l\u00e4stid\" \/>\n\t<meta name=\"twitter:data1\" content=\"1 minut\" \/>\n<script type=\"application\/ld+json\" class=\"yoast-schema-graph\">{\"@context\":\"https:\/\/schema.org\",\"@graph\":[{\"@type\":\"WebPage\",\"@id\":\"https:\/\/addio.eu\/sv\/produkt\/drb-9012-8-adv\/\",\"url\":\"https:\/\/addio.eu\/sv\/produkt\/drb-9012-8-adv\/\",\"name\":\"DRB 9012-8 ADV - Addio Electronics\",\"isPartOf\":{\"@id\":\"https:\/\/addio.eu\/sv\/#website\"},\"primaryImageOfPage\":{\"@id\":\"https:\/\/addio.eu\/sv\/produkt\/drb-9012-8-adv\/#primaryimage\"},\"image\":{\"@id\":\"https:\/\/addio.eu\/sv\/produkt\/drb-9012-8-adv\/#primaryimage\"},\"thumbnailUrl\":\"https:\/\/addio.eu\/wp-content\/uploads\/2025\/03\/IMG_1765-scaled.jpg\",\"datePublished\":\"2025-03-02T08:15:23+00:00\",\"dateModified\":\"2026-02-10T17:02:01+00:00\",\"breadcrumb\":{\"@id\":\"https:\/\/addio.eu\/sv\/produkt\/drb-9012-8-adv\/#breadcrumb\"},\"inLanguage\":\"sv-SE\",\"potentialAction\":[{\"@type\":\"ReadAction\",\"target\":[\"https:\/\/addio.eu\/sv\/produkt\/drb-9012-8-adv\/\"]}]},{\"@type\":\"ImageObject\",\"inLanguage\":\"sv-SE\",\"@id\":\"https:\/\/addio.eu\/sv\/produkt\/drb-9012-8-adv\/#primaryimage\",\"url\":\"https:\/\/addio.eu\/wp-content\/uploads\/2025\/03\/IMG_1765-scaled.jpg\",\"contentUrl\":\"https:\/\/addio.eu\/wp-content\/uploads\/2025\/03\/IMG_1765-scaled.jpg\",\"width\":2560,\"height\":1598},{\"@type\":\"BreadcrumbList\",\"@id\":\"https:\/\/addio.eu\/sv\/produkt\/drb-9012-8-adv\/#breadcrumb\",\"itemListElement\":[{\"@type\":\"ListItem\",\"position\":1,\"name\":\"Home\",\"item\":\"https:\/\/addio.eu\/sv\/addios-startsida\/\"},{\"@type\":\"ListItem\",\"position\":2,\"name\":\"Produkter\",\"item\":\"https:\/\/addio.eu\/sv\/produkter\/\"},{\"@type\":\"ListItem\",\"position\":3,\"name\":\"DRB 9012-8 ADV\"}]},{\"@type\":\"WebSite\",\"@id\":\"https:\/\/addio.eu\/sv\/#website\",\"url\":\"https:\/\/addio.eu\/sv\/\",\"name\":\"addio.eu\",\"description\":\"\",\"publisher\":{\"@id\":\"https:\/\/addio.eu\/sv\/#organization\"},\"potentialAction\":[{\"@type\":\"SearchAction\",\"target\":{\"@type\":\"EntryPoint\",\"urlTemplate\":\"https:\/\/addio.eu\/sv\/?s={search_term_string}\"},\"query-input\":{\"@type\":\"PropertyValueSpecification\",\"valueRequired\":true,\"valueName\":\"search_term_string\"}}],\"inLanguage\":\"sv-SE\"},{\"@type\":\"Organization\",\"@id\":\"https:\/\/addio.eu\/sv\/#organization\",\"name\":\"Addio electronics\",\"url\":\"https:\/\/addio.eu\/sv\/\",\"logo\":{\"@type\":\"ImageObject\",\"inLanguage\":\"sv-SE\",\"@id\":\"https:\/\/addio.eu\/sv\/#\/schema\/logo\/image\/\",\"url\":\"https:\/\/addio.eu\/wp-content\/uploads\/2024\/10\/Lager_1-1.svg\",\"contentUrl\":\"https:\/\/addio.eu\/wp-content\/uploads\/2024\/10\/Lager_1-1.svg\",\"caption\":\"Addio electronics\"},\"image\":{\"@id\":\"https:\/\/addio.eu\/sv\/#\/schema\/logo\/image\/\"},\"sameAs\":[\"https:\/\/www.facebook.com\/AddioElectronicsAB\/\",\"https:\/\/www.linkedin.com\/company\/addio-electronics-ab\"]}]}<\/script>\n<!-- \/ Yoast SEO plugin. -->","yoast_head_json":{"title":"DRB 9012-8 ADV - Addio Electronics","robots":{"index":"index","follow":"follow","max-snippet":"max-snippet:-1","max-image-preview":"max-image-preview:large","max-video-preview":"max-video-preview:-1"},"canonical":"https:\/\/addio.eu\/sv\/produkt\/drb-9012-8-adv\/","og_locale":"sv_SE","og_type":"article","og_title":"DRB 9012-8 ADV - Addio Electronics","og_description":"DRB 9012-8 ADV \u00e4r v\u00e5r b\u00e4sts\u00e4ljande enhet med 8 utg\u00e5ngar och 8 ing\u00e5ngar, och en kontinuerlig total str\u00f6m p\u00e5 90 ampere f\u00f6rdelat \u00f6ver alla utg\u00e5ngar. Liksom alla v\u00e5ra DRB-enheter erbjuder 9012-8 ADV ett brett utbud av funktioner s\u00e5som:  Rel\u00e4funktioner som blinkning, dimmer och timer  S\u00e4kringsfunktion via h\u00f6gstr\u00f6mbrytare  Batteriskydd genom timers eller sp\u00e4nningsskydd, individuellt per utg\u00e5ng  Regelbaserade logiska funktioner  Upp till tre olika funktioner per utg\u00e5ng, s\u00e5som fast eller blinkande Utg\u00e5ngarna \u00e4r digitalt skyddade upp till 25 Ampere per utg\u00e5ng (justerbart mellan i 5 A intervall) Enheten styrs l\u00e4mpligast via v\u00e5r 8-knappars kontrollpanel (tillbeh\u00f6r) ansluten via CAN-Bus, men vanliga brytare eller andra typer av signaler, b\u00e5de digitala (h\u00f6g\/l\u00e5g) och analoga (variabla sp\u00e4nningar), kan ocks\u00e5 konfigureras f\u00f6r att styra varje utg\u00e5ng.","og_url":"https:\/\/addio.eu\/sv\/produkt\/drb-9012-8-adv\/","og_site_name":"Addio Electronics","article_publisher":"https:\/\/www.facebook.com\/AddioElectronicsAB\/","article_modified_time":"2026-02-10T17:02:01+00:00","og_image":[{"width":2560,"height":1598,"url":"https:\/\/addio.eu\/wp-content\/uploads\/2025\/03\/IMG_1765-scaled.jpg","type":"image\/jpeg"}],"twitter_card":"summary_large_image","twitter_misc":{"Ber\u00e4knad l\u00e4stid":"1 minut"},"schema":{"@context":"https:\/\/schema.org","@graph":[{"@type":"WebPage","@id":"https:\/\/addio.eu\/sv\/produkt\/drb-9012-8-adv\/","url":"https:\/\/addio.eu\/sv\/produkt\/drb-9012-8-adv\/","name":"DRB 9012-8 ADV - Addio Electronics","isPartOf":{"@id":"https:\/\/addio.eu\/sv\/#website"},"primaryImageOfPage":{"@id":"https:\/\/addio.eu\/sv\/produkt\/drb-9012-8-adv\/#primaryimage"},"image":{"@id":"https:\/\/addio.eu\/sv\/produkt\/drb-9012-8-adv\/#primaryimage"},"thumbnailUrl":"https:\/\/addio.eu\/wp-content\/uploads\/2025\/03\/IMG_1765-scaled.jpg","datePublished":"2025-03-02T08:15:23+00:00","dateModified":"2026-02-10T17:02:01+00:00","breadcrumb":{"@id":"https:\/\/addio.eu\/sv\/produkt\/drb-9012-8-adv\/#breadcrumb"},"inLanguage":"sv-SE","potentialAction":[{"@type":"ReadAction","target":["https:\/\/addio.eu\/sv\/produkt\/drb-9012-8-adv\/"]}]},{"@type":"ImageObject","inLanguage":"sv-SE","@id":"https:\/\/addio.eu\/sv\/produkt\/drb-9012-8-adv\/#primaryimage","url":"https:\/\/addio.eu\/wp-content\/uploads\/2025\/03\/IMG_1765-scaled.jpg","contentUrl":"https:\/\/addio.eu\/wp-content\/uploads\/2025\/03\/IMG_1765-scaled.jpg","width":2560,"height":1598},{"@type":"BreadcrumbList","@id":"https:\/\/addio.eu\/sv\/produkt\/drb-9012-8-adv\/#breadcrumb","itemListElement":[{"@type":"ListItem","position":1,"name":"Home","item":"https:\/\/addio.eu\/sv\/addios-startsida\/"},{"@type":"ListItem","position":2,"name":"Produkter","item":"https:\/\/addio.eu\/sv\/produkter\/"},{"@type":"ListItem","position":3,"name":"DRB 9012-8 ADV"}]},{"@type":"WebSite","@id":"https:\/\/addio.eu\/sv\/#website","url":"https:\/\/addio.eu\/sv\/","name":"addio.eu","description":"","publisher":{"@id":"https:\/\/addio.eu\/sv\/#organization"},"potentialAction":[{"@type":"SearchAction","target":{"@type":"EntryPoint","urlTemplate":"https:\/\/addio.eu\/sv\/?s={search_term_string}"},"query-input":{"@type":"PropertyValueSpecification","valueRequired":true,"valueName":"search_term_string"}}],"inLanguage":"sv-SE"},{"@type":"Organization","@id":"https:\/\/addio.eu\/sv\/#organization","name":"Addio electronics","url":"https:\/\/addio.eu\/sv\/","logo":{"@type":"ImageObject","inLanguage":"sv-SE","@id":"https:\/\/addio.eu\/sv\/#\/schema\/logo\/image\/","url":"https:\/\/addio.eu\/wp-content\/uploads\/2024\/10\/Lager_1-1.svg","contentUrl":"https:\/\/addio.eu\/wp-content\/uploads\/2024\/10\/Lager_1-1.svg","caption":"Addio electronics"},"image":{"@id":"https:\/\/addio.eu\/sv\/#\/schema\/logo\/image\/"},"sameAs":["https:\/\/www.facebook.com\/AddioElectronicsAB\/","https:\/\/www.linkedin.com\/company\/addio-electronics-ab"]}]}},"_links":{"self":[{"href":"https:\/\/addio.eu\/sv\/wp-json\/wp\/v2\/product\/13429","targetHints":{"allow":["GET"]}}],"collection":[{"href":"https:\/\/addio.eu\/sv\/wp-json\/wp\/v2\/product"}],"about":[{"href":"https:\/\/addio.eu\/sv\/wp-json\/wp\/v2\/types\/product"}],"replies":[{"embeddable":true,"href":"https:\/\/addio.eu\/sv\/wp-json\/wp\/v2\/comments?post=13429"}],"wp:featuredmedia":[{"embeddable":true,"href":"https:\/\/addio.eu\/sv\/wp-json\/wp\/v2\/media\/13432"}],"wp:attachment":[{"href":"https:\/\/addio.eu\/sv\/wp-json\/wp\/v2\/media?parent=13429"}],"wp:term":[{"taxonomy":"product_brand","embeddable":true,"href":"https:\/\/addio.eu\/sv\/wp-json\/wp\/v2\/product_brand?post=13429"},{"taxonomy":"product_cat","embeddable":true,"href":"https:\/\/addio.eu\/sv\/wp-json\/wp\/v2\/product_cat?post=13429"},{"taxonomy":"product_tag","embeddable":true,"href":"https:\/\/addio.eu\/sv\/wp-json\/wp\/v2\/product_tag?post=13429"}],"curies":[{"name":"wp","href":"https:\/\/api.w.org\/{rel}","templated":true}]}}