{"id":13387,"date":"2025-03-24T11:20:39","date_gmt":"2025-03-24T11:20:39","guid":{"rendered":"https:\/\/addio.eu\/product\/can-master-kit\/"},"modified":"2025-03-24T11:20:39","modified_gmt":"2025-03-24T11:20:39","slug":"can-master-kit","status":"publish","type":"product","link":"https:\/\/addio.eu\/sv\/produkt\/can-master-kit\/","title":{"rendered":"CAN Master Kit"},"content":{"rendered":"<p data-start=\"1346\" data-end=\"1380\"><strong>Installation<\/strong><br \/>\nAnslut CAN Master till fordonet med Addio Induktiv CAN-l\u00e4sare eller direktanslutning till CAN-bussens kabeldragning.<\/p>\n<p data-start=\"1346\" data-end=\"1380\"><strong>Kompatibilitet<\/strong><br \/>\nCAN Master \u00e4r kompatibel med v\u00e5ra 12V och 24V ADV DRB:er.<\/p>\n<p class=\"\" data-start=\"1346\" data-end=\"1380\"><strong data-start=\"1346\" data-end=\"1380\">Installation och konfiguration<br \/>\n<\/strong>CAN Master Software och Addio CC.<\/p>\n<p data-start=\"1382\" data-end=\"1525\"><strong>Ing\u00e5r i f\u00f6rpackningen<\/strong><br \/>\nCAN Master, 0,5 meter kabel, RJ-adapter.<\/p>\n<p><strong>Storlek<\/strong><br \/>\n68*67*21 mm<\/p>\n","protected":false},"excerpt":{"rendered":"<p><strong>Addio CAN Master l\u00e5ter ditt Addio-system ansluta, skanna och anv\u00e4nda dina fordonssignaler.<\/strong><\/p>\n<p>Addio erbjuder m\u00f6jligheten att skapa automatiserade funktioner med integration till ditt fordon. CAN-signalerna i ditt fordon kan anv\u00e4ndas som ing\u00e5ngssignaler till Addio-systemet. Med detta kan du skapa automatiserade funktioner skr\u00e4ddarsydda f\u00f6r anv\u00e4ndarens behov. Klassiska exempel \u00e4r bakljus eller kamera som sl\u00e5s p\u00e5 med backv\u00e4xel som ing\u00e5ng.  <\/p>\n<p><strong>CAN Master Software<\/strong> anv\u00e4nds n\u00e4r installat\u00f6ren vill integrera med CAN-signaler fr\u00e5n fordonet. Skannerfunktionen kan analysera och uppt\u00e4cka signaler fr\u00e5n vilket fordon som helst, som str\u00e5lkastare, d\u00f6rrar, handbroms, backv\u00e4xel, hastighet och mycket mer. <\/p>\n<p>Lagra signalerna i Addio-databasen f\u00f6r smidig och enkel installation i framtiden.<\/p>\n<p>&nbsp;<\/p>\n","protected":false},"featured_media":5958,"comment_status":"open","ping_status":"closed","template":"","meta":[],"product_brand":[],"product_cat":[304,415],"product_tag":[],"class_list":{"0":"post-13387","1":"product","2":"type-product","3":"status-publish","4":"has-post-thumbnail","6":"product_cat-can-anslutning","7":"product_cat-can-integration","9":"first","10":"instock","11":"shipping-taxable","12":"product-type-simple"},"yoast_head":"<!-- This site is optimized with the Yoast SEO plugin v26.0 - https:\/\/yoast.com\/wordpress\/plugins\/seo\/ -->\n<title>CAN Master Kit - Addio Electronics<\/title>\n<meta name=\"robots\" content=\"index, follow, max-snippet:-1, max-image-preview:large, max-video-preview:-1\" \/>\n<link rel=\"canonical\" href=\"https:\/\/addio.eu\/sv\/produkt\/can-master-kit\/\" \/>\n<meta property=\"og:locale\" content=\"sv_SE\" \/>\n<meta property=\"og:type\" content=\"article\" \/>\n<meta property=\"og:title\" content=\"CAN Master Kit - Addio Electronics\" \/>\n<meta property=\"og:description\" content=\"Addio CAN Master l\u00e5ter ditt Addio-system ansluta, skanna och anv\u00e4nda dina fordonssignaler. Addio erbjuder m\u00f6jligheten att skapa automatiserade funktioner med integration till ditt fordon. CAN-signalerna i ditt fordon kan anv\u00e4ndas som ing\u00e5ngssignaler till Addio-systemet. Med detta kan du skapa automatiserade funktioner skr\u00e4ddarsydda f\u00f6r anv\u00e4ndarens behov. Klassiska exempel \u00e4r bakljus eller kamera som sl\u00e5s p\u00e5 med backv\u00e4xel som ing\u00e5ng.  CAN Master Software anv\u00e4nds n\u00e4r installat\u00f6ren vill integrera med CAN-signaler fr\u00e5n fordonet. Skannerfunktionen kan analysera och uppt\u00e4cka signaler fr\u00e5n vilket fordon som helst, som str\u00e5lkastare, d\u00f6rrar, handbroms, backv\u00e4xel, hastighet och mycket mer.  Lagra signalerna i Addio-databasen f\u00f6r smidig och enkel installation i framtiden. &nbsp;\" \/>\n<meta property=\"og:url\" content=\"https:\/\/addio.eu\/sv\/produkt\/can-master-kit\/\" \/>\n<meta property=\"og:site_name\" content=\"Addio Electronics\" \/>\n<meta property=\"article:publisher\" content=\"https:\/\/www.facebook.com\/AddioElectronicsAB\/\" \/>\n<meta property=\"og:image\" content=\"https:\/\/addio.eu\/wp-content\/uploads\/2025\/03\/IMG_1824-scaled.jpg\" \/>\n\t<meta property=\"og:image:width\" content=\"2560\" \/>\n\t<meta property=\"og:image:height\" content=\"2215\" \/>\n\t<meta property=\"og:image:type\" content=\"image\/jpeg\" \/>\n<meta name=\"twitter:card\" content=\"summary_large_image\" \/>\n<script type=\"application\/ld+json\" class=\"yoast-schema-graph\">{\"@context\":\"https:\/\/schema.org\",\"@graph\":[{\"@type\":\"WebPage\",\"@id\":\"https:\/\/addio.eu\/sv\/produkt\/can-master-kit\/\",\"url\":\"https:\/\/addio.eu\/sv\/produkt\/can-master-kit\/\",\"name\":\"CAN Master Kit - Addio Electronics\",\"isPartOf\":{\"@id\":\"https:\/\/addio.eu\/sv\/#website\"},\"primaryImageOfPage\":{\"@id\":\"https:\/\/addio.eu\/sv\/produkt\/can-master-kit\/#primaryimage\"},\"image\":{\"@id\":\"https:\/\/addio.eu\/sv\/produkt\/can-master-kit\/#primaryimage\"},\"thumbnailUrl\":\"https:\/\/addio.eu\/wp-content\/uploads\/2025\/03\/IMG_1824-scaled.jpg\",\"datePublished\":\"2025-03-24T11:20:39+00:00\",\"breadcrumb\":{\"@id\":\"https:\/\/addio.eu\/sv\/produkt\/can-master-kit\/#breadcrumb\"},\"inLanguage\":\"sv-SE\",\"potentialAction\":[{\"@type\":\"ReadAction\",\"target\":[\"https:\/\/addio.eu\/sv\/produkt\/can-master-kit\/\"]}]},{\"@type\":\"ImageObject\",\"inLanguage\":\"sv-SE\",\"@id\":\"https:\/\/addio.eu\/sv\/produkt\/can-master-kit\/#primaryimage\",\"url\":\"https:\/\/addio.eu\/wp-content\/uploads\/2025\/03\/IMG_1824-scaled.jpg\",\"contentUrl\":\"https:\/\/addio.eu\/wp-content\/uploads\/2025\/03\/IMG_1824-scaled.jpg\",\"width\":2560,\"height\":2215},{\"@type\":\"BreadcrumbList\",\"@id\":\"https:\/\/addio.eu\/sv\/produkt\/can-master-kit\/#breadcrumb\",\"itemListElement\":[{\"@type\":\"ListItem\",\"position\":1,\"name\":\"Home\",\"item\":\"https:\/\/addio.eu\/sv\/addios-startsida\/\"},{\"@type\":\"ListItem\",\"position\":2,\"name\":\"Produkter\",\"item\":\"https:\/\/addio.eu\/sv\/produkter\/\"},{\"@type\":\"ListItem\",\"position\":3,\"name\":\"CAN Master Kit\"}]},{\"@type\":\"WebSite\",\"@id\":\"https:\/\/addio.eu\/sv\/#website\",\"url\":\"https:\/\/addio.eu\/sv\/\",\"name\":\"addio.eu\",\"description\":\"\",\"publisher\":{\"@id\":\"https:\/\/addio.eu\/sv\/#organization\"},\"potentialAction\":[{\"@type\":\"SearchAction\",\"target\":{\"@type\":\"EntryPoint\",\"urlTemplate\":\"https:\/\/addio.eu\/sv\/?s={search_term_string}\"},\"query-input\":{\"@type\":\"PropertyValueSpecification\",\"valueRequired\":true,\"valueName\":\"search_term_string\"}}],\"inLanguage\":\"sv-SE\"},{\"@type\":\"Organization\",\"@id\":\"https:\/\/addio.eu\/sv\/#organization\",\"name\":\"Addio electronics\",\"url\":\"https:\/\/addio.eu\/sv\/\",\"logo\":{\"@type\":\"ImageObject\",\"inLanguage\":\"sv-SE\",\"@id\":\"https:\/\/addio.eu\/sv\/#\/schema\/logo\/image\/\",\"url\":\"https:\/\/addio.eu\/wp-content\/uploads\/2024\/10\/Lager_1-1.svg\",\"contentUrl\":\"https:\/\/addio.eu\/wp-content\/uploads\/2024\/10\/Lager_1-1.svg\",\"caption\":\"Addio electronics\"},\"image\":{\"@id\":\"https:\/\/addio.eu\/sv\/#\/schema\/logo\/image\/\"},\"sameAs\":[\"https:\/\/www.facebook.com\/AddioElectronicsAB\/\",\"https:\/\/www.linkedin.com\/company\/addio-electronics-ab\"]}]}<\/script>\n<!-- \/ Yoast SEO plugin. -->","yoast_head_json":{"title":"CAN Master Kit - Addio Electronics","robots":{"index":"index","follow":"follow","max-snippet":"max-snippet:-1","max-image-preview":"max-image-preview:large","max-video-preview":"max-video-preview:-1"},"canonical":"https:\/\/addio.eu\/sv\/produkt\/can-master-kit\/","og_locale":"sv_SE","og_type":"article","og_title":"CAN Master Kit - Addio Electronics","og_description":"Addio CAN Master l\u00e5ter ditt Addio-system ansluta, skanna och anv\u00e4nda dina fordonssignaler. Addio erbjuder m\u00f6jligheten att skapa automatiserade funktioner med integration till ditt fordon. CAN-signalerna i ditt fordon kan anv\u00e4ndas som ing\u00e5ngssignaler till Addio-systemet. Med detta kan du skapa automatiserade funktioner skr\u00e4ddarsydda f\u00f6r anv\u00e4ndarens behov. Klassiska exempel \u00e4r bakljus eller kamera som sl\u00e5s p\u00e5 med backv\u00e4xel som ing\u00e5ng.  CAN Master Software anv\u00e4nds n\u00e4r installat\u00f6ren vill integrera med CAN-signaler fr\u00e5n fordonet. Skannerfunktionen kan analysera och uppt\u00e4cka signaler fr\u00e5n vilket fordon som helst, som str\u00e5lkastare, d\u00f6rrar, handbroms, backv\u00e4xel, hastighet och mycket mer.  Lagra signalerna i Addio-databasen f\u00f6r smidig och enkel installation i framtiden. &nbsp;","og_url":"https:\/\/addio.eu\/sv\/produkt\/can-master-kit\/","og_site_name":"Addio Electronics","article_publisher":"https:\/\/www.facebook.com\/AddioElectronicsAB\/","og_image":[{"width":2560,"height":2215,"url":"https:\/\/addio.eu\/wp-content\/uploads\/2025\/03\/IMG_1824-scaled.jpg","type":"image\/jpeg"}],"twitter_card":"summary_large_image","schema":{"@context":"https:\/\/schema.org","@graph":[{"@type":"WebPage","@id":"https:\/\/addio.eu\/sv\/produkt\/can-master-kit\/","url":"https:\/\/addio.eu\/sv\/produkt\/can-master-kit\/","name":"CAN Master Kit - Addio Electronics","isPartOf":{"@id":"https:\/\/addio.eu\/sv\/#website"},"primaryImageOfPage":{"@id":"https:\/\/addio.eu\/sv\/produkt\/can-master-kit\/#primaryimage"},"image":{"@id":"https:\/\/addio.eu\/sv\/produkt\/can-master-kit\/#primaryimage"},"thumbnailUrl":"https:\/\/addio.eu\/wp-content\/uploads\/2025\/03\/IMG_1824-scaled.jpg","datePublished":"2025-03-24T11:20:39+00:00","breadcrumb":{"@id":"https:\/\/addio.eu\/sv\/produkt\/can-master-kit\/#breadcrumb"},"inLanguage":"sv-SE","potentialAction":[{"@type":"ReadAction","target":["https:\/\/addio.eu\/sv\/produkt\/can-master-kit\/"]}]},{"@type":"ImageObject","inLanguage":"sv-SE","@id":"https:\/\/addio.eu\/sv\/produkt\/can-master-kit\/#primaryimage","url":"https:\/\/addio.eu\/wp-content\/uploads\/2025\/03\/IMG_1824-scaled.jpg","contentUrl":"https:\/\/addio.eu\/wp-content\/uploads\/2025\/03\/IMG_1824-scaled.jpg","width":2560,"height":2215},{"@type":"BreadcrumbList","@id":"https:\/\/addio.eu\/sv\/produkt\/can-master-kit\/#breadcrumb","itemListElement":[{"@type":"ListItem","position":1,"name":"Home","item":"https:\/\/addio.eu\/sv\/addios-startsida\/"},{"@type":"ListItem","position":2,"name":"Produkter","item":"https:\/\/addio.eu\/sv\/produkter\/"},{"@type":"ListItem","position":3,"name":"CAN Master Kit"}]},{"@type":"WebSite","@id":"https:\/\/addio.eu\/sv\/#website","url":"https:\/\/addio.eu\/sv\/","name":"addio.eu","description":"","publisher":{"@id":"https:\/\/addio.eu\/sv\/#organization"},"potentialAction":[{"@type":"SearchAction","target":{"@type":"EntryPoint","urlTemplate":"https:\/\/addio.eu\/sv\/?s={search_term_string}"},"query-input":{"@type":"PropertyValueSpecification","valueRequired":true,"valueName":"search_term_string"}}],"inLanguage":"sv-SE"},{"@type":"Organization","@id":"https:\/\/addio.eu\/sv\/#organization","name":"Addio electronics","url":"https:\/\/addio.eu\/sv\/","logo":{"@type":"ImageObject","inLanguage":"sv-SE","@id":"https:\/\/addio.eu\/sv\/#\/schema\/logo\/image\/","url":"https:\/\/addio.eu\/wp-content\/uploads\/2024\/10\/Lager_1-1.svg","contentUrl":"https:\/\/addio.eu\/wp-content\/uploads\/2024\/10\/Lager_1-1.svg","caption":"Addio electronics"},"image":{"@id":"https:\/\/addio.eu\/sv\/#\/schema\/logo\/image\/"},"sameAs":["https:\/\/www.facebook.com\/AddioElectronicsAB\/","https:\/\/www.linkedin.com\/company\/addio-electronics-ab"]}]}},"_links":{"self":[{"href":"https:\/\/addio.eu\/sv\/wp-json\/wp\/v2\/product\/13387","targetHints":{"allow":["GET"]}}],"collection":[{"href":"https:\/\/addio.eu\/sv\/wp-json\/wp\/v2\/product"}],"about":[{"href":"https:\/\/addio.eu\/sv\/wp-json\/wp\/v2\/types\/product"}],"replies":[{"embeddable":true,"href":"https:\/\/addio.eu\/sv\/wp-json\/wp\/v2\/comments?post=13387"}],"wp:featuredmedia":[{"embeddable":true,"href":"https:\/\/addio.eu\/sv\/wp-json\/wp\/v2\/media\/5958"}],"wp:attachment":[{"href":"https:\/\/addio.eu\/sv\/wp-json\/wp\/v2\/media?parent=13387"}],"wp:term":[{"taxonomy":"product_brand","embeddable":true,"href":"https:\/\/addio.eu\/sv\/wp-json\/wp\/v2\/product_brand?post=13387"},{"taxonomy":"product_cat","embeddable":true,"href":"https:\/\/addio.eu\/sv\/wp-json\/wp\/v2\/product_cat?post=13387"},{"taxonomy":"product_tag","embeddable":true,"href":"https:\/\/addio.eu\/sv\/wp-json\/wp\/v2\/product_tag?post=13387"}],"curies":[{"name":"wp","href":"https:\/\/api.w.org\/{rel}","templated":true}]}}