{"id":13229,"date":"2025-03-07T11:15:14","date_gmt":"2025-03-07T11:15:14","guid":{"rendered":"https:\/\/addio.eu\/product\/pir-sensor\/"},"modified":"2025-03-07T11:15:14","modified_gmt":"2025-03-07T11:15:14","slug":"pir-sensor","status":"publish","type":"product","link":"https:\/\/addio.eu\/sv\/produkt\/pir-sensor\/","title":{"rendered":"PIR-sensor"},"content":{"rendered":"","protected":false},"excerpt":{"rendered":"<p class=\"\" data-start=\"31\" data-end=\"127\">N\u00e4r r\u00f6relse detekteras t\u00e4nds belysningen och avst\u00e4ngningstiden kan konfigureras. Standard \u00e4r 2 min. <\/p>\n<p class=\"\" data-start=\"129\" data-end=\"419\">\u2022 Insp\u00e4nning: 12 &amp; 24V<br data-start=\"154\" data-end=\"157\">\u2022 Maximal belastning: 84W<br data-start=\"176\" data-end=\"179\" data-is-only-node=\"\">\u2022 Detekteringsvinkel: 140\u00b0 horisontellt, 140\u00b0 vertikalt<br data-start=\"228\" data-end=\"231\">\u2022 R\u00e4ckvidd: 5m<br data-start=\"242\" data-end=\"245\">\u2022 Avst\u00e4ngningstimer justerbar i steg om 1 minut<br data-start=\"290\" data-end=\"293\">\u2022 M\u00f6jlighet att inaktivera IR-sensorutg\u00e5ngen via terminaling\u00e5ng<br data-start=\"352\" data-end=\"355\">\u2022 M\u00e5tt: 67x59x30mm (inklusive \u00f6ron, terminal och sensor)&#8221;<\/p>\n<p>Denna sensor fungerar oberoende eller tillsammans med v\u00e5ra DRB:er.<\/p>\n","protected":false},"featured_media":5934,"comment_status":"open","ping_status":"closed","template":"","meta":[],"product_brand":[],"product_cat":[362],"product_tag":[],"class_list":{"0":"post-13229","1":"product","2":"type-product","3":"status-publish","4":"has-post-thumbnail","6":"product_cat-sensorer","8":"first","9":"instock","10":"shipping-taxable","11":"product-type-simple"},"yoast_head":"<!-- This site is optimized with the Yoast SEO plugin v26.0 - https:\/\/yoast.com\/wordpress\/plugins\/seo\/ -->\n<title>PIR-sensor - Addio Electronics<\/title>\n<meta name=\"robots\" content=\"index, follow, max-snippet:-1, max-image-preview:large, max-video-preview:-1\" \/>\n<link rel=\"canonical\" href=\"https:\/\/addio.eu\/sv\/produkt\/pir-sensor\/\" \/>\n<meta property=\"og:locale\" content=\"sv_SE\" \/>\n<meta property=\"og:type\" content=\"article\" \/>\n<meta property=\"og:title\" content=\"PIR-sensor - Addio Electronics\" \/>\n<meta property=\"og:description\" content=\"N\u00e4r r\u00f6relse detekteras t\u00e4nds belysningen och avst\u00e4ngningstiden kan konfigureras. Standard \u00e4r 2 min. \u2022 Insp\u00e4nning: 12 &amp; 24V\u2022 Maximal belastning: 84W\u2022 Detekteringsvinkel: 140\u00b0 horisontellt, 140\u00b0 vertikalt\u2022 R\u00e4ckvidd: 5m\u2022 Avst\u00e4ngningstimer justerbar i steg om 1 minut\u2022 M\u00f6jlighet att inaktivera IR-sensorutg\u00e5ngen via terminaling\u00e5ng\u2022 M\u00e5tt: 67x59x30mm (inklusive \u00f6ron, terminal och sensor)&quot; Denna sensor fungerar oberoende eller tillsammans med v\u00e5ra DRB:er.\" \/>\n<meta property=\"og:url\" content=\"https:\/\/addio.eu\/sv\/produkt\/pir-sensor\/\" \/>\n<meta property=\"og:site_name\" content=\"Addio Electronics\" \/>\n<meta property=\"article:publisher\" content=\"https:\/\/www.facebook.com\/AddioElectronicsAB\/\" \/>\n<meta property=\"og:image\" content=\"https:\/\/addio.eu\/wp-content\/uploads\/2025\/03\/IMG_1610-scaled.jpg\" \/>\n\t<meta property=\"og:image:width\" content=\"2560\" \/>\n\t<meta property=\"og:image:height\" content=\"2415\" \/>\n\t<meta property=\"og:image:type\" content=\"image\/jpeg\" \/>\n<meta name=\"twitter:card\" content=\"summary_large_image\" \/>\n<script type=\"application\/ld+json\" class=\"yoast-schema-graph\">{\"@context\":\"https:\/\/schema.org\",\"@graph\":[{\"@type\":\"WebPage\",\"@id\":\"https:\/\/addio.eu\/sv\/produkt\/pir-sensor\/\",\"url\":\"https:\/\/addio.eu\/sv\/produkt\/pir-sensor\/\",\"name\":\"PIR-sensor - Addio Electronics\",\"isPartOf\":{\"@id\":\"https:\/\/addio.eu\/sv\/#website\"},\"primaryImageOfPage\":{\"@id\":\"https:\/\/addio.eu\/sv\/produkt\/pir-sensor\/#primaryimage\"},\"image\":{\"@id\":\"https:\/\/addio.eu\/sv\/produkt\/pir-sensor\/#primaryimage\"},\"thumbnailUrl\":\"https:\/\/addio.eu\/wp-content\/uploads\/2025\/03\/IMG_1610-scaled.jpg\",\"datePublished\":\"2025-03-07T11:15:14+00:00\",\"breadcrumb\":{\"@id\":\"https:\/\/addio.eu\/sv\/produkt\/pir-sensor\/#breadcrumb\"},\"inLanguage\":\"sv-SE\",\"potentialAction\":[{\"@type\":\"ReadAction\",\"target\":[\"https:\/\/addio.eu\/sv\/produkt\/pir-sensor\/\"]}]},{\"@type\":\"ImageObject\",\"inLanguage\":\"sv-SE\",\"@id\":\"https:\/\/addio.eu\/sv\/produkt\/pir-sensor\/#primaryimage\",\"url\":\"https:\/\/addio.eu\/wp-content\/uploads\/2025\/03\/IMG_1610-scaled.jpg\",\"contentUrl\":\"https:\/\/addio.eu\/wp-content\/uploads\/2025\/03\/IMG_1610-scaled.jpg\",\"width\":2560,\"height\":2415},{\"@type\":\"BreadcrumbList\",\"@id\":\"https:\/\/addio.eu\/sv\/produkt\/pir-sensor\/#breadcrumb\",\"itemListElement\":[{\"@type\":\"ListItem\",\"position\":1,\"name\":\"Home\",\"item\":\"https:\/\/addio.eu\/sv\/addios-startsida\/\"},{\"@type\":\"ListItem\",\"position\":2,\"name\":\"Produkter\",\"item\":\"https:\/\/addio.eu\/sv\/produkter\/\"},{\"@type\":\"ListItem\",\"position\":3,\"name\":\"PIR-sensor\"}]},{\"@type\":\"WebSite\",\"@id\":\"https:\/\/addio.eu\/sv\/#website\",\"url\":\"https:\/\/addio.eu\/sv\/\",\"name\":\"addio.eu\",\"description\":\"\",\"publisher\":{\"@id\":\"https:\/\/addio.eu\/sv\/#organization\"},\"potentialAction\":[{\"@type\":\"SearchAction\",\"target\":{\"@type\":\"EntryPoint\",\"urlTemplate\":\"https:\/\/addio.eu\/sv\/?s={search_term_string}\"},\"query-input\":{\"@type\":\"PropertyValueSpecification\",\"valueRequired\":true,\"valueName\":\"search_term_string\"}}],\"inLanguage\":\"sv-SE\"},{\"@type\":\"Organization\",\"@id\":\"https:\/\/addio.eu\/sv\/#organization\",\"name\":\"Addio electronics\",\"url\":\"https:\/\/addio.eu\/sv\/\",\"logo\":{\"@type\":\"ImageObject\",\"inLanguage\":\"sv-SE\",\"@id\":\"https:\/\/addio.eu\/sv\/#\/schema\/logo\/image\/\",\"url\":\"https:\/\/addio.eu\/wp-content\/uploads\/2024\/10\/Lager_1-1.svg\",\"contentUrl\":\"https:\/\/addio.eu\/wp-content\/uploads\/2024\/10\/Lager_1-1.svg\",\"caption\":\"Addio electronics\"},\"image\":{\"@id\":\"https:\/\/addio.eu\/sv\/#\/schema\/logo\/image\/\"},\"sameAs\":[\"https:\/\/www.facebook.com\/AddioElectronicsAB\/\",\"https:\/\/www.linkedin.com\/company\/addio-electronics-ab\"]}]}<\/script>\n<!-- \/ Yoast SEO plugin. -->","yoast_head_json":{"title":"PIR-sensor - Addio Electronics","robots":{"index":"index","follow":"follow","max-snippet":"max-snippet:-1","max-image-preview":"max-image-preview:large","max-video-preview":"max-video-preview:-1"},"canonical":"https:\/\/addio.eu\/sv\/produkt\/pir-sensor\/","og_locale":"sv_SE","og_type":"article","og_title":"PIR-sensor - Addio Electronics","og_description":"N\u00e4r r\u00f6relse detekteras t\u00e4nds belysningen och avst\u00e4ngningstiden kan konfigureras. Standard \u00e4r 2 min. \u2022 Insp\u00e4nning: 12 &amp; 24V\u2022 Maximal belastning: 84W\u2022 Detekteringsvinkel: 140\u00b0 horisontellt, 140\u00b0 vertikalt\u2022 R\u00e4ckvidd: 5m\u2022 Avst\u00e4ngningstimer justerbar i steg om 1 minut\u2022 M\u00f6jlighet att inaktivera IR-sensorutg\u00e5ngen via terminaling\u00e5ng\u2022 M\u00e5tt: 67x59x30mm (inklusive \u00f6ron, terminal och sensor)\" Denna sensor fungerar oberoende eller tillsammans med v\u00e5ra DRB:er.","og_url":"https:\/\/addio.eu\/sv\/produkt\/pir-sensor\/","og_site_name":"Addio Electronics","article_publisher":"https:\/\/www.facebook.com\/AddioElectronicsAB\/","og_image":[{"width":2560,"height":2415,"url":"https:\/\/addio.eu\/wp-content\/uploads\/2025\/03\/IMG_1610-scaled.jpg","type":"image\/jpeg"}],"twitter_card":"summary_large_image","schema":{"@context":"https:\/\/schema.org","@graph":[{"@type":"WebPage","@id":"https:\/\/addio.eu\/sv\/produkt\/pir-sensor\/","url":"https:\/\/addio.eu\/sv\/produkt\/pir-sensor\/","name":"PIR-sensor - Addio Electronics","isPartOf":{"@id":"https:\/\/addio.eu\/sv\/#website"},"primaryImageOfPage":{"@id":"https:\/\/addio.eu\/sv\/produkt\/pir-sensor\/#primaryimage"},"image":{"@id":"https:\/\/addio.eu\/sv\/produkt\/pir-sensor\/#primaryimage"},"thumbnailUrl":"https:\/\/addio.eu\/wp-content\/uploads\/2025\/03\/IMG_1610-scaled.jpg","datePublished":"2025-03-07T11:15:14+00:00","breadcrumb":{"@id":"https:\/\/addio.eu\/sv\/produkt\/pir-sensor\/#breadcrumb"},"inLanguage":"sv-SE","potentialAction":[{"@type":"ReadAction","target":["https:\/\/addio.eu\/sv\/produkt\/pir-sensor\/"]}]},{"@type":"ImageObject","inLanguage":"sv-SE","@id":"https:\/\/addio.eu\/sv\/produkt\/pir-sensor\/#primaryimage","url":"https:\/\/addio.eu\/wp-content\/uploads\/2025\/03\/IMG_1610-scaled.jpg","contentUrl":"https:\/\/addio.eu\/wp-content\/uploads\/2025\/03\/IMG_1610-scaled.jpg","width":2560,"height":2415},{"@type":"BreadcrumbList","@id":"https:\/\/addio.eu\/sv\/produkt\/pir-sensor\/#breadcrumb","itemListElement":[{"@type":"ListItem","position":1,"name":"Home","item":"https:\/\/addio.eu\/sv\/addios-startsida\/"},{"@type":"ListItem","position":2,"name":"Produkter","item":"https:\/\/addio.eu\/sv\/produkter\/"},{"@type":"ListItem","position":3,"name":"PIR-sensor"}]},{"@type":"WebSite","@id":"https:\/\/addio.eu\/sv\/#website","url":"https:\/\/addio.eu\/sv\/","name":"addio.eu","description":"","publisher":{"@id":"https:\/\/addio.eu\/sv\/#organization"},"potentialAction":[{"@type":"SearchAction","target":{"@type":"EntryPoint","urlTemplate":"https:\/\/addio.eu\/sv\/?s={search_term_string}"},"query-input":{"@type":"PropertyValueSpecification","valueRequired":true,"valueName":"search_term_string"}}],"inLanguage":"sv-SE"},{"@type":"Organization","@id":"https:\/\/addio.eu\/sv\/#organization","name":"Addio electronics","url":"https:\/\/addio.eu\/sv\/","logo":{"@type":"ImageObject","inLanguage":"sv-SE","@id":"https:\/\/addio.eu\/sv\/#\/schema\/logo\/image\/","url":"https:\/\/addio.eu\/wp-content\/uploads\/2024\/10\/Lager_1-1.svg","contentUrl":"https:\/\/addio.eu\/wp-content\/uploads\/2024\/10\/Lager_1-1.svg","caption":"Addio electronics"},"image":{"@id":"https:\/\/addio.eu\/sv\/#\/schema\/logo\/image\/"},"sameAs":["https:\/\/www.facebook.com\/AddioElectronicsAB\/","https:\/\/www.linkedin.com\/company\/addio-electronics-ab"]}]}},"_links":{"self":[{"href":"https:\/\/addio.eu\/sv\/wp-json\/wp\/v2\/product\/13229","targetHints":{"allow":["GET"]}}],"collection":[{"href":"https:\/\/addio.eu\/sv\/wp-json\/wp\/v2\/product"}],"about":[{"href":"https:\/\/addio.eu\/sv\/wp-json\/wp\/v2\/types\/product"}],"replies":[{"embeddable":true,"href":"https:\/\/addio.eu\/sv\/wp-json\/wp\/v2\/comments?post=13229"}],"wp:featuredmedia":[{"embeddable":true,"href":"https:\/\/addio.eu\/sv\/wp-json\/wp\/v2\/media\/5934"}],"wp:attachment":[{"href":"https:\/\/addio.eu\/sv\/wp-json\/wp\/v2\/media?parent=13229"}],"wp:term":[{"taxonomy":"product_brand","embeddable":true,"href":"https:\/\/addio.eu\/sv\/wp-json\/wp\/v2\/product_brand?post=13229"},{"taxonomy":"product_cat","embeddable":true,"href":"https:\/\/addio.eu\/sv\/wp-json\/wp\/v2\/product_cat?post=13229"},{"taxonomy":"product_tag","embeddable":true,"href":"https:\/\/addio.eu\/sv\/wp-json\/wp\/v2\/product_tag?post=13229"}],"curies":[{"name":"wp","href":"https:\/\/api.w.org\/{rel}","templated":true}]}}