{"id":13196,"date":"2025-03-24T09:47:26","date_gmt":"2025-03-24T09:47:26","guid":{"rendered":"https:\/\/addio.eu\/product\/drb-9012-8-std\/"},"modified":"2026-02-10T16:48:18","modified_gmt":"2026-02-10T16:48:18","slug":"drb-9012-8-std","status":"publish","type":"product","link":"https:\/\/addio.eu\/sv\/produkt\/drb-9012-8-std\/","title":{"rendered":"DRB 9012-8 STD"},"content":{"rendered":"<table width=\"310\">\n<tbody>\n<tr>\n<td width=\"234\">Modell<\/td>\n<td width=\"76\">DRB-9012-8 STD<\/td>\n<\/tr>\n<tr>\n<td width=\"234\">Str\u00f6mf\u00f6rs\u00f6rjning<\/td>\n<td width=\"76\">10-22 VDC<\/td>\n<\/tr>\n<tr>\n<td width=\"234\">Intern str\u00f6mf\u00f6rbrukning (ungef\u00e4rlig) Normall\u00e4ge ingen utg\u00e5ng aktiv \/ Vilol\u00e4ge<\/td>\n<td width=\"76\">~30mA\/~6mA<\/td>\n<\/tr>\n<tr>\n<td width=\"234\">Undersp\u00e4nningsskydd (justerbart)<\/td>\n<td width=\"76\">10-13V, 0.5V steg<\/td>\n<\/tr>\n<tr>\n<td width=\"234\">\u00d6versp\u00e4nningsskydd (justerbart)<\/td>\n<td width=\"76\">16-26V, 2V steg<\/td>\n<\/tr>\n<tr>\n<td width=\"234\">Max. total str\u00f6m 1 minut<\/td>\n<td width=\"76\">90A<\/td>\n<\/tr>\n<tr>\n<td width=\"234\">Max. total kontinuerlig str\u00f6m<\/td>\n<td width=\"76\">70A<\/td>\n<\/tr>\n<tr>\n<td width=\"234\">Totalt antal ing\u00e5ngar<\/td>\n<td width=\"76\">8 st<\/td>\n<\/tr>\n<tr>\n<td width=\"234\">Digitala ing\u00e5ngar<\/td>\n<td width=\"76\">8 av 8 st<\/td>\n<\/tr>\n<tr>\n<td width=\"234\">Analoga ing\u00e5ngar<\/td>\n<td width=\"76\">4 av 8 st<\/td>\n<\/tr>\n<tr>\n<td width=\"234\">Ing\u00e5ngsresistans @12V<\/td>\n<td width=\"76\">22k\u03a9<\/td>\n<\/tr>\n<tr>\n<td width=\"234\">Anslutningar ing\u00e5ngar (jackbara skruvplintar)<\/td>\n<td width=\"76\">10-polig inkl. +\/-<\/td>\n<\/tr>\n<tr>\n<td width=\"234\">Antal utg\u00e5ngar<\/td>\n<td width=\"76\">8 st<\/td>\n<\/tr>\n<tr>\n<td width=\"234\">Anslutning utg\u00e5ngar<\/td>\n<td width=\"76\">Kabelkrympkontakt<\/td>\n<\/tr>\n<tr>\n<td width=\"234\">S\u00e4kringsstorlek A, utg\u00e5ngar<\/td>\n<td width=\"76\">5, 10, 15, 20, (25 endast U7, U8)<\/td>\n<\/tr>\n<tr>\n<td width=\"234\">Anslutning str\u00f6mf\u00f6rs\u00f6rjning<\/td>\n<td width=\"76\">M5 mutter<\/td>\n<\/tr>\n<tr>\n<td width=\"234\">Bluetooth<\/td>\n<td width=\"76\">Nej<\/td>\n<\/tr>\n<tr>\n<td width=\"234\">Motorstyrning H-brygga (prel str\u00f6m)<\/td>\n<td width=\"76\">Nej<\/td>\n<\/tr>\n<tr>\n<td width=\"234\">Felindikering<\/td>\n<td width=\"76\">delad RGB LED<\/td>\n<\/tr>\n<tr>\n<td width=\"234\">Lysdiod per utg\u00e5ng (justerbar f\u00e4rg)<\/td>\n<td width=\"76\">Nej<\/td>\n<\/tr>\n<tr>\n<td width=\"234\">Kommunikationsbuss (CAN-buss)<\/td>\n<td width=\"76\">Nej<\/td>\n<\/tr>\n<tr>\n<td width=\"234\">Datoranslutningar<\/td>\n<td width=\"76\">USB Mini<\/td>\n<\/tr>\n<tr>\n<td width=\"234\">Jordningssignaler<\/td>\n<td width=\"76\">Ja med externt motst\u00e5nd till positiv<\/td>\n<\/tr>\n<tr>\n<td width=\"234\">Handkontroller, Switchpaneler, sensorer etc.<\/td>\n<td width=\"76\">Nej<\/td>\n<\/tr>\n<tr>\n<td width=\"234\">Storlek (mm)<\/td>\n<td width=\"76\">170x92x21<\/td>\n<\/tr>\n<tr>\n<td width=\"234\">Vikt<\/td>\n<td width=\"76\">174g<\/td>\n<\/tr>\n<\/tbody>\n<\/table>\n","protected":false},"excerpt":{"rendered":"<div class=\"elementor-element elementor-element-28a1869 elementor-widget elementor-widget-woocommerce-product-title elementor-page-title elementor-widget-heading\" data-id=\"28a1869\" data-element_type=\"widget\" data-widget_type=\"woocommerce-product-title.default\">\n<div class=\"elementor-widget-container\"><strong><span style=\"font-size: 16px;\">DRB 9012-8 STD \u00e4r v\u00e5r kostnadsoptimerade enhet med 8 utg\u00e5ngar och 8 ing\u00e5ngar, och en kontinuerlig total str\u00f6m p\u00e5 90 ampere f\u00f6rdelad \u00f6ver alla utg\u00e5ngar.<\/span><\/strong><\/div>\n<div><\/div>\n<div class=\"elementor-widget-container\">J\u00e4mf\u00f6rt med ADV-enheterna har STD ingen CANBus-kommunikation, ingen inbyggd H-brygga (motorstyrning), inga LED-lampor per utg\u00e5ng och inga inbyggda pull-ups p\u00e5 ing\u00e5ngarna f\u00f6r GND-ing\u00e5ngssignaler.<strong>STD-enheten kan inte styras av v\u00e5ra brytarpaneler eller handkontroller eftersom den inte har n\u00e5gra CAN\/COM-portar.<\/strong><\/div>\n<\/div>\n<div class=\"elementor-element elementor-element-b951bf8 elementor-widget elementor-widget-woocommerce-product-short-description\" data-id=\"b951bf8\" data-element_type=\"widget\" data-widget_type=\"woocommerce-product-short-description.default\">\n<div class=\"elementor-widget-container\">\n<div class=\"woocommerce-product-details__short-description\">\n<p>Precis som alla v\u00e5ra DRB:er erbjuder 9012-8 STD ett brett utbud av funktioner s\u00e5som:<\/p>\n<ul>\n<li>Rel\u00e4funktioner som blinkning, dimmer och timer<\/li>\n<li>S\u00e4kringsfunktion via h\u00f6gstr\u00f6mbrytare<\/li>\n<li>Batteriskydd genom timers eller sp\u00e4nningsskydd, individuellt per utg\u00e5ng<\/li>\n<li>Regelbaserade logiska funktioner<\/li>\n<li>Upp till tre olika funktioner per utg\u00e5ng, s\u00e5som fast eller blinkande<\/li>\n<\/ul>\n<p class=\"\" data-start=\"112\" data-end=\"430\">Utg\u00e5ngarna \u00e4r digitalt skyddade upp till 25 Ampere per utg\u00e5ng (justerbart mellan i 5 A intervall)<\/p>\n<\/div>\n<\/div>\n<\/div>\n","protected":false},"featured_media":13213,"comment_status":"open","ping_status":"closed","template":"","meta":[],"product_brand":[],"product_cat":[256],"product_tag":[337,257,258],"class_list":{"0":"post-13196","1":"product","2":"type-product","3":"status-publish","4":"has-post-thumbnail","6":"product_cat-digitala-relaboxar","7":"product_tag-12v","8":"product_tag-8-ingangar","9":"product_tag-8-utgangar","11":"first","12":"instock","13":"shipping-taxable","14":"product-type-simple"},"yoast_head":"<!-- This site is optimized with the Yoast SEO plugin v26.0 - https:\/\/yoast.com\/wordpress\/plugins\/seo\/ -->\n<title>DRB 9012-8 STD - Addio Electronics<\/title>\n<meta name=\"robots\" content=\"index, follow, max-snippet:-1, max-image-preview:large, max-video-preview:-1\" \/>\n<link rel=\"canonical\" href=\"https:\/\/addio.eu\/sv\/produkt\/drb-9012-8-std\/\" \/>\n<meta property=\"og:locale\" content=\"sv_SE\" \/>\n<meta property=\"og:type\" content=\"article\" \/>\n<meta property=\"og:title\" content=\"DRB 9012-8 STD - Addio Electronics\" \/>\n<meta property=\"og:description\" content=\"DRB 9012-8 STD \u00e4r v\u00e5r kostnadsoptimerade enhet med 8 utg\u00e5ngar och 8 ing\u00e5ngar, och en kontinuerlig total str\u00f6m p\u00e5 90 ampere f\u00f6rdelad \u00f6ver alla utg\u00e5ngar. J\u00e4mf\u00f6rt med ADV-enheterna har STD ingen CANBus-kommunikation, ingen inbyggd H-brygga (motorstyrning), inga LED-lampor per utg\u00e5ng och inga inbyggda pull-ups p\u00e5 ing\u00e5ngarna f\u00f6r GND-ing\u00e5ngssignaler.STD-enheten kan inte styras av v\u00e5ra brytarpaneler eller handkontroller eftersom den inte har n\u00e5gra CAN\/COM-portar.   Precis som alla v\u00e5ra DRB:er erbjuder 9012-8 STD ett brett utbud av funktioner s\u00e5som:  Rel\u00e4funktioner som blinkning, dimmer och timer  S\u00e4kringsfunktion via h\u00f6gstr\u00f6mbrytare  Batteriskydd genom timers eller sp\u00e4nningsskydd, individuellt per utg\u00e5ng  Regelbaserade logiska funktioner  Upp till tre olika funktioner per utg\u00e5ng, s\u00e5som fast eller blinkande Utg\u00e5ngarna \u00e4r digitalt skyddade upp till 25 Ampere per utg\u00e5ng (justerbart mellan i 5 A intervall)\" \/>\n<meta property=\"og:url\" content=\"https:\/\/addio.eu\/sv\/produkt\/drb-9012-8-std\/\" \/>\n<meta property=\"og:site_name\" content=\"Addio Electronics\" \/>\n<meta property=\"article:publisher\" content=\"https:\/\/www.facebook.com\/AddioElectronicsAB\/\" \/>\n<meta property=\"article:modified_time\" content=\"2026-02-10T16:48:18+00:00\" \/>\n<meta property=\"og:image\" content=\"https:\/\/addio.eu\/wp-content\/uploads\/2025\/03\/IMG_1788-scaled.jpg\" \/>\n\t<meta property=\"og:image:width\" content=\"2560\" \/>\n\t<meta property=\"og:image:height\" content=\"1654\" \/>\n\t<meta property=\"og:image:type\" content=\"image\/jpeg\" \/>\n<meta name=\"twitter:card\" content=\"summary_large_image\" \/>\n<meta name=\"twitter:label1\" content=\"Ber\u00e4knad l\u00e4stid\" \/>\n\t<meta name=\"twitter:data1\" content=\"1 minut\" \/>\n<script type=\"application\/ld+json\" class=\"yoast-schema-graph\">{\"@context\":\"https:\/\/schema.org\",\"@graph\":[{\"@type\":\"WebPage\",\"@id\":\"https:\/\/addio.eu\/sv\/produkt\/drb-9012-8-std\/\",\"url\":\"https:\/\/addio.eu\/sv\/produkt\/drb-9012-8-std\/\",\"name\":\"DRB 9012-8 STD - Addio Electronics\",\"isPartOf\":{\"@id\":\"https:\/\/addio.eu\/sv\/#website\"},\"primaryImageOfPage\":{\"@id\":\"https:\/\/addio.eu\/sv\/produkt\/drb-9012-8-std\/#primaryimage\"},\"image\":{\"@id\":\"https:\/\/addio.eu\/sv\/produkt\/drb-9012-8-std\/#primaryimage\"},\"thumbnailUrl\":\"https:\/\/addio.eu\/wp-content\/uploads\/2025\/03\/IMG_1788-scaled.jpg\",\"datePublished\":\"2025-03-24T09:47:26+00:00\",\"dateModified\":\"2026-02-10T16:48:18+00:00\",\"breadcrumb\":{\"@id\":\"https:\/\/addio.eu\/sv\/produkt\/drb-9012-8-std\/#breadcrumb\"},\"inLanguage\":\"sv-SE\",\"potentialAction\":[{\"@type\":\"ReadAction\",\"target\":[\"https:\/\/addio.eu\/sv\/produkt\/drb-9012-8-std\/\"]}]},{\"@type\":\"ImageObject\",\"inLanguage\":\"sv-SE\",\"@id\":\"https:\/\/addio.eu\/sv\/produkt\/drb-9012-8-std\/#primaryimage\",\"url\":\"https:\/\/addio.eu\/wp-content\/uploads\/2025\/03\/IMG_1788-scaled.jpg\",\"contentUrl\":\"https:\/\/addio.eu\/wp-content\/uploads\/2025\/03\/IMG_1788-scaled.jpg\",\"width\":2560,\"height\":1654},{\"@type\":\"BreadcrumbList\",\"@id\":\"https:\/\/addio.eu\/sv\/produkt\/drb-9012-8-std\/#breadcrumb\",\"itemListElement\":[{\"@type\":\"ListItem\",\"position\":1,\"name\":\"Home\",\"item\":\"https:\/\/addio.eu\/sv\/addios-startsida\/\"},{\"@type\":\"ListItem\",\"position\":2,\"name\":\"Produkter\",\"item\":\"https:\/\/addio.eu\/sv\/produkter\/\"},{\"@type\":\"ListItem\",\"position\":3,\"name\":\"DRB 9012-8 STD\"}]},{\"@type\":\"WebSite\",\"@id\":\"https:\/\/addio.eu\/sv\/#website\",\"url\":\"https:\/\/addio.eu\/sv\/\",\"name\":\"addio.eu\",\"description\":\"\",\"publisher\":{\"@id\":\"https:\/\/addio.eu\/sv\/#organization\"},\"potentialAction\":[{\"@type\":\"SearchAction\",\"target\":{\"@type\":\"EntryPoint\",\"urlTemplate\":\"https:\/\/addio.eu\/sv\/?s={search_term_string}\"},\"query-input\":{\"@type\":\"PropertyValueSpecification\",\"valueRequired\":true,\"valueName\":\"search_term_string\"}}],\"inLanguage\":\"sv-SE\"},{\"@type\":\"Organization\",\"@id\":\"https:\/\/addio.eu\/sv\/#organization\",\"name\":\"Addio electronics\",\"url\":\"https:\/\/addio.eu\/sv\/\",\"logo\":{\"@type\":\"ImageObject\",\"inLanguage\":\"sv-SE\",\"@id\":\"https:\/\/addio.eu\/sv\/#\/schema\/logo\/image\/\",\"url\":\"https:\/\/addio.eu\/wp-content\/uploads\/2024\/10\/Lager_1-1.svg\",\"contentUrl\":\"https:\/\/addio.eu\/wp-content\/uploads\/2024\/10\/Lager_1-1.svg\",\"caption\":\"Addio electronics\"},\"image\":{\"@id\":\"https:\/\/addio.eu\/sv\/#\/schema\/logo\/image\/\"},\"sameAs\":[\"https:\/\/www.facebook.com\/AddioElectronicsAB\/\",\"https:\/\/www.linkedin.com\/company\/addio-electronics-ab\"]}]}<\/script>\n<!-- \/ Yoast SEO plugin. -->","yoast_head_json":{"title":"DRB 9012-8 STD - Addio Electronics","robots":{"index":"index","follow":"follow","max-snippet":"max-snippet:-1","max-image-preview":"max-image-preview:large","max-video-preview":"max-video-preview:-1"},"canonical":"https:\/\/addio.eu\/sv\/produkt\/drb-9012-8-std\/","og_locale":"sv_SE","og_type":"article","og_title":"DRB 9012-8 STD - Addio Electronics","og_description":"DRB 9012-8 STD \u00e4r v\u00e5r kostnadsoptimerade enhet med 8 utg\u00e5ngar och 8 ing\u00e5ngar, och en kontinuerlig total str\u00f6m p\u00e5 90 ampere f\u00f6rdelad \u00f6ver alla utg\u00e5ngar. J\u00e4mf\u00f6rt med ADV-enheterna har STD ingen CANBus-kommunikation, ingen inbyggd H-brygga (motorstyrning), inga LED-lampor per utg\u00e5ng och inga inbyggda pull-ups p\u00e5 ing\u00e5ngarna f\u00f6r GND-ing\u00e5ngssignaler.STD-enheten kan inte styras av v\u00e5ra brytarpaneler eller handkontroller eftersom den inte har n\u00e5gra CAN\/COM-portar.   Precis som alla v\u00e5ra DRB:er erbjuder 9012-8 STD ett brett utbud av funktioner s\u00e5som:  Rel\u00e4funktioner som blinkning, dimmer och timer  S\u00e4kringsfunktion via h\u00f6gstr\u00f6mbrytare  Batteriskydd genom timers eller sp\u00e4nningsskydd, individuellt per utg\u00e5ng  Regelbaserade logiska funktioner  Upp till tre olika funktioner per utg\u00e5ng, s\u00e5som fast eller blinkande Utg\u00e5ngarna \u00e4r digitalt skyddade upp till 25 Ampere per utg\u00e5ng (justerbart mellan i 5 A intervall)","og_url":"https:\/\/addio.eu\/sv\/produkt\/drb-9012-8-std\/","og_site_name":"Addio Electronics","article_publisher":"https:\/\/www.facebook.com\/AddioElectronicsAB\/","article_modified_time":"2026-02-10T16:48:18+00:00","og_image":[{"width":2560,"height":1654,"url":"https:\/\/addio.eu\/wp-content\/uploads\/2025\/03\/IMG_1788-scaled.jpg","type":"image\/jpeg"}],"twitter_card":"summary_large_image","twitter_misc":{"Ber\u00e4knad l\u00e4stid":"1 minut"},"schema":{"@context":"https:\/\/schema.org","@graph":[{"@type":"WebPage","@id":"https:\/\/addio.eu\/sv\/produkt\/drb-9012-8-std\/","url":"https:\/\/addio.eu\/sv\/produkt\/drb-9012-8-std\/","name":"DRB 9012-8 STD - Addio Electronics","isPartOf":{"@id":"https:\/\/addio.eu\/sv\/#website"},"primaryImageOfPage":{"@id":"https:\/\/addio.eu\/sv\/produkt\/drb-9012-8-std\/#primaryimage"},"image":{"@id":"https:\/\/addio.eu\/sv\/produkt\/drb-9012-8-std\/#primaryimage"},"thumbnailUrl":"https:\/\/addio.eu\/wp-content\/uploads\/2025\/03\/IMG_1788-scaled.jpg","datePublished":"2025-03-24T09:47:26+00:00","dateModified":"2026-02-10T16:48:18+00:00","breadcrumb":{"@id":"https:\/\/addio.eu\/sv\/produkt\/drb-9012-8-std\/#breadcrumb"},"inLanguage":"sv-SE","potentialAction":[{"@type":"ReadAction","target":["https:\/\/addio.eu\/sv\/produkt\/drb-9012-8-std\/"]}]},{"@type":"ImageObject","inLanguage":"sv-SE","@id":"https:\/\/addio.eu\/sv\/produkt\/drb-9012-8-std\/#primaryimage","url":"https:\/\/addio.eu\/wp-content\/uploads\/2025\/03\/IMG_1788-scaled.jpg","contentUrl":"https:\/\/addio.eu\/wp-content\/uploads\/2025\/03\/IMG_1788-scaled.jpg","width":2560,"height":1654},{"@type":"BreadcrumbList","@id":"https:\/\/addio.eu\/sv\/produkt\/drb-9012-8-std\/#breadcrumb","itemListElement":[{"@type":"ListItem","position":1,"name":"Home","item":"https:\/\/addio.eu\/sv\/addios-startsida\/"},{"@type":"ListItem","position":2,"name":"Produkter","item":"https:\/\/addio.eu\/sv\/produkter\/"},{"@type":"ListItem","position":3,"name":"DRB 9012-8 STD"}]},{"@type":"WebSite","@id":"https:\/\/addio.eu\/sv\/#website","url":"https:\/\/addio.eu\/sv\/","name":"addio.eu","description":"","publisher":{"@id":"https:\/\/addio.eu\/sv\/#organization"},"potentialAction":[{"@type":"SearchAction","target":{"@type":"EntryPoint","urlTemplate":"https:\/\/addio.eu\/sv\/?s={search_term_string}"},"query-input":{"@type":"PropertyValueSpecification","valueRequired":true,"valueName":"search_term_string"}}],"inLanguage":"sv-SE"},{"@type":"Organization","@id":"https:\/\/addio.eu\/sv\/#organization","name":"Addio electronics","url":"https:\/\/addio.eu\/sv\/","logo":{"@type":"ImageObject","inLanguage":"sv-SE","@id":"https:\/\/addio.eu\/sv\/#\/schema\/logo\/image\/","url":"https:\/\/addio.eu\/wp-content\/uploads\/2024\/10\/Lager_1-1.svg","contentUrl":"https:\/\/addio.eu\/wp-content\/uploads\/2024\/10\/Lager_1-1.svg","caption":"Addio electronics"},"image":{"@id":"https:\/\/addio.eu\/sv\/#\/schema\/logo\/image\/"},"sameAs":["https:\/\/www.facebook.com\/AddioElectronicsAB\/","https:\/\/www.linkedin.com\/company\/addio-electronics-ab"]}]}},"_links":{"self":[{"href":"https:\/\/addio.eu\/sv\/wp-json\/wp\/v2\/product\/13196","targetHints":{"allow":["GET"]}}],"collection":[{"href":"https:\/\/addio.eu\/sv\/wp-json\/wp\/v2\/product"}],"about":[{"href":"https:\/\/addio.eu\/sv\/wp-json\/wp\/v2\/types\/product"}],"replies":[{"embeddable":true,"href":"https:\/\/addio.eu\/sv\/wp-json\/wp\/v2\/comments?post=13196"}],"wp:featuredmedia":[{"embeddable":true,"href":"https:\/\/addio.eu\/sv\/wp-json\/wp\/v2\/media\/13213"}],"wp:attachment":[{"href":"https:\/\/addio.eu\/sv\/wp-json\/wp\/v2\/media?parent=13196"}],"wp:term":[{"taxonomy":"product_brand","embeddable":true,"href":"https:\/\/addio.eu\/sv\/wp-json\/wp\/v2\/product_brand?post=13196"},{"taxonomy":"product_cat","embeddable":true,"href":"https:\/\/addio.eu\/sv\/wp-json\/wp\/v2\/product_cat?post=13196"},{"taxonomy":"product_tag","embeddable":true,"href":"https:\/\/addio.eu\/sv\/wp-json\/wp\/v2\/product_tag?post=13196"}],"curies":[{"name":"wp","href":"https:\/\/api.w.org\/{rel}","templated":true}]}}