{"id":13181,"date":"2025-03-24T09:43:40","date_gmt":"2025-03-24T09:43:40","guid":{"rendered":"https:\/\/addio.eu\/product\/drb-8012-3-esp\/"},"modified":"2026-02-10T16:56:37","modified_gmt":"2026-02-10T16:56:37","slug":"drb-8012-3-esp","status":"publish","type":"product","link":"https:\/\/addio.eu\/sv\/produkt\/drb-8012-3-esp\/","title":{"rendered":"DRB 8012-3 ESP"},"content":{"rendered":"<p>&nbsp;<\/p>\n<table width=\"310\">\n<tbody>\n<tr>\n<td width=\"234\">Modell<\/td>\n<td width=\"76\">DRB8012-3 ESP<\/td>\n<\/tr>\n<tr>\n<td width=\"234\">Str\u00f6mf\u00f6rs\u00f6rjning<\/td>\n<td width=\"76\">10-22 VDC<\/td>\n<\/tr>\n<tr>\n<td width=\"234\">Intern str\u00f6mf\u00f6rbrukning (ungef\u00e4r) Normall\u00e4ge ingen utg\u00e5ng aktiv \/ Vilol\u00e4ge<\/td>\n<td width=\"76\">~5mA\/~2mA<\/td>\n<\/tr>\n<tr>\n<td width=\"234\">Undersp\u00e4nningsskydd (justerbart)<\/td>\n<td width=\"76\">Fast 10V<\/td>\n<\/tr>\n<tr>\n<td width=\"234\">\u00d6versp\u00e4nningsskydd (justerbart)<\/td>\n<td width=\"76\">Nej<\/td>\n<\/tr>\n<tr>\n<td width=\"234\">Max. total str\u00f6m 1 minut<\/td>\n<td width=\"76\">80A<\/td>\n<\/tr>\n<tr>\n<td width=\"234\">Max. total str\u00f6m kontinuerlig<\/td>\n<td width=\"76\">80A<\/td>\n<\/tr>\n<tr>\n<td width=\"234\">Totalt antal ing\u00e5ngar<\/td>\n<td width=\"76\">3 st<\/td>\n<\/tr>\n<tr>\n<td width=\"234\">Digitala ing\u00e5ngar<\/td>\n<td width=\"76\">3 av 3 st<\/td>\n<\/tr>\n<tr>\n<td width=\"234\">Analoga ing\u00e5ngar<\/td>\n<td width=\"76\">0 st<\/td>\n<\/tr>\n<tr>\n<td width=\"234\">Ing\u00e5ngsresistans @12V<\/td>\n<td width=\"76\">22k\u03a9<\/td>\n<\/tr>\n<tr>\n<td width=\"234\">Anslutningar ing\u00e5ngar (jackbara skruvplintar)<\/td>\n<td width=\"76\">10-polig inkl. +\/-<\/td>\n<\/tr>\n<tr>\n<td width=\"234\">Antal utg\u00e5ngar<\/td>\n<td width=\"76\">3 st<\/td>\n<\/tr>\n<tr>\n<td width=\"234\">Anslutningsutg\u00e5ngar<\/td>\n<td width=\"76\">M5 mutter + krympkontakt<\/td>\n<\/tr>\n<tr>\n<td width=\"234\">S\u00e4kringsstorlek A, utg\u00e5ngar<\/td>\n<td width=\"76\">Utg\u00e5ng 1 Fast 80A, Utg\u00e5ng 2-3 Fast 6A<\/td>\n<\/tr>\n<tr>\n<td width=\"234\">Anslutning str\u00f6mf\u00f6rs\u00f6rjning<\/td>\n<td width=\"76\">M5 mutter<\/td>\n<\/tr>\n<tr>\n<td width=\"234\">Bluetooth<\/td>\n<td width=\"76\">Nej<\/td>\n<\/tr>\n<tr>\n<td width=\"234\">Motorstyrning H-brygga (prel str\u00f6m)<\/td>\n<td width=\"76\">Nej<\/td>\n<\/tr>\n<tr>\n<td width=\"234\">Felindikering<\/td>\n<td width=\"76\">Nej<\/td>\n<\/tr>\n<tr>\n<td width=\"234\">Lysdiod per utg\u00e5ng (justerbar f\u00e4rg)<\/td>\n<td width=\"76\">Nej<\/td>\n<\/tr>\n<tr>\n<td width=\"234\">Kommunikationsbuss (CAN-buss)<\/td>\n<td width=\"76\">Ja 1st RJ10<\/td>\n<\/tr>\n<tr>\n<td width=\"234\">Datoranslutningar<\/td>\n<td width=\"76\">Nej<\/td>\n<\/tr>\n<tr>\n<td width=\"234\">Jordningssignaler<\/td>\n<td width=\"76\">Ja med externt motst\u00e5nd till positiv<\/td>\n<\/tr>\n<tr>\n<td width=\"234\">Handkontroller, Switchpaneler, sensorer etc.<\/td>\n<td width=\"76\">Nej<\/td>\n<\/tr>\n<tr>\n<td width=\"234\">Storlek (mm)<\/td>\n<td width=\"76\">119x57x21<\/td>\n<\/tr>\n<tr>\n<td width=\"234\">Vikt<\/td>\n<td width=\"76\"><\/td>\n<\/tr>\n<\/tbody>\n<\/table>\n","protected":false},"excerpt":{"rendered":"<p>Denna enhet \u00e4r som ett mycket kraftfullt rel\u00e4 som kan v\u00e4xla 80 ampere p\u00e5 en h\u00f6geffektsutg\u00e5ng och tv\u00e5 6 Amp l\u00e5geffektsutg\u00e5ngar. Denna enhet \u00e4r inte konfigurerbar och styrs endast via CAN BUS eller via de tre ing\u00e5ngarna. <\/p>\n<p>Enheten kan anv\u00e4ndas f\u00f6r att styra huvudstr\u00f6mmen fr\u00e5n batteriet f\u00f6r h\u00f6geffektbelastningar, som ett exempel, n\u00e4r du beh\u00f6ver ansluta en hydraulpump eller en 230 VAC-omvandlare.<\/p>\n","protected":false},"featured_media":13190,"comment_status":"open","ping_status":"closed","template":"","meta":[],"product_brand":[],"product_cat":[256],"product_tag":[337,259,405,406],"class_list":{"0":"post-13181","1":"product","2":"type-product","3":"status-publish","4":"has-post-thumbnail","6":"product_cat-digitala-relaboxar","7":"product_tag-12v","8":"product_tag-2-can-portar","9":"product_tag-3-ingangar","10":"product_tag-3-utgangar","12":"first","13":"instock","14":"shipping-taxable","15":"product-type-simple"},"yoast_head":"<!-- This site is optimized with the Yoast SEO plugin v26.0 - https:\/\/yoast.com\/wordpress\/plugins\/seo\/ -->\n<title>DRB 8012-3 ESP - Addio Electronics<\/title>\n<meta name=\"robots\" content=\"index, follow, max-snippet:-1, max-image-preview:large, max-video-preview:-1\" \/>\n<link rel=\"canonical\" href=\"https:\/\/addio.eu\/sv\/produkt\/drb-8012-3-esp\/\" \/>\n<meta property=\"og:locale\" content=\"sv_SE\" \/>\n<meta property=\"og:type\" content=\"article\" \/>\n<meta property=\"og:title\" content=\"DRB 8012-3 ESP - Addio Electronics\" \/>\n<meta property=\"og:description\" content=\"Denna enhet \u00e4r som ett mycket kraftfullt rel\u00e4 som kan v\u00e4xla 80 ampere p\u00e5 en h\u00f6geffektsutg\u00e5ng och tv\u00e5 6 Amp l\u00e5geffektsutg\u00e5ngar. Denna enhet \u00e4r inte konfigurerbar och styrs endast via CAN BUS eller via de tre ing\u00e5ngarna.  Enheten kan anv\u00e4ndas f\u00f6r att styra huvudstr\u00f6mmen fr\u00e5n batteriet f\u00f6r h\u00f6geffektbelastningar, som ett exempel, n\u00e4r du beh\u00f6ver ansluta en hydraulpump eller en 230 VAC-omvandlare.\" \/>\n<meta property=\"og:url\" content=\"https:\/\/addio.eu\/sv\/produkt\/drb-8012-3-esp\/\" \/>\n<meta property=\"og:site_name\" content=\"Addio Electronics\" \/>\n<meta property=\"article:publisher\" content=\"https:\/\/www.facebook.com\/AddioElectronicsAB\/\" \/>\n<meta property=\"article:modified_time\" content=\"2026-02-10T16:56:37+00:00\" \/>\n<meta property=\"og:image\" content=\"https:\/\/addio.eu\/wp-content\/uploads\/2025\/03\/IMG_1729-scaled.jpg\" \/>\n\t<meta property=\"og:image:width\" content=\"2560\" \/>\n\t<meta property=\"og:image:height\" content=\"1211\" \/>\n\t<meta property=\"og:image:type\" content=\"image\/jpeg\" \/>\n<meta name=\"twitter:card\" content=\"summary_large_image\" \/>\n<meta name=\"twitter:label1\" content=\"Ber\u00e4knad l\u00e4stid\" \/>\n\t<meta name=\"twitter:data1\" content=\"1 minut\" \/>\n<script type=\"application\/ld+json\" class=\"yoast-schema-graph\">{\"@context\":\"https:\/\/schema.org\",\"@graph\":[{\"@type\":\"WebPage\",\"@id\":\"https:\/\/addio.eu\/sv\/produkt\/drb-8012-3-esp\/\",\"url\":\"https:\/\/addio.eu\/sv\/produkt\/drb-8012-3-esp\/\",\"name\":\"DRB 8012-3 ESP - Addio Electronics\",\"isPartOf\":{\"@id\":\"https:\/\/addio.eu\/sv\/#website\"},\"primaryImageOfPage\":{\"@id\":\"https:\/\/addio.eu\/sv\/produkt\/drb-8012-3-esp\/#primaryimage\"},\"image\":{\"@id\":\"https:\/\/addio.eu\/sv\/produkt\/drb-8012-3-esp\/#primaryimage\"},\"thumbnailUrl\":\"https:\/\/addio.eu\/wp-content\/uploads\/2025\/03\/IMG_1729-scaled.jpg\",\"datePublished\":\"2025-03-24T09:43:40+00:00\",\"dateModified\":\"2026-02-10T16:56:37+00:00\",\"breadcrumb\":{\"@id\":\"https:\/\/addio.eu\/sv\/produkt\/drb-8012-3-esp\/#breadcrumb\"},\"inLanguage\":\"sv-SE\",\"potentialAction\":[{\"@type\":\"ReadAction\",\"target\":[\"https:\/\/addio.eu\/sv\/produkt\/drb-8012-3-esp\/\"]}]},{\"@type\":\"ImageObject\",\"inLanguage\":\"sv-SE\",\"@id\":\"https:\/\/addio.eu\/sv\/produkt\/drb-8012-3-esp\/#primaryimage\",\"url\":\"https:\/\/addio.eu\/wp-content\/uploads\/2025\/03\/IMG_1729-scaled.jpg\",\"contentUrl\":\"https:\/\/addio.eu\/wp-content\/uploads\/2025\/03\/IMG_1729-scaled.jpg\",\"width\":2560,\"height\":1211},{\"@type\":\"BreadcrumbList\",\"@id\":\"https:\/\/addio.eu\/sv\/produkt\/drb-8012-3-esp\/#breadcrumb\",\"itemListElement\":[{\"@type\":\"ListItem\",\"position\":1,\"name\":\"Home\",\"item\":\"https:\/\/addio.eu\/sv\/addios-startsida\/\"},{\"@type\":\"ListItem\",\"position\":2,\"name\":\"Produkter\",\"item\":\"https:\/\/addio.eu\/sv\/produkter\/\"},{\"@type\":\"ListItem\",\"position\":3,\"name\":\"DRB 8012-3 ESP\"}]},{\"@type\":\"WebSite\",\"@id\":\"https:\/\/addio.eu\/sv\/#website\",\"url\":\"https:\/\/addio.eu\/sv\/\",\"name\":\"addio.eu\",\"description\":\"\",\"publisher\":{\"@id\":\"https:\/\/addio.eu\/sv\/#organization\"},\"potentialAction\":[{\"@type\":\"SearchAction\",\"target\":{\"@type\":\"EntryPoint\",\"urlTemplate\":\"https:\/\/addio.eu\/sv\/?s={search_term_string}\"},\"query-input\":{\"@type\":\"PropertyValueSpecification\",\"valueRequired\":true,\"valueName\":\"search_term_string\"}}],\"inLanguage\":\"sv-SE\"},{\"@type\":\"Organization\",\"@id\":\"https:\/\/addio.eu\/sv\/#organization\",\"name\":\"Addio electronics\",\"url\":\"https:\/\/addio.eu\/sv\/\",\"logo\":{\"@type\":\"ImageObject\",\"inLanguage\":\"sv-SE\",\"@id\":\"https:\/\/addio.eu\/sv\/#\/schema\/logo\/image\/\",\"url\":\"https:\/\/addio.eu\/wp-content\/uploads\/2024\/10\/Lager_1-1.svg\",\"contentUrl\":\"https:\/\/addio.eu\/wp-content\/uploads\/2024\/10\/Lager_1-1.svg\",\"caption\":\"Addio electronics\"},\"image\":{\"@id\":\"https:\/\/addio.eu\/sv\/#\/schema\/logo\/image\/\"},\"sameAs\":[\"https:\/\/www.facebook.com\/AddioElectronicsAB\/\",\"https:\/\/www.linkedin.com\/company\/addio-electronics-ab\"]}]}<\/script>\n<!-- \/ Yoast SEO plugin. -->","yoast_head_json":{"title":"DRB 8012-3 ESP - Addio Electronics","robots":{"index":"index","follow":"follow","max-snippet":"max-snippet:-1","max-image-preview":"max-image-preview:large","max-video-preview":"max-video-preview:-1"},"canonical":"https:\/\/addio.eu\/sv\/produkt\/drb-8012-3-esp\/","og_locale":"sv_SE","og_type":"article","og_title":"DRB 8012-3 ESP - Addio Electronics","og_description":"Denna enhet \u00e4r som ett mycket kraftfullt rel\u00e4 som kan v\u00e4xla 80 ampere p\u00e5 en h\u00f6geffektsutg\u00e5ng och tv\u00e5 6 Amp l\u00e5geffektsutg\u00e5ngar. Denna enhet \u00e4r inte konfigurerbar och styrs endast via CAN BUS eller via de tre ing\u00e5ngarna.  Enheten kan anv\u00e4ndas f\u00f6r att styra huvudstr\u00f6mmen fr\u00e5n batteriet f\u00f6r h\u00f6geffektbelastningar, som ett exempel, n\u00e4r du beh\u00f6ver ansluta en hydraulpump eller en 230 VAC-omvandlare.","og_url":"https:\/\/addio.eu\/sv\/produkt\/drb-8012-3-esp\/","og_site_name":"Addio Electronics","article_publisher":"https:\/\/www.facebook.com\/AddioElectronicsAB\/","article_modified_time":"2026-02-10T16:56:37+00:00","og_image":[{"width":2560,"height":1211,"url":"https:\/\/addio.eu\/wp-content\/uploads\/2025\/03\/IMG_1729-scaled.jpg","type":"image\/jpeg"}],"twitter_card":"summary_large_image","twitter_misc":{"Ber\u00e4knad l\u00e4stid":"1 minut"},"schema":{"@context":"https:\/\/schema.org","@graph":[{"@type":"WebPage","@id":"https:\/\/addio.eu\/sv\/produkt\/drb-8012-3-esp\/","url":"https:\/\/addio.eu\/sv\/produkt\/drb-8012-3-esp\/","name":"DRB 8012-3 ESP - Addio Electronics","isPartOf":{"@id":"https:\/\/addio.eu\/sv\/#website"},"primaryImageOfPage":{"@id":"https:\/\/addio.eu\/sv\/produkt\/drb-8012-3-esp\/#primaryimage"},"image":{"@id":"https:\/\/addio.eu\/sv\/produkt\/drb-8012-3-esp\/#primaryimage"},"thumbnailUrl":"https:\/\/addio.eu\/wp-content\/uploads\/2025\/03\/IMG_1729-scaled.jpg","datePublished":"2025-03-24T09:43:40+00:00","dateModified":"2026-02-10T16:56:37+00:00","breadcrumb":{"@id":"https:\/\/addio.eu\/sv\/produkt\/drb-8012-3-esp\/#breadcrumb"},"inLanguage":"sv-SE","potentialAction":[{"@type":"ReadAction","target":["https:\/\/addio.eu\/sv\/produkt\/drb-8012-3-esp\/"]}]},{"@type":"ImageObject","inLanguage":"sv-SE","@id":"https:\/\/addio.eu\/sv\/produkt\/drb-8012-3-esp\/#primaryimage","url":"https:\/\/addio.eu\/wp-content\/uploads\/2025\/03\/IMG_1729-scaled.jpg","contentUrl":"https:\/\/addio.eu\/wp-content\/uploads\/2025\/03\/IMG_1729-scaled.jpg","width":2560,"height":1211},{"@type":"BreadcrumbList","@id":"https:\/\/addio.eu\/sv\/produkt\/drb-8012-3-esp\/#breadcrumb","itemListElement":[{"@type":"ListItem","position":1,"name":"Home","item":"https:\/\/addio.eu\/sv\/addios-startsida\/"},{"@type":"ListItem","position":2,"name":"Produkter","item":"https:\/\/addio.eu\/sv\/produkter\/"},{"@type":"ListItem","position":3,"name":"DRB 8012-3 ESP"}]},{"@type":"WebSite","@id":"https:\/\/addio.eu\/sv\/#website","url":"https:\/\/addio.eu\/sv\/","name":"addio.eu","description":"","publisher":{"@id":"https:\/\/addio.eu\/sv\/#organization"},"potentialAction":[{"@type":"SearchAction","target":{"@type":"EntryPoint","urlTemplate":"https:\/\/addio.eu\/sv\/?s={search_term_string}"},"query-input":{"@type":"PropertyValueSpecification","valueRequired":true,"valueName":"search_term_string"}}],"inLanguage":"sv-SE"},{"@type":"Organization","@id":"https:\/\/addio.eu\/sv\/#organization","name":"Addio electronics","url":"https:\/\/addio.eu\/sv\/","logo":{"@type":"ImageObject","inLanguage":"sv-SE","@id":"https:\/\/addio.eu\/sv\/#\/schema\/logo\/image\/","url":"https:\/\/addio.eu\/wp-content\/uploads\/2024\/10\/Lager_1-1.svg","contentUrl":"https:\/\/addio.eu\/wp-content\/uploads\/2024\/10\/Lager_1-1.svg","caption":"Addio electronics"},"image":{"@id":"https:\/\/addio.eu\/sv\/#\/schema\/logo\/image\/"},"sameAs":["https:\/\/www.facebook.com\/AddioElectronicsAB\/","https:\/\/www.linkedin.com\/company\/addio-electronics-ab"]}]}},"_links":{"self":[{"href":"https:\/\/addio.eu\/sv\/wp-json\/wp\/v2\/product\/13181","targetHints":{"allow":["GET"]}}],"collection":[{"href":"https:\/\/addio.eu\/sv\/wp-json\/wp\/v2\/product"}],"about":[{"href":"https:\/\/addio.eu\/sv\/wp-json\/wp\/v2\/types\/product"}],"replies":[{"embeddable":true,"href":"https:\/\/addio.eu\/sv\/wp-json\/wp\/v2\/comments?post=13181"}],"wp:featuredmedia":[{"embeddable":true,"href":"https:\/\/addio.eu\/sv\/wp-json\/wp\/v2\/media\/13190"}],"wp:attachment":[{"href":"https:\/\/addio.eu\/sv\/wp-json\/wp\/v2\/media?parent=13181"}],"wp:term":[{"taxonomy":"product_brand","embeddable":true,"href":"https:\/\/addio.eu\/sv\/wp-json\/wp\/v2\/product_brand?post=13181"},{"taxonomy":"product_cat","embeddable":true,"href":"https:\/\/addio.eu\/sv\/wp-json\/wp\/v2\/product_cat?post=13181"},{"taxonomy":"product_tag","embeddable":true,"href":"https:\/\/addio.eu\/sv\/wp-json\/wp\/v2\/product_tag?post=13181"}],"curies":[{"name":"wp","href":"https:\/\/api.w.org\/{rel}","templated":true}]}}