{"id":12632,"date":"2025-03-07T10:28:46","date_gmt":"2025-03-07T10:28:46","guid":{"rendered":"https:\/\/addio.eu\/product\/kontrollpanel-4\/"},"modified":"2025-03-07T10:28:46","modified_gmt":"2025-03-07T10:28:46","slug":"kontrollpanel-4","status":"publish","type":"product","link":"https:\/\/addio.eu\/sv\/produkt\/kontrollpanel-4\/","title":{"rendered":"Kontrollpanel 4"},"content":{"rendered":"<p class=\"\" data-start=\"660\" data-end=\"682\"><strong data-start=\"660\" data-end=\"682\">F\u00e4rg och belysning<\/strong><\/p>\n<p class=\"\" data-start=\"684\" data-end=\"919\">Alla knappar p\u00e5 kontrollpanelen \u00e4r belysta och kan konfigureras med f\u00f6ljande f\u00e4rger: gr\u00f6n, bl\u00e5, gul, orange, vit och r\u00f6d. B\u00e5de bakgrundsljusets f\u00e4rg och den aktiva f\u00e4rgen kan st\u00e4llas in i menyn f\u00f6r varje knapp. <\/p>\n<p class=\"\" data-start=\"921\" data-end=\"1055\">Ljusintensiteten p\u00e5 knapparna justeras automatiskt baserat p\u00e5 omgivande ljusf\u00f6rh\u00e5llanden, tack vare en inbyggd ljussensor.<\/p>\n<p class=\"\" data-start=\"1057\" data-end=\"1085\"><strong data-start=\"1057\" data-end=\"1085\">Summer och knappljud<\/strong><\/p>\n<p class=\"\" data-start=\"1087\" data-end=\"1344\">Kontrollpanelen har en inbyggd summer som kan ge \u00e5terkoppling med en kort pip n\u00e4r en knapp trycks. Summern kan ocks\u00e5 styras fr\u00e5n en extern k\u00e4lla, s\u00e5som en ing\u00e5ng, utg\u00e5ng eller virtuell utg\u00e5ng, f\u00f6r att utl\u00f6sa larmfunktioner med mera. <\/p>\n<p class=\"\" data-start=\"1346\" data-end=\"1380\"><strong data-start=\"1346\" data-end=\"1380\">Installation och konfiguration<\/strong><\/p>\n<p class=\"\" data-start=\"1382\" data-end=\"1525\">Konfiguration av knappfunktioner, aktiva och passiva f\u00e4rger med mera lagras i v\u00e5ra rel\u00e4boxar och g\u00f6rs genom v\u00e5r programvara, Addio CC.<\/p>\n<p data-start=\"1382\" data-end=\"1525\"><strong>Ing\u00e5r i f\u00f6rpackningen<\/strong><br \/>\nAddio kontrollpaneler levereras med en 5 meter kabel och sj\u00e4lvh\u00e4ftande knappklisterm\u00e4rken.<br \/>\nEtt alternativt art.nr inkluderar \u00e4ven ett f\u00e4ste. <\/p>\n","protected":false},"excerpt":{"rendered":"<p class=\"\" data-start=\"62\" data-end=\"120\"><strong data-start=\"62\" data-end=\"120\">Enkel kabeldragning och installation med Addio kontrollpaneler<\/strong><\/p>\n<p class=\"\" data-start=\"122\" data-end=\"331\">Addio kontrollpaneler \u00e4r enkla att installera med den medf\u00f6ljande dubbelsidig tejp eller med ett monteringsf\u00e4ste (tillg\u00e4ngligt som tillbeh\u00f6r). Knappsatserna ansluts till rel\u00e4boxens COM\/CAN-port via den medf\u00f6ljande kabeln. <\/p>\n<p class=\"\" data-start=\"333\" data-end=\"345\"><strong data-start=\"333\" data-end=\"345\">Funktioner<\/strong><\/p>\n<p class=\"\" data-start=\"347\" data-end=\"523\">Varje knapp kan st\u00e4llas in p\u00e5 flera positioner och kan aktivera en utg\u00e5ng och\/eller fungera som en indikator f\u00f6r att visa om en specifik ing\u00e5ng, utg\u00e5ng eller annan intern funktion \u00e4r aktiv.<\/p>\n<p class=\"\" data-start=\"525\" data-end=\"658\">Upp till fyra kontrollpaneler kan anv\u00e4ndas i ett system, och de kan konfigureras individuellt eller fungera parallellt (trappkoppling).<\/p>\n","protected":false},"featured_media":5843,"comment_status":"open","ping_status":"closed","template":"","meta":[],"product_brand":[],"product_cat":[341],"product_tag":[366],"class_list":{"0":"post-12632","1":"product","2":"type-product","3":"status-publish","4":"has-post-thumbnail","6":"product_cat-brytarpaneler","7":"product_tag-4-knappar","9":"first","10":"instock","11":"shipping-taxable","12":"product-type-simple"},"yoast_head":"<!-- This site is optimized with the Yoast SEO plugin v26.0 - https:\/\/yoast.com\/wordpress\/plugins\/seo\/ -->\n<title>Kontrollpanel 4 - Addio Electronics<\/title>\n<meta name=\"robots\" content=\"index, follow, max-snippet:-1, max-image-preview:large, max-video-preview:-1\" \/>\n<link rel=\"canonical\" href=\"https:\/\/addio.eu\/sv\/produkt\/kontrollpanel-4\/\" \/>\n<meta property=\"og:locale\" content=\"sv_SE\" \/>\n<meta property=\"og:type\" content=\"article\" \/>\n<meta property=\"og:title\" content=\"Kontrollpanel 4 - Addio Electronics\" \/>\n<meta property=\"og:description\" content=\"Enkel kabeldragning och installation med Addio kontrollpaneler Addio kontrollpaneler \u00e4r enkla att installera med den medf\u00f6ljande dubbelsidig tejp eller med ett monteringsf\u00e4ste (tillg\u00e4ngligt som tillbeh\u00f6r). Knappsatserna ansluts till rel\u00e4boxens COM\/CAN-port via den medf\u00f6ljande kabeln. Funktioner Varje knapp kan st\u00e4llas in p\u00e5 flera positioner och kan aktivera en utg\u00e5ng och\/eller fungera som en indikator f\u00f6r att visa om en specifik ing\u00e5ng, utg\u00e5ng eller annan intern funktion \u00e4r aktiv. Upp till fyra kontrollpaneler kan anv\u00e4ndas i ett system, och de kan konfigureras individuellt eller fungera parallellt (trappkoppling).\" \/>\n<meta property=\"og:url\" content=\"https:\/\/addio.eu\/sv\/produkt\/kontrollpanel-4\/\" \/>\n<meta property=\"og:site_name\" content=\"Addio Electronics\" \/>\n<meta property=\"article:publisher\" content=\"https:\/\/www.facebook.com\/AddioElectronicsAB\/\" \/>\n<meta property=\"og:image\" content=\"https:\/\/addio.eu\/wp-content\/uploads\/2025\/03\/IMG_1586-scaled.jpg\" \/>\n\t<meta property=\"og:image:width\" content=\"2560\" \/>\n\t<meta property=\"og:image:height\" content=\"1920\" \/>\n\t<meta property=\"og:image:type\" content=\"image\/jpeg\" \/>\n<meta name=\"twitter:card\" content=\"summary_large_image\" \/>\n<meta name=\"twitter:label1\" content=\"Ber\u00e4knad l\u00e4stid\" \/>\n\t<meta name=\"twitter:data1\" content=\"1 minut\" \/>\n<script type=\"application\/ld+json\" class=\"yoast-schema-graph\">{\"@context\":\"https:\/\/schema.org\",\"@graph\":[{\"@type\":\"WebPage\",\"@id\":\"https:\/\/addio.eu\/sv\/produkt\/kontrollpanel-4\/\",\"url\":\"https:\/\/addio.eu\/sv\/produkt\/kontrollpanel-4\/\",\"name\":\"Kontrollpanel 4 - Addio Electronics\",\"isPartOf\":{\"@id\":\"https:\/\/addio.eu\/sv\/#website\"},\"primaryImageOfPage\":{\"@id\":\"https:\/\/addio.eu\/sv\/produkt\/kontrollpanel-4\/#primaryimage\"},\"image\":{\"@id\":\"https:\/\/addio.eu\/sv\/produkt\/kontrollpanel-4\/#primaryimage\"},\"thumbnailUrl\":\"https:\/\/addio.eu\/wp-content\/uploads\/2025\/03\/IMG_1586-scaled.jpg\",\"datePublished\":\"2025-03-07T10:28:46+00:00\",\"breadcrumb\":{\"@id\":\"https:\/\/addio.eu\/sv\/produkt\/kontrollpanel-4\/#breadcrumb\"},\"inLanguage\":\"sv-SE\",\"potentialAction\":[{\"@type\":\"ReadAction\",\"target\":[\"https:\/\/addio.eu\/sv\/produkt\/kontrollpanel-4\/\"]}]},{\"@type\":\"ImageObject\",\"inLanguage\":\"sv-SE\",\"@id\":\"https:\/\/addio.eu\/sv\/produkt\/kontrollpanel-4\/#primaryimage\",\"url\":\"https:\/\/addio.eu\/wp-content\/uploads\/2025\/03\/IMG_1586-scaled.jpg\",\"contentUrl\":\"https:\/\/addio.eu\/wp-content\/uploads\/2025\/03\/IMG_1586-scaled.jpg\",\"width\":2560,\"height\":1920},{\"@type\":\"BreadcrumbList\",\"@id\":\"https:\/\/addio.eu\/sv\/produkt\/kontrollpanel-4\/#breadcrumb\",\"itemListElement\":[{\"@type\":\"ListItem\",\"position\":1,\"name\":\"Home\",\"item\":\"https:\/\/addio.eu\/sv\/addios-startsida\/\"},{\"@type\":\"ListItem\",\"position\":2,\"name\":\"Produkter\",\"item\":\"https:\/\/addio.eu\/sv\/produkter\/\"},{\"@type\":\"ListItem\",\"position\":3,\"name\":\"Kontrollpanel 4\"}]},{\"@type\":\"WebSite\",\"@id\":\"https:\/\/addio.eu\/sv\/#website\",\"url\":\"https:\/\/addio.eu\/sv\/\",\"name\":\"addio.eu\",\"description\":\"\",\"publisher\":{\"@id\":\"https:\/\/addio.eu\/sv\/#organization\"},\"potentialAction\":[{\"@type\":\"SearchAction\",\"target\":{\"@type\":\"EntryPoint\",\"urlTemplate\":\"https:\/\/addio.eu\/sv\/?s={search_term_string}\"},\"query-input\":{\"@type\":\"PropertyValueSpecification\",\"valueRequired\":true,\"valueName\":\"search_term_string\"}}],\"inLanguage\":\"sv-SE\"},{\"@type\":\"Organization\",\"@id\":\"https:\/\/addio.eu\/sv\/#organization\",\"name\":\"Addio electronics\",\"url\":\"https:\/\/addio.eu\/sv\/\",\"logo\":{\"@type\":\"ImageObject\",\"inLanguage\":\"sv-SE\",\"@id\":\"https:\/\/addio.eu\/sv\/#\/schema\/logo\/image\/\",\"url\":\"https:\/\/addio.eu\/wp-content\/uploads\/2024\/10\/Lager_1-1.svg\",\"contentUrl\":\"https:\/\/addio.eu\/wp-content\/uploads\/2024\/10\/Lager_1-1.svg\",\"caption\":\"Addio electronics\"},\"image\":{\"@id\":\"https:\/\/addio.eu\/sv\/#\/schema\/logo\/image\/\"},\"sameAs\":[\"https:\/\/www.facebook.com\/AddioElectronicsAB\/\",\"https:\/\/www.linkedin.com\/company\/addio-electronics-ab\"]}]}<\/script>\n<!-- \/ Yoast SEO plugin. -->","yoast_head_json":{"title":"Kontrollpanel 4 - Addio Electronics","robots":{"index":"index","follow":"follow","max-snippet":"max-snippet:-1","max-image-preview":"max-image-preview:large","max-video-preview":"max-video-preview:-1"},"canonical":"https:\/\/addio.eu\/sv\/produkt\/kontrollpanel-4\/","og_locale":"sv_SE","og_type":"article","og_title":"Kontrollpanel 4 - Addio Electronics","og_description":"Enkel kabeldragning och installation med Addio kontrollpaneler Addio kontrollpaneler \u00e4r enkla att installera med den medf\u00f6ljande dubbelsidig tejp eller med ett monteringsf\u00e4ste (tillg\u00e4ngligt som tillbeh\u00f6r). Knappsatserna ansluts till rel\u00e4boxens COM\/CAN-port via den medf\u00f6ljande kabeln. Funktioner Varje knapp kan st\u00e4llas in p\u00e5 flera positioner och kan aktivera en utg\u00e5ng och\/eller fungera som en indikator f\u00f6r att visa om en specifik ing\u00e5ng, utg\u00e5ng eller annan intern funktion \u00e4r aktiv. Upp till fyra kontrollpaneler kan anv\u00e4ndas i ett system, och de kan konfigureras individuellt eller fungera parallellt (trappkoppling).","og_url":"https:\/\/addio.eu\/sv\/produkt\/kontrollpanel-4\/","og_site_name":"Addio Electronics","article_publisher":"https:\/\/www.facebook.com\/AddioElectronicsAB\/","og_image":[{"width":2560,"height":1920,"url":"https:\/\/addio.eu\/wp-content\/uploads\/2025\/03\/IMG_1586-scaled.jpg","type":"image\/jpeg"}],"twitter_card":"summary_large_image","twitter_misc":{"Ber\u00e4knad l\u00e4stid":"1 minut"},"schema":{"@context":"https:\/\/schema.org","@graph":[{"@type":"WebPage","@id":"https:\/\/addio.eu\/sv\/produkt\/kontrollpanel-4\/","url":"https:\/\/addio.eu\/sv\/produkt\/kontrollpanel-4\/","name":"Kontrollpanel 4 - Addio Electronics","isPartOf":{"@id":"https:\/\/addio.eu\/sv\/#website"},"primaryImageOfPage":{"@id":"https:\/\/addio.eu\/sv\/produkt\/kontrollpanel-4\/#primaryimage"},"image":{"@id":"https:\/\/addio.eu\/sv\/produkt\/kontrollpanel-4\/#primaryimage"},"thumbnailUrl":"https:\/\/addio.eu\/wp-content\/uploads\/2025\/03\/IMG_1586-scaled.jpg","datePublished":"2025-03-07T10:28:46+00:00","breadcrumb":{"@id":"https:\/\/addio.eu\/sv\/produkt\/kontrollpanel-4\/#breadcrumb"},"inLanguage":"sv-SE","potentialAction":[{"@type":"ReadAction","target":["https:\/\/addio.eu\/sv\/produkt\/kontrollpanel-4\/"]}]},{"@type":"ImageObject","inLanguage":"sv-SE","@id":"https:\/\/addio.eu\/sv\/produkt\/kontrollpanel-4\/#primaryimage","url":"https:\/\/addio.eu\/wp-content\/uploads\/2025\/03\/IMG_1586-scaled.jpg","contentUrl":"https:\/\/addio.eu\/wp-content\/uploads\/2025\/03\/IMG_1586-scaled.jpg","width":2560,"height":1920},{"@type":"BreadcrumbList","@id":"https:\/\/addio.eu\/sv\/produkt\/kontrollpanel-4\/#breadcrumb","itemListElement":[{"@type":"ListItem","position":1,"name":"Home","item":"https:\/\/addio.eu\/sv\/addios-startsida\/"},{"@type":"ListItem","position":2,"name":"Produkter","item":"https:\/\/addio.eu\/sv\/produkter\/"},{"@type":"ListItem","position":3,"name":"Kontrollpanel 4"}]},{"@type":"WebSite","@id":"https:\/\/addio.eu\/sv\/#website","url":"https:\/\/addio.eu\/sv\/","name":"addio.eu","description":"","publisher":{"@id":"https:\/\/addio.eu\/sv\/#organization"},"potentialAction":[{"@type":"SearchAction","target":{"@type":"EntryPoint","urlTemplate":"https:\/\/addio.eu\/sv\/?s={search_term_string}"},"query-input":{"@type":"PropertyValueSpecification","valueRequired":true,"valueName":"search_term_string"}}],"inLanguage":"sv-SE"},{"@type":"Organization","@id":"https:\/\/addio.eu\/sv\/#organization","name":"Addio electronics","url":"https:\/\/addio.eu\/sv\/","logo":{"@type":"ImageObject","inLanguage":"sv-SE","@id":"https:\/\/addio.eu\/sv\/#\/schema\/logo\/image\/","url":"https:\/\/addio.eu\/wp-content\/uploads\/2024\/10\/Lager_1-1.svg","contentUrl":"https:\/\/addio.eu\/wp-content\/uploads\/2024\/10\/Lager_1-1.svg","caption":"Addio electronics"},"image":{"@id":"https:\/\/addio.eu\/sv\/#\/schema\/logo\/image\/"},"sameAs":["https:\/\/www.facebook.com\/AddioElectronicsAB\/","https:\/\/www.linkedin.com\/company\/addio-electronics-ab"]}]}},"_links":{"self":[{"href":"https:\/\/addio.eu\/sv\/wp-json\/wp\/v2\/product\/12632","targetHints":{"allow":["GET"]}}],"collection":[{"href":"https:\/\/addio.eu\/sv\/wp-json\/wp\/v2\/product"}],"about":[{"href":"https:\/\/addio.eu\/sv\/wp-json\/wp\/v2\/types\/product"}],"replies":[{"embeddable":true,"href":"https:\/\/addio.eu\/sv\/wp-json\/wp\/v2\/comments?post=12632"}],"wp:featuredmedia":[{"embeddable":true,"href":"https:\/\/addio.eu\/sv\/wp-json\/wp\/v2\/media\/5843"}],"wp:attachment":[{"href":"https:\/\/addio.eu\/sv\/wp-json\/wp\/v2\/media?parent=12632"}],"wp:term":[{"taxonomy":"product_brand","embeddable":true,"href":"https:\/\/addio.eu\/sv\/wp-json\/wp\/v2\/product_brand?post=12632"},{"taxonomy":"product_cat","embeddable":true,"href":"https:\/\/addio.eu\/sv\/wp-json\/wp\/v2\/product_cat?post=12632"},{"taxonomy":"product_tag","embeddable":true,"href":"https:\/\/addio.eu\/sv\/wp-json\/wp\/v2\/product_tag?post=12632"}],"curies":[{"name":"wp","href":"https:\/\/api.w.org\/{rel}","templated":true}]}}