{"id":12278,"date":"2025-03-07T09:40:24","date_gmt":"2025-03-07T09:40:24","guid":{"rendered":"https:\/\/addio.eu\/product\/5012-4-adv\/"},"modified":"2026-02-10T17:01:21","modified_gmt":"2026-02-10T17:01:21","slug":"5012-4-adv","status":"publish","type":"product","link":"https:\/\/addio.eu\/sv\/produkt\/5012-4-adv\/","title":{"rendered":"5012-4 ADV"},"content":{"rendered":"<p>DRB-5012-4 ADV \u00e4r en 12-voltsenhet med 4 ing\u00e5ngar och 4 utg\u00e5ngar med en maximal str\u00f6mstyrka p\u00e5 50A toppstr\u00f6mmar med CAN-kommunikation.<\/p>\n<table width=\"333\">\n<tbody>\n<tr>\n<td width=\"234\">Modell<\/td>\n<td width=\"99\">DRB-5012-4 ADV<\/td>\n<\/tr>\n<tr>\n<td width=\"234\">Str\u00f6mf\u00f6rs\u00f6rjning<\/td>\n<td width=\"99\">10-22 VDC<\/td>\n<\/tr>\n<tr>\n<td width=\"234\">Intern str\u00f6mf\u00f6rbrukning (ungef\u00e4rlig)Normall\u00e4ge ingen utg\u00e5ng aktiv \/ Vilol\u00e4ge<\/td>\n<td width=\"99\">~30mA\/~4mA<\/td>\n<\/tr>\n<tr>\n<td width=\"234\">Undersp\u00e4nningsskydd (justerbart)<\/td>\n<td width=\"99\">10-13V 0,5V steg<\/td>\n<\/tr>\n<tr>\n<td width=\"234\">\u00d6versp\u00e4nningsskydd (justerbart)<\/td>\n<td width=\"99\">16-26V, 2V steg<\/td>\n<\/tr>\n<tr>\n<td width=\"234\">Max. total str\u00f6m 1 minut<\/td>\n<td width=\"99\">50A<\/td>\n<\/tr>\n<tr>\n<td width=\"234\">Max. total str\u00f6m kontinuerlig<\/td>\n<td width=\"99\">50A<\/td>\n<\/tr>\n<tr>\n<td width=\"234\">Totalt antal ing\u00e5ngar<\/td>\n<td width=\"99\">4 st<\/td>\n<\/tr>\n<tr>\n<td width=\"234\">Digitala ing\u00e5ngar<\/td>\n<td width=\"99\">4 av 4 st<\/td>\n<\/tr>\n<tr>\n<td width=\"234\">Analoga ing\u00e5ngar<\/td>\n<td width=\"99\">2 av 4 st<\/td>\n<\/tr>\n<tr>\n<td width=\"234\">Ing\u00e5ngsresistans @12V<\/td>\n<td width=\"99\">22k\u03a9<\/td>\n<\/tr>\n<tr>\n<td width=\"234\">Anslutningar ing\u00e5ngar (jackbara skruvplintar)<\/td>\n<td width=\"99\">6-polig inkl. +\/-<\/td>\n<\/tr>\n<tr>\n<td width=\"234\">Antal utg\u00e5ngar<\/td>\n<td width=\"99\">4 st<\/td>\n<\/tr>\n<tr>\n<td width=\"234\">Anslutning utg\u00e5ngar<\/td>\n<td width=\"99\">Kabelkrympkontakt<\/td>\n<\/tr>\n<tr>\n<td width=\"234\">S\u00e4kringsstorlek A, utg\u00e5ngar<\/td>\n<td width=\"99\">2, 3, 5, 7,5, 10, 13, 15, 18, 20<\/td>\n<\/tr>\n<tr>\n<td width=\"234\">Anslutning str\u00f6mf\u00f6rs\u00f6rjning<\/td>\n<td width=\"99\">M5 mutter<\/td>\n<\/tr>\n<tr>\n<td width=\"234\">Bluetooth<\/td>\n<td width=\"99\">Ja, tillbeh\u00f6r<\/td>\n<\/tr>\n<tr>\n<td width=\"234\">Motorstyrning H-brygga (prel. str\u00f6m)<\/td>\n<td width=\"99\">Ja, max 12A<\/td>\n<\/tr>\n<tr>\n<td width=\"234\">Felindikering<\/td>\n<td width=\"99\">delad RGB LED<\/td>\n<\/tr>\n<tr>\n<td width=\"234\">LED per utg\u00e5ng (justerbar f\u00e4rg)<\/td>\n<td width=\"99\">Ja, RGB<\/td>\n<\/tr>\n<tr>\n<td width=\"234\">Kommunikationsbuss (CAN-buss)<\/td>\n<td width=\"99\">Ja 2 st RJ10<\/td>\n<\/tr>\n<tr>\n<td width=\"234\">Datoranslutningar<\/td>\n<td width=\"99\">USB Type C<\/td>\n<\/tr>\n<tr>\n<td width=\"234\">Jordning Signaler<\/td>\n<td width=\"99\">Ja med intern pull-up Ing\u00e5ng 1-2<\/td>\n<\/tr>\n<tr>\n<td width=\"234\">Handkontroll, Brytarpaneler, sensorer etc.<\/td>\n<td width=\"99\">Ja, som tillbeh\u00f6r<\/td>\n<\/tr>\n<tr>\n<td width=\"234\">Storlek (mm)<\/td>\n<td width=\"99\">119x68x21<\/td>\n<\/tr>\n<tr>\n<td width=\"234\">Vikt<\/td>\n<td width=\"99\">98g<\/td>\n<\/tr>\n<\/tbody>\n<\/table>\n","protected":false},"excerpt":{"rendered":"<div class=\"elementor-element elementor-element-28a1869 elementor-widget elementor-widget-woocommerce-product-title elementor-page-title elementor-widget-heading\" data-id=\"28a1869\" data-element_type=\"widget\" data-widget_type=\"woocommerce-product-title.default\">\n<div class=\"elementor-widget-container\"><\/div>\n<\/div>\n<div class=\"elementor-element elementor-element-b951bf8 elementor-widget elementor-widget-woocommerce-product-short-description\" data-id=\"b951bf8\" data-element_type=\"widget\" data-widget_type=\"woocommerce-product-short-description.default\">\n<div class=\"elementor-widget-container\">\n<div class=\"woocommerce-product-details__short-description\">\n<p class=\"\" data-start=\"112\" data-end=\"430\">DRB 5012-4 ADV \u00e4r v\u00e5r mellanstora 12V-enhet med b\u00e4sts\u00e4ljande enhet med 4 utg\u00e5ngar och 4 ing\u00e5ngar, och en kontinuerlig total str\u00f6m p\u00e5 50 ampere f\u00f6rdelat \u00f6ver alla utg\u00e5ngar.<\/p>\n<p>Precis som alla v\u00e5ra DRB:er erbjuder 5012-4 ADV ett brett utbud av funktioner s\u00e5som:<\/p>\n<ul>\n<li>Rel\u00e4funktioner som blinkning, dimmer och timer<\/li>\n<li>S\u00e4kringsfunktion via h\u00f6gstr\u00f6mbrytare<\/li>\n<li>Batteriskydd genom timers eller sp\u00e4nningsskydd, individuellt per utg\u00e5ng<\/li>\n<li>Regelbaserade logiska funktioner<\/li>\n<li>Upp till tre olika funktioner per utg\u00e5ng, s\u00e5som fast eller blinkande<\/li>\n<\/ul>\n<p class=\"\" data-start=\"112\" data-end=\"430\">Utg\u00e5ngarna \u00e4r digitalt skyddade upp till 20 ampere per utg\u00e5ng (justerbart i intervaller)<\/p>\n<p class=\"\" data-start=\"432\" data-end=\"679\">Enheten styrs idealt av v\u00e5r 8-knappars kontrollpanel (tillbeh\u00f6r) ansluten via CAN-buss, men vanliga brytare eller andra typer av signaler, b\u00e5de digitala (h\u00f6g\/l\u00e5g) och analoga (variabla sp\u00e4nningar), kan ocks\u00e5 konfigureras f\u00f6r att styra varje utg\u00e5ng.<\/p>\n<\/div>\n<\/div>\n<\/div>\n","protected":false},"featured_media":12286,"comment_status":"open","ping_status":"closed","template":"","meta":[],"product_brand":[],"product_cat":[256],"product_tag":[337,259,338,339],"class_list":{"0":"post-12278","1":"product","2":"type-product","3":"status-publish","4":"has-post-thumbnail","6":"product_cat-digitala-relaboxar","7":"product_tag-12v","8":"product_tag-2-can-portar","9":"product_tag-4-ingangar","10":"product_tag-4-utgangar","12":"first","13":"instock","14":"shipping-taxable","15":"product-type-simple"},"yoast_head":"<!-- This site is optimized with the Yoast SEO plugin v26.0 - https:\/\/yoast.com\/wordpress\/plugins\/seo\/ -->\n<title>5012-4 ADV - Addio Electronics<\/title>\n<meta name=\"robots\" content=\"index, follow, max-snippet:-1, max-image-preview:large, max-video-preview:-1\" \/>\n<link rel=\"canonical\" href=\"https:\/\/addio.eu\/sv\/produkt\/5012-4-adv\/\" \/>\n<meta property=\"og:locale\" content=\"sv_SE\" \/>\n<meta property=\"og:type\" content=\"article\" \/>\n<meta property=\"og:title\" content=\"5012-4 ADV - Addio Electronics\" \/>\n<meta property=\"og:description\" content=\"DRB 5012-4 ADV \u00e4r v\u00e5r mellanstora 12V-enhet med b\u00e4sts\u00e4ljande enhet med 4 utg\u00e5ngar och 4 ing\u00e5ngar, och en kontinuerlig total str\u00f6m p\u00e5 50 ampere f\u00f6rdelat \u00f6ver alla utg\u00e5ngar. Precis som alla v\u00e5ra DRB:er erbjuder 5012-4 ADV ett brett utbud av funktioner s\u00e5som:  Rel\u00e4funktioner som blinkning, dimmer och timer  S\u00e4kringsfunktion via h\u00f6gstr\u00f6mbrytare  Batteriskydd genom timers eller sp\u00e4nningsskydd, individuellt per utg\u00e5ng  Regelbaserade logiska funktioner  Upp till tre olika funktioner per utg\u00e5ng, s\u00e5som fast eller blinkande Utg\u00e5ngarna \u00e4r digitalt skyddade upp till 20 ampere per utg\u00e5ng (justerbart i intervaller) Enheten styrs idealt av v\u00e5r 8-knappars kontrollpanel (tillbeh\u00f6r) ansluten via CAN-buss, men vanliga brytare eller andra typer av signaler, b\u00e5de digitala (h\u00f6g\/l\u00e5g) och analoga (variabla sp\u00e4nningar), kan ocks\u00e5 konfigureras f\u00f6r att styra varje utg\u00e5ng.\" \/>\n<meta property=\"og:url\" content=\"https:\/\/addio.eu\/sv\/produkt\/5012-4-adv\/\" \/>\n<meta property=\"og:site_name\" content=\"Addio Electronics\" \/>\n<meta property=\"article:publisher\" content=\"https:\/\/www.facebook.com\/AddioElectronicsAB\/\" \/>\n<meta property=\"article:modified_time\" content=\"2026-02-10T17:01:21+00:00\" \/>\n<meta property=\"og:image\" content=\"https:\/\/addio.eu\/wp-content\/uploads\/2025\/03\/IMG_1753-scaled.jpg\" \/>\n\t<meta property=\"og:image:width\" content=\"2560\" \/>\n\t<meta property=\"og:image:height\" content=\"1649\" \/>\n\t<meta property=\"og:image:type\" content=\"image\/jpeg\" \/>\n<meta name=\"twitter:card\" content=\"summary_large_image\" \/>\n<meta name=\"twitter:label1\" content=\"Ber\u00e4knad l\u00e4stid\" \/>\n\t<meta name=\"twitter:data1\" content=\"1 minut\" \/>\n<script type=\"application\/ld+json\" class=\"yoast-schema-graph\">{\"@context\":\"https:\/\/schema.org\",\"@graph\":[{\"@type\":\"WebPage\",\"@id\":\"https:\/\/addio.eu\/sv\/produkt\/5012-4-adv\/\",\"url\":\"https:\/\/addio.eu\/sv\/produkt\/5012-4-adv\/\",\"name\":\"5012-4 ADV - Addio Electronics\",\"isPartOf\":{\"@id\":\"https:\/\/addio.eu\/sv\/#website\"},\"primaryImageOfPage\":{\"@id\":\"https:\/\/addio.eu\/sv\/produkt\/5012-4-adv\/#primaryimage\"},\"image\":{\"@id\":\"https:\/\/addio.eu\/sv\/produkt\/5012-4-adv\/#primaryimage\"},\"thumbnailUrl\":\"https:\/\/addio.eu\/wp-content\/uploads\/2025\/03\/IMG_1753-scaled.jpg\",\"datePublished\":\"2025-03-07T09:40:24+00:00\",\"dateModified\":\"2026-02-10T17:01:21+00:00\",\"breadcrumb\":{\"@id\":\"https:\/\/addio.eu\/sv\/produkt\/5012-4-adv\/#breadcrumb\"},\"inLanguage\":\"sv-SE\",\"potentialAction\":[{\"@type\":\"ReadAction\",\"target\":[\"https:\/\/addio.eu\/sv\/produkt\/5012-4-adv\/\"]}]},{\"@type\":\"ImageObject\",\"inLanguage\":\"sv-SE\",\"@id\":\"https:\/\/addio.eu\/sv\/produkt\/5012-4-adv\/#primaryimage\",\"url\":\"https:\/\/addio.eu\/wp-content\/uploads\/2025\/03\/IMG_1753-scaled.jpg\",\"contentUrl\":\"https:\/\/addio.eu\/wp-content\/uploads\/2025\/03\/IMG_1753-scaled.jpg\",\"width\":2560,\"height\":1649},{\"@type\":\"BreadcrumbList\",\"@id\":\"https:\/\/addio.eu\/sv\/produkt\/5012-4-adv\/#breadcrumb\",\"itemListElement\":[{\"@type\":\"ListItem\",\"position\":1,\"name\":\"Home\",\"item\":\"https:\/\/addio.eu\/sv\/addios-startsida\/\"},{\"@type\":\"ListItem\",\"position\":2,\"name\":\"Produkter\",\"item\":\"https:\/\/addio.eu\/sv\/produkter\/\"},{\"@type\":\"ListItem\",\"position\":3,\"name\":\"5012-4 ADV\"}]},{\"@type\":\"WebSite\",\"@id\":\"https:\/\/addio.eu\/sv\/#website\",\"url\":\"https:\/\/addio.eu\/sv\/\",\"name\":\"addio.eu\",\"description\":\"\",\"publisher\":{\"@id\":\"https:\/\/addio.eu\/sv\/#organization\"},\"potentialAction\":[{\"@type\":\"SearchAction\",\"target\":{\"@type\":\"EntryPoint\",\"urlTemplate\":\"https:\/\/addio.eu\/sv\/?s={search_term_string}\"},\"query-input\":{\"@type\":\"PropertyValueSpecification\",\"valueRequired\":true,\"valueName\":\"search_term_string\"}}],\"inLanguage\":\"sv-SE\"},{\"@type\":\"Organization\",\"@id\":\"https:\/\/addio.eu\/sv\/#organization\",\"name\":\"Addio electronics\",\"url\":\"https:\/\/addio.eu\/sv\/\",\"logo\":{\"@type\":\"ImageObject\",\"inLanguage\":\"sv-SE\",\"@id\":\"https:\/\/addio.eu\/sv\/#\/schema\/logo\/image\/\",\"url\":\"https:\/\/addio.eu\/wp-content\/uploads\/2024\/10\/Lager_1-1.svg\",\"contentUrl\":\"https:\/\/addio.eu\/wp-content\/uploads\/2024\/10\/Lager_1-1.svg\",\"caption\":\"Addio electronics\"},\"image\":{\"@id\":\"https:\/\/addio.eu\/sv\/#\/schema\/logo\/image\/\"},\"sameAs\":[\"https:\/\/www.facebook.com\/AddioElectronicsAB\/\",\"https:\/\/www.linkedin.com\/company\/addio-electronics-ab\"]}]}<\/script>\n<!-- \/ Yoast SEO plugin. -->","yoast_head_json":{"title":"5012-4 ADV - Addio Electronics","robots":{"index":"index","follow":"follow","max-snippet":"max-snippet:-1","max-image-preview":"max-image-preview:large","max-video-preview":"max-video-preview:-1"},"canonical":"https:\/\/addio.eu\/sv\/produkt\/5012-4-adv\/","og_locale":"sv_SE","og_type":"article","og_title":"5012-4 ADV - Addio Electronics","og_description":"DRB 5012-4 ADV \u00e4r v\u00e5r mellanstora 12V-enhet med b\u00e4sts\u00e4ljande enhet med 4 utg\u00e5ngar och 4 ing\u00e5ngar, och en kontinuerlig total str\u00f6m p\u00e5 50 ampere f\u00f6rdelat \u00f6ver alla utg\u00e5ngar. Precis som alla v\u00e5ra DRB:er erbjuder 5012-4 ADV ett brett utbud av funktioner s\u00e5som:  Rel\u00e4funktioner som blinkning, dimmer och timer  S\u00e4kringsfunktion via h\u00f6gstr\u00f6mbrytare  Batteriskydd genom timers eller sp\u00e4nningsskydd, individuellt per utg\u00e5ng  Regelbaserade logiska funktioner  Upp till tre olika funktioner per utg\u00e5ng, s\u00e5som fast eller blinkande Utg\u00e5ngarna \u00e4r digitalt skyddade upp till 20 ampere per utg\u00e5ng (justerbart i intervaller) Enheten styrs idealt av v\u00e5r 8-knappars kontrollpanel (tillbeh\u00f6r) ansluten via CAN-buss, men vanliga brytare eller andra typer av signaler, b\u00e5de digitala (h\u00f6g\/l\u00e5g) och analoga (variabla sp\u00e4nningar), kan ocks\u00e5 konfigureras f\u00f6r att styra varje utg\u00e5ng.","og_url":"https:\/\/addio.eu\/sv\/produkt\/5012-4-adv\/","og_site_name":"Addio Electronics","article_publisher":"https:\/\/www.facebook.com\/AddioElectronicsAB\/","article_modified_time":"2026-02-10T17:01:21+00:00","og_image":[{"width":2560,"height":1649,"url":"https:\/\/addio.eu\/wp-content\/uploads\/2025\/03\/IMG_1753-scaled.jpg","type":"image\/jpeg"}],"twitter_card":"summary_large_image","twitter_misc":{"Ber\u00e4knad l\u00e4stid":"1 minut"},"schema":{"@context":"https:\/\/schema.org","@graph":[{"@type":"WebPage","@id":"https:\/\/addio.eu\/sv\/produkt\/5012-4-adv\/","url":"https:\/\/addio.eu\/sv\/produkt\/5012-4-adv\/","name":"5012-4 ADV - Addio Electronics","isPartOf":{"@id":"https:\/\/addio.eu\/sv\/#website"},"primaryImageOfPage":{"@id":"https:\/\/addio.eu\/sv\/produkt\/5012-4-adv\/#primaryimage"},"image":{"@id":"https:\/\/addio.eu\/sv\/produkt\/5012-4-adv\/#primaryimage"},"thumbnailUrl":"https:\/\/addio.eu\/wp-content\/uploads\/2025\/03\/IMG_1753-scaled.jpg","datePublished":"2025-03-07T09:40:24+00:00","dateModified":"2026-02-10T17:01:21+00:00","breadcrumb":{"@id":"https:\/\/addio.eu\/sv\/produkt\/5012-4-adv\/#breadcrumb"},"inLanguage":"sv-SE","potentialAction":[{"@type":"ReadAction","target":["https:\/\/addio.eu\/sv\/produkt\/5012-4-adv\/"]}]},{"@type":"ImageObject","inLanguage":"sv-SE","@id":"https:\/\/addio.eu\/sv\/produkt\/5012-4-adv\/#primaryimage","url":"https:\/\/addio.eu\/wp-content\/uploads\/2025\/03\/IMG_1753-scaled.jpg","contentUrl":"https:\/\/addio.eu\/wp-content\/uploads\/2025\/03\/IMG_1753-scaled.jpg","width":2560,"height":1649},{"@type":"BreadcrumbList","@id":"https:\/\/addio.eu\/sv\/produkt\/5012-4-adv\/#breadcrumb","itemListElement":[{"@type":"ListItem","position":1,"name":"Home","item":"https:\/\/addio.eu\/sv\/addios-startsida\/"},{"@type":"ListItem","position":2,"name":"Produkter","item":"https:\/\/addio.eu\/sv\/produkter\/"},{"@type":"ListItem","position":3,"name":"5012-4 ADV"}]},{"@type":"WebSite","@id":"https:\/\/addio.eu\/sv\/#website","url":"https:\/\/addio.eu\/sv\/","name":"addio.eu","description":"","publisher":{"@id":"https:\/\/addio.eu\/sv\/#organization"},"potentialAction":[{"@type":"SearchAction","target":{"@type":"EntryPoint","urlTemplate":"https:\/\/addio.eu\/sv\/?s={search_term_string}"},"query-input":{"@type":"PropertyValueSpecification","valueRequired":true,"valueName":"search_term_string"}}],"inLanguage":"sv-SE"},{"@type":"Organization","@id":"https:\/\/addio.eu\/sv\/#organization","name":"Addio electronics","url":"https:\/\/addio.eu\/sv\/","logo":{"@type":"ImageObject","inLanguage":"sv-SE","@id":"https:\/\/addio.eu\/sv\/#\/schema\/logo\/image\/","url":"https:\/\/addio.eu\/wp-content\/uploads\/2024\/10\/Lager_1-1.svg","contentUrl":"https:\/\/addio.eu\/wp-content\/uploads\/2024\/10\/Lager_1-1.svg","caption":"Addio electronics"},"image":{"@id":"https:\/\/addio.eu\/sv\/#\/schema\/logo\/image\/"},"sameAs":["https:\/\/www.facebook.com\/AddioElectronicsAB\/","https:\/\/www.linkedin.com\/company\/addio-electronics-ab"]}]}},"_links":{"self":[{"href":"https:\/\/addio.eu\/sv\/wp-json\/wp\/v2\/product\/12278","targetHints":{"allow":["GET"]}}],"collection":[{"href":"https:\/\/addio.eu\/sv\/wp-json\/wp\/v2\/product"}],"about":[{"href":"https:\/\/addio.eu\/sv\/wp-json\/wp\/v2\/types\/product"}],"replies":[{"embeddable":true,"href":"https:\/\/addio.eu\/sv\/wp-json\/wp\/v2\/comments?post=12278"}],"wp:featuredmedia":[{"embeddable":true,"href":"https:\/\/addio.eu\/sv\/wp-json\/wp\/v2\/media\/12286"}],"wp:attachment":[{"href":"https:\/\/addio.eu\/sv\/wp-json\/wp\/v2\/media?parent=12278"}],"wp:term":[{"taxonomy":"product_brand","embeddable":true,"href":"https:\/\/addio.eu\/sv\/wp-json\/wp\/v2\/product_brand?post=12278"},{"taxonomy":"product_cat","embeddable":true,"href":"https:\/\/addio.eu\/sv\/wp-json\/wp\/v2\/product_cat?post=12278"},{"taxonomy":"product_tag","embeddable":true,"href":"https:\/\/addio.eu\/sv\/wp-json\/wp\/v2\/product_tag?post=12278"}],"curies":[{"name":"wp","href":"https:\/\/api.w.org\/{rel}","templated":true}]}}