{"id":12018,"date":"2025-03-07T11:27:18","date_gmt":"2025-03-07T11:27:18","guid":{"rendered":"https:\/\/addio.eu\/product\/kit-16-polig-stapelbar-kontakt\/"},"modified":"2025-03-07T11:27:18","modified_gmt":"2025-03-07T11:27:18","slug":"kit-16-polig-stapelbar-kontakt","status":"publish","type":"product","link":"https:\/\/addio.eu\/sv\/produkt\/kit-16-polig-stapelbar-kontakt\/","title":{"rendered":"Kit 16-polig stapelbar kontakt"},"content":{"rendered":"","protected":false},"excerpt":{"rendered":"<p class=\"\" data-start=\"207\" data-end=\"660\">Denna 16-poliga stapelbara kontakt \u00e4r det perfekta tillbeh\u00f6ret f\u00f6r v\u00e5ra digitala rel\u00e4boxar med platta stiftterminal. Designad f\u00f6r effektiva och kompakta anslutningar, m\u00f6jligg\u00f6r den s\u00f6ml\u00f6s integration mellan moduler och s\u00e4kerst\u00e4ller tillf\u00f6rlitlig elektrisk kontakt i utrymmesbegr\u00e4nsade milj\u00f6er. Med den stapelbara funktionen kan du enkelt ut\u00f6ka ditt system genom att ansluta flera enheter, vilket g\u00f6r det till en idealisk l\u00f6sning f\u00f6r b\u00e5de industriella och fordonstill\u00e4mpningar.  <\/p>\n","protected":false},"featured_media":5988,"comment_status":"open","ping_status":"closed","template":"","meta":[],"product_brand":[],"product_cat":[309],"product_tag":[],"class_list":{"0":"post-12018","1":"product","2":"type-product","3":"status-publish","4":"has-post-thumbnail","6":"product_cat-tillbehor","8":"first","9":"instock","10":"shipping-taxable","11":"product-type-simple"},"yoast_head":"<!-- This site is optimized with the Yoast SEO plugin v26.0 - https:\/\/yoast.com\/wordpress\/plugins\/seo\/ -->\n<title>Kit 16-polig stapelbar kontakt - Addio Electronics<\/title>\n<meta name=\"robots\" content=\"index, follow, max-snippet:-1, max-image-preview:large, max-video-preview:-1\" \/>\n<link rel=\"canonical\" href=\"https:\/\/addio.eu\/sv\/produkt\/kit-16-polig-stapelbar-kontakt\/\" \/>\n<meta property=\"og:locale\" content=\"sv_SE\" \/>\n<meta property=\"og:type\" content=\"article\" \/>\n<meta property=\"og:title\" content=\"Kit 16-polig stapelbar kontakt - Addio Electronics\" \/>\n<meta property=\"og:description\" content=\"Denna 16-poliga stapelbara kontakt \u00e4r det perfekta tillbeh\u00f6ret f\u00f6r v\u00e5ra digitala rel\u00e4boxar med platta stiftterminal. Designad f\u00f6r effektiva och kompakta anslutningar, m\u00f6jligg\u00f6r den s\u00f6ml\u00f6s integration mellan moduler och s\u00e4kerst\u00e4ller tillf\u00f6rlitlig elektrisk kontakt i utrymmesbegr\u00e4nsade milj\u00f6er. Med den stapelbara funktionen kan du enkelt ut\u00f6ka ditt system genom att ansluta flera enheter, vilket g\u00f6r det till en idealisk l\u00f6sning f\u00f6r b\u00e5de industriella och fordonstill\u00e4mpningar.\" \/>\n<meta property=\"og:url\" content=\"https:\/\/addio.eu\/sv\/produkt\/kit-16-polig-stapelbar-kontakt\/\" \/>\n<meta property=\"og:site_name\" content=\"Addio Electronics\" \/>\n<meta property=\"article:publisher\" content=\"https:\/\/www.facebook.com\/AddioElectronicsAB\/\" \/>\n<meta property=\"og:image\" content=\"https:\/\/addio.eu\/wp-content\/uploads\/2025\/03\/IMG_1625-scaled.jpg\" \/>\n\t<meta property=\"og:image:width\" content=\"2560\" \/>\n\t<meta property=\"og:image:height\" content=\"1641\" \/>\n\t<meta property=\"og:image:type\" content=\"image\/jpeg\" \/>\n<meta name=\"twitter:card\" content=\"summary_large_image\" \/>\n<script type=\"application\/ld+json\" class=\"yoast-schema-graph\">{\"@context\":\"https:\/\/schema.org\",\"@graph\":[{\"@type\":\"WebPage\",\"@id\":\"https:\/\/addio.eu\/sv\/produkt\/kit-16-polig-stapelbar-kontakt\/\",\"url\":\"https:\/\/addio.eu\/sv\/produkt\/kit-16-polig-stapelbar-kontakt\/\",\"name\":\"Kit 16-polig stapelbar kontakt - Addio Electronics\",\"isPartOf\":{\"@id\":\"https:\/\/addio.eu\/sv\/#website\"},\"primaryImageOfPage\":{\"@id\":\"https:\/\/addio.eu\/sv\/produkt\/kit-16-polig-stapelbar-kontakt\/#primaryimage\"},\"image\":{\"@id\":\"https:\/\/addio.eu\/sv\/produkt\/kit-16-polig-stapelbar-kontakt\/#primaryimage\"},\"thumbnailUrl\":\"https:\/\/addio.eu\/wp-content\/uploads\/2025\/03\/IMG_1625-scaled.jpg\",\"datePublished\":\"2025-03-07T11:27:18+00:00\",\"breadcrumb\":{\"@id\":\"https:\/\/addio.eu\/sv\/produkt\/kit-16-polig-stapelbar-kontakt\/#breadcrumb\"},\"inLanguage\":\"sv-SE\",\"potentialAction\":[{\"@type\":\"ReadAction\",\"target\":[\"https:\/\/addio.eu\/sv\/produkt\/kit-16-polig-stapelbar-kontakt\/\"]}]},{\"@type\":\"ImageObject\",\"inLanguage\":\"sv-SE\",\"@id\":\"https:\/\/addio.eu\/sv\/produkt\/kit-16-polig-stapelbar-kontakt\/#primaryimage\",\"url\":\"https:\/\/addio.eu\/wp-content\/uploads\/2025\/03\/IMG_1625-scaled.jpg\",\"contentUrl\":\"https:\/\/addio.eu\/wp-content\/uploads\/2025\/03\/IMG_1625-scaled.jpg\",\"width\":2560,\"height\":1641},{\"@type\":\"BreadcrumbList\",\"@id\":\"https:\/\/addio.eu\/sv\/produkt\/kit-16-polig-stapelbar-kontakt\/#breadcrumb\",\"itemListElement\":[{\"@type\":\"ListItem\",\"position\":1,\"name\":\"Home\",\"item\":\"https:\/\/addio.eu\/sv\/addios-startsida\/\"},{\"@type\":\"ListItem\",\"position\":2,\"name\":\"Produkter\",\"item\":\"https:\/\/addio.eu\/sv\/produkter\/\"},{\"@type\":\"ListItem\",\"position\":3,\"name\":\"Kit 16-polig stapelbar kontakt\"}]},{\"@type\":\"WebSite\",\"@id\":\"https:\/\/addio.eu\/sv\/#website\",\"url\":\"https:\/\/addio.eu\/sv\/\",\"name\":\"addio.eu\",\"description\":\"\",\"publisher\":{\"@id\":\"https:\/\/addio.eu\/sv\/#organization\"},\"potentialAction\":[{\"@type\":\"SearchAction\",\"target\":{\"@type\":\"EntryPoint\",\"urlTemplate\":\"https:\/\/addio.eu\/sv\/?s={search_term_string}\"},\"query-input\":{\"@type\":\"PropertyValueSpecification\",\"valueRequired\":true,\"valueName\":\"search_term_string\"}}],\"inLanguage\":\"sv-SE\"},{\"@type\":\"Organization\",\"@id\":\"https:\/\/addio.eu\/sv\/#organization\",\"name\":\"Addio electronics\",\"url\":\"https:\/\/addio.eu\/sv\/\",\"logo\":{\"@type\":\"ImageObject\",\"inLanguage\":\"sv-SE\",\"@id\":\"https:\/\/addio.eu\/sv\/#\/schema\/logo\/image\/\",\"url\":\"https:\/\/addio.eu\/wp-content\/uploads\/2024\/10\/Lager_1-1.svg\",\"contentUrl\":\"https:\/\/addio.eu\/wp-content\/uploads\/2024\/10\/Lager_1-1.svg\",\"caption\":\"Addio electronics\"},\"image\":{\"@id\":\"https:\/\/addio.eu\/sv\/#\/schema\/logo\/image\/\"},\"sameAs\":[\"https:\/\/www.facebook.com\/AddioElectronicsAB\/\",\"https:\/\/www.linkedin.com\/company\/addio-electronics-ab\"]}]}<\/script>\n<!-- \/ Yoast SEO plugin. -->","yoast_head_json":{"title":"Kit 16-polig stapelbar kontakt - Addio Electronics","robots":{"index":"index","follow":"follow","max-snippet":"max-snippet:-1","max-image-preview":"max-image-preview:large","max-video-preview":"max-video-preview:-1"},"canonical":"https:\/\/addio.eu\/sv\/produkt\/kit-16-polig-stapelbar-kontakt\/","og_locale":"sv_SE","og_type":"article","og_title":"Kit 16-polig stapelbar kontakt - Addio Electronics","og_description":"Denna 16-poliga stapelbara kontakt \u00e4r det perfekta tillbeh\u00f6ret f\u00f6r v\u00e5ra digitala rel\u00e4boxar med platta stiftterminal. Designad f\u00f6r effektiva och kompakta anslutningar, m\u00f6jligg\u00f6r den s\u00f6ml\u00f6s integration mellan moduler och s\u00e4kerst\u00e4ller tillf\u00f6rlitlig elektrisk kontakt i utrymmesbegr\u00e4nsade milj\u00f6er. Med den stapelbara funktionen kan du enkelt ut\u00f6ka ditt system genom att ansluta flera enheter, vilket g\u00f6r det till en idealisk l\u00f6sning f\u00f6r b\u00e5de industriella och fordonstill\u00e4mpningar.","og_url":"https:\/\/addio.eu\/sv\/produkt\/kit-16-polig-stapelbar-kontakt\/","og_site_name":"Addio Electronics","article_publisher":"https:\/\/www.facebook.com\/AddioElectronicsAB\/","og_image":[{"width":2560,"height":1641,"url":"https:\/\/addio.eu\/wp-content\/uploads\/2025\/03\/IMG_1625-scaled.jpg","type":"image\/jpeg"}],"twitter_card":"summary_large_image","schema":{"@context":"https:\/\/schema.org","@graph":[{"@type":"WebPage","@id":"https:\/\/addio.eu\/sv\/produkt\/kit-16-polig-stapelbar-kontakt\/","url":"https:\/\/addio.eu\/sv\/produkt\/kit-16-polig-stapelbar-kontakt\/","name":"Kit 16-polig stapelbar kontakt - Addio Electronics","isPartOf":{"@id":"https:\/\/addio.eu\/sv\/#website"},"primaryImageOfPage":{"@id":"https:\/\/addio.eu\/sv\/produkt\/kit-16-polig-stapelbar-kontakt\/#primaryimage"},"image":{"@id":"https:\/\/addio.eu\/sv\/produkt\/kit-16-polig-stapelbar-kontakt\/#primaryimage"},"thumbnailUrl":"https:\/\/addio.eu\/wp-content\/uploads\/2025\/03\/IMG_1625-scaled.jpg","datePublished":"2025-03-07T11:27:18+00:00","breadcrumb":{"@id":"https:\/\/addio.eu\/sv\/produkt\/kit-16-polig-stapelbar-kontakt\/#breadcrumb"},"inLanguage":"sv-SE","potentialAction":[{"@type":"ReadAction","target":["https:\/\/addio.eu\/sv\/produkt\/kit-16-polig-stapelbar-kontakt\/"]}]},{"@type":"ImageObject","inLanguage":"sv-SE","@id":"https:\/\/addio.eu\/sv\/produkt\/kit-16-polig-stapelbar-kontakt\/#primaryimage","url":"https:\/\/addio.eu\/wp-content\/uploads\/2025\/03\/IMG_1625-scaled.jpg","contentUrl":"https:\/\/addio.eu\/wp-content\/uploads\/2025\/03\/IMG_1625-scaled.jpg","width":2560,"height":1641},{"@type":"BreadcrumbList","@id":"https:\/\/addio.eu\/sv\/produkt\/kit-16-polig-stapelbar-kontakt\/#breadcrumb","itemListElement":[{"@type":"ListItem","position":1,"name":"Home","item":"https:\/\/addio.eu\/sv\/addios-startsida\/"},{"@type":"ListItem","position":2,"name":"Produkter","item":"https:\/\/addio.eu\/sv\/produkter\/"},{"@type":"ListItem","position":3,"name":"Kit 16-polig stapelbar kontakt"}]},{"@type":"WebSite","@id":"https:\/\/addio.eu\/sv\/#website","url":"https:\/\/addio.eu\/sv\/","name":"addio.eu","description":"","publisher":{"@id":"https:\/\/addio.eu\/sv\/#organization"},"potentialAction":[{"@type":"SearchAction","target":{"@type":"EntryPoint","urlTemplate":"https:\/\/addio.eu\/sv\/?s={search_term_string}"},"query-input":{"@type":"PropertyValueSpecification","valueRequired":true,"valueName":"search_term_string"}}],"inLanguage":"sv-SE"},{"@type":"Organization","@id":"https:\/\/addio.eu\/sv\/#organization","name":"Addio electronics","url":"https:\/\/addio.eu\/sv\/","logo":{"@type":"ImageObject","inLanguage":"sv-SE","@id":"https:\/\/addio.eu\/sv\/#\/schema\/logo\/image\/","url":"https:\/\/addio.eu\/wp-content\/uploads\/2024\/10\/Lager_1-1.svg","contentUrl":"https:\/\/addio.eu\/wp-content\/uploads\/2024\/10\/Lager_1-1.svg","caption":"Addio electronics"},"image":{"@id":"https:\/\/addio.eu\/sv\/#\/schema\/logo\/image\/"},"sameAs":["https:\/\/www.facebook.com\/AddioElectronicsAB\/","https:\/\/www.linkedin.com\/company\/addio-electronics-ab"]}]}},"_links":{"self":[{"href":"https:\/\/addio.eu\/sv\/wp-json\/wp\/v2\/product\/12018","targetHints":{"allow":["GET"]}}],"collection":[{"href":"https:\/\/addio.eu\/sv\/wp-json\/wp\/v2\/product"}],"about":[{"href":"https:\/\/addio.eu\/sv\/wp-json\/wp\/v2\/types\/product"}],"replies":[{"embeddable":true,"href":"https:\/\/addio.eu\/sv\/wp-json\/wp\/v2\/comments?post=12018"}],"wp:featuredmedia":[{"embeddable":true,"href":"https:\/\/addio.eu\/sv\/wp-json\/wp\/v2\/media\/5988"}],"wp:attachment":[{"href":"https:\/\/addio.eu\/sv\/wp-json\/wp\/v2\/media?parent=12018"}],"wp:term":[{"taxonomy":"product_brand","embeddable":true,"href":"https:\/\/addio.eu\/sv\/wp-json\/wp\/v2\/product_brand?post=12018"},{"taxonomy":"product_cat","embeddable":true,"href":"https:\/\/addio.eu\/sv\/wp-json\/wp\/v2\/product_cat?post=12018"},{"taxonomy":"product_tag","embeddable":true,"href":"https:\/\/addio.eu\/sv\/wp-json\/wp\/v2\/product_tag?post=12018"}],"curies":[{"name":"wp","href":"https:\/\/api.w.org\/{rel}","templated":true}]}}