{"id":9028,"date":"2025-04-03T08:20:46","date_gmt":"2025-04-03T08:20:46","guid":{"rendered":"https:\/\/addio.eu\/integritetspolicy-for-car-electric-ble-remote\/"},"modified":"2025-10-07T11:23:47","modified_gmt":"2025-10-07T11:23:47","slug":"integritetspolicy-for-car-electric-ble-remote","status":"publish","type":"page","link":"https:\/\/addio.eu\/sv\/integritetspolicy-for-car-electric-ble-remote\/","title":{"rendered":"Integritetspolicy f\u00f6r &#8221;car electric &#8211; BLE remote&#8221;"},"content":{"rendered":"\t\t<div data-elementor-type=\"wp-page\" data-elementor-id=\"9028\" class=\"elementor elementor-9028 elementor-6270\" data-elementor-post-type=\"page\">\n\t\t\t\t<div class=\"elementor-element elementor-element-0c2cb60 e-flex e-con-boxed e-con e-parent\" data-id=\"0c2cb60\" data-element_type=\"container\">\n\t\t\t\t\t<div class=\"e-con-inner\">\n\t\t\t\t<div class=\"elementor-element elementor-element-758cfa2 elementor-widget elementor-widget-heading\" data-id=\"758cfa2\" data-element_type=\"widget\" data-widget_type=\"heading.default\">\n\t\t\t\t<div class=\"elementor-widget-container\">\n\t\t\t\t\t<h1 class=\"elementor-heading-title elementor-size-default\">Integritetspolicy f\u00f6r &#8221;car electric &#8211; BLE remote&#8221;<\/h1>\t\t\t\t<\/div>\n\t\t\t\t<\/div>\n\t\t<div class=\"elementor-element elementor-element-1f616ec e-con-full e-flex e-con e-child\" data-id=\"1f616ec\" data-element_type=\"container\">\n\t\t<div class=\"elementor-element elementor-element-8e80135 e-con-full e-flex e-con e-child\" data-id=\"8e80135\" data-element_type=\"container\">\n\t\t\t\t<div class=\"elementor-element elementor-element-17537e1 elementor-widget elementor-widget-text-editor\" data-id=\"17537e1\" data-element_type=\"widget\" data-widget_type=\"text-editor.default\">\n\t\t\t\t<div class=\"elementor-widget-container\">\n\t\t\t\t\t\t\t\t\t<p>Denna applikation utvecklas och underh\u00e5lls av Addio Electronics AB. Denna applikation samlar in vissa personuppgifter fr\u00e5n sina anv\u00e4ndare. <\/p><p><br>Detta dokument kan skrivas ut f\u00f6r referens genom att anv\u00e4nda utskriftskommandot i inst\u00e4llningarna f\u00f6r valfri webbl\u00e4sare.<\/p><p><br><b>Policysammanfattning<br>Personuppgifter behandlas f\u00f6r f\u00f6ljande \u00e4ndam\u00e5l och med f\u00f6ljande tj\u00e4nster:<br>Platsbaserade interaktioner<br>Geolokalisering och icke-kontinuerlig geolokalisering<br>Personuppgifter: geografisk position<\/b><\/p><p><br><b>Fullst\u00e4ndig policy<br>Addio Electronics AB byggde appen Car Electric &#8211; BLE Remote som en gratis app. Denna TJ\u00c4NST tillhandah\u00e5lls av Addio Electronics AB utan kostnad och \u00e4r avsedd att anv\u00e4ndas som den \u00e4r. Dessutom \u00e4r denna app utvecklad f\u00f6r de dedikerade kunder som anv\u00e4nder v\u00e5r elektroniska produkt som kallas Digital Relay Box.<\/b>  <\/p><p><br>Denna sida anv\u00e4nds f\u00f6r att informera bes\u00f6kare om v\u00e5ra policyer g\u00e4llande insamling, anv\u00e4ndning och utl\u00e4mnande av personlig information om n\u00e5gon beslutar sig f\u00f6r att anv\u00e4nda v\u00e5r tj\u00e4nst.<\/p><p><br>Om du v\u00e4ljer att anv\u00e4nda v\u00e5r tj\u00e4nst godk\u00e4nner du insamling och anv\u00e4ndning av information i relation till denna policy. Den personliga information som vi samlar in anv\u00e4nds f\u00f6r att tillhandah\u00e5lla och f\u00f6rb\u00e4ttra tj\u00e4nsten. Vi kommer inte att anv\u00e4nda eller dela din information med n\u00e5gon annan f\u00f6rutom som beskrivs i denna integritetspolicy.  <\/p><p><br>Termerna som anv\u00e4nds i denna integritetspolicy har samma betydelser som i v\u00e5ra villkor och best\u00e4mmelser, som \u00e4r tillg\u00e4ngliga p\u00e5 Car Electric &#8211; BLE Remote om inte annat definieras i denna integritetspolicy.<\/p><p><b>Informationsinsamling och anv\u00e4ndning<br>F\u00f6r en b\u00e4ttre upplevelse kan vi, medan du anv\u00e4nder v\u00e5r tj\u00e4nst, kr\u00e4va att du f\u00f6rser oss med viss personligt identifierbar information, inklusive men inte begr\u00e4nsat till Bluetooth, lagring, geolokalisering. Informationen som vi beg\u00e4r kommer att beh\u00e5llas av oss och anv\u00e4ndas som beskrivs i denna integritetspolicy.<\/b> <\/p><p><br>Appen anv\u00e4nder tredjepartstj\u00e4nster som kan samla in information som anv\u00e4nds f\u00f6r att identifiera dig.<br>L\u00e4nk till integritetspolicy f\u00f6r tredjepartsleverant\u00f6rer som anv\u00e4nds av appen<br>https:\/\/policies.google.com\/privacy<\/p><p><br><b>Google play services<\/b><\/p><p><b>Loggdata<br>Vi vill informera dig om att n\u00e4r du anv\u00e4nder v\u00e5r tj\u00e4nst samlar vi in data och information (genom tredjepartsprodukter) p\u00e5 din telefon som kallas loggdata i fall av ett fel i appen. Denna loggdata kan inkludera information s\u00e5som din enhets internetprotokoll (&#8221;IP&#8221;) adress, enhetsnamn, operativsystemversion, konfigurationen av appen n\u00e4r du anv\u00e4nder v\u00e5r tj\u00e4nst, tid och datum f\u00f6r din anv\u00e4ndning av tj\u00e4nsten och annan statistik.<\/b> <\/p><p><b>Cookies<\/b><br>Cookies \u00e4r filer med en liten m\u00e4ngd data som vanligtvis anv\u00e4nds som anonyma unika identifierare. Dessa skickas till din webbl\u00e4sare fr\u00e5n webbplatserna som du bes\u00f6ker och lagras i din enhets interna minne.<br>Denna tj\u00e4nst anv\u00e4nder inte dessa &#8221;cookies&#8221; explicit. Appen kan dock anv\u00e4nda tredjepartskod och bibliotek som anv\u00e4nder &#8221;cookies&#8221; f\u00f6r att samla in information och f\u00f6rb\u00e4ttra sina tj\u00e4nster. Du har m\u00f6jlighet att antingen acceptera eller avvisa dessa cookies och veta n\u00e4r en cookie skickas till din enhet. Om du v\u00e4ljer att avvisa v\u00e5ra cookies kanske du inte kan anv\u00e4nda vissa delar av denna tj\u00e4nst.    <\/p><p><b>Tj\u00e4nsteleverant\u00f6rer<br>Vi kan anlita tredjepartsf\u00f6retag och individer av f\u00f6ljande sk\u00e4l:<br>F\u00f6r att underl\u00e4tta v\u00e5r tj\u00e4nst;<br>F\u00f6r att tillhandah\u00e5lla tj\u00e4nsten f\u00f6r v\u00e5r r\u00e4kning;<br>F\u00f6r att utf\u00f6ra tj\u00e4nstrelaterade tj\u00e4nster; eller<br>F\u00f6r att hj\u00e4lpa oss att analysera hur v\u00e5r tj\u00e4nst anv\u00e4nds.<br>Vi vill informera anv\u00e4ndare av denna tj\u00e4nst att dessa tredje parter har tillg\u00e5ng till din personliga information. Anledningen \u00e4r att utf\u00f6ra de uppgifter som tilldelats dem f\u00f6r v\u00e5r r\u00e4kning. De \u00e4r dock skyldiga att inte avsl\u00f6ja eller anv\u00e4nda informationen f\u00f6r n\u00e5got annat \u00e4ndam\u00e5l.<\/b>  <\/p><p><b>S\u00e4kerhet<\/b><br>Vi v\u00e4rdes\u00e4tter ditt f\u00f6rtroende f\u00f6r att ge oss din personliga information, d\u00e4rf\u00f6r str\u00e4var vi efter att anv\u00e4nda kommersiellt acceptabla medel f\u00f6r att skydda den. Men kom ih\u00e5g att ingen metod f\u00f6r \u00f6verf\u00f6ring \u00f6ver internet eller metod f\u00f6r elektronisk lagring \u00e4r 100% s\u00e4ker och tillf\u00f6rlitlig, och vi kan inte garantera dess absoluta s\u00e4kerhet. <\/p><p><b>L\u00e4nkar till andra webbplatser<br>Denna tj\u00e4nst kan inneh\u00e5lla l\u00e4nkar till andra webbplatser. Om du klickar p\u00e5 en tredjepartsl\u00e4nk kommer du att dirigeras till den webbplatsen. Observera att dessa externa webbplatser inte drivs av oss. D\u00e4rf\u00f6r r\u00e5der vi dig starkt att granska integritetspolicyn f\u00f6r dessa webbplatser. Vi har ingen kontroll \u00f6ver och tar inget ansvar f\u00f6r inneh\u00e5llet, integritetspolicyerna eller praxis f\u00f6r tredjepartswebbplatser eller tj\u00e4nster.<\/b>    <\/p><p><b>Barns integritet<br>Dessa tj\u00e4nster riktar sig inte till n\u00e5gon under 13 \u00e5rs \u00e5lder. Vi samlar inte medvetet in personligt identifierbar information fr\u00e5n barn under 13 \u00e5r. I det fall vi uppt\u00e4cker att ett barn under 13 \u00e5r har f\u00f6rse oss med personlig information raderar vi omedelbart detta fr\u00e5n v\u00e5ra servrar. Om du \u00e4r f\u00f6r\u00e4lder eller v\u00e5rdnadshavare och du \u00e4r medveten om att ditt barn har f\u00f6rse oss med personlig information, v\u00e4nligen kontakta oss s\u00e5 att vi kan vidta n\u00f6dv\u00e4ndiga \u00e5tg\u00e4rder.<\/b>   <\/p><p><b>\u00c4ndringar av denna integritetspolicy<br>Vi kan uppdatera v\u00e5r integritetspolicy fr\u00e5n tid till annan. D\u00e4rf\u00f6r rekommenderas du att granska denna sida regelbundet f\u00f6r eventuella \u00e4ndringar. Vi kommer att meddela dig om eventuella \u00e4ndringar genom att publicera den nya integritetspolicyn p\u00e5 denna sida.<br>Denna policy g\u00e4ller fr\u00e5n och med 2022-02-28<\/b>  <\/p><p><b>Kontakta oss<br>Om du har n\u00e5gra fr\u00e5gor eller f\u00f6rslag om v\u00e5r integritetspolicy, tveka inte att kontakta oss p\u00e5 info@addio.eu.<\/b><\/p>\t\t\t\t\t\t\t\t<\/div>\n\t\t\t\t<\/div>\n\t\t\t\t<\/div>\n\t\t<div class=\"elementor-element elementor-element-1c4e995 e-con-full e-flex e-con e-child\" data-id=\"1c4e995\" data-element_type=\"container\">\n\t\t\t\t<div class=\"elementor-element elementor-element-37670bc elementor-icon-list--layout-traditional elementor-list-item-link-full_width elementor-widget elementor-widget-icon-list\" data-id=\"37670bc\" data-element_type=\"widget\" data-widget_type=\"icon-list.default\">\n\t\t\t\t<div class=\"elementor-widget-container\">\n\t\t\t\t\t\t\t<ul class=\"elementor-icon-list-items\">\n\t\t\t\t\t\t\t<li class=\"elementor-icon-list-item\">\n\t\t\t\t\t\t\t\t\t\t\t<a href=\"https:\/\/addio.eu\/cookie-policy\/\">\n\n\t\t\t\t\t\t\t\t\t\t\t\t<span class=\"elementor-icon-list-icon\">\n\t\t\t\t\t\t\t<svg xmlns=\"http:\/\/www.w3.org\/2000\/svg\" width=\"24\" height=\"24\" viewBox=\"0 0 24 24\" fill=\"none\"><path d=\"M17.9199 6.62C17.8185 6.37565 17.6243 6.18147 17.3799 6.08C17.2597 6.02876 17.1306 6.00158 16.9999 6H6.99994C6.73472 6 6.48037 6.10536 6.29283 6.29289C6.1053 6.48043 5.99994 6.73478 5.99994 7C5.99994 7.26522 6.1053 7.51957 6.29283 7.70711C6.48037 7.89464 6.73472 8 6.99994 8H14.5899L6.28994 16.29C6.19621 16.383 6.12182 16.4936 6.07105 16.6154C6.02028 16.7373 5.99414 16.868 5.99414 17C5.99414 17.132 6.02028 17.2627 6.07105 17.3846C6.12182 17.5064 6.19621 17.617 6.28994 17.71C6.3829 17.8037 6.4935 17.8781 6.61536 17.9289C6.73722 17.9797 6.86793 18.0058 6.99994 18.0058C7.13195 18.0058 7.26266 17.9797 7.38452 17.9289C7.50638 17.8781 7.61698 17.8037 7.70994 17.71L15.9999 9.41V17C15.9999 17.2652 16.1053 17.5196 16.2928 17.7071C16.4804 17.8946 16.7347 18 16.9999 18C17.2652 18 17.5195 17.8946 17.707 17.7071C17.8946 17.5196 17.9999 17.2652 17.9999 17V7C17.9984 6.86932 17.9712 6.74022 17.9199 6.62Z\" fill=\"#393939\"><\/path><\/svg>\t\t\t\t\t\t<\/span>\n\t\t\t\t\t\t\t\t\t\t<span class=\"elementor-icon-list-text\">Cookie-policy<\/span>\n\t\t\t\t\t\t\t\t\t\t\t<\/a>\n\t\t\t\t\t\t\t\t\t<\/li>\n\t\t\t\t\t\t<\/ul>\n\t\t\t\t\t\t<\/div>\n\t\t\t\t<\/div>\n\t\t\t\t<div class=\"elementor-element elementor-element-270a44c elementor-icon-list--layout-traditional elementor-list-item-link-full_width elementor-widget elementor-widget-icon-list\" data-id=\"270a44c\" data-element_type=\"widget\" data-widget_type=\"icon-list.default\">\n\t\t\t\t<div class=\"elementor-widget-container\">\n\t\t\t\t\t\t\t<ul class=\"elementor-icon-list-items\">\n\t\t\t\t\t\t\t<li class=\"elementor-icon-list-item\">\n\t\t\t\t\t\t\t\t\t\t\t<a href=\"https:\/\/addio.eu\/privacy-policy\/\">\n\n\t\t\t\t\t\t\t\t\t\t\t\t<span class=\"elementor-icon-list-icon\">\n\t\t\t\t\t\t\t<svg xmlns=\"http:\/\/www.w3.org\/2000\/svg\" width=\"24\" height=\"24\" viewBox=\"0 0 24 24\" fill=\"none\"><path d=\"M17.9199 6.62C17.8185 6.37565 17.6243 6.18147 17.3799 6.08C17.2597 6.02876 17.1306 6.00158 16.9999 6H6.99994C6.73472 6 6.48037 6.10536 6.29283 6.29289C6.1053 6.48043 5.99994 6.73478 5.99994 7C5.99994 7.26522 6.1053 7.51957 6.29283 7.70711C6.48037 7.89464 6.73472 8 6.99994 8H14.5899L6.28994 16.29C6.19621 16.383 6.12182 16.4936 6.07105 16.6154C6.02028 16.7373 5.99414 16.868 5.99414 17C5.99414 17.132 6.02028 17.2627 6.07105 17.3846C6.12182 17.5064 6.19621 17.617 6.28994 17.71C6.3829 17.8037 6.4935 17.8781 6.61536 17.9289C6.73722 17.9797 6.86793 18.0058 6.99994 18.0058C7.13195 18.0058 7.26266 17.9797 7.38452 17.9289C7.50638 17.8781 7.61698 17.8037 7.70994 17.71L15.9999 9.41V17C15.9999 17.2652 16.1053 17.5196 16.2928 17.7071C16.4804 17.8946 16.7347 18 16.9999 18C17.2652 18 17.5195 17.8946 17.707 17.7071C17.8946 17.5196 17.9999 17.2652 17.9999 17V7C17.9984 6.86932 17.9712 6.74022 17.9199 6.62Z\" fill=\"#393939\"><\/path><\/svg>\t\t\t\t\t\t<\/span>\n\t\t\t\t\t\t\t\t\t\t<span class=\"elementor-icon-list-text\">Integritetspolicy<\/span>\n\t\t\t\t\t\t\t\t\t\t\t<\/a>\n\t\t\t\t\t\t\t\t\t<\/li>\n\t\t\t\t\t\t<\/ul>\n\t\t\t\t\t\t<\/div>\n\t\t\t\t<\/div>\n\t\t\t\t<div class=\"elementor-element elementor-element-8af7789 elementor-icon-list--layout-traditional elementor-list-item-link-full_width elementor-widget elementor-widget-icon-list\" data-id=\"8af7789\" data-element_type=\"widget\" data-widget_type=\"icon-list.default\">\n\t\t\t\t<div class=\"elementor-widget-container\">\n\t\t\t\t\t\t\t<ul class=\"elementor-icon-list-items\">\n\t\t\t\t\t\t\t<li class=\"elementor-icon-list-item\">\n\t\t\t\t\t\t\t\t\t\t\t<a href=\"https:\/\/addio.eu\/terms-and-conditions\/\">\n\n\t\t\t\t\t\t\t\t\t\t\t\t<span class=\"elementor-icon-list-icon\">\n\t\t\t\t\t\t\t<svg xmlns=\"http:\/\/www.w3.org\/2000\/svg\" width=\"24\" height=\"24\" viewBox=\"0 0 24 24\" fill=\"none\"><path d=\"M17.9199 6.62C17.8185 6.37565 17.6243 6.18147 17.3799 6.08C17.2597 6.02876 17.1306 6.00158 16.9999 6H6.99994C6.73472 6 6.48037 6.10536 6.29283 6.29289C6.1053 6.48043 5.99994 6.73478 5.99994 7C5.99994 7.26522 6.1053 7.51957 6.29283 7.70711C6.48037 7.89464 6.73472 8 6.99994 8H14.5899L6.28994 16.29C6.19621 16.383 6.12182 16.4936 6.07105 16.6154C6.02028 16.7373 5.99414 16.868 5.99414 17C5.99414 17.132 6.02028 17.2627 6.07105 17.3846C6.12182 17.5064 6.19621 17.617 6.28994 17.71C6.3829 17.8037 6.4935 17.8781 6.61536 17.9289C6.73722 17.9797 6.86793 18.0058 6.99994 18.0058C7.13195 18.0058 7.26266 17.9797 7.38452 17.9289C7.50638 17.8781 7.61698 17.8037 7.70994 17.71L15.9999 9.41V17C15.9999 17.2652 16.1053 17.5196 16.2928 17.7071C16.4804 17.8946 16.7347 18 16.9999 18C17.2652 18 17.5195 17.8946 17.707 17.7071C17.8946 17.5196 17.9999 17.2652 17.9999 17V7C17.9984 6.86932 17.9712 6.74022 17.9199 6.62Z\" fill=\"#393939\"><\/path><\/svg>\t\t\t\t\t\t<\/span>\n\t\t\t\t\t\t\t\t\t\t<span class=\"elementor-icon-list-text\">Regler &amp; villkor<\/span>\n\t\t\t\t\t\t\t\t\t\t\t<\/a>\n\t\t\t\t\t\t\t\t\t<\/li>\n\t\t\t\t\t\t<\/ul>\n\t\t\t\t\t\t<\/div>\n\t\t\t\t<\/div>\n\t\t\t\t<\/div>\n\t\t\t\t<\/div>\n\t\t\t\t\t<\/div>\n\t\t\t\t<\/div>\n\t\t\t\t<\/div>\n\t\t","protected":false},"excerpt":{"rendered":"<p>Denna applikation utvecklas och underh\u00e5lls av Addio Electronics AB. Denna applikation samlar in vissa personuppgifter fr\u00e5n sina anv\u00e4ndare. Detta dokument kan skrivas ut f\u00f6r referens genom att anv\u00e4nda utskriftskommandot i inst\u00e4llningarna f\u00f6r valfri webbl\u00e4sare. PolicysammanfattningPersonuppgifter behandlas f\u00f6r f\u00f6ljande \u00e4ndam\u00e5l och med f\u00f6ljande tj\u00e4nster:Platsbaserade interaktionerGeolokalisering och icke-kontinuerlig geolokaliseringPersonuppgifter: geografisk position Fullst\u00e4ndig policyAddio Electronics AB byggde appen [&hellip;]<\/p>\n","protected":false},"author":1,"featured_media":0,"parent":0,"menu_order":0,"comment_status":"closed","ping_status":"closed","template":"","meta":{"footnotes":""},"class_list":["post-9028","page","type-page","status-publish","hentry"],"yoast_head":"<!-- This site is optimized with the Yoast SEO plugin v26.0 - https:\/\/yoast.com\/wordpress\/plugins\/seo\/ -->\n<title>Integritetspolicy f\u00f6r &quot;car electric - BLE remote&quot; - Addio Electronics<\/title>\n<meta name=\"robots\" content=\"index, follow, max-snippet:-1, max-image-preview:large, max-video-preview:-1\" \/>\n<link rel=\"canonical\" href=\"https:\/\/addio.eu\/sv\/integritetspolicy-for-car-electric-ble-remote\/\" \/>\n<meta property=\"og:locale\" content=\"sv_SE\" \/>\n<meta property=\"og:type\" content=\"article\" \/>\n<meta property=\"og:title\" content=\"Integritetspolicy f\u00f6r &quot;car electric - BLE remote&quot; - Addio Electronics\" \/>\n<meta property=\"og:description\" content=\"Denna applikation utvecklas och underh\u00e5lls av Addio Electronics AB. Denna applikation samlar in vissa personuppgifter fr\u00e5n sina anv\u00e4ndare. Detta dokument kan skrivas ut f\u00f6r referens genom att anv\u00e4nda utskriftskommandot i inst\u00e4llningarna f\u00f6r valfri webbl\u00e4sare. PolicysammanfattningPersonuppgifter behandlas f\u00f6r f\u00f6ljande \u00e4ndam\u00e5l och med f\u00f6ljande tj\u00e4nster:Platsbaserade interaktionerGeolokalisering och icke-kontinuerlig geolokaliseringPersonuppgifter: geografisk position Fullst\u00e4ndig policyAddio Electronics AB byggde appen [&hellip;]\" \/>\n<meta property=\"og:url\" content=\"https:\/\/addio.eu\/sv\/integritetspolicy-for-car-electric-ble-remote\/\" \/>\n<meta property=\"og:site_name\" content=\"Addio Electronics\" \/>\n<meta property=\"article:publisher\" content=\"https:\/\/www.facebook.com\/AddioElectronicsAB\/\" \/>\n<meta property=\"article:modified_time\" content=\"2025-10-07T11:23:47+00:00\" \/>\n<meta name=\"twitter:card\" content=\"summary_large_image\" \/>\n<meta name=\"twitter:label1\" content=\"Ber\u00e4knad l\u00e4stid\" \/>\n\t<meta name=\"twitter:data1\" content=\"5 minut\" \/>\n<script type=\"application\/ld+json\" class=\"yoast-schema-graph\">{\"@context\":\"https:\/\/schema.org\",\"@graph\":[{\"@type\":\"WebPage\",\"@id\":\"https:\/\/addio.eu\/sv\/integritetspolicy-for-car-electric-ble-remote\/\",\"url\":\"https:\/\/addio.eu\/sv\/integritetspolicy-for-car-electric-ble-remote\/\",\"name\":\"Integritetspolicy f\u00f6r \\\"car electric - BLE remote\\\" - Addio Electronics\",\"isPartOf\":{\"@id\":\"https:\/\/addio.eu\/sv\/#website\"},\"datePublished\":\"2025-04-03T08:20:46+00:00\",\"dateModified\":\"2025-10-07T11:23:47+00:00\",\"breadcrumb\":{\"@id\":\"https:\/\/addio.eu\/sv\/integritetspolicy-for-car-electric-ble-remote\/#breadcrumb\"},\"inLanguage\":\"sv-SE\",\"potentialAction\":[{\"@type\":\"ReadAction\",\"target\":[\"https:\/\/addio.eu\/sv\/integritetspolicy-for-car-electric-ble-remote\/\"]}]},{\"@type\":\"BreadcrumbList\",\"@id\":\"https:\/\/addio.eu\/sv\/integritetspolicy-for-car-electric-ble-remote\/#breadcrumb\",\"itemListElement\":[{\"@type\":\"ListItem\",\"position\":1,\"name\":\"Home\",\"item\":\"https:\/\/addio.eu\/sv\/addios-startsida\/\"},{\"@type\":\"ListItem\",\"position\":2,\"name\":\"Integritetspolicy f\u00f6r &#8221;car electric &#8211; BLE remote&#8221;\"}]},{\"@type\":\"WebSite\",\"@id\":\"https:\/\/addio.eu\/sv\/#website\",\"url\":\"https:\/\/addio.eu\/sv\/\",\"name\":\"addio.eu\",\"description\":\"\",\"publisher\":{\"@id\":\"https:\/\/addio.eu\/sv\/#organization\"},\"potentialAction\":[{\"@type\":\"SearchAction\",\"target\":{\"@type\":\"EntryPoint\",\"urlTemplate\":\"https:\/\/addio.eu\/sv\/?s={search_term_string}\"},\"query-input\":{\"@type\":\"PropertyValueSpecification\",\"valueRequired\":true,\"valueName\":\"search_term_string\"}}],\"inLanguage\":\"sv-SE\"},{\"@type\":\"Organization\",\"@id\":\"https:\/\/addio.eu\/sv\/#organization\",\"name\":\"Addio electronics\",\"url\":\"https:\/\/addio.eu\/sv\/\",\"logo\":{\"@type\":\"ImageObject\",\"inLanguage\":\"sv-SE\",\"@id\":\"https:\/\/addio.eu\/sv\/#\/schema\/logo\/image\/\",\"url\":\"https:\/\/addio.eu\/wp-content\/uploads\/2024\/10\/Lager_1-1.svg\",\"contentUrl\":\"https:\/\/addio.eu\/wp-content\/uploads\/2024\/10\/Lager_1-1.svg\",\"caption\":\"Addio electronics\"},\"image\":{\"@id\":\"https:\/\/addio.eu\/sv\/#\/schema\/logo\/image\/\"},\"sameAs\":[\"https:\/\/www.facebook.com\/AddioElectronicsAB\/\",\"https:\/\/www.linkedin.com\/company\/addio-electronics-ab\"]}]}<\/script>\n<!-- \/ Yoast SEO plugin. -->","yoast_head_json":{"title":"Integritetspolicy f\u00f6r \"car electric - BLE remote\" - Addio Electronics","robots":{"index":"index","follow":"follow","max-snippet":"max-snippet:-1","max-image-preview":"max-image-preview:large","max-video-preview":"max-video-preview:-1"},"canonical":"https:\/\/addio.eu\/sv\/integritetspolicy-for-car-electric-ble-remote\/","og_locale":"sv_SE","og_type":"article","og_title":"Integritetspolicy f\u00f6r \"car electric - BLE remote\" - Addio Electronics","og_description":"Denna applikation utvecklas och underh\u00e5lls av Addio Electronics AB. Denna applikation samlar in vissa personuppgifter fr\u00e5n sina anv\u00e4ndare. Detta dokument kan skrivas ut f\u00f6r referens genom att anv\u00e4nda utskriftskommandot i inst\u00e4llningarna f\u00f6r valfri webbl\u00e4sare. PolicysammanfattningPersonuppgifter behandlas f\u00f6r f\u00f6ljande \u00e4ndam\u00e5l och med f\u00f6ljande tj\u00e4nster:Platsbaserade interaktionerGeolokalisering och icke-kontinuerlig geolokaliseringPersonuppgifter: geografisk position Fullst\u00e4ndig policyAddio Electronics AB byggde appen [&hellip;]","og_url":"https:\/\/addio.eu\/sv\/integritetspolicy-for-car-electric-ble-remote\/","og_site_name":"Addio Electronics","article_publisher":"https:\/\/www.facebook.com\/AddioElectronicsAB\/","article_modified_time":"2025-10-07T11:23:47+00:00","twitter_card":"summary_large_image","twitter_misc":{"Ber\u00e4knad l\u00e4stid":"5 minut"},"schema":{"@context":"https:\/\/schema.org","@graph":[{"@type":"WebPage","@id":"https:\/\/addio.eu\/sv\/integritetspolicy-for-car-electric-ble-remote\/","url":"https:\/\/addio.eu\/sv\/integritetspolicy-for-car-electric-ble-remote\/","name":"Integritetspolicy f\u00f6r \"car electric - BLE remote\" - Addio Electronics","isPartOf":{"@id":"https:\/\/addio.eu\/sv\/#website"},"datePublished":"2025-04-03T08:20:46+00:00","dateModified":"2025-10-07T11:23:47+00:00","breadcrumb":{"@id":"https:\/\/addio.eu\/sv\/integritetspolicy-for-car-electric-ble-remote\/#breadcrumb"},"inLanguage":"sv-SE","potentialAction":[{"@type":"ReadAction","target":["https:\/\/addio.eu\/sv\/integritetspolicy-for-car-electric-ble-remote\/"]}]},{"@type":"BreadcrumbList","@id":"https:\/\/addio.eu\/sv\/integritetspolicy-for-car-electric-ble-remote\/#breadcrumb","itemListElement":[{"@type":"ListItem","position":1,"name":"Home","item":"https:\/\/addio.eu\/sv\/addios-startsida\/"},{"@type":"ListItem","position":2,"name":"Integritetspolicy f\u00f6r &#8221;car electric &#8211; BLE remote&#8221;"}]},{"@type":"WebSite","@id":"https:\/\/addio.eu\/sv\/#website","url":"https:\/\/addio.eu\/sv\/","name":"addio.eu","description":"","publisher":{"@id":"https:\/\/addio.eu\/sv\/#organization"},"potentialAction":[{"@type":"SearchAction","target":{"@type":"EntryPoint","urlTemplate":"https:\/\/addio.eu\/sv\/?s={search_term_string}"},"query-input":{"@type":"PropertyValueSpecification","valueRequired":true,"valueName":"search_term_string"}}],"inLanguage":"sv-SE"},{"@type":"Organization","@id":"https:\/\/addio.eu\/sv\/#organization","name":"Addio electronics","url":"https:\/\/addio.eu\/sv\/","logo":{"@type":"ImageObject","inLanguage":"sv-SE","@id":"https:\/\/addio.eu\/sv\/#\/schema\/logo\/image\/","url":"https:\/\/addio.eu\/wp-content\/uploads\/2024\/10\/Lager_1-1.svg","contentUrl":"https:\/\/addio.eu\/wp-content\/uploads\/2024\/10\/Lager_1-1.svg","caption":"Addio electronics"},"image":{"@id":"https:\/\/addio.eu\/sv\/#\/schema\/logo\/image\/"},"sameAs":["https:\/\/www.facebook.com\/AddioElectronicsAB\/","https:\/\/www.linkedin.com\/company\/addio-electronics-ab"]}]}},"_links":{"self":[{"href":"https:\/\/addio.eu\/sv\/wp-json\/wp\/v2\/pages\/9028","targetHints":{"allow":["GET"]}}],"collection":[{"href":"https:\/\/addio.eu\/sv\/wp-json\/wp\/v2\/pages"}],"about":[{"href":"https:\/\/addio.eu\/sv\/wp-json\/wp\/v2\/types\/page"}],"author":[{"embeddable":true,"href":"https:\/\/addio.eu\/sv\/wp-json\/wp\/v2\/users\/1"}],"replies":[{"embeddable":true,"href":"https:\/\/addio.eu\/sv\/wp-json\/wp\/v2\/comments?post=9028"}],"version-history":[{"count":1,"href":"https:\/\/addio.eu\/sv\/wp-json\/wp\/v2\/pages\/9028\/revisions"}],"predecessor-version":[{"id":9029,"href":"https:\/\/addio.eu\/sv\/wp-json\/wp\/v2\/pages\/9028\/revisions\/9029"}],"wp:attachment":[{"href":"https:\/\/addio.eu\/sv\/wp-json\/wp\/v2\/media?parent=9028"}],"curies":[{"name":"wp","href":"https:\/\/api.w.org\/{rel}","templated":true}]}}