{"id":8484,"date":"2024-10-18T18:10:36","date_gmt":"2024-10-18T18:10:36","guid":{"rendered":"https:\/\/addio.eu\/cookie-policy\/"},"modified":"2025-10-07T11:17:34","modified_gmt":"2025-10-07T11:17:34","slug":"cookie-policy","status":"publish","type":"page","link":"https:\/\/addio.eu\/sv\/cookie-policy\/","title":{"rendered":"Cookie-policy"},"content":{"rendered":"\t\t<div data-elementor-type=\"wp-page\" data-elementor-id=\"8484\" class=\"elementor elementor-8484 elementor-2366\" data-elementor-post-type=\"page\">\n\t\t\t\t<div class=\"elementor-element elementor-element-482efb4 e-flex e-con-boxed e-con e-parent\" data-id=\"482efb4\" data-element_type=\"container\">\n\t\t\t\t\t<div class=\"e-con-inner\">\n\t\t<div class=\"elementor-element elementor-element-4abc206 e-con-full e-flex e-con e-child\" data-id=\"4abc206\" data-element_type=\"container\">\n\t\t<div class=\"elementor-element elementor-element-79a61e0 e-con-full e-flex e-con e-child\" data-id=\"79a61e0\" data-element_type=\"container\">\n\t\t\t\t<div class=\"elementor-element elementor-element-2ef6fc3 elementor-widget elementor-widget-text-editor\" data-id=\"2ef6fc3\" data-element_type=\"widget\" data-widget_type=\"text-editor.default\">\n\t\t\t\t<div class=\"elementor-widget-container\">\n\t\t\t\t\t\t\t\t\t<p><strong>Uppdaterad 30 september<\/strong><\/p><p><strong>P\u00e5 Addio anv\u00e4nder vi cookies och liknande sp\u00e5rningstekniker p\u00e5 v\u00e5r webbplats (https:\/\/addio.eu) f\u00f6r att f\u00f6rb\u00e4ttra din upplevelse, analysera anv\u00e4ndningen och s\u00e4kerst\u00e4lla att v\u00e5ra tj\u00e4nster fungerar effektivt. Denna cookiepolicy f\u00f6rklarar vad cookies \u00e4r, hur vi anv\u00e4nder dem, dina valm\u00f6jligheter g\u00e4llande deras anv\u00e4ndning och hur du kan hantera dina cookie-inst\u00e4llningar. <\/strong><\/p><p><strong>1. Vad \u00e4r cookies?<\/strong><br>Cookies \u00e4r sm\u00e5 textfiler som lagras p\u00e5 din enhet (dator, surfplatta eller smarttelefon) n\u00e4r du bes\u00f6ker en webbplats. De g\u00f6r det m\u00f6jligt f\u00f6r webbplatsen att komma ih\u00e5g dina handlingar och preferenser (som inloggningsuppgifter, spr\u00e5k och visningsinst\u00e4llningar) under en viss tid, s\u00e5 du beh\u00f6ver inte ange dem igen varje g\u00e5ng du bes\u00f6ker webbplatsen eller bl\u00e4ddrar mellan sidor.<br>Det finns olika typer av cookies som vi anv\u00e4nder p\u00e5 v\u00e5r webbplats, och var och en har ett specifikt syfte. <\/p><p><strong>2. Typer av cookies vi anv\u00e4nder<\/strong><br>\n  <strong>2.1 N\u00f6dv\u00e4ndiga cookies<br>Dessa cookies \u00e4r n\u00f6dv\u00e4ndiga f\u00f6r att webbplatsen ska fungera korrekt. Utan dem kanske du inte kan anv\u00e4nda vissa funktioner, som att komma \u00e5t s\u00e4kra omr\u00e5den p\u00e5 webbplatsen eller slutf\u00f6ra transaktioner.\u2028Exempel inkluderar:<\/strong>\n<\/p><ul><li>Cookies f\u00f6r sessionshantering f\u00f6r att du ska kunna logga in och anv\u00e4nda kundportalen.<\/li><li>Cookies f\u00f6r att uppr\u00e4tth\u00e5lla s\u00e4kerheten och integriteten f\u00f6r v\u00e5ra tj\u00e4nster.<br><br><\/li><\/ul><p><strong>2.2 Prestanda- och analyscookies<\/strong><br>Dessa cookies hj\u00e4lper oss att f\u00f6rst\u00e5 hur bes\u00f6kare interagerar med v\u00e5r webbplats genom att samla in information anonymt. Vi anv\u00e4nder dessa cookies f\u00f6r att analysera bes\u00f6karnas beteende, sp\u00e5ra anv\u00e4ndningsm\u00f6nster och f\u00f6rb\u00e4ttra webbplatsens \u00f6vergripande funktionalitet och prestanda.\u2028Exempel inkluderar:<\/p><ul><li>Google Analytics-cookies f\u00f6r att sp\u00e5ra webbplatstrafik och anv\u00e4ndningstrender.<br><br><\/li><\/ul><p><strong>2.3 Funktionscookies<\/strong><br>Funktionscookies g\u00f6r det m\u00f6jligt f\u00f6r oss att komma ih\u00e5g dina preferenser och tillhandah\u00e5lla personliga funktioner. Dessa cookies hj\u00e4lper till att f\u00f6rb\u00e4ttra anv\u00e4ndarupplevelsen genom att komma ih\u00e5g val du har gjort, som spr\u00e5kinst\u00e4llningar eller tidigare shoppingpreferenser. <\/p><p><br><strong>2..4 Annons- och inriktningscookies<br>Dessa cookies anv\u00e4nds f\u00f6r att leverera relevanta annonser till dig baserat p\u00e5 dina intressen. De sp\u00e5rar dina surfvanor och g\u00f6r det m\u00f6jligt f\u00f6r oss att f\u00f6rse dig med riktade annonser p\u00e5 v\u00e5r webbplats eller plattformar fr\u00e5n tredje part. Dessa cookies begr\u00e4nsar ocks\u00e5 antalet g\u00e5nger du ser en annons och hj\u00e4lper till att m\u00e4ta effektiviteten av v\u00e5ra reklamkampanjer.<\/strong>  <\/p><p><strong>2.5 Tredjepartscookies<\/strong><br>Vi kan till\u00e5ta tredjepartsleverant\u00f6rer, som Google, att placera cookies p\u00e5 din enhet f\u00f6r analys- och annonserings\u00e4ndam\u00e5l. Dessa tredjepartscookies omfattas av deras egna sekretess- och cookiepolicyer, och vi har ingen kontroll \u00f6ver den information de samlar in. <\/p><p><strong>3. Hur vi anv\u00e4nder cookies<br>Vi anv\u00e4nder cookies av olika sk\u00e4l, inklusive:<\/strong><\/p><ul><li>F\u00f6r att komma ih\u00e5g din inloggningsinformation och h\u00e5lla dig inloggad.<\/li><li>F\u00f6r att underl\u00e4tta behandlingen av dina best\u00e4llningar och s\u00e4kerst\u00e4lla s\u00e4kerheten f\u00f6r v\u00e5ra transaktioner.<\/li><li>F\u00f6r att analysera och f\u00f6rb\u00e4ttra prestandan och designen p\u00e5 v\u00e5r webbplats.<\/li><li>F\u00f6r att f\u00f6rst\u00e5 hur anv\u00e4ndare interagerar med v\u00e5r webbplats och f\u00f6rb\u00e4ttra anv\u00e4ndbarheten.<\/li><li>F\u00f6r att visa personligt inneh\u00e5ll och annonser baserat p\u00e5 ditt surfbeteende.<br><br><\/li><\/ul><p><strong>4. Dina valm\u00f6jligheter g\u00e4llande cookies<\/strong><br>Du har r\u00e4tt att acceptera eller avvisa cookies p\u00e5 v\u00e5r webbplats. Vid ditt f\u00f6rsta bes\u00f6k p\u00e5 v\u00e5r webbplats kommer du att presenteras med en cookie-samtyckesbanner som l\u00e5ter dig hantera dina preferenser.\u2028 <\/p><p><strong>4.1 Hantera cookie-inst\u00e4llningar<br>Du kan hantera eller inaktivera cookies n\u00e4r som helst genom att justera inst\u00e4llningarna i din webbl\u00e4sare. Varje webbl\u00e4sare erbjuder olika s\u00e4tt att konfigurera cookie-inst\u00e4llningar. Nedan finns l\u00e4nkar f\u00f6r att hantera cookies i popul\u00e4ra webbl\u00e4sare:<\/strong>  <\/p><ul><li>Google Chrome<\/li><li><a href=\"https:\/\/support.mozilla.org\/en-US\/kb\/enable-and-disable-cookies-website-preferences\">M<\/a><a href=\"https:\/\/support.mozilla.org\/en-US\/kb\/enable-and-disable-cookies-website-preferences\">ozilla Firefox<\/a><\/li><li><a href=\"https:\/\/support.apple.com\/guide\/safari\/manage-cookies-and-website-data-sfri11471\/mac\">Apple Safari<\/a><\/li><li><a href=\"https:\/\/support.microsoft.com\/en-us\/help\/4027947\/microsoft-edge-delete-cookies\">Microsoft Edge<\/a><\/li><\/ul><p>Observera att inaktivering av cookies kan p\u00e5verka funktionaliteten p\u00e5 v\u00e5r webbplats, och du kanske inte kan komma \u00e5t vissa funktioner.\u2028<br>\n  <br>\n    <strong>4.2 \u00c5terkalla cookie-samtycke<br>Om du tidigare har samtyckt till anv\u00e4ndningen av cookies och vill \u00e5terkalla ditt samtycke kan du g\u00f6ra det genom att rensa de cookies som lagras i dina webbl\u00e4sarinst\u00e4llningar eller genom att justera dina cookie-inst\u00e4llningar via popup-f\u00f6nstret f\u00f6r cookie-inst\u00e4llningar p\u00e5 v\u00e5r webbplats.<\/strong>\n  \n<\/p><p><strong>5 Tredjepartstj\u00e4nster<\/strong><br>Vi anv\u00e4nder tredjepartstj\u00e4nsteleverant\u00f6rer som Google Analytics f\u00f6r att hj\u00e4lpa oss att f\u00f6rst\u00e5 hur bes\u00f6kare anv\u00e4nder v\u00e5r webbplats. Dessa tredjepartstj\u00e4nster kan ocks\u00e5 anv\u00e4nda cookies f\u00f6r att samla in anonym data, som antalet bes\u00f6kare p\u00e5 webbplatsen och popul\u00e4ra sidor.<br>F\u00f6r mer information om hur Google samlar in och behandlar data via sina cookies kan du bes\u00f6ka deras sekretesspolicy p\u00e5 <a href=\"https:\/\/policies.google.com\/privacy.\">https:\/\/policies.google.com\/privacy.<\/a> <\/p><p><strong>6 Uppdatering av denna cookiepolicy<\/strong><br>Vi kan uppdatera denna cookiepolicy fr\u00e5n tid till annan f\u00f6r att \u00e5terspegla f\u00f6r\u00e4ndringar i v\u00e5ra metoder f\u00f6r cookie-anv\u00e4ndning eller av juridiska sk\u00e4l. N\u00e4r vi g\u00f6r v\u00e4sentliga \u00e4ndringar kommer vi att publicera en uppdaterad version av denna policy p\u00e5 v\u00e5r webbplats med ett reviderat ikrafttr\u00e4dandedatum.<br>Vi uppmanar dig att granska denna policy regelbundet f\u00f6r att h\u00e5lla dig informerad om hur vi anv\u00e4nder cookies och dina relaterade val. <\/p><p><strong>6 Kontakta oss<\/strong><br>Om du har n\u00e5gra fr\u00e5gor eller funderingar om v\u00e5r anv\u00e4ndning av cookies eller denna cookiepolicy, v\u00e4nligen kontakta oss p\u00e5:<\/p><p><strong>Addio <br>E-post: <a href=\"mailto:info@addio.eu\">info@addio.eu<\/a><\/strong><\/p>\t\t\t\t\t\t\t\t<\/div>\n\t\t\t\t<\/div>\n\t\t\t\t<\/div>\n\t\t<div class=\"elementor-element elementor-element-a36d95e e-con-full e-flex e-con e-child\" data-id=\"a36d95e\" data-element_type=\"container\">\n\t\t\t\t<div class=\"elementor-element elementor-element-5cc2df3 elementor-icon-list--layout-traditional elementor-list-item-link-full_width elementor-widget elementor-widget-icon-list\" data-id=\"5cc2df3\" data-element_type=\"widget\" data-widget_type=\"icon-list.default\">\n\t\t\t\t<div class=\"elementor-widget-container\">\n\t\t\t\t\t\t\t<ul class=\"elementor-icon-list-items\">\n\t\t\t\t\t\t\t<li class=\"elementor-icon-list-item\">\n\t\t\t\t\t\t\t\t\t\t\t<span class=\"elementor-icon-list-icon\">\n\t\t\t\t\t\t\t<svg xmlns=\"http:\/\/www.w3.org\/2000\/svg\" width=\"34\" height=\"34\" viewBox=\"0 0 34 34\" fill=\"none\"><g clip-path=\"url(#clip0_102_8520)\"><path d=\"M8.9802 16.6182C8.87917 16.8627 8.87917 17.1373 8.9802 17.3818C9.02898 17.5031 9.10105 17.6136 9.19233 17.7071L16.2634 24.7782C16.4509 24.9657 16.7053 25.0711 16.9705 25.0711C17.2357 25.0711 17.4901 24.9657 17.6776 24.7782C17.8652 24.5906 17.9705 24.3363 17.9705 24.0711C17.9705 23.8058 17.8652 23.5515 17.6776 23.364L12.3107 17.997L24.0416 18.0041C24.1736 18.0046 24.3044 17.979 24.4265 17.9288C24.5485 17.8785 24.6594 17.8046 24.7528 17.7112C24.8461 17.6179 24.9201 17.507 24.9703 17.3849C25.0206 17.2628 25.0462 17.132 25.0457 17C25.0462 16.868 25.0206 16.7372 24.9703 16.6151C24.9201 16.493 24.8461 16.3821 24.7528 16.2888C24.6594 16.1954 24.5485 16.1215 24.4265 16.0712C24.3044 16.021 24.1736 15.9954 24.0416 15.9959L12.3107 16.003L17.6776 10.636C17.8652 10.4485 17.9705 10.1941 17.9705 9.92893C17.9705 9.66371 17.8652 9.40936 17.6776 9.22182C17.4901 9.03429 17.2357 8.92893 16.9705 8.92893C16.7053 8.92893 16.4509 9.03429 16.2634 9.22182L9.19233 16.2929C9.10105 16.3864 9.02898 16.4969 8.9802 16.6182Z\" fill=\"#00DB72\"><\/path><\/g><defs><clipPath id=\"clip0_102_8520\"><rect width=\"24\" height=\"24\" fill=\"white\" transform=\"translate(16.9707 33.9706) rotate(-135)\"><\/rect><\/clipPath><\/defs><\/svg>\t\t\t\t\t\t<\/span>\n\t\t\t\t\t\t\t\t\t\t<span class=\"elementor-icon-list-text\">Cookie-policy<\/span>\n\t\t\t\t\t\t\t\t\t<\/li>\n\t\t\t\t\t\t<\/ul>\n\t\t\t\t\t\t<\/div>\n\t\t\t\t<\/div>\n\t\t\t\t<div class=\"elementor-element elementor-element-8a5470c elementor-icon-list--layout-traditional elementor-list-item-link-full_width elementor-widget elementor-widget-icon-list\" data-id=\"8a5470c\" data-element_type=\"widget\" data-widget_type=\"icon-list.default\">\n\t\t\t\t<div class=\"elementor-widget-container\">\n\t\t\t\t\t\t\t<ul class=\"elementor-icon-list-items\">\n\t\t\t\t\t\t\t<li class=\"elementor-icon-list-item\">\n\t\t\t\t\t\t\t\t\t\t\t<a href=\"https:\/\/addio.eu\/privacy-policy\/\">\n\n\t\t\t\t\t\t\t\t\t\t\t\t<span class=\"elementor-icon-list-icon\">\n\t\t\t\t\t\t\t<svg xmlns=\"http:\/\/www.w3.org\/2000\/svg\" width=\"24\" height=\"24\" viewBox=\"0 0 24 24\" fill=\"none\"><path d=\"M17.9199 6.62C17.8185 6.37565 17.6243 6.18147 17.3799 6.08C17.2597 6.02876 17.1306 6.00158 16.9999 6H6.99994C6.73472 6 6.48037 6.10536 6.29283 6.29289C6.1053 6.48043 5.99994 6.73478 5.99994 7C5.99994 7.26522 6.1053 7.51957 6.29283 7.70711C6.48037 7.89464 6.73472 8 6.99994 8H14.5899L6.28994 16.29C6.19621 16.383 6.12182 16.4936 6.07105 16.6154C6.02028 16.7373 5.99414 16.868 5.99414 17C5.99414 17.132 6.02028 17.2627 6.07105 17.3846C6.12182 17.5064 6.19621 17.617 6.28994 17.71C6.3829 17.8037 6.4935 17.8781 6.61536 17.9289C6.73722 17.9797 6.86793 18.0058 6.99994 18.0058C7.13195 18.0058 7.26266 17.9797 7.38452 17.9289C7.50638 17.8781 7.61698 17.8037 7.70994 17.71L15.9999 9.41V17C15.9999 17.2652 16.1053 17.5196 16.2928 17.7071C16.4804 17.8946 16.7347 18 16.9999 18C17.2652 18 17.5195 17.8946 17.707 17.7071C17.8946 17.5196 17.9999 17.2652 17.9999 17V7C17.9984 6.86932 17.9712 6.74022 17.9199 6.62Z\" fill=\"#393939\"><\/path><\/svg>\t\t\t\t\t\t<\/span>\n\t\t\t\t\t\t\t\t\t\t<span class=\"elementor-icon-list-text\">Integritetspolicy<\/span>\n\t\t\t\t\t\t\t\t\t\t\t<\/a>\n\t\t\t\t\t\t\t\t\t<\/li>\n\t\t\t\t\t\t<\/ul>\n\t\t\t\t\t\t<\/div>\n\t\t\t\t<\/div>\n\t\t\t\t<div class=\"elementor-element elementor-element-4fc5578 elementor-icon-list--layout-traditional elementor-list-item-link-full_width elementor-widget elementor-widget-icon-list\" data-id=\"4fc5578\" data-element_type=\"widget\" data-widget_type=\"icon-list.default\">\n\t\t\t\t<div class=\"elementor-widget-container\">\n\t\t\t\t\t\t\t<ul class=\"elementor-icon-list-items\">\n\t\t\t\t\t\t\t<li class=\"elementor-icon-list-item\">\n\t\t\t\t\t\t\t\t\t\t\t<a href=\"https:\/\/addio.eu\/terms-and-conditions\/\">\n\n\t\t\t\t\t\t\t\t\t\t\t\t<span class=\"elementor-icon-list-icon\">\n\t\t\t\t\t\t\t<svg xmlns=\"http:\/\/www.w3.org\/2000\/svg\" width=\"24\" height=\"24\" viewBox=\"0 0 24 24\" fill=\"none\"><path d=\"M17.9199 6.62C17.8185 6.37565 17.6243 6.18147 17.3799 6.08C17.2597 6.02876 17.1306 6.00158 16.9999 6H6.99994C6.73472 6 6.48037 6.10536 6.29283 6.29289C6.1053 6.48043 5.99994 6.73478 5.99994 7C5.99994 7.26522 6.1053 7.51957 6.29283 7.70711C6.48037 7.89464 6.73472 8 6.99994 8H14.5899L6.28994 16.29C6.19621 16.383 6.12182 16.4936 6.07105 16.6154C6.02028 16.7373 5.99414 16.868 5.99414 17C5.99414 17.132 6.02028 17.2627 6.07105 17.3846C6.12182 17.5064 6.19621 17.617 6.28994 17.71C6.3829 17.8037 6.4935 17.8781 6.61536 17.9289C6.73722 17.9797 6.86793 18.0058 6.99994 18.0058C7.13195 18.0058 7.26266 17.9797 7.38452 17.9289C7.50638 17.8781 7.61698 17.8037 7.70994 17.71L15.9999 9.41V17C15.9999 17.2652 16.1053 17.5196 16.2928 17.7071C16.4804 17.8946 16.7347 18 16.9999 18C17.2652 18 17.5195 17.8946 17.707 17.7071C17.8946 17.5196 17.9999 17.2652 17.9999 17V7C17.9984 6.86932 17.9712 6.74022 17.9199 6.62Z\" fill=\"#393939\"><\/path><\/svg>\t\t\t\t\t\t<\/span>\n\t\t\t\t\t\t\t\t\t\t<span class=\"elementor-icon-list-text\">Regler &amp; villkor<\/span>\n\t\t\t\t\t\t\t\t\t\t\t<\/a>\n\t\t\t\t\t\t\t\t\t<\/li>\n\t\t\t\t\t\t<\/ul>\n\t\t\t\t\t\t<\/div>\n\t\t\t\t<\/div>\n\t\t\t\t<\/div>\n\t\t\t\t<\/div>\n\t\t\t\t\t<\/div>\n\t\t\t\t<\/div>\n\t\t\t\t<\/div>\n\t\t","protected":false},"excerpt":{"rendered":"<p>Uppdaterad 30 september P\u00e5 Addio anv\u00e4nder vi cookies och liknande sp\u00e5rningstekniker p\u00e5 v\u00e5r webbplats (https:\/\/addio.eu) f\u00f6r att f\u00f6rb\u00e4ttra din upplevelse, analysera anv\u00e4ndningen och s\u00e4kerst\u00e4lla att v\u00e5ra tj\u00e4nster fungerar effektivt. Denna cookiepolicy f\u00f6rklarar vad cookies \u00e4r, hur vi anv\u00e4nder dem, dina valm\u00f6jligheter g\u00e4llande deras anv\u00e4ndning och hur du kan hantera dina cookie-inst\u00e4llningar. 1. Vad \u00e4r cookies?Cookies [&hellip;]<\/p>\n","protected":false},"author":3,"featured_media":0,"parent":0,"menu_order":0,"comment_status":"closed","ping_status":"closed","template":"","meta":{"footnotes":""},"class_list":["post-8484","page","type-page","status-publish","hentry"],"yoast_head":"<!-- This site is optimized with the Yoast SEO plugin v26.0 - https:\/\/yoast.com\/wordpress\/plugins\/seo\/ -->\n<title>Cookie-policy - Addio Electronics<\/title>\n<meta name=\"robots\" content=\"index, follow, max-snippet:-1, max-image-preview:large, max-video-preview:-1\" \/>\n<link rel=\"canonical\" href=\"https:\/\/addio.eu\/sv\/cookie-policy\/\" \/>\n<meta property=\"og:locale\" content=\"sv_SE\" \/>\n<meta property=\"og:type\" content=\"article\" \/>\n<meta property=\"og:title\" content=\"Cookie-policy - Addio Electronics\" \/>\n<meta property=\"og:description\" content=\"Uppdaterad 30 september P\u00e5 Addio anv\u00e4nder vi cookies och liknande sp\u00e5rningstekniker p\u00e5 v\u00e5r webbplats (https:\/\/addio.eu) f\u00f6r att f\u00f6rb\u00e4ttra din upplevelse, analysera anv\u00e4ndningen och s\u00e4kerst\u00e4lla att v\u00e5ra tj\u00e4nster fungerar effektivt. Denna cookiepolicy f\u00f6rklarar vad cookies \u00e4r, hur vi anv\u00e4nder dem, dina valm\u00f6jligheter g\u00e4llande deras anv\u00e4ndning och hur du kan hantera dina cookie-inst\u00e4llningar. 1. Vad \u00e4r cookies?Cookies [&hellip;]\" \/>\n<meta property=\"og:url\" content=\"https:\/\/addio.eu\/sv\/cookie-policy\/\" \/>\n<meta property=\"og:site_name\" content=\"Addio Electronics\" \/>\n<meta property=\"article:publisher\" content=\"https:\/\/www.facebook.com\/AddioElectronicsAB\/\" \/>\n<meta property=\"article:modified_time\" content=\"2025-10-07T11:17:34+00:00\" \/>\n<meta name=\"twitter:card\" content=\"summary_large_image\" \/>\n<meta name=\"twitter:label1\" content=\"Ber\u00e4knad l\u00e4stid\" \/>\n\t<meta name=\"twitter:data1\" content=\"5 minut\" \/>\n<script type=\"application\/ld+json\" class=\"yoast-schema-graph\">{\"@context\":\"https:\/\/schema.org\",\"@graph\":[{\"@type\":\"WebPage\",\"@id\":\"https:\/\/addio.eu\/sv\/cookie-policy\/\",\"url\":\"https:\/\/addio.eu\/sv\/cookie-policy\/\",\"name\":\"Cookie-policy - Addio Electronics\",\"isPartOf\":{\"@id\":\"https:\/\/addio.eu\/sv\/#website\"},\"datePublished\":\"2024-10-18T18:10:36+00:00\",\"dateModified\":\"2025-10-07T11:17:34+00:00\",\"breadcrumb\":{\"@id\":\"https:\/\/addio.eu\/sv\/cookie-policy\/#breadcrumb\"},\"inLanguage\":\"sv-SE\",\"potentialAction\":[{\"@type\":\"ReadAction\",\"target\":[\"https:\/\/addio.eu\/sv\/cookie-policy\/\"]}]},{\"@type\":\"BreadcrumbList\",\"@id\":\"https:\/\/addio.eu\/sv\/cookie-policy\/#breadcrumb\",\"itemListElement\":[{\"@type\":\"ListItem\",\"position\":1,\"name\":\"Home\",\"item\":\"https:\/\/addio.eu\/sv\/addios-startsida\/\"},{\"@type\":\"ListItem\",\"position\":2,\"name\":\"Cookie-policy\"}]},{\"@type\":\"WebSite\",\"@id\":\"https:\/\/addio.eu\/sv\/#website\",\"url\":\"https:\/\/addio.eu\/sv\/\",\"name\":\"addio.eu\",\"description\":\"\",\"publisher\":{\"@id\":\"https:\/\/addio.eu\/sv\/#organization\"},\"potentialAction\":[{\"@type\":\"SearchAction\",\"target\":{\"@type\":\"EntryPoint\",\"urlTemplate\":\"https:\/\/addio.eu\/sv\/?s={search_term_string}\"},\"query-input\":{\"@type\":\"PropertyValueSpecification\",\"valueRequired\":true,\"valueName\":\"search_term_string\"}}],\"inLanguage\":\"sv-SE\"},{\"@type\":\"Organization\",\"@id\":\"https:\/\/addio.eu\/sv\/#organization\",\"name\":\"Addio electronics\",\"url\":\"https:\/\/addio.eu\/sv\/\",\"logo\":{\"@type\":\"ImageObject\",\"inLanguage\":\"sv-SE\",\"@id\":\"https:\/\/addio.eu\/sv\/#\/schema\/logo\/image\/\",\"url\":\"https:\/\/addio.eu\/wp-content\/uploads\/2024\/10\/Lager_1-1.svg\",\"contentUrl\":\"https:\/\/addio.eu\/wp-content\/uploads\/2024\/10\/Lager_1-1.svg\",\"caption\":\"Addio electronics\"},\"image\":{\"@id\":\"https:\/\/addio.eu\/sv\/#\/schema\/logo\/image\/\"},\"sameAs\":[\"https:\/\/www.facebook.com\/AddioElectronicsAB\/\",\"https:\/\/www.linkedin.com\/company\/addio-electronics-ab\"]}]}<\/script>\n<!-- \/ Yoast SEO plugin. -->","yoast_head_json":{"title":"Cookie-policy - Addio Electronics","robots":{"index":"index","follow":"follow","max-snippet":"max-snippet:-1","max-image-preview":"max-image-preview:large","max-video-preview":"max-video-preview:-1"},"canonical":"https:\/\/addio.eu\/sv\/cookie-policy\/","og_locale":"sv_SE","og_type":"article","og_title":"Cookie-policy - Addio Electronics","og_description":"Uppdaterad 30 september P\u00e5 Addio anv\u00e4nder vi cookies och liknande sp\u00e5rningstekniker p\u00e5 v\u00e5r webbplats (https:\/\/addio.eu) f\u00f6r att f\u00f6rb\u00e4ttra din upplevelse, analysera anv\u00e4ndningen och s\u00e4kerst\u00e4lla att v\u00e5ra tj\u00e4nster fungerar effektivt. Denna cookiepolicy f\u00f6rklarar vad cookies \u00e4r, hur vi anv\u00e4nder dem, dina valm\u00f6jligheter g\u00e4llande deras anv\u00e4ndning och hur du kan hantera dina cookie-inst\u00e4llningar. 1. Vad \u00e4r cookies?Cookies [&hellip;]","og_url":"https:\/\/addio.eu\/sv\/cookie-policy\/","og_site_name":"Addio Electronics","article_publisher":"https:\/\/www.facebook.com\/AddioElectronicsAB\/","article_modified_time":"2025-10-07T11:17:34+00:00","twitter_card":"summary_large_image","twitter_misc":{"Ber\u00e4knad l\u00e4stid":"5 minut"},"schema":{"@context":"https:\/\/schema.org","@graph":[{"@type":"WebPage","@id":"https:\/\/addio.eu\/sv\/cookie-policy\/","url":"https:\/\/addio.eu\/sv\/cookie-policy\/","name":"Cookie-policy - Addio Electronics","isPartOf":{"@id":"https:\/\/addio.eu\/sv\/#website"},"datePublished":"2024-10-18T18:10:36+00:00","dateModified":"2025-10-07T11:17:34+00:00","breadcrumb":{"@id":"https:\/\/addio.eu\/sv\/cookie-policy\/#breadcrumb"},"inLanguage":"sv-SE","potentialAction":[{"@type":"ReadAction","target":["https:\/\/addio.eu\/sv\/cookie-policy\/"]}]},{"@type":"BreadcrumbList","@id":"https:\/\/addio.eu\/sv\/cookie-policy\/#breadcrumb","itemListElement":[{"@type":"ListItem","position":1,"name":"Home","item":"https:\/\/addio.eu\/sv\/addios-startsida\/"},{"@type":"ListItem","position":2,"name":"Cookie-policy"}]},{"@type":"WebSite","@id":"https:\/\/addio.eu\/sv\/#website","url":"https:\/\/addio.eu\/sv\/","name":"addio.eu","description":"","publisher":{"@id":"https:\/\/addio.eu\/sv\/#organization"},"potentialAction":[{"@type":"SearchAction","target":{"@type":"EntryPoint","urlTemplate":"https:\/\/addio.eu\/sv\/?s={search_term_string}"},"query-input":{"@type":"PropertyValueSpecification","valueRequired":true,"valueName":"search_term_string"}}],"inLanguage":"sv-SE"},{"@type":"Organization","@id":"https:\/\/addio.eu\/sv\/#organization","name":"Addio electronics","url":"https:\/\/addio.eu\/sv\/","logo":{"@type":"ImageObject","inLanguage":"sv-SE","@id":"https:\/\/addio.eu\/sv\/#\/schema\/logo\/image\/","url":"https:\/\/addio.eu\/wp-content\/uploads\/2024\/10\/Lager_1-1.svg","contentUrl":"https:\/\/addio.eu\/wp-content\/uploads\/2024\/10\/Lager_1-1.svg","caption":"Addio electronics"},"image":{"@id":"https:\/\/addio.eu\/sv\/#\/schema\/logo\/image\/"},"sameAs":["https:\/\/www.facebook.com\/AddioElectronicsAB\/","https:\/\/www.linkedin.com\/company\/addio-electronics-ab"]}]}},"_links":{"self":[{"href":"https:\/\/addio.eu\/sv\/wp-json\/wp\/v2\/pages\/8484","targetHints":{"allow":["GET"]}}],"collection":[{"href":"https:\/\/addio.eu\/sv\/wp-json\/wp\/v2\/pages"}],"about":[{"href":"https:\/\/addio.eu\/sv\/wp-json\/wp\/v2\/types\/page"}],"author":[{"embeddable":true,"href":"https:\/\/addio.eu\/sv\/wp-json\/wp\/v2\/users\/3"}],"replies":[{"embeddable":true,"href":"https:\/\/addio.eu\/sv\/wp-json\/wp\/v2\/comments?post=8484"}],"version-history":[{"count":1,"href":"https:\/\/addio.eu\/sv\/wp-json\/wp\/v2\/pages\/8484\/revisions"}],"predecessor-version":[{"id":8485,"href":"https:\/\/addio.eu\/sv\/wp-json\/wp\/v2\/pages\/8484\/revisions\/8485"}],"wp:attachment":[{"href":"https:\/\/addio.eu\/sv\/wp-json\/wp\/v2\/media?parent=8484"}],"curies":[{"name":"wp","href":"https:\/\/api.w.org\/{rel}","templated":true}]}}