{"id":13744,"date":"2025-03-24T11:20:39","date_gmt":"2025-03-24T11:20:39","guid":{"rendered":"https:\/\/addio.eu\/product\/kit-can-master\/"},"modified":"2025-03-24T11:20:39","modified_gmt":"2025-03-24T11:20:39","slug":"kit-can-master","status":"publish","type":"product","link":"https:\/\/addio.eu\/pt-pt\/produto\/kit-can-master\/","title":{"rendered":"Kit CAN Master"},"content":{"rendered":"<p data-start=\"1346\" data-end=\"1380\"><strong>Instala\u00e7\u00e3o<\/strong><br \/>\nLigue o CAN Master ao ve\u00edculo com o Leitor CAN Indutivo Addio ou atrav\u00e9s de liga\u00e7\u00e3o direta \u00e0 cablagem do barramento CAN.<\/p>\n<p data-start=\"1346\" data-end=\"1380\"><strong>Compatibilidade<\/strong><br \/>\nO CAN Master \u00e9 compat\u00edvel com os nossos DRB ADV de 12V e 24V.<\/p>\n<p class=\"\" data-start=\"1346\" data-end=\"1380\"><strong data-start=\"1346\" data-end=\"1380\">Instala\u00e7\u00e3o e Configura\u00e7\u00e3o<br \/>\n<\/strong>Software CAN Master e Addio CC.<\/p>\n<p data-start=\"1382\" data-end=\"1525\"><strong>Inclu\u00eddo na embalagem<\/strong><br \/>\nCAN Master, Cabo de 0,5 metros, Adaptador RJ.<\/p>\n<p><strong>Dimens\u00f5es<\/strong><br \/>\n68*67*21 mm<\/p>\n","protected":false},"excerpt":{"rendered":"<p><strong>O Addio CAN Master permite que o seu sistema Addio se ligue, digitalize e utilize os sinais do seu ve\u00edculo.<\/strong><\/p>\n<p>A Addio oferece a possibilidade de criar fun\u00e7\u00f5es automatizadas com integra\u00e7\u00e3o no seu ve\u00edculo. Os sinais CAN no seu ve\u00edculo podem ser utilizados como sinais de entrada para o Sistema Addio. Com isto pode criar fun\u00e7\u00f5es automatizadas adaptadas \u00e0s necessidades dos utilizadores. Exemplos cl\u00e1ssicos s\u00e3o luzes traseiras ou c\u00e2mara ligadas com a marcha-atr\u00e1s como entrada.  <\/p>\n<p><strong>O Software CAN Master<\/strong> \u00e9 utilizado quando o instalador pretende integrar os Sinais CAN do ve\u00edculo. A funcionalidade de scanner pode analisar e detetar sinais de qualquer ve\u00edculo, como far\u00f3is, portas, trav\u00e3o de m\u00e3o, marcha-atr\u00e1s, velocidade e muito mais. <\/p>\n<p>Guarde os sinais na Base de Dados Addio para uma instala\u00e7\u00e3o simples e f\u00e1cil no futuro.<\/p>\n<p>&nbsp;<\/p>\n","protected":false},"featured_media":5958,"comment_status":"open","ping_status":"closed","template":"","meta":[],"product_brand":[],"product_cat":[297,432],"product_tag":[],"class_list":{"0":"post-13744","1":"product","2":"type-product","3":"status-publish","4":"has-post-thumbnail","6":"product_cat-conectividade-can","7":"product_cat-integracao-can","9":"first","10":"instock","11":"shipping-taxable","12":"product-type-simple"},"yoast_head":"<!-- This site is optimized with the Yoast SEO plugin v26.0 - https:\/\/yoast.com\/wordpress\/plugins\/seo\/ -->\n<title>Kit CAN Master - Addio Electronics<\/title>\n<meta name=\"robots\" content=\"index, follow, max-snippet:-1, max-image-preview:large, max-video-preview:-1\" \/>\n<link rel=\"canonical\" href=\"https:\/\/addio.eu\/pt-pt\/produto\/kit-can-master\/\" \/>\n<meta property=\"og:locale\" content=\"pt_PT\" \/>\n<meta property=\"og:type\" content=\"article\" \/>\n<meta property=\"og:title\" content=\"Kit CAN Master - Addio Electronics\" \/>\n<meta property=\"og:description\" content=\"O Addio CAN Master permite que o seu sistema Addio se ligue, digitalize e utilize os sinais do seu ve\u00edculo. A Addio oferece a possibilidade de criar fun\u00e7\u00f5es automatizadas com integra\u00e7\u00e3o no seu ve\u00edculo. Os sinais CAN no seu ve\u00edculo podem ser utilizados como sinais de entrada para o Sistema Addio. Com isto pode criar fun\u00e7\u00f5es automatizadas adaptadas \u00e0s necessidades dos utilizadores. Exemplos cl\u00e1ssicos s\u00e3o luzes traseiras ou c\u00e2mara ligadas com a marcha-atr\u00e1s como entrada.  O Software CAN Master \u00e9 utilizado quando o instalador pretende integrar os Sinais CAN do ve\u00edculo. A funcionalidade de scanner pode analisar e detetar sinais de qualquer ve\u00edculo, como far\u00f3is, portas, trav\u00e3o de m\u00e3o, marcha-atr\u00e1s, velocidade e muito mais.  Guarde os sinais na Base de Dados Addio para uma instala\u00e7\u00e3o simples e f\u00e1cil no futuro. &nbsp;\" \/>\n<meta property=\"og:url\" content=\"https:\/\/addio.eu\/pt-pt\/produto\/kit-can-master\/\" \/>\n<meta property=\"og:site_name\" content=\"Addio Electronics\" \/>\n<meta property=\"article:publisher\" content=\"https:\/\/www.facebook.com\/AddioElectronicsAB\/\" \/>\n<meta property=\"og:image\" content=\"https:\/\/addio.eu\/wp-content\/uploads\/2025\/03\/IMG_1824-scaled.jpg\" \/>\n\t<meta property=\"og:image:width\" content=\"2560\" \/>\n\t<meta property=\"og:image:height\" content=\"2215\" \/>\n\t<meta property=\"og:image:type\" content=\"image\/jpeg\" \/>\n<meta name=\"twitter:card\" content=\"summary_large_image\" \/>\n<script type=\"application\/ld+json\" class=\"yoast-schema-graph\">{\"@context\":\"https:\/\/schema.org\",\"@graph\":[{\"@type\":\"WebPage\",\"@id\":\"https:\/\/addio.eu\/pt-pt\/produto\/kit-can-master\/\",\"url\":\"https:\/\/addio.eu\/pt-pt\/produto\/kit-can-master\/\",\"name\":\"Kit CAN Master - Addio Electronics\",\"isPartOf\":{\"@id\":\"https:\/\/addio.eu\/pt-pt\/#website\"},\"primaryImageOfPage\":{\"@id\":\"https:\/\/addio.eu\/pt-pt\/produto\/kit-can-master\/#primaryimage\"},\"image\":{\"@id\":\"https:\/\/addio.eu\/pt-pt\/produto\/kit-can-master\/#primaryimage\"},\"thumbnailUrl\":\"https:\/\/addio.eu\/wp-content\/uploads\/2025\/03\/IMG_1824-scaled.jpg\",\"datePublished\":\"2025-03-24T11:20:39+00:00\",\"breadcrumb\":{\"@id\":\"https:\/\/addio.eu\/pt-pt\/produto\/kit-can-master\/#breadcrumb\"},\"inLanguage\":\"pt-PT\",\"potentialAction\":[{\"@type\":\"ReadAction\",\"target\":[\"https:\/\/addio.eu\/pt-pt\/produto\/kit-can-master\/\"]}]},{\"@type\":\"ImageObject\",\"inLanguage\":\"pt-PT\",\"@id\":\"https:\/\/addio.eu\/pt-pt\/produto\/kit-can-master\/#primaryimage\",\"url\":\"https:\/\/addio.eu\/wp-content\/uploads\/2025\/03\/IMG_1824-scaled.jpg\",\"contentUrl\":\"https:\/\/addio.eu\/wp-content\/uploads\/2025\/03\/IMG_1824-scaled.jpg\",\"width\":2560,\"height\":2215},{\"@type\":\"BreadcrumbList\",\"@id\":\"https:\/\/addio.eu\/pt-pt\/produto\/kit-can-master\/#breadcrumb\",\"itemListElement\":[{\"@type\":\"ListItem\",\"position\":1,\"name\":\"Home\",\"item\":\"https:\/\/addio.eu\/pt-pt\/pagina-inicial-da-addio\/\"},{\"@type\":\"ListItem\",\"position\":2,\"name\":\"Produtos\",\"item\":\"https:\/\/addio.eu\/pt-pt\/produtos\/\"},{\"@type\":\"ListItem\",\"position\":3,\"name\":\"Kit CAN Master\"}]},{\"@type\":\"WebSite\",\"@id\":\"https:\/\/addio.eu\/pt-pt\/#website\",\"url\":\"https:\/\/addio.eu\/pt-pt\/\",\"name\":\"addio.eu\",\"description\":\"\",\"publisher\":{\"@id\":\"https:\/\/addio.eu\/pt-pt\/#organization\"},\"potentialAction\":[{\"@type\":\"SearchAction\",\"target\":{\"@type\":\"EntryPoint\",\"urlTemplate\":\"https:\/\/addio.eu\/pt-pt\/?s={search_term_string}\"},\"query-input\":{\"@type\":\"PropertyValueSpecification\",\"valueRequired\":true,\"valueName\":\"search_term_string\"}}],\"inLanguage\":\"pt-PT\"},{\"@type\":\"Organization\",\"@id\":\"https:\/\/addio.eu\/pt-pt\/#organization\",\"name\":\"Addio electronics\",\"url\":\"https:\/\/addio.eu\/pt-pt\/\",\"logo\":{\"@type\":\"ImageObject\",\"inLanguage\":\"pt-PT\",\"@id\":\"https:\/\/addio.eu\/pt-pt\/#\/schema\/logo\/image\/\",\"url\":\"https:\/\/addio.eu\/wp-content\/uploads\/2024\/10\/Lager_1-1.svg\",\"contentUrl\":\"https:\/\/addio.eu\/wp-content\/uploads\/2024\/10\/Lager_1-1.svg\",\"caption\":\"Addio electronics\"},\"image\":{\"@id\":\"https:\/\/addio.eu\/pt-pt\/#\/schema\/logo\/image\/\"},\"sameAs\":[\"https:\/\/www.facebook.com\/AddioElectronicsAB\/\",\"https:\/\/www.linkedin.com\/company\/addio-electronics-ab\"]}]}<\/script>\n<!-- \/ Yoast SEO plugin. -->","yoast_head_json":{"title":"Kit CAN Master - Addio Electronics","robots":{"index":"index","follow":"follow","max-snippet":"max-snippet:-1","max-image-preview":"max-image-preview:large","max-video-preview":"max-video-preview:-1"},"canonical":"https:\/\/addio.eu\/pt-pt\/produto\/kit-can-master\/","og_locale":"pt_PT","og_type":"article","og_title":"Kit CAN Master - Addio Electronics","og_description":"O Addio CAN Master permite que o seu sistema Addio se ligue, digitalize e utilize os sinais do seu ve\u00edculo. A Addio oferece a possibilidade de criar fun\u00e7\u00f5es automatizadas com integra\u00e7\u00e3o no seu ve\u00edculo. Os sinais CAN no seu ve\u00edculo podem ser utilizados como sinais de entrada para o Sistema Addio. Com isto pode criar fun\u00e7\u00f5es automatizadas adaptadas \u00e0s necessidades dos utilizadores. Exemplos cl\u00e1ssicos s\u00e3o luzes traseiras ou c\u00e2mara ligadas com a marcha-atr\u00e1s como entrada.  O Software CAN Master \u00e9 utilizado quando o instalador pretende integrar os Sinais CAN do ve\u00edculo. A funcionalidade de scanner pode analisar e detetar sinais de qualquer ve\u00edculo, como far\u00f3is, portas, trav\u00e3o de m\u00e3o, marcha-atr\u00e1s, velocidade e muito mais.  Guarde os sinais na Base de Dados Addio para uma instala\u00e7\u00e3o simples e f\u00e1cil no futuro. &nbsp;","og_url":"https:\/\/addio.eu\/pt-pt\/produto\/kit-can-master\/","og_site_name":"Addio Electronics","article_publisher":"https:\/\/www.facebook.com\/AddioElectronicsAB\/","og_image":[{"width":2560,"height":2215,"url":"https:\/\/addio.eu\/wp-content\/uploads\/2025\/03\/IMG_1824-scaled.jpg","type":"image\/jpeg"}],"twitter_card":"summary_large_image","schema":{"@context":"https:\/\/schema.org","@graph":[{"@type":"WebPage","@id":"https:\/\/addio.eu\/pt-pt\/produto\/kit-can-master\/","url":"https:\/\/addio.eu\/pt-pt\/produto\/kit-can-master\/","name":"Kit CAN Master - Addio Electronics","isPartOf":{"@id":"https:\/\/addio.eu\/pt-pt\/#website"},"primaryImageOfPage":{"@id":"https:\/\/addio.eu\/pt-pt\/produto\/kit-can-master\/#primaryimage"},"image":{"@id":"https:\/\/addio.eu\/pt-pt\/produto\/kit-can-master\/#primaryimage"},"thumbnailUrl":"https:\/\/addio.eu\/wp-content\/uploads\/2025\/03\/IMG_1824-scaled.jpg","datePublished":"2025-03-24T11:20:39+00:00","breadcrumb":{"@id":"https:\/\/addio.eu\/pt-pt\/produto\/kit-can-master\/#breadcrumb"},"inLanguage":"pt-PT","potentialAction":[{"@type":"ReadAction","target":["https:\/\/addio.eu\/pt-pt\/produto\/kit-can-master\/"]}]},{"@type":"ImageObject","inLanguage":"pt-PT","@id":"https:\/\/addio.eu\/pt-pt\/produto\/kit-can-master\/#primaryimage","url":"https:\/\/addio.eu\/wp-content\/uploads\/2025\/03\/IMG_1824-scaled.jpg","contentUrl":"https:\/\/addio.eu\/wp-content\/uploads\/2025\/03\/IMG_1824-scaled.jpg","width":2560,"height":2215},{"@type":"BreadcrumbList","@id":"https:\/\/addio.eu\/pt-pt\/produto\/kit-can-master\/#breadcrumb","itemListElement":[{"@type":"ListItem","position":1,"name":"Home","item":"https:\/\/addio.eu\/pt-pt\/pagina-inicial-da-addio\/"},{"@type":"ListItem","position":2,"name":"Produtos","item":"https:\/\/addio.eu\/pt-pt\/produtos\/"},{"@type":"ListItem","position":3,"name":"Kit CAN Master"}]},{"@type":"WebSite","@id":"https:\/\/addio.eu\/pt-pt\/#website","url":"https:\/\/addio.eu\/pt-pt\/","name":"addio.eu","description":"","publisher":{"@id":"https:\/\/addio.eu\/pt-pt\/#organization"},"potentialAction":[{"@type":"SearchAction","target":{"@type":"EntryPoint","urlTemplate":"https:\/\/addio.eu\/pt-pt\/?s={search_term_string}"},"query-input":{"@type":"PropertyValueSpecification","valueRequired":true,"valueName":"search_term_string"}}],"inLanguage":"pt-PT"},{"@type":"Organization","@id":"https:\/\/addio.eu\/pt-pt\/#organization","name":"Addio electronics","url":"https:\/\/addio.eu\/pt-pt\/","logo":{"@type":"ImageObject","inLanguage":"pt-PT","@id":"https:\/\/addio.eu\/pt-pt\/#\/schema\/logo\/image\/","url":"https:\/\/addio.eu\/wp-content\/uploads\/2024\/10\/Lager_1-1.svg","contentUrl":"https:\/\/addio.eu\/wp-content\/uploads\/2024\/10\/Lager_1-1.svg","caption":"Addio electronics"},"image":{"@id":"https:\/\/addio.eu\/pt-pt\/#\/schema\/logo\/image\/"},"sameAs":["https:\/\/www.facebook.com\/AddioElectronicsAB\/","https:\/\/www.linkedin.com\/company\/addio-electronics-ab"]}]}},"_links":{"self":[{"href":"https:\/\/addio.eu\/pt-pt\/wp-json\/wp\/v2\/product\/13744","targetHints":{"allow":["GET"]}}],"collection":[{"href":"https:\/\/addio.eu\/pt-pt\/wp-json\/wp\/v2\/product"}],"about":[{"href":"https:\/\/addio.eu\/pt-pt\/wp-json\/wp\/v2\/types\/product"}],"replies":[{"embeddable":true,"href":"https:\/\/addio.eu\/pt-pt\/wp-json\/wp\/v2\/comments?post=13744"}],"wp:featuredmedia":[{"embeddable":true,"href":"https:\/\/addio.eu\/pt-pt\/wp-json\/wp\/v2\/media\/5958"}],"wp:attachment":[{"href":"https:\/\/addio.eu\/pt-pt\/wp-json\/wp\/v2\/media?parent=13744"}],"wp:term":[{"taxonomy":"product_brand","embeddable":true,"href":"https:\/\/addio.eu\/pt-pt\/wp-json\/wp\/v2\/product_brand?post=13744"},{"taxonomy":"product_cat","embeddable":true,"href":"https:\/\/addio.eu\/pt-pt\/wp-json\/wp\/v2\/product_cat?post=13744"},{"taxonomy":"product_tag","embeddable":true,"href":"https:\/\/addio.eu\/pt-pt\/wp-json\/wp\/v2\/product_tag?post=13744"}],"curies":[{"name":"wp","href":"https:\/\/api.w.org\/{rel}","templated":true}]}}