{"id":13241,"date":"2025-03-07T11:15:14","date_gmt":"2025-03-07T11:15:14","guid":{"rendered":"https:\/\/addio.eu\/product\/sensor-pir\/"},"modified":"2025-03-07T11:15:14","modified_gmt":"2025-03-07T11:15:14","slug":"sensor-pir","status":"publish","type":"product","link":"https:\/\/addio.eu\/pt-pt\/produto\/sensor-pir\/","title":{"rendered":"Sensor PIR"},"content":{"rendered":"","protected":false},"excerpt":{"rendered":"<p class=\"\" data-start=\"31\" data-end=\"127\">Quando \u00e9 detetado movimento, a ilumina\u00e7\u00e3o acende-se e o tempo de desligamento pode ser configurado. O padr\u00e3o \u00e9 de 2 minutos. <\/p>\n<p class=\"\" data-start=\"129\" data-end=\"419\">\u2022 Tens\u00e3o de entrada: 12 e 24 V<br data-start=\"154\" data-end=\"157\">\u2022 Carga m\u00e1xima: 84 W<br data-start=\"176\" data-end=\"179\" data-is-only-node=\"\">\u2022 \u00c2ngulo de dete\u00e7\u00e3o: 140\u00b0 Horizontal, 140\u00b0 Vertical<br data-start=\"228\" data-end=\"231\">\u2022 Alcance: 5 m<br data-start=\"242\" data-end=\"245\">\u2022 Temporizador de desligamento ajust\u00e1vel em incrementos de 1 minuto<br data-start=\"290\" data-end=\"293\">\u2022 Op\u00e7\u00e3o para desativar a sa\u00edda do sensor IV atrav\u00e9s da entrada do terminal<br data-start=\"352\" data-end=\"355\">\u2022 Dimens\u00f5es: 67 x 59 x 30 mm (incluindo orelhas, terminal e sensor)<\/p>\n<p>Este sensor funciona de forma independente ou em conjunto com os nossos DRB.<\/p>\n","protected":false},"featured_media":5934,"comment_status":"open","ping_status":"closed","template":"","meta":[],"product_brand":[],"product_cat":[356],"product_tag":[],"class_list":{"0":"post-13241","1":"product","2":"type-product","3":"status-publish","4":"has-post-thumbnail","6":"product_cat-sensores","8":"first","9":"instock","10":"shipping-taxable","11":"product-type-simple"},"yoast_head":"<!-- This site is optimized with the Yoast SEO plugin v26.0 - https:\/\/yoast.com\/wordpress\/plugins\/seo\/ -->\n<title>Sensor PIR - Addio Electronics<\/title>\n<meta name=\"robots\" content=\"index, follow, max-snippet:-1, max-image-preview:large, max-video-preview:-1\" \/>\n<link rel=\"canonical\" href=\"https:\/\/addio.eu\/pt-pt\/produto\/sensor-pir\/\" \/>\n<meta property=\"og:locale\" content=\"pt_PT\" \/>\n<meta property=\"og:type\" content=\"article\" \/>\n<meta property=\"og:title\" content=\"Sensor PIR - Addio Electronics\" \/>\n<meta property=\"og:description\" content=\"Quando \u00e9 detetado movimento, a ilumina\u00e7\u00e3o acende-se e o tempo de desligamento pode ser configurado. O padr\u00e3o \u00e9 de 2 minutos. \u2022 Tens\u00e3o de entrada: 12 e 24 V\u2022 Carga m\u00e1xima: 84 W\u2022 \u00c2ngulo de dete\u00e7\u00e3o: 140\u00b0 Horizontal, 140\u00b0 Vertical\u2022 Alcance: 5 m\u2022 Temporizador de desligamento ajust\u00e1vel em incrementos de 1 minuto\u2022 Op\u00e7\u00e3o para desativar a sa\u00edda do sensor IV atrav\u00e9s da entrada do terminal\u2022 Dimens\u00f5es: 67 x 59 x 30 mm (incluindo orelhas, terminal e sensor) Este sensor funciona de forma independente ou em conjunto com os nossos DRB.\" \/>\n<meta property=\"og:url\" content=\"https:\/\/addio.eu\/pt-pt\/produto\/sensor-pir\/\" \/>\n<meta property=\"og:site_name\" content=\"Addio Electronics\" \/>\n<meta property=\"article:publisher\" content=\"https:\/\/www.facebook.com\/AddioElectronicsAB\/\" \/>\n<meta property=\"og:image\" content=\"https:\/\/addio.eu\/wp-content\/uploads\/2025\/03\/IMG_1610-scaled.jpg\" \/>\n\t<meta property=\"og:image:width\" content=\"2560\" \/>\n\t<meta property=\"og:image:height\" content=\"2415\" \/>\n\t<meta property=\"og:image:type\" content=\"image\/jpeg\" \/>\n<meta name=\"twitter:card\" content=\"summary_large_image\" \/>\n<script type=\"application\/ld+json\" class=\"yoast-schema-graph\">{\"@context\":\"https:\/\/schema.org\",\"@graph\":[{\"@type\":\"WebPage\",\"@id\":\"https:\/\/addio.eu\/pt-pt\/produto\/sensor-pir\/\",\"url\":\"https:\/\/addio.eu\/pt-pt\/produto\/sensor-pir\/\",\"name\":\"Sensor PIR - Addio Electronics\",\"isPartOf\":{\"@id\":\"https:\/\/addio.eu\/pt-pt\/#website\"},\"primaryImageOfPage\":{\"@id\":\"https:\/\/addio.eu\/pt-pt\/produto\/sensor-pir\/#primaryimage\"},\"image\":{\"@id\":\"https:\/\/addio.eu\/pt-pt\/produto\/sensor-pir\/#primaryimage\"},\"thumbnailUrl\":\"https:\/\/addio.eu\/wp-content\/uploads\/2025\/03\/IMG_1610-scaled.jpg\",\"datePublished\":\"2025-03-07T11:15:14+00:00\",\"breadcrumb\":{\"@id\":\"https:\/\/addio.eu\/pt-pt\/produto\/sensor-pir\/#breadcrumb\"},\"inLanguage\":\"pt-PT\",\"potentialAction\":[{\"@type\":\"ReadAction\",\"target\":[\"https:\/\/addio.eu\/pt-pt\/produto\/sensor-pir\/\"]}]},{\"@type\":\"ImageObject\",\"inLanguage\":\"pt-PT\",\"@id\":\"https:\/\/addio.eu\/pt-pt\/produto\/sensor-pir\/#primaryimage\",\"url\":\"https:\/\/addio.eu\/wp-content\/uploads\/2025\/03\/IMG_1610-scaled.jpg\",\"contentUrl\":\"https:\/\/addio.eu\/wp-content\/uploads\/2025\/03\/IMG_1610-scaled.jpg\",\"width\":2560,\"height\":2415},{\"@type\":\"BreadcrumbList\",\"@id\":\"https:\/\/addio.eu\/pt-pt\/produto\/sensor-pir\/#breadcrumb\",\"itemListElement\":[{\"@type\":\"ListItem\",\"position\":1,\"name\":\"Home\",\"item\":\"https:\/\/addio.eu\/pt-pt\/pagina-inicial-da-addio\/\"},{\"@type\":\"ListItem\",\"position\":2,\"name\":\"Produtos\",\"item\":\"https:\/\/addio.eu\/pt-pt\/produtos\/\"},{\"@type\":\"ListItem\",\"position\":3,\"name\":\"Sensor PIR\"}]},{\"@type\":\"WebSite\",\"@id\":\"https:\/\/addio.eu\/pt-pt\/#website\",\"url\":\"https:\/\/addio.eu\/pt-pt\/\",\"name\":\"addio.eu\",\"description\":\"\",\"publisher\":{\"@id\":\"https:\/\/addio.eu\/pt-pt\/#organization\"},\"potentialAction\":[{\"@type\":\"SearchAction\",\"target\":{\"@type\":\"EntryPoint\",\"urlTemplate\":\"https:\/\/addio.eu\/pt-pt\/?s={search_term_string}\"},\"query-input\":{\"@type\":\"PropertyValueSpecification\",\"valueRequired\":true,\"valueName\":\"search_term_string\"}}],\"inLanguage\":\"pt-PT\"},{\"@type\":\"Organization\",\"@id\":\"https:\/\/addio.eu\/pt-pt\/#organization\",\"name\":\"Addio electronics\",\"url\":\"https:\/\/addio.eu\/pt-pt\/\",\"logo\":{\"@type\":\"ImageObject\",\"inLanguage\":\"pt-PT\",\"@id\":\"https:\/\/addio.eu\/pt-pt\/#\/schema\/logo\/image\/\",\"url\":\"https:\/\/addio.eu\/wp-content\/uploads\/2024\/10\/Lager_1-1.svg\",\"contentUrl\":\"https:\/\/addio.eu\/wp-content\/uploads\/2024\/10\/Lager_1-1.svg\",\"caption\":\"Addio electronics\"},\"image\":{\"@id\":\"https:\/\/addio.eu\/pt-pt\/#\/schema\/logo\/image\/\"},\"sameAs\":[\"https:\/\/www.facebook.com\/AddioElectronicsAB\/\",\"https:\/\/www.linkedin.com\/company\/addio-electronics-ab\"]}]}<\/script>\n<!-- \/ Yoast SEO plugin. -->","yoast_head_json":{"title":"Sensor PIR - Addio Electronics","robots":{"index":"index","follow":"follow","max-snippet":"max-snippet:-1","max-image-preview":"max-image-preview:large","max-video-preview":"max-video-preview:-1"},"canonical":"https:\/\/addio.eu\/pt-pt\/produto\/sensor-pir\/","og_locale":"pt_PT","og_type":"article","og_title":"Sensor PIR - Addio Electronics","og_description":"Quando \u00e9 detetado movimento, a ilumina\u00e7\u00e3o acende-se e o tempo de desligamento pode ser configurado. O padr\u00e3o \u00e9 de 2 minutos. \u2022 Tens\u00e3o de entrada: 12 e 24 V\u2022 Carga m\u00e1xima: 84 W\u2022 \u00c2ngulo de dete\u00e7\u00e3o: 140\u00b0 Horizontal, 140\u00b0 Vertical\u2022 Alcance: 5 m\u2022 Temporizador de desligamento ajust\u00e1vel em incrementos de 1 minuto\u2022 Op\u00e7\u00e3o para desativar a sa\u00edda do sensor IV atrav\u00e9s da entrada do terminal\u2022 Dimens\u00f5es: 67 x 59 x 30 mm (incluindo orelhas, terminal e sensor) Este sensor funciona de forma independente ou em conjunto com os nossos DRB.","og_url":"https:\/\/addio.eu\/pt-pt\/produto\/sensor-pir\/","og_site_name":"Addio Electronics","article_publisher":"https:\/\/www.facebook.com\/AddioElectronicsAB\/","og_image":[{"width":2560,"height":2415,"url":"https:\/\/addio.eu\/wp-content\/uploads\/2025\/03\/IMG_1610-scaled.jpg","type":"image\/jpeg"}],"twitter_card":"summary_large_image","schema":{"@context":"https:\/\/schema.org","@graph":[{"@type":"WebPage","@id":"https:\/\/addio.eu\/pt-pt\/produto\/sensor-pir\/","url":"https:\/\/addio.eu\/pt-pt\/produto\/sensor-pir\/","name":"Sensor PIR - Addio Electronics","isPartOf":{"@id":"https:\/\/addio.eu\/pt-pt\/#website"},"primaryImageOfPage":{"@id":"https:\/\/addio.eu\/pt-pt\/produto\/sensor-pir\/#primaryimage"},"image":{"@id":"https:\/\/addio.eu\/pt-pt\/produto\/sensor-pir\/#primaryimage"},"thumbnailUrl":"https:\/\/addio.eu\/wp-content\/uploads\/2025\/03\/IMG_1610-scaled.jpg","datePublished":"2025-03-07T11:15:14+00:00","breadcrumb":{"@id":"https:\/\/addio.eu\/pt-pt\/produto\/sensor-pir\/#breadcrumb"},"inLanguage":"pt-PT","potentialAction":[{"@type":"ReadAction","target":["https:\/\/addio.eu\/pt-pt\/produto\/sensor-pir\/"]}]},{"@type":"ImageObject","inLanguage":"pt-PT","@id":"https:\/\/addio.eu\/pt-pt\/produto\/sensor-pir\/#primaryimage","url":"https:\/\/addio.eu\/wp-content\/uploads\/2025\/03\/IMG_1610-scaled.jpg","contentUrl":"https:\/\/addio.eu\/wp-content\/uploads\/2025\/03\/IMG_1610-scaled.jpg","width":2560,"height":2415},{"@type":"BreadcrumbList","@id":"https:\/\/addio.eu\/pt-pt\/produto\/sensor-pir\/#breadcrumb","itemListElement":[{"@type":"ListItem","position":1,"name":"Home","item":"https:\/\/addio.eu\/pt-pt\/pagina-inicial-da-addio\/"},{"@type":"ListItem","position":2,"name":"Produtos","item":"https:\/\/addio.eu\/pt-pt\/produtos\/"},{"@type":"ListItem","position":3,"name":"Sensor PIR"}]},{"@type":"WebSite","@id":"https:\/\/addio.eu\/pt-pt\/#website","url":"https:\/\/addio.eu\/pt-pt\/","name":"addio.eu","description":"","publisher":{"@id":"https:\/\/addio.eu\/pt-pt\/#organization"},"potentialAction":[{"@type":"SearchAction","target":{"@type":"EntryPoint","urlTemplate":"https:\/\/addio.eu\/pt-pt\/?s={search_term_string}"},"query-input":{"@type":"PropertyValueSpecification","valueRequired":true,"valueName":"search_term_string"}}],"inLanguage":"pt-PT"},{"@type":"Organization","@id":"https:\/\/addio.eu\/pt-pt\/#organization","name":"Addio electronics","url":"https:\/\/addio.eu\/pt-pt\/","logo":{"@type":"ImageObject","inLanguage":"pt-PT","@id":"https:\/\/addio.eu\/pt-pt\/#\/schema\/logo\/image\/","url":"https:\/\/addio.eu\/wp-content\/uploads\/2024\/10\/Lager_1-1.svg","contentUrl":"https:\/\/addio.eu\/wp-content\/uploads\/2024\/10\/Lager_1-1.svg","caption":"Addio electronics"},"image":{"@id":"https:\/\/addio.eu\/pt-pt\/#\/schema\/logo\/image\/"},"sameAs":["https:\/\/www.facebook.com\/AddioElectronicsAB\/","https:\/\/www.linkedin.com\/company\/addio-electronics-ab"]}]}},"_links":{"self":[{"href":"https:\/\/addio.eu\/pt-pt\/wp-json\/wp\/v2\/product\/13241","targetHints":{"allow":["GET"]}}],"collection":[{"href":"https:\/\/addio.eu\/pt-pt\/wp-json\/wp\/v2\/product"}],"about":[{"href":"https:\/\/addio.eu\/pt-pt\/wp-json\/wp\/v2\/types\/product"}],"replies":[{"embeddable":true,"href":"https:\/\/addio.eu\/pt-pt\/wp-json\/wp\/v2\/comments?post=13241"}],"wp:featuredmedia":[{"embeddable":true,"href":"https:\/\/addio.eu\/pt-pt\/wp-json\/wp\/v2\/media\/5934"}],"wp:attachment":[{"href":"https:\/\/addio.eu\/pt-pt\/wp-json\/wp\/v2\/media?parent=13241"}],"wp:term":[{"taxonomy":"product_brand","embeddable":true,"href":"https:\/\/addio.eu\/pt-pt\/wp-json\/wp\/v2\/product_brand?post=13241"},{"taxonomy":"product_cat","embeddable":true,"href":"https:\/\/addio.eu\/pt-pt\/wp-json\/wp\/v2\/product_cat?post=13241"},{"taxonomy":"product_tag","embeddable":true,"href":"https:\/\/addio.eu\/pt-pt\/wp-json\/wp\/v2\/product_tag?post=13241"}],"curies":[{"name":"wp","href":"https:\/\/api.w.org\/{rel}","templated":true}]}}