{"id":13157,"date":"2025-03-24T09:47:26","date_gmt":"2025-03-24T09:47:26","guid":{"rendered":"https:\/\/addio.eu\/product\/drb-9012-8-std\/"},"modified":"2026-02-10T16:48:22","modified_gmt":"2026-02-10T16:48:22","slug":"drb-9012-8-std","status":"publish","type":"product","link":"https:\/\/addio.eu\/pt-pt\/produto\/drb-9012-8-std\/","title":{"rendered":"DRB 9012-8 STD"},"content":{"rendered":"<table width=\"310\">\n<tbody>\n<tr>\n<td width=\"234\">Modelo<\/td>\n<td width=\"76\">DRB-9012-8 STD<\/td>\n<\/tr>\n<tr>\n<td width=\"234\">Fonte de alimenta\u00e7\u00e3o<\/td>\n<td width=\"76\">10-22 VDC<\/td>\n<\/tr>\n<tr>\n<td width=\"234\">Consumo interno de energia (aproximadamente) Modo normal sem sa\u00eddas ativas \/ modo de suspens\u00e3o<\/td>\n<td width=\"76\">~30 mA\/~6 mA<\/td>\n<\/tr>\n<tr>\n<td width=\"234\">Prote\u00e7\u00e3o contra subtens\u00e3o (ajust\u00e1vel)<\/td>\n<td width=\"76\">10-13V, passos de 0,5V<\/td>\n<\/tr>\n<tr>\n<td width=\"234\">Prote\u00e7\u00e3o contra sobretens\u00e3o (ajust\u00e1vel)<\/td>\n<td width=\"76\">16-26V, passos de 2V<\/td>\n<\/tr>\n<tr>\n<td width=\"234\">Corrente total m\u00e1x. 1 minuto<\/td>\n<td width=\"76\">90A<\/td>\n<\/tr>\n<tr>\n<td width=\"234\">Corrente total m\u00e1x. cont\u00ednua<\/td>\n<td width=\"76\">70A<\/td>\n<\/tr>\n<tr>\n<td width=\"234\">N\u00famero total de entradas<\/td>\n<td width=\"76\">8 unidades<\/td>\n<\/tr>\n<tr>\n<td width=\"234\">Entradas digitais<\/td>\n<td width=\"76\">8 de 8 unid.<\/td>\n<\/tr>\n<tr>\n<td width=\"234\">Entradas anal\u00f3gicas<\/td>\n<td width=\"76\">4 de 8 unidades<\/td>\n<\/tr>\n<tr>\n<td width=\"234\">Resist\u00eancia de entrada @12V<\/td>\n<td width=\"76\">22k\u03a9<\/td>\n<\/tr>\n<tr>\n<td width=\"234\">Liga\u00e7\u00f5es de entradas (terminais de parafuso destac\u00e1veis)<\/td>\n<td width=\"76\">10 polos inc. +\/-<\/td>\n<\/tr>\n<tr>\n<td width=\"234\">N\u00famero de sa\u00eddas<\/td>\n<td width=\"76\">8 unidades<\/td>\n<\/tr>\n<tr>\n<td width=\"234\">Liga\u00e7\u00e3o de sa\u00eddas<\/td>\n<td width=\"76\">Conector de crimpagem de cabo<\/td>\n<\/tr>\n<tr>\n<td width=\"234\">Tamanho do fus\u00edvel A, sa\u00eddas<\/td>\n<td width=\"76\">5, 10, 15, 20, (25 apenas U7, U8)<\/td>\n<\/tr>\n<tr>\n<td width=\"234\">Liga\u00e7\u00e3o da fonte de alimenta\u00e7\u00e3o<\/td>\n<td width=\"76\">Porca M5<\/td>\n<\/tr>\n<tr>\n<td width=\"234\">Bluetooth<\/td>\n<td width=\"76\">N\u00e3o<\/td>\n<\/tr>\n<tr>\n<td width=\"234\">Controlo de motor com ponte H (prel current)<\/td>\n<td width=\"76\">N\u00e3o<\/td>\n<\/tr>\n<tr>\n<td width=\"234\">Indica\u00e7\u00e3o de erro<\/td>\n<td width=\"76\">LED RGB partilhado<\/td>\n<\/tr>\n<tr>\n<td width=\"234\">LED por sa\u00edda (cor ajust\u00e1vel)<\/td>\n<td width=\"76\">N\u00e3o<\/td>\n<\/tr>\n<tr>\n<td width=\"234\">Barramento de comunica\u00e7\u00e3o (CAN bus)<\/td>\n<td width=\"76\">N\u00e3o<\/td>\n<\/tr>\n<tr>\n<td width=\"234\">Liga\u00e7\u00f5es de computador<\/td>\n<td width=\"76\">USB Mini<\/td>\n<\/tr>\n<tr>\n<td width=\"234\">Sinais de massa<\/td>\n<td width=\"76\">Sim, com resist\u00eancia externa para o positivo<\/td>\n<\/tr>\n<tr>\n<td width=\"234\">Comando manual, pain\u00e9is de interruptores, sensores, etc.<\/td>\n<td width=\"76\">N\u00e3o<\/td>\n<\/tr>\n<tr>\n<td width=\"234\">Dimens\u00f5es (mm)<\/td>\n<td width=\"76\">170x92x21<\/td>\n<\/tr>\n<tr>\n<td width=\"234\">Peso<\/td>\n<td width=\"76\">174 g<\/td>\n<\/tr>\n<\/tbody>\n<\/table>\n","protected":false},"excerpt":{"rendered":"<div class=\"elementor-element elementor-element-28a1869 elementor-widget elementor-widget-woocommerce-product-title elementor-page-title elementor-widget-heading\" data-id=\"28a1869\" data-element_type=\"widget\" data-widget_type=\"woocommerce-product-title.default\">\n<div class=\"elementor-widget-container\"><strong><span style=\"font-size: 16px;\">A DRB 9012-8 STD \u00e9 a nossa unidade otimizada em termos de custo, com 8 sa\u00eddas e 8 entradas, e uma corrente total cont\u00ednua de 90 A distribu\u00edda por todas as sa\u00eddas.<\/span><\/strong><\/div>\n<div><\/div>\n<div class=\"elementor-widget-container\">Em compara\u00e7\u00e3o com as unidades ADV, a STD n\u00e3o tem comunica\u00e7\u00e3o CAN bus, n\u00e3o tem ponte H integrada (controlo de motor), n\u00e3o tem LEDs por sa\u00edda e n\u00e3o tem resist\u00eancias pull-up integradas nas entradas para sinais de entrada a GND.<strong>A unidade STD n\u00e3o pode ser controlada pelos nossos SwitchPanels ou Handcontrol, uma vez que n\u00e3o possui quaisquer portas CAN\/COM.<\/strong><\/div>\n<\/div>\n<div class=\"elementor-element elementor-element-b951bf8 elementor-widget elementor-widget-woocommerce-product-short-description\" data-id=\"b951bf8\" data-element_type=\"widget\" data-widget_type=\"woocommerce-product-short-description.default\">\n<div class=\"elementor-widget-container\">\n<div class=\"woocommerce-product-details__short-description\">\n<p>Tal como todos os nossos DRB, a 9012-8 STD oferece uma vasta gama de funcionalidades, tais como:<\/p>\n<ul>\n<li>Fun\u00e7\u00f5es de rel\u00e9 como flash, dimmer e temporizador<\/li>\n<li>Fun\u00e7\u00e3o de fus\u00edvel atrav\u00e9s de interruptores de alta corrente<\/li>\n<li>Prote\u00e7\u00e3o da bateria atrav\u00e9s de temporizadores ou prote\u00e7\u00e3o de tens\u00e3o, individualmente por sa\u00edda<\/li>\n<li>Fun\u00e7\u00f5es l\u00f3gicas baseadas em regras<\/li>\n<li>At\u00e9 tr\u00eas fun\u00e7\u00f5es diferentes por sa\u00edda, como constante ou intermitente<\/li>\n<\/ul>\n<p class=\"\" data-start=\"112\" data-end=\"430\">As sa\u00eddas s\u00e3o protegidas digitalmente at\u00e9 25 Amperes por sa\u00edda (ajust\u00e1vel em intervalos de 5 A)<\/p>\n<\/div>\n<\/div>\n<\/div>\n","protected":false},"featured_media":13164,"comment_status":"open","ping_status":"closed","template":"","meta":[],"product_brand":[],"product_cat":[190],"product_tag":[191,237,238],"class_list":{"0":"post-13157","1":"product","2":"type-product","3":"status-publish","4":"has-post-thumbnail","6":"product_cat-caixas-de-rele-digital","7":"product_tag-12v","8":"product_tag-8-entradas","9":"product_tag-8-saidas","11":"first","12":"instock","13":"shipping-taxable","14":"product-type-simple"},"yoast_head":"<!-- This site is optimized with the Yoast SEO plugin v26.0 - https:\/\/yoast.com\/wordpress\/plugins\/seo\/ -->\n<title>DRB 9012-8 STD - Addio Electronics<\/title>\n<meta name=\"robots\" content=\"index, follow, max-snippet:-1, max-image-preview:large, max-video-preview:-1\" \/>\n<link rel=\"canonical\" href=\"https:\/\/addio.eu\/pt-pt\/produto\/drb-9012-8-std\/\" \/>\n<meta property=\"og:locale\" content=\"pt_PT\" \/>\n<meta property=\"og:type\" content=\"article\" \/>\n<meta property=\"og:title\" content=\"DRB 9012-8 STD - Addio Electronics\" \/>\n<meta property=\"og:description\" content=\"A DRB 9012-8 STD \u00e9 a nossa unidade otimizada em termos de custo, com 8 sa\u00eddas e 8 entradas, e uma corrente total cont\u00ednua de 90 A distribu\u00edda por todas as sa\u00eddas. Em compara\u00e7\u00e3o com as unidades ADV, a STD n\u00e3o tem comunica\u00e7\u00e3o CAN bus, n\u00e3o tem ponte H integrada (controlo de motor), n\u00e3o tem LEDs por sa\u00edda e n\u00e3o tem resist\u00eancias pull-up integradas nas entradas para sinais de entrada a GND.A unidade STD n\u00e3o pode ser controlada pelos nossos SwitchPanels ou Handcontrol, uma vez que n\u00e3o possui quaisquer portas CAN\/COM.   Tal como todos os nossos DRB, a 9012-8 STD oferece uma vasta gama de funcionalidades, tais como:  Fun\u00e7\u00f5es de rel\u00e9 como flash, dimmer e temporizador  Fun\u00e7\u00e3o de fus\u00edvel atrav\u00e9s de interruptores de alta corrente  Prote\u00e7\u00e3o da bateria atrav\u00e9s de temporizadores ou prote\u00e7\u00e3o de tens\u00e3o, individualmente por sa\u00edda  Fun\u00e7\u00f5es l\u00f3gicas baseadas em regras  At\u00e9 tr\u00eas fun\u00e7\u00f5es diferentes por sa\u00edda, como constante ou intermitente As sa\u00eddas s\u00e3o protegidas digitalmente at\u00e9 25 Amperes por sa\u00edda (ajust\u00e1vel em intervalos de 5 A)\" \/>\n<meta property=\"og:url\" content=\"https:\/\/addio.eu\/pt-pt\/produto\/drb-9012-8-std\/\" \/>\n<meta property=\"og:site_name\" content=\"Addio Electronics\" \/>\n<meta property=\"article:publisher\" content=\"https:\/\/www.facebook.com\/AddioElectronicsAB\/\" \/>\n<meta property=\"article:modified_time\" content=\"2026-02-10T16:48:22+00:00\" \/>\n<meta property=\"og:image\" content=\"https:\/\/addio.eu\/wp-content\/uploads\/2025\/03\/IMG_1788-scaled.jpg\" \/>\n\t<meta property=\"og:image:width\" content=\"2560\" \/>\n\t<meta property=\"og:image:height\" content=\"1654\" \/>\n\t<meta property=\"og:image:type\" content=\"image\/jpeg\" \/>\n<meta name=\"twitter:card\" content=\"summary_large_image\" \/>\n<meta name=\"twitter:label1\" content=\"Tempo estimado de leitura\" \/>\n\t<meta name=\"twitter:data1\" content=\"1 minuto\" \/>\n<script type=\"application\/ld+json\" class=\"yoast-schema-graph\">{\"@context\":\"https:\/\/schema.org\",\"@graph\":[{\"@type\":\"WebPage\",\"@id\":\"https:\/\/addio.eu\/pt-pt\/produto\/drb-9012-8-std\/\",\"url\":\"https:\/\/addio.eu\/pt-pt\/produto\/drb-9012-8-std\/\",\"name\":\"DRB 9012-8 STD - Addio Electronics\",\"isPartOf\":{\"@id\":\"https:\/\/addio.eu\/pt-pt\/#website\"},\"primaryImageOfPage\":{\"@id\":\"https:\/\/addio.eu\/pt-pt\/produto\/drb-9012-8-std\/#primaryimage\"},\"image\":{\"@id\":\"https:\/\/addio.eu\/pt-pt\/produto\/drb-9012-8-std\/#primaryimage\"},\"thumbnailUrl\":\"https:\/\/addio.eu\/wp-content\/uploads\/2025\/03\/IMG_1788-scaled.jpg\",\"datePublished\":\"2025-03-24T09:47:26+00:00\",\"dateModified\":\"2026-02-10T16:48:22+00:00\",\"breadcrumb\":{\"@id\":\"https:\/\/addio.eu\/pt-pt\/produto\/drb-9012-8-std\/#breadcrumb\"},\"inLanguage\":\"pt-PT\",\"potentialAction\":[{\"@type\":\"ReadAction\",\"target\":[\"https:\/\/addio.eu\/pt-pt\/produto\/drb-9012-8-std\/\"]}]},{\"@type\":\"ImageObject\",\"inLanguage\":\"pt-PT\",\"@id\":\"https:\/\/addio.eu\/pt-pt\/produto\/drb-9012-8-std\/#primaryimage\",\"url\":\"https:\/\/addio.eu\/wp-content\/uploads\/2025\/03\/IMG_1788-scaled.jpg\",\"contentUrl\":\"https:\/\/addio.eu\/wp-content\/uploads\/2025\/03\/IMG_1788-scaled.jpg\",\"width\":2560,\"height\":1654},{\"@type\":\"BreadcrumbList\",\"@id\":\"https:\/\/addio.eu\/pt-pt\/produto\/drb-9012-8-std\/#breadcrumb\",\"itemListElement\":[{\"@type\":\"ListItem\",\"position\":1,\"name\":\"Home\",\"item\":\"https:\/\/addio.eu\/pt-pt\/pagina-inicial-da-addio\/\"},{\"@type\":\"ListItem\",\"position\":2,\"name\":\"Produtos\",\"item\":\"https:\/\/addio.eu\/pt-pt\/produtos\/\"},{\"@type\":\"ListItem\",\"position\":3,\"name\":\"DRB 9012-8 STD\"}]},{\"@type\":\"WebSite\",\"@id\":\"https:\/\/addio.eu\/pt-pt\/#website\",\"url\":\"https:\/\/addio.eu\/pt-pt\/\",\"name\":\"addio.eu\",\"description\":\"\",\"publisher\":{\"@id\":\"https:\/\/addio.eu\/pt-pt\/#organization\"},\"potentialAction\":[{\"@type\":\"SearchAction\",\"target\":{\"@type\":\"EntryPoint\",\"urlTemplate\":\"https:\/\/addio.eu\/pt-pt\/?s={search_term_string}\"},\"query-input\":{\"@type\":\"PropertyValueSpecification\",\"valueRequired\":true,\"valueName\":\"search_term_string\"}}],\"inLanguage\":\"pt-PT\"},{\"@type\":\"Organization\",\"@id\":\"https:\/\/addio.eu\/pt-pt\/#organization\",\"name\":\"Addio electronics\",\"url\":\"https:\/\/addio.eu\/pt-pt\/\",\"logo\":{\"@type\":\"ImageObject\",\"inLanguage\":\"pt-PT\",\"@id\":\"https:\/\/addio.eu\/pt-pt\/#\/schema\/logo\/image\/\",\"url\":\"https:\/\/addio.eu\/wp-content\/uploads\/2024\/10\/Lager_1-1.svg\",\"contentUrl\":\"https:\/\/addio.eu\/wp-content\/uploads\/2024\/10\/Lager_1-1.svg\",\"caption\":\"Addio electronics\"},\"image\":{\"@id\":\"https:\/\/addio.eu\/pt-pt\/#\/schema\/logo\/image\/\"},\"sameAs\":[\"https:\/\/www.facebook.com\/AddioElectronicsAB\/\",\"https:\/\/www.linkedin.com\/company\/addio-electronics-ab\"]}]}<\/script>\n<!-- \/ Yoast SEO plugin. -->","yoast_head_json":{"title":"DRB 9012-8 STD - Addio Electronics","robots":{"index":"index","follow":"follow","max-snippet":"max-snippet:-1","max-image-preview":"max-image-preview:large","max-video-preview":"max-video-preview:-1"},"canonical":"https:\/\/addio.eu\/pt-pt\/produto\/drb-9012-8-std\/","og_locale":"pt_PT","og_type":"article","og_title":"DRB 9012-8 STD - Addio Electronics","og_description":"A DRB 9012-8 STD \u00e9 a nossa unidade otimizada em termos de custo, com 8 sa\u00eddas e 8 entradas, e uma corrente total cont\u00ednua de 90 A distribu\u00edda por todas as sa\u00eddas. Em compara\u00e7\u00e3o com as unidades ADV, a STD n\u00e3o tem comunica\u00e7\u00e3o CAN bus, n\u00e3o tem ponte H integrada (controlo de motor), n\u00e3o tem LEDs por sa\u00edda e n\u00e3o tem resist\u00eancias pull-up integradas nas entradas para sinais de entrada a GND.A unidade STD n\u00e3o pode ser controlada pelos nossos SwitchPanels ou Handcontrol, uma vez que n\u00e3o possui quaisquer portas CAN\/COM.   Tal como todos os nossos DRB, a 9012-8 STD oferece uma vasta gama de funcionalidades, tais como:  Fun\u00e7\u00f5es de rel\u00e9 como flash, dimmer e temporizador  Fun\u00e7\u00e3o de fus\u00edvel atrav\u00e9s de interruptores de alta corrente  Prote\u00e7\u00e3o da bateria atrav\u00e9s de temporizadores ou prote\u00e7\u00e3o de tens\u00e3o, individualmente por sa\u00edda  Fun\u00e7\u00f5es l\u00f3gicas baseadas em regras  At\u00e9 tr\u00eas fun\u00e7\u00f5es diferentes por sa\u00edda, como constante ou intermitente As sa\u00eddas s\u00e3o protegidas digitalmente at\u00e9 25 Amperes por sa\u00edda (ajust\u00e1vel em intervalos de 5 A)","og_url":"https:\/\/addio.eu\/pt-pt\/produto\/drb-9012-8-std\/","og_site_name":"Addio Electronics","article_publisher":"https:\/\/www.facebook.com\/AddioElectronicsAB\/","article_modified_time":"2026-02-10T16:48:22+00:00","og_image":[{"width":2560,"height":1654,"url":"https:\/\/addio.eu\/wp-content\/uploads\/2025\/03\/IMG_1788-scaled.jpg","type":"image\/jpeg"}],"twitter_card":"summary_large_image","twitter_misc":{"Tempo estimado de leitura":"1 minuto"},"schema":{"@context":"https:\/\/schema.org","@graph":[{"@type":"WebPage","@id":"https:\/\/addio.eu\/pt-pt\/produto\/drb-9012-8-std\/","url":"https:\/\/addio.eu\/pt-pt\/produto\/drb-9012-8-std\/","name":"DRB 9012-8 STD - Addio Electronics","isPartOf":{"@id":"https:\/\/addio.eu\/pt-pt\/#website"},"primaryImageOfPage":{"@id":"https:\/\/addio.eu\/pt-pt\/produto\/drb-9012-8-std\/#primaryimage"},"image":{"@id":"https:\/\/addio.eu\/pt-pt\/produto\/drb-9012-8-std\/#primaryimage"},"thumbnailUrl":"https:\/\/addio.eu\/wp-content\/uploads\/2025\/03\/IMG_1788-scaled.jpg","datePublished":"2025-03-24T09:47:26+00:00","dateModified":"2026-02-10T16:48:22+00:00","breadcrumb":{"@id":"https:\/\/addio.eu\/pt-pt\/produto\/drb-9012-8-std\/#breadcrumb"},"inLanguage":"pt-PT","potentialAction":[{"@type":"ReadAction","target":["https:\/\/addio.eu\/pt-pt\/produto\/drb-9012-8-std\/"]}]},{"@type":"ImageObject","inLanguage":"pt-PT","@id":"https:\/\/addio.eu\/pt-pt\/produto\/drb-9012-8-std\/#primaryimage","url":"https:\/\/addio.eu\/wp-content\/uploads\/2025\/03\/IMG_1788-scaled.jpg","contentUrl":"https:\/\/addio.eu\/wp-content\/uploads\/2025\/03\/IMG_1788-scaled.jpg","width":2560,"height":1654},{"@type":"BreadcrumbList","@id":"https:\/\/addio.eu\/pt-pt\/produto\/drb-9012-8-std\/#breadcrumb","itemListElement":[{"@type":"ListItem","position":1,"name":"Home","item":"https:\/\/addio.eu\/pt-pt\/pagina-inicial-da-addio\/"},{"@type":"ListItem","position":2,"name":"Produtos","item":"https:\/\/addio.eu\/pt-pt\/produtos\/"},{"@type":"ListItem","position":3,"name":"DRB 9012-8 STD"}]},{"@type":"WebSite","@id":"https:\/\/addio.eu\/pt-pt\/#website","url":"https:\/\/addio.eu\/pt-pt\/","name":"addio.eu","description":"","publisher":{"@id":"https:\/\/addio.eu\/pt-pt\/#organization"},"potentialAction":[{"@type":"SearchAction","target":{"@type":"EntryPoint","urlTemplate":"https:\/\/addio.eu\/pt-pt\/?s={search_term_string}"},"query-input":{"@type":"PropertyValueSpecification","valueRequired":true,"valueName":"search_term_string"}}],"inLanguage":"pt-PT"},{"@type":"Organization","@id":"https:\/\/addio.eu\/pt-pt\/#organization","name":"Addio electronics","url":"https:\/\/addio.eu\/pt-pt\/","logo":{"@type":"ImageObject","inLanguage":"pt-PT","@id":"https:\/\/addio.eu\/pt-pt\/#\/schema\/logo\/image\/","url":"https:\/\/addio.eu\/wp-content\/uploads\/2024\/10\/Lager_1-1.svg","contentUrl":"https:\/\/addio.eu\/wp-content\/uploads\/2024\/10\/Lager_1-1.svg","caption":"Addio electronics"},"image":{"@id":"https:\/\/addio.eu\/pt-pt\/#\/schema\/logo\/image\/"},"sameAs":["https:\/\/www.facebook.com\/AddioElectronicsAB\/","https:\/\/www.linkedin.com\/company\/addio-electronics-ab"]}]}},"_links":{"self":[{"href":"https:\/\/addio.eu\/pt-pt\/wp-json\/wp\/v2\/product\/13157","targetHints":{"allow":["GET"]}}],"collection":[{"href":"https:\/\/addio.eu\/pt-pt\/wp-json\/wp\/v2\/product"}],"about":[{"href":"https:\/\/addio.eu\/pt-pt\/wp-json\/wp\/v2\/types\/product"}],"replies":[{"embeddable":true,"href":"https:\/\/addio.eu\/pt-pt\/wp-json\/wp\/v2\/comments?post=13157"}],"wp:featuredmedia":[{"embeddable":true,"href":"https:\/\/addio.eu\/pt-pt\/wp-json\/wp\/v2\/media\/13164"}],"wp:attachment":[{"href":"https:\/\/addio.eu\/pt-pt\/wp-json\/wp\/v2\/media?parent=13157"}],"wp:term":[{"taxonomy":"product_brand","embeddable":true,"href":"https:\/\/addio.eu\/pt-pt\/wp-json\/wp\/v2\/product_brand?post=13157"},{"taxonomy":"product_cat","embeddable":true,"href":"https:\/\/addio.eu\/pt-pt\/wp-json\/wp\/v2\/product_cat?post=13157"},{"taxonomy":"product_tag","embeddable":true,"href":"https:\/\/addio.eu\/pt-pt\/wp-json\/wp\/v2\/product_tag?post=13157"}],"curies":[{"name":"wp","href":"https:\/\/api.w.org\/{rel}","templated":true}]}}