{"id":11919,"date":"2025-03-07T11:23:24","date_gmt":"2025-03-07T11:23:24","guid":{"rendered":"https:\/\/addio.eu\/product\/can-hub-4\/"},"modified":"2025-03-07T11:23:24","modified_gmt":"2025-03-07T11:23:24","slug":"can-hub-4","status":"publish","type":"product","link":"https:\/\/addio.eu\/pt-pt\/produto\/can-hub-4\/","title":{"rendered":"CAN hub 4"},"content":{"rendered":"<p><strong>Tamanho<\/strong><br \/>\n77*37*21 mm<\/p>\n<p><strong>Peso<\/strong><\/p>\n","protected":false},"excerpt":{"rendered":"<p class=\"\" data-start=\"54\" data-end=\"234\">O CAN hub \u00e9 uma caixa de jun\u00e7\u00e3o para conectores CAN que permite ligar m\u00faltiplos dispositivos num sistema. A unidade n\u00e3o necessita de ser configurada, pois \u00e9 uma simples caixa de liga\u00e7\u00e3o. <\/p>\n<p class=\"\" data-start=\"236\" data-end=\"391\">\u00c9 utilizado como complemento quando os DRBs t\u00eam apenas um ou dois conectores, em casos onde pretende ligar sensores, teclados adicionais, CAN Master, etc.<\/p>\n","protected":false},"featured_media":5969,"comment_status":"open","ping_status":"closed","template":"","meta":[],"product_brand":[],"product_cat":[297],"product_tag":[],"class_list":{"0":"post-11919","1":"product","2":"type-product","3":"status-publish","4":"has-post-thumbnail","6":"product_cat-conectividade-can","8":"first","9":"instock","10":"shipping-taxable","11":"product-type-simple"},"yoast_head":"<!-- This site is optimized with the Yoast SEO plugin v26.0 - https:\/\/yoast.com\/wordpress\/plugins\/seo\/ -->\n<title>CAN hub 4 - Addio Electronics<\/title>\n<meta name=\"robots\" content=\"index, follow, max-snippet:-1, max-image-preview:large, max-video-preview:-1\" \/>\n<link rel=\"canonical\" href=\"https:\/\/addio.eu\/pt-pt\/produto\/can-hub-4\/\" \/>\n<meta property=\"og:locale\" content=\"pt_PT\" \/>\n<meta property=\"og:type\" content=\"article\" \/>\n<meta property=\"og:title\" content=\"CAN hub 4 - Addio Electronics\" \/>\n<meta property=\"og:description\" content=\"O CAN hub \u00e9 uma caixa de jun\u00e7\u00e3o para conectores CAN que permite ligar m\u00faltiplos dispositivos num sistema. A unidade n\u00e3o necessita de ser configurada, pois \u00e9 uma simples caixa de liga\u00e7\u00e3o. \u00c9 utilizado como complemento quando os DRBs t\u00eam apenas um ou dois conectores, em casos onde pretende ligar sensores, teclados adicionais, CAN Master, etc.\" \/>\n<meta property=\"og:url\" content=\"https:\/\/addio.eu\/pt-pt\/produto\/can-hub-4\/\" \/>\n<meta property=\"og:site_name\" content=\"Addio Electronics\" \/>\n<meta property=\"article:publisher\" content=\"https:\/\/www.facebook.com\/AddioElectronicsAB\/\" \/>\n<meta property=\"og:image\" content=\"https:\/\/addio.eu\/wp-content\/uploads\/2025\/03\/IMG_1711-scaled.jpg\" \/>\n\t<meta property=\"og:image:width\" content=\"2560\" \/>\n\t<meta property=\"og:image:height\" content=\"1679\" \/>\n\t<meta property=\"og:image:type\" content=\"image\/jpeg\" \/>\n<meta name=\"twitter:card\" content=\"summary_large_image\" \/>\n<script type=\"application\/ld+json\" class=\"yoast-schema-graph\">{\"@context\":\"https:\/\/schema.org\",\"@graph\":[{\"@type\":\"WebPage\",\"@id\":\"https:\/\/addio.eu\/pt-pt\/produto\/can-hub-4\/\",\"url\":\"https:\/\/addio.eu\/pt-pt\/produto\/can-hub-4\/\",\"name\":\"CAN hub 4 - Addio Electronics\",\"isPartOf\":{\"@id\":\"https:\/\/addio.eu\/pt-pt\/#website\"},\"primaryImageOfPage\":{\"@id\":\"https:\/\/addio.eu\/pt-pt\/produto\/can-hub-4\/#primaryimage\"},\"image\":{\"@id\":\"https:\/\/addio.eu\/pt-pt\/produto\/can-hub-4\/#primaryimage\"},\"thumbnailUrl\":\"https:\/\/addio.eu\/wp-content\/uploads\/2025\/03\/IMG_1711-scaled.jpg\",\"datePublished\":\"2025-03-07T11:23:24+00:00\",\"breadcrumb\":{\"@id\":\"https:\/\/addio.eu\/pt-pt\/produto\/can-hub-4\/#breadcrumb\"},\"inLanguage\":\"pt-PT\",\"potentialAction\":[{\"@type\":\"ReadAction\",\"target\":[\"https:\/\/addio.eu\/pt-pt\/produto\/can-hub-4\/\"]}]},{\"@type\":\"ImageObject\",\"inLanguage\":\"pt-PT\",\"@id\":\"https:\/\/addio.eu\/pt-pt\/produto\/can-hub-4\/#primaryimage\",\"url\":\"https:\/\/addio.eu\/wp-content\/uploads\/2025\/03\/IMG_1711-scaled.jpg\",\"contentUrl\":\"https:\/\/addio.eu\/wp-content\/uploads\/2025\/03\/IMG_1711-scaled.jpg\",\"width\":2560,\"height\":1679},{\"@type\":\"BreadcrumbList\",\"@id\":\"https:\/\/addio.eu\/pt-pt\/produto\/can-hub-4\/#breadcrumb\",\"itemListElement\":[{\"@type\":\"ListItem\",\"position\":1,\"name\":\"Home\",\"item\":\"https:\/\/addio.eu\/pt-pt\/pagina-inicial-da-addio\/\"},{\"@type\":\"ListItem\",\"position\":2,\"name\":\"Produtos\",\"item\":\"https:\/\/addio.eu\/pt-pt\/produtos\/\"},{\"@type\":\"ListItem\",\"position\":3,\"name\":\"CAN hub 4\"}]},{\"@type\":\"WebSite\",\"@id\":\"https:\/\/addio.eu\/pt-pt\/#website\",\"url\":\"https:\/\/addio.eu\/pt-pt\/\",\"name\":\"addio.eu\",\"description\":\"\",\"publisher\":{\"@id\":\"https:\/\/addio.eu\/pt-pt\/#organization\"},\"potentialAction\":[{\"@type\":\"SearchAction\",\"target\":{\"@type\":\"EntryPoint\",\"urlTemplate\":\"https:\/\/addio.eu\/pt-pt\/?s={search_term_string}\"},\"query-input\":{\"@type\":\"PropertyValueSpecification\",\"valueRequired\":true,\"valueName\":\"search_term_string\"}}],\"inLanguage\":\"pt-PT\"},{\"@type\":\"Organization\",\"@id\":\"https:\/\/addio.eu\/pt-pt\/#organization\",\"name\":\"Addio electronics\",\"url\":\"https:\/\/addio.eu\/pt-pt\/\",\"logo\":{\"@type\":\"ImageObject\",\"inLanguage\":\"pt-PT\",\"@id\":\"https:\/\/addio.eu\/pt-pt\/#\/schema\/logo\/image\/\",\"url\":\"https:\/\/addio.eu\/wp-content\/uploads\/2024\/10\/Lager_1-1.svg\",\"contentUrl\":\"https:\/\/addio.eu\/wp-content\/uploads\/2024\/10\/Lager_1-1.svg\",\"caption\":\"Addio electronics\"},\"image\":{\"@id\":\"https:\/\/addio.eu\/pt-pt\/#\/schema\/logo\/image\/\"},\"sameAs\":[\"https:\/\/www.facebook.com\/AddioElectronicsAB\/\",\"https:\/\/www.linkedin.com\/company\/addio-electronics-ab\"]}]}<\/script>\n<!-- \/ Yoast SEO plugin. -->","yoast_head_json":{"title":"CAN hub 4 - Addio Electronics","robots":{"index":"index","follow":"follow","max-snippet":"max-snippet:-1","max-image-preview":"max-image-preview:large","max-video-preview":"max-video-preview:-1"},"canonical":"https:\/\/addio.eu\/pt-pt\/produto\/can-hub-4\/","og_locale":"pt_PT","og_type":"article","og_title":"CAN hub 4 - Addio Electronics","og_description":"O CAN hub \u00e9 uma caixa de jun\u00e7\u00e3o para conectores CAN que permite ligar m\u00faltiplos dispositivos num sistema. A unidade n\u00e3o necessita de ser configurada, pois \u00e9 uma simples caixa de liga\u00e7\u00e3o. \u00c9 utilizado como complemento quando os DRBs t\u00eam apenas um ou dois conectores, em casos onde pretende ligar sensores, teclados adicionais, CAN Master, etc.","og_url":"https:\/\/addio.eu\/pt-pt\/produto\/can-hub-4\/","og_site_name":"Addio Electronics","article_publisher":"https:\/\/www.facebook.com\/AddioElectronicsAB\/","og_image":[{"width":2560,"height":1679,"url":"https:\/\/addio.eu\/wp-content\/uploads\/2025\/03\/IMG_1711-scaled.jpg","type":"image\/jpeg"}],"twitter_card":"summary_large_image","schema":{"@context":"https:\/\/schema.org","@graph":[{"@type":"WebPage","@id":"https:\/\/addio.eu\/pt-pt\/produto\/can-hub-4\/","url":"https:\/\/addio.eu\/pt-pt\/produto\/can-hub-4\/","name":"CAN hub 4 - Addio Electronics","isPartOf":{"@id":"https:\/\/addio.eu\/pt-pt\/#website"},"primaryImageOfPage":{"@id":"https:\/\/addio.eu\/pt-pt\/produto\/can-hub-4\/#primaryimage"},"image":{"@id":"https:\/\/addio.eu\/pt-pt\/produto\/can-hub-4\/#primaryimage"},"thumbnailUrl":"https:\/\/addio.eu\/wp-content\/uploads\/2025\/03\/IMG_1711-scaled.jpg","datePublished":"2025-03-07T11:23:24+00:00","breadcrumb":{"@id":"https:\/\/addio.eu\/pt-pt\/produto\/can-hub-4\/#breadcrumb"},"inLanguage":"pt-PT","potentialAction":[{"@type":"ReadAction","target":["https:\/\/addio.eu\/pt-pt\/produto\/can-hub-4\/"]}]},{"@type":"ImageObject","inLanguage":"pt-PT","@id":"https:\/\/addio.eu\/pt-pt\/produto\/can-hub-4\/#primaryimage","url":"https:\/\/addio.eu\/wp-content\/uploads\/2025\/03\/IMG_1711-scaled.jpg","contentUrl":"https:\/\/addio.eu\/wp-content\/uploads\/2025\/03\/IMG_1711-scaled.jpg","width":2560,"height":1679},{"@type":"BreadcrumbList","@id":"https:\/\/addio.eu\/pt-pt\/produto\/can-hub-4\/#breadcrumb","itemListElement":[{"@type":"ListItem","position":1,"name":"Home","item":"https:\/\/addio.eu\/pt-pt\/pagina-inicial-da-addio\/"},{"@type":"ListItem","position":2,"name":"Produtos","item":"https:\/\/addio.eu\/pt-pt\/produtos\/"},{"@type":"ListItem","position":3,"name":"CAN hub 4"}]},{"@type":"WebSite","@id":"https:\/\/addio.eu\/pt-pt\/#website","url":"https:\/\/addio.eu\/pt-pt\/","name":"addio.eu","description":"","publisher":{"@id":"https:\/\/addio.eu\/pt-pt\/#organization"},"potentialAction":[{"@type":"SearchAction","target":{"@type":"EntryPoint","urlTemplate":"https:\/\/addio.eu\/pt-pt\/?s={search_term_string}"},"query-input":{"@type":"PropertyValueSpecification","valueRequired":true,"valueName":"search_term_string"}}],"inLanguage":"pt-PT"},{"@type":"Organization","@id":"https:\/\/addio.eu\/pt-pt\/#organization","name":"Addio electronics","url":"https:\/\/addio.eu\/pt-pt\/","logo":{"@type":"ImageObject","inLanguage":"pt-PT","@id":"https:\/\/addio.eu\/pt-pt\/#\/schema\/logo\/image\/","url":"https:\/\/addio.eu\/wp-content\/uploads\/2024\/10\/Lager_1-1.svg","contentUrl":"https:\/\/addio.eu\/wp-content\/uploads\/2024\/10\/Lager_1-1.svg","caption":"Addio electronics"},"image":{"@id":"https:\/\/addio.eu\/pt-pt\/#\/schema\/logo\/image\/"},"sameAs":["https:\/\/www.facebook.com\/AddioElectronicsAB\/","https:\/\/www.linkedin.com\/company\/addio-electronics-ab"]}]}},"_links":{"self":[{"href":"https:\/\/addio.eu\/pt-pt\/wp-json\/wp\/v2\/product\/11919","targetHints":{"allow":["GET"]}}],"collection":[{"href":"https:\/\/addio.eu\/pt-pt\/wp-json\/wp\/v2\/product"}],"about":[{"href":"https:\/\/addio.eu\/pt-pt\/wp-json\/wp\/v2\/types\/product"}],"replies":[{"embeddable":true,"href":"https:\/\/addio.eu\/pt-pt\/wp-json\/wp\/v2\/comments?post=11919"}],"wp:featuredmedia":[{"embeddable":true,"href":"https:\/\/addio.eu\/pt-pt\/wp-json\/wp\/v2\/media\/5969"}],"wp:attachment":[{"href":"https:\/\/addio.eu\/pt-pt\/wp-json\/wp\/v2\/media?parent=11919"}],"wp:term":[{"taxonomy":"product_brand","embeddable":true,"href":"https:\/\/addio.eu\/pt-pt\/wp-json\/wp\/v2\/product_brand?post=11919"},{"taxonomy":"product_cat","embeddable":true,"href":"https:\/\/addio.eu\/pt-pt\/wp-json\/wp\/v2\/product_cat?post=11919"},{"taxonomy":"product_tag","embeddable":true,"href":"https:\/\/addio.eu\/pt-pt\/wp-json\/wp\/v2\/product_tag?post=11919"}],"curies":[{"name":"wp","href":"https:\/\/api.w.org\/{rel}","templated":true}]}}