{"id":11773,"date":"2025-03-07T11:01:36","date_gmt":"2025-03-07T11:01:36","guid":{"rendered":"https:\/\/addio.eu\/product\/unidade-de-entrada-de-22-canais\/"},"modified":"2025-03-07T11:01:36","modified_gmt":"2025-03-07T11:01:36","slug":"unidade-de-entrada-de-22-canais","status":"publish","type":"product","link":"https:\/\/addio.eu\/pt-pt\/produto\/unidade-de-entrada-de-22-canais\/","title":{"rendered":"Unidade de entrada de 22 canais"},"content":{"rendered":"<p><strong>Dimens\u00f5es<\/strong><br \/>\n74*71*21 mm<\/p>\n<p><strong>Peso<\/strong><br \/>\n53 g<\/p>\n","protected":false},"excerpt":{"rendered":"<p class=\"\" data-start=\"72\" data-end=\"283\">Como acess\u00f3rio para os DRBs ADV, existe uma unidade de entrada com 22 entradas que se liga \u00e0 porta COM\/CAN dos DRBs.<\/p>\n<p class=\"\" data-start=\"285\" data-end=\"538\">A unidade possui 3 conectores destac\u00e1veis de 8 pinos. As entradas s\u00e3o identificadas como A, B e C, onde a entrada A tem 6 entradas juntamente com liga\u00e7\u00f5es de energia positiva e negativa que podem ser utilizadas para alimentar bot\u00f5es externos. As entradas B e C t\u00eam cada uma 8 entradas, numeradas de 1 a 8.  <\/p>\n<p class=\"\" data-start=\"540\" data-end=\"683\">A porta de comunica\u00e7\u00e3o consiste em conectores RJ-10 duplos, que s\u00e3o id\u00eanticos e ligados em paralelo, permitindo a utiliza\u00e7\u00e3o de qualquer um dos conectores.<\/p>\n<p class=\"\" data-start=\"30\" data-end=\"270\"><strong>Crie o seu pr\u00f3prio teclado<\/strong><br \/>\nSe pretender criar o seu pr\u00f3prio teclado com at\u00e9 22 bot\u00f5es personaliz\u00e1veis, como bot\u00f5es robustos para utiliza\u00e7\u00e3o no exterior, pode ligar os bot\u00f5es individuais a esta unidade, que \u00e9 depois ligada \u00e0 unidade DRB atrav\u00e9s de um cabo simples (via CANBus).<\/p>\n<p class=\"\" data-start=\"272\" data-end=\"401\">Num sistema Addio, podem ser ligadas 2 unidades, permitindo ter 22 fun\u00e7\u00f5es \u00fanicas em paralelo atrav\u00e9s de dois teclados id\u00eanticos<\/p>\n","protected":false},"featured_media":5891,"comment_status":"open","ping_status":"closed","template":"","meta":[],"product_brand":[],"product_cat":[297],"product_tag":[],"class_list":{"0":"post-11773","1":"product","2":"type-product","3":"status-publish","4":"has-post-thumbnail","6":"product_cat-conectividade-can","8":"first","9":"instock","10":"shipping-taxable","11":"product-type-simple"},"yoast_head":"<!-- This site is optimized with the Yoast SEO plugin v26.0 - https:\/\/yoast.com\/wordpress\/plugins\/seo\/ -->\n<title>Unidade de entrada de 22 canais - Addio Electronics<\/title>\n<meta name=\"robots\" content=\"index, follow, max-snippet:-1, max-image-preview:large, max-video-preview:-1\" \/>\n<link rel=\"canonical\" href=\"https:\/\/addio.eu\/pt-pt\/produto\/unidade-de-entrada-de-22-canais\/\" \/>\n<meta property=\"og:locale\" content=\"pt_PT\" \/>\n<meta property=\"og:type\" content=\"article\" \/>\n<meta property=\"og:title\" content=\"Unidade de entrada de 22 canais - Addio Electronics\" \/>\n<meta property=\"og:description\" content=\"Como acess\u00f3rio para os DRBs ADV, existe uma unidade de entrada com 22 entradas que se liga \u00e0 porta COM\/CAN dos DRBs. A unidade possui 3 conectores destac\u00e1veis de 8 pinos. As entradas s\u00e3o identificadas como A, B e C, onde a entrada A tem 6 entradas juntamente com liga\u00e7\u00f5es de energia positiva e negativa que podem ser utilizadas para alimentar bot\u00f5es externos. As entradas B e C t\u00eam cada uma 8 entradas, numeradas de 1 a 8.  A porta de comunica\u00e7\u00e3o consiste em conectores RJ-10 duplos, que s\u00e3o id\u00eanticos e ligados em paralelo, permitindo a utiliza\u00e7\u00e3o de qualquer um dos conectores. Crie o seu pr\u00f3prio teclado Se pretender criar o seu pr\u00f3prio teclado com at\u00e9 22 bot\u00f5es personaliz\u00e1veis, como bot\u00f5es robustos para utiliza\u00e7\u00e3o no exterior, pode ligar os bot\u00f5es individuais a esta unidade, que \u00e9 depois ligada \u00e0 unidade DRB atrav\u00e9s de um cabo simples (via CANBus). Num sistema Addio, podem ser ligadas 2 unidades, permitindo ter 22 fun\u00e7\u00f5es \u00fanicas em paralelo atrav\u00e9s de dois teclados id\u00eanticos\" \/>\n<meta property=\"og:url\" content=\"https:\/\/addio.eu\/pt-pt\/produto\/unidade-de-entrada-de-22-canais\/\" \/>\n<meta property=\"og:site_name\" content=\"Addio Electronics\" \/>\n<meta property=\"article:publisher\" content=\"https:\/\/www.facebook.com\/AddioElectronicsAB\/\" \/>\n<meta property=\"og:image\" content=\"https:\/\/addio.eu\/wp-content\/uploads\/2025\/03\/IMG_1659-scaled.jpg\" \/>\n\t<meta property=\"og:image:width\" content=\"2560\" \/>\n\t<meta property=\"og:image:height\" content=\"1920\" \/>\n\t<meta property=\"og:image:type\" content=\"image\/jpeg\" \/>\n<meta name=\"twitter:card\" content=\"summary_large_image\" \/>\n<script type=\"application\/ld+json\" class=\"yoast-schema-graph\">{\"@context\":\"https:\/\/schema.org\",\"@graph\":[{\"@type\":\"WebPage\",\"@id\":\"https:\/\/addio.eu\/pt-pt\/produto\/unidade-de-entrada-de-22-canais\/\",\"url\":\"https:\/\/addio.eu\/pt-pt\/produto\/unidade-de-entrada-de-22-canais\/\",\"name\":\"Unidade de entrada de 22 canais - Addio Electronics\",\"isPartOf\":{\"@id\":\"https:\/\/addio.eu\/pt-pt\/#website\"},\"primaryImageOfPage\":{\"@id\":\"https:\/\/addio.eu\/pt-pt\/produto\/unidade-de-entrada-de-22-canais\/#primaryimage\"},\"image\":{\"@id\":\"https:\/\/addio.eu\/pt-pt\/produto\/unidade-de-entrada-de-22-canais\/#primaryimage\"},\"thumbnailUrl\":\"https:\/\/addio.eu\/wp-content\/uploads\/2025\/03\/IMG_1659-scaled.jpg\",\"datePublished\":\"2025-03-07T11:01:36+00:00\",\"breadcrumb\":{\"@id\":\"https:\/\/addio.eu\/pt-pt\/produto\/unidade-de-entrada-de-22-canais\/#breadcrumb\"},\"inLanguage\":\"pt-PT\",\"potentialAction\":[{\"@type\":\"ReadAction\",\"target\":[\"https:\/\/addio.eu\/pt-pt\/produto\/unidade-de-entrada-de-22-canais\/\"]}]},{\"@type\":\"ImageObject\",\"inLanguage\":\"pt-PT\",\"@id\":\"https:\/\/addio.eu\/pt-pt\/produto\/unidade-de-entrada-de-22-canais\/#primaryimage\",\"url\":\"https:\/\/addio.eu\/wp-content\/uploads\/2025\/03\/IMG_1659-scaled.jpg\",\"contentUrl\":\"https:\/\/addio.eu\/wp-content\/uploads\/2025\/03\/IMG_1659-scaled.jpg\",\"width\":2560,\"height\":1920},{\"@type\":\"BreadcrumbList\",\"@id\":\"https:\/\/addio.eu\/pt-pt\/produto\/unidade-de-entrada-de-22-canais\/#breadcrumb\",\"itemListElement\":[{\"@type\":\"ListItem\",\"position\":1,\"name\":\"Home\",\"item\":\"https:\/\/addio.eu\/pt-pt\/pagina-inicial-da-addio\/\"},{\"@type\":\"ListItem\",\"position\":2,\"name\":\"Produtos\",\"item\":\"https:\/\/addio.eu\/pt-pt\/produtos\/\"},{\"@type\":\"ListItem\",\"position\":3,\"name\":\"Unidade de entrada de 22 canais\"}]},{\"@type\":\"WebSite\",\"@id\":\"https:\/\/addio.eu\/pt-pt\/#website\",\"url\":\"https:\/\/addio.eu\/pt-pt\/\",\"name\":\"addio.eu\",\"description\":\"\",\"publisher\":{\"@id\":\"https:\/\/addio.eu\/pt-pt\/#organization\"},\"potentialAction\":[{\"@type\":\"SearchAction\",\"target\":{\"@type\":\"EntryPoint\",\"urlTemplate\":\"https:\/\/addio.eu\/pt-pt\/?s={search_term_string}\"},\"query-input\":{\"@type\":\"PropertyValueSpecification\",\"valueRequired\":true,\"valueName\":\"search_term_string\"}}],\"inLanguage\":\"pt-PT\"},{\"@type\":\"Organization\",\"@id\":\"https:\/\/addio.eu\/pt-pt\/#organization\",\"name\":\"Addio electronics\",\"url\":\"https:\/\/addio.eu\/pt-pt\/\",\"logo\":{\"@type\":\"ImageObject\",\"inLanguage\":\"pt-PT\",\"@id\":\"https:\/\/addio.eu\/pt-pt\/#\/schema\/logo\/image\/\",\"url\":\"https:\/\/addio.eu\/wp-content\/uploads\/2024\/10\/Lager_1-1.svg\",\"contentUrl\":\"https:\/\/addio.eu\/wp-content\/uploads\/2024\/10\/Lager_1-1.svg\",\"caption\":\"Addio electronics\"},\"image\":{\"@id\":\"https:\/\/addio.eu\/pt-pt\/#\/schema\/logo\/image\/\"},\"sameAs\":[\"https:\/\/www.facebook.com\/AddioElectronicsAB\/\",\"https:\/\/www.linkedin.com\/company\/addio-electronics-ab\"]}]}<\/script>\n<!-- \/ Yoast SEO plugin. -->","yoast_head_json":{"title":"Unidade de entrada de 22 canais - Addio Electronics","robots":{"index":"index","follow":"follow","max-snippet":"max-snippet:-1","max-image-preview":"max-image-preview:large","max-video-preview":"max-video-preview:-1"},"canonical":"https:\/\/addio.eu\/pt-pt\/produto\/unidade-de-entrada-de-22-canais\/","og_locale":"pt_PT","og_type":"article","og_title":"Unidade de entrada de 22 canais - Addio Electronics","og_description":"Como acess\u00f3rio para os DRBs ADV, existe uma unidade de entrada com 22 entradas que se liga \u00e0 porta COM\/CAN dos DRBs. A unidade possui 3 conectores destac\u00e1veis de 8 pinos. As entradas s\u00e3o identificadas como A, B e C, onde a entrada A tem 6 entradas juntamente com liga\u00e7\u00f5es de energia positiva e negativa que podem ser utilizadas para alimentar bot\u00f5es externos. As entradas B e C t\u00eam cada uma 8 entradas, numeradas de 1 a 8.  A porta de comunica\u00e7\u00e3o consiste em conectores RJ-10 duplos, que s\u00e3o id\u00eanticos e ligados em paralelo, permitindo a utiliza\u00e7\u00e3o de qualquer um dos conectores. Crie o seu pr\u00f3prio teclado Se pretender criar o seu pr\u00f3prio teclado com at\u00e9 22 bot\u00f5es personaliz\u00e1veis, como bot\u00f5es robustos para utiliza\u00e7\u00e3o no exterior, pode ligar os bot\u00f5es individuais a esta unidade, que \u00e9 depois ligada \u00e0 unidade DRB atrav\u00e9s de um cabo simples (via CANBus). Num sistema Addio, podem ser ligadas 2 unidades, permitindo ter 22 fun\u00e7\u00f5es \u00fanicas em paralelo atrav\u00e9s de dois teclados id\u00eanticos","og_url":"https:\/\/addio.eu\/pt-pt\/produto\/unidade-de-entrada-de-22-canais\/","og_site_name":"Addio Electronics","article_publisher":"https:\/\/www.facebook.com\/AddioElectronicsAB\/","og_image":[{"width":2560,"height":1920,"url":"https:\/\/addio.eu\/wp-content\/uploads\/2025\/03\/IMG_1659-scaled.jpg","type":"image\/jpeg"}],"twitter_card":"summary_large_image","schema":{"@context":"https:\/\/schema.org","@graph":[{"@type":"WebPage","@id":"https:\/\/addio.eu\/pt-pt\/produto\/unidade-de-entrada-de-22-canais\/","url":"https:\/\/addio.eu\/pt-pt\/produto\/unidade-de-entrada-de-22-canais\/","name":"Unidade de entrada de 22 canais - Addio Electronics","isPartOf":{"@id":"https:\/\/addio.eu\/pt-pt\/#website"},"primaryImageOfPage":{"@id":"https:\/\/addio.eu\/pt-pt\/produto\/unidade-de-entrada-de-22-canais\/#primaryimage"},"image":{"@id":"https:\/\/addio.eu\/pt-pt\/produto\/unidade-de-entrada-de-22-canais\/#primaryimage"},"thumbnailUrl":"https:\/\/addio.eu\/wp-content\/uploads\/2025\/03\/IMG_1659-scaled.jpg","datePublished":"2025-03-07T11:01:36+00:00","breadcrumb":{"@id":"https:\/\/addio.eu\/pt-pt\/produto\/unidade-de-entrada-de-22-canais\/#breadcrumb"},"inLanguage":"pt-PT","potentialAction":[{"@type":"ReadAction","target":["https:\/\/addio.eu\/pt-pt\/produto\/unidade-de-entrada-de-22-canais\/"]}]},{"@type":"ImageObject","inLanguage":"pt-PT","@id":"https:\/\/addio.eu\/pt-pt\/produto\/unidade-de-entrada-de-22-canais\/#primaryimage","url":"https:\/\/addio.eu\/wp-content\/uploads\/2025\/03\/IMG_1659-scaled.jpg","contentUrl":"https:\/\/addio.eu\/wp-content\/uploads\/2025\/03\/IMG_1659-scaled.jpg","width":2560,"height":1920},{"@type":"BreadcrumbList","@id":"https:\/\/addio.eu\/pt-pt\/produto\/unidade-de-entrada-de-22-canais\/#breadcrumb","itemListElement":[{"@type":"ListItem","position":1,"name":"Home","item":"https:\/\/addio.eu\/pt-pt\/pagina-inicial-da-addio\/"},{"@type":"ListItem","position":2,"name":"Produtos","item":"https:\/\/addio.eu\/pt-pt\/produtos\/"},{"@type":"ListItem","position":3,"name":"Unidade de entrada de 22 canais"}]},{"@type":"WebSite","@id":"https:\/\/addio.eu\/pt-pt\/#website","url":"https:\/\/addio.eu\/pt-pt\/","name":"addio.eu","description":"","publisher":{"@id":"https:\/\/addio.eu\/pt-pt\/#organization"},"potentialAction":[{"@type":"SearchAction","target":{"@type":"EntryPoint","urlTemplate":"https:\/\/addio.eu\/pt-pt\/?s={search_term_string}"},"query-input":{"@type":"PropertyValueSpecification","valueRequired":true,"valueName":"search_term_string"}}],"inLanguage":"pt-PT"},{"@type":"Organization","@id":"https:\/\/addio.eu\/pt-pt\/#organization","name":"Addio electronics","url":"https:\/\/addio.eu\/pt-pt\/","logo":{"@type":"ImageObject","inLanguage":"pt-PT","@id":"https:\/\/addio.eu\/pt-pt\/#\/schema\/logo\/image\/","url":"https:\/\/addio.eu\/wp-content\/uploads\/2024\/10\/Lager_1-1.svg","contentUrl":"https:\/\/addio.eu\/wp-content\/uploads\/2024\/10\/Lager_1-1.svg","caption":"Addio electronics"},"image":{"@id":"https:\/\/addio.eu\/pt-pt\/#\/schema\/logo\/image\/"},"sameAs":["https:\/\/www.facebook.com\/AddioElectronicsAB\/","https:\/\/www.linkedin.com\/company\/addio-electronics-ab"]}]}},"_links":{"self":[{"href":"https:\/\/addio.eu\/pt-pt\/wp-json\/wp\/v2\/product\/11773","targetHints":{"allow":["GET"]}}],"collection":[{"href":"https:\/\/addio.eu\/pt-pt\/wp-json\/wp\/v2\/product"}],"about":[{"href":"https:\/\/addio.eu\/pt-pt\/wp-json\/wp\/v2\/types\/product"}],"replies":[{"embeddable":true,"href":"https:\/\/addio.eu\/pt-pt\/wp-json\/wp\/v2\/comments?post=11773"}],"wp:featuredmedia":[{"embeddable":true,"href":"https:\/\/addio.eu\/pt-pt\/wp-json\/wp\/v2\/media\/5891"}],"wp:attachment":[{"href":"https:\/\/addio.eu\/pt-pt\/wp-json\/wp\/v2\/media?parent=11773"}],"wp:term":[{"taxonomy":"product_brand","embeddable":true,"href":"https:\/\/addio.eu\/pt-pt\/wp-json\/wp\/v2\/product_brand?post=11773"},{"taxonomy":"product_cat","embeddable":true,"href":"https:\/\/addio.eu\/pt-pt\/wp-json\/wp\/v2\/product_cat?post=11773"},{"taxonomy":"product_tag","embeddable":true,"href":"https:\/\/addio.eu\/pt-pt\/wp-json\/wp\/v2\/product_tag?post=11773"}],"curies":[{"name":"wp","href":"https:\/\/api.w.org\/{rel}","templated":true}]}}