{"id":9849,"date":"2024-10-18T18:10:36","date_gmt":"2024-10-18T18:10:36","guid":{"rendered":"https:\/\/addio.eu\/politica-de-cookies\/"},"modified":"2025-10-07T11:35:14","modified_gmt":"2025-10-07T11:35:14","slug":"politica-de-cookies","status":"publish","type":"page","link":"https:\/\/addio.eu\/pt-pt\/politica-de-cookies\/","title":{"rendered":"Pol\u00edtica de cookies"},"content":{"rendered":"\t\t<div data-elementor-type=\"wp-page\" data-elementor-id=\"9849\" class=\"elementor elementor-9849 elementor-2366\" data-elementor-post-type=\"page\">\n\t\t\t\t<div class=\"elementor-element elementor-element-482efb4 e-flex e-con-boxed e-con e-parent\" data-id=\"482efb4\" data-element_type=\"container\">\n\t\t\t\t\t<div class=\"e-con-inner\">\n\t\t<div class=\"elementor-element elementor-element-4abc206 e-con-full e-flex e-con e-child\" data-id=\"4abc206\" data-element_type=\"container\">\n\t\t<div class=\"elementor-element elementor-element-79a61e0 e-con-full e-flex e-con e-child\" data-id=\"79a61e0\" data-element_type=\"container\">\n\t\t\t\t<div class=\"elementor-element elementor-element-2ef6fc3 elementor-widget elementor-widget-text-editor\" data-id=\"2ef6fc3\" data-element_type=\"widget\" data-widget_type=\"text-editor.default\">\n\t\t\t\t<div class=\"elementor-widget-container\">\n\t\t\t\t\t\t\t\t\t<p><strong>Atualizada a 30 de setembro<\/strong><\/p><p><strong>Na Addio, utilizamos cookies e tecnologias de rastreamento semelhantes no nosso s\u00edtio Web (https:\/\/addio.eu) para melhorar a sua experi\u00eancia, analisar a utiliza\u00e7\u00e3o e garantir que os nossos servi\u00e7os funcionam de forma eficiente. Esta Pol\u00edtica de Cookies explica o que s\u00e3o cookies, como os utilizamos, as suas op\u00e7\u00f5es relativamente \u00e0 sua utiliza\u00e7\u00e3o e como pode gerir as suas prefer\u00eancias de cookies. <\/strong><\/p><p><strong>1. O que s\u00e3o cookies?<\/strong><br>Os cookies s\u00e3o pequenos ficheiros de texto que s\u00e3o armazenados no seu dispositivo (computador, tablet ou smartphone) quando visita um s\u00edtio Web. Permitem que o s\u00edtio Web se lembre das suas a\u00e7\u00f5es e prefer\u00eancias (tais como detalhes de in\u00edcio de sess\u00e3o, idioma e prefer\u00eancias de visualiza\u00e7\u00e3o) durante um determinado per\u00edodo de tempo, para que n\u00e3o tenha de os reintroduzir sempre que visita o s\u00edtio ou navega entre p\u00e1ginas.<br>Existem diferentes tipos de cookies que utilizamos no nosso s\u00edtio Web, e cada um tem um prop\u00f3sito espec\u00edfico. <\/p><p><strong>2. Tipos de Cookies que Utilizamos<\/strong><br>\n  <strong>2.1 Cookies Essenciais<br>Estes cookies s\u00e3o necess\u00e1rios para que o s\u00edtio Web funcione corretamente. Sem eles, poder\u00e1 n\u00e3o conseguir utilizar determinadas funcionalidades, tais como aceder a \u00e1reas seguras do s\u00edtio Web ou concluir transa\u00e7\u00f5es.\u2028Os exemplos incluem:<\/strong>\n<\/p><ul><li>Cookies de gest\u00e3o de sess\u00e3o para lhe permitir iniciar sess\u00e3o e utilizar o portal do cliente.<\/li><li>Cookies para manter a seguran\u00e7a e a integridade dos nossos servi\u00e7os.<br><br><\/li><\/ul><p><strong>2.2 Cookies de Desempenho e An\u00e1lise<\/strong><br>Estes cookies ajudam-nos a compreender como os visitantes interagem com o nosso s\u00edtio Web, recolhendo informa\u00e7\u00f5es de forma an\u00f3nima. Utilizamos estes cookies para analisar o comportamento dos visitantes, rastrear padr\u00f5es de utiliza\u00e7\u00e3o e melhorar a funcionalidade e o desempenho geral do s\u00edtio Web.\u2028Os exemplos incluem:<\/p><ul><li>Cookies do Google Analytics para rastrear o tr\u00e1fego do s\u00edtio Web e as tend\u00eancias de utiliza\u00e7\u00e3o.<br><br><\/li><\/ul><p><strong>2.3 Cookies de Funcionalidade<\/strong><br>Os cookies de funcionalidade permitem-nos lembrar as suas prefer\u00eancias e fornecer funcionalidades personalizadas. Estes cookies ajudam a melhorar a experi\u00eancia do utilizador, lembrando as escolhas que fez, tais como as defini\u00e7\u00f5es de idioma ou as prefer\u00eancias de compras anteriores. <\/p><p><br><strong>2..4 Cookies de Publicidade e Segmenta\u00e7\u00e3o<br>Estes cookies s\u00e3o utilizados para lhe apresentar an\u00fancios relevantes com base nos seus interesses. Rastreiam os seus h\u00e1bitos de navega\u00e7\u00e3o e permitem-nos fornecer-lhe an\u00fancios direcionados no nosso s\u00edtio ou em plataformas de terceiros. Estes cookies tamb\u00e9m limitam o n\u00famero de vezes que v\u00ea um an\u00fancio e ajudam a medir a efic\u00e1cia das nossas campanhas publicit\u00e1rias.<\/strong>  <\/p><p><strong>2.5 Cookies de Terceiros<\/strong><br>Podemos permitir que fornecedores de servi\u00e7os terceiros, tais como o Google, coloquem cookies no seu dispositivo para fins de an\u00e1lise e publicidade. Estes cookies de terceiros est\u00e3o sujeitos \u00e0s suas pr\u00f3prias pol\u00edticas de privacidade e cookies, e n\u00e3o temos controlo sobre as informa\u00e7\u00f5es que recolhem. <\/p><p><strong>3. Como Utilizamos os Cookies<br>Utilizamos cookies por v\u00e1rios motivos, incluindo:<\/strong><\/p><ul><li>Para lembrar as suas informa\u00e7\u00f5es de in\u00edcio de sess\u00e3o e mant\u00ea-lo(a) com a sess\u00e3o iniciada.<\/li><li>Para facilitar o processamento das suas encomendas e garantir a seguran\u00e7a das nossas transa\u00e7\u00f5es.<\/li><li>Para analisar e melhorar o desempenho e o design do nosso s\u00edtio Web.<\/li><li>Para compreender como os utilizadores interagem com o nosso s\u00edtio Web e melhorar a usabilidade.<\/li><li>Para mostrar conte\u00fado e an\u00fancios personalizados com base no seu comportamento de navega\u00e7\u00e3o.<br><br><\/li><\/ul><p><strong>4. A Sua Escolha Relativamente aos Cookies <\/strong><br>Tem o direito de aceitar ou rejeitar cookies no nosso s\u00edtio Web. Na sua primeira visita ao nosso s\u00edtio Web, ser-lhe-\u00e1 apresentado um banner de consentimento de cookies que lhe permite gerir as suas prefer\u00eancias.\u2028 <\/p><p><strong>4.1 Gerir as Prefer\u00eancias de Cookies<br>Pode gerir ou desativar os cookies a qualquer momento, ajustando as defini\u00e7\u00f5es no seu navegador. Cada navegador oferece diferentes formas de configurar as prefer\u00eancias de cookies. Abaixo est\u00e3o links para gerir cookies em navegadores populares:<\/strong>  <\/p><ul><li>Google Chrome<\/li><li><a href=\"https:\/\/support.mozilla.org\/en-US\/kb\/enable-and-disable-cookies-website-preferences\">M<\/a><a href=\"https:\/\/support.mozilla.org\/en-US\/kb\/enable-and-disable-cookies-website-preferences\">ozilla Firefox<\/a><\/li><li><a href=\"https:\/\/support.apple.com\/guide\/safari\/manage-cookies-and-website-data-sfri11471\/mac\">Apple Safari<\/a><\/li><li><a href=\"https:\/\/support.microsoft.com\/en-us\/help\/4027947\/microsoft-edge-delete-cookies\">Microsoft Edge<\/a><\/li><\/ul><p>Tenha em aten\u00e7\u00e3o que a desativa\u00e7\u00e3o de cookies pode afetar a funcionalidade do nosso s\u00edtio Web e poder\u00e1 n\u00e3o conseguir aceder a determinadas funcionalidades.\u2028<br>\n  <br>\n    <strong>4.2 Retirar o Consentimento de Cookies<br>Se consentiu anteriormente com a utiliza\u00e7\u00e3o de cookies e gostaria de retirar o seu consentimento, pode faz\u00ea-lo limpando os cookies armazenados nas defini\u00e7\u00f5es do seu navegador ou ajustando as suas prefer\u00eancias de cookies atrav\u00e9s da janela pop-up de defini\u00e7\u00f5es de cookies no nosso s\u00edtio Web.<\/strong>\n  \n<\/p><p><strong>5 Servi\u00e7os de Terceiros<\/strong><br>Utilizamos fornecedores de servi\u00e7os terceiros, tais como o Google Analytics, para nos ajudar a compreender como os visitantes utilizam o nosso s\u00edtio Web. Estes servi\u00e7os de terceiros tamb\u00e9m podem utilizar cookies para recolher dados an\u00f3nimos, tais como o n\u00famero de visitantes do s\u00edtio e as p\u00e1ginas populares.<br>Para obter mais informa\u00e7\u00f5es sobre como o Google recolhe e processa dados atrav\u00e9s dos seus cookies, pode visitar a sua pol\u00edtica de privacidade em <a href=\"https:\/\/policies.google.com\/privacy.\">https:\/\/policies.google.com\/privacy.<\/a> <\/p><p><strong>6 Atualiza\u00e7\u00e3o desta Pol\u00edtica de Cookies<\/strong><br>Podemos atualizar esta Pol\u00edtica de Cookies periodicamente para refletir altera\u00e7\u00f5es nas nossas pr\u00e1ticas de utiliza\u00e7\u00e3o de cookies ou por motivos legais. Quando fizermos altera\u00e7\u00f5es significativas, publicaremos uma vers\u00e3o atualizada desta pol\u00edtica no nosso s\u00edtio Web com uma data de entrada em vigor revista.<br>Recomendamos que reveja esta pol\u00edtica periodicamente para se manter informado sobre como utilizamos os cookies e as suas escolhas relacionadas. <\/p><p><strong>6 Contacte-nos <\/strong><br>Se tiver alguma quest\u00e3o ou preocupa\u00e7\u00e3o sobre a nossa utiliza\u00e7\u00e3o de cookies ou esta Pol\u00edtica de Cookies, contacte-nos atrav\u00e9s de:<\/p><p><strong>Addio <br>Email: <a href=\"mailto:info@addio.eu\">info@addio.eu<\/a><\/strong><\/p>\t\t\t\t\t\t\t\t<\/div>\n\t\t\t\t<\/div>\n\t\t\t\t<\/div>\n\t\t<div class=\"elementor-element elementor-element-a36d95e e-con-full e-flex e-con e-child\" data-id=\"a36d95e\" data-element_type=\"container\">\n\t\t\t\t<div class=\"elementor-element elementor-element-5cc2df3 elementor-icon-list--layout-traditional elementor-list-item-link-full_width elementor-widget elementor-widget-icon-list\" data-id=\"5cc2df3\" data-element_type=\"widget\" data-widget_type=\"icon-list.default\">\n\t\t\t\t<div class=\"elementor-widget-container\">\n\t\t\t\t\t\t\t<ul class=\"elementor-icon-list-items\">\n\t\t\t\t\t\t\t<li class=\"elementor-icon-list-item\">\n\t\t\t\t\t\t\t\t\t\t\t<span class=\"elementor-icon-list-icon\">\n\t\t\t\t\t\t\t<svg xmlns=\"http:\/\/www.w3.org\/2000\/svg\" width=\"34\" height=\"34\" viewBox=\"0 0 34 34\" fill=\"none\"><g clip-path=\"url(#clip0_102_8520)\"><path d=\"M8.9802 16.6182C8.87917 16.8627 8.87917 17.1373 8.9802 17.3818C9.02898 17.5031 9.10105 17.6136 9.19233 17.7071L16.2634 24.7782C16.4509 24.9657 16.7053 25.0711 16.9705 25.0711C17.2357 25.0711 17.4901 24.9657 17.6776 24.7782C17.8652 24.5906 17.9705 24.3363 17.9705 24.0711C17.9705 23.8058 17.8652 23.5515 17.6776 23.364L12.3107 17.997L24.0416 18.0041C24.1736 18.0046 24.3044 17.979 24.4265 17.9288C24.5485 17.8785 24.6594 17.8046 24.7528 17.7112C24.8461 17.6179 24.9201 17.507 24.9703 17.3849C25.0206 17.2628 25.0462 17.132 25.0457 17C25.0462 16.868 25.0206 16.7372 24.9703 16.6151C24.9201 16.493 24.8461 16.3821 24.7528 16.2888C24.6594 16.1954 24.5485 16.1215 24.4265 16.0712C24.3044 16.021 24.1736 15.9954 24.0416 15.9959L12.3107 16.003L17.6776 10.636C17.8652 10.4485 17.9705 10.1941 17.9705 9.92893C17.9705 9.66371 17.8652 9.40936 17.6776 9.22182C17.4901 9.03429 17.2357 8.92893 16.9705 8.92893C16.7053 8.92893 16.4509 9.03429 16.2634 9.22182L9.19233 16.2929C9.10105 16.3864 9.02898 16.4969 8.9802 16.6182Z\" fill=\"#00DB72\"><\/path><\/g><defs><clipPath id=\"clip0_102_8520\"><rect width=\"24\" height=\"24\" fill=\"white\" transform=\"translate(16.9707 33.9706) rotate(-135)\"><\/rect><\/clipPath><\/defs><\/svg>\t\t\t\t\t\t<\/span>\n\t\t\t\t\t\t\t\t\t\t<span class=\"elementor-icon-list-text\">Pol\u00edtica de cookies<\/span>\n\t\t\t\t\t\t\t\t\t<\/li>\n\t\t\t\t\t\t<\/ul>\n\t\t\t\t\t\t<\/div>\n\t\t\t\t<\/div>\n\t\t\t\t<div class=\"elementor-element elementor-element-8a5470c elementor-icon-list--layout-traditional elementor-list-item-link-full_width elementor-widget elementor-widget-icon-list\" data-id=\"8a5470c\" data-element_type=\"widget\" data-widget_type=\"icon-list.default\">\n\t\t\t\t<div class=\"elementor-widget-container\">\n\t\t\t\t\t\t\t<ul class=\"elementor-icon-list-items\">\n\t\t\t\t\t\t\t<li class=\"elementor-icon-list-item\">\n\t\t\t\t\t\t\t\t\t\t\t<a href=\"https:\/\/addio.eu\/privacy-policy\/\">\n\n\t\t\t\t\t\t\t\t\t\t\t\t<span class=\"elementor-icon-list-icon\">\n\t\t\t\t\t\t\t<svg xmlns=\"http:\/\/www.w3.org\/2000\/svg\" width=\"24\" height=\"24\" viewBox=\"0 0 24 24\" fill=\"none\"><path d=\"M17.9199 6.62C17.8185 6.37565 17.6243 6.18147 17.3799 6.08C17.2597 6.02876 17.1306 6.00158 16.9999 6H6.99994C6.73472 6 6.48037 6.10536 6.29283 6.29289C6.1053 6.48043 5.99994 6.73478 5.99994 7C5.99994 7.26522 6.1053 7.51957 6.29283 7.70711C6.48037 7.89464 6.73472 8 6.99994 8H14.5899L6.28994 16.29C6.19621 16.383 6.12182 16.4936 6.07105 16.6154C6.02028 16.7373 5.99414 16.868 5.99414 17C5.99414 17.132 6.02028 17.2627 6.07105 17.3846C6.12182 17.5064 6.19621 17.617 6.28994 17.71C6.3829 17.8037 6.4935 17.8781 6.61536 17.9289C6.73722 17.9797 6.86793 18.0058 6.99994 18.0058C7.13195 18.0058 7.26266 17.9797 7.38452 17.9289C7.50638 17.8781 7.61698 17.8037 7.70994 17.71L15.9999 9.41V17C15.9999 17.2652 16.1053 17.5196 16.2928 17.7071C16.4804 17.8946 16.7347 18 16.9999 18C17.2652 18 17.5195 17.8946 17.707 17.7071C17.8946 17.5196 17.9999 17.2652 17.9999 17V7C17.9984 6.86932 17.9712 6.74022 17.9199 6.62Z\" fill=\"#393939\"><\/path><\/svg>\t\t\t\t\t\t<\/span>\n\t\t\t\t\t\t\t\t\t\t<span class=\"elementor-icon-list-text\">Pol\u00edtica de Privacidade<\/span>\n\t\t\t\t\t\t\t\t\t\t\t<\/a>\n\t\t\t\t\t\t\t\t\t<\/li>\n\t\t\t\t\t\t<\/ul>\n\t\t\t\t\t\t<\/div>\n\t\t\t\t<\/div>\n\t\t\t\t<div class=\"elementor-element elementor-element-4fc5578 elementor-icon-list--layout-traditional elementor-list-item-link-full_width elementor-widget elementor-widget-icon-list\" data-id=\"4fc5578\" data-element_type=\"widget\" data-widget_type=\"icon-list.default\">\n\t\t\t\t<div class=\"elementor-widget-container\">\n\t\t\t\t\t\t\t<ul class=\"elementor-icon-list-items\">\n\t\t\t\t\t\t\t<li class=\"elementor-icon-list-item\">\n\t\t\t\t\t\t\t\t\t\t\t<a href=\"https:\/\/addio.eu\/terms-and-conditions\/\">\n\n\t\t\t\t\t\t\t\t\t\t\t\t<span class=\"elementor-icon-list-icon\">\n\t\t\t\t\t\t\t<svg xmlns=\"http:\/\/www.w3.org\/2000\/svg\" width=\"24\" height=\"24\" viewBox=\"0 0 24 24\" fill=\"none\"><path d=\"M17.9199 6.62C17.8185 6.37565 17.6243 6.18147 17.3799 6.08C17.2597 6.02876 17.1306 6.00158 16.9999 6H6.99994C6.73472 6 6.48037 6.10536 6.29283 6.29289C6.1053 6.48043 5.99994 6.73478 5.99994 7C5.99994 7.26522 6.1053 7.51957 6.29283 7.70711C6.48037 7.89464 6.73472 8 6.99994 8H14.5899L6.28994 16.29C6.19621 16.383 6.12182 16.4936 6.07105 16.6154C6.02028 16.7373 5.99414 16.868 5.99414 17C5.99414 17.132 6.02028 17.2627 6.07105 17.3846C6.12182 17.5064 6.19621 17.617 6.28994 17.71C6.3829 17.8037 6.4935 17.8781 6.61536 17.9289C6.73722 17.9797 6.86793 18.0058 6.99994 18.0058C7.13195 18.0058 7.26266 17.9797 7.38452 17.9289C7.50638 17.8781 7.61698 17.8037 7.70994 17.71L15.9999 9.41V17C15.9999 17.2652 16.1053 17.5196 16.2928 17.7071C16.4804 17.8946 16.7347 18 16.9999 18C17.2652 18 17.5195 17.8946 17.707 17.7071C17.8946 17.5196 17.9999 17.2652 17.9999 17V7C17.9984 6.86932 17.9712 6.74022 17.9199 6.62Z\" fill=\"#393939\"><\/path><\/svg>\t\t\t\t\t\t<\/span>\n\t\t\t\t\t\t\t\t\t\t<span class=\"elementor-icon-list-text\">Termos e condi\u00e7\u00f5es<\/span>\n\t\t\t\t\t\t\t\t\t\t\t<\/a>\n\t\t\t\t\t\t\t\t\t<\/li>\n\t\t\t\t\t\t<\/ul>\n\t\t\t\t\t\t<\/div>\n\t\t\t\t<\/div>\n\t\t\t\t<\/div>\n\t\t\t\t<\/div>\n\t\t\t\t\t<\/div>\n\t\t\t\t<\/div>\n\t\t\t\t<\/div>\n\t\t","protected":false},"excerpt":{"rendered":"<p>Atualizada a 30 de setembro Na Addio, utilizamos cookies e tecnologias de rastreamento semelhantes no nosso s\u00edtio Web (https:\/\/addio.eu) para melhorar a sua experi\u00eancia, analisar a utiliza\u00e7\u00e3o e garantir que os nossos servi\u00e7os funcionam de forma eficiente. Esta Pol\u00edtica de Cookies explica o que s\u00e3o cookies, como os utilizamos, as suas op\u00e7\u00f5es relativamente \u00e0 sua [&hellip;]<\/p>\n","protected":false},"author":3,"featured_media":0,"parent":0,"menu_order":0,"comment_status":"closed","ping_status":"closed","template":"","meta":{"footnotes":""},"class_list":["post-9849","page","type-page","status-publish","hentry"],"yoast_head":"<!-- This site is optimized with the Yoast SEO plugin v26.0 - https:\/\/yoast.com\/wordpress\/plugins\/seo\/ -->\n<title>Pol\u00edtica de cookies - Addio Electronics<\/title>\n<meta name=\"robots\" content=\"index, follow, max-snippet:-1, max-image-preview:large, max-video-preview:-1\" \/>\n<link rel=\"canonical\" href=\"https:\/\/addio.eu\/pt-pt\/politica-de-cookies\/\" \/>\n<meta property=\"og:locale\" content=\"pt_PT\" \/>\n<meta property=\"og:type\" content=\"article\" \/>\n<meta property=\"og:title\" content=\"Pol\u00edtica de cookies - Addio Electronics\" \/>\n<meta property=\"og:description\" content=\"Atualizada a 30 de setembro Na Addio, utilizamos cookies e tecnologias de rastreamento semelhantes no nosso s\u00edtio Web (https:\/\/addio.eu) para melhorar a sua experi\u00eancia, analisar a utiliza\u00e7\u00e3o e garantir que os nossos servi\u00e7os funcionam de forma eficiente. Esta Pol\u00edtica de Cookies explica o que s\u00e3o cookies, como os utilizamos, as suas op\u00e7\u00f5es relativamente \u00e0 sua [&hellip;]\" \/>\n<meta property=\"og:url\" content=\"https:\/\/addio.eu\/pt-pt\/politica-de-cookies\/\" \/>\n<meta property=\"og:site_name\" content=\"Addio Electronics\" \/>\n<meta property=\"article:publisher\" content=\"https:\/\/www.facebook.com\/AddioElectronicsAB\/\" \/>\n<meta property=\"article:modified_time\" content=\"2025-10-07T11:35:14+00:00\" \/>\n<meta name=\"twitter:card\" content=\"summary_large_image\" \/>\n<meta name=\"twitter:label1\" content=\"Tempo estimado de leitura\" \/>\n\t<meta name=\"twitter:data1\" content=\"5 minuto\" \/>\n<script type=\"application\/ld+json\" class=\"yoast-schema-graph\">{\"@context\":\"https:\/\/schema.org\",\"@graph\":[{\"@type\":\"WebPage\",\"@id\":\"https:\/\/addio.eu\/pt-pt\/politica-de-cookies\/\",\"url\":\"https:\/\/addio.eu\/pt-pt\/politica-de-cookies\/\",\"name\":\"Pol\u00edtica de cookies - Addio Electronics\",\"isPartOf\":{\"@id\":\"https:\/\/addio.eu\/pt-pt\/#website\"},\"datePublished\":\"2024-10-18T18:10:36+00:00\",\"dateModified\":\"2025-10-07T11:35:14+00:00\",\"breadcrumb\":{\"@id\":\"https:\/\/addio.eu\/pt-pt\/politica-de-cookies\/#breadcrumb\"},\"inLanguage\":\"pt-PT\",\"potentialAction\":[{\"@type\":\"ReadAction\",\"target\":[\"https:\/\/addio.eu\/pt-pt\/politica-de-cookies\/\"]}]},{\"@type\":\"BreadcrumbList\",\"@id\":\"https:\/\/addio.eu\/pt-pt\/politica-de-cookies\/#breadcrumb\",\"itemListElement\":[{\"@type\":\"ListItem\",\"position\":1,\"name\":\"Home\",\"item\":\"https:\/\/addio.eu\/pt-pt\/pagina-inicial-da-addio\/\"},{\"@type\":\"ListItem\",\"position\":2,\"name\":\"Pol\u00edtica de cookies\"}]},{\"@type\":\"WebSite\",\"@id\":\"https:\/\/addio.eu\/pt-pt\/#website\",\"url\":\"https:\/\/addio.eu\/pt-pt\/\",\"name\":\"addio.eu\",\"description\":\"\",\"publisher\":{\"@id\":\"https:\/\/addio.eu\/pt-pt\/#organization\"},\"potentialAction\":[{\"@type\":\"SearchAction\",\"target\":{\"@type\":\"EntryPoint\",\"urlTemplate\":\"https:\/\/addio.eu\/pt-pt\/?s={search_term_string}\"},\"query-input\":{\"@type\":\"PropertyValueSpecification\",\"valueRequired\":true,\"valueName\":\"search_term_string\"}}],\"inLanguage\":\"pt-PT\"},{\"@type\":\"Organization\",\"@id\":\"https:\/\/addio.eu\/pt-pt\/#organization\",\"name\":\"Addio electronics\",\"url\":\"https:\/\/addio.eu\/pt-pt\/\",\"logo\":{\"@type\":\"ImageObject\",\"inLanguage\":\"pt-PT\",\"@id\":\"https:\/\/addio.eu\/pt-pt\/#\/schema\/logo\/image\/\",\"url\":\"https:\/\/addio.eu\/wp-content\/uploads\/2024\/10\/Lager_1-1.svg\",\"contentUrl\":\"https:\/\/addio.eu\/wp-content\/uploads\/2024\/10\/Lager_1-1.svg\",\"caption\":\"Addio electronics\"},\"image\":{\"@id\":\"https:\/\/addio.eu\/pt-pt\/#\/schema\/logo\/image\/\"},\"sameAs\":[\"https:\/\/www.facebook.com\/AddioElectronicsAB\/\",\"https:\/\/www.linkedin.com\/company\/addio-electronics-ab\"]}]}<\/script>\n<!-- \/ Yoast SEO plugin. -->","yoast_head_json":{"title":"Pol\u00edtica de cookies - Addio Electronics","robots":{"index":"index","follow":"follow","max-snippet":"max-snippet:-1","max-image-preview":"max-image-preview:large","max-video-preview":"max-video-preview:-1"},"canonical":"https:\/\/addio.eu\/pt-pt\/politica-de-cookies\/","og_locale":"pt_PT","og_type":"article","og_title":"Pol\u00edtica de cookies - Addio Electronics","og_description":"Atualizada a 30 de setembro Na Addio, utilizamos cookies e tecnologias de rastreamento semelhantes no nosso s\u00edtio Web (https:\/\/addio.eu) para melhorar a sua experi\u00eancia, analisar a utiliza\u00e7\u00e3o e garantir que os nossos servi\u00e7os funcionam de forma eficiente. Esta Pol\u00edtica de Cookies explica o que s\u00e3o cookies, como os utilizamos, as suas op\u00e7\u00f5es relativamente \u00e0 sua [&hellip;]","og_url":"https:\/\/addio.eu\/pt-pt\/politica-de-cookies\/","og_site_name":"Addio Electronics","article_publisher":"https:\/\/www.facebook.com\/AddioElectronicsAB\/","article_modified_time":"2025-10-07T11:35:14+00:00","twitter_card":"summary_large_image","twitter_misc":{"Tempo estimado de leitura":"5 minuto"},"schema":{"@context":"https:\/\/schema.org","@graph":[{"@type":"WebPage","@id":"https:\/\/addio.eu\/pt-pt\/politica-de-cookies\/","url":"https:\/\/addio.eu\/pt-pt\/politica-de-cookies\/","name":"Pol\u00edtica de cookies - Addio Electronics","isPartOf":{"@id":"https:\/\/addio.eu\/pt-pt\/#website"},"datePublished":"2024-10-18T18:10:36+00:00","dateModified":"2025-10-07T11:35:14+00:00","breadcrumb":{"@id":"https:\/\/addio.eu\/pt-pt\/politica-de-cookies\/#breadcrumb"},"inLanguage":"pt-PT","potentialAction":[{"@type":"ReadAction","target":["https:\/\/addio.eu\/pt-pt\/politica-de-cookies\/"]}]},{"@type":"BreadcrumbList","@id":"https:\/\/addio.eu\/pt-pt\/politica-de-cookies\/#breadcrumb","itemListElement":[{"@type":"ListItem","position":1,"name":"Home","item":"https:\/\/addio.eu\/pt-pt\/pagina-inicial-da-addio\/"},{"@type":"ListItem","position":2,"name":"Pol\u00edtica de cookies"}]},{"@type":"WebSite","@id":"https:\/\/addio.eu\/pt-pt\/#website","url":"https:\/\/addio.eu\/pt-pt\/","name":"addio.eu","description":"","publisher":{"@id":"https:\/\/addio.eu\/pt-pt\/#organization"},"potentialAction":[{"@type":"SearchAction","target":{"@type":"EntryPoint","urlTemplate":"https:\/\/addio.eu\/pt-pt\/?s={search_term_string}"},"query-input":{"@type":"PropertyValueSpecification","valueRequired":true,"valueName":"search_term_string"}}],"inLanguage":"pt-PT"},{"@type":"Organization","@id":"https:\/\/addio.eu\/pt-pt\/#organization","name":"Addio electronics","url":"https:\/\/addio.eu\/pt-pt\/","logo":{"@type":"ImageObject","inLanguage":"pt-PT","@id":"https:\/\/addio.eu\/pt-pt\/#\/schema\/logo\/image\/","url":"https:\/\/addio.eu\/wp-content\/uploads\/2024\/10\/Lager_1-1.svg","contentUrl":"https:\/\/addio.eu\/wp-content\/uploads\/2024\/10\/Lager_1-1.svg","caption":"Addio electronics"},"image":{"@id":"https:\/\/addio.eu\/pt-pt\/#\/schema\/logo\/image\/"},"sameAs":["https:\/\/www.facebook.com\/AddioElectronicsAB\/","https:\/\/www.linkedin.com\/company\/addio-electronics-ab"]}]}},"_links":{"self":[{"href":"https:\/\/addio.eu\/pt-pt\/wp-json\/wp\/v2\/pages\/9849","targetHints":{"allow":["GET"]}}],"collection":[{"href":"https:\/\/addio.eu\/pt-pt\/wp-json\/wp\/v2\/pages"}],"about":[{"href":"https:\/\/addio.eu\/pt-pt\/wp-json\/wp\/v2\/types\/page"}],"author":[{"embeddable":true,"href":"https:\/\/addio.eu\/pt-pt\/wp-json\/wp\/v2\/users\/3"}],"replies":[{"embeddable":true,"href":"https:\/\/addio.eu\/pt-pt\/wp-json\/wp\/v2\/comments?post=9849"}],"version-history":[{"count":1,"href":"https:\/\/addio.eu\/pt-pt\/wp-json\/wp\/v2\/pages\/9849\/revisions"}],"predecessor-version":[{"id":9850,"href":"https:\/\/addio.eu\/pt-pt\/wp-json\/wp\/v2\/pages\/9849\/revisions\/9850"}],"wp:attachment":[{"href":"https:\/\/addio.eu\/pt-pt\/wp-json\/wp\/v2\/media?parent=9849"}],"curies":[{"name":"wp","href":"https:\/\/api.w.org\/{rel}","templated":true}]}}