{"id":9722,"date":"2025-04-03T08:20:46","date_gmt":"2025-04-03T08:20:46","guid":{"rendered":"https:\/\/addio.eu\/politica-de-privacidade-de-car-electric-ble-remote\/"},"modified":"2025-10-07T11:35:07","modified_gmt":"2025-10-07T11:35:07","slug":"politica-de-privacidade-de-car-electric-ble-remote","status":"publish","type":"page","link":"https:\/\/addio.eu\/pt-pt\/politica-de-privacidade-de-car-electric-ble-remote\/","title":{"rendered":"Pol\u00edtica de Privacidade de &#8220;car electric &#8211; BLE remote&#8221;"},"content":{"rendered":"\t\t<div data-elementor-type=\"wp-page\" data-elementor-id=\"9722\" class=\"elementor elementor-9722 elementor-6270\" data-elementor-post-type=\"page\">\n\t\t\t\t<div class=\"elementor-element elementor-element-0c2cb60 e-flex e-con-boxed e-con e-parent\" data-id=\"0c2cb60\" data-element_type=\"container\">\n\t\t\t\t\t<div class=\"e-con-inner\">\n\t\t\t\t<div class=\"elementor-element elementor-element-758cfa2 elementor-widget elementor-widget-heading\" data-id=\"758cfa2\" data-element_type=\"widget\" data-widget_type=\"heading.default\">\n\t\t\t\t<div class=\"elementor-widget-container\">\n\t\t\t\t\t<h1 class=\"elementor-heading-title elementor-size-default\">Pol\u00edtica de Privacidade de &#8220;car electric &#8211; BLE remote&#8221;<\/h1>\t\t\t\t<\/div>\n\t\t\t\t<\/div>\n\t\t<div class=\"elementor-element elementor-element-1f616ec e-con-full e-flex e-con e-child\" data-id=\"1f616ec\" data-element_type=\"container\">\n\t\t<div class=\"elementor-element elementor-element-8e80135 e-con-full e-flex e-con e-child\" data-id=\"8e80135\" data-element_type=\"container\">\n\t\t\t\t<div class=\"elementor-element elementor-element-17537e1 elementor-widget elementor-widget-text-editor\" data-id=\"17537e1\" data-element_type=\"widget\" data-widget_type=\"text-editor.default\">\n\t\t\t\t<div class=\"elementor-widget-container\">\n\t\t\t\t\t\t\t\t\t<p>Esta Aplica\u00e7\u00e3o \u00e9 desenvolvida e mantida pela Addio Electronics AB. Esta aplica\u00e7\u00e3o recolhe alguns Dados Pessoais dos seus Utilizadores. <\/p><p><br>Este documento pode ser impresso para refer\u00eancia utilizando o comando de impress\u00e3o nas defini\u00e7\u00f5es de qualquer navegador.<\/p><p><br><b>Resumo da Pol\u00edtica<br>Dados Pessoais processados para os seguintes fins e utilizando os seguintes servi\u00e7os:<br>Intera\u00e7\u00f5es baseadas em localiza\u00e7\u00e3o<br>Geolocaliza\u00e7\u00e3o e Geolocaliza\u00e7\u00e3o n\u00e3o cont\u00ednua<br>Dados Pessoais: posi\u00e7\u00e3o geogr\u00e1fica<\/b><\/p><p><br><b>Pol\u00edtica Completa<br>A Addio Electronics AB desenvolveu a aplica\u00e7\u00e3o Car Electric &#8211; BLE Remote como uma aplica\u00e7\u00e3o Gratuita. Este SERVI\u00c7O \u00e9 fornecido pela Addio Electronics AB sem custos e destina-se a ser utilizado tal como est\u00e1. Al\u00e9m disso, esta aplica\u00e7\u00e3o \u00e9 desenvolvida para os clientes dedicados que utilizam o nosso produto eletr\u00f3nico denominado Digital Relay Box.<\/b>  <\/p><p><br>Esta p\u00e1gina \u00e9 utilizada para informar os visitantes sobre as nossas pol\u00edticas relativamente \u00e0 recolha, utiliza\u00e7\u00e3o e divulga\u00e7\u00e3o de Informa\u00e7\u00f5es Pessoais caso algu\u00e9m decida utilizar o nosso Servi\u00e7o.<\/p><p><br>Se escolher utilizar o nosso Servi\u00e7o, ent\u00e3o concorda com a recolha e utiliza\u00e7\u00e3o de informa\u00e7\u00f5es em rela\u00e7\u00e3o a esta pol\u00edtica. As Informa\u00e7\u00f5es Pessoais que recolhemos s\u00e3o utilizadas para fornecer e melhorar o Servi\u00e7o. N\u00e3o utilizaremos nem partilharemos as suas informa\u00e7\u00f5es com ningu\u00e9m, exceto conforme descrito nesta Pol\u00edtica de Privacidade.  <\/p><p><br>Os termos utilizados nesta Pol\u00edtica de Privacidade t\u00eam os mesmos significados que nos nossos Termos e condi\u00e7\u00f5es, que est\u00e1 acess\u00edvel em Car Electric &#8211; BLE Remote, salvo se definido de outra forma nesta Pol\u00edtica de Privacidade.<\/p><p><b>Recolha e Utiliza\u00e7\u00e3o de Informa\u00e7\u00f5es<br>Para uma melhor experi\u00eancia, ao utilizar o nosso Servi\u00e7o, poderemos exigir que nos forne\u00e7a certas informa\u00e7\u00f5es de identifica\u00e7\u00e3o pessoal, incluindo mas n\u00e3o limitado a Bluetooth, Armazenamento, Geolocaliza\u00e7\u00e3o. As informa\u00e7\u00f5es que solicitamos ser\u00e3o retidas por n\u00f3s e utilizadas conforme descrito nesta pol\u00edtica de privacidade.<\/b> <\/p><p><br>A aplica\u00e7\u00e3o utiliza servi\u00e7os de terceiros que podem recolher informa\u00e7\u00f5es utilizadas para o identificar.<br>Liga\u00e7\u00e3o para a pol\u00edtica de privacidade dos fornecedores de servi\u00e7os de terceiros utilizados pela aplica\u00e7\u00e3o<br>https:\/\/policies.google.com\/privacy<\/p><p><br><b>Servi\u00e7os do Google Play<\/b><\/p><p><b>Dados de Registo<br>Queremos inform\u00e1-lo de que sempre que utiliza o nosso Servi\u00e7o, em caso de erro na aplica\u00e7\u00e3o, recolhemos dados e informa\u00e7\u00f5es (atrav\u00e9s de produtos de terceiros) no seu telefone denominados Dados de Registo. Estes Dados de Registo podem incluir informa\u00e7\u00f5es como o endere\u00e7o de Protocolo de Internet (&#8220;IP&#8221;) do seu dispositivo, nome do dispositivo, vers\u00e3o do sistema operativo, a configura\u00e7\u00e3o da aplica\u00e7\u00e3o ao utilizar o nosso Servi\u00e7o, a hora e data da sua utiliza\u00e7\u00e3o do Servi\u00e7o, e outras estat\u00edsticas.<\/b> <\/p><p><b>Cookies<\/b><br>Os cookies s\u00e3o ficheiros com uma pequena quantidade de dados que s\u00e3o comummente utilizados como identificadores \u00fanicos an\u00f3nimos. Estes s\u00e3o enviados para o seu navegador a partir dos s\u00edtios Web que visita e s\u00e3o armazenados na mem\u00f3ria interna do seu dispositivo.<br>Este Servi\u00e7o n\u00e3o utiliza estes &#8220;cookies&#8221; explicitamente. No entanto, a aplica\u00e7\u00e3o pode utilizar c\u00f3digo e bibliotecas de terceiros que utilizam &#8220;cookies&#8221; para recolher informa\u00e7\u00f5es e melhorar os seus servi\u00e7os. Tem a op\u00e7\u00e3o de aceitar ou recusar estes cookies e saber quando um cookie est\u00e1 a ser enviado para o seu dispositivo. Se escolher recusar os nossos cookies, poder\u00e1 n\u00e3o conseguir utilizar algumas partes deste Servi\u00e7o.    <\/p><p><b>Fornecedores de Servi\u00e7os<br>Podemos empregar empresas e indiv\u00edduos terceiros pelas seguintes raz\u00f5es:<br>Para facilitar o nosso Servi\u00e7o;<br>Para fornecer o Servi\u00e7o em nosso nome;<br>Para executar servi\u00e7os relacionados com o Servi\u00e7o; ou<br>Para nos ajudar a analisar como o nosso Servi\u00e7o \u00e9 utilizado.<br>Queremos informar os utilizadores deste Servi\u00e7o que estes terceiros t\u00eam acesso \u00e0s suas Informa\u00e7\u00f5es Pessoais. A raz\u00e3o \u00e9 para executar as tarefas que lhes s\u00e3o atribu\u00eddas em nosso nome. No entanto, est\u00e3o obrigados a n\u00e3o divulgar ou utilizar as informa\u00e7\u00f5es para qualquer outro fim.<\/b>  <\/p><p><b>Seguran\u00e7a<\/b><br>Valorizamos a sua confian\u00e7a ao fornecer-nos as suas Informa\u00e7\u00f5es Pessoais, pelo que nos esfor\u00e7amos por utilizar meios comercialmente aceit\u00e1veis para as proteger. Mas lembre-se de que nenhum m\u00e9todo de transmiss\u00e3o pela internet, ou m\u00e9todo de armazenamento eletr\u00f3nico \u00e9 100% seguro e fi\u00e1vel, e n\u00e3o podemos garantir a sua seguran\u00e7a absoluta. <\/p><p><b>Liga\u00e7\u00f5es para Outros S\u00edtios<br>Este Servi\u00e7o pode conter liga\u00e7\u00f5es para outros s\u00edtios. Se clicar numa liga\u00e7\u00e3o de terceiros, ser\u00e1 direcionado para esse s\u00edtio. Note que estes s\u00edtios externos n\u00e3o s\u00e3o operados por n\u00f3s. Portanto, aconselhamos vivamente que reveja a Pol\u00edtica de Privacidade destes s\u00edtios Web. N\u00e3o temos controlo sobre e n\u00e3o assumimos responsabilidade pelo conte\u00fado, pol\u00edticas de privacidade, ou pr\u00e1ticas de quaisquer s\u00edtios ou servi\u00e7os de terceiros.<\/b>    <\/p><p><b>Privacidade de Crian\u00e7as<br>Estes Servi\u00e7os n\u00e3o se dirigem a ningu\u00e9m com idade inferior a 13 anos. N\u00e3o recolhemos conscientemente informa\u00e7\u00f5es de identifica\u00e7\u00e3o pessoal de crian\u00e7as com idade inferior a 13 anos. No caso de descobrirmos que uma crian\u00e7a com idade inferior a 13 anos nos forneceu informa\u00e7\u00f5es pessoais, eliminamos imediatamente estas informa\u00e7\u00f5es dos nossos servidores. Se \u00e9 pai ou tutor e tem conhecimento de que o seu filho nos forneceu informa\u00e7\u00f5es pessoais, contacte-nos para que possamos tomar as medidas necess\u00e1rias.<\/b>   <\/p><p><b>Altera\u00e7\u00f5es a Esta Pol\u00edtica de Privacidade<br>Podemos atualizar a nossa Pol\u00edtica de Privacidade periodicamente. Assim, \u00e9 aconselhado que reveja esta p\u00e1gina periodicamente para quaisquer altera\u00e7\u00f5es. Notific\u00e1-lo-emos de quaisquer altera\u00e7\u00f5es publicando a nova Pol\u00edtica de Privacidade nesta p\u00e1gina.<br>Esta pol\u00edtica \u00e9 efetiva a partir de 28-02-2022<\/b>  <\/p><p><b>Contacte-nos<br>Se tiver quaisquer quest\u00f5es ou sugest\u00f5es sobre a nossa Pol\u00edtica de Privacidade, n\u00e3o hesite em contactar-nos em info@addio.eu.<\/b><\/p>\t\t\t\t\t\t\t\t<\/div>\n\t\t\t\t<\/div>\n\t\t\t\t<\/div>\n\t\t<div class=\"elementor-element elementor-element-1c4e995 e-con-full e-flex e-con e-child\" data-id=\"1c4e995\" data-element_type=\"container\">\n\t\t\t\t<div class=\"elementor-element elementor-element-37670bc elementor-icon-list--layout-traditional elementor-list-item-link-full_width elementor-widget elementor-widget-icon-list\" data-id=\"37670bc\" data-element_type=\"widget\" data-widget_type=\"icon-list.default\">\n\t\t\t\t<div class=\"elementor-widget-container\">\n\t\t\t\t\t\t\t<ul class=\"elementor-icon-list-items\">\n\t\t\t\t\t\t\t<li class=\"elementor-icon-list-item\">\n\t\t\t\t\t\t\t\t\t\t\t<a href=\"https:\/\/addio.eu\/cookie-policy\/\">\n\n\t\t\t\t\t\t\t\t\t\t\t\t<span class=\"elementor-icon-list-icon\">\n\t\t\t\t\t\t\t<svg xmlns=\"http:\/\/www.w3.org\/2000\/svg\" width=\"24\" height=\"24\" viewBox=\"0 0 24 24\" fill=\"none\"><path d=\"M17.9199 6.62C17.8185 6.37565 17.6243 6.18147 17.3799 6.08C17.2597 6.02876 17.1306 6.00158 16.9999 6H6.99994C6.73472 6 6.48037 6.10536 6.29283 6.29289C6.1053 6.48043 5.99994 6.73478 5.99994 7C5.99994 7.26522 6.1053 7.51957 6.29283 7.70711C6.48037 7.89464 6.73472 8 6.99994 8H14.5899L6.28994 16.29C6.19621 16.383 6.12182 16.4936 6.07105 16.6154C6.02028 16.7373 5.99414 16.868 5.99414 17C5.99414 17.132 6.02028 17.2627 6.07105 17.3846C6.12182 17.5064 6.19621 17.617 6.28994 17.71C6.3829 17.8037 6.4935 17.8781 6.61536 17.9289C6.73722 17.9797 6.86793 18.0058 6.99994 18.0058C7.13195 18.0058 7.26266 17.9797 7.38452 17.9289C7.50638 17.8781 7.61698 17.8037 7.70994 17.71L15.9999 9.41V17C15.9999 17.2652 16.1053 17.5196 16.2928 17.7071C16.4804 17.8946 16.7347 18 16.9999 18C17.2652 18 17.5195 17.8946 17.707 17.7071C17.8946 17.5196 17.9999 17.2652 17.9999 17V7C17.9984 6.86932 17.9712 6.74022 17.9199 6.62Z\" fill=\"#393939\"><\/path><\/svg>\t\t\t\t\t\t<\/span>\n\t\t\t\t\t\t\t\t\t\t<span class=\"elementor-icon-list-text\">Pol\u00edtica de cookies<\/span>\n\t\t\t\t\t\t\t\t\t\t\t<\/a>\n\t\t\t\t\t\t\t\t\t<\/li>\n\t\t\t\t\t\t<\/ul>\n\t\t\t\t\t\t<\/div>\n\t\t\t\t<\/div>\n\t\t\t\t<div class=\"elementor-element elementor-element-270a44c elementor-icon-list--layout-traditional elementor-list-item-link-full_width elementor-widget elementor-widget-icon-list\" data-id=\"270a44c\" data-element_type=\"widget\" data-widget_type=\"icon-list.default\">\n\t\t\t\t<div class=\"elementor-widget-container\">\n\t\t\t\t\t\t\t<ul class=\"elementor-icon-list-items\">\n\t\t\t\t\t\t\t<li class=\"elementor-icon-list-item\">\n\t\t\t\t\t\t\t\t\t\t\t<a href=\"https:\/\/addio.eu\/privacy-policy\/\">\n\n\t\t\t\t\t\t\t\t\t\t\t\t<span class=\"elementor-icon-list-icon\">\n\t\t\t\t\t\t\t<svg xmlns=\"http:\/\/www.w3.org\/2000\/svg\" width=\"24\" height=\"24\" viewBox=\"0 0 24 24\" fill=\"none\"><path d=\"M17.9199 6.62C17.8185 6.37565 17.6243 6.18147 17.3799 6.08C17.2597 6.02876 17.1306 6.00158 16.9999 6H6.99994C6.73472 6 6.48037 6.10536 6.29283 6.29289C6.1053 6.48043 5.99994 6.73478 5.99994 7C5.99994 7.26522 6.1053 7.51957 6.29283 7.70711C6.48037 7.89464 6.73472 8 6.99994 8H14.5899L6.28994 16.29C6.19621 16.383 6.12182 16.4936 6.07105 16.6154C6.02028 16.7373 5.99414 16.868 5.99414 17C5.99414 17.132 6.02028 17.2627 6.07105 17.3846C6.12182 17.5064 6.19621 17.617 6.28994 17.71C6.3829 17.8037 6.4935 17.8781 6.61536 17.9289C6.73722 17.9797 6.86793 18.0058 6.99994 18.0058C7.13195 18.0058 7.26266 17.9797 7.38452 17.9289C7.50638 17.8781 7.61698 17.8037 7.70994 17.71L15.9999 9.41V17C15.9999 17.2652 16.1053 17.5196 16.2928 17.7071C16.4804 17.8946 16.7347 18 16.9999 18C17.2652 18 17.5195 17.8946 17.707 17.7071C17.8946 17.5196 17.9999 17.2652 17.9999 17V7C17.9984 6.86932 17.9712 6.74022 17.9199 6.62Z\" fill=\"#393939\"><\/path><\/svg>\t\t\t\t\t\t<\/span>\n\t\t\t\t\t\t\t\t\t\t<span class=\"elementor-icon-list-text\">Pol\u00edtica de Privacidade<\/span>\n\t\t\t\t\t\t\t\t\t\t\t<\/a>\n\t\t\t\t\t\t\t\t\t<\/li>\n\t\t\t\t\t\t<\/ul>\n\t\t\t\t\t\t<\/div>\n\t\t\t\t<\/div>\n\t\t\t\t<div class=\"elementor-element elementor-element-8af7789 elementor-icon-list--layout-traditional elementor-list-item-link-full_width elementor-widget elementor-widget-icon-list\" data-id=\"8af7789\" data-element_type=\"widget\" data-widget_type=\"icon-list.default\">\n\t\t\t\t<div class=\"elementor-widget-container\">\n\t\t\t\t\t\t\t<ul class=\"elementor-icon-list-items\">\n\t\t\t\t\t\t\t<li class=\"elementor-icon-list-item\">\n\t\t\t\t\t\t\t\t\t\t\t<a href=\"https:\/\/addio.eu\/terms-and-conditions\/\">\n\n\t\t\t\t\t\t\t\t\t\t\t\t<span class=\"elementor-icon-list-icon\">\n\t\t\t\t\t\t\t<svg xmlns=\"http:\/\/www.w3.org\/2000\/svg\" width=\"24\" height=\"24\" viewBox=\"0 0 24 24\" fill=\"none\"><path d=\"M17.9199 6.62C17.8185 6.37565 17.6243 6.18147 17.3799 6.08C17.2597 6.02876 17.1306 6.00158 16.9999 6H6.99994C6.73472 6 6.48037 6.10536 6.29283 6.29289C6.1053 6.48043 5.99994 6.73478 5.99994 7C5.99994 7.26522 6.1053 7.51957 6.29283 7.70711C6.48037 7.89464 6.73472 8 6.99994 8H14.5899L6.28994 16.29C6.19621 16.383 6.12182 16.4936 6.07105 16.6154C6.02028 16.7373 5.99414 16.868 5.99414 17C5.99414 17.132 6.02028 17.2627 6.07105 17.3846C6.12182 17.5064 6.19621 17.617 6.28994 17.71C6.3829 17.8037 6.4935 17.8781 6.61536 17.9289C6.73722 17.9797 6.86793 18.0058 6.99994 18.0058C7.13195 18.0058 7.26266 17.9797 7.38452 17.9289C7.50638 17.8781 7.61698 17.8037 7.70994 17.71L15.9999 9.41V17C15.9999 17.2652 16.1053 17.5196 16.2928 17.7071C16.4804 17.8946 16.7347 18 16.9999 18C17.2652 18 17.5195 17.8946 17.707 17.7071C17.8946 17.5196 17.9999 17.2652 17.9999 17V7C17.9984 6.86932 17.9712 6.74022 17.9199 6.62Z\" fill=\"#393939\"><\/path><\/svg>\t\t\t\t\t\t<\/span>\n\t\t\t\t\t\t\t\t\t\t<span class=\"elementor-icon-list-text\">Termos e condi\u00e7\u00f5es<\/span>\n\t\t\t\t\t\t\t\t\t\t\t<\/a>\n\t\t\t\t\t\t\t\t\t<\/li>\n\t\t\t\t\t\t<\/ul>\n\t\t\t\t\t\t<\/div>\n\t\t\t\t<\/div>\n\t\t\t\t<\/div>\n\t\t\t\t<\/div>\n\t\t\t\t\t<\/div>\n\t\t\t\t<\/div>\n\t\t\t\t<\/div>\n\t\t","protected":false},"excerpt":{"rendered":"<p>Esta Aplica\u00e7\u00e3o \u00e9 desenvolvida e mantida pela Addio Electronics AB. Esta aplica\u00e7\u00e3o recolhe alguns Dados Pessoais dos seus Utilizadores. Este documento pode ser impresso para refer\u00eancia utilizando o comando de impress\u00e3o nas defini\u00e7\u00f5es de qualquer navegador. Resumo da Pol\u00edticaDados Pessoais processados para os seguintes fins e utilizando os seguintes servi\u00e7os:Intera\u00e7\u00f5es baseadas em localiza\u00e7\u00e3oGeolocaliza\u00e7\u00e3o e Geolocaliza\u00e7\u00e3o [&hellip;]<\/p>\n","protected":false},"author":1,"featured_media":0,"parent":0,"menu_order":0,"comment_status":"closed","ping_status":"closed","template":"","meta":{"footnotes":""},"class_list":["post-9722","page","type-page","status-publish","hentry"],"yoast_head":"<!-- This site is optimized with the Yoast SEO plugin v26.0 - https:\/\/yoast.com\/wordpress\/plugins\/seo\/ -->\n<title>Pol\u00edtica de Privacidade de &quot;car electric - BLE remote&quot; - Addio Electronics<\/title>\n<meta name=\"robots\" content=\"index, follow, max-snippet:-1, max-image-preview:large, max-video-preview:-1\" \/>\n<link rel=\"canonical\" href=\"https:\/\/addio.eu\/pt-pt\/politica-de-privacidade-de-car-electric-ble-remote\/\" \/>\n<meta property=\"og:locale\" content=\"pt_PT\" \/>\n<meta property=\"og:type\" content=\"article\" \/>\n<meta property=\"og:title\" content=\"Pol\u00edtica de Privacidade de &quot;car electric - BLE remote&quot; - Addio Electronics\" \/>\n<meta property=\"og:description\" content=\"Esta Aplica\u00e7\u00e3o \u00e9 desenvolvida e mantida pela Addio Electronics AB. Esta aplica\u00e7\u00e3o recolhe alguns Dados Pessoais dos seus Utilizadores. Este documento pode ser impresso para refer\u00eancia utilizando o comando de impress\u00e3o nas defini\u00e7\u00f5es de qualquer navegador. Resumo da Pol\u00edticaDados Pessoais processados para os seguintes fins e utilizando os seguintes servi\u00e7os:Intera\u00e7\u00f5es baseadas em localiza\u00e7\u00e3oGeolocaliza\u00e7\u00e3o e Geolocaliza\u00e7\u00e3o [&hellip;]\" \/>\n<meta property=\"og:url\" content=\"https:\/\/addio.eu\/pt-pt\/politica-de-privacidade-de-car-electric-ble-remote\/\" \/>\n<meta property=\"og:site_name\" content=\"Addio Electronics\" \/>\n<meta property=\"article:publisher\" content=\"https:\/\/www.facebook.com\/AddioElectronicsAB\/\" \/>\n<meta property=\"article:modified_time\" content=\"2025-10-07T11:35:07+00:00\" \/>\n<meta name=\"twitter:card\" content=\"summary_large_image\" \/>\n<meta name=\"twitter:label1\" content=\"Tempo estimado de leitura\" \/>\n\t<meta name=\"twitter:data1\" content=\"5 minuto\" \/>\n<script type=\"application\/ld+json\" class=\"yoast-schema-graph\">{\"@context\":\"https:\/\/schema.org\",\"@graph\":[{\"@type\":\"WebPage\",\"@id\":\"https:\/\/addio.eu\/pt-pt\/politica-de-privacidade-de-car-electric-ble-remote\/\",\"url\":\"https:\/\/addio.eu\/pt-pt\/politica-de-privacidade-de-car-electric-ble-remote\/\",\"name\":\"Pol\u00edtica de Privacidade de \\\"car electric - BLE remote\\\" - Addio Electronics\",\"isPartOf\":{\"@id\":\"https:\/\/addio.eu\/pt-pt\/#website\"},\"datePublished\":\"2025-04-03T08:20:46+00:00\",\"dateModified\":\"2025-10-07T11:35:07+00:00\",\"breadcrumb\":{\"@id\":\"https:\/\/addio.eu\/pt-pt\/politica-de-privacidade-de-car-electric-ble-remote\/#breadcrumb\"},\"inLanguage\":\"pt-PT\",\"potentialAction\":[{\"@type\":\"ReadAction\",\"target\":[\"https:\/\/addio.eu\/pt-pt\/politica-de-privacidade-de-car-electric-ble-remote\/\"]}]},{\"@type\":\"BreadcrumbList\",\"@id\":\"https:\/\/addio.eu\/pt-pt\/politica-de-privacidade-de-car-electric-ble-remote\/#breadcrumb\",\"itemListElement\":[{\"@type\":\"ListItem\",\"position\":1,\"name\":\"Home\",\"item\":\"https:\/\/addio.eu\/pt-pt\/pagina-inicial-da-addio\/\"},{\"@type\":\"ListItem\",\"position\":2,\"name\":\"Pol\u00edtica de Privacidade de &#8220;car electric &#8211; BLE remote&#8221;\"}]},{\"@type\":\"WebSite\",\"@id\":\"https:\/\/addio.eu\/pt-pt\/#website\",\"url\":\"https:\/\/addio.eu\/pt-pt\/\",\"name\":\"addio.eu\",\"description\":\"\",\"publisher\":{\"@id\":\"https:\/\/addio.eu\/pt-pt\/#organization\"},\"potentialAction\":[{\"@type\":\"SearchAction\",\"target\":{\"@type\":\"EntryPoint\",\"urlTemplate\":\"https:\/\/addio.eu\/pt-pt\/?s={search_term_string}\"},\"query-input\":{\"@type\":\"PropertyValueSpecification\",\"valueRequired\":true,\"valueName\":\"search_term_string\"}}],\"inLanguage\":\"pt-PT\"},{\"@type\":\"Organization\",\"@id\":\"https:\/\/addio.eu\/pt-pt\/#organization\",\"name\":\"Addio electronics\",\"url\":\"https:\/\/addio.eu\/pt-pt\/\",\"logo\":{\"@type\":\"ImageObject\",\"inLanguage\":\"pt-PT\",\"@id\":\"https:\/\/addio.eu\/pt-pt\/#\/schema\/logo\/image\/\",\"url\":\"https:\/\/addio.eu\/wp-content\/uploads\/2024\/10\/Lager_1-1.svg\",\"contentUrl\":\"https:\/\/addio.eu\/wp-content\/uploads\/2024\/10\/Lager_1-1.svg\",\"caption\":\"Addio electronics\"},\"image\":{\"@id\":\"https:\/\/addio.eu\/pt-pt\/#\/schema\/logo\/image\/\"},\"sameAs\":[\"https:\/\/www.facebook.com\/AddioElectronicsAB\/\",\"https:\/\/www.linkedin.com\/company\/addio-electronics-ab\"]}]}<\/script>\n<!-- \/ Yoast SEO plugin. -->","yoast_head_json":{"title":"Pol\u00edtica de Privacidade de \"car electric - BLE remote\" - Addio Electronics","robots":{"index":"index","follow":"follow","max-snippet":"max-snippet:-1","max-image-preview":"max-image-preview:large","max-video-preview":"max-video-preview:-1"},"canonical":"https:\/\/addio.eu\/pt-pt\/politica-de-privacidade-de-car-electric-ble-remote\/","og_locale":"pt_PT","og_type":"article","og_title":"Pol\u00edtica de Privacidade de \"car electric - BLE remote\" - Addio Electronics","og_description":"Esta Aplica\u00e7\u00e3o \u00e9 desenvolvida e mantida pela Addio Electronics AB. Esta aplica\u00e7\u00e3o recolhe alguns Dados Pessoais dos seus Utilizadores. Este documento pode ser impresso para refer\u00eancia utilizando o comando de impress\u00e3o nas defini\u00e7\u00f5es de qualquer navegador. Resumo da Pol\u00edticaDados Pessoais processados para os seguintes fins e utilizando os seguintes servi\u00e7os:Intera\u00e7\u00f5es baseadas em localiza\u00e7\u00e3oGeolocaliza\u00e7\u00e3o e Geolocaliza\u00e7\u00e3o [&hellip;]","og_url":"https:\/\/addio.eu\/pt-pt\/politica-de-privacidade-de-car-electric-ble-remote\/","og_site_name":"Addio Electronics","article_publisher":"https:\/\/www.facebook.com\/AddioElectronicsAB\/","article_modified_time":"2025-10-07T11:35:07+00:00","twitter_card":"summary_large_image","twitter_misc":{"Tempo estimado de leitura":"5 minuto"},"schema":{"@context":"https:\/\/schema.org","@graph":[{"@type":"WebPage","@id":"https:\/\/addio.eu\/pt-pt\/politica-de-privacidade-de-car-electric-ble-remote\/","url":"https:\/\/addio.eu\/pt-pt\/politica-de-privacidade-de-car-electric-ble-remote\/","name":"Pol\u00edtica de Privacidade de \"car electric - BLE remote\" - Addio Electronics","isPartOf":{"@id":"https:\/\/addio.eu\/pt-pt\/#website"},"datePublished":"2025-04-03T08:20:46+00:00","dateModified":"2025-10-07T11:35:07+00:00","breadcrumb":{"@id":"https:\/\/addio.eu\/pt-pt\/politica-de-privacidade-de-car-electric-ble-remote\/#breadcrumb"},"inLanguage":"pt-PT","potentialAction":[{"@type":"ReadAction","target":["https:\/\/addio.eu\/pt-pt\/politica-de-privacidade-de-car-electric-ble-remote\/"]}]},{"@type":"BreadcrumbList","@id":"https:\/\/addio.eu\/pt-pt\/politica-de-privacidade-de-car-electric-ble-remote\/#breadcrumb","itemListElement":[{"@type":"ListItem","position":1,"name":"Home","item":"https:\/\/addio.eu\/pt-pt\/pagina-inicial-da-addio\/"},{"@type":"ListItem","position":2,"name":"Pol\u00edtica de Privacidade de &#8220;car electric &#8211; BLE remote&#8221;"}]},{"@type":"WebSite","@id":"https:\/\/addio.eu\/pt-pt\/#website","url":"https:\/\/addio.eu\/pt-pt\/","name":"addio.eu","description":"","publisher":{"@id":"https:\/\/addio.eu\/pt-pt\/#organization"},"potentialAction":[{"@type":"SearchAction","target":{"@type":"EntryPoint","urlTemplate":"https:\/\/addio.eu\/pt-pt\/?s={search_term_string}"},"query-input":{"@type":"PropertyValueSpecification","valueRequired":true,"valueName":"search_term_string"}}],"inLanguage":"pt-PT"},{"@type":"Organization","@id":"https:\/\/addio.eu\/pt-pt\/#organization","name":"Addio electronics","url":"https:\/\/addio.eu\/pt-pt\/","logo":{"@type":"ImageObject","inLanguage":"pt-PT","@id":"https:\/\/addio.eu\/pt-pt\/#\/schema\/logo\/image\/","url":"https:\/\/addio.eu\/wp-content\/uploads\/2024\/10\/Lager_1-1.svg","contentUrl":"https:\/\/addio.eu\/wp-content\/uploads\/2024\/10\/Lager_1-1.svg","caption":"Addio electronics"},"image":{"@id":"https:\/\/addio.eu\/pt-pt\/#\/schema\/logo\/image\/"},"sameAs":["https:\/\/www.facebook.com\/AddioElectronicsAB\/","https:\/\/www.linkedin.com\/company\/addio-electronics-ab"]}]}},"_links":{"self":[{"href":"https:\/\/addio.eu\/pt-pt\/wp-json\/wp\/v2\/pages\/9722","targetHints":{"allow":["GET"]}}],"collection":[{"href":"https:\/\/addio.eu\/pt-pt\/wp-json\/wp\/v2\/pages"}],"about":[{"href":"https:\/\/addio.eu\/pt-pt\/wp-json\/wp\/v2\/types\/page"}],"author":[{"embeddable":true,"href":"https:\/\/addio.eu\/pt-pt\/wp-json\/wp\/v2\/users\/1"}],"replies":[{"embeddable":true,"href":"https:\/\/addio.eu\/pt-pt\/wp-json\/wp\/v2\/comments?post=9722"}],"version-history":[{"count":1,"href":"https:\/\/addio.eu\/pt-pt\/wp-json\/wp\/v2\/pages\/9722\/revisions"}],"predecessor-version":[{"id":9723,"href":"https:\/\/addio.eu\/pt-pt\/wp-json\/wp\/v2\/pages\/9722\/revisions\/9723"}],"wp:attachment":[{"href":"https:\/\/addio.eu\/pt-pt\/wp-json\/wp\/v2\/media?parent=9722"}],"curies":[{"name":"wp","href":"https:\/\/api.w.org\/{rel}","templated":true}]}}