{"id":14038,"date":"2025-03-24T09:47:26","date_gmt":"2025-03-24T09:47:26","guid":{"rendered":"https:\/\/addio.eu\/product\/drb-9012-8-std\/"},"modified":"2026-02-10T16:48:10","modified_gmt":"2026-02-10T16:48:10","slug":"drb-9012-8-std","status":"publish","type":"product","link":"https:\/\/addio.eu\/pl\/produkt\/drb-9012-8-std\/","title":{"rendered":"DRB 9012-8 STD"},"content":{"rendered":"<table width=\"310\">\n<tbody>\n<tr>\n<td width=\"234\">Model<\/td>\n<td width=\"76\">DRB-9012-8 STD<\/td>\n<\/tr>\n<tr>\n<td width=\"234\">Zasilanie<\/td>\n<td width=\"76\">10-22 VDC<\/td>\n<\/tr>\n<tr>\n<td width=\"234\">Pob\u00f3r mocy wewn\u0119trznej (w przybli\u017ceniu) Tryb normalny bez aktywnego wyj\u015bcia \/ Tryb u\u015bpienia<\/td>\n<td width=\"76\">~30mA\/~6mA<\/td>\n<\/tr>\n<tr>\n<td width=\"234\">Zabezpieczenie przed zbyt niskim napi\u0119ciem (regulowane)<\/td>\n<td width=\"76\">10-13V, co 0,5V<\/td>\n<\/tr>\n<tr>\n<td width=\"234\">Ochrona przed przepi\u0119ciem (regulowana)<\/td>\n<td width=\"76\">16-26V, co 2V<\/td>\n<\/tr>\n<tr>\n<td width=\"234\">Maks. ca\u0142kowity pr\u0105d przez 1 minut\u0119<\/td>\n<td width=\"76\">90A<\/td>\n<\/tr>\n<tr>\n<td width=\"234\">Maks. ca\u0142kowity pr\u0105d ci\u0105g\u0142y<\/td>\n<td width=\"76\">70A<\/td>\n<\/tr>\n<tr>\n<td width=\"234\">Ca\u0142kowita liczba wej\u015b\u0107<\/td>\n<td width=\"76\">8 szt.<\/td>\n<\/tr>\n<tr>\n<td width=\"234\">Wej\u015bcia cyfrowe<\/td>\n<td width=\"76\">8 z 8 szt.<\/td>\n<\/tr>\n<tr>\n<td width=\"234\">Wej\u015bcia analogowe<\/td>\n<td width=\"76\">4 z 8 szt.<\/td>\n<\/tr>\n<tr>\n<td width=\"234\">Rezystancja wej\u015bciowa @12V<\/td>\n<td width=\"76\">22k\u03a9<\/td>\n<\/tr>\n<tr>\n<td width=\"234\">Po\u0142\u0105czenia wej\u015bciowe (roz\u0142\u0105czalne zaciski \u015brubowe)<\/td>\n<td width=\"76\">10-biegunowe wraz z +\/-<\/td>\n<\/tr>\n<tr>\n<td width=\"234\">Liczba wyj\u015b\u0107<\/td>\n<td width=\"76\">8 szt.<\/td>\n<\/tr>\n<tr>\n<td width=\"234\">Po\u0142\u0105czenie wyj\u015b\u0107<\/td>\n<td width=\"76\">Kablowe z\u0142\u0105cze zaciskowe<\/td>\n<\/tr>\n<tr>\n<td width=\"234\">Rozmiar bezpiecznika A, wyj\u015bcia<\/td>\n<td width=\"76\">5, 10, 15, 20, (25 tylko U7, U8)<\/td>\n<\/tr>\n<tr>\n<td width=\"234\">Po\u0142\u0105czenie zasilania<\/td>\n<td width=\"76\">Nakr\u0119tka M5<\/td>\n<\/tr>\n<tr>\n<td width=\"234\">Bluetooth<\/td>\n<td width=\"76\">Nie<\/td>\n<\/tr>\n<tr>\n<td width=\"234\">Sterowanie silnikiem mostek H (wst\u0119pny pr\u0105d)<\/td>\n<td width=\"76\">Nie<\/td>\n<\/tr>\n<tr>\n<td width=\"234\">Wska\u017anik b\u0142\u0119du<\/td>\n<td width=\"76\">wsp\u00f3lna dioda RGB<\/td>\n<\/tr>\n<tr>\n<td width=\"234\">LED na wyj\u015bcie (regulowany kolor)<\/td>\n<td width=\"76\">Nie<\/td>\n<\/tr>\n<tr>\n<td width=\"234\">Magistrala komunikacyjna (CAN bus)<\/td>\n<td width=\"76\">Nie<\/td>\n<\/tr>\n<tr>\n<td width=\"234\">Po\u0142\u0105czenia komputerowe<\/td>\n<td width=\"76\">USB Mini<\/td>\n<\/tr>\n<tr>\n<td width=\"234\">Sygna\u0142y uziemienia<\/td>\n<td width=\"76\">Tak, z zewn\u0119trznym rezystorem do dodatniego<\/td>\n<\/tr>\n<tr>\n<td width=\"234\">Kontroler r\u0119czny, panele prze\u0142\u0105cznik\u00f3w, czujniki itp.<\/td>\n<td width=\"76\">Nie<\/td>\n<\/tr>\n<tr>\n<td width=\"234\">Wymiary (mm)<\/td>\n<td width=\"76\">170x92x21<\/td>\n<\/tr>\n<tr>\n<td width=\"234\">Waga<\/td>\n<td width=\"76\">174g<\/td>\n<\/tr>\n<\/tbody>\n<\/table>\n","protected":false},"excerpt":{"rendered":"<div class=\"elementor-element elementor-element-28a1869 elementor-widget elementor-widget-woocommerce-product-title elementor-page-title elementor-widget-heading\" data-id=\"28a1869\" data-element_type=\"widget\" data-widget_type=\"woocommerce-product-title.default\">\n<div class=\"elementor-widget-container\"><strong><span style=\"font-size: 16px;\">DRB 9012-8 STD to nasza zoptymalizowana kosztowo jednostka z 8 wyj\u015bciami i 8 wej\u015bciami oraz ci\u0105g\u0142ym pr\u0105dem ca\u0142kowitym 90 amper\u00f3w roz\u0142o\u017conym na wszystkie wyj\u015bcia.<\/span><\/strong><\/div>\n<div><\/div>\n<div class=\"elementor-widget-container\">W por\u00f3wnaniu do jednostek ADV, wersja STD nie posiada komunikacji CANBus, wbudowanego mostka H (sterowanie silnikiem), diod LED na wyj\u015bciach ani wbudowanych rezystor\u00f3w podci\u0105gaj\u0105cych na wej\u015bciach dla sygna\u0142\u00f3w GND.<strong>Jednostka STD nie mo\u017ce by\u0107 sterowana przez nasze panele prze\u0142\u0105cznik\u00f3w ani kontroler r\u0119czny, poniewa\u017c nie posiada port\u00f3w CAN\/COM.<\/strong><\/div>\n<\/div>\n<div class=\"elementor-element elementor-element-b951bf8 elementor-widget elementor-widget-woocommerce-product-short-description\" data-id=\"b951bf8\" data-element_type=\"widget\" data-widget_type=\"woocommerce-product-short-description.default\">\n<div class=\"elementor-widget-container\">\n<div class=\"woocommerce-product-details__short-description\">\n<p>Podobnie jak wszystkie nasze DRB, model 9012-8 STD oferuje szeroki zakres funkcji, takich jak:<\/p>\n<ul>\n<li>Funkcje przeka\u017anikowe jak miganie, \u015bciemnianie i timer<\/li>\n<li>Funkcja bezpiecznika poprzez prze\u0142\u0105czniki wysokopr\u0105dowe<\/li>\n<li>Ochrona akumulatora poprzez timery lub zabezpieczenie napi\u0119ciowe, indywidualnie dla ka\u017cdego wyj\u015bcia<\/li>\n<li>Funkcje logiczne oparte na regu\u0142ach<\/li>\n<li>Do trzech r\u00f3\u017cnych funkcji na wyj\u015bcie, takich jak sta\u0142e \u015bwiecenie lub miganie<\/li>\n<\/ul>\n<p class=\"\" data-start=\"112\" data-end=\"430\">Wyj\u015bcia s\u0105 cyfrowo zabezpieczone do 25 amper\u00f3w na wyj\u015bcie (regulowane w odst\u0119pach co 5 A)<\/p>\n<\/div>\n<\/div>\n<\/div>\n","protected":false},"featured_media":14045,"comment_status":"open","ping_status":"closed","template":"","meta":[],"product_brand":[],"product_cat":[205],"product_tag":[206,247,248],"class_list":{"0":"post-14038","1":"product","2":"type-product","3":"status-publish","4":"has-post-thumbnail","6":"product_cat-cyfrowe-moduly-przekaznikowe","7":"product_tag-12v","8":"product_tag-8-wejsc","9":"product_tag-8-wyjsc","11":"first","12":"instock","13":"shipping-taxable","14":"product-type-simple"},"yoast_head":"<!-- This site is optimized with the Yoast SEO plugin v26.0 - https:\/\/yoast.com\/wordpress\/plugins\/seo\/ -->\n<title>DRB 9012-8 STD - Addio Electronics<\/title>\n<meta name=\"robots\" content=\"index, follow, max-snippet:-1, max-image-preview:large, max-video-preview:-1\" \/>\n<link rel=\"canonical\" href=\"https:\/\/addio.eu\/pl\/produkt\/drb-9012-8-std\/\" \/>\n<meta property=\"og:locale\" content=\"pl_PL\" \/>\n<meta property=\"og:type\" content=\"article\" \/>\n<meta property=\"og:title\" content=\"DRB 9012-8 STD - Addio Electronics\" \/>\n<meta property=\"og:description\" content=\"DRB 9012-8 STD to nasza zoptymalizowana kosztowo jednostka z 8 wyj\u015bciami i 8 wej\u015bciami oraz ci\u0105g\u0142ym pr\u0105dem ca\u0142kowitym 90 amper\u00f3w roz\u0142o\u017conym na wszystkie wyj\u015bcia. W por\u00f3wnaniu do jednostek ADV, wersja STD nie posiada komunikacji CANBus, wbudowanego mostka H (sterowanie silnikiem), diod LED na wyj\u015bciach ani wbudowanych rezystor\u00f3w podci\u0105gaj\u0105cych na wej\u015bciach dla sygna\u0142\u00f3w GND.Jednostka STD nie mo\u017ce by\u0107 sterowana przez nasze panele prze\u0142\u0105cznik\u00f3w ani kontroler r\u0119czny, poniewa\u017c nie posiada port\u00f3w CAN\/COM.   Podobnie jak wszystkie nasze DRB, model 9012-8 STD oferuje szeroki zakres funkcji, takich jak:  Funkcje przeka\u017anikowe jak miganie, \u015bciemnianie i timer  Funkcja bezpiecznika poprzez prze\u0142\u0105czniki wysokopr\u0105dowe  Ochrona akumulatora poprzez timery lub zabezpieczenie napi\u0119ciowe, indywidualnie dla ka\u017cdego wyj\u015bcia  Funkcje logiczne oparte na regu\u0142ach  Do trzech r\u00f3\u017cnych funkcji na wyj\u015bcie, takich jak sta\u0142e \u015bwiecenie lub miganie Wyj\u015bcia s\u0105 cyfrowo zabezpieczone do 25 amper\u00f3w na wyj\u015bcie (regulowane w odst\u0119pach co 5 A)\" \/>\n<meta property=\"og:url\" content=\"https:\/\/addio.eu\/pl\/produkt\/drb-9012-8-std\/\" \/>\n<meta property=\"og:site_name\" content=\"Addio Electronics\" \/>\n<meta property=\"article:publisher\" content=\"https:\/\/www.facebook.com\/AddioElectronicsAB\/\" \/>\n<meta property=\"article:modified_time\" content=\"2026-02-10T16:48:10+00:00\" \/>\n<meta property=\"og:image\" content=\"https:\/\/addio.eu\/wp-content\/uploads\/2025\/03\/IMG_1788-scaled.jpg\" \/>\n\t<meta property=\"og:image:width\" content=\"2560\" \/>\n\t<meta property=\"og:image:height\" content=\"1654\" \/>\n\t<meta property=\"og:image:type\" content=\"image\/jpeg\" \/>\n<meta name=\"twitter:card\" content=\"summary_large_image\" \/>\n<meta name=\"twitter:label1\" content=\"Szacowany czas czytania\" \/>\n\t<meta name=\"twitter:data1\" content=\"1 minuta\" \/>\n<script type=\"application\/ld+json\" class=\"yoast-schema-graph\">{\"@context\":\"https:\/\/schema.org\",\"@graph\":[{\"@type\":\"WebPage\",\"@id\":\"https:\/\/addio.eu\/pl\/produkt\/drb-9012-8-std\/\",\"url\":\"https:\/\/addio.eu\/pl\/produkt\/drb-9012-8-std\/\",\"name\":\"DRB 9012-8 STD - Addio Electronics\",\"isPartOf\":{\"@id\":\"https:\/\/addio.eu\/pl\/#website\"},\"primaryImageOfPage\":{\"@id\":\"https:\/\/addio.eu\/pl\/produkt\/drb-9012-8-std\/#primaryimage\"},\"image\":{\"@id\":\"https:\/\/addio.eu\/pl\/produkt\/drb-9012-8-std\/#primaryimage\"},\"thumbnailUrl\":\"https:\/\/addio.eu\/wp-content\/uploads\/2025\/03\/IMG_1788-scaled.jpg\",\"datePublished\":\"2025-03-24T09:47:26+00:00\",\"dateModified\":\"2026-02-10T16:48:10+00:00\",\"breadcrumb\":{\"@id\":\"https:\/\/addio.eu\/pl\/produkt\/drb-9012-8-std\/#breadcrumb\"},\"inLanguage\":\"pl-PL\",\"potentialAction\":[{\"@type\":\"ReadAction\",\"target\":[\"https:\/\/addio.eu\/pl\/produkt\/drb-9012-8-std\/\"]}]},{\"@type\":\"ImageObject\",\"inLanguage\":\"pl-PL\",\"@id\":\"https:\/\/addio.eu\/pl\/produkt\/drb-9012-8-std\/#primaryimage\",\"url\":\"https:\/\/addio.eu\/wp-content\/uploads\/2025\/03\/IMG_1788-scaled.jpg\",\"contentUrl\":\"https:\/\/addio.eu\/wp-content\/uploads\/2025\/03\/IMG_1788-scaled.jpg\",\"width\":2560,\"height\":1654},{\"@type\":\"BreadcrumbList\",\"@id\":\"https:\/\/addio.eu\/pl\/produkt\/drb-9012-8-std\/#breadcrumb\",\"itemListElement\":[{\"@type\":\"ListItem\",\"position\":1,\"name\":\"Home\",\"item\":\"https:\/\/addio.eu\/pl\/strona-glowna-addio\/\"},{\"@type\":\"ListItem\",\"position\":2,\"name\":\"Produkty\",\"item\":\"https:\/\/addio.eu\/pl\/produkty\/\"},{\"@type\":\"ListItem\",\"position\":3,\"name\":\"DRB 9012-8 STD\"}]},{\"@type\":\"WebSite\",\"@id\":\"https:\/\/addio.eu\/pl\/#website\",\"url\":\"https:\/\/addio.eu\/pl\/\",\"name\":\"addio.eu\",\"description\":\"\",\"publisher\":{\"@id\":\"https:\/\/addio.eu\/pl\/#organization\"},\"potentialAction\":[{\"@type\":\"SearchAction\",\"target\":{\"@type\":\"EntryPoint\",\"urlTemplate\":\"https:\/\/addio.eu\/pl\/?s={search_term_string}\"},\"query-input\":{\"@type\":\"PropertyValueSpecification\",\"valueRequired\":true,\"valueName\":\"search_term_string\"}}],\"inLanguage\":\"pl-PL\"},{\"@type\":\"Organization\",\"@id\":\"https:\/\/addio.eu\/pl\/#organization\",\"name\":\"Addio electronics\",\"url\":\"https:\/\/addio.eu\/pl\/\",\"logo\":{\"@type\":\"ImageObject\",\"inLanguage\":\"pl-PL\",\"@id\":\"https:\/\/addio.eu\/pl\/#\/schema\/logo\/image\/\",\"url\":\"https:\/\/addio.eu\/wp-content\/uploads\/2024\/10\/Lager_1-1.svg\",\"contentUrl\":\"https:\/\/addio.eu\/wp-content\/uploads\/2024\/10\/Lager_1-1.svg\",\"caption\":\"Addio electronics\"},\"image\":{\"@id\":\"https:\/\/addio.eu\/pl\/#\/schema\/logo\/image\/\"},\"sameAs\":[\"https:\/\/www.facebook.com\/AddioElectronicsAB\/\",\"https:\/\/www.linkedin.com\/company\/addio-electronics-ab\"]}]}<\/script>\n<!-- \/ Yoast SEO plugin. -->","yoast_head_json":{"title":"DRB 9012-8 STD - Addio Electronics","robots":{"index":"index","follow":"follow","max-snippet":"max-snippet:-1","max-image-preview":"max-image-preview:large","max-video-preview":"max-video-preview:-1"},"canonical":"https:\/\/addio.eu\/pl\/produkt\/drb-9012-8-std\/","og_locale":"pl_PL","og_type":"article","og_title":"DRB 9012-8 STD - Addio Electronics","og_description":"DRB 9012-8 STD to nasza zoptymalizowana kosztowo jednostka z 8 wyj\u015bciami i 8 wej\u015bciami oraz ci\u0105g\u0142ym pr\u0105dem ca\u0142kowitym 90 amper\u00f3w roz\u0142o\u017conym na wszystkie wyj\u015bcia. W por\u00f3wnaniu do jednostek ADV, wersja STD nie posiada komunikacji CANBus, wbudowanego mostka H (sterowanie silnikiem), diod LED na wyj\u015bciach ani wbudowanych rezystor\u00f3w podci\u0105gaj\u0105cych na wej\u015bciach dla sygna\u0142\u00f3w GND.Jednostka STD nie mo\u017ce by\u0107 sterowana przez nasze panele prze\u0142\u0105cznik\u00f3w ani kontroler r\u0119czny, poniewa\u017c nie posiada port\u00f3w CAN\/COM.   Podobnie jak wszystkie nasze DRB, model 9012-8 STD oferuje szeroki zakres funkcji, takich jak:  Funkcje przeka\u017anikowe jak miganie, \u015bciemnianie i timer  Funkcja bezpiecznika poprzez prze\u0142\u0105czniki wysokopr\u0105dowe  Ochrona akumulatora poprzez timery lub zabezpieczenie napi\u0119ciowe, indywidualnie dla ka\u017cdego wyj\u015bcia  Funkcje logiczne oparte na regu\u0142ach  Do trzech r\u00f3\u017cnych funkcji na wyj\u015bcie, takich jak sta\u0142e \u015bwiecenie lub miganie Wyj\u015bcia s\u0105 cyfrowo zabezpieczone do 25 amper\u00f3w na wyj\u015bcie (regulowane w odst\u0119pach co 5 A)","og_url":"https:\/\/addio.eu\/pl\/produkt\/drb-9012-8-std\/","og_site_name":"Addio Electronics","article_publisher":"https:\/\/www.facebook.com\/AddioElectronicsAB\/","article_modified_time":"2026-02-10T16:48:10+00:00","og_image":[{"width":2560,"height":1654,"url":"https:\/\/addio.eu\/wp-content\/uploads\/2025\/03\/IMG_1788-scaled.jpg","type":"image\/jpeg"}],"twitter_card":"summary_large_image","twitter_misc":{"Szacowany czas czytania":"1 minuta"},"schema":{"@context":"https:\/\/schema.org","@graph":[{"@type":"WebPage","@id":"https:\/\/addio.eu\/pl\/produkt\/drb-9012-8-std\/","url":"https:\/\/addio.eu\/pl\/produkt\/drb-9012-8-std\/","name":"DRB 9012-8 STD - Addio Electronics","isPartOf":{"@id":"https:\/\/addio.eu\/pl\/#website"},"primaryImageOfPage":{"@id":"https:\/\/addio.eu\/pl\/produkt\/drb-9012-8-std\/#primaryimage"},"image":{"@id":"https:\/\/addio.eu\/pl\/produkt\/drb-9012-8-std\/#primaryimage"},"thumbnailUrl":"https:\/\/addio.eu\/wp-content\/uploads\/2025\/03\/IMG_1788-scaled.jpg","datePublished":"2025-03-24T09:47:26+00:00","dateModified":"2026-02-10T16:48:10+00:00","breadcrumb":{"@id":"https:\/\/addio.eu\/pl\/produkt\/drb-9012-8-std\/#breadcrumb"},"inLanguage":"pl-PL","potentialAction":[{"@type":"ReadAction","target":["https:\/\/addio.eu\/pl\/produkt\/drb-9012-8-std\/"]}]},{"@type":"ImageObject","inLanguage":"pl-PL","@id":"https:\/\/addio.eu\/pl\/produkt\/drb-9012-8-std\/#primaryimage","url":"https:\/\/addio.eu\/wp-content\/uploads\/2025\/03\/IMG_1788-scaled.jpg","contentUrl":"https:\/\/addio.eu\/wp-content\/uploads\/2025\/03\/IMG_1788-scaled.jpg","width":2560,"height":1654},{"@type":"BreadcrumbList","@id":"https:\/\/addio.eu\/pl\/produkt\/drb-9012-8-std\/#breadcrumb","itemListElement":[{"@type":"ListItem","position":1,"name":"Home","item":"https:\/\/addio.eu\/pl\/strona-glowna-addio\/"},{"@type":"ListItem","position":2,"name":"Produkty","item":"https:\/\/addio.eu\/pl\/produkty\/"},{"@type":"ListItem","position":3,"name":"DRB 9012-8 STD"}]},{"@type":"WebSite","@id":"https:\/\/addio.eu\/pl\/#website","url":"https:\/\/addio.eu\/pl\/","name":"addio.eu","description":"","publisher":{"@id":"https:\/\/addio.eu\/pl\/#organization"},"potentialAction":[{"@type":"SearchAction","target":{"@type":"EntryPoint","urlTemplate":"https:\/\/addio.eu\/pl\/?s={search_term_string}"},"query-input":{"@type":"PropertyValueSpecification","valueRequired":true,"valueName":"search_term_string"}}],"inLanguage":"pl-PL"},{"@type":"Organization","@id":"https:\/\/addio.eu\/pl\/#organization","name":"Addio electronics","url":"https:\/\/addio.eu\/pl\/","logo":{"@type":"ImageObject","inLanguage":"pl-PL","@id":"https:\/\/addio.eu\/pl\/#\/schema\/logo\/image\/","url":"https:\/\/addio.eu\/wp-content\/uploads\/2024\/10\/Lager_1-1.svg","contentUrl":"https:\/\/addio.eu\/wp-content\/uploads\/2024\/10\/Lager_1-1.svg","caption":"Addio electronics"},"image":{"@id":"https:\/\/addio.eu\/pl\/#\/schema\/logo\/image\/"},"sameAs":["https:\/\/www.facebook.com\/AddioElectronicsAB\/","https:\/\/www.linkedin.com\/company\/addio-electronics-ab"]}]}},"_links":{"self":[{"href":"https:\/\/addio.eu\/pl\/wp-json\/wp\/v2\/product\/14038","targetHints":{"allow":["GET"]}}],"collection":[{"href":"https:\/\/addio.eu\/pl\/wp-json\/wp\/v2\/product"}],"about":[{"href":"https:\/\/addio.eu\/pl\/wp-json\/wp\/v2\/types\/product"}],"replies":[{"embeddable":true,"href":"https:\/\/addio.eu\/pl\/wp-json\/wp\/v2\/comments?post=14038"}],"wp:featuredmedia":[{"embeddable":true,"href":"https:\/\/addio.eu\/pl\/wp-json\/wp\/v2\/media\/14045"}],"wp:attachment":[{"href":"https:\/\/addio.eu\/pl\/wp-json\/wp\/v2\/media?parent=14038"}],"wp:term":[{"taxonomy":"product_brand","embeddable":true,"href":"https:\/\/addio.eu\/pl\/wp-json\/wp\/v2\/product_brand?post=14038"},{"taxonomy":"product_cat","embeddable":true,"href":"https:\/\/addio.eu\/pl\/wp-json\/wp\/v2\/product_cat?post=14038"},{"taxonomy":"product_tag","embeddable":true,"href":"https:\/\/addio.eu\/pl\/wp-json\/wp\/v2\/product_tag?post=14038"}],"curies":[{"name":"wp","href":"https:\/\/api.w.org\/{rel}","templated":true}]}}