{"id":13983,"date":"2025-03-07T10:22:19","date_gmt":"2025-03-07T10:22:19","guid":{"rendered":"https:\/\/addio.eu\/product\/drb-10024-8-adv\/"},"modified":"2026-02-10T16:57:58","modified_gmt":"2026-02-10T16:57:58","slug":"drb-10024-8-adv","status":"publish","type":"product","link":"https:\/\/addio.eu\/pl\/produkt\/drb-10024-8-adv\/","title":{"rendered":"DRB 10024-8 ADV"},"content":{"rendered":"<p>Do funkcji zautomatyzowanych mo\u017cna pod\u0142\u0105czy\u0107 i wykorzysta\u0107 Addio CAN Master do integracji z sygna\u0142ami pojazdu u\u017cywanymi jako wej\u015bcia.<\/p>\n<p>DRB jest konfigurowany za pomoc\u0105 naszego oprogramowania ADDIO CC.<\/p>\n<table width=\"324\">\n<tbody>\n<tr>\n<td width=\"234\">Model<\/td>\n<td width=\"90\">DRB-10024-8 ADV<\/td>\n<\/tr>\n<tr>\n<td width=\"234\">Zasilanie<\/td>\n<td width=\"90\">18-31 VDC<\/td>\n<\/tr>\n<tr>\n<td width=\"234\">Wewn\u0119trzne zu\u017cycie energii (w przybli\u017ceniu)Tryb normalny bez aktywnego wyj\u015bcia \/ Tryb u\u015bpienia<\/td>\n<td width=\"90\">~30mA\/~10mA<\/td>\n<\/tr>\n<tr>\n<td width=\"234\">Ochrona przed zbyt niskim napi\u0119ciem (regulowana)<\/td>\n<td width=\"90\">18-25V, co 0,5V<\/td>\n<\/tr>\n<tr>\n<td width=\"234\">Ochrona przed przepi\u0119ciem (regulowana)<\/td>\n<td width=\"90\">26-31V, co 1V<\/td>\n<\/tr>\n<tr>\n<td width=\"234\">Maks. ca\u0142kowity pr\u0105d 1 minuta<\/td>\n<td width=\"90\">100A<\/td>\n<\/tr>\n<tr>\n<td width=\"234\">Maks. ca\u0142kowity pr\u0105d ci\u0105g\u0142y<\/td>\n<td width=\"90\">100A<\/td>\n<\/tr>\n<tr>\n<td width=\"234\">Ca\u0142kowita liczba wej\u015b\u0107<\/td>\n<td width=\"90\">8 szt.<\/td>\n<\/tr>\n<tr>\n<td width=\"234\">Wej\u015bcia cyfrowe<\/td>\n<td width=\"90\">4 z 8 szt.<\/td>\n<\/tr>\n<tr>\n<td width=\"234\">Wej\u015bcia analogowe<\/td>\n<td width=\"90\">4 z 8 szt.<\/td>\n<\/tr>\n<tr>\n<td width=\"234\">Rezystancja wej\u015bciowa @12V<\/td>\n<td width=\"90\">22k\u03a9<\/td>\n<\/tr>\n<tr>\n<td width=\"234\">Po\u0142\u0105czenia wej\u015bciowe (roz\u0142\u0105czalne zaciski \u015brubowe)<\/td>\n<td width=\"90\">10-biegunowe wraz z +\/-<\/td>\n<\/tr>\n<tr>\n<td width=\"234\">Liczba wyj\u015b\u0107<\/td>\n<td width=\"90\">8 szt.<\/td>\n<\/tr>\n<tr>\n<td width=\"234\">Po\u0142\u0105czenie wyj\u015b\u0107<\/td>\n<td width=\"90\">Kablowe z\u0142\u0105cze zaciskowe<\/td>\n<\/tr>\n<tr>\n<td width=\"234\">Rozmiar bezpiecznika A, wyj\u015bcia<\/td>\n<td width=\"90\">5, 10, 15, 20, 25, 30<\/td>\n<\/tr>\n<tr>\n<td width=\"234\">Po\u0142\u0105czenie zasilania<\/td>\n<td width=\"90\">Nakr\u0119tka M5<\/td>\n<\/tr>\n<tr>\n<td width=\"234\">Bluetooth<\/td>\n<td width=\"90\">Tak, akcesorium<\/td>\n<\/tr>\n<tr>\n<td width=\"234\">Sterowanie silnikiem mostek H (wst\u0119pny pr\u0105d)<\/td>\n<td width=\"90\">tak, maks. 12A<\/td>\n<\/tr>\n<tr>\n<td width=\"234\">Wska\u017anik b\u0142\u0119du<\/td>\n<td width=\"90\">wsp\u00f3lna dioda RGB<\/td>\n<\/tr>\n<tr>\n<td width=\"234\">Dioda LED na wyj\u015bcie (regulowany kolor)<\/td>\n<td width=\"90\">tak, RGB<\/td>\n<\/tr>\n<tr>\n<td width=\"234\">Magistrala komunikacyjna (CAN bus)<\/td>\n<td width=\"90\">Tak, 2 szt. RJ10<\/td>\n<\/tr>\n<tr>\n<td width=\"234\">Po\u0142\u0105czenia komputerowe<\/td>\n<td width=\"90\">USB Mini<\/td>\n<\/tr>\n<tr>\n<td width=\"234\">Uziemienie sygna\u0142\u00f3w<\/td>\n<td width=\"90\">Tak, z wewn\u0119trznym podci\u0105ganiem. Wej\u015bcia 1-4<\/td>\n<\/tr>\n<tr>\n<td width=\"234\">Kontroler r\u0119czny, panele prze\u0142\u0105cznik\u00f3w, czujniki itp.<\/td>\n<td width=\"90\">Tak, jako akcesorium<\/td>\n<\/tr>\n<tr>\n<td width=\"234\">Wymiary (mm)<\/td>\n<td width=\"90\">170x92x21<\/td>\n<\/tr>\n<tr>\n<td width=\"234\">Waga<\/td>\n<td width=\"90\">206 g<\/td>\n<\/tr>\n<\/tbody>\n<\/table>\n","protected":false},"excerpt":{"rendered":"<div class=\"elementor-element elementor-element-28a1869 elementor-widget elementor-widget-woocommerce-product-title elementor-page-title elementor-widget-heading\" data-id=\"28a1869\" data-element_type=\"widget\" data-widget_type=\"woocommerce-product-title.default\">\n<div class=\"elementor-widget-container\"><\/div>\n<\/div>\n<div class=\"elementor-element elementor-element-b951bf8 elementor-widget elementor-widget-woocommerce-product-short-description\" data-id=\"b951bf8\" data-element_type=\"widget\" data-widget_type=\"woocommerce-product-short-description.default\">\n<div class=\"elementor-widget-container\">\n<div class=\"woocommerce-product-details__short-description\">\n<p class=\"\" data-start=\"112\" data-end=\"430\">DRB 10024-8 ADV to nasza najpot\u0119\u017cniejsza jednostka 24V z 8 wyj\u015bciami i 8 wej\u015bciami oraz ci\u0105g\u0142ym ca\u0142kowitym pr\u0105dem 100 amper\u00f3w roz\u0142o\u017conym na wszystkie wyj\u015bcia.<\/p>\n<p>Jak wszystkie nasze DRB, 10024-8 ADV oferuje szeroki zakres funkcji, takich jak:<\/p>\n<ul>\n<li>Funkcje przeka\u017anikowe jak miganie, \u015bciemnianie i timer<\/li>\n<li>Funkcja bezpiecznika poprzez prze\u0142\u0105czniki wysokopr\u0105dowe<\/li>\n<li>Ochrona akumulatora poprzez timery lub zabezpieczenie napi\u0119ciowe, indywidualnie dla ka\u017cdego wyj\u015bcia<\/li>\n<li>Funkcje logiczne oparte na regu\u0142ach<\/li>\n<li>Do trzech r\u00f3\u017cnych funkcji na wyj\u015bcie, takich jak sta\u0142e \u015bwiecenie lub miganie<\/li>\n<\/ul>\n<p class=\"\" data-start=\"112\" data-end=\"430\">Wyj\u015bcia s\u0105 cyfrowo chronione do 30 amper\u00f3w na wyj\u015bcie.<\/p>\n<p class=\"\" data-start=\"432\" data-end=\"679\">Urz\u0105dzenie jest idealnie sterowane przez nasz 8-przyciskowy panel sterowania (akcesorium) pod\u0142\u0105czony przez magistral\u0119 CAN, ale mo\u017cna r\u00f3wnie\u017c skonfigurowa\u0107 zwyk\u0142e prze\u0142\u0105czniki lub inne rodzaje sygna\u0142\u00f3w, zar\u00f3wno cyfrowych (wysoki\/niski), jak i analogowych (zmienne napi\u0119cia), do sterowania ka\u017cdym wyj\u015bciem.<\/p>\n<\/div>\n<\/div>\n<\/div>\n","protected":false},"featured_media":13986,"comment_status":"open","ping_status":"closed","template":"","meta":[],"product_brand":[],"product_cat":[205],"product_tag":[207,249,247,248],"class_list":{"0":"post-13983","1":"product","2":"type-product","3":"status-publish","4":"has-post-thumbnail","6":"product_cat-cyfrowe-moduly-przekaznikowe","7":"product_tag-2-porty-can","8":"product_tag-24v","9":"product_tag-8-wejsc","10":"product_tag-8-wyjsc","12":"first","13":"instock","14":"shipping-taxable","15":"product-type-simple"},"yoast_head":"<!-- This site is optimized with the Yoast SEO plugin v26.0 - https:\/\/yoast.com\/wordpress\/plugins\/seo\/ -->\n<title>DRB 10024-8 ADV - Addio Electronics<\/title>\n<meta name=\"robots\" content=\"index, follow, max-snippet:-1, max-image-preview:large, max-video-preview:-1\" \/>\n<link rel=\"canonical\" href=\"https:\/\/addio.eu\/pl\/produkt\/drb-10024-8-adv\/\" \/>\n<meta property=\"og:locale\" content=\"pl_PL\" \/>\n<meta property=\"og:type\" content=\"article\" \/>\n<meta property=\"og:title\" content=\"DRB 10024-8 ADV - Addio Electronics\" \/>\n<meta property=\"og:description\" content=\"DRB 10024-8 ADV to nasza najpot\u0119\u017cniejsza jednostka 24V z 8 wyj\u015bciami i 8 wej\u015bciami oraz ci\u0105g\u0142ym ca\u0142kowitym pr\u0105dem 100 amper\u00f3w roz\u0142o\u017conym na wszystkie wyj\u015bcia. Jak wszystkie nasze DRB, 10024-8 ADV oferuje szeroki zakres funkcji, takich jak:  Funkcje przeka\u017anikowe jak miganie, \u015bciemnianie i timer  Funkcja bezpiecznika poprzez prze\u0142\u0105czniki wysokopr\u0105dowe  Ochrona akumulatora poprzez timery lub zabezpieczenie napi\u0119ciowe, indywidualnie dla ka\u017cdego wyj\u015bcia  Funkcje logiczne oparte na regu\u0142ach  Do trzech r\u00f3\u017cnych funkcji na wyj\u015bcie, takich jak sta\u0142e \u015bwiecenie lub miganie Wyj\u015bcia s\u0105 cyfrowo chronione do 30 amper\u00f3w na wyj\u015bcie. Urz\u0105dzenie jest idealnie sterowane przez nasz 8-przyciskowy panel sterowania (akcesorium) pod\u0142\u0105czony przez magistral\u0119 CAN, ale mo\u017cna r\u00f3wnie\u017c skonfigurowa\u0107 zwyk\u0142e prze\u0142\u0105czniki lub inne rodzaje sygna\u0142\u00f3w, zar\u00f3wno cyfrowych (wysoki\/niski), jak i analogowych (zmienne napi\u0119cia), do sterowania ka\u017cdym wyj\u015bciem.\" \/>\n<meta property=\"og:url\" content=\"https:\/\/addio.eu\/pl\/produkt\/drb-10024-8-adv\/\" \/>\n<meta property=\"og:site_name\" content=\"Addio Electronics\" \/>\n<meta property=\"article:publisher\" content=\"https:\/\/www.facebook.com\/AddioElectronicsAB\/\" \/>\n<meta property=\"article:modified_time\" content=\"2026-02-10T16:57:58+00:00\" \/>\n<meta property=\"og:image\" content=\"https:\/\/addio.eu\/wp-content\/uploads\/2025\/03\/IMG_1808-scaled.jpg\" \/>\n\t<meta property=\"og:image:width\" content=\"2560\" \/>\n\t<meta property=\"og:image:height\" content=\"1658\" \/>\n\t<meta property=\"og:image:type\" content=\"image\/jpeg\" \/>\n<meta name=\"twitter:card\" content=\"summary_large_image\" \/>\n<meta name=\"twitter:label1\" content=\"Szacowany czas czytania\" \/>\n\t<meta name=\"twitter:data1\" content=\"1 minuta\" \/>\n<script type=\"application\/ld+json\" class=\"yoast-schema-graph\">{\"@context\":\"https:\/\/schema.org\",\"@graph\":[{\"@type\":\"WebPage\",\"@id\":\"https:\/\/addio.eu\/pl\/produkt\/drb-10024-8-adv\/\",\"url\":\"https:\/\/addio.eu\/pl\/produkt\/drb-10024-8-adv\/\",\"name\":\"DRB 10024-8 ADV - Addio Electronics\",\"isPartOf\":{\"@id\":\"https:\/\/addio.eu\/pl\/#website\"},\"primaryImageOfPage\":{\"@id\":\"https:\/\/addio.eu\/pl\/produkt\/drb-10024-8-adv\/#primaryimage\"},\"image\":{\"@id\":\"https:\/\/addio.eu\/pl\/produkt\/drb-10024-8-adv\/#primaryimage\"},\"thumbnailUrl\":\"https:\/\/addio.eu\/wp-content\/uploads\/2025\/03\/IMG_1808-scaled.jpg\",\"datePublished\":\"2025-03-07T10:22:19+00:00\",\"dateModified\":\"2026-02-10T16:57:58+00:00\",\"breadcrumb\":{\"@id\":\"https:\/\/addio.eu\/pl\/produkt\/drb-10024-8-adv\/#breadcrumb\"},\"inLanguage\":\"pl-PL\",\"potentialAction\":[{\"@type\":\"ReadAction\",\"target\":[\"https:\/\/addio.eu\/pl\/produkt\/drb-10024-8-adv\/\"]}]},{\"@type\":\"ImageObject\",\"inLanguage\":\"pl-PL\",\"@id\":\"https:\/\/addio.eu\/pl\/produkt\/drb-10024-8-adv\/#primaryimage\",\"url\":\"https:\/\/addio.eu\/wp-content\/uploads\/2025\/03\/IMG_1808-scaled.jpg\",\"contentUrl\":\"https:\/\/addio.eu\/wp-content\/uploads\/2025\/03\/IMG_1808-scaled.jpg\",\"width\":2560,\"height\":1658},{\"@type\":\"BreadcrumbList\",\"@id\":\"https:\/\/addio.eu\/pl\/produkt\/drb-10024-8-adv\/#breadcrumb\",\"itemListElement\":[{\"@type\":\"ListItem\",\"position\":1,\"name\":\"Home\",\"item\":\"https:\/\/addio.eu\/pl\/strona-glowna-addio\/\"},{\"@type\":\"ListItem\",\"position\":2,\"name\":\"Produkty\",\"item\":\"https:\/\/addio.eu\/pl\/produkty\/\"},{\"@type\":\"ListItem\",\"position\":3,\"name\":\"DRB 10024-8 ADV\"}]},{\"@type\":\"WebSite\",\"@id\":\"https:\/\/addio.eu\/pl\/#website\",\"url\":\"https:\/\/addio.eu\/pl\/\",\"name\":\"addio.eu\",\"description\":\"\",\"publisher\":{\"@id\":\"https:\/\/addio.eu\/pl\/#organization\"},\"potentialAction\":[{\"@type\":\"SearchAction\",\"target\":{\"@type\":\"EntryPoint\",\"urlTemplate\":\"https:\/\/addio.eu\/pl\/?s={search_term_string}\"},\"query-input\":{\"@type\":\"PropertyValueSpecification\",\"valueRequired\":true,\"valueName\":\"search_term_string\"}}],\"inLanguage\":\"pl-PL\"},{\"@type\":\"Organization\",\"@id\":\"https:\/\/addio.eu\/pl\/#organization\",\"name\":\"Addio electronics\",\"url\":\"https:\/\/addio.eu\/pl\/\",\"logo\":{\"@type\":\"ImageObject\",\"inLanguage\":\"pl-PL\",\"@id\":\"https:\/\/addio.eu\/pl\/#\/schema\/logo\/image\/\",\"url\":\"https:\/\/addio.eu\/wp-content\/uploads\/2024\/10\/Lager_1-1.svg\",\"contentUrl\":\"https:\/\/addio.eu\/wp-content\/uploads\/2024\/10\/Lager_1-1.svg\",\"caption\":\"Addio electronics\"},\"image\":{\"@id\":\"https:\/\/addio.eu\/pl\/#\/schema\/logo\/image\/\"},\"sameAs\":[\"https:\/\/www.facebook.com\/AddioElectronicsAB\/\",\"https:\/\/www.linkedin.com\/company\/addio-electronics-ab\"]}]}<\/script>\n<!-- \/ Yoast SEO plugin. -->","yoast_head_json":{"title":"DRB 10024-8 ADV - Addio Electronics","robots":{"index":"index","follow":"follow","max-snippet":"max-snippet:-1","max-image-preview":"max-image-preview:large","max-video-preview":"max-video-preview:-1"},"canonical":"https:\/\/addio.eu\/pl\/produkt\/drb-10024-8-adv\/","og_locale":"pl_PL","og_type":"article","og_title":"DRB 10024-8 ADV - Addio Electronics","og_description":"DRB 10024-8 ADV to nasza najpot\u0119\u017cniejsza jednostka 24V z 8 wyj\u015bciami i 8 wej\u015bciami oraz ci\u0105g\u0142ym ca\u0142kowitym pr\u0105dem 100 amper\u00f3w roz\u0142o\u017conym na wszystkie wyj\u015bcia. Jak wszystkie nasze DRB, 10024-8 ADV oferuje szeroki zakres funkcji, takich jak:  Funkcje przeka\u017anikowe jak miganie, \u015bciemnianie i timer  Funkcja bezpiecznika poprzez prze\u0142\u0105czniki wysokopr\u0105dowe  Ochrona akumulatora poprzez timery lub zabezpieczenie napi\u0119ciowe, indywidualnie dla ka\u017cdego wyj\u015bcia  Funkcje logiczne oparte na regu\u0142ach  Do trzech r\u00f3\u017cnych funkcji na wyj\u015bcie, takich jak sta\u0142e \u015bwiecenie lub miganie Wyj\u015bcia s\u0105 cyfrowo chronione do 30 amper\u00f3w na wyj\u015bcie. Urz\u0105dzenie jest idealnie sterowane przez nasz 8-przyciskowy panel sterowania (akcesorium) pod\u0142\u0105czony przez magistral\u0119 CAN, ale mo\u017cna r\u00f3wnie\u017c skonfigurowa\u0107 zwyk\u0142e prze\u0142\u0105czniki lub inne rodzaje sygna\u0142\u00f3w, zar\u00f3wno cyfrowych (wysoki\/niski), jak i analogowych (zmienne napi\u0119cia), do sterowania ka\u017cdym wyj\u015bciem.","og_url":"https:\/\/addio.eu\/pl\/produkt\/drb-10024-8-adv\/","og_site_name":"Addio Electronics","article_publisher":"https:\/\/www.facebook.com\/AddioElectronicsAB\/","article_modified_time":"2026-02-10T16:57:58+00:00","og_image":[{"width":2560,"height":1658,"url":"https:\/\/addio.eu\/wp-content\/uploads\/2025\/03\/IMG_1808-scaled.jpg","type":"image\/jpeg"}],"twitter_card":"summary_large_image","twitter_misc":{"Szacowany czas czytania":"1 minuta"},"schema":{"@context":"https:\/\/schema.org","@graph":[{"@type":"WebPage","@id":"https:\/\/addio.eu\/pl\/produkt\/drb-10024-8-adv\/","url":"https:\/\/addio.eu\/pl\/produkt\/drb-10024-8-adv\/","name":"DRB 10024-8 ADV - Addio Electronics","isPartOf":{"@id":"https:\/\/addio.eu\/pl\/#website"},"primaryImageOfPage":{"@id":"https:\/\/addio.eu\/pl\/produkt\/drb-10024-8-adv\/#primaryimage"},"image":{"@id":"https:\/\/addio.eu\/pl\/produkt\/drb-10024-8-adv\/#primaryimage"},"thumbnailUrl":"https:\/\/addio.eu\/wp-content\/uploads\/2025\/03\/IMG_1808-scaled.jpg","datePublished":"2025-03-07T10:22:19+00:00","dateModified":"2026-02-10T16:57:58+00:00","breadcrumb":{"@id":"https:\/\/addio.eu\/pl\/produkt\/drb-10024-8-adv\/#breadcrumb"},"inLanguage":"pl-PL","potentialAction":[{"@type":"ReadAction","target":["https:\/\/addio.eu\/pl\/produkt\/drb-10024-8-adv\/"]}]},{"@type":"ImageObject","inLanguage":"pl-PL","@id":"https:\/\/addio.eu\/pl\/produkt\/drb-10024-8-adv\/#primaryimage","url":"https:\/\/addio.eu\/wp-content\/uploads\/2025\/03\/IMG_1808-scaled.jpg","contentUrl":"https:\/\/addio.eu\/wp-content\/uploads\/2025\/03\/IMG_1808-scaled.jpg","width":2560,"height":1658},{"@type":"BreadcrumbList","@id":"https:\/\/addio.eu\/pl\/produkt\/drb-10024-8-adv\/#breadcrumb","itemListElement":[{"@type":"ListItem","position":1,"name":"Home","item":"https:\/\/addio.eu\/pl\/strona-glowna-addio\/"},{"@type":"ListItem","position":2,"name":"Produkty","item":"https:\/\/addio.eu\/pl\/produkty\/"},{"@type":"ListItem","position":3,"name":"DRB 10024-8 ADV"}]},{"@type":"WebSite","@id":"https:\/\/addio.eu\/pl\/#website","url":"https:\/\/addio.eu\/pl\/","name":"addio.eu","description":"","publisher":{"@id":"https:\/\/addio.eu\/pl\/#organization"},"potentialAction":[{"@type":"SearchAction","target":{"@type":"EntryPoint","urlTemplate":"https:\/\/addio.eu\/pl\/?s={search_term_string}"},"query-input":{"@type":"PropertyValueSpecification","valueRequired":true,"valueName":"search_term_string"}}],"inLanguage":"pl-PL"},{"@type":"Organization","@id":"https:\/\/addio.eu\/pl\/#organization","name":"Addio electronics","url":"https:\/\/addio.eu\/pl\/","logo":{"@type":"ImageObject","inLanguage":"pl-PL","@id":"https:\/\/addio.eu\/pl\/#\/schema\/logo\/image\/","url":"https:\/\/addio.eu\/wp-content\/uploads\/2024\/10\/Lager_1-1.svg","contentUrl":"https:\/\/addio.eu\/wp-content\/uploads\/2024\/10\/Lager_1-1.svg","caption":"Addio electronics"},"image":{"@id":"https:\/\/addio.eu\/pl\/#\/schema\/logo\/image\/"},"sameAs":["https:\/\/www.facebook.com\/AddioElectronicsAB\/","https:\/\/www.linkedin.com\/company\/addio-electronics-ab"]}]}},"_links":{"self":[{"href":"https:\/\/addio.eu\/pl\/wp-json\/wp\/v2\/product\/13983","targetHints":{"allow":["GET"]}}],"collection":[{"href":"https:\/\/addio.eu\/pl\/wp-json\/wp\/v2\/product"}],"about":[{"href":"https:\/\/addio.eu\/pl\/wp-json\/wp\/v2\/types\/product"}],"replies":[{"embeddable":true,"href":"https:\/\/addio.eu\/pl\/wp-json\/wp\/v2\/comments?post=13983"}],"wp:featuredmedia":[{"embeddable":true,"href":"https:\/\/addio.eu\/pl\/wp-json\/wp\/v2\/media\/13986"}],"wp:attachment":[{"href":"https:\/\/addio.eu\/pl\/wp-json\/wp\/v2\/media?parent=13983"}],"wp:term":[{"taxonomy":"product_brand","embeddable":true,"href":"https:\/\/addio.eu\/pl\/wp-json\/wp\/v2\/product_brand?post=13983"},{"taxonomy":"product_cat","embeddable":true,"href":"https:\/\/addio.eu\/pl\/wp-json\/wp\/v2\/product_cat?post=13983"},{"taxonomy":"product_tag","embeddable":true,"href":"https:\/\/addio.eu\/pl\/wp-json\/wp\/v2\/product_tag?post=13983"}],"curies":[{"name":"wp","href":"https:\/\/api.w.org\/{rel}","templated":true}]}}