{"id":13688,"date":"2025-03-07T10:38:08","date_gmt":"2025-03-07T10:38:08","guid":{"rendered":"https:\/\/addio.eu\/product\/panel-sterowania-15\/"},"modified":"2025-03-07T10:38:08","modified_gmt":"2025-03-07T10:38:08","slug":"panel-sterowania-15","status":"publish","type":"product","link":"https:\/\/addio.eu\/pl\/produkt\/panel-sterowania-15\/","title":{"rendered":"Panel sterowania 15"},"content":{"rendered":"<p class=\"\" data-start=\"660\" data-end=\"682\"><strong data-start=\"660\" data-end=\"682\">Kolor i o\u015bwietlenie<\/strong><\/p>\n<p class=\"\" data-start=\"684\" data-end=\"919\">Wszystkie przyciski na panelu sterowania s\u0105 pod\u015bwietlone i mo\u017cna je skonfigurowa\u0107 w nast\u0119puj\u0105cych kolorach: zielony, niebieski, \u017c\u00f3\u0142ty, pomara\u0144czowy, bia\u0142y i czerwony. Zar\u00f3wno kolor \u015bwiat\u0142a t\u0142a, jak i kolor aktywny mo\u017cna ustawi\u0107 w menu dla ka\u017cdego przycisku. <\/p>\n<p class=\"\" data-start=\"921\" data-end=\"1055\">Intensywno\u015b\u0107 \u015bwiat\u0142a przycisk\u00f3w automatycznie dostosowuje si\u0119 do warunk\u00f3w o\u015bwietlenia otoczenia, dzi\u0119ki wbudowanemu czujnikowi \u015bwiat\u0142a.<\/p>\n<p class=\"\" data-start=\"1346\" data-end=\"1380\"><strong data-start=\"1346\" data-end=\"1380\">Instalacja i konfiguracja<\/strong><\/p>\n<p class=\"\" data-start=\"1382\" data-end=\"1525\">Konfiguracja funkcji przycisk\u00f3w, kolor\u00f3w aktywnych i pasywnych oraz innych ustawie\u0144 jest przechowywana w naszych skrzynkach przeka\u017anikowych i odbywa si\u0119 za pomoc\u0105 naszego oprogramowania Addio CC.<\/p>\n<p data-start=\"1382\" data-end=\"1525\"><strong>Zawarto\u015b\u0107 opakowania<\/strong><br \/>\nPanel sterowania Addio jest dostarczany z 3-metrowym kablem, uchwytem monta\u017cowym i naklejkami przycisk\u00f3w.<\/p>\n","protected":false},"excerpt":{"rendered":"<div class=\"elementor-element elementor-element-28a1869 elementor-widget elementor-widget-woocommerce-product-title elementor-page-title elementor-widget-heading\" data-id=\"28a1869\" data-element_type=\"widget\" data-widget_type=\"woocommerce-product-title.default\">\n<div class=\"elementor-widget-container\">\n<h2 class=\"product_title entry-title elementor-heading-title elementor-size-default\"><strong style=\"font-size: 16px;\" data-start=\"62\" data-end=\"120\">\u0141atwe okablowanie i instalacja panelu sterowania Addio<\/strong><\/h2>\n<\/div>\n<\/div>\n<div class=\"elementor-element elementor-element-b951bf8 elementor-widget elementor-widget-woocommerce-product-short-description\" data-id=\"b951bf8\" data-element_type=\"widget\" data-widget_type=\"woocommerce-product-short-description.default\">\n<div class=\"elementor-widget-container\">\n<div class=\"woocommerce-product-details__short-description\">\n<p>13-przyciskowy panel sterowania Addio jest \u0142atwy w instalacji dzi\u0119ki do\u0142\u0105czonemu uchwytowi monta\u017cowemu. Panel sterowania \u0142\u0105czy si\u0119 z portem COM\/CAN modu\u0142u przeka\u017anikowego za pomoc\u0105 do\u0142\u0105czonego kabla. <\/p>\n<p>Panel sterowania Addio jest kompatybilny zar\u00f3wno z naszymi modu\u0142ami DRB 12V, jak i 24V.<\/p>\n<div id=\"tw-target-rmn-container\" class=\"tw-target-rmn tw-ta-container tw-nfl\" tabindex=\"0\" role=\"text\">\n<p id=\"tw-target-rmn\" class=\"tw-data-placeholder tw-text-small tw-ta\" dir=\"ltr\"><strong data-start=\"333\" data-end=\"345\">Funkcje<\/strong><\/p>\n<\/div>\n<p class=\"\" data-start=\"347\" data-end=\"523\">Ka\u017cdy przycisk mo\u017ce by\u0107 skonfigurowany do sterowania wieloma funkcjami i mo\u017ce aktywowa\u0107 wyj\u015bcie i\/lub s\u0142u\u017cy\u0107 jako wska\u017anik pokazuj\u0105cy stan okre\u015blonego wej\u015bcia, wyj\u015bcia lub innej funkcji wewn\u0119trznej.<\/p>\n<p class=\"\" data-start=\"525\" data-end=\"658\">W systemie mo\u017cna u\u017cywa\u0107 do czterech paneli sterowania, kt\u00f3re b\u0119d\u0105 dzia\u0142a\u0107 r\u00f3wnolegle (okablowanie schodowe).<\/p>\n<\/div>\n<\/div>\n<\/div>\n","protected":false},"featured_media":5857,"comment_status":"open","ping_status":"closed","template":"","meta":[],"product_brand":[],"product_cat":[430],"product_tag":[431],"class_list":{"0":"post-13688","1":"product","2":"type-product","3":"status-publish","4":"has-post-thumbnail","6":"product_cat-panele-sterowania","7":"product_tag-15-przyciskow","9":"first","10":"instock","11":"shipping-taxable","12":"product-type-simple"},"yoast_head":"<!-- This site is optimized with the Yoast SEO plugin v26.0 - https:\/\/yoast.com\/wordpress\/plugins\/seo\/ -->\n<title>Panel sterowania 15 - Addio Electronics<\/title>\n<meta name=\"robots\" content=\"index, follow, max-snippet:-1, max-image-preview:large, max-video-preview:-1\" \/>\n<link rel=\"canonical\" href=\"https:\/\/addio.eu\/pl\/produkt\/panel-sterowania-15\/\" \/>\n<meta property=\"og:locale\" content=\"pl_PL\" \/>\n<meta property=\"og:type\" content=\"article\" \/>\n<meta property=\"og:title\" content=\"Panel sterowania 15 - Addio Electronics\" \/>\n<meta property=\"og:description\" content=\"\u0141atwe okablowanie i instalacja panelu sterowania Addio    13-przyciskowy panel sterowania Addio jest \u0142atwy w instalacji dzi\u0119ki do\u0142\u0105czonemu uchwytowi monta\u017cowemu. Panel sterowania \u0142\u0105czy si\u0119 z portem COM\/CAN modu\u0142u przeka\u017anikowego za pomoc\u0105 do\u0142\u0105czonego kabla.  Panel sterowania Addio jest kompatybilny zar\u00f3wno z naszymi modu\u0142ami DRB 12V, jak i 24V. Funkcje  Ka\u017cdy przycisk mo\u017ce by\u0107 skonfigurowany do sterowania wieloma funkcjami i mo\u017ce aktywowa\u0107 wyj\u015bcie i\/lub s\u0142u\u017cy\u0107 jako wska\u017anik pokazuj\u0105cy stan okre\u015blonego wej\u015bcia, wyj\u015bcia lub innej funkcji wewn\u0119trznej. W systemie mo\u017cna u\u017cywa\u0107 do czterech paneli sterowania, kt\u00f3re b\u0119d\u0105 dzia\u0142a\u0107 r\u00f3wnolegle (okablowanie schodowe).\" \/>\n<meta property=\"og:url\" content=\"https:\/\/addio.eu\/pl\/produkt\/panel-sterowania-15\/\" \/>\n<meta property=\"og:site_name\" content=\"Addio Electronics\" \/>\n<meta property=\"article:publisher\" content=\"https:\/\/www.facebook.com\/AddioElectronicsAB\/\" \/>\n<meta property=\"og:image\" content=\"https:\/\/addio.eu\/wp-content\/uploads\/2025\/03\/IMG_1590-scaled.jpg\" \/>\n\t<meta property=\"og:image:width\" content=\"1670\" \/>\n\t<meta property=\"og:image:height\" content=\"2560\" \/>\n\t<meta property=\"og:image:type\" content=\"image\/jpeg\" \/>\n<meta name=\"twitter:card\" content=\"summary_large_image\" \/>\n<meta name=\"twitter:label1\" content=\"Szacowany czas czytania\" \/>\n\t<meta name=\"twitter:data1\" content=\"1 minuta\" \/>\n<script type=\"application\/ld+json\" class=\"yoast-schema-graph\">{\"@context\":\"https:\/\/schema.org\",\"@graph\":[{\"@type\":\"WebPage\",\"@id\":\"https:\/\/addio.eu\/pl\/produkt\/panel-sterowania-15\/\",\"url\":\"https:\/\/addio.eu\/pl\/produkt\/panel-sterowania-15\/\",\"name\":\"Panel sterowania 15 - Addio Electronics\",\"isPartOf\":{\"@id\":\"https:\/\/addio.eu\/pl\/#website\"},\"primaryImageOfPage\":{\"@id\":\"https:\/\/addio.eu\/pl\/produkt\/panel-sterowania-15\/#primaryimage\"},\"image\":{\"@id\":\"https:\/\/addio.eu\/pl\/produkt\/panel-sterowania-15\/#primaryimage\"},\"thumbnailUrl\":\"https:\/\/addio.eu\/wp-content\/uploads\/2025\/03\/IMG_1590-scaled.jpg\",\"datePublished\":\"2025-03-07T10:38:08+00:00\",\"breadcrumb\":{\"@id\":\"https:\/\/addio.eu\/pl\/produkt\/panel-sterowania-15\/#breadcrumb\"},\"inLanguage\":\"pl-PL\",\"potentialAction\":[{\"@type\":\"ReadAction\",\"target\":[\"https:\/\/addio.eu\/pl\/produkt\/panel-sterowania-15\/\"]}]},{\"@type\":\"ImageObject\",\"inLanguage\":\"pl-PL\",\"@id\":\"https:\/\/addio.eu\/pl\/produkt\/panel-sterowania-15\/#primaryimage\",\"url\":\"https:\/\/addio.eu\/wp-content\/uploads\/2025\/03\/IMG_1590-scaled.jpg\",\"contentUrl\":\"https:\/\/addio.eu\/wp-content\/uploads\/2025\/03\/IMG_1590-scaled.jpg\",\"width\":1670,\"height\":2560},{\"@type\":\"BreadcrumbList\",\"@id\":\"https:\/\/addio.eu\/pl\/produkt\/panel-sterowania-15\/#breadcrumb\",\"itemListElement\":[{\"@type\":\"ListItem\",\"position\":1,\"name\":\"Home\",\"item\":\"https:\/\/addio.eu\/pl\/strona-glowna-addio\/\"},{\"@type\":\"ListItem\",\"position\":2,\"name\":\"Produkty\",\"item\":\"https:\/\/addio.eu\/pl\/produkty\/\"},{\"@type\":\"ListItem\",\"position\":3,\"name\":\"Panel sterowania 15\"}]},{\"@type\":\"WebSite\",\"@id\":\"https:\/\/addio.eu\/pl\/#website\",\"url\":\"https:\/\/addio.eu\/pl\/\",\"name\":\"addio.eu\",\"description\":\"\",\"publisher\":{\"@id\":\"https:\/\/addio.eu\/pl\/#organization\"},\"potentialAction\":[{\"@type\":\"SearchAction\",\"target\":{\"@type\":\"EntryPoint\",\"urlTemplate\":\"https:\/\/addio.eu\/pl\/?s={search_term_string}\"},\"query-input\":{\"@type\":\"PropertyValueSpecification\",\"valueRequired\":true,\"valueName\":\"search_term_string\"}}],\"inLanguage\":\"pl-PL\"},{\"@type\":\"Organization\",\"@id\":\"https:\/\/addio.eu\/pl\/#organization\",\"name\":\"Addio electronics\",\"url\":\"https:\/\/addio.eu\/pl\/\",\"logo\":{\"@type\":\"ImageObject\",\"inLanguage\":\"pl-PL\",\"@id\":\"https:\/\/addio.eu\/pl\/#\/schema\/logo\/image\/\",\"url\":\"https:\/\/addio.eu\/wp-content\/uploads\/2024\/10\/Lager_1-1.svg\",\"contentUrl\":\"https:\/\/addio.eu\/wp-content\/uploads\/2024\/10\/Lager_1-1.svg\",\"caption\":\"Addio electronics\"},\"image\":{\"@id\":\"https:\/\/addio.eu\/pl\/#\/schema\/logo\/image\/\"},\"sameAs\":[\"https:\/\/www.facebook.com\/AddioElectronicsAB\/\",\"https:\/\/www.linkedin.com\/company\/addio-electronics-ab\"]}]}<\/script>\n<!-- \/ Yoast SEO plugin. -->","yoast_head_json":{"title":"Panel sterowania 15 - Addio Electronics","robots":{"index":"index","follow":"follow","max-snippet":"max-snippet:-1","max-image-preview":"max-image-preview:large","max-video-preview":"max-video-preview:-1"},"canonical":"https:\/\/addio.eu\/pl\/produkt\/panel-sterowania-15\/","og_locale":"pl_PL","og_type":"article","og_title":"Panel sterowania 15 - Addio Electronics","og_description":"\u0141atwe okablowanie i instalacja panelu sterowania Addio    13-przyciskowy panel sterowania Addio jest \u0142atwy w instalacji dzi\u0119ki do\u0142\u0105czonemu uchwytowi monta\u017cowemu. Panel sterowania \u0142\u0105czy si\u0119 z portem COM\/CAN modu\u0142u przeka\u017anikowego za pomoc\u0105 do\u0142\u0105czonego kabla.  Panel sterowania Addio jest kompatybilny zar\u00f3wno z naszymi modu\u0142ami DRB 12V, jak i 24V. Funkcje  Ka\u017cdy przycisk mo\u017ce by\u0107 skonfigurowany do sterowania wieloma funkcjami i mo\u017ce aktywowa\u0107 wyj\u015bcie i\/lub s\u0142u\u017cy\u0107 jako wska\u017anik pokazuj\u0105cy stan okre\u015blonego wej\u015bcia, wyj\u015bcia lub innej funkcji wewn\u0119trznej. W systemie mo\u017cna u\u017cywa\u0107 do czterech paneli sterowania, kt\u00f3re b\u0119d\u0105 dzia\u0142a\u0107 r\u00f3wnolegle (okablowanie schodowe).","og_url":"https:\/\/addio.eu\/pl\/produkt\/panel-sterowania-15\/","og_site_name":"Addio Electronics","article_publisher":"https:\/\/www.facebook.com\/AddioElectronicsAB\/","og_image":[{"width":1670,"height":2560,"url":"https:\/\/addio.eu\/wp-content\/uploads\/2025\/03\/IMG_1590-scaled.jpg","type":"image\/jpeg"}],"twitter_card":"summary_large_image","twitter_misc":{"Szacowany czas czytania":"1 minuta"},"schema":{"@context":"https:\/\/schema.org","@graph":[{"@type":"WebPage","@id":"https:\/\/addio.eu\/pl\/produkt\/panel-sterowania-15\/","url":"https:\/\/addio.eu\/pl\/produkt\/panel-sterowania-15\/","name":"Panel sterowania 15 - Addio Electronics","isPartOf":{"@id":"https:\/\/addio.eu\/pl\/#website"},"primaryImageOfPage":{"@id":"https:\/\/addio.eu\/pl\/produkt\/panel-sterowania-15\/#primaryimage"},"image":{"@id":"https:\/\/addio.eu\/pl\/produkt\/panel-sterowania-15\/#primaryimage"},"thumbnailUrl":"https:\/\/addio.eu\/wp-content\/uploads\/2025\/03\/IMG_1590-scaled.jpg","datePublished":"2025-03-07T10:38:08+00:00","breadcrumb":{"@id":"https:\/\/addio.eu\/pl\/produkt\/panel-sterowania-15\/#breadcrumb"},"inLanguage":"pl-PL","potentialAction":[{"@type":"ReadAction","target":["https:\/\/addio.eu\/pl\/produkt\/panel-sterowania-15\/"]}]},{"@type":"ImageObject","inLanguage":"pl-PL","@id":"https:\/\/addio.eu\/pl\/produkt\/panel-sterowania-15\/#primaryimage","url":"https:\/\/addio.eu\/wp-content\/uploads\/2025\/03\/IMG_1590-scaled.jpg","contentUrl":"https:\/\/addio.eu\/wp-content\/uploads\/2025\/03\/IMG_1590-scaled.jpg","width":1670,"height":2560},{"@type":"BreadcrumbList","@id":"https:\/\/addio.eu\/pl\/produkt\/panel-sterowania-15\/#breadcrumb","itemListElement":[{"@type":"ListItem","position":1,"name":"Home","item":"https:\/\/addio.eu\/pl\/strona-glowna-addio\/"},{"@type":"ListItem","position":2,"name":"Produkty","item":"https:\/\/addio.eu\/pl\/produkty\/"},{"@type":"ListItem","position":3,"name":"Panel sterowania 15"}]},{"@type":"WebSite","@id":"https:\/\/addio.eu\/pl\/#website","url":"https:\/\/addio.eu\/pl\/","name":"addio.eu","description":"","publisher":{"@id":"https:\/\/addio.eu\/pl\/#organization"},"potentialAction":[{"@type":"SearchAction","target":{"@type":"EntryPoint","urlTemplate":"https:\/\/addio.eu\/pl\/?s={search_term_string}"},"query-input":{"@type":"PropertyValueSpecification","valueRequired":true,"valueName":"search_term_string"}}],"inLanguage":"pl-PL"},{"@type":"Organization","@id":"https:\/\/addio.eu\/pl\/#organization","name":"Addio electronics","url":"https:\/\/addio.eu\/pl\/","logo":{"@type":"ImageObject","inLanguage":"pl-PL","@id":"https:\/\/addio.eu\/pl\/#\/schema\/logo\/image\/","url":"https:\/\/addio.eu\/wp-content\/uploads\/2024\/10\/Lager_1-1.svg","contentUrl":"https:\/\/addio.eu\/wp-content\/uploads\/2024\/10\/Lager_1-1.svg","caption":"Addio electronics"},"image":{"@id":"https:\/\/addio.eu\/pl\/#\/schema\/logo\/image\/"},"sameAs":["https:\/\/www.facebook.com\/AddioElectronicsAB\/","https:\/\/www.linkedin.com\/company\/addio-electronics-ab"]}]}},"_links":{"self":[{"href":"https:\/\/addio.eu\/pl\/wp-json\/wp\/v2\/product\/13688","targetHints":{"allow":["GET"]}}],"collection":[{"href":"https:\/\/addio.eu\/pl\/wp-json\/wp\/v2\/product"}],"about":[{"href":"https:\/\/addio.eu\/pl\/wp-json\/wp\/v2\/types\/product"}],"replies":[{"embeddable":true,"href":"https:\/\/addio.eu\/pl\/wp-json\/wp\/v2\/comments?post=13688"}],"wp:featuredmedia":[{"embeddable":true,"href":"https:\/\/addio.eu\/pl\/wp-json\/wp\/v2\/media\/5857"}],"wp:attachment":[{"href":"https:\/\/addio.eu\/pl\/wp-json\/wp\/v2\/media?parent=13688"}],"wp:term":[{"taxonomy":"product_brand","embeddable":true,"href":"https:\/\/addio.eu\/pl\/wp-json\/wp\/v2\/product_brand?post=13688"},{"taxonomy":"product_cat","embeddable":true,"href":"https:\/\/addio.eu\/pl\/wp-json\/wp\/v2\/product_cat?post=13688"},{"taxonomy":"product_tag","embeddable":true,"href":"https:\/\/addio.eu\/pl\/wp-json\/wp\/v2\/product_tag?post=13688"}],"curies":[{"name":"wp","href":"https:\/\/api.w.org\/{rel}","templated":true}]}}