{"id":13507,"date":"2025-03-25T10:31:55","date_gmt":"2025-03-25T10:31:55","guid":{"rendered":"https:\/\/addio.eu\/product\/panel-przelacznikow-8\/"},"modified":"2025-03-25T10:31:55","modified_gmt":"2025-03-25T10:31:55","slug":"panel-przelacznikow-8","status":"publish","type":"product","link":"https:\/\/addio.eu\/pl\/produkt\/panel-przelacznikow-8\/","title":{"rendered":"Panel prze\u0142\u0105cznik\u00f3w 8"},"content":{"rendered":"<p class=\"\" data-start=\"660\" data-end=\"682\"><strong data-start=\"660\" data-end=\"682\">Kolor i o\u015bwietlenie<\/strong><\/p>\n<p class=\"\" data-start=\"684\" data-end=\"919\">Wszystkie przyciski na panelu sterowania s\u0105 pod\u015bwietlone i mo\u017cna je skonfigurowa\u0107 w nast\u0119puj\u0105cych kolorach: zielony, niebieski, \u017c\u00f3\u0142ty, pomara\u0144czowy, bia\u0142y i czerwony. Zar\u00f3wno kolor \u015bwiat\u0142a t\u0142a, jak i kolor aktywny mo\u017cna ustawi\u0107 w menu dla ka\u017cdego przycisku. <\/p>\n<p class=\"\" data-start=\"921\" data-end=\"1055\">Intensywno\u015b\u0107 \u015bwiat\u0142a przycisk\u00f3w automatycznie dostosowuje si\u0119 do warunk\u00f3w o\u015bwietlenia otoczenia, dzi\u0119ki wbudowanemu czujnikowi \u015bwiat\u0142a.<\/p>\n<p class=\"\" data-start=\"1057\" data-end=\"1085\"><strong data-start=\"1057\" data-end=\"1085\">Brz\u0119czyk i d\u017awi\u0119ki przycisk\u00f3w<\/strong><\/p>\n<p class=\"\" data-start=\"1087\" data-end=\"1344\">Panel sterowania posiada wbudowany brz\u0119czyk, kt\u00f3ry mo\u017ce zapewni\u0107 informacj\u0119 zwrotn\u0105 w postaci kr\u00f3tkiego sygna\u0142u d\u017awi\u0119kowego przy naci\u015bni\u0119ciu przycisku. Brz\u0119czykiem mo\u017cna r\u00f3wnie\u017c sterowa\u0107 z zewn\u0119trznego \u017ar\u00f3d\u0142a, takiego jak wej\u015bcie, wyj\u015bcie lub wirtualne wyj\u015bcie, aby uruchamia\u0107 funkcje alarmowe i inne. <\/p>\n<p class=\"\" data-start=\"1346\" data-end=\"1380\"><strong data-start=\"1346\" data-end=\"1380\">Instalacja i konfiguracja<\/strong><\/p>\n<p class=\"\" data-start=\"1382\" data-end=\"1525\">Konfiguracja funkcji przycisk\u00f3w, kolor\u00f3w aktywnych i pasywnych oraz innych ustawie\u0144 jest przechowywana w naszych skrzynkach przeka\u017anikowych i odbywa si\u0119 za pomoc\u0105 naszego oprogramowania Addio CC.<\/p>\n<p data-start=\"1382\" data-end=\"1525\"><strong>Zawarto\u015b\u0107 opakowania<\/strong><br \/>\nPanele prze\u0142\u0105cznik\u00f3w Addio s\u0105 dostarczane z 5-metrowym kablem i samoprzylepnymi naklejkami na przyciski.<br \/>\nAlternatywny numer artyku\u0142u zawiera r\u00f3wnie\u017c uchwyt monta\u017cowy. <\/p>\n","protected":false},"excerpt":{"rendered":"<p class=\"\" data-start=\"62\" data-end=\"120\"><strong data-start=\"62\" data-end=\"120\">\u0141atwe okablowanie i instalacja paneli sterowania Addio<\/strong><\/p>\n<p>Panele sterowania Addio s\u0105 \u0142atwe w instalacji przy u\u017cyciu do\u0142\u0105czonej ta\u015bmy dwustronnej lub uchwytu monta\u017cowego (dost\u0119pnego jako akcesorium). Klawiatury \u0142\u0105cz\u0105 si\u0119 z portem COM\/CAN skrzynki przeka\u017anikowej za pomoc\u0105 do\u0142\u0105czonego kabla. <\/p>\n<p>Panele prze\u0142\u0105cznik\u00f3w Addio s\u0105 kompatybilne zar\u00f3wno z naszymi modu\u0142ami DRB 12V, jak i 24V.<\/p>\n<div id=\"tw-target-rmn-container\" class=\"tw-target-rmn tw-ta-container tw-nfl\" tabindex=\"0\" role=\"text\">\n<p id=\"tw-target-rmn\" class=\"tw-data-placeholder tw-text-small tw-ta\" dir=\"ltr\"><strong data-start=\"333\" data-end=\"345\">Funkcje<\/strong><\/p>\n<\/div>\n<p class=\"\" data-start=\"347\" data-end=\"523\">Ka\u017cdy przycisk mo\u017ce by\u0107 ustawiony do sterowania wieloma funkcjami i mo\u017ce aktywowa\u0107 wyj\u015bcie i\/lub s\u0142u\u017cy\u0107 jako wska\u017anik pokazuj\u0105cy stan okre\u015blonego wej\u015bcia, wyj\u015bcia lub innej funkcji wewn\u0119trznej.<\/p>\n<p class=\"\" data-start=\"525\" data-end=\"658\">W systemie mo\u017cna u\u017cywa\u0107 do czterech paneli sterowania, kt\u00f3re mo\u017cna konfigurowa\u0107 indywidualnie lub obs\u0142ugiwa\u0107 r\u00f3wnolegle (okablowanie schodowe).<\/p>\n","protected":false},"featured_media":6239,"comment_status":"open","ping_status":"closed","template":"","meta":[],"product_brand":[],"product_cat":[350],"product_tag":[421],"class_list":{"0":"post-13507","1":"product","2":"type-product","3":"status-publish","4":"has-post-thumbnail","6":"product_cat-panele-przelacznikow","7":"product_tag-8-przyciskow","9":"first","10":"instock","11":"shipping-taxable","12":"product-type-simple"},"yoast_head":"<!-- This site is optimized with the Yoast SEO plugin v26.0 - https:\/\/yoast.com\/wordpress\/plugins\/seo\/ -->\n<title>Panel prze\u0142\u0105cznik\u00f3w 8 - Addio Electronics<\/title>\n<meta name=\"robots\" content=\"index, follow, max-snippet:-1, max-image-preview:large, max-video-preview:-1\" \/>\n<link rel=\"canonical\" href=\"https:\/\/addio.eu\/pl\/produkt\/panel-przelacznikow-8\/\" \/>\n<meta property=\"og:locale\" content=\"pl_PL\" \/>\n<meta property=\"og:type\" content=\"article\" \/>\n<meta property=\"og:title\" content=\"Panel prze\u0142\u0105cznik\u00f3w 8 - Addio Electronics\" \/>\n<meta property=\"og:description\" content=\"\u0141atwe okablowanie i instalacja paneli sterowania Addio Panele sterowania Addio s\u0105 \u0142atwe w instalacji przy u\u017cyciu do\u0142\u0105czonej ta\u015bmy dwustronnej lub uchwytu monta\u017cowego (dost\u0119pnego jako akcesorium). Klawiatury \u0142\u0105cz\u0105 si\u0119 z portem COM\/CAN skrzynki przeka\u017anikowej za pomoc\u0105 do\u0142\u0105czonego kabla.  Panele prze\u0142\u0105cznik\u00f3w Addio s\u0105 kompatybilne zar\u00f3wno z naszymi modu\u0142ami DRB 12V, jak i 24V. Funkcje  Ka\u017cdy przycisk mo\u017ce by\u0107 ustawiony do sterowania wieloma funkcjami i mo\u017ce aktywowa\u0107 wyj\u015bcie i\/lub s\u0142u\u017cy\u0107 jako wska\u017anik pokazuj\u0105cy stan okre\u015blonego wej\u015bcia, wyj\u015bcia lub innej funkcji wewn\u0119trznej. W systemie mo\u017cna u\u017cywa\u0107 do czterech paneli sterowania, kt\u00f3re mo\u017cna konfigurowa\u0107 indywidualnie lub obs\u0142ugiwa\u0107 r\u00f3wnolegle (okablowanie schodowe).\" \/>\n<meta property=\"og:url\" content=\"https:\/\/addio.eu\/pl\/produkt\/panel-przelacznikow-8\/\" \/>\n<meta property=\"og:site_name\" content=\"Addio Electronics\" \/>\n<meta property=\"article:publisher\" content=\"https:\/\/www.facebook.com\/AddioElectronicsAB\/\" \/>\n<meta property=\"og:image\" content=\"https:\/\/addio.eu\/wp-content\/uploads\/2025\/03\/sw8.png\" \/>\n\t<meta property=\"og:image:width\" content=\"1328\" \/>\n\t<meta property=\"og:image:height\" content=\"638\" \/>\n\t<meta property=\"og:image:type\" content=\"image\/png\" \/>\n<meta name=\"twitter:card\" content=\"summary_large_image\" \/>\n<meta name=\"twitter:label1\" content=\"Szacowany czas czytania\" \/>\n\t<meta name=\"twitter:data1\" content=\"1 minuta\" \/>\n<script type=\"application\/ld+json\" class=\"yoast-schema-graph\">{\"@context\":\"https:\/\/schema.org\",\"@graph\":[{\"@type\":\"WebPage\",\"@id\":\"https:\/\/addio.eu\/pl\/produkt\/panel-przelacznikow-8\/\",\"url\":\"https:\/\/addio.eu\/pl\/produkt\/panel-przelacznikow-8\/\",\"name\":\"Panel prze\u0142\u0105cznik\u00f3w 8 - Addio Electronics\",\"isPartOf\":{\"@id\":\"https:\/\/addio.eu\/pl\/#website\"},\"primaryImageOfPage\":{\"@id\":\"https:\/\/addio.eu\/pl\/produkt\/panel-przelacznikow-8\/#primaryimage\"},\"image\":{\"@id\":\"https:\/\/addio.eu\/pl\/produkt\/panel-przelacznikow-8\/#primaryimage\"},\"thumbnailUrl\":\"https:\/\/addio.eu\/wp-content\/uploads\/2025\/03\/sw8.png\",\"datePublished\":\"2025-03-25T10:31:55+00:00\",\"breadcrumb\":{\"@id\":\"https:\/\/addio.eu\/pl\/produkt\/panel-przelacznikow-8\/#breadcrumb\"},\"inLanguage\":\"pl-PL\",\"potentialAction\":[{\"@type\":\"ReadAction\",\"target\":[\"https:\/\/addio.eu\/pl\/produkt\/panel-przelacznikow-8\/\"]}]},{\"@type\":\"ImageObject\",\"inLanguage\":\"pl-PL\",\"@id\":\"https:\/\/addio.eu\/pl\/produkt\/panel-przelacznikow-8\/#primaryimage\",\"url\":\"https:\/\/addio.eu\/wp-content\/uploads\/2025\/03\/sw8.png\",\"contentUrl\":\"https:\/\/addio.eu\/wp-content\/uploads\/2025\/03\/sw8.png\",\"width\":1328,\"height\":638},{\"@type\":\"BreadcrumbList\",\"@id\":\"https:\/\/addio.eu\/pl\/produkt\/panel-przelacznikow-8\/#breadcrumb\",\"itemListElement\":[{\"@type\":\"ListItem\",\"position\":1,\"name\":\"Home\",\"item\":\"https:\/\/addio.eu\/pl\/strona-glowna-addio\/\"},{\"@type\":\"ListItem\",\"position\":2,\"name\":\"Produkty\",\"item\":\"https:\/\/addio.eu\/pl\/produkty\/\"},{\"@type\":\"ListItem\",\"position\":3,\"name\":\"Panel prze\u0142\u0105cznik\u00f3w 8\"}]},{\"@type\":\"WebSite\",\"@id\":\"https:\/\/addio.eu\/pl\/#website\",\"url\":\"https:\/\/addio.eu\/pl\/\",\"name\":\"addio.eu\",\"description\":\"\",\"publisher\":{\"@id\":\"https:\/\/addio.eu\/pl\/#organization\"},\"potentialAction\":[{\"@type\":\"SearchAction\",\"target\":{\"@type\":\"EntryPoint\",\"urlTemplate\":\"https:\/\/addio.eu\/pl\/?s={search_term_string}\"},\"query-input\":{\"@type\":\"PropertyValueSpecification\",\"valueRequired\":true,\"valueName\":\"search_term_string\"}}],\"inLanguage\":\"pl-PL\"},{\"@type\":\"Organization\",\"@id\":\"https:\/\/addio.eu\/pl\/#organization\",\"name\":\"Addio electronics\",\"url\":\"https:\/\/addio.eu\/pl\/\",\"logo\":{\"@type\":\"ImageObject\",\"inLanguage\":\"pl-PL\",\"@id\":\"https:\/\/addio.eu\/pl\/#\/schema\/logo\/image\/\",\"url\":\"https:\/\/addio.eu\/wp-content\/uploads\/2024\/10\/Lager_1-1.svg\",\"contentUrl\":\"https:\/\/addio.eu\/wp-content\/uploads\/2024\/10\/Lager_1-1.svg\",\"caption\":\"Addio electronics\"},\"image\":{\"@id\":\"https:\/\/addio.eu\/pl\/#\/schema\/logo\/image\/\"},\"sameAs\":[\"https:\/\/www.facebook.com\/AddioElectronicsAB\/\",\"https:\/\/www.linkedin.com\/company\/addio-electronics-ab\"]}]}<\/script>\n<!-- \/ Yoast SEO plugin. -->","yoast_head_json":{"title":"Panel prze\u0142\u0105cznik\u00f3w 8 - Addio Electronics","robots":{"index":"index","follow":"follow","max-snippet":"max-snippet:-1","max-image-preview":"max-image-preview:large","max-video-preview":"max-video-preview:-1"},"canonical":"https:\/\/addio.eu\/pl\/produkt\/panel-przelacznikow-8\/","og_locale":"pl_PL","og_type":"article","og_title":"Panel prze\u0142\u0105cznik\u00f3w 8 - Addio Electronics","og_description":"\u0141atwe okablowanie i instalacja paneli sterowania Addio Panele sterowania Addio s\u0105 \u0142atwe w instalacji przy u\u017cyciu do\u0142\u0105czonej ta\u015bmy dwustronnej lub uchwytu monta\u017cowego (dost\u0119pnego jako akcesorium). Klawiatury \u0142\u0105cz\u0105 si\u0119 z portem COM\/CAN skrzynki przeka\u017anikowej za pomoc\u0105 do\u0142\u0105czonego kabla.  Panele prze\u0142\u0105cznik\u00f3w Addio s\u0105 kompatybilne zar\u00f3wno z naszymi modu\u0142ami DRB 12V, jak i 24V. Funkcje  Ka\u017cdy przycisk mo\u017ce by\u0107 ustawiony do sterowania wieloma funkcjami i mo\u017ce aktywowa\u0107 wyj\u015bcie i\/lub s\u0142u\u017cy\u0107 jako wska\u017anik pokazuj\u0105cy stan okre\u015blonego wej\u015bcia, wyj\u015bcia lub innej funkcji wewn\u0119trznej. W systemie mo\u017cna u\u017cywa\u0107 do czterech paneli sterowania, kt\u00f3re mo\u017cna konfigurowa\u0107 indywidualnie lub obs\u0142ugiwa\u0107 r\u00f3wnolegle (okablowanie schodowe).","og_url":"https:\/\/addio.eu\/pl\/produkt\/panel-przelacznikow-8\/","og_site_name":"Addio Electronics","article_publisher":"https:\/\/www.facebook.com\/AddioElectronicsAB\/","og_image":[{"width":1328,"height":638,"url":"https:\/\/addio.eu\/wp-content\/uploads\/2025\/03\/sw8.png","type":"image\/png"}],"twitter_card":"summary_large_image","twitter_misc":{"Szacowany czas czytania":"1 minuta"},"schema":{"@context":"https:\/\/schema.org","@graph":[{"@type":"WebPage","@id":"https:\/\/addio.eu\/pl\/produkt\/panel-przelacznikow-8\/","url":"https:\/\/addio.eu\/pl\/produkt\/panel-przelacznikow-8\/","name":"Panel prze\u0142\u0105cznik\u00f3w 8 - Addio Electronics","isPartOf":{"@id":"https:\/\/addio.eu\/pl\/#website"},"primaryImageOfPage":{"@id":"https:\/\/addio.eu\/pl\/produkt\/panel-przelacznikow-8\/#primaryimage"},"image":{"@id":"https:\/\/addio.eu\/pl\/produkt\/panel-przelacznikow-8\/#primaryimage"},"thumbnailUrl":"https:\/\/addio.eu\/wp-content\/uploads\/2025\/03\/sw8.png","datePublished":"2025-03-25T10:31:55+00:00","breadcrumb":{"@id":"https:\/\/addio.eu\/pl\/produkt\/panel-przelacznikow-8\/#breadcrumb"},"inLanguage":"pl-PL","potentialAction":[{"@type":"ReadAction","target":["https:\/\/addio.eu\/pl\/produkt\/panel-przelacznikow-8\/"]}]},{"@type":"ImageObject","inLanguage":"pl-PL","@id":"https:\/\/addio.eu\/pl\/produkt\/panel-przelacznikow-8\/#primaryimage","url":"https:\/\/addio.eu\/wp-content\/uploads\/2025\/03\/sw8.png","contentUrl":"https:\/\/addio.eu\/wp-content\/uploads\/2025\/03\/sw8.png","width":1328,"height":638},{"@type":"BreadcrumbList","@id":"https:\/\/addio.eu\/pl\/produkt\/panel-przelacznikow-8\/#breadcrumb","itemListElement":[{"@type":"ListItem","position":1,"name":"Home","item":"https:\/\/addio.eu\/pl\/strona-glowna-addio\/"},{"@type":"ListItem","position":2,"name":"Produkty","item":"https:\/\/addio.eu\/pl\/produkty\/"},{"@type":"ListItem","position":3,"name":"Panel prze\u0142\u0105cznik\u00f3w 8"}]},{"@type":"WebSite","@id":"https:\/\/addio.eu\/pl\/#website","url":"https:\/\/addio.eu\/pl\/","name":"addio.eu","description":"","publisher":{"@id":"https:\/\/addio.eu\/pl\/#organization"},"potentialAction":[{"@type":"SearchAction","target":{"@type":"EntryPoint","urlTemplate":"https:\/\/addio.eu\/pl\/?s={search_term_string}"},"query-input":{"@type":"PropertyValueSpecification","valueRequired":true,"valueName":"search_term_string"}}],"inLanguage":"pl-PL"},{"@type":"Organization","@id":"https:\/\/addio.eu\/pl\/#organization","name":"Addio electronics","url":"https:\/\/addio.eu\/pl\/","logo":{"@type":"ImageObject","inLanguage":"pl-PL","@id":"https:\/\/addio.eu\/pl\/#\/schema\/logo\/image\/","url":"https:\/\/addio.eu\/wp-content\/uploads\/2024\/10\/Lager_1-1.svg","contentUrl":"https:\/\/addio.eu\/wp-content\/uploads\/2024\/10\/Lager_1-1.svg","caption":"Addio electronics"},"image":{"@id":"https:\/\/addio.eu\/pl\/#\/schema\/logo\/image\/"},"sameAs":["https:\/\/www.facebook.com\/AddioElectronicsAB\/","https:\/\/www.linkedin.com\/company\/addio-electronics-ab"]}]}},"_links":{"self":[{"href":"https:\/\/addio.eu\/pl\/wp-json\/wp\/v2\/product\/13507","targetHints":{"allow":["GET"]}}],"collection":[{"href":"https:\/\/addio.eu\/pl\/wp-json\/wp\/v2\/product"}],"about":[{"href":"https:\/\/addio.eu\/pl\/wp-json\/wp\/v2\/types\/product"}],"replies":[{"embeddable":true,"href":"https:\/\/addio.eu\/pl\/wp-json\/wp\/v2\/comments?post=13507"}],"wp:featuredmedia":[{"embeddable":true,"href":"https:\/\/addio.eu\/pl\/wp-json\/wp\/v2\/media\/6239"}],"wp:attachment":[{"href":"https:\/\/addio.eu\/pl\/wp-json\/wp\/v2\/media?parent=13507"}],"wp:term":[{"taxonomy":"product_brand","embeddable":true,"href":"https:\/\/addio.eu\/pl\/wp-json\/wp\/v2\/product_brand?post=13507"},{"taxonomy":"product_cat","embeddable":true,"href":"https:\/\/addio.eu\/pl\/wp-json\/wp\/v2\/product_cat?post=13507"},{"taxonomy":"product_tag","embeddable":true,"href":"https:\/\/addio.eu\/pl\/wp-json\/wp\/v2\/product_tag?post=13507"}],"curies":[{"name":"wp","href":"https:\/\/api.w.org\/{rel}","templated":true}]}}