{"id":12766,"date":"2025-03-24T09:43:40","date_gmt":"2025-03-24T09:43:40","guid":{"rendered":"https:\/\/addio.eu\/product\/drb-8012-3-esp\/"},"modified":"2026-02-10T16:56:39","modified_gmt":"2026-02-10T16:56:39","slug":"drb-8012-3-esp","status":"publish","type":"product","link":"https:\/\/addio.eu\/pl\/produkt\/drb-8012-3-esp\/","title":{"rendered":"DRB 8012-3 ESP"},"content":{"rendered":"<p>&nbsp;<\/p>\n<table width=\"310\">\n<tbody>\n<tr>\n<td width=\"234\">Model<\/td>\n<td width=\"76\">DRB8012-3 ESP<\/td>\n<\/tr>\n<tr>\n<td width=\"234\">Zasilanie<\/td>\n<td width=\"76\">10-22 VDC<\/td>\n<\/tr>\n<tr>\n<td width=\"234\">Pob\u00f3r mocy wewn\u0119trznej (w przybli\u017ceniu) Tryb normalny bez aktywnego wyj\u015bcia \/ Tryb u\u015bpienia<\/td>\n<td width=\"76\">~5mA\/~2mA<\/td>\n<\/tr>\n<tr>\n<td width=\"234\">Ochrona przed niedostatecznym napi\u0119ciem (regulowana)<\/td>\n<td width=\"76\">Sta\u0142e 10V<\/td>\n<\/tr>\n<tr>\n<td width=\"234\">Ochrona przed przepi\u0119ciem (regulowana)<\/td>\n<td width=\"76\">Nie<\/td>\n<\/tr>\n<tr>\n<td width=\"234\">Maks. pr\u0105d ca\u0142kowity 1 minuta<\/td>\n<td width=\"76\">80A<\/td>\n<\/tr>\n<tr>\n<td width=\"234\">Maks. pr\u0105d ca\u0142kowity ci\u0105g\u0142y<\/td>\n<td width=\"76\">80A<\/td>\n<\/tr>\n<tr>\n<td width=\"234\">Ca\u0142kowita liczba wej\u015b\u0107<\/td>\n<td width=\"76\">3 szt.<\/td>\n<\/tr>\n<tr>\n<td width=\"234\">Wej\u015bcia cyfrowe<\/td>\n<td width=\"76\">3 z 3 szt.<\/td>\n<\/tr>\n<tr>\n<td width=\"234\">Wej\u015bcia analogowe<\/td>\n<td width=\"76\">0 szt.<\/td>\n<\/tr>\n<tr>\n<td width=\"234\">Rezystancja wej\u015bciowa @12V<\/td>\n<td width=\"76\">22k\u03a9<\/td>\n<\/tr>\n<tr>\n<td width=\"234\">Po\u0142\u0105czenia wej\u015bciowe (roz\u0142\u0105czalne zaciski \u015brubowe)<\/td>\n<td width=\"76\">10-biegunowe wraz z +\/-<\/td>\n<\/tr>\n<tr>\n<td width=\"234\">Liczba wyj\u015b\u0107<\/td>\n<td width=\"76\">3 szt.<\/td>\n<\/tr>\n<tr>\n<td width=\"234\">Po\u0142\u0105czenie wyj\u015b\u0107<\/td>\n<td width=\"76\">Nakr\u0119tka M5 + z\u0142\u0105cze zaciskowe<\/td>\n<\/tr>\n<tr>\n<td width=\"234\">Rozmiar bezpiecznika A, wyj\u015bcia<\/td>\n<td width=\"76\">Wyj 1 Sta\u0142e 80A, Wyj 2-3 Sta\u0142e 6A<\/td>\n<\/tr>\n<tr>\n<td width=\"234\">Po\u0142\u0105czenie zasilania<\/td>\n<td width=\"76\">Nakr\u0119tka M5<\/td>\n<\/tr>\n<tr>\n<td width=\"234\">Bluetooth<\/td>\n<td width=\"76\">Nie<\/td>\n<\/tr>\n<tr>\n<td width=\"234\">Sterowanie silnikiem mostek H (wst\u0119pny pr\u0105d)<\/td>\n<td width=\"76\">Nie<\/td>\n<\/tr>\n<tr>\n<td width=\"234\">Wskazanie b\u0142\u0119du<\/td>\n<td width=\"76\">Nie<\/td>\n<\/tr>\n<tr>\n<td width=\"234\">LED na wyj\u015bcie (regulowany kolor)<\/td>\n<td width=\"76\">Nie<\/td>\n<\/tr>\n<tr>\n<td width=\"234\">Magistrala komunikacyjna (magistrala CAN)<\/td>\n<td width=\"76\">Tak 1szt. RJ10<\/td>\n<\/tr>\n<tr>\n<td width=\"234\">Po\u0142\u0105czenia komputerowe<\/td>\n<td width=\"76\">Nie<\/td>\n<\/tr>\n<tr>\n<td width=\"234\">Sygna\u0142y uziemienia<\/td>\n<td width=\"76\">Tak, z zewn\u0119trznym rezystorem do dodatniego<\/td>\n<\/tr>\n<tr>\n<td width=\"234\">Kontroler r\u0119czny, panele prze\u0142\u0105cznik\u00f3w, czujniki itp.<\/td>\n<td width=\"76\">Nie<\/td>\n<\/tr>\n<tr>\n<td width=\"234\">Rozmiar (mm)<\/td>\n<td width=\"76\">119x57x21<\/td>\n<\/tr>\n<tr>\n<td width=\"234\">Waga<\/td>\n<td width=\"76\"><\/td>\n<\/tr>\n<\/tbody>\n<\/table>\n","protected":false},"excerpt":{"rendered":"<p>Ta jednostka jest jak bardzo mocne przeka\u017anik zdolne do prze\u0142\u0105czania 80 amper\u00f3w na jednym wyj\u015bciu wysokiej mocy i dw\u00f3ch wyj\u015bciach niskiej mocy 6 amper\u00f3w. Ta jednostka nie jest konfigurowalna i jest sterowana tylko przez magistral\u0119 CAN lub przez trzy wej\u015bcia. <\/p>\n<p>Jednostka mo\u017ce by\u0107 u\u017cywana do sterowania g\u0142\u00f3wnym pr\u0105dem z baterii dla obci\u0105\u017ce\u0144 wysokiej mocy, na przyk\u0142ad, gdy trzeba pod\u0142\u0105czy\u0107 pomp\u0119 hydrauliczn\u0105 lub falownik 230 VAC.<\/p>\n","protected":false},"featured_media":12775,"comment_status":"open","ping_status":"closed","template":"","meta":[],"product_brand":[],"product_cat":[205],"product_tag":[206,207,375,376],"class_list":{"0":"post-12766","1":"product","2":"type-product","3":"status-publish","4":"has-post-thumbnail","6":"product_cat-cyfrowe-moduly-przekaznikowe","7":"product_tag-12v","8":"product_tag-2-porty-can","9":"product_tag-3-wejscia","10":"product_tag-3-wyjscia","12":"first","13":"instock","14":"shipping-taxable","15":"product-type-simple"},"yoast_head":"<!-- This site is optimized with the Yoast SEO plugin v26.0 - https:\/\/yoast.com\/wordpress\/plugins\/seo\/ -->\n<title>DRB 8012-3 ESP - Addio Electronics<\/title>\n<meta name=\"robots\" content=\"index, follow, max-snippet:-1, max-image-preview:large, max-video-preview:-1\" \/>\n<link rel=\"canonical\" href=\"https:\/\/addio.eu\/pl\/produkt\/drb-8012-3-esp\/\" \/>\n<meta property=\"og:locale\" content=\"pl_PL\" \/>\n<meta property=\"og:type\" content=\"article\" \/>\n<meta property=\"og:title\" content=\"DRB 8012-3 ESP - Addio Electronics\" \/>\n<meta property=\"og:description\" content=\"Ta jednostka jest jak bardzo mocne przeka\u017anik zdolne do prze\u0142\u0105czania 80 amper\u00f3w na jednym wyj\u015bciu wysokiej mocy i dw\u00f3ch wyj\u015bciach niskiej mocy 6 amper\u00f3w. Ta jednostka nie jest konfigurowalna i jest sterowana tylko przez magistral\u0119 CAN lub przez trzy wej\u015bcia.  Jednostka mo\u017ce by\u0107 u\u017cywana do sterowania g\u0142\u00f3wnym pr\u0105dem z baterii dla obci\u0105\u017ce\u0144 wysokiej mocy, na przyk\u0142ad, gdy trzeba pod\u0142\u0105czy\u0107 pomp\u0119 hydrauliczn\u0105 lub falownik 230 VAC.\" \/>\n<meta property=\"og:url\" content=\"https:\/\/addio.eu\/pl\/produkt\/drb-8012-3-esp\/\" \/>\n<meta property=\"og:site_name\" content=\"Addio Electronics\" \/>\n<meta property=\"article:publisher\" content=\"https:\/\/www.facebook.com\/AddioElectronicsAB\/\" \/>\n<meta property=\"article:modified_time\" content=\"2026-02-10T16:56:39+00:00\" \/>\n<meta property=\"og:image\" content=\"https:\/\/addio.eu\/wp-content\/uploads\/2025\/03\/IMG_1729-scaled.jpg\" \/>\n\t<meta property=\"og:image:width\" content=\"2560\" \/>\n\t<meta property=\"og:image:height\" content=\"1211\" \/>\n\t<meta property=\"og:image:type\" content=\"image\/jpeg\" \/>\n<meta name=\"twitter:card\" content=\"summary_large_image\" \/>\n<meta name=\"twitter:label1\" content=\"Szacowany czas czytania\" \/>\n\t<meta name=\"twitter:data1\" content=\"1 minuta\" \/>\n<script type=\"application\/ld+json\" class=\"yoast-schema-graph\">{\"@context\":\"https:\/\/schema.org\",\"@graph\":[{\"@type\":\"WebPage\",\"@id\":\"https:\/\/addio.eu\/pl\/produkt\/drb-8012-3-esp\/\",\"url\":\"https:\/\/addio.eu\/pl\/produkt\/drb-8012-3-esp\/\",\"name\":\"DRB 8012-3 ESP - Addio Electronics\",\"isPartOf\":{\"@id\":\"https:\/\/addio.eu\/pl\/#website\"},\"primaryImageOfPage\":{\"@id\":\"https:\/\/addio.eu\/pl\/produkt\/drb-8012-3-esp\/#primaryimage\"},\"image\":{\"@id\":\"https:\/\/addio.eu\/pl\/produkt\/drb-8012-3-esp\/#primaryimage\"},\"thumbnailUrl\":\"https:\/\/addio.eu\/wp-content\/uploads\/2025\/03\/IMG_1729-scaled.jpg\",\"datePublished\":\"2025-03-24T09:43:40+00:00\",\"dateModified\":\"2026-02-10T16:56:39+00:00\",\"breadcrumb\":{\"@id\":\"https:\/\/addio.eu\/pl\/produkt\/drb-8012-3-esp\/#breadcrumb\"},\"inLanguage\":\"pl-PL\",\"potentialAction\":[{\"@type\":\"ReadAction\",\"target\":[\"https:\/\/addio.eu\/pl\/produkt\/drb-8012-3-esp\/\"]}]},{\"@type\":\"ImageObject\",\"inLanguage\":\"pl-PL\",\"@id\":\"https:\/\/addio.eu\/pl\/produkt\/drb-8012-3-esp\/#primaryimage\",\"url\":\"https:\/\/addio.eu\/wp-content\/uploads\/2025\/03\/IMG_1729-scaled.jpg\",\"contentUrl\":\"https:\/\/addio.eu\/wp-content\/uploads\/2025\/03\/IMG_1729-scaled.jpg\",\"width\":2560,\"height\":1211},{\"@type\":\"BreadcrumbList\",\"@id\":\"https:\/\/addio.eu\/pl\/produkt\/drb-8012-3-esp\/#breadcrumb\",\"itemListElement\":[{\"@type\":\"ListItem\",\"position\":1,\"name\":\"Home\",\"item\":\"https:\/\/addio.eu\/pl\/strona-glowna-addio\/\"},{\"@type\":\"ListItem\",\"position\":2,\"name\":\"Produkty\",\"item\":\"https:\/\/addio.eu\/pl\/produkty\/\"},{\"@type\":\"ListItem\",\"position\":3,\"name\":\"DRB 8012-3 ESP\"}]},{\"@type\":\"WebSite\",\"@id\":\"https:\/\/addio.eu\/pl\/#website\",\"url\":\"https:\/\/addio.eu\/pl\/\",\"name\":\"addio.eu\",\"description\":\"\",\"publisher\":{\"@id\":\"https:\/\/addio.eu\/pl\/#organization\"},\"potentialAction\":[{\"@type\":\"SearchAction\",\"target\":{\"@type\":\"EntryPoint\",\"urlTemplate\":\"https:\/\/addio.eu\/pl\/?s={search_term_string}\"},\"query-input\":{\"@type\":\"PropertyValueSpecification\",\"valueRequired\":true,\"valueName\":\"search_term_string\"}}],\"inLanguage\":\"pl-PL\"},{\"@type\":\"Organization\",\"@id\":\"https:\/\/addio.eu\/pl\/#organization\",\"name\":\"Addio electronics\",\"url\":\"https:\/\/addio.eu\/pl\/\",\"logo\":{\"@type\":\"ImageObject\",\"inLanguage\":\"pl-PL\",\"@id\":\"https:\/\/addio.eu\/pl\/#\/schema\/logo\/image\/\",\"url\":\"https:\/\/addio.eu\/wp-content\/uploads\/2024\/10\/Lager_1-1.svg\",\"contentUrl\":\"https:\/\/addio.eu\/wp-content\/uploads\/2024\/10\/Lager_1-1.svg\",\"caption\":\"Addio electronics\"},\"image\":{\"@id\":\"https:\/\/addio.eu\/pl\/#\/schema\/logo\/image\/\"},\"sameAs\":[\"https:\/\/www.facebook.com\/AddioElectronicsAB\/\",\"https:\/\/www.linkedin.com\/company\/addio-electronics-ab\"]}]}<\/script>\n<!-- \/ Yoast SEO plugin. -->","yoast_head_json":{"title":"DRB 8012-3 ESP - Addio Electronics","robots":{"index":"index","follow":"follow","max-snippet":"max-snippet:-1","max-image-preview":"max-image-preview:large","max-video-preview":"max-video-preview:-1"},"canonical":"https:\/\/addio.eu\/pl\/produkt\/drb-8012-3-esp\/","og_locale":"pl_PL","og_type":"article","og_title":"DRB 8012-3 ESP - Addio Electronics","og_description":"Ta jednostka jest jak bardzo mocne przeka\u017anik zdolne do prze\u0142\u0105czania 80 amper\u00f3w na jednym wyj\u015bciu wysokiej mocy i dw\u00f3ch wyj\u015bciach niskiej mocy 6 amper\u00f3w. Ta jednostka nie jest konfigurowalna i jest sterowana tylko przez magistral\u0119 CAN lub przez trzy wej\u015bcia.  Jednostka mo\u017ce by\u0107 u\u017cywana do sterowania g\u0142\u00f3wnym pr\u0105dem z baterii dla obci\u0105\u017ce\u0144 wysokiej mocy, na przyk\u0142ad, gdy trzeba pod\u0142\u0105czy\u0107 pomp\u0119 hydrauliczn\u0105 lub falownik 230 VAC.","og_url":"https:\/\/addio.eu\/pl\/produkt\/drb-8012-3-esp\/","og_site_name":"Addio Electronics","article_publisher":"https:\/\/www.facebook.com\/AddioElectronicsAB\/","article_modified_time":"2026-02-10T16:56:39+00:00","og_image":[{"width":2560,"height":1211,"url":"https:\/\/addio.eu\/wp-content\/uploads\/2025\/03\/IMG_1729-scaled.jpg","type":"image\/jpeg"}],"twitter_card":"summary_large_image","twitter_misc":{"Szacowany czas czytania":"1 minuta"},"schema":{"@context":"https:\/\/schema.org","@graph":[{"@type":"WebPage","@id":"https:\/\/addio.eu\/pl\/produkt\/drb-8012-3-esp\/","url":"https:\/\/addio.eu\/pl\/produkt\/drb-8012-3-esp\/","name":"DRB 8012-3 ESP - Addio Electronics","isPartOf":{"@id":"https:\/\/addio.eu\/pl\/#website"},"primaryImageOfPage":{"@id":"https:\/\/addio.eu\/pl\/produkt\/drb-8012-3-esp\/#primaryimage"},"image":{"@id":"https:\/\/addio.eu\/pl\/produkt\/drb-8012-3-esp\/#primaryimage"},"thumbnailUrl":"https:\/\/addio.eu\/wp-content\/uploads\/2025\/03\/IMG_1729-scaled.jpg","datePublished":"2025-03-24T09:43:40+00:00","dateModified":"2026-02-10T16:56:39+00:00","breadcrumb":{"@id":"https:\/\/addio.eu\/pl\/produkt\/drb-8012-3-esp\/#breadcrumb"},"inLanguage":"pl-PL","potentialAction":[{"@type":"ReadAction","target":["https:\/\/addio.eu\/pl\/produkt\/drb-8012-3-esp\/"]}]},{"@type":"ImageObject","inLanguage":"pl-PL","@id":"https:\/\/addio.eu\/pl\/produkt\/drb-8012-3-esp\/#primaryimage","url":"https:\/\/addio.eu\/wp-content\/uploads\/2025\/03\/IMG_1729-scaled.jpg","contentUrl":"https:\/\/addio.eu\/wp-content\/uploads\/2025\/03\/IMG_1729-scaled.jpg","width":2560,"height":1211},{"@type":"BreadcrumbList","@id":"https:\/\/addio.eu\/pl\/produkt\/drb-8012-3-esp\/#breadcrumb","itemListElement":[{"@type":"ListItem","position":1,"name":"Home","item":"https:\/\/addio.eu\/pl\/strona-glowna-addio\/"},{"@type":"ListItem","position":2,"name":"Produkty","item":"https:\/\/addio.eu\/pl\/produkty\/"},{"@type":"ListItem","position":3,"name":"DRB 8012-3 ESP"}]},{"@type":"WebSite","@id":"https:\/\/addio.eu\/pl\/#website","url":"https:\/\/addio.eu\/pl\/","name":"addio.eu","description":"","publisher":{"@id":"https:\/\/addio.eu\/pl\/#organization"},"potentialAction":[{"@type":"SearchAction","target":{"@type":"EntryPoint","urlTemplate":"https:\/\/addio.eu\/pl\/?s={search_term_string}"},"query-input":{"@type":"PropertyValueSpecification","valueRequired":true,"valueName":"search_term_string"}}],"inLanguage":"pl-PL"},{"@type":"Organization","@id":"https:\/\/addio.eu\/pl\/#organization","name":"Addio electronics","url":"https:\/\/addio.eu\/pl\/","logo":{"@type":"ImageObject","inLanguage":"pl-PL","@id":"https:\/\/addio.eu\/pl\/#\/schema\/logo\/image\/","url":"https:\/\/addio.eu\/wp-content\/uploads\/2024\/10\/Lager_1-1.svg","contentUrl":"https:\/\/addio.eu\/wp-content\/uploads\/2024\/10\/Lager_1-1.svg","caption":"Addio electronics"},"image":{"@id":"https:\/\/addio.eu\/pl\/#\/schema\/logo\/image\/"},"sameAs":["https:\/\/www.facebook.com\/AddioElectronicsAB\/","https:\/\/www.linkedin.com\/company\/addio-electronics-ab"]}]}},"_links":{"self":[{"href":"https:\/\/addio.eu\/pl\/wp-json\/wp\/v2\/product\/12766","targetHints":{"allow":["GET"]}}],"collection":[{"href":"https:\/\/addio.eu\/pl\/wp-json\/wp\/v2\/product"}],"about":[{"href":"https:\/\/addio.eu\/pl\/wp-json\/wp\/v2\/types\/product"}],"replies":[{"embeddable":true,"href":"https:\/\/addio.eu\/pl\/wp-json\/wp\/v2\/comments?post=12766"}],"wp:featuredmedia":[{"embeddable":true,"href":"https:\/\/addio.eu\/pl\/wp-json\/wp\/v2\/media\/12775"}],"wp:attachment":[{"href":"https:\/\/addio.eu\/pl\/wp-json\/wp\/v2\/media?parent=12766"}],"wp:term":[{"taxonomy":"product_brand","embeddable":true,"href":"https:\/\/addio.eu\/pl\/wp-json\/wp\/v2\/product_brand?post=12766"},{"taxonomy":"product_cat","embeddable":true,"href":"https:\/\/addio.eu\/pl\/wp-json\/wp\/v2\/product_cat?post=12766"},{"taxonomy":"product_tag","embeddable":true,"href":"https:\/\/addio.eu\/pl\/wp-json\/wp\/v2\/product_tag?post=12766"}],"curies":[{"name":"wp","href":"https:\/\/api.w.org\/{rel}","templated":true}]}}