{"id":12224,"date":"2025-03-07T09:40:24","date_gmt":"2025-03-07T09:40:24","guid":{"rendered":"https:\/\/addio.eu\/product\/5012-4-adv\/"},"modified":"2026-02-10T17:01:20","modified_gmt":"2026-02-10T17:01:20","slug":"5012-4-adv","status":"publish","type":"product","link":"https:\/\/addio.eu\/pl\/produkt\/5012-4-adv\/","title":{"rendered":"5012-4 ADV"},"content":{"rendered":"<p>DRB-5012-4 ADV to jednostka 12-woltowa z 4 wej\u015bciami i 4 wyj\u015bciami, o maksymalnym pr\u0105dzie szczytowym 50A, z komunikacj\u0105 CAN.<\/p>\n<table width=\"333\">\n<tbody>\n<tr>\n<td width=\"234\">Model<\/td>\n<td width=\"99\">DRB-5012-4 ADV<\/td>\n<\/tr>\n<tr>\n<td width=\"234\">Zasilanie<\/td>\n<td width=\"99\">10-22 VDC<\/td>\n<\/tr>\n<tr>\n<td width=\"234\">Wewn\u0119trzne zu\u017cycie energii (w przybli\u017ceniu) Tryb normalny bez aktywnego wyj\u015bcia \/ Tryb u\u015bpienia<\/td>\n<td width=\"99\">~30mA\/~4mA<\/td>\n<\/tr>\n<tr>\n<td width=\"234\">Ochrona przed zbyt niskim napi\u0119ciem (regulowana)<\/td>\n<td width=\"99\">10-13V, co 0,5V<\/td>\n<\/tr>\n<tr>\n<td width=\"234\">Ochrona przed przepi\u0119ciem (regulowana)<\/td>\n<td width=\"99\">16-26V, co 2V<\/td>\n<\/tr>\n<tr>\n<td width=\"234\">Maks. ca\u0142kowity pr\u0105d przez 1 minut\u0119<\/td>\n<td width=\"99\">50A<\/td>\n<\/tr>\n<tr>\n<td width=\"234\">Maks. ca\u0142kowity pr\u0105d ci\u0105g\u0142y<\/td>\n<td width=\"99\">50A<\/td>\n<\/tr>\n<tr>\n<td width=\"234\">Ca\u0142kowita liczba wej\u015b\u0107<\/td>\n<td width=\"99\">4 szt.<\/td>\n<\/tr>\n<tr>\n<td width=\"234\">Wej\u015bcia cyfrowe<\/td>\n<td width=\"99\">4 z 4 szt.<\/td>\n<\/tr>\n<tr>\n<td width=\"234\">Wej\u015bcia analogowe<\/td>\n<td width=\"99\">2 z 4 szt.<\/td>\n<\/tr>\n<tr>\n<td width=\"234\">Rezystancja wej\u015bciowa @12V<\/td>\n<td width=\"99\">22k\u03a9<\/td>\n<\/tr>\n<tr>\n<td width=\"234\">Po\u0142\u0105czenia wej\u015b\u0107 (roz\u0142\u0105czalne zaciski \u015brubowe)<\/td>\n<td width=\"99\">6-biegunowe wraz z +\/-<\/td>\n<\/tr>\n<tr>\n<td width=\"234\">Liczba wyj\u015b\u0107<\/td>\n<td width=\"99\">4 szt.<\/td>\n<\/tr>\n<tr>\n<td width=\"234\">Po\u0142\u0105czenie wyj\u015b\u0107<\/td>\n<td width=\"99\">Kablowe z\u0142\u0105cze zaciskowe<\/td>\n<\/tr>\n<tr>\n<td width=\"234\">Rozmiar bezpiecznika A, wyj\u015bcia<\/td>\n<td width=\"99\">2, 3, 5, 7,5, 10, 13, 15, 18, 20<\/td>\n<\/tr>\n<tr>\n<td width=\"234\">Po\u0142\u0105czenie zasilania<\/td>\n<td width=\"99\">Nakr\u0119tka M5<\/td>\n<\/tr>\n<tr>\n<td width=\"234\">Bluetooth<\/td>\n<td width=\"99\">Tak, akcesorium<\/td>\n<\/tr>\n<tr>\n<td width=\"234\">Sterowanie silnikiem mostek H (wst\u0119pny pr\u0105d)<\/td>\n<td width=\"99\">Tak, maks. 12A<\/td>\n<\/tr>\n<tr>\n<td width=\"234\">Wska\u017anik b\u0142\u0119du<\/td>\n<td width=\"99\">wsp\u00f3lna dioda RGB<\/td>\n<\/tr>\n<tr>\n<td width=\"234\">Dioda LED na wyj\u015bcie (regulowany kolor)<\/td>\n<td width=\"99\">Tak, RGB<\/td>\n<\/tr>\n<tr>\n<td width=\"234\">Magistrala komunikacyjna (CAN bus)<\/td>\n<td width=\"99\">Tak, 2 szt. RJ10<\/td>\n<\/tr>\n<tr>\n<td width=\"234\">Po\u0142\u0105czenia komputerowe<\/td>\n<td width=\"99\">USB Typ C<\/td>\n<\/tr>\n<tr>\n<td width=\"234\">Uziemienie sygna\u0142\u00f3w<\/td>\n<td width=\"99\">Tak, z wewn\u0119trznym podci\u0105ganiem Wej\u015bcia 1-2<\/td>\n<\/tr>\n<tr>\n<td width=\"234\">Kontroler r\u0119czny, panele prze\u0142\u0105cznik\u00f3w, czujniki itp.<\/td>\n<td width=\"99\">Tak, jako akcesorium<\/td>\n<\/tr>\n<tr>\n<td width=\"234\">Wymiary (mm)<\/td>\n<td width=\"99\">119x68x21<\/td>\n<\/tr>\n<tr>\n<td width=\"234\">Waga<\/td>\n<td width=\"99\">98g<\/td>\n<\/tr>\n<\/tbody>\n<\/table>\n","protected":false},"excerpt":{"rendered":"<div class=\"elementor-element elementor-element-28a1869 elementor-widget elementor-widget-woocommerce-product-title elementor-page-title elementor-widget-heading\" data-id=\"28a1869\" data-element_type=\"widget\" data-widget_type=\"woocommerce-product-title.default\">\n<div class=\"elementor-widget-container\"><\/div>\n<\/div>\n<div class=\"elementor-element elementor-element-b951bf8 elementor-widget elementor-widget-woocommerce-product-short-description\" data-id=\"b951bf8\" data-element_type=\"widget\" data-widget_type=\"woocommerce-product-short-description.default\">\n<div class=\"elementor-widget-container\">\n<div class=\"woocommerce-product-details__short-description\">\n<p class=\"\" data-start=\"112\" data-end=\"430\">DRB 5012-4 ADV to nasza \u015bredniej wielko\u015bci jednostka 12V, najlepiej sprzedaj\u0105cy si\u0119 model z 4 wyj\u015bciami i 4 wej\u015bciami, o ci\u0105g\u0142ym pr\u0105dzie ca\u0142kowitym 50 amper\u00f3w roz\u0142o\u017conym na wszystkie wyj\u015bcia.<\/p>\n<p>Podobnie jak wszystkie nasze DRB, 5012-4 ADV oferuje szeroki zakres funkcji, takich jak:<\/p>\n<ul>\n<li>Funkcje przeka\u017anikowe jak miganie, \u015bciemnianie i timer<\/li>\n<li>Funkcja bezpiecznika poprzez prze\u0142\u0105czniki wysokopr\u0105dowe<\/li>\n<li>Ochrona akumulatora poprzez timery lub zabezpieczenie napi\u0119ciowe, indywidualnie dla ka\u017cdego wyj\u015bcia<\/li>\n<li>Funkcje logiczne oparte na regu\u0142ach<\/li>\n<li>Do trzech r\u00f3\u017cnych funkcji na wyj\u015bcie, takich jak sta\u0142e \u015bwiecenie lub miganie<\/li>\n<\/ul>\n<p class=\"\" data-start=\"112\" data-end=\"430\">Wyj\u015bcia s\u0105 cyfrowo zabezpieczone do 20 amper\u00f3w na wyj\u015bcie (regulowane w przedzia\u0142ach)<\/p>\n<p class=\"\" data-start=\"432\" data-end=\"679\">Urz\u0105dzenie jest idealnie sterowane przez nasz 8-przyciskowy panel sterowania (akcesorium) pod\u0142\u0105czony przez magistral\u0119 CAN, ale mo\u017cna r\u00f3wnie\u017c skonfigurowa\u0107 zwyk\u0142e prze\u0142\u0105czniki lub inne rodzaje sygna\u0142\u00f3w, zar\u00f3wno cyfrowych (wysoki\/niski), jak i analogowych (zmienne napi\u0119cia), do sterowania ka\u017cdym wyj\u015bciem.<\/p>\n<\/div>\n<\/div>\n<\/div>\n","protected":false},"featured_media":12240,"comment_status":"open","ping_status":"closed","template":"","meta":[],"product_brand":[],"product_cat":[205],"product_tag":[206,207,334,208],"class_list":{"0":"post-12224","1":"product","2":"type-product","3":"status-publish","4":"has-post-thumbnail","6":"product_cat-cyfrowe-moduly-przekaznikowe","7":"product_tag-12v","8":"product_tag-2-porty-can","9":"product_tag-4-wejscia","10":"product_tag-4-wyjscia","12":"first","13":"instock","14":"shipping-taxable","15":"product-type-simple"},"yoast_head":"<!-- This site is optimized with the Yoast SEO plugin v26.0 - https:\/\/yoast.com\/wordpress\/plugins\/seo\/ -->\n<title>5012-4 ADV - Addio Electronics<\/title>\n<meta name=\"robots\" content=\"index, follow, max-snippet:-1, max-image-preview:large, max-video-preview:-1\" \/>\n<link rel=\"canonical\" href=\"https:\/\/addio.eu\/pl\/produkt\/5012-4-adv\/\" \/>\n<meta property=\"og:locale\" content=\"pl_PL\" \/>\n<meta property=\"og:type\" content=\"article\" \/>\n<meta property=\"og:title\" content=\"5012-4 ADV - Addio Electronics\" \/>\n<meta property=\"og:description\" content=\"DRB 5012-4 ADV to nasza \u015bredniej wielko\u015bci jednostka 12V, najlepiej sprzedaj\u0105cy si\u0119 model z 4 wyj\u015bciami i 4 wej\u015bciami, o ci\u0105g\u0142ym pr\u0105dzie ca\u0142kowitym 50 amper\u00f3w roz\u0142o\u017conym na wszystkie wyj\u015bcia. Podobnie jak wszystkie nasze DRB, 5012-4 ADV oferuje szeroki zakres funkcji, takich jak:  Funkcje przeka\u017anikowe jak miganie, \u015bciemnianie i timer  Funkcja bezpiecznika poprzez prze\u0142\u0105czniki wysokopr\u0105dowe  Ochrona akumulatora poprzez timery lub zabezpieczenie napi\u0119ciowe, indywidualnie dla ka\u017cdego wyj\u015bcia  Funkcje logiczne oparte na regu\u0142ach  Do trzech r\u00f3\u017cnych funkcji na wyj\u015bcie, takich jak sta\u0142e \u015bwiecenie lub miganie Wyj\u015bcia s\u0105 cyfrowo zabezpieczone do 20 amper\u00f3w na wyj\u015bcie (regulowane w przedzia\u0142ach) Urz\u0105dzenie jest idealnie sterowane przez nasz 8-przyciskowy panel sterowania (akcesorium) pod\u0142\u0105czony przez magistral\u0119 CAN, ale mo\u017cna r\u00f3wnie\u017c skonfigurowa\u0107 zwyk\u0142e prze\u0142\u0105czniki lub inne rodzaje sygna\u0142\u00f3w, zar\u00f3wno cyfrowych (wysoki\/niski), jak i analogowych (zmienne napi\u0119cia), do sterowania ka\u017cdym wyj\u015bciem.\" \/>\n<meta property=\"og:url\" content=\"https:\/\/addio.eu\/pl\/produkt\/5012-4-adv\/\" \/>\n<meta property=\"og:site_name\" content=\"Addio Electronics\" \/>\n<meta property=\"article:publisher\" content=\"https:\/\/www.facebook.com\/AddioElectronicsAB\/\" \/>\n<meta property=\"article:modified_time\" content=\"2026-02-10T17:01:20+00:00\" \/>\n<meta property=\"og:image\" content=\"https:\/\/addio.eu\/wp-content\/uploads\/2025\/03\/IMG_1753-scaled.jpg\" \/>\n\t<meta property=\"og:image:width\" content=\"2560\" \/>\n\t<meta property=\"og:image:height\" content=\"1649\" \/>\n\t<meta property=\"og:image:type\" content=\"image\/jpeg\" \/>\n<meta name=\"twitter:card\" content=\"summary_large_image\" \/>\n<meta name=\"twitter:label1\" content=\"Szacowany czas czytania\" \/>\n\t<meta name=\"twitter:data1\" content=\"1 minuta\" \/>\n<script type=\"application\/ld+json\" class=\"yoast-schema-graph\">{\"@context\":\"https:\/\/schema.org\",\"@graph\":[{\"@type\":\"WebPage\",\"@id\":\"https:\/\/addio.eu\/pl\/produkt\/5012-4-adv\/\",\"url\":\"https:\/\/addio.eu\/pl\/produkt\/5012-4-adv\/\",\"name\":\"5012-4 ADV - Addio Electronics\",\"isPartOf\":{\"@id\":\"https:\/\/addio.eu\/pl\/#website\"},\"primaryImageOfPage\":{\"@id\":\"https:\/\/addio.eu\/pl\/produkt\/5012-4-adv\/#primaryimage\"},\"image\":{\"@id\":\"https:\/\/addio.eu\/pl\/produkt\/5012-4-adv\/#primaryimage\"},\"thumbnailUrl\":\"https:\/\/addio.eu\/wp-content\/uploads\/2025\/03\/IMG_1753-scaled.jpg\",\"datePublished\":\"2025-03-07T09:40:24+00:00\",\"dateModified\":\"2026-02-10T17:01:20+00:00\",\"breadcrumb\":{\"@id\":\"https:\/\/addio.eu\/pl\/produkt\/5012-4-adv\/#breadcrumb\"},\"inLanguage\":\"pl-PL\",\"potentialAction\":[{\"@type\":\"ReadAction\",\"target\":[\"https:\/\/addio.eu\/pl\/produkt\/5012-4-adv\/\"]}]},{\"@type\":\"ImageObject\",\"inLanguage\":\"pl-PL\",\"@id\":\"https:\/\/addio.eu\/pl\/produkt\/5012-4-adv\/#primaryimage\",\"url\":\"https:\/\/addio.eu\/wp-content\/uploads\/2025\/03\/IMG_1753-scaled.jpg\",\"contentUrl\":\"https:\/\/addio.eu\/wp-content\/uploads\/2025\/03\/IMG_1753-scaled.jpg\",\"width\":2560,\"height\":1649},{\"@type\":\"BreadcrumbList\",\"@id\":\"https:\/\/addio.eu\/pl\/produkt\/5012-4-adv\/#breadcrumb\",\"itemListElement\":[{\"@type\":\"ListItem\",\"position\":1,\"name\":\"Home\",\"item\":\"https:\/\/addio.eu\/pl\/strona-glowna-addio\/\"},{\"@type\":\"ListItem\",\"position\":2,\"name\":\"Produkty\",\"item\":\"https:\/\/addio.eu\/pl\/produkty\/\"},{\"@type\":\"ListItem\",\"position\":3,\"name\":\"5012-4 ADV\"}]},{\"@type\":\"WebSite\",\"@id\":\"https:\/\/addio.eu\/pl\/#website\",\"url\":\"https:\/\/addio.eu\/pl\/\",\"name\":\"addio.eu\",\"description\":\"\",\"publisher\":{\"@id\":\"https:\/\/addio.eu\/pl\/#organization\"},\"potentialAction\":[{\"@type\":\"SearchAction\",\"target\":{\"@type\":\"EntryPoint\",\"urlTemplate\":\"https:\/\/addio.eu\/pl\/?s={search_term_string}\"},\"query-input\":{\"@type\":\"PropertyValueSpecification\",\"valueRequired\":true,\"valueName\":\"search_term_string\"}}],\"inLanguage\":\"pl-PL\"},{\"@type\":\"Organization\",\"@id\":\"https:\/\/addio.eu\/pl\/#organization\",\"name\":\"Addio electronics\",\"url\":\"https:\/\/addio.eu\/pl\/\",\"logo\":{\"@type\":\"ImageObject\",\"inLanguage\":\"pl-PL\",\"@id\":\"https:\/\/addio.eu\/pl\/#\/schema\/logo\/image\/\",\"url\":\"https:\/\/addio.eu\/wp-content\/uploads\/2024\/10\/Lager_1-1.svg\",\"contentUrl\":\"https:\/\/addio.eu\/wp-content\/uploads\/2024\/10\/Lager_1-1.svg\",\"caption\":\"Addio electronics\"},\"image\":{\"@id\":\"https:\/\/addio.eu\/pl\/#\/schema\/logo\/image\/\"},\"sameAs\":[\"https:\/\/www.facebook.com\/AddioElectronicsAB\/\",\"https:\/\/www.linkedin.com\/company\/addio-electronics-ab\"]}]}<\/script>\n<!-- \/ Yoast SEO plugin. -->","yoast_head_json":{"title":"5012-4 ADV - Addio Electronics","robots":{"index":"index","follow":"follow","max-snippet":"max-snippet:-1","max-image-preview":"max-image-preview:large","max-video-preview":"max-video-preview:-1"},"canonical":"https:\/\/addio.eu\/pl\/produkt\/5012-4-adv\/","og_locale":"pl_PL","og_type":"article","og_title":"5012-4 ADV - Addio Electronics","og_description":"DRB 5012-4 ADV to nasza \u015bredniej wielko\u015bci jednostka 12V, najlepiej sprzedaj\u0105cy si\u0119 model z 4 wyj\u015bciami i 4 wej\u015bciami, o ci\u0105g\u0142ym pr\u0105dzie ca\u0142kowitym 50 amper\u00f3w roz\u0142o\u017conym na wszystkie wyj\u015bcia. Podobnie jak wszystkie nasze DRB, 5012-4 ADV oferuje szeroki zakres funkcji, takich jak:  Funkcje przeka\u017anikowe jak miganie, \u015bciemnianie i timer  Funkcja bezpiecznika poprzez prze\u0142\u0105czniki wysokopr\u0105dowe  Ochrona akumulatora poprzez timery lub zabezpieczenie napi\u0119ciowe, indywidualnie dla ka\u017cdego wyj\u015bcia  Funkcje logiczne oparte na regu\u0142ach  Do trzech r\u00f3\u017cnych funkcji na wyj\u015bcie, takich jak sta\u0142e \u015bwiecenie lub miganie Wyj\u015bcia s\u0105 cyfrowo zabezpieczone do 20 amper\u00f3w na wyj\u015bcie (regulowane w przedzia\u0142ach) Urz\u0105dzenie jest idealnie sterowane przez nasz 8-przyciskowy panel sterowania (akcesorium) pod\u0142\u0105czony przez magistral\u0119 CAN, ale mo\u017cna r\u00f3wnie\u017c skonfigurowa\u0107 zwyk\u0142e prze\u0142\u0105czniki lub inne rodzaje sygna\u0142\u00f3w, zar\u00f3wno cyfrowych (wysoki\/niski), jak i analogowych (zmienne napi\u0119cia), do sterowania ka\u017cdym wyj\u015bciem.","og_url":"https:\/\/addio.eu\/pl\/produkt\/5012-4-adv\/","og_site_name":"Addio Electronics","article_publisher":"https:\/\/www.facebook.com\/AddioElectronicsAB\/","article_modified_time":"2026-02-10T17:01:20+00:00","og_image":[{"width":2560,"height":1649,"url":"https:\/\/addio.eu\/wp-content\/uploads\/2025\/03\/IMG_1753-scaled.jpg","type":"image\/jpeg"}],"twitter_card":"summary_large_image","twitter_misc":{"Szacowany czas czytania":"1 minuta"},"schema":{"@context":"https:\/\/schema.org","@graph":[{"@type":"WebPage","@id":"https:\/\/addio.eu\/pl\/produkt\/5012-4-adv\/","url":"https:\/\/addio.eu\/pl\/produkt\/5012-4-adv\/","name":"5012-4 ADV - Addio Electronics","isPartOf":{"@id":"https:\/\/addio.eu\/pl\/#website"},"primaryImageOfPage":{"@id":"https:\/\/addio.eu\/pl\/produkt\/5012-4-adv\/#primaryimage"},"image":{"@id":"https:\/\/addio.eu\/pl\/produkt\/5012-4-adv\/#primaryimage"},"thumbnailUrl":"https:\/\/addio.eu\/wp-content\/uploads\/2025\/03\/IMG_1753-scaled.jpg","datePublished":"2025-03-07T09:40:24+00:00","dateModified":"2026-02-10T17:01:20+00:00","breadcrumb":{"@id":"https:\/\/addio.eu\/pl\/produkt\/5012-4-adv\/#breadcrumb"},"inLanguage":"pl-PL","potentialAction":[{"@type":"ReadAction","target":["https:\/\/addio.eu\/pl\/produkt\/5012-4-adv\/"]}]},{"@type":"ImageObject","inLanguage":"pl-PL","@id":"https:\/\/addio.eu\/pl\/produkt\/5012-4-adv\/#primaryimage","url":"https:\/\/addio.eu\/wp-content\/uploads\/2025\/03\/IMG_1753-scaled.jpg","contentUrl":"https:\/\/addio.eu\/wp-content\/uploads\/2025\/03\/IMG_1753-scaled.jpg","width":2560,"height":1649},{"@type":"BreadcrumbList","@id":"https:\/\/addio.eu\/pl\/produkt\/5012-4-adv\/#breadcrumb","itemListElement":[{"@type":"ListItem","position":1,"name":"Home","item":"https:\/\/addio.eu\/pl\/strona-glowna-addio\/"},{"@type":"ListItem","position":2,"name":"Produkty","item":"https:\/\/addio.eu\/pl\/produkty\/"},{"@type":"ListItem","position":3,"name":"5012-4 ADV"}]},{"@type":"WebSite","@id":"https:\/\/addio.eu\/pl\/#website","url":"https:\/\/addio.eu\/pl\/","name":"addio.eu","description":"","publisher":{"@id":"https:\/\/addio.eu\/pl\/#organization"},"potentialAction":[{"@type":"SearchAction","target":{"@type":"EntryPoint","urlTemplate":"https:\/\/addio.eu\/pl\/?s={search_term_string}"},"query-input":{"@type":"PropertyValueSpecification","valueRequired":true,"valueName":"search_term_string"}}],"inLanguage":"pl-PL"},{"@type":"Organization","@id":"https:\/\/addio.eu\/pl\/#organization","name":"Addio electronics","url":"https:\/\/addio.eu\/pl\/","logo":{"@type":"ImageObject","inLanguage":"pl-PL","@id":"https:\/\/addio.eu\/pl\/#\/schema\/logo\/image\/","url":"https:\/\/addio.eu\/wp-content\/uploads\/2024\/10\/Lager_1-1.svg","contentUrl":"https:\/\/addio.eu\/wp-content\/uploads\/2024\/10\/Lager_1-1.svg","caption":"Addio electronics"},"image":{"@id":"https:\/\/addio.eu\/pl\/#\/schema\/logo\/image\/"},"sameAs":["https:\/\/www.facebook.com\/AddioElectronicsAB\/","https:\/\/www.linkedin.com\/company\/addio-electronics-ab"]}]}},"_links":{"self":[{"href":"https:\/\/addio.eu\/pl\/wp-json\/wp\/v2\/product\/12224","targetHints":{"allow":["GET"]}}],"collection":[{"href":"https:\/\/addio.eu\/pl\/wp-json\/wp\/v2\/product"}],"about":[{"href":"https:\/\/addio.eu\/pl\/wp-json\/wp\/v2\/types\/product"}],"replies":[{"embeddable":true,"href":"https:\/\/addio.eu\/pl\/wp-json\/wp\/v2\/comments?post=12224"}],"wp:featuredmedia":[{"embeddable":true,"href":"https:\/\/addio.eu\/pl\/wp-json\/wp\/v2\/media\/12240"}],"wp:attachment":[{"href":"https:\/\/addio.eu\/pl\/wp-json\/wp\/v2\/media?parent=12224"}],"wp:term":[{"taxonomy":"product_brand","embeddable":true,"href":"https:\/\/addio.eu\/pl\/wp-json\/wp\/v2\/product_brand?post=12224"},{"taxonomy":"product_cat","embeddable":true,"href":"https:\/\/addio.eu\/pl\/wp-json\/wp\/v2\/product_cat?post=12224"},{"taxonomy":"product_tag","embeddable":true,"href":"https:\/\/addio.eu\/pl\/wp-json\/wp\/v2\/product_tag?post=12224"}],"curies":[{"name":"wp","href":"https:\/\/api.w.org\/{rel}","templated":true}]}}