{"id":11950,"date":"2025-03-24T11:20:39","date_gmt":"2025-03-24T11:20:39","guid":{"rendered":"https:\/\/addio.eu\/product\/zestaw-can-master\/"},"modified":"2025-03-24T11:20:39","modified_gmt":"2025-03-24T11:20:39","slug":"zestaw-can-master","status":"publish","type":"product","link":"https:\/\/addio.eu\/pl\/produkt\/zestaw-can-master\/","title":{"rendered":"Zestaw CAN Master"},"content":{"rendered":"<p data-start=\"1346\" data-end=\"1380\"><strong>Instalacja<\/strong><br \/>\nPod\u0142\u0105cz CAN Master do pojazdu za pomoc\u0105 indukcyjnego czytnika CAN Addio lub bezpo\u015bredniego po\u0142\u0105czenia z okablowaniem magistrali CAN.<\/p>\n<p data-start=\"1346\" data-end=\"1380\"><strong>Kompatybilno\u015b\u0107<\/strong><br \/>\nCAN Master jest kompatybilny z naszymi modu\u0142ami ADV DRB 12V i 24V.<\/p>\n<p class=\"\" data-start=\"1346\" data-end=\"1380\"><strong data-start=\"1346\" data-end=\"1380\">Instalacja i konfiguracja<br \/>\n<\/strong>Oprogramowanie CAN Master i Addio CC.<\/p>\n<p data-start=\"1382\" data-end=\"1525\"><strong>Zawarto\u015b\u0107 opakowania<\/strong><br \/>\nCAN Master, kabel 0,5 metra, adapter RJ.<\/p>\n<p><strong>Wymiary<\/strong><br \/>\n68*67*21 mm<\/p>\n","protected":false},"excerpt":{"rendered":"<p><strong>Addio CAN Master umo\u017cliwia systemowi Addio po\u0142\u0105czenie, skanowanie i wykorzystanie sygna\u0142\u00f3w pojazdu.<\/strong><\/p>\n<p>Addio oferuje mo\u017cliwo\u015b\u0107 tworzenia zautomatyzowanych funkcji z integracj\u0105 z pojazdem. Sygna\u0142y CAN w poje\u017adzie mog\u0105 by\u0107 u\u017cywane jako sygna\u0142y wej\u015bciowe do systemu Addio. Dzi\u0119ki temu mo\u017cna tworzy\u0107 zautomatyzowane funkcje dostosowane do potrzeb u\u017cytkownik\u00f3w. Klasycznymi przyk\u0142adami s\u0105 \u015bwiat\u0142a tylne lub kamera w\u0142\u0105czane z biegiem wstecznym jako wej\u015bciem.  <\/p>\n<p><strong>Oprogramowanie CAN Master<\/strong> jest wykorzystywane, gdy instalator chce zintegrowa\u0107 si\u0119 z sygna\u0142ami CAN z pojazdu. Funkcja skanowania mo\u017ce analizowa\u0107 i wykrywa\u0107 sygna\u0142y z dowolnego pojazdu, takie jak reflektory, drzwi, hamulec r\u0119czny, bieg wsteczny, pr\u0119dko\u015b\u0107 i wiele innych. <\/p>\n<p>Zapisuj sygna\u0142y w bazie danych Addio, aby zapewni\u0107 sprawn\u0105 i \u0142atw\u0105 instalacj\u0119 w przysz\u0142o\u015bci.<\/p>\n<p>&nbsp;<\/p>\n","protected":false},"featured_media":5958,"comment_status":"open","ping_status":"closed","template":"","meta":[],"product_brand":[],"product_cat":[307,299],"product_tag":[],"class_list":{"0":"post-11950","1":"product","2":"type-product","3":"status-publish","4":"has-post-thumbnail","6":"product_cat-integracja-can","7":"product_cat-lacznosc-can","9":"first","10":"instock","11":"shipping-taxable","12":"product-type-simple"},"yoast_head":"<!-- This site is optimized with the Yoast SEO plugin v26.0 - https:\/\/yoast.com\/wordpress\/plugins\/seo\/ -->\n<title>Zestaw CAN Master - Addio Electronics<\/title>\n<meta name=\"robots\" content=\"index, follow, max-snippet:-1, max-image-preview:large, max-video-preview:-1\" \/>\n<link rel=\"canonical\" href=\"https:\/\/addio.eu\/pl\/produkt\/zestaw-can-master\/\" \/>\n<meta property=\"og:locale\" content=\"pl_PL\" \/>\n<meta property=\"og:type\" content=\"article\" \/>\n<meta property=\"og:title\" content=\"Zestaw CAN Master - Addio Electronics\" \/>\n<meta property=\"og:description\" content=\"Addio CAN Master umo\u017cliwia systemowi Addio po\u0142\u0105czenie, skanowanie i wykorzystanie sygna\u0142\u00f3w pojazdu. Addio oferuje mo\u017cliwo\u015b\u0107 tworzenia zautomatyzowanych funkcji z integracj\u0105 z pojazdem. Sygna\u0142y CAN w poje\u017adzie mog\u0105 by\u0107 u\u017cywane jako sygna\u0142y wej\u015bciowe do systemu Addio. Dzi\u0119ki temu mo\u017cna tworzy\u0107 zautomatyzowane funkcje dostosowane do potrzeb u\u017cytkownik\u00f3w. Klasycznymi przyk\u0142adami s\u0105 \u015bwiat\u0142a tylne lub kamera w\u0142\u0105czane z biegiem wstecznym jako wej\u015bciem.  Oprogramowanie CAN Master jest wykorzystywane, gdy instalator chce zintegrowa\u0107 si\u0119 z sygna\u0142ami CAN z pojazdu. Funkcja skanowania mo\u017ce analizowa\u0107 i wykrywa\u0107 sygna\u0142y z dowolnego pojazdu, takie jak reflektory, drzwi, hamulec r\u0119czny, bieg wsteczny, pr\u0119dko\u015b\u0107 i wiele innych.  Zapisuj sygna\u0142y w bazie danych Addio, aby zapewni\u0107 sprawn\u0105 i \u0142atw\u0105 instalacj\u0119 w przysz\u0142o\u015bci. &nbsp;\" \/>\n<meta property=\"og:url\" content=\"https:\/\/addio.eu\/pl\/produkt\/zestaw-can-master\/\" \/>\n<meta property=\"og:site_name\" content=\"Addio Electronics\" \/>\n<meta property=\"article:publisher\" content=\"https:\/\/www.facebook.com\/AddioElectronicsAB\/\" \/>\n<meta property=\"og:image\" content=\"https:\/\/addio.eu\/wp-content\/uploads\/2025\/03\/IMG_1824-scaled.jpg\" \/>\n\t<meta property=\"og:image:width\" content=\"2560\" \/>\n\t<meta property=\"og:image:height\" content=\"2215\" \/>\n\t<meta property=\"og:image:type\" content=\"image\/jpeg\" \/>\n<meta name=\"twitter:card\" content=\"summary_large_image\" \/>\n<script type=\"application\/ld+json\" class=\"yoast-schema-graph\">{\"@context\":\"https:\/\/schema.org\",\"@graph\":[{\"@type\":\"WebPage\",\"@id\":\"https:\/\/addio.eu\/pl\/produkt\/zestaw-can-master\/\",\"url\":\"https:\/\/addio.eu\/pl\/produkt\/zestaw-can-master\/\",\"name\":\"Zestaw CAN Master - Addio Electronics\",\"isPartOf\":{\"@id\":\"https:\/\/addio.eu\/pl\/#website\"},\"primaryImageOfPage\":{\"@id\":\"https:\/\/addio.eu\/pl\/produkt\/zestaw-can-master\/#primaryimage\"},\"image\":{\"@id\":\"https:\/\/addio.eu\/pl\/produkt\/zestaw-can-master\/#primaryimage\"},\"thumbnailUrl\":\"https:\/\/addio.eu\/wp-content\/uploads\/2025\/03\/IMG_1824-scaled.jpg\",\"datePublished\":\"2025-03-24T11:20:39+00:00\",\"breadcrumb\":{\"@id\":\"https:\/\/addio.eu\/pl\/produkt\/zestaw-can-master\/#breadcrumb\"},\"inLanguage\":\"pl-PL\",\"potentialAction\":[{\"@type\":\"ReadAction\",\"target\":[\"https:\/\/addio.eu\/pl\/produkt\/zestaw-can-master\/\"]}]},{\"@type\":\"ImageObject\",\"inLanguage\":\"pl-PL\",\"@id\":\"https:\/\/addio.eu\/pl\/produkt\/zestaw-can-master\/#primaryimage\",\"url\":\"https:\/\/addio.eu\/wp-content\/uploads\/2025\/03\/IMG_1824-scaled.jpg\",\"contentUrl\":\"https:\/\/addio.eu\/wp-content\/uploads\/2025\/03\/IMG_1824-scaled.jpg\",\"width\":2560,\"height\":2215},{\"@type\":\"BreadcrumbList\",\"@id\":\"https:\/\/addio.eu\/pl\/produkt\/zestaw-can-master\/#breadcrumb\",\"itemListElement\":[{\"@type\":\"ListItem\",\"position\":1,\"name\":\"Home\",\"item\":\"https:\/\/addio.eu\/pl\/strona-glowna-addio\/\"},{\"@type\":\"ListItem\",\"position\":2,\"name\":\"Produkty\",\"item\":\"https:\/\/addio.eu\/pl\/produkty\/\"},{\"@type\":\"ListItem\",\"position\":3,\"name\":\"Zestaw CAN Master\"}]},{\"@type\":\"WebSite\",\"@id\":\"https:\/\/addio.eu\/pl\/#website\",\"url\":\"https:\/\/addio.eu\/pl\/\",\"name\":\"addio.eu\",\"description\":\"\",\"publisher\":{\"@id\":\"https:\/\/addio.eu\/pl\/#organization\"},\"potentialAction\":[{\"@type\":\"SearchAction\",\"target\":{\"@type\":\"EntryPoint\",\"urlTemplate\":\"https:\/\/addio.eu\/pl\/?s={search_term_string}\"},\"query-input\":{\"@type\":\"PropertyValueSpecification\",\"valueRequired\":true,\"valueName\":\"search_term_string\"}}],\"inLanguage\":\"pl-PL\"},{\"@type\":\"Organization\",\"@id\":\"https:\/\/addio.eu\/pl\/#organization\",\"name\":\"Addio electronics\",\"url\":\"https:\/\/addio.eu\/pl\/\",\"logo\":{\"@type\":\"ImageObject\",\"inLanguage\":\"pl-PL\",\"@id\":\"https:\/\/addio.eu\/pl\/#\/schema\/logo\/image\/\",\"url\":\"https:\/\/addio.eu\/wp-content\/uploads\/2024\/10\/Lager_1-1.svg\",\"contentUrl\":\"https:\/\/addio.eu\/wp-content\/uploads\/2024\/10\/Lager_1-1.svg\",\"caption\":\"Addio electronics\"},\"image\":{\"@id\":\"https:\/\/addio.eu\/pl\/#\/schema\/logo\/image\/\"},\"sameAs\":[\"https:\/\/www.facebook.com\/AddioElectronicsAB\/\",\"https:\/\/www.linkedin.com\/company\/addio-electronics-ab\"]}]}<\/script>\n<!-- \/ Yoast SEO plugin. -->","yoast_head_json":{"title":"Zestaw CAN Master - Addio Electronics","robots":{"index":"index","follow":"follow","max-snippet":"max-snippet:-1","max-image-preview":"max-image-preview:large","max-video-preview":"max-video-preview:-1"},"canonical":"https:\/\/addio.eu\/pl\/produkt\/zestaw-can-master\/","og_locale":"pl_PL","og_type":"article","og_title":"Zestaw CAN Master - Addio Electronics","og_description":"Addio CAN Master umo\u017cliwia systemowi Addio po\u0142\u0105czenie, skanowanie i wykorzystanie sygna\u0142\u00f3w pojazdu. Addio oferuje mo\u017cliwo\u015b\u0107 tworzenia zautomatyzowanych funkcji z integracj\u0105 z pojazdem. Sygna\u0142y CAN w poje\u017adzie mog\u0105 by\u0107 u\u017cywane jako sygna\u0142y wej\u015bciowe do systemu Addio. Dzi\u0119ki temu mo\u017cna tworzy\u0107 zautomatyzowane funkcje dostosowane do potrzeb u\u017cytkownik\u00f3w. Klasycznymi przyk\u0142adami s\u0105 \u015bwiat\u0142a tylne lub kamera w\u0142\u0105czane z biegiem wstecznym jako wej\u015bciem.  Oprogramowanie CAN Master jest wykorzystywane, gdy instalator chce zintegrowa\u0107 si\u0119 z sygna\u0142ami CAN z pojazdu. Funkcja skanowania mo\u017ce analizowa\u0107 i wykrywa\u0107 sygna\u0142y z dowolnego pojazdu, takie jak reflektory, drzwi, hamulec r\u0119czny, bieg wsteczny, pr\u0119dko\u015b\u0107 i wiele innych.  Zapisuj sygna\u0142y w bazie danych Addio, aby zapewni\u0107 sprawn\u0105 i \u0142atw\u0105 instalacj\u0119 w przysz\u0142o\u015bci. &nbsp;","og_url":"https:\/\/addio.eu\/pl\/produkt\/zestaw-can-master\/","og_site_name":"Addio Electronics","article_publisher":"https:\/\/www.facebook.com\/AddioElectronicsAB\/","og_image":[{"width":2560,"height":2215,"url":"https:\/\/addio.eu\/wp-content\/uploads\/2025\/03\/IMG_1824-scaled.jpg","type":"image\/jpeg"}],"twitter_card":"summary_large_image","schema":{"@context":"https:\/\/schema.org","@graph":[{"@type":"WebPage","@id":"https:\/\/addio.eu\/pl\/produkt\/zestaw-can-master\/","url":"https:\/\/addio.eu\/pl\/produkt\/zestaw-can-master\/","name":"Zestaw CAN Master - Addio Electronics","isPartOf":{"@id":"https:\/\/addio.eu\/pl\/#website"},"primaryImageOfPage":{"@id":"https:\/\/addio.eu\/pl\/produkt\/zestaw-can-master\/#primaryimage"},"image":{"@id":"https:\/\/addio.eu\/pl\/produkt\/zestaw-can-master\/#primaryimage"},"thumbnailUrl":"https:\/\/addio.eu\/wp-content\/uploads\/2025\/03\/IMG_1824-scaled.jpg","datePublished":"2025-03-24T11:20:39+00:00","breadcrumb":{"@id":"https:\/\/addio.eu\/pl\/produkt\/zestaw-can-master\/#breadcrumb"},"inLanguage":"pl-PL","potentialAction":[{"@type":"ReadAction","target":["https:\/\/addio.eu\/pl\/produkt\/zestaw-can-master\/"]}]},{"@type":"ImageObject","inLanguage":"pl-PL","@id":"https:\/\/addio.eu\/pl\/produkt\/zestaw-can-master\/#primaryimage","url":"https:\/\/addio.eu\/wp-content\/uploads\/2025\/03\/IMG_1824-scaled.jpg","contentUrl":"https:\/\/addio.eu\/wp-content\/uploads\/2025\/03\/IMG_1824-scaled.jpg","width":2560,"height":2215},{"@type":"BreadcrumbList","@id":"https:\/\/addio.eu\/pl\/produkt\/zestaw-can-master\/#breadcrumb","itemListElement":[{"@type":"ListItem","position":1,"name":"Home","item":"https:\/\/addio.eu\/pl\/strona-glowna-addio\/"},{"@type":"ListItem","position":2,"name":"Produkty","item":"https:\/\/addio.eu\/pl\/produkty\/"},{"@type":"ListItem","position":3,"name":"Zestaw CAN Master"}]},{"@type":"WebSite","@id":"https:\/\/addio.eu\/pl\/#website","url":"https:\/\/addio.eu\/pl\/","name":"addio.eu","description":"","publisher":{"@id":"https:\/\/addio.eu\/pl\/#organization"},"potentialAction":[{"@type":"SearchAction","target":{"@type":"EntryPoint","urlTemplate":"https:\/\/addio.eu\/pl\/?s={search_term_string}"},"query-input":{"@type":"PropertyValueSpecification","valueRequired":true,"valueName":"search_term_string"}}],"inLanguage":"pl-PL"},{"@type":"Organization","@id":"https:\/\/addio.eu\/pl\/#organization","name":"Addio electronics","url":"https:\/\/addio.eu\/pl\/","logo":{"@type":"ImageObject","inLanguage":"pl-PL","@id":"https:\/\/addio.eu\/pl\/#\/schema\/logo\/image\/","url":"https:\/\/addio.eu\/wp-content\/uploads\/2024\/10\/Lager_1-1.svg","contentUrl":"https:\/\/addio.eu\/wp-content\/uploads\/2024\/10\/Lager_1-1.svg","caption":"Addio electronics"},"image":{"@id":"https:\/\/addio.eu\/pl\/#\/schema\/logo\/image\/"},"sameAs":["https:\/\/www.facebook.com\/AddioElectronicsAB\/","https:\/\/www.linkedin.com\/company\/addio-electronics-ab"]}]}},"_links":{"self":[{"href":"https:\/\/addio.eu\/pl\/wp-json\/wp\/v2\/product\/11950","targetHints":{"allow":["GET"]}}],"collection":[{"href":"https:\/\/addio.eu\/pl\/wp-json\/wp\/v2\/product"}],"about":[{"href":"https:\/\/addio.eu\/pl\/wp-json\/wp\/v2\/types\/product"}],"replies":[{"embeddable":true,"href":"https:\/\/addio.eu\/pl\/wp-json\/wp\/v2\/comments?post=11950"}],"wp:featuredmedia":[{"embeddable":true,"href":"https:\/\/addio.eu\/pl\/wp-json\/wp\/v2\/media\/5958"}],"wp:attachment":[{"href":"https:\/\/addio.eu\/pl\/wp-json\/wp\/v2\/media?parent=11950"}],"wp:term":[{"taxonomy":"product_brand","embeddable":true,"href":"https:\/\/addio.eu\/pl\/wp-json\/wp\/v2\/product_brand?post=11950"},{"taxonomy":"product_cat","embeddable":true,"href":"https:\/\/addio.eu\/pl\/wp-json\/wp\/v2\/product_cat?post=11950"},{"taxonomy":"product_tag","embeddable":true,"href":"https:\/\/addio.eu\/pl\/wp-json\/wp\/v2\/product_tag?post=11950"}],"curies":[{"name":"wp","href":"https:\/\/api.w.org\/{rel}","templated":true}]}}