{"id":11612,"date":"2025-03-07T10:42:15","date_gmt":"2025-03-07T10:42:15","guid":{"rendered":"https:\/\/addio.eu\/product\/bluetooth-ble-5-0-can\/"},"modified":"2025-03-07T10:42:15","modified_gmt":"2025-03-07T10:42:15","slug":"bluetooth-ble-5-0-can","status":"publish","type":"product","link":"https:\/\/addio.eu\/pl\/produkt\/bluetooth-ble-5-0-can\/","title":{"rendered":"Bluetooth BLE 5.0 CAN"},"content":{"rendered":"<p><strong>Rozmiar<\/strong><br \/>\n50*25*16mm<\/p>\n<p><strong>Waga<\/strong><br \/>\n13g<\/p>\n","protected":false},"excerpt":{"rendered":"<p class=\"\" data-start=\"47\" data-end=\"110\"><strong data-start=\"47\" data-end=\"110\">Modu\u0142 Bluetooth do sterowania systemem za pomoc\u0105 telefonu kom\u00f3rkowego<\/strong><\/p>\n<p class=\"\" data-start=\"112\" data-end=\"367\">Jako akcesoria do wszystkich jednostek ADV, modu\u0142 Bluetooth mo\u017ce by\u0107 pod\u0142\u0105czony przez port CAN w celu bezprzewodowego sterowania za pomoc\u0105 aplikacji mobilnej na urz\u0105dzenia iOS (Apple) i Android. Urz\u0105dzenie mobilne musi obs\u0142ugiwa\u0107 Bluetooth 4.0 lub nowszy, aby nawi\u0105za\u0107 po\u0142\u0105czenie. <\/p>\n<p class=\"\" data-start=\"369\" data-end=\"632\">Wa\u017cne jest umieszczenie modu\u0142u w miejscu, gdzie mo\u017ce utrzyma\u0107 najlepsze mo\u017cliwe po\u0142\u0105czenie z urz\u0105dzeniem mobilnym. Przy czystej linii wzroku mo\u017cna osi\u0105gn\u0105\u0107 zasi\u0119g ponad 150 metr\u00f3w, chocia\u017c jest to w du\u017cym stopniu zale\u017cne od u\u017cywanego urz\u0105dzenia mobilnego. <\/p>\n<p class=\"\" data-start=\"634\" data-end=\"763\">Port komunikacyjny sk\u0142ada si\u0119 ze z\u0142\u0105cza RJ-10 na kr\u00f3tkiej stronie modu\u0142u, kt\u00f3re \u0142\u0105czy si\u0119 z portem COM\/CAN jednostki.<\/p>\n","protected":false},"featured_media":5873,"comment_status":"open","ping_status":"closed","template":"","meta":[],"product_brand":[],"product_cat":[275],"product_tag":[276],"class_list":{"0":"post-11612","1":"product","2":"type-product","3":"status-publish","4":"has-post-thumbnail","6":"product_cat-bluetooth","7":"product_tag-bluetooth","9":"first","10":"instock","11":"shipping-taxable","12":"product-type-simple"},"yoast_head":"<!-- This site is optimized with the Yoast SEO plugin v26.0 - https:\/\/yoast.com\/wordpress\/plugins\/seo\/ -->\n<title>Bluetooth BLE 5.0 CAN - Addio Electronics<\/title>\n<meta name=\"robots\" content=\"index, follow, max-snippet:-1, max-image-preview:large, max-video-preview:-1\" \/>\n<link rel=\"canonical\" href=\"https:\/\/addio.eu\/pl\/produkt\/bluetooth-ble-5-0-can\/\" \/>\n<meta property=\"og:locale\" content=\"pl_PL\" \/>\n<meta property=\"og:type\" content=\"article\" \/>\n<meta property=\"og:title\" content=\"Bluetooth BLE 5.0 CAN - Addio Electronics\" \/>\n<meta property=\"og:description\" content=\"Modu\u0142 Bluetooth do sterowania systemem za pomoc\u0105 telefonu kom\u00f3rkowego Jako akcesoria do wszystkich jednostek ADV, modu\u0142 Bluetooth mo\u017ce by\u0107 pod\u0142\u0105czony przez port CAN w celu bezprzewodowego sterowania za pomoc\u0105 aplikacji mobilnej na urz\u0105dzenia iOS (Apple) i Android. Urz\u0105dzenie mobilne musi obs\u0142ugiwa\u0107 Bluetooth 4.0 lub nowszy, aby nawi\u0105za\u0107 po\u0142\u0105czenie. Wa\u017cne jest umieszczenie modu\u0142u w miejscu, gdzie mo\u017ce utrzyma\u0107 najlepsze mo\u017cliwe po\u0142\u0105czenie z urz\u0105dzeniem mobilnym. Przy czystej linii wzroku mo\u017cna osi\u0105gn\u0105\u0107 zasi\u0119g ponad 150 metr\u00f3w, chocia\u017c jest to w du\u017cym stopniu zale\u017cne od u\u017cywanego urz\u0105dzenia mobilnego. Port komunikacyjny sk\u0142ada si\u0119 ze z\u0142\u0105cza RJ-10 na kr\u00f3tkiej stronie modu\u0142u, kt\u00f3re \u0142\u0105czy si\u0119 z portem COM\/CAN jednostki.\" \/>\n<meta property=\"og:url\" content=\"https:\/\/addio.eu\/pl\/produkt\/bluetooth-ble-5-0-can\/\" \/>\n<meta property=\"og:site_name\" content=\"Addio Electronics\" \/>\n<meta property=\"article:publisher\" content=\"https:\/\/www.facebook.com\/AddioElectronicsAB\/\" \/>\n<meta property=\"og:image\" content=\"https:\/\/addio.eu\/wp-content\/uploads\/2025\/03\/IMG_1545.jpg\" \/>\n\t<meta property=\"og:image:width\" content=\"1065\" \/>\n\t<meta property=\"og:image:height\" content=\"774\" \/>\n\t<meta property=\"og:image:type\" content=\"image\/jpeg\" \/>\n<meta name=\"twitter:card\" content=\"summary_large_image\" \/>\n<script type=\"application\/ld+json\" class=\"yoast-schema-graph\">{\"@context\":\"https:\/\/schema.org\",\"@graph\":[{\"@type\":\"WebPage\",\"@id\":\"https:\/\/addio.eu\/pl\/produkt\/bluetooth-ble-5-0-can\/\",\"url\":\"https:\/\/addio.eu\/pl\/produkt\/bluetooth-ble-5-0-can\/\",\"name\":\"Bluetooth BLE 5.0 CAN - Addio Electronics\",\"isPartOf\":{\"@id\":\"https:\/\/addio.eu\/pl\/#website\"},\"primaryImageOfPage\":{\"@id\":\"https:\/\/addio.eu\/pl\/produkt\/bluetooth-ble-5-0-can\/#primaryimage\"},\"image\":{\"@id\":\"https:\/\/addio.eu\/pl\/produkt\/bluetooth-ble-5-0-can\/#primaryimage\"},\"thumbnailUrl\":\"https:\/\/addio.eu\/wp-content\/uploads\/2025\/03\/IMG_1545.jpg\",\"datePublished\":\"2025-03-07T10:42:15+00:00\",\"breadcrumb\":{\"@id\":\"https:\/\/addio.eu\/pl\/produkt\/bluetooth-ble-5-0-can\/#breadcrumb\"},\"inLanguage\":\"pl-PL\",\"potentialAction\":[{\"@type\":\"ReadAction\",\"target\":[\"https:\/\/addio.eu\/pl\/produkt\/bluetooth-ble-5-0-can\/\"]}]},{\"@type\":\"ImageObject\",\"inLanguage\":\"pl-PL\",\"@id\":\"https:\/\/addio.eu\/pl\/produkt\/bluetooth-ble-5-0-can\/#primaryimage\",\"url\":\"https:\/\/addio.eu\/wp-content\/uploads\/2025\/03\/IMG_1545.jpg\",\"contentUrl\":\"https:\/\/addio.eu\/wp-content\/uploads\/2025\/03\/IMG_1545.jpg\",\"width\":1065,\"height\":774},{\"@type\":\"BreadcrumbList\",\"@id\":\"https:\/\/addio.eu\/pl\/produkt\/bluetooth-ble-5-0-can\/#breadcrumb\",\"itemListElement\":[{\"@type\":\"ListItem\",\"position\":1,\"name\":\"Home\",\"item\":\"https:\/\/addio.eu\/pl\/strona-glowna-addio\/\"},{\"@type\":\"ListItem\",\"position\":2,\"name\":\"Produkty\",\"item\":\"https:\/\/addio.eu\/pl\/produkty\/\"},{\"@type\":\"ListItem\",\"position\":3,\"name\":\"Bluetooth BLE 5.0 CAN\"}]},{\"@type\":\"WebSite\",\"@id\":\"https:\/\/addio.eu\/pl\/#website\",\"url\":\"https:\/\/addio.eu\/pl\/\",\"name\":\"addio.eu\",\"description\":\"\",\"publisher\":{\"@id\":\"https:\/\/addio.eu\/pl\/#organization\"},\"potentialAction\":[{\"@type\":\"SearchAction\",\"target\":{\"@type\":\"EntryPoint\",\"urlTemplate\":\"https:\/\/addio.eu\/pl\/?s={search_term_string}\"},\"query-input\":{\"@type\":\"PropertyValueSpecification\",\"valueRequired\":true,\"valueName\":\"search_term_string\"}}],\"inLanguage\":\"pl-PL\"},{\"@type\":\"Organization\",\"@id\":\"https:\/\/addio.eu\/pl\/#organization\",\"name\":\"Addio electronics\",\"url\":\"https:\/\/addio.eu\/pl\/\",\"logo\":{\"@type\":\"ImageObject\",\"inLanguage\":\"pl-PL\",\"@id\":\"https:\/\/addio.eu\/pl\/#\/schema\/logo\/image\/\",\"url\":\"https:\/\/addio.eu\/wp-content\/uploads\/2024\/10\/Lager_1-1.svg\",\"contentUrl\":\"https:\/\/addio.eu\/wp-content\/uploads\/2024\/10\/Lager_1-1.svg\",\"caption\":\"Addio electronics\"},\"image\":{\"@id\":\"https:\/\/addio.eu\/pl\/#\/schema\/logo\/image\/\"},\"sameAs\":[\"https:\/\/www.facebook.com\/AddioElectronicsAB\/\",\"https:\/\/www.linkedin.com\/company\/addio-electronics-ab\"]}]}<\/script>\n<!-- \/ Yoast SEO plugin. -->","yoast_head_json":{"title":"Bluetooth BLE 5.0 CAN - Addio Electronics","robots":{"index":"index","follow":"follow","max-snippet":"max-snippet:-1","max-image-preview":"max-image-preview:large","max-video-preview":"max-video-preview:-1"},"canonical":"https:\/\/addio.eu\/pl\/produkt\/bluetooth-ble-5-0-can\/","og_locale":"pl_PL","og_type":"article","og_title":"Bluetooth BLE 5.0 CAN - Addio Electronics","og_description":"Modu\u0142 Bluetooth do sterowania systemem za pomoc\u0105 telefonu kom\u00f3rkowego Jako akcesoria do wszystkich jednostek ADV, modu\u0142 Bluetooth mo\u017ce by\u0107 pod\u0142\u0105czony przez port CAN w celu bezprzewodowego sterowania za pomoc\u0105 aplikacji mobilnej na urz\u0105dzenia iOS (Apple) i Android. Urz\u0105dzenie mobilne musi obs\u0142ugiwa\u0107 Bluetooth 4.0 lub nowszy, aby nawi\u0105za\u0107 po\u0142\u0105czenie. Wa\u017cne jest umieszczenie modu\u0142u w miejscu, gdzie mo\u017ce utrzyma\u0107 najlepsze mo\u017cliwe po\u0142\u0105czenie z urz\u0105dzeniem mobilnym. Przy czystej linii wzroku mo\u017cna osi\u0105gn\u0105\u0107 zasi\u0119g ponad 150 metr\u00f3w, chocia\u017c jest to w du\u017cym stopniu zale\u017cne od u\u017cywanego urz\u0105dzenia mobilnego. Port komunikacyjny sk\u0142ada si\u0119 ze z\u0142\u0105cza RJ-10 na kr\u00f3tkiej stronie modu\u0142u, kt\u00f3re \u0142\u0105czy si\u0119 z portem COM\/CAN jednostki.","og_url":"https:\/\/addio.eu\/pl\/produkt\/bluetooth-ble-5-0-can\/","og_site_name":"Addio Electronics","article_publisher":"https:\/\/www.facebook.com\/AddioElectronicsAB\/","og_image":[{"width":1065,"height":774,"url":"https:\/\/addio.eu\/wp-content\/uploads\/2025\/03\/IMG_1545.jpg","type":"image\/jpeg"}],"twitter_card":"summary_large_image","schema":{"@context":"https:\/\/schema.org","@graph":[{"@type":"WebPage","@id":"https:\/\/addio.eu\/pl\/produkt\/bluetooth-ble-5-0-can\/","url":"https:\/\/addio.eu\/pl\/produkt\/bluetooth-ble-5-0-can\/","name":"Bluetooth BLE 5.0 CAN - Addio Electronics","isPartOf":{"@id":"https:\/\/addio.eu\/pl\/#website"},"primaryImageOfPage":{"@id":"https:\/\/addio.eu\/pl\/produkt\/bluetooth-ble-5-0-can\/#primaryimage"},"image":{"@id":"https:\/\/addio.eu\/pl\/produkt\/bluetooth-ble-5-0-can\/#primaryimage"},"thumbnailUrl":"https:\/\/addio.eu\/wp-content\/uploads\/2025\/03\/IMG_1545.jpg","datePublished":"2025-03-07T10:42:15+00:00","breadcrumb":{"@id":"https:\/\/addio.eu\/pl\/produkt\/bluetooth-ble-5-0-can\/#breadcrumb"},"inLanguage":"pl-PL","potentialAction":[{"@type":"ReadAction","target":["https:\/\/addio.eu\/pl\/produkt\/bluetooth-ble-5-0-can\/"]}]},{"@type":"ImageObject","inLanguage":"pl-PL","@id":"https:\/\/addio.eu\/pl\/produkt\/bluetooth-ble-5-0-can\/#primaryimage","url":"https:\/\/addio.eu\/wp-content\/uploads\/2025\/03\/IMG_1545.jpg","contentUrl":"https:\/\/addio.eu\/wp-content\/uploads\/2025\/03\/IMG_1545.jpg","width":1065,"height":774},{"@type":"BreadcrumbList","@id":"https:\/\/addio.eu\/pl\/produkt\/bluetooth-ble-5-0-can\/#breadcrumb","itemListElement":[{"@type":"ListItem","position":1,"name":"Home","item":"https:\/\/addio.eu\/pl\/strona-glowna-addio\/"},{"@type":"ListItem","position":2,"name":"Produkty","item":"https:\/\/addio.eu\/pl\/produkty\/"},{"@type":"ListItem","position":3,"name":"Bluetooth BLE 5.0 CAN"}]},{"@type":"WebSite","@id":"https:\/\/addio.eu\/pl\/#website","url":"https:\/\/addio.eu\/pl\/","name":"addio.eu","description":"","publisher":{"@id":"https:\/\/addio.eu\/pl\/#organization"},"potentialAction":[{"@type":"SearchAction","target":{"@type":"EntryPoint","urlTemplate":"https:\/\/addio.eu\/pl\/?s={search_term_string}"},"query-input":{"@type":"PropertyValueSpecification","valueRequired":true,"valueName":"search_term_string"}}],"inLanguage":"pl-PL"},{"@type":"Organization","@id":"https:\/\/addio.eu\/pl\/#organization","name":"Addio electronics","url":"https:\/\/addio.eu\/pl\/","logo":{"@type":"ImageObject","inLanguage":"pl-PL","@id":"https:\/\/addio.eu\/pl\/#\/schema\/logo\/image\/","url":"https:\/\/addio.eu\/wp-content\/uploads\/2024\/10\/Lager_1-1.svg","contentUrl":"https:\/\/addio.eu\/wp-content\/uploads\/2024\/10\/Lager_1-1.svg","caption":"Addio electronics"},"image":{"@id":"https:\/\/addio.eu\/pl\/#\/schema\/logo\/image\/"},"sameAs":["https:\/\/www.facebook.com\/AddioElectronicsAB\/","https:\/\/www.linkedin.com\/company\/addio-electronics-ab"]}]}},"_links":{"self":[{"href":"https:\/\/addio.eu\/pl\/wp-json\/wp\/v2\/product\/11612","targetHints":{"allow":["GET"]}}],"collection":[{"href":"https:\/\/addio.eu\/pl\/wp-json\/wp\/v2\/product"}],"about":[{"href":"https:\/\/addio.eu\/pl\/wp-json\/wp\/v2\/types\/product"}],"replies":[{"embeddable":true,"href":"https:\/\/addio.eu\/pl\/wp-json\/wp\/v2\/comments?post=11612"}],"wp:featuredmedia":[{"embeddable":true,"href":"https:\/\/addio.eu\/pl\/wp-json\/wp\/v2\/media\/5873"}],"wp:attachment":[{"href":"https:\/\/addio.eu\/pl\/wp-json\/wp\/v2\/media?parent=11612"}],"wp:term":[{"taxonomy":"product_brand","embeddable":true,"href":"https:\/\/addio.eu\/pl\/wp-json\/wp\/v2\/product_brand?post=11612"},{"taxonomy":"product_cat","embeddable":true,"href":"https:\/\/addio.eu\/pl\/wp-json\/wp\/v2\/product_cat?post=11612"},{"taxonomy":"product_tag","embeddable":true,"href":"https:\/\/addio.eu\/pl\/wp-json\/wp\/v2\/product_tag?post=11612"}],"curies":[{"name":"wp","href":"https:\/\/api.w.org\/{rel}","templated":true}]}}