{"id":9793,"date":"2024-10-18T20:08:19","date_gmt":"2024-10-18T20:08:19","guid":{"rendered":"https:\/\/addio.eu\/polityka-prywatnosci\/"},"modified":"2025-10-07T11:35:07","modified_gmt":"2025-10-07T11:35:07","slug":"polityka-prywatnosci","status":"publish","type":"page","link":"https:\/\/addio.eu\/pl\/polityka-prywatnosci\/","title":{"rendered":"Polityka prywatno\u015bci"},"content":{"rendered":"\t\t<div data-elementor-type=\"wp-page\" data-elementor-id=\"9793\" class=\"elementor elementor-9793 elementor-2381\" data-elementor-post-type=\"page\">\n\t\t\t\t<div class=\"elementor-element elementor-element-80633f2 e-flex e-con-boxed e-con e-parent\" data-id=\"80633f2\" data-element_type=\"container\">\n\t\t\t\t\t<div class=\"e-con-inner\">\n\t\t<div class=\"elementor-element elementor-element-190492a e-con-full e-flex e-con e-child\" data-id=\"190492a\" data-element_type=\"container\">\n\t\t<div class=\"elementor-element elementor-element-4b1b113 e-con-full e-flex e-con e-child\" data-id=\"4b1b113\" data-element_type=\"container\">\n\t\t\t\t<div class=\"elementor-element elementor-element-351288c elementor-widget elementor-widget-text-editor\" data-id=\"351288c\" data-element_type=\"widget\" data-widget_type=\"text-editor.default\">\n\t\t\t\t<div class=\"elementor-widget-container\">\n\t\t\t\t\t\t\t\t\t<p><strong>Zaktualizowano 30 wrze\u015bnia<\/strong><\/p><p><strong>W Addio jeste\u015bmy zobowi\u0105zani do ochrony Pa\u0144stwa prywatno\u015bci i zapewnienia bezpiecze\u0144stwa Pa\u0144stwa danych osobowych. Niniejsza Polityka Prywatno\u015bci okre\u015bla spos\u00f3b, w jaki gromadzimy, wykorzystujemy, przechowujemy i chronimy dane osobowe zbierane za po\u015brednictwem naszej strony internetowej (<g id=\"gid_0\">https:\/\/addio.eu<\/g>) oraz w zwi\u0105zku ze sprzeda\u017c\u0105 naszych cyfrowych skrzynek przeka\u017anikowych na ca\u0142ym \u015bwiecie. Korzystaj\u0105c z naszych us\u0142ug, wyra\u017caj\u0105 Pa\u0144stwo zgod\u0119 na gromadzenie i wykorzystywanie informacji zgodnie z niniejsz\u0105 polityk\u0105.  <\/strong><\/p><p><strong>1. Gromadzenie i wykorzystywanie danych<\/strong><\/p><p><strong>1.1 Dane osobowe<\/strong><br>Gdy dokonuj\u0105 Pa\u0144stwo zakupu naszego produktu lub tworz\u0105 konto na naszej stronie internetowej, gromadzimy i przechowujemy dane osobowe wymagane do realizacji transakcji i \u015bwiadczenia naszych us\u0142ug. Informacje te mog\u0105 obejmowa\u0107: <\/p><ul><li>Imi\u0119 i nazwisko<\/li><li>Adres e-mail<\/li><li>Adres rozliczeniowy i wysy\u0142kowy<\/li><li>adres<\/li><li>Dane p\u0142atno\u015bci<\/li><li>Numer telefonu kontaktowego<\/li><\/ul><p>Informacje te pozwalaj\u0105 nam przetwarza\u0107 Pa\u0144stwa zam\u00f3wienia, dostarcza\u0107 produkty i zarz\u0105dza\u0107 kontem klienta na naszej platformie.<\/p><p><strong>1.2 Dane zbierane automatycznie<br>U\u017cywamy plik\u00f3w cookie i podobnych technologii w celu poprawy do\u015bwiadcze\u0144 na naszej stronie internetowej. Technologie te pozwalaj\u0105 nam:<\/strong> <\/p><ul><li>\u015aledzi\u0107 aktywno\u015b\u0107 przegl\u0105dania i preferencje u\u017cytkownik\u00f3w<\/li><li>Poprawia\u0107 funkcjonalno\u015b\u0107 i wydajno\u015b\u0107 strony internetowej<\/li><li>Zbiera\u0107 dane analityczne w celu lepszego zrozumienia zachowa\u0144 u\u017cytkownik\u00f3w<br><br><\/li><\/ul><p>Informacje te pozwalaj\u0105 nam przetwarza\u0107 Pa\u0144stwa zam\u00f3wienia, dostarcza\u0107 produkty i zarz\u0105dza\u0107 kontem klienta na naszej platformie.<\/p><p><strong>2. Tworzenie konta i przetwarzanie p\u0142atno\u015bci<\/strong><\/p><p><br><strong>2.1 Tworzenie konta<br>Gdy dokonuj\u0105 Pa\u0144stwo pierwszego zakupu za pomoc\u0105 Stripe, tworzymy dla Pa\u0144stwa konto klienta w celu usprawnienia przysz\u0142ych transakcji. Po pierwszym zakupie otrzymaj\u0105 Pa\u0144stwo e-mail weryfikacyjny. Musz\u0105 Pa\u0144stwo uko\u0144czy\u0107 proces weryfikacji przed uzyskaniem dost\u0119pu do konta w naszym portalu klienta.<br>Pa\u0144stwa konto jest chronione bezpiecznym has\u0142em, za kt\u00f3re s\u0105 Pa\u0144stwo odpowiedzialni. Prosimy o zachowanie poufno\u015bci danych logowania w celu zapobie\u017cenia nieautoryzowanemu dost\u0119powi do konta.<\/strong>   <\/p><p><strong>2.2 Informacje o p\u0142atno\u015bciach<br>Wszystkie p\u0142atno\u015bci na naszej stronie internetowej s\u0105 bezpiecznie przetwarzane za po\u015brednictwem Stripe. Nie przechowujemy wra\u017cliwych danych p\u0142atno\u015bci, takich jak numery kart kredytowych. Stripe jest w pe\u0142ni zgodny ze standardem Payment Card Industry Data Security Standard (PCI DSS), zapewniaj\u0105c ochron\u0119 Pa\u0144stwa informacji o p\u0142atno\u015bciach.<\/strong>  <\/p><p><strong>3. Zgoda na Warunki i zasady<\/strong><br>Aby z\u0142o\u017cy\u0107 zam\u00f3wienie, utworzy\u0107 konto lub uzyska\u0107 dost\u0119p do kt\u00f3rejkolwiek z naszych us\u0142ug, klienci musz\u0105 wyrazi\u0107 zgod\u0119 na nasze Warunki i zasady oraz niniejsz\u0105 Polityk\u0119 Prywatno\u015bci. Kontynuuj\u0105c transakcj\u0119, potwierdzaj\u0105 Pa\u0144stwo, \u017ce przeczytali, zrozumieli i zgodzili si\u0119 na te warunki. <br><br><strong>4. Udost\u0119pnianie danych i transfery mi\u0119dzynarodowe<br>Nie udost\u0119pniamy ani nie sprzedajemy danych osobowych stronom trzecim w celach marketingowych lub niezwi\u0105zanych z dzia\u0142alno\u015bci\u0105 biznesow\u0105. Dane, kt\u00f3re Pa\u0144stwo podaj\u0105, s\u0105 udost\u0119pniane stronom trzecim tylko wtedy, gdy jest to konieczne do realizacji transakcji lub w celu przestrzegania wymog\u00f3w prawnych. Obejmuje to:<\/strong>  <\/p><ul><li>Zewn\u0119trznych procesor\u00f3w p\u0142atno\u015bci (np. Stripe) do obs\u0142ugi transakcji<\/li><li>Dostawc\u00f3w us\u0142ug wysy\u0142kowych i logistycznych do dostawy produkt\u00f3w<br><br><\/li><\/ul><p><strong>Zgodno\u015b\u0107 z RODO<\/strong><br>Poniewa\u017c mamy siedzib\u0119 w Unii Europejskiej (UE), przestrzegamy Og\u00f3lnego Rozporz\u0105dzenia o Ochronie Danych (RODO). W przypadku transfer\u00f3w danych do kraj\u00f3w poza UE\/EOG zapewniamy odpowiednie zabezpieczenia, takie jak Standardowe Klauzule Umowne (SKU), w celu ochrony Pa\u0144stwa danych i zgodno\u015bci z lokalnymi przepisami. <\/p><p><strong>Podmioty przetwarzaj\u0105ce dane<br>Wszyscy zewn\u0119trzni podmioty przetwarzaj\u0105cy dane, z kt\u00f3rymi wsp\u00f3\u0142pracujemy, s\u0105 weryfikowani w celu zapewnienia, \u017ce spe\u0142niaj\u0105 nasze standardy ochrony danych i przestrzegaj\u0105 obowi\u0105zuj\u0105cych przepis\u00f3w.<\/strong><\/p><p><strong>5. Przechowywanie danych<br>Przechowujemy Pa\u0144stwa dane osobowe tak d\u0142ugo, jak d\u0142ugo konto jest aktywne i konieczne do cel\u00f3w okre\u015blonych w niniejszej polityce. Je\u015bli nie zaloguj\u0105 si\u0119 Pa\u0144stwo na swoje konto przez okres 24 miesi\u0119cy, rozpoczniemy proces usuwania konta i powi\u0105zanych danych. Przed przyst\u0105pieniem do usuni\u0119cia powiadomimy Pa\u0144stwa e-mailem i damy 3 miesi\u0105ce na zalogowanie si\u0119 i zapobie\u017cenie usuni\u0119ciu.<\/strong>  <\/p><p><strong>6. Prawa dotycz\u0105ce danych<br>Zgodnie z RODO i innymi obowi\u0105zuj\u0105cymi przepisami o ochronie prywatno\u015bci, przys\u0142uguj\u0105 Pa\u0144stwu nast\u0119puj\u0105ce prawa w odniesieniu do danych osobowych:<\/strong><\/p><ul><li>Prawo dost\u0119pu: Mog\u0105 Pa\u0144stwo za\u017c\u0105da\u0107 kopii danych osobowych, kt\u00f3re o Pa\u0144stwu posiadamy.<\/li><li>Prawo do sprostowania: Mog\u0105 Pa\u0144stwo za\u017c\u0105da\u0107 poprawienia wszelkich nieprawid\u0142owych lub niekompletnych danych.<\/li><li>Prawo do usuni\u0119cia (\u201ePrawo do bycia zapomnianym&#8221;): Mog\u0105 Pa\u0144stwo za\u017c\u0105da\u0107 usuni\u0119cia swoich danych osobowych, z zastrze\u017ceniem okre\u015blonych warunk\u00f3w.<\/li><li>Prawo do przenoszenia danych: Mog\u0105 Pa\u0144stwo za\u017c\u0105da\u0107 kopii swoich danych osobowych w ustrukturyzowanym, powszechnie u\u017cywanym i nadaj\u0105cym si\u0119 do odczytu maszynowego formacie.<\/li><li>Prawo do ograniczenia przetwarzania: Mog\u0105 Pa\u0144stwo za\u017c\u0105da\u0107 ograniczenia przetwarzania swoich danych w okre\u015blonych okoliczno\u015bciach.<\/li><li>Prawo do sprzeciwu: Mog\u0105 Pa\u0144stwo sprzeciwi\u0107 si\u0119 przetwarzaniu swoich danych w okre\u015blonych celach, takich jak marketing bezpo\u015bredni.<br><br><\/li><\/ul><p>Aby skorzysta\u0107 z kt\u00f3regokolwiek ze swoich praw, prosimy o kontakt pod adresem info@addio.eu. D\u0105\u017cymy do odpowiedzi na wszystkie zapytania w ci\u0105gu 30 dni <\/p><p><strong>7. \u015arodki bezpiecze\u0144stwa<\/strong><br>Powa\u017cnie traktujemy bezpiecze\u0144stwo Pa\u0144stwa danych osobowych i wdra\u017camy szereg \u015brodk\u00f3w w celu ich ochrony:<\/p><ul><li>Szyfrowanie danych: Szyfrujemy wra\u017cliwe informacje, w tym dane p\u0142atno\u015bci, aby zapewni\u0107 bezpieczn\u0105 transmisj\u0119 przez internet.<\/li><li>Bezpieczny dost\u0119p: Dost\u0119p do danych osobowych jest ograniczony wy\u0142\u0105cznie do upowa\u017cnionego personelu.<br>Regularne audyty: Przeprowadzamy regularne audyty bezpiecze\u0144stwa i oceny podatno\u015bci, aby zapewni\u0107 bezpiecze\u0144stwo naszych system\u00f3w.<\/li><li>Uwierzytelnianie dwusk\u0142adnikowe (2FA): Zach\u0119camy u\u017cytkownik\u00f3w do w\u0142\u0105czenia 2FA dla dodatkowej warstwy bezpiecze\u0144stwa konta.<\/li><li>Minimalizacja danych: Gromadzimy i przechowujemy tylko dane niezb\u0119dne do naszej dzia\u0142alno\u015bci biznesowej i us\u0142ug.<br><br><\/li><\/ul><p><strong>8. Pliki cookie i technologie \u015bledzenia<\/strong><br>U\u017cywamy plik\u00f3w cookie do \u015bledzenia aktywno\u015bci u\u017cytkownik\u00f3w, preferencji i poprawy do\u015bwiadcze\u0144 na naszej stronie internetowej. Mog\u0105 Pa\u0144stwo zarz\u0105dza\u0107 swoimi preferencjami dotycz\u0105cymi plik\u00f3w cookie i zgod\u0105 za po\u015brednictwem naszej <a href=\"https:\/\/addio.eu\/cookie-policy\/\">Polityki plik\u00f3w cookie<\/a>. <\/p><p><strong>9. Obs\u0142uga klienta i komunikacja<br>W przypadku pyta\u0144, w\u0105tpliwo\u015bci lub pr\u00f3\u015bb zwi\u0105zanych z danymi lub niniejsz\u0105 Polityk\u0105 Prywatno\u015bci, prosimy o kontakt z naszym zespo\u0142em obs\u0142ugi klienta pod adresem info@addio.eu lub odwiedzenie naszej strony Obs\u0142uga klienta w celu uzyskania dodatkowych informacji.<\/strong><\/p><p><strong>Zmiany w niniejszej Polityce Prywatno\u015bci<br>Zastrzegamy sobie prawo do aktualizacji niniejszej Polityki Prywatno\u015bci w celu odzwierciedlenia zmian w naszych praktykach, wymogach prawnych lub potrzebach operacyjnych. Wszelkie aktualizacje zostan\u0105 opublikowane na tej stronie z zaktualizowan\u0105 dat\u0105 wej\u015bcia w \u017cycie. Zalecamy regularne przegl\u0105danie tej polityki, aby by\u0107 na bie\u017c\u0105co z tym, jak chronimy Pa\u0144stwa dane osobowe.<\/strong>  <\/p>\t\t\t\t\t\t\t\t<\/div>\n\t\t\t\t<\/div>\n\t\t\t\t<\/div>\n\t\t<div class=\"elementor-element elementor-element-df3def4 e-con-full e-flex e-con e-child\" data-id=\"df3def4\" data-element_type=\"container\">\n\t\t\t\t<div class=\"elementor-element elementor-element-6840190 elementor-icon-list--layout-traditional elementor-list-item-link-full_width elementor-widget elementor-widget-icon-list\" data-id=\"6840190\" data-element_type=\"widget\" data-widget_type=\"icon-list.default\">\n\t\t\t\t<div class=\"elementor-widget-container\">\n\t\t\t\t\t\t\t<ul class=\"elementor-icon-list-items\">\n\t\t\t\t\t\t\t<li class=\"elementor-icon-list-item\">\n\t\t\t\t\t\t\t\t\t\t\t<a href=\"https:\/\/addio.eu\/cookie-policy\/\">\n\n\t\t\t\t\t\t\t\t\t\t\t\t<span class=\"elementor-icon-list-icon\">\n\t\t\t\t\t\t\t<svg xmlns=\"http:\/\/www.w3.org\/2000\/svg\" width=\"24\" height=\"24\" viewBox=\"0 0 24 24\" fill=\"none\"><path d=\"M17.9199 6.62C17.8185 6.37565 17.6243 6.18147 17.3799 6.08C17.2597 6.02876 17.1306 6.00158 16.9999 6H6.99994C6.73472 6 6.48037 6.10536 6.29283 6.29289C6.1053 6.48043 5.99994 6.73478 5.99994 7C5.99994 7.26522 6.1053 7.51957 6.29283 7.70711C6.48037 7.89464 6.73472 8 6.99994 8H14.5899L6.28994 16.29C6.19621 16.383 6.12182 16.4936 6.07105 16.6154C6.02028 16.7373 5.99414 16.868 5.99414 17C5.99414 17.132 6.02028 17.2627 6.07105 17.3846C6.12182 17.5064 6.19621 17.617 6.28994 17.71C6.3829 17.8037 6.4935 17.8781 6.61536 17.9289C6.73722 17.9797 6.86793 18.0058 6.99994 18.0058C7.13195 18.0058 7.26266 17.9797 7.38452 17.9289C7.50638 17.8781 7.61698 17.8037 7.70994 17.71L15.9999 9.41V17C15.9999 17.2652 16.1053 17.5196 16.2928 17.7071C16.4804 17.8946 16.7347 18 16.9999 18C17.2652 18 17.5195 17.8946 17.707 17.7071C17.8946 17.5196 17.9999 17.2652 17.9999 17V7C17.9984 6.86932 17.9712 6.74022 17.9199 6.62Z\" fill=\"#393939\"><\/path><\/svg>\t\t\t\t\t\t<\/span>\n\t\t\t\t\t\t\t\t\t\t<span class=\"elementor-icon-list-text\">Polityka plik\u00f3w cookie<\/span>\n\t\t\t\t\t\t\t\t\t\t\t<\/a>\n\t\t\t\t\t\t\t\t\t<\/li>\n\t\t\t\t\t\t<\/ul>\n\t\t\t\t\t\t<\/div>\n\t\t\t\t<\/div>\n\t\t\t\t<div class=\"elementor-element elementor-element-37f3efb elementor-icon-list--layout-traditional elementor-list-item-link-full_width elementor-widget elementor-widget-icon-list\" data-id=\"37f3efb\" data-element_type=\"widget\" data-widget_type=\"icon-list.default\">\n\t\t\t\t<div class=\"elementor-widget-container\">\n\t\t\t\t\t\t\t<ul class=\"elementor-icon-list-items\">\n\t\t\t\t\t\t\t<li class=\"elementor-icon-list-item\">\n\t\t\t\t\t\t\t\t\t\t\t<span class=\"elementor-icon-list-icon\">\n\t\t\t\t\t\t\t<svg xmlns=\"http:\/\/www.w3.org\/2000\/svg\" width=\"34\" height=\"34\" viewBox=\"0 0 34 34\" fill=\"none\"><g clip-path=\"url(#clip0_102_8520)\"><path d=\"M8.9802 16.6182C8.87917 16.8627 8.87917 17.1373 8.9802 17.3818C9.02898 17.5031 9.10105 17.6136 9.19233 17.7071L16.2634 24.7782C16.4509 24.9657 16.7053 25.0711 16.9705 25.0711C17.2357 25.0711 17.4901 24.9657 17.6776 24.7782C17.8652 24.5906 17.9705 24.3363 17.9705 24.0711C17.9705 23.8058 17.8652 23.5515 17.6776 23.364L12.3107 17.997L24.0416 18.0041C24.1736 18.0046 24.3044 17.979 24.4265 17.9288C24.5485 17.8785 24.6594 17.8046 24.7528 17.7112C24.8461 17.6179 24.9201 17.507 24.9703 17.3849C25.0206 17.2628 25.0462 17.132 25.0457 17C25.0462 16.868 25.0206 16.7372 24.9703 16.6151C24.9201 16.493 24.8461 16.3821 24.7528 16.2888C24.6594 16.1954 24.5485 16.1215 24.4265 16.0712C24.3044 16.021 24.1736 15.9954 24.0416 15.9959L12.3107 16.003L17.6776 10.636C17.8652 10.4485 17.9705 10.1941 17.9705 9.92893C17.9705 9.66371 17.8652 9.40936 17.6776 9.22182C17.4901 9.03429 17.2357 8.92893 16.9705 8.92893C16.7053 8.92893 16.4509 9.03429 16.2634 9.22182L9.19233 16.2929C9.10105 16.3864 9.02898 16.4969 8.9802 16.6182Z\" fill=\"#00DB72\"><\/path><\/g><defs><clipPath id=\"clip0_102_8520\"><rect width=\"24\" height=\"24\" fill=\"white\" transform=\"translate(16.9707 33.9706) rotate(-135)\"><\/rect><\/clipPath><\/defs><\/svg>\t\t\t\t\t\t<\/span>\n\t\t\t\t\t\t\t\t\t\t<span class=\"elementor-icon-list-text\">Polityka prywatno\u015bci<\/span>\n\t\t\t\t\t\t\t\t\t<\/li>\n\t\t\t\t\t\t<\/ul>\n\t\t\t\t\t\t<\/div>\n\t\t\t\t<\/div>\n\t\t\t\t<div class=\"elementor-element elementor-element-1afe948 elementor-icon-list--layout-traditional elementor-list-item-link-full_width elementor-widget elementor-widget-icon-list\" data-id=\"1afe948\" data-element_type=\"widget\" data-widget_type=\"icon-list.default\">\n\t\t\t\t<div class=\"elementor-widget-container\">\n\t\t\t\t\t\t\t<ul class=\"elementor-icon-list-items\">\n\t\t\t\t\t\t\t<li class=\"elementor-icon-list-item\">\n\t\t\t\t\t\t\t\t\t\t\t<a href=\"https:\/\/addio.eu\/terms-and-conditions\/\">\n\n\t\t\t\t\t\t\t\t\t\t\t\t<span class=\"elementor-icon-list-icon\">\n\t\t\t\t\t\t\t<svg xmlns=\"http:\/\/www.w3.org\/2000\/svg\" width=\"24\" height=\"24\" viewBox=\"0 0 24 24\" fill=\"none\"><path d=\"M17.9199 6.62C17.8185 6.37565 17.6243 6.18147 17.3799 6.08C17.2597 6.02876 17.1306 6.00158 16.9999 6H6.99994C6.73472 6 6.48037 6.10536 6.29283 6.29289C6.1053 6.48043 5.99994 6.73478 5.99994 7C5.99994 7.26522 6.1053 7.51957 6.29283 7.70711C6.48037 7.89464 6.73472 8 6.99994 8H14.5899L6.28994 16.29C6.19621 16.383 6.12182 16.4936 6.07105 16.6154C6.02028 16.7373 5.99414 16.868 5.99414 17C5.99414 17.132 6.02028 17.2627 6.07105 17.3846C6.12182 17.5064 6.19621 17.617 6.28994 17.71C6.3829 17.8037 6.4935 17.8781 6.61536 17.9289C6.73722 17.9797 6.86793 18.0058 6.99994 18.0058C7.13195 18.0058 7.26266 17.9797 7.38452 17.9289C7.50638 17.8781 7.61698 17.8037 7.70994 17.71L15.9999 9.41V17C15.9999 17.2652 16.1053 17.5196 16.2928 17.7071C16.4804 17.8946 16.7347 18 16.9999 18C17.2652 18 17.5195 17.8946 17.707 17.7071C17.8946 17.5196 17.9999 17.2652 17.9999 17V7C17.9984 6.86932 17.9712 6.74022 17.9199 6.62Z\" fill=\"#393939\"><\/path><\/svg>\t\t\t\t\t\t<\/span>\n\t\t\t\t\t\t\t\t\t\t<span class=\"elementor-icon-list-text\">Warunki<\/span>\n\t\t\t\t\t\t\t\t\t\t\t<\/a>\n\t\t\t\t\t\t\t\t\t<\/li>\n\t\t\t\t\t\t<\/ul>\n\t\t\t\t\t\t<\/div>\n\t\t\t\t<\/div>\n\t\t\t\t<\/div>\n\t\t\t\t<\/div>\n\t\t\t\t\t<\/div>\n\t\t\t\t<\/div>\n\t\t\t\t<\/div>\n\t\t","protected":false},"excerpt":{"rendered":"<p>Zaktualizowano 30 wrze\u015bnia W Addio jeste\u015bmy zobowi\u0105zani do ochrony Pa\u0144stwa prywatno\u015bci i zapewnienia bezpiecze\u0144stwa Pa\u0144stwa danych osobowych. Niniejsza Polityka Prywatno\u015bci okre\u015bla spos\u00f3b, w jaki gromadzimy, wykorzystujemy, przechowujemy i chronimy dane osobowe zbierane za po\u015brednictwem naszej strony internetowej (https:\/\/addio.eu) oraz w zwi\u0105zku ze sprzeda\u017c\u0105 naszych cyfrowych skrzynek przeka\u017anikowych na ca\u0142ym \u015bwiecie. Korzystaj\u0105c z naszych us\u0142ug, wyra\u017caj\u0105 [&hellip;]<\/p>\n","protected":false},"author":3,"featured_media":0,"parent":0,"menu_order":0,"comment_status":"closed","ping_status":"closed","template":"","meta":{"footnotes":""},"class_list":["post-9793","page","type-page","status-publish","hentry"],"yoast_head":"<!-- This site is optimized with the Yoast SEO plugin v26.0 - https:\/\/yoast.com\/wordpress\/plugins\/seo\/ -->\n<title>Polityka prywatno\u015bci - Addio Electronics<\/title>\n<meta name=\"robots\" content=\"index, follow, max-snippet:-1, max-image-preview:large, max-video-preview:-1\" \/>\n<link rel=\"canonical\" href=\"https:\/\/addio.eu\/pl\/polityka-prywatnosci\/\" \/>\n<meta property=\"og:locale\" content=\"pl_PL\" \/>\n<meta property=\"og:type\" content=\"article\" \/>\n<meta property=\"og:title\" content=\"Polityka prywatno\u015bci - Addio Electronics\" \/>\n<meta property=\"og:description\" content=\"Zaktualizowano 30 wrze\u015bnia W Addio jeste\u015bmy zobowi\u0105zani do ochrony Pa\u0144stwa prywatno\u015bci i zapewnienia bezpiecze\u0144stwa Pa\u0144stwa danych osobowych. Niniejsza Polityka Prywatno\u015bci okre\u015bla spos\u00f3b, w jaki gromadzimy, wykorzystujemy, przechowujemy i chronimy dane osobowe zbierane za po\u015brednictwem naszej strony internetowej (https:\/\/addio.eu) oraz w zwi\u0105zku ze sprzeda\u017c\u0105 naszych cyfrowych skrzynek przeka\u017anikowych na ca\u0142ym \u015bwiecie. Korzystaj\u0105c z naszych us\u0142ug, wyra\u017caj\u0105 [&hellip;]\" \/>\n<meta property=\"og:url\" content=\"https:\/\/addio.eu\/pl\/polityka-prywatnosci\/\" \/>\n<meta property=\"og:site_name\" content=\"Addio Electronics\" \/>\n<meta property=\"article:publisher\" content=\"https:\/\/www.facebook.com\/AddioElectronicsAB\/\" \/>\n<meta property=\"article:modified_time\" content=\"2025-10-07T11:35:07+00:00\" \/>\n<meta name=\"twitter:card\" content=\"summary_large_image\" \/>\n<meta name=\"twitter:label1\" content=\"Szacowany czas czytania\" \/>\n\t<meta name=\"twitter:data1\" content=\"5 minuta\" \/>\n<script type=\"application\/ld+json\" class=\"yoast-schema-graph\">{\"@context\":\"https:\/\/schema.org\",\"@graph\":[{\"@type\":\"WebPage\",\"@id\":\"https:\/\/addio.eu\/pl\/polityka-prywatnosci\/\",\"url\":\"https:\/\/addio.eu\/pl\/polityka-prywatnosci\/\",\"name\":\"Polityka prywatno\u015bci - Addio Electronics\",\"isPartOf\":{\"@id\":\"https:\/\/addio.eu\/pl\/#website\"},\"datePublished\":\"2024-10-18T20:08:19+00:00\",\"dateModified\":\"2025-10-07T11:35:07+00:00\",\"breadcrumb\":{\"@id\":\"https:\/\/addio.eu\/pl\/polityka-prywatnosci\/#breadcrumb\"},\"inLanguage\":\"pl-PL\",\"potentialAction\":[{\"@type\":\"ReadAction\",\"target\":[\"https:\/\/addio.eu\/pl\/polityka-prywatnosci\/\"]}]},{\"@type\":\"BreadcrumbList\",\"@id\":\"https:\/\/addio.eu\/pl\/polityka-prywatnosci\/#breadcrumb\",\"itemListElement\":[{\"@type\":\"ListItem\",\"position\":1,\"name\":\"Home\",\"item\":\"https:\/\/addio.eu\/pl\/strona-glowna-addio\/\"},{\"@type\":\"ListItem\",\"position\":2,\"name\":\"Polityka prywatno\u015bci\"}]},{\"@type\":\"WebSite\",\"@id\":\"https:\/\/addio.eu\/pl\/#website\",\"url\":\"https:\/\/addio.eu\/pl\/\",\"name\":\"addio.eu\",\"description\":\"\",\"publisher\":{\"@id\":\"https:\/\/addio.eu\/pl\/#organization\"},\"potentialAction\":[{\"@type\":\"SearchAction\",\"target\":{\"@type\":\"EntryPoint\",\"urlTemplate\":\"https:\/\/addio.eu\/pl\/?s={search_term_string}\"},\"query-input\":{\"@type\":\"PropertyValueSpecification\",\"valueRequired\":true,\"valueName\":\"search_term_string\"}}],\"inLanguage\":\"pl-PL\"},{\"@type\":\"Organization\",\"@id\":\"https:\/\/addio.eu\/pl\/#organization\",\"name\":\"Addio electronics\",\"url\":\"https:\/\/addio.eu\/pl\/\",\"logo\":{\"@type\":\"ImageObject\",\"inLanguage\":\"pl-PL\",\"@id\":\"https:\/\/addio.eu\/pl\/#\/schema\/logo\/image\/\",\"url\":\"https:\/\/addio.eu\/wp-content\/uploads\/2024\/10\/Lager_1-1.svg\",\"contentUrl\":\"https:\/\/addio.eu\/wp-content\/uploads\/2024\/10\/Lager_1-1.svg\",\"caption\":\"Addio electronics\"},\"image\":{\"@id\":\"https:\/\/addio.eu\/pl\/#\/schema\/logo\/image\/\"},\"sameAs\":[\"https:\/\/www.facebook.com\/AddioElectronicsAB\/\",\"https:\/\/www.linkedin.com\/company\/addio-electronics-ab\"]}]}<\/script>\n<!-- \/ Yoast SEO plugin. -->","yoast_head_json":{"title":"Polityka prywatno\u015bci - Addio Electronics","robots":{"index":"index","follow":"follow","max-snippet":"max-snippet:-1","max-image-preview":"max-image-preview:large","max-video-preview":"max-video-preview:-1"},"canonical":"https:\/\/addio.eu\/pl\/polityka-prywatnosci\/","og_locale":"pl_PL","og_type":"article","og_title":"Polityka prywatno\u015bci - Addio Electronics","og_description":"Zaktualizowano 30 wrze\u015bnia W Addio jeste\u015bmy zobowi\u0105zani do ochrony Pa\u0144stwa prywatno\u015bci i zapewnienia bezpiecze\u0144stwa Pa\u0144stwa danych osobowych. Niniejsza Polityka Prywatno\u015bci okre\u015bla spos\u00f3b, w jaki gromadzimy, wykorzystujemy, przechowujemy i chronimy dane osobowe zbierane za po\u015brednictwem naszej strony internetowej (https:\/\/addio.eu) oraz w zwi\u0105zku ze sprzeda\u017c\u0105 naszych cyfrowych skrzynek przeka\u017anikowych na ca\u0142ym \u015bwiecie. Korzystaj\u0105c z naszych us\u0142ug, wyra\u017caj\u0105 [&hellip;]","og_url":"https:\/\/addio.eu\/pl\/polityka-prywatnosci\/","og_site_name":"Addio Electronics","article_publisher":"https:\/\/www.facebook.com\/AddioElectronicsAB\/","article_modified_time":"2025-10-07T11:35:07+00:00","twitter_card":"summary_large_image","twitter_misc":{"Szacowany czas czytania":"5 minuta"},"schema":{"@context":"https:\/\/schema.org","@graph":[{"@type":"WebPage","@id":"https:\/\/addio.eu\/pl\/polityka-prywatnosci\/","url":"https:\/\/addio.eu\/pl\/polityka-prywatnosci\/","name":"Polityka prywatno\u015bci - Addio Electronics","isPartOf":{"@id":"https:\/\/addio.eu\/pl\/#website"},"datePublished":"2024-10-18T20:08:19+00:00","dateModified":"2025-10-07T11:35:07+00:00","breadcrumb":{"@id":"https:\/\/addio.eu\/pl\/polityka-prywatnosci\/#breadcrumb"},"inLanguage":"pl-PL","potentialAction":[{"@type":"ReadAction","target":["https:\/\/addio.eu\/pl\/polityka-prywatnosci\/"]}]},{"@type":"BreadcrumbList","@id":"https:\/\/addio.eu\/pl\/polityka-prywatnosci\/#breadcrumb","itemListElement":[{"@type":"ListItem","position":1,"name":"Home","item":"https:\/\/addio.eu\/pl\/strona-glowna-addio\/"},{"@type":"ListItem","position":2,"name":"Polityka prywatno\u015bci"}]},{"@type":"WebSite","@id":"https:\/\/addio.eu\/pl\/#website","url":"https:\/\/addio.eu\/pl\/","name":"addio.eu","description":"","publisher":{"@id":"https:\/\/addio.eu\/pl\/#organization"},"potentialAction":[{"@type":"SearchAction","target":{"@type":"EntryPoint","urlTemplate":"https:\/\/addio.eu\/pl\/?s={search_term_string}"},"query-input":{"@type":"PropertyValueSpecification","valueRequired":true,"valueName":"search_term_string"}}],"inLanguage":"pl-PL"},{"@type":"Organization","@id":"https:\/\/addio.eu\/pl\/#organization","name":"Addio electronics","url":"https:\/\/addio.eu\/pl\/","logo":{"@type":"ImageObject","inLanguage":"pl-PL","@id":"https:\/\/addio.eu\/pl\/#\/schema\/logo\/image\/","url":"https:\/\/addio.eu\/wp-content\/uploads\/2024\/10\/Lager_1-1.svg","contentUrl":"https:\/\/addio.eu\/wp-content\/uploads\/2024\/10\/Lager_1-1.svg","caption":"Addio electronics"},"image":{"@id":"https:\/\/addio.eu\/pl\/#\/schema\/logo\/image\/"},"sameAs":["https:\/\/www.facebook.com\/AddioElectronicsAB\/","https:\/\/www.linkedin.com\/company\/addio-electronics-ab"]}]}},"_links":{"self":[{"href":"https:\/\/addio.eu\/pl\/wp-json\/wp\/v2\/pages\/9793","targetHints":{"allow":["GET"]}}],"collection":[{"href":"https:\/\/addio.eu\/pl\/wp-json\/wp\/v2\/pages"}],"about":[{"href":"https:\/\/addio.eu\/pl\/wp-json\/wp\/v2\/types\/page"}],"author":[{"embeddable":true,"href":"https:\/\/addio.eu\/pl\/wp-json\/wp\/v2\/users\/3"}],"replies":[{"embeddable":true,"href":"https:\/\/addio.eu\/pl\/wp-json\/wp\/v2\/comments?post=9793"}],"version-history":[{"count":5,"href":"https:\/\/addio.eu\/pl\/wp-json\/wp\/v2\/pages\/9793\/revisions"}],"predecessor-version":[{"id":9802,"href":"https:\/\/addio.eu\/pl\/wp-json\/wp\/v2\/pages\/9793\/revisions\/9802"}],"wp:attachment":[{"href":"https:\/\/addio.eu\/pl\/wp-json\/wp\/v2\/media?parent=9793"}],"curies":[{"name":"wp","href":"https:\/\/api.w.org\/{rel}","templated":true}]}}