{"id":9030,"date":"2025-04-03T08:20:46","date_gmt":"2025-04-03T08:20:46","guid":{"rendered":"https:\/\/addio.eu\/polityka-prywatnosci-aplikacji-car-electric-ble-remote\/"},"modified":"2025-10-07T11:23:47","modified_gmt":"2025-10-07T11:23:47","slug":"polityka-prywatnosci-aplikacji-car-electric-ble-remote","status":"publish","type":"page","link":"https:\/\/addio.eu\/pl\/polityka-prywatnosci-aplikacji-car-electric-ble-remote\/","title":{"rendered":"Polityka Prywatno\u015bci aplikacji \u201ecar electric &#8211; BLE remote&#8221;"},"content":{"rendered":"\t\t<div data-elementor-type=\"wp-page\" data-elementor-id=\"9030\" class=\"elementor elementor-9030 elementor-6270\" data-elementor-post-type=\"page\">\n\t\t\t\t<div class=\"elementor-element elementor-element-0c2cb60 e-flex e-con-boxed e-con e-parent\" data-id=\"0c2cb60\" data-element_type=\"container\">\n\t\t\t\t\t<div class=\"e-con-inner\">\n\t\t\t\t<div class=\"elementor-element elementor-element-758cfa2 elementor-widget elementor-widget-heading\" data-id=\"758cfa2\" data-element_type=\"widget\" data-widget_type=\"heading.default\">\n\t\t\t\t<div class=\"elementor-widget-container\">\n\t\t\t\t\t<h1 class=\"elementor-heading-title elementor-size-default\">Polityka Prywatno\u015bci aplikacji \u201ecar electric &#8211; BLE remote&#8221;<\/h1>\t\t\t\t<\/div>\n\t\t\t\t<\/div>\n\t\t<div class=\"elementor-element elementor-element-1f616ec e-con-full e-flex e-con e-child\" data-id=\"1f616ec\" data-element_type=\"container\">\n\t\t<div class=\"elementor-element elementor-element-8e80135 e-con-full e-flex e-con e-child\" data-id=\"8e80135\" data-element_type=\"container\">\n\t\t\t\t<div class=\"elementor-element elementor-element-17537e1 elementor-widget elementor-widget-text-editor\" data-id=\"17537e1\" data-element_type=\"widget\" data-widget_type=\"text-editor.default\">\n\t\t\t\t<div class=\"elementor-widget-container\">\n\t\t\t\t\t\t\t\t\t<p>Ta aplikacja jest rozwijana i utrzymywana przez Addio Electronics AB. Aplikacja zbiera niekt\u00f3re Dane Osobowe od swoich U\u017cytkownik\u00f3w. <\/p><p><br>Ten dokument mo\u017cna wydrukowa\u0107 w celach referencyjnych, u\u017cywaj\u0105c polecenia drukowania w ustawieniach dowolnej przegl\u0105darki.<\/p><p><br><b>Podsumowanie Polityki<br>Dane Osobowe przetwarzane w nast\u0119puj\u0105cych celach i przy u\u017cyciu nast\u0119puj\u0105cych us\u0142ug:<br>Interakcje oparte na lokalizacji<br>Geolokalizacja i nieci\u0105g\u0142a geolokalizacja<br>Dane Osobowe: po\u0142o\u017cenie geograficzne<\/b><\/p><p><br><b>Pe\u0142na Polityka<br>Addio Electronics AB stworzy\u0142o aplikacj\u0119 Car Electric &#8211; BLE Remote jako aplikacj\u0119 bezp\u0142atn\u0105. Ta US\u0141UGA jest \u015bwiadczona przez Addio Electronics AB bez \u017cadnych koszt\u00f3w i jest przeznaczona do u\u017cytku w obecnej formie. Ponadto, aplikacja ta zosta\u0142a stworzona dla dedykowanych klient\u00f3w, kt\u00f3rzy korzystaj\u0105 z naszego produktu elektronicznego o nazwie Digital Relay Box.<\/b>  <\/p><p><br>Ta strona s\u0142u\u017cy do informowania odwiedzaj\u0105cych o naszych zasadach dotycz\u0105cych gromadzenia, wykorzystywania i ujawniania Informacji Osobowych w przypadku korzystania z naszej Us\u0142ugi.<\/p><p><br>Je\u015bli zdecydujesz si\u0119 korzysta\u0107 z naszej Us\u0142ugi, wyra\u017casz zgod\u0119 na gromadzenie i wykorzystywanie informacji zgodnie z niniejsz\u0105 polityk\u0105. Zbierane przez nas Informacje Osobowe s\u0105 wykorzystywane do \u015bwiadczenia i ulepszania Us\u0142ugi. Nie b\u0119dziemy wykorzystywa\u0107 ani udost\u0119pnia\u0107 Twoich informacji nikomu, z wyj\u0105tkiem przypadk\u00f3w opisanych w niniejszej Polityce Prywatno\u015bci.  <\/p><p><br>Terminy u\u017cyte w niniejszej Polityce Prywatno\u015bci maj\u0105 takie samo znaczenie jak w naszych Warunkach korzystania, kt\u00f3re s\u0105 dost\u0119pne w aplikacji Car Electric &#8211; BLE Remote, chyba \u017ce zosta\u0142y inaczej zdefiniowane w niniejszej Polityce Prywatno\u015bci.<\/p><p><b>Gromadzenie i Wykorzystanie Informacji<br>Aby zapewni\u0107 lepsze do\u015bwiadczenie podczas korzystania z naszej Us\u0142ugi, mo\u017cemy wymaga\u0107 od Pa\u0144stwa podania pewnych danych osobowych, w tym mi\u0119dzy innymi dost\u0119pu do Bluetooth, Pami\u0119ci, Geolokalizacji. Informacje, o kt\u00f3re prosimy, b\u0119d\u0105 przez nas przechowywane i wykorzystywane zgodnie z niniejsz\u0105 polityk\u0105 prywatno\u015bci.<\/b> <\/p><p><br>Aplikacja korzysta z us\u0142ug stron trzecich, kt\u00f3re mog\u0105 zbiera\u0107 informacje s\u0142u\u017c\u0105ce do Twojej identyfikacji.<br>Link do polityki prywatno\u015bci zewn\u0119trznych dostawc\u00f3w us\u0142ug wykorzystywanych przez aplikacj\u0119<br>https:\/\/policies.google.com\/privacy<\/p><p><br><b>Us\u0142ugi Google Play<\/b><\/p><p><b>Dane Dziennika<br>Informujemy, \u017ce w przypadku wyst\u0105pienia b\u0142\u0119du w aplikacji podczas korzystania z naszej Us\u0142ugi, zbieramy dane i informacje (za po\u015brednictwem produkt\u00f3w stron trzecich) z Twojego telefonu, zwane Danymi Dziennika. Te Dane Dziennika mog\u0105 zawiera\u0107 informacje takie jak adres protoko\u0142u internetowego (\u201eIP&#8221;) Twojego urz\u0105dzenia, nazwa urz\u0105dzenia, wersja systemu operacyjnego, konfiguracja aplikacji podczas korzystania z naszej Us\u0142ugi, czas i data korzystania z Us\u0142ugi oraz inne statystyki.<\/b> <\/p><p><b>Pliki Cookie<\/b><br>Pliki cookie to pliki zawieraj\u0105ce niewielk\u0105 ilo\u015b\u0107 danych, kt\u00f3re s\u0105 powszechnie u\u017cywane jako anonimowe unikalne identyfikatory. S\u0105 one wysy\u0142ane do Twojej przegl\u0105darki z odwiedzanych stron internetowych i przechowywane w pami\u0119ci wewn\u0119trznej urz\u0105dzenia.<br>Ta Us\u0142uga nie wykorzystuje bezpo\u015brednio tych \u201eplik\u00f3w cookie&#8221;. Jednak aplikacja mo\u017ce korzysta\u0107 z kod\u00f3w i bibliotek stron trzecich, kt\u00f3re u\u017cywaj\u0105 \u201eplik\u00f3w cookie&#8221; do zbierania informacji i ulepszania swoich us\u0142ug. Masz mo\u017cliwo\u015b\u0107 zaakceptowania lub odmowy przyj\u0119cia tych plik\u00f3w cookie i otrzymywania powiadomie\u0144, gdy plik cookie jest wysy\u0142any na Twoje urz\u0105dzenie. Je\u015bli zdecydujesz si\u0119 odrzuci\u0107 nasze pliki cookie, mo\u017cesz nie by\u0107 w stanie korzysta\u0107 z niekt\u00f3rych cz\u0119\u015bci tej Us\u0142ugi.    <\/p><p><b>Dostawcy Us\u0142ug<br>Mo\u017cemy zatrudnia\u0107 firmy i osoby trzecie z nast\u0119puj\u0105cych powod\u00f3w:<br>Aby u\u0142atwi\u0107 \u015bwiadczenie naszej Us\u0142ugi;<br>Aby \u015bwiadczy\u0107 Us\u0142ug\u0119 w naszym imieniu;<br>Aby wykonywa\u0107 us\u0142ugi zwi\u0105zane z Us\u0142ug\u0105; lub<br>Aby pom\u00f3c nam w analizie sposobu korzystania z naszej Us\u0142ugi.<br>Chcemy poinformowa\u0107 u\u017cytkownik\u00f3w tej Us\u0142ugi, \u017ce te strony trzecie maj\u0105 dost\u0119p do ich Informacji Osobowych. Powodem jest wykonywanie powierzonych im zada\u0144 w naszym imieniu. S\u0105 one jednak zobowi\u0105zane do nieujawniania ani niewykorzystywania informacji w \u017cadnym innym celu.<\/b>  <\/p><p><b>Bezpiecze\u0144stwo<\/b><br>Cenimy Pa\u0144stwa zaufanie w powierzaniu nam swoich Informacji Osobowych, dlatego staramy si\u0119 stosowa\u0107 komercyjnie akceptowalne \u015brodki ich ochrony. Nale\u017cy jednak pami\u0119ta\u0107, \u017ce \u017cadna metoda transmisji przez internet ani metoda elektronicznego przechowywania nie jest w 100% bezpieczna i niezawodna, i nie mo\u017cemy zagwarantowa\u0107 jej absolutnego bezpiecze\u0144stwa. <\/p><p><b>Linki do Innych Stron<br>Ta Us\u0142uga mo\u017ce zawiera\u0107 linki do innych stron. Je\u015bli klikniesz link strony trzeciej, zostaniesz przekierowany na t\u0119 stron\u0119. Pami\u0119taj, \u017ce te zewn\u0119trzne strony nie s\u0105 przez nas obs\u0142ugiwane. Dlatego zdecydowanie zalecamy zapoznanie si\u0119 z Polityk\u0105 Prywatno\u015bci tych stron. Nie mamy kontroli i nie ponosimy odpowiedzialno\u015bci za zawarto\u015b\u0107, polityk\u0119 prywatno\u015bci ani praktyki stron lub us\u0142ug stron trzecich.<\/b>    <\/p><p><b>Prywatno\u015b\u0107 Dzieci<br>Te Us\u0142ugi nie s\u0105 skierowane do os\u00f3b poni\u017cej 13 roku \u017cycia. Nie zbieramy \u015bwiadomie danych osobowych od dzieci poni\u017cej 13 roku \u017cycia. W przypadku odkrycia, \u017ce dziecko poni\u017cej 13 roku \u017cycia przekaza\u0142o nam dane osobowe, natychmiast usuwamy je z naszych serwer\u00f3w. Je\u015bli jeste\u015b rodzicem lub opiekunem i wiesz, \u017ce Twoje dziecko przekaza\u0142o nam dane osobowe, prosimy o kontakt, aby\u015bmy mogli podj\u0105\u0107 niezb\u0119dne dzia\u0142ania.<\/b>   <\/p><p><b>Zmiany w Polityce Prywatno\u015bci<br>Mo\u017cemy okresowo aktualizowa\u0107 nasz\u0105 Polityk\u0119 Prywatno\u015bci. W zwi\u0105zku z tym zalecamy okresowe przegl\u0105danie tej strony pod k\u0105tem zmian. Powiadomimy Ci\u0119 o wszelkich zmianach, publikuj\u0105c now\u0105 Polityk\u0119 Prywatno\u015bci na tej stronie.<br>Niniejsza polityka obowi\u0105zuje od 28.02.2022<\/b>  <\/p><p><b>Kontakt<br>W przypadku jakichkolwiek pyta\u0144 lub sugestii dotycz\u0105cych naszej Polityki Prywatno\u015bci, prosimy o kontakt pod adresem info@addio.eu.<\/b><\/p>\t\t\t\t\t\t\t\t<\/div>\n\t\t\t\t<\/div>\n\t\t\t\t<\/div>\n\t\t<div class=\"elementor-element elementor-element-1c4e995 e-con-full e-flex e-con e-child\" data-id=\"1c4e995\" data-element_type=\"container\">\n\t\t\t\t<div class=\"elementor-element elementor-element-37670bc elementor-icon-list--layout-traditional elementor-list-item-link-full_width elementor-widget elementor-widget-icon-list\" data-id=\"37670bc\" data-element_type=\"widget\" data-widget_type=\"icon-list.default\">\n\t\t\t\t<div class=\"elementor-widget-container\">\n\t\t\t\t\t\t\t<ul class=\"elementor-icon-list-items\">\n\t\t\t\t\t\t\t<li class=\"elementor-icon-list-item\">\n\t\t\t\t\t\t\t\t\t\t\t<a href=\"https:\/\/addio.eu\/cookie-policy\/\">\n\n\t\t\t\t\t\t\t\t\t\t\t\t<span class=\"elementor-icon-list-icon\">\n\t\t\t\t\t\t\t<svg xmlns=\"http:\/\/www.w3.org\/2000\/svg\" width=\"24\" height=\"24\" viewBox=\"0 0 24 24\" fill=\"none\"><path d=\"M17.9199 6.62C17.8185 6.37565 17.6243 6.18147 17.3799 6.08C17.2597 6.02876 17.1306 6.00158 16.9999 6H6.99994C6.73472 6 6.48037 6.10536 6.29283 6.29289C6.1053 6.48043 5.99994 6.73478 5.99994 7C5.99994 7.26522 6.1053 7.51957 6.29283 7.70711C6.48037 7.89464 6.73472 8 6.99994 8H14.5899L6.28994 16.29C6.19621 16.383 6.12182 16.4936 6.07105 16.6154C6.02028 16.7373 5.99414 16.868 5.99414 17C5.99414 17.132 6.02028 17.2627 6.07105 17.3846C6.12182 17.5064 6.19621 17.617 6.28994 17.71C6.3829 17.8037 6.4935 17.8781 6.61536 17.9289C6.73722 17.9797 6.86793 18.0058 6.99994 18.0058C7.13195 18.0058 7.26266 17.9797 7.38452 17.9289C7.50638 17.8781 7.61698 17.8037 7.70994 17.71L15.9999 9.41V17C15.9999 17.2652 16.1053 17.5196 16.2928 17.7071C16.4804 17.8946 16.7347 18 16.9999 18C17.2652 18 17.5195 17.8946 17.707 17.7071C17.8946 17.5196 17.9999 17.2652 17.9999 17V7C17.9984 6.86932 17.9712 6.74022 17.9199 6.62Z\" fill=\"#393939\"><\/path><\/svg>\t\t\t\t\t\t<\/span>\n\t\t\t\t\t\t\t\t\t\t<span class=\"elementor-icon-list-text\">Polityka plik\u00f3w cookie<\/span>\n\t\t\t\t\t\t\t\t\t\t\t<\/a>\n\t\t\t\t\t\t\t\t\t<\/li>\n\t\t\t\t\t\t<\/ul>\n\t\t\t\t\t\t<\/div>\n\t\t\t\t<\/div>\n\t\t\t\t<div class=\"elementor-element elementor-element-270a44c elementor-icon-list--layout-traditional elementor-list-item-link-full_width elementor-widget elementor-widget-icon-list\" data-id=\"270a44c\" data-element_type=\"widget\" data-widget_type=\"icon-list.default\">\n\t\t\t\t<div class=\"elementor-widget-container\">\n\t\t\t\t\t\t\t<ul class=\"elementor-icon-list-items\">\n\t\t\t\t\t\t\t<li class=\"elementor-icon-list-item\">\n\t\t\t\t\t\t\t\t\t\t\t<a href=\"https:\/\/addio.eu\/privacy-policy\/\">\n\n\t\t\t\t\t\t\t\t\t\t\t\t<span class=\"elementor-icon-list-icon\">\n\t\t\t\t\t\t\t<svg xmlns=\"http:\/\/www.w3.org\/2000\/svg\" width=\"24\" height=\"24\" viewBox=\"0 0 24 24\" fill=\"none\"><path d=\"M17.9199 6.62C17.8185 6.37565 17.6243 6.18147 17.3799 6.08C17.2597 6.02876 17.1306 6.00158 16.9999 6H6.99994C6.73472 6 6.48037 6.10536 6.29283 6.29289C6.1053 6.48043 5.99994 6.73478 5.99994 7C5.99994 7.26522 6.1053 7.51957 6.29283 7.70711C6.48037 7.89464 6.73472 8 6.99994 8H14.5899L6.28994 16.29C6.19621 16.383 6.12182 16.4936 6.07105 16.6154C6.02028 16.7373 5.99414 16.868 5.99414 17C5.99414 17.132 6.02028 17.2627 6.07105 17.3846C6.12182 17.5064 6.19621 17.617 6.28994 17.71C6.3829 17.8037 6.4935 17.8781 6.61536 17.9289C6.73722 17.9797 6.86793 18.0058 6.99994 18.0058C7.13195 18.0058 7.26266 17.9797 7.38452 17.9289C7.50638 17.8781 7.61698 17.8037 7.70994 17.71L15.9999 9.41V17C15.9999 17.2652 16.1053 17.5196 16.2928 17.7071C16.4804 17.8946 16.7347 18 16.9999 18C17.2652 18 17.5195 17.8946 17.707 17.7071C17.8946 17.5196 17.9999 17.2652 17.9999 17V7C17.9984 6.86932 17.9712 6.74022 17.9199 6.62Z\" fill=\"#393939\"><\/path><\/svg>\t\t\t\t\t\t<\/span>\n\t\t\t\t\t\t\t\t\t\t<span class=\"elementor-icon-list-text\">Polityka prywatno\u015bci<\/span>\n\t\t\t\t\t\t\t\t\t\t\t<\/a>\n\t\t\t\t\t\t\t\t\t<\/li>\n\t\t\t\t\t\t<\/ul>\n\t\t\t\t\t\t<\/div>\n\t\t\t\t<\/div>\n\t\t\t\t<div class=\"elementor-element elementor-element-8af7789 elementor-icon-list--layout-traditional elementor-list-item-link-full_width elementor-widget elementor-widget-icon-list\" data-id=\"8af7789\" data-element_type=\"widget\" data-widget_type=\"icon-list.default\">\n\t\t\t\t<div class=\"elementor-widget-container\">\n\t\t\t\t\t\t\t<ul class=\"elementor-icon-list-items\">\n\t\t\t\t\t\t\t<li class=\"elementor-icon-list-item\">\n\t\t\t\t\t\t\t\t\t\t\t<a href=\"https:\/\/addio.eu\/terms-and-conditions\/\">\n\n\t\t\t\t\t\t\t\t\t\t\t\t<span class=\"elementor-icon-list-icon\">\n\t\t\t\t\t\t\t<svg xmlns=\"http:\/\/www.w3.org\/2000\/svg\" width=\"24\" height=\"24\" viewBox=\"0 0 24 24\" fill=\"none\"><path d=\"M17.9199 6.62C17.8185 6.37565 17.6243 6.18147 17.3799 6.08C17.2597 6.02876 17.1306 6.00158 16.9999 6H6.99994C6.73472 6 6.48037 6.10536 6.29283 6.29289C6.1053 6.48043 5.99994 6.73478 5.99994 7C5.99994 7.26522 6.1053 7.51957 6.29283 7.70711C6.48037 7.89464 6.73472 8 6.99994 8H14.5899L6.28994 16.29C6.19621 16.383 6.12182 16.4936 6.07105 16.6154C6.02028 16.7373 5.99414 16.868 5.99414 17C5.99414 17.132 6.02028 17.2627 6.07105 17.3846C6.12182 17.5064 6.19621 17.617 6.28994 17.71C6.3829 17.8037 6.4935 17.8781 6.61536 17.9289C6.73722 17.9797 6.86793 18.0058 6.99994 18.0058C7.13195 18.0058 7.26266 17.9797 7.38452 17.9289C7.50638 17.8781 7.61698 17.8037 7.70994 17.71L15.9999 9.41V17C15.9999 17.2652 16.1053 17.5196 16.2928 17.7071C16.4804 17.8946 16.7347 18 16.9999 18C17.2652 18 17.5195 17.8946 17.707 17.7071C17.8946 17.5196 17.9999 17.2652 17.9999 17V7C17.9984 6.86932 17.9712 6.74022 17.9199 6.62Z\" fill=\"#393939\"><\/path><\/svg>\t\t\t\t\t\t<\/span>\n\t\t\t\t\t\t\t\t\t\t<span class=\"elementor-icon-list-text\">Warunki<\/span>\n\t\t\t\t\t\t\t\t\t\t\t<\/a>\n\t\t\t\t\t\t\t\t\t<\/li>\n\t\t\t\t\t\t<\/ul>\n\t\t\t\t\t\t<\/div>\n\t\t\t\t<\/div>\n\t\t\t\t<\/div>\n\t\t\t\t<\/div>\n\t\t\t\t\t<\/div>\n\t\t\t\t<\/div>\n\t\t\t\t<\/div>\n\t\t","protected":false},"excerpt":{"rendered":"<p>Ta aplikacja jest rozwijana i utrzymywana przez Addio Electronics AB. Aplikacja zbiera niekt\u00f3re Dane Osobowe od swoich U\u017cytkownik\u00f3w. Ten dokument mo\u017cna wydrukowa\u0107 w celach referencyjnych, u\u017cywaj\u0105c polecenia drukowania w ustawieniach dowolnej przegl\u0105darki. Podsumowanie PolitykiDane Osobowe przetwarzane w nast\u0119puj\u0105cych celach i przy u\u017cyciu nast\u0119puj\u0105cych us\u0142ug:Interakcje oparte na lokalizacjiGeolokalizacja i nieci\u0105g\u0142a geolokalizacjaDane Osobowe: po\u0142o\u017cenie geograficzne Pe\u0142na PolitykaAddio [&hellip;]<\/p>\n","protected":false},"author":1,"featured_media":0,"parent":0,"menu_order":0,"comment_status":"closed","ping_status":"closed","template":"","meta":{"footnotes":""},"class_list":["post-9030","page","type-page","status-publish","hentry"],"yoast_head":"<!-- This site is optimized with the Yoast SEO plugin v26.0 - https:\/\/yoast.com\/wordpress\/plugins\/seo\/ -->\n<title>Polityka Prywatno\u015bci aplikacji \u201ecar electric - BLE remote&quot; - Addio Electronics<\/title>\n<meta name=\"robots\" content=\"index, follow, max-snippet:-1, max-image-preview:large, max-video-preview:-1\" \/>\n<link rel=\"canonical\" href=\"https:\/\/addio.eu\/pl\/polityka-prywatnosci-aplikacji-car-electric-ble-remote\/\" \/>\n<meta property=\"og:locale\" content=\"pl_PL\" \/>\n<meta property=\"og:type\" content=\"article\" \/>\n<meta property=\"og:title\" content=\"Polityka Prywatno\u015bci aplikacji \u201ecar electric - BLE remote&quot; - Addio Electronics\" \/>\n<meta property=\"og:description\" content=\"Ta aplikacja jest rozwijana i utrzymywana przez Addio Electronics AB. Aplikacja zbiera niekt\u00f3re Dane Osobowe od swoich U\u017cytkownik\u00f3w. Ten dokument mo\u017cna wydrukowa\u0107 w celach referencyjnych, u\u017cywaj\u0105c polecenia drukowania w ustawieniach dowolnej przegl\u0105darki. Podsumowanie PolitykiDane Osobowe przetwarzane w nast\u0119puj\u0105cych celach i przy u\u017cyciu nast\u0119puj\u0105cych us\u0142ug:Interakcje oparte na lokalizacjiGeolokalizacja i nieci\u0105g\u0142a geolokalizacjaDane Osobowe: po\u0142o\u017cenie geograficzne Pe\u0142na PolitykaAddio [&hellip;]\" \/>\n<meta property=\"og:url\" content=\"https:\/\/addio.eu\/pl\/polityka-prywatnosci-aplikacji-car-electric-ble-remote\/\" \/>\n<meta property=\"og:site_name\" content=\"Addio Electronics\" \/>\n<meta property=\"article:publisher\" content=\"https:\/\/www.facebook.com\/AddioElectronicsAB\/\" \/>\n<meta property=\"article:modified_time\" content=\"2025-10-07T11:23:47+00:00\" \/>\n<meta name=\"twitter:card\" content=\"summary_large_image\" \/>\n<meta name=\"twitter:label1\" content=\"Szacowany czas czytania\" \/>\n\t<meta name=\"twitter:data1\" content=\"5 minuta\" \/>\n<script type=\"application\/ld+json\" class=\"yoast-schema-graph\">{\"@context\":\"https:\/\/schema.org\",\"@graph\":[{\"@type\":\"WebPage\",\"@id\":\"https:\/\/addio.eu\/pl\/polityka-prywatnosci-aplikacji-car-electric-ble-remote\/\",\"url\":\"https:\/\/addio.eu\/pl\/polityka-prywatnosci-aplikacji-car-electric-ble-remote\/\",\"name\":\"Polityka Prywatno\u015bci aplikacji \u201ecar electric - BLE remote\\\" - Addio Electronics\",\"isPartOf\":{\"@id\":\"https:\/\/addio.eu\/pl\/#website\"},\"datePublished\":\"2025-04-03T08:20:46+00:00\",\"dateModified\":\"2025-10-07T11:23:47+00:00\",\"breadcrumb\":{\"@id\":\"https:\/\/addio.eu\/pl\/polityka-prywatnosci-aplikacji-car-electric-ble-remote\/#breadcrumb\"},\"inLanguage\":\"pl-PL\",\"potentialAction\":[{\"@type\":\"ReadAction\",\"target\":[\"https:\/\/addio.eu\/pl\/polityka-prywatnosci-aplikacji-car-electric-ble-remote\/\"]}]},{\"@type\":\"BreadcrumbList\",\"@id\":\"https:\/\/addio.eu\/pl\/polityka-prywatnosci-aplikacji-car-electric-ble-remote\/#breadcrumb\",\"itemListElement\":[{\"@type\":\"ListItem\",\"position\":1,\"name\":\"Home\",\"item\":\"https:\/\/addio.eu\/pl\/strona-glowna-addio\/\"},{\"@type\":\"ListItem\",\"position\":2,\"name\":\"Polityka Prywatno\u015bci aplikacji \u201ecar electric &#8211; BLE remote&#8221;\"}]},{\"@type\":\"WebSite\",\"@id\":\"https:\/\/addio.eu\/pl\/#website\",\"url\":\"https:\/\/addio.eu\/pl\/\",\"name\":\"addio.eu\",\"description\":\"\",\"publisher\":{\"@id\":\"https:\/\/addio.eu\/pl\/#organization\"},\"potentialAction\":[{\"@type\":\"SearchAction\",\"target\":{\"@type\":\"EntryPoint\",\"urlTemplate\":\"https:\/\/addio.eu\/pl\/?s={search_term_string}\"},\"query-input\":{\"@type\":\"PropertyValueSpecification\",\"valueRequired\":true,\"valueName\":\"search_term_string\"}}],\"inLanguage\":\"pl-PL\"},{\"@type\":\"Organization\",\"@id\":\"https:\/\/addio.eu\/pl\/#organization\",\"name\":\"Addio electronics\",\"url\":\"https:\/\/addio.eu\/pl\/\",\"logo\":{\"@type\":\"ImageObject\",\"inLanguage\":\"pl-PL\",\"@id\":\"https:\/\/addio.eu\/pl\/#\/schema\/logo\/image\/\",\"url\":\"https:\/\/addio.eu\/wp-content\/uploads\/2024\/10\/Lager_1-1.svg\",\"contentUrl\":\"https:\/\/addio.eu\/wp-content\/uploads\/2024\/10\/Lager_1-1.svg\",\"caption\":\"Addio electronics\"},\"image\":{\"@id\":\"https:\/\/addio.eu\/pl\/#\/schema\/logo\/image\/\"},\"sameAs\":[\"https:\/\/www.facebook.com\/AddioElectronicsAB\/\",\"https:\/\/www.linkedin.com\/company\/addio-electronics-ab\"]}]}<\/script>\n<!-- \/ Yoast SEO plugin. -->","yoast_head_json":{"title":"Polityka Prywatno\u015bci aplikacji \u201ecar electric - BLE remote\" - Addio Electronics","robots":{"index":"index","follow":"follow","max-snippet":"max-snippet:-1","max-image-preview":"max-image-preview:large","max-video-preview":"max-video-preview:-1"},"canonical":"https:\/\/addio.eu\/pl\/polityka-prywatnosci-aplikacji-car-electric-ble-remote\/","og_locale":"pl_PL","og_type":"article","og_title":"Polityka Prywatno\u015bci aplikacji \u201ecar electric - BLE remote\" - Addio Electronics","og_description":"Ta aplikacja jest rozwijana i utrzymywana przez Addio Electronics AB. Aplikacja zbiera niekt\u00f3re Dane Osobowe od swoich U\u017cytkownik\u00f3w. Ten dokument mo\u017cna wydrukowa\u0107 w celach referencyjnych, u\u017cywaj\u0105c polecenia drukowania w ustawieniach dowolnej przegl\u0105darki. Podsumowanie PolitykiDane Osobowe przetwarzane w nast\u0119puj\u0105cych celach i przy u\u017cyciu nast\u0119puj\u0105cych us\u0142ug:Interakcje oparte na lokalizacjiGeolokalizacja i nieci\u0105g\u0142a geolokalizacjaDane Osobowe: po\u0142o\u017cenie geograficzne Pe\u0142na PolitykaAddio [&hellip;]","og_url":"https:\/\/addio.eu\/pl\/polityka-prywatnosci-aplikacji-car-electric-ble-remote\/","og_site_name":"Addio Electronics","article_publisher":"https:\/\/www.facebook.com\/AddioElectronicsAB\/","article_modified_time":"2025-10-07T11:23:47+00:00","twitter_card":"summary_large_image","twitter_misc":{"Szacowany czas czytania":"5 minuta"},"schema":{"@context":"https:\/\/schema.org","@graph":[{"@type":"WebPage","@id":"https:\/\/addio.eu\/pl\/polityka-prywatnosci-aplikacji-car-electric-ble-remote\/","url":"https:\/\/addio.eu\/pl\/polityka-prywatnosci-aplikacji-car-electric-ble-remote\/","name":"Polityka Prywatno\u015bci aplikacji \u201ecar electric - BLE remote\" - Addio Electronics","isPartOf":{"@id":"https:\/\/addio.eu\/pl\/#website"},"datePublished":"2025-04-03T08:20:46+00:00","dateModified":"2025-10-07T11:23:47+00:00","breadcrumb":{"@id":"https:\/\/addio.eu\/pl\/polityka-prywatnosci-aplikacji-car-electric-ble-remote\/#breadcrumb"},"inLanguage":"pl-PL","potentialAction":[{"@type":"ReadAction","target":["https:\/\/addio.eu\/pl\/polityka-prywatnosci-aplikacji-car-electric-ble-remote\/"]}]},{"@type":"BreadcrumbList","@id":"https:\/\/addio.eu\/pl\/polityka-prywatnosci-aplikacji-car-electric-ble-remote\/#breadcrumb","itemListElement":[{"@type":"ListItem","position":1,"name":"Home","item":"https:\/\/addio.eu\/pl\/strona-glowna-addio\/"},{"@type":"ListItem","position":2,"name":"Polityka Prywatno\u015bci aplikacji \u201ecar electric &#8211; BLE remote&#8221;"}]},{"@type":"WebSite","@id":"https:\/\/addio.eu\/pl\/#website","url":"https:\/\/addio.eu\/pl\/","name":"addio.eu","description":"","publisher":{"@id":"https:\/\/addio.eu\/pl\/#organization"},"potentialAction":[{"@type":"SearchAction","target":{"@type":"EntryPoint","urlTemplate":"https:\/\/addio.eu\/pl\/?s={search_term_string}"},"query-input":{"@type":"PropertyValueSpecification","valueRequired":true,"valueName":"search_term_string"}}],"inLanguage":"pl-PL"},{"@type":"Organization","@id":"https:\/\/addio.eu\/pl\/#organization","name":"Addio electronics","url":"https:\/\/addio.eu\/pl\/","logo":{"@type":"ImageObject","inLanguage":"pl-PL","@id":"https:\/\/addio.eu\/pl\/#\/schema\/logo\/image\/","url":"https:\/\/addio.eu\/wp-content\/uploads\/2024\/10\/Lager_1-1.svg","contentUrl":"https:\/\/addio.eu\/wp-content\/uploads\/2024\/10\/Lager_1-1.svg","caption":"Addio electronics"},"image":{"@id":"https:\/\/addio.eu\/pl\/#\/schema\/logo\/image\/"},"sameAs":["https:\/\/www.facebook.com\/AddioElectronicsAB\/","https:\/\/www.linkedin.com\/company\/addio-electronics-ab"]}]}},"_links":{"self":[{"href":"https:\/\/addio.eu\/pl\/wp-json\/wp\/v2\/pages\/9030","targetHints":{"allow":["GET"]}}],"collection":[{"href":"https:\/\/addio.eu\/pl\/wp-json\/wp\/v2\/pages"}],"about":[{"href":"https:\/\/addio.eu\/pl\/wp-json\/wp\/v2\/types\/page"}],"author":[{"embeddable":true,"href":"https:\/\/addio.eu\/pl\/wp-json\/wp\/v2\/users\/1"}],"replies":[{"embeddable":true,"href":"https:\/\/addio.eu\/pl\/wp-json\/wp\/v2\/comments?post=9030"}],"version-history":[{"count":1,"href":"https:\/\/addio.eu\/pl\/wp-json\/wp\/v2\/pages\/9030\/revisions"}],"predecessor-version":[{"id":9031,"href":"https:\/\/addio.eu\/pl\/wp-json\/wp\/v2\/pages\/9030\/revisions\/9031"}],"wp:attachment":[{"href":"https:\/\/addio.eu\/pl\/wp-json\/wp\/v2\/media?parent=9030"}],"curies":[{"name":"wp","href":"https:\/\/api.w.org\/{rel}","templated":true}]}}