{"id":12974,"date":"2025-03-25T10:31:55","date_gmt":"2025-03-25T10:31:55","guid":{"rendered":"https:\/\/addio.eu\/product\/bryterpanel-8\/"},"modified":"2025-03-25T10:31:55","modified_gmt":"2025-03-25T10:31:55","slug":"bryterpanel-8","status":"publish","type":"product","link":"https:\/\/addio.eu\/no\/produkt\/bryterpanel-8\/","title":{"rendered":"Bryterpanel 8"},"content":{"rendered":"<p class=\"\" data-start=\"660\" data-end=\"682\"><strong data-start=\"660\" data-end=\"682\">Farge og belysning<\/strong><\/p>\n<p class=\"\" data-start=\"684\" data-end=\"919\">Alle knappene p\u00e5 kontrollpanelet er opplyst og kan konfigureres med f\u00f8lgende farger: gr\u00f8nn, bl\u00e5, gul, oransje, hvit og r\u00f8d. B\u00e5de bakgrunnslysfargen og den aktive fargen kan stilles inn i menyen for hver knapp. <\/p>\n<p class=\"\" data-start=\"921\" data-end=\"1055\">Lysintensiteten p\u00e5 knappene justeres automatisk basert p\u00e5 omgivelsenes lysforhold, takket v\u00e6re en innebygd lyssensor.<\/p>\n<p class=\"\" data-start=\"1057\" data-end=\"1085\"><strong data-start=\"1057\" data-end=\"1085\">Summer og knappelyder<\/strong><\/p>\n<p class=\"\" data-start=\"1087\" data-end=\"1344\">Kontrollpanelet har en innebygd summer som kan gi tilbakemelding med et kort pip n\u00e5r en knapp trykkes. Summeren kan ogs\u00e5 styres fra en ekstern kilde, som en inngang, utgang eller virtuell utgang, for \u00e5 utl\u00f8se alarmfunksjoner og mer. <\/p>\n<p class=\"\" data-start=\"1346\" data-end=\"1380\"><strong data-start=\"1346\" data-end=\"1380\">Installasjon og konfigurasjon<\/strong><\/p>\n<p class=\"\" data-start=\"1382\" data-end=\"1525\">Konfigurering av knappefunksjoner, aktive og passive farger, og mer lagres i v\u00e5re rel\u00e9bokser og gj\u00f8res gjennom v\u00e5r programvare, Addio CC.<\/p>\n<p data-start=\"1382\" data-end=\"1525\"><strong>Inkludert i esken<\/strong><br \/>\nAddio bryterpaneler leveres med en 5 meter lang kabel og selvklebende knappeetiketter.<br \/>\nEt alternativt art.nr. inkluderer ogs\u00e5 en brakett. <\/p>\n","protected":false},"excerpt":{"rendered":"<p class=\"\" data-start=\"62\" data-end=\"120\"><strong data-start=\"62\" data-end=\"120\">Enkel kabling og installasjon med Addio kontrollpaneler<\/strong><\/p>\n<p>Addio kontrollpaneler er enkle \u00e5 installere ved hjelp av den medf\u00f8lgende dobbeltsidig tapen eller med en monteringsbrakett (tilgjengelig som tilbeh\u00f8r). Tastaturene kobles til rel\u00e9boksens COM\/CAN-port via den medf\u00f8lgende kabelen. <\/p>\n<p>Addio bryterpaneler er kompatible med b\u00e5de v\u00e5re 12V og 24V DRB-er.<\/p>\n<div id=\"tw-target-rmn-container\" class=\"tw-target-rmn tw-ta-container tw-nfl\" tabindex=\"0\" role=\"text\">\n<p id=\"tw-target-rmn\" class=\"tw-data-placeholder tw-text-small tw-ta\" dir=\"ltr\"><strong data-start=\"333\" data-end=\"345\">Funksjoner<\/strong><\/p>\n<\/div>\n<p class=\"\" data-start=\"347\" data-end=\"523\">Hver knapp kan stilles inn til \u00e5 kontrollere flere funksjoner og kan aktivere en utgang og\/eller fungere som en indikator for \u00e5 vise om en bestemt inngang, utgang eller annen intern funksjon er aktiv.<\/p>\n<p class=\"\" data-start=\"525\" data-end=\"658\">Opptil fire kontrollpaneler kan brukes i et system, og de kan konfigureres individuelt eller fungere parallelt (trappekobling).<\/p>\n","protected":false},"featured_media":6239,"comment_status":"open","ping_status":"closed","template":"","meta":[],"product_brand":[],"product_cat":[345],"product_tag":[393],"class_list":{"0":"post-12974","1":"product","2":"type-product","3":"status-publish","4":"has-post-thumbnail","6":"product_cat-bryterpaneler","7":"product_tag-8-knapper","9":"first","10":"instock","11":"shipping-taxable","12":"product-type-simple"},"yoast_head":"<!-- This site is optimized with the Yoast SEO plugin v26.0 - https:\/\/yoast.com\/wordpress\/plugins\/seo\/ -->\n<title>Bryterpanel 8 - Addio Electronics<\/title>\n<meta name=\"robots\" content=\"index, follow, max-snippet:-1, max-image-preview:large, max-video-preview:-1\" \/>\n<link rel=\"canonical\" href=\"https:\/\/addio.eu\/no\/produkt\/bryterpanel-8\/\" \/>\n<meta property=\"og:locale\" content=\"nb_NO\" \/>\n<meta property=\"og:type\" content=\"article\" \/>\n<meta property=\"og:title\" content=\"Bryterpanel 8 - Addio Electronics\" \/>\n<meta property=\"og:description\" content=\"Enkel kabling og installasjon med Addio kontrollpaneler Addio kontrollpaneler er enkle \u00e5 installere ved hjelp av den medf\u00f8lgende dobbeltsidig tapen eller med en monteringsbrakett (tilgjengelig som tilbeh\u00f8r). Tastaturene kobles til rel\u00e9boksens COM\/CAN-port via den medf\u00f8lgende kabelen.  Addio bryterpaneler er kompatible med b\u00e5de v\u00e5re 12V og 24V DRB-er. Funksjoner  Hver knapp kan stilles inn til \u00e5 kontrollere flere funksjoner og kan aktivere en utgang og\/eller fungere som en indikator for \u00e5 vise om en bestemt inngang, utgang eller annen intern funksjon er aktiv. Opptil fire kontrollpaneler kan brukes i et system, og de kan konfigureres individuelt eller fungere parallelt (trappekobling).\" \/>\n<meta property=\"og:url\" content=\"https:\/\/addio.eu\/no\/produkt\/bryterpanel-8\/\" \/>\n<meta property=\"og:site_name\" content=\"Addio Electronics\" \/>\n<meta property=\"article:publisher\" content=\"https:\/\/www.facebook.com\/AddioElectronicsAB\/\" \/>\n<meta property=\"og:image\" content=\"https:\/\/addio.eu\/wp-content\/uploads\/2025\/03\/sw8.png\" \/>\n\t<meta property=\"og:image:width\" content=\"1328\" \/>\n\t<meta property=\"og:image:height\" content=\"638\" \/>\n\t<meta property=\"og:image:type\" content=\"image\/png\" \/>\n<meta name=\"twitter:card\" content=\"summary_large_image\" \/>\n<meta name=\"twitter:label1\" content=\"Ansl. lesetid\" \/>\n\t<meta name=\"twitter:data1\" content=\"1 minutt\" \/>\n<script type=\"application\/ld+json\" class=\"yoast-schema-graph\">{\"@context\":\"https:\/\/schema.org\",\"@graph\":[{\"@type\":\"WebPage\",\"@id\":\"https:\/\/addio.eu\/no\/produkt\/bryterpanel-8\/\",\"url\":\"https:\/\/addio.eu\/no\/produkt\/bryterpanel-8\/\",\"name\":\"Bryterpanel 8 - Addio Electronics\",\"isPartOf\":{\"@id\":\"https:\/\/addio.eu\/no\/#website\"},\"primaryImageOfPage\":{\"@id\":\"https:\/\/addio.eu\/no\/produkt\/bryterpanel-8\/#primaryimage\"},\"image\":{\"@id\":\"https:\/\/addio.eu\/no\/produkt\/bryterpanel-8\/#primaryimage\"},\"thumbnailUrl\":\"https:\/\/addio.eu\/wp-content\/uploads\/2025\/03\/sw8.png\",\"datePublished\":\"2025-03-25T10:31:55+00:00\",\"breadcrumb\":{\"@id\":\"https:\/\/addio.eu\/no\/produkt\/bryterpanel-8\/#breadcrumb\"},\"inLanguage\":\"nb-NO\",\"potentialAction\":[{\"@type\":\"ReadAction\",\"target\":[\"https:\/\/addio.eu\/no\/produkt\/bryterpanel-8\/\"]}]},{\"@type\":\"ImageObject\",\"inLanguage\":\"nb-NO\",\"@id\":\"https:\/\/addio.eu\/no\/produkt\/bryterpanel-8\/#primaryimage\",\"url\":\"https:\/\/addio.eu\/wp-content\/uploads\/2025\/03\/sw8.png\",\"contentUrl\":\"https:\/\/addio.eu\/wp-content\/uploads\/2025\/03\/sw8.png\",\"width\":1328,\"height\":638},{\"@type\":\"BreadcrumbList\",\"@id\":\"https:\/\/addio.eu\/no\/produkt\/bryterpanel-8\/#breadcrumb\",\"itemListElement\":[{\"@type\":\"ListItem\",\"position\":1,\"name\":\"Home\",\"item\":\"https:\/\/addio.eu\/no\/addio-forside\/\"},{\"@type\":\"ListItem\",\"position\":2,\"name\":\"Produkter\",\"item\":\"https:\/\/addio.eu\/no\/produkter\/\"},{\"@type\":\"ListItem\",\"position\":3,\"name\":\"Bryterpanel 8\"}]},{\"@type\":\"WebSite\",\"@id\":\"https:\/\/addio.eu\/no\/#website\",\"url\":\"https:\/\/addio.eu\/no\/\",\"name\":\"addio.eu\",\"description\":\"\",\"publisher\":{\"@id\":\"https:\/\/addio.eu\/no\/#organization\"},\"potentialAction\":[{\"@type\":\"SearchAction\",\"target\":{\"@type\":\"EntryPoint\",\"urlTemplate\":\"https:\/\/addio.eu\/no\/?s={search_term_string}\"},\"query-input\":{\"@type\":\"PropertyValueSpecification\",\"valueRequired\":true,\"valueName\":\"search_term_string\"}}],\"inLanguage\":\"nb-NO\"},{\"@type\":\"Organization\",\"@id\":\"https:\/\/addio.eu\/no\/#organization\",\"name\":\"Addio electronics\",\"url\":\"https:\/\/addio.eu\/no\/\",\"logo\":{\"@type\":\"ImageObject\",\"inLanguage\":\"nb-NO\",\"@id\":\"https:\/\/addio.eu\/no\/#\/schema\/logo\/image\/\",\"url\":\"https:\/\/addio.eu\/wp-content\/uploads\/2024\/10\/Lager_1-1.svg\",\"contentUrl\":\"https:\/\/addio.eu\/wp-content\/uploads\/2024\/10\/Lager_1-1.svg\",\"caption\":\"Addio electronics\"},\"image\":{\"@id\":\"https:\/\/addio.eu\/no\/#\/schema\/logo\/image\/\"},\"sameAs\":[\"https:\/\/www.facebook.com\/AddioElectronicsAB\/\",\"https:\/\/www.linkedin.com\/company\/addio-electronics-ab\"]}]}<\/script>\n<!-- \/ Yoast SEO plugin. -->","yoast_head_json":{"title":"Bryterpanel 8 - Addio Electronics","robots":{"index":"index","follow":"follow","max-snippet":"max-snippet:-1","max-image-preview":"max-image-preview:large","max-video-preview":"max-video-preview:-1"},"canonical":"https:\/\/addio.eu\/no\/produkt\/bryterpanel-8\/","og_locale":"nb_NO","og_type":"article","og_title":"Bryterpanel 8 - Addio Electronics","og_description":"Enkel kabling og installasjon med Addio kontrollpaneler Addio kontrollpaneler er enkle \u00e5 installere ved hjelp av den medf\u00f8lgende dobbeltsidig tapen eller med en monteringsbrakett (tilgjengelig som tilbeh\u00f8r). Tastaturene kobles til rel\u00e9boksens COM\/CAN-port via den medf\u00f8lgende kabelen.  Addio bryterpaneler er kompatible med b\u00e5de v\u00e5re 12V og 24V DRB-er. Funksjoner  Hver knapp kan stilles inn til \u00e5 kontrollere flere funksjoner og kan aktivere en utgang og\/eller fungere som en indikator for \u00e5 vise om en bestemt inngang, utgang eller annen intern funksjon er aktiv. Opptil fire kontrollpaneler kan brukes i et system, og de kan konfigureres individuelt eller fungere parallelt (trappekobling).","og_url":"https:\/\/addio.eu\/no\/produkt\/bryterpanel-8\/","og_site_name":"Addio Electronics","article_publisher":"https:\/\/www.facebook.com\/AddioElectronicsAB\/","og_image":[{"width":1328,"height":638,"url":"https:\/\/addio.eu\/wp-content\/uploads\/2025\/03\/sw8.png","type":"image\/png"}],"twitter_card":"summary_large_image","twitter_misc":{"Ansl. lesetid":"1 minutt"},"schema":{"@context":"https:\/\/schema.org","@graph":[{"@type":"WebPage","@id":"https:\/\/addio.eu\/no\/produkt\/bryterpanel-8\/","url":"https:\/\/addio.eu\/no\/produkt\/bryterpanel-8\/","name":"Bryterpanel 8 - Addio Electronics","isPartOf":{"@id":"https:\/\/addio.eu\/no\/#website"},"primaryImageOfPage":{"@id":"https:\/\/addio.eu\/no\/produkt\/bryterpanel-8\/#primaryimage"},"image":{"@id":"https:\/\/addio.eu\/no\/produkt\/bryterpanel-8\/#primaryimage"},"thumbnailUrl":"https:\/\/addio.eu\/wp-content\/uploads\/2025\/03\/sw8.png","datePublished":"2025-03-25T10:31:55+00:00","breadcrumb":{"@id":"https:\/\/addio.eu\/no\/produkt\/bryterpanel-8\/#breadcrumb"},"inLanguage":"nb-NO","potentialAction":[{"@type":"ReadAction","target":["https:\/\/addio.eu\/no\/produkt\/bryterpanel-8\/"]}]},{"@type":"ImageObject","inLanguage":"nb-NO","@id":"https:\/\/addio.eu\/no\/produkt\/bryterpanel-8\/#primaryimage","url":"https:\/\/addio.eu\/wp-content\/uploads\/2025\/03\/sw8.png","contentUrl":"https:\/\/addio.eu\/wp-content\/uploads\/2025\/03\/sw8.png","width":1328,"height":638},{"@type":"BreadcrumbList","@id":"https:\/\/addio.eu\/no\/produkt\/bryterpanel-8\/#breadcrumb","itemListElement":[{"@type":"ListItem","position":1,"name":"Home","item":"https:\/\/addio.eu\/no\/addio-forside\/"},{"@type":"ListItem","position":2,"name":"Produkter","item":"https:\/\/addio.eu\/no\/produkter\/"},{"@type":"ListItem","position":3,"name":"Bryterpanel 8"}]},{"@type":"WebSite","@id":"https:\/\/addio.eu\/no\/#website","url":"https:\/\/addio.eu\/no\/","name":"addio.eu","description":"","publisher":{"@id":"https:\/\/addio.eu\/no\/#organization"},"potentialAction":[{"@type":"SearchAction","target":{"@type":"EntryPoint","urlTemplate":"https:\/\/addio.eu\/no\/?s={search_term_string}"},"query-input":{"@type":"PropertyValueSpecification","valueRequired":true,"valueName":"search_term_string"}}],"inLanguage":"nb-NO"},{"@type":"Organization","@id":"https:\/\/addio.eu\/no\/#organization","name":"Addio electronics","url":"https:\/\/addio.eu\/no\/","logo":{"@type":"ImageObject","inLanguage":"nb-NO","@id":"https:\/\/addio.eu\/no\/#\/schema\/logo\/image\/","url":"https:\/\/addio.eu\/wp-content\/uploads\/2024\/10\/Lager_1-1.svg","contentUrl":"https:\/\/addio.eu\/wp-content\/uploads\/2024\/10\/Lager_1-1.svg","caption":"Addio electronics"},"image":{"@id":"https:\/\/addio.eu\/no\/#\/schema\/logo\/image\/"},"sameAs":["https:\/\/www.facebook.com\/AddioElectronicsAB\/","https:\/\/www.linkedin.com\/company\/addio-electronics-ab"]}]}},"_links":{"self":[{"href":"https:\/\/addio.eu\/no\/wp-json\/wp\/v2\/product\/12974","targetHints":{"allow":["GET"]}}],"collection":[{"href":"https:\/\/addio.eu\/no\/wp-json\/wp\/v2\/product"}],"about":[{"href":"https:\/\/addio.eu\/no\/wp-json\/wp\/v2\/types\/product"}],"replies":[{"embeddable":true,"href":"https:\/\/addio.eu\/no\/wp-json\/wp\/v2\/comments?post=12974"}],"wp:featuredmedia":[{"embeddable":true,"href":"https:\/\/addio.eu\/no\/wp-json\/wp\/v2\/media\/6239"}],"wp:attachment":[{"href":"https:\/\/addio.eu\/no\/wp-json\/wp\/v2\/media?parent=12974"}],"wp:term":[{"taxonomy":"product_brand","embeddable":true,"href":"https:\/\/addio.eu\/no\/wp-json\/wp\/v2\/product_brand?post=12974"},{"taxonomy":"product_cat","embeddable":true,"href":"https:\/\/addio.eu\/no\/wp-json\/wp\/v2\/product_cat?post=12974"},{"taxonomy":"product_tag","embeddable":true,"href":"https:\/\/addio.eu\/no\/wp-json\/wp\/v2\/product_tag?post=12974"}],"curies":[{"name":"wp","href":"https:\/\/api.w.org\/{rel}","templated":true}]}}