{"id":12808,"date":"2025-03-07T09:40:24","date_gmt":"2025-03-07T09:40:24","guid":{"rendered":"https:\/\/addio.eu\/product\/5012-4-adv\/"},"modified":"2026-02-10T17:01:20","modified_gmt":"2026-02-10T17:01:20","slug":"5012-4-adv","status":"publish","type":"product","link":"https:\/\/addio.eu\/no\/produkt\/5012-4-adv\/","title":{"rendered":"5012-4 ADV"},"content":{"rendered":"<p>DRB-5012-4 ADV er en 12-volts enhet med 4 innganger og 4 utganger med en maksimal str\u00f8m p\u00e5 50A toppstr\u00f8m med CAN-kommunikasjon.<\/p>\n<table width=\"333\">\n<tbody>\n<tr>\n<td width=\"234\">Modell<\/td>\n<td width=\"99\">DRB-5012-4 ADV<\/td>\n<\/tr>\n<tr>\n<td width=\"234\">Str\u00f8mforsyning<\/td>\n<td width=\"99\">10-22 VDC<\/td>\n<\/tr>\n<tr>\n<td width=\"234\">Internt str\u00f8mforbruk (omtrentlig) Normal modus ingen utgang aktiv \/ Hvilemodus<\/td>\n<td width=\"99\">~30mA\/~4mA<\/td>\n<\/tr>\n<tr>\n<td width=\"234\">Underspenningsbeskyttelse (justerbar)<\/td>\n<td width=\"99\">10-13V 0,5V trinn<\/td>\n<\/tr>\n<tr>\n<td width=\"234\">Overspenningsbeskyttelse (justerbar)<\/td>\n<td width=\"99\">16-26V, 2V trinn<\/td>\n<\/tr>\n<tr>\n<td width=\"234\">Maks. total str\u00f8m 1 minutt<\/td>\n<td width=\"99\">50A<\/td>\n<\/tr>\n<tr>\n<td width=\"234\">Maks. kontinuerlig total str\u00f8m<\/td>\n<td width=\"99\">50A<\/td>\n<\/tr>\n<tr>\n<td width=\"234\">Totalt antall innganger<\/td>\n<td width=\"99\">4 stk<\/td>\n<\/tr>\n<tr>\n<td width=\"234\">Digitale innganger<\/td>\n<td width=\"99\">4 av 4 stk<\/td>\n<\/tr>\n<tr>\n<td width=\"234\">Analoge innganger<\/td>\n<td width=\"99\">2 av 4 stk<\/td>\n<\/tr>\n<tr>\n<td width=\"234\">Inngangsresistans @12V<\/td>\n<td width=\"99\">22k\u03a9<\/td>\n<\/tr>\n<tr>\n<td width=\"234\">Tilkoblinger innganger (avtakbare skrueterminaler)<\/td>\n<td width=\"99\">6-polet inkl. +\/-<\/td>\n<\/tr>\n<tr>\n<td width=\"234\">Antall utganger<\/td>\n<td width=\"99\">4 stk<\/td>\n<\/tr>\n<tr>\n<td width=\"234\">Tilkobling utganger<\/td>\n<td width=\"99\">Kabel krympekontakt<\/td>\n<\/tr>\n<tr>\n<td width=\"234\">Sikringsst\u00f8rrelse A, utganger<\/td>\n<td width=\"99\">2, 3, 5, 7,5, 10, 13, 15, 18, 20<\/td>\n<\/tr>\n<tr>\n<td width=\"234\">Tilkobling str\u00f8mforsyning<\/td>\n<td width=\"99\">M5 mutter<\/td>\n<\/tr>\n<tr>\n<td width=\"234\">Bluetooth<\/td>\n<td width=\"99\">Ja, tilbeh\u00f8r<\/td>\n<\/tr>\n<tr>\n<td width=\"234\">Motorkontroll H-Bro (forel\u00f8pig str\u00f8m)<\/td>\n<td width=\"99\">Ja, maks 12A<\/td>\n<\/tr>\n<tr>\n<td width=\"234\">Feilindikasjon<\/td>\n<td width=\"99\">delt RGB LED<\/td>\n<\/tr>\n<tr>\n<td width=\"234\">LED per utgang (justerbar farge)<\/td>\n<td width=\"99\">Ja, RGB<\/td>\n<\/tr>\n<tr>\n<td width=\"234\">Kommunikasjonsbuss (CAN-buss)<\/td>\n<td width=\"99\">Ja 2 stk RJ10<\/td>\n<\/tr>\n<tr>\n<td width=\"234\">Datatilkoblinger<\/td>\n<td width=\"99\">USB Type C<\/td>\n<\/tr>\n<tr>\n<td width=\"234\">Jording Signaler<\/td>\n<td width=\"99\">Ja med intern pull-up Inngang 1-2<\/td>\n<\/tr>\n<tr>\n<td width=\"234\">H\u00e5ndkontroller, bryterpaneler, sensorer osv.<\/td>\n<td width=\"99\">Ja, som tilbeh\u00f8r<\/td>\n<\/tr>\n<tr>\n<td width=\"234\">St\u00f8rrelse (mm)<\/td>\n<td width=\"99\">119x68x21<\/td>\n<\/tr>\n<tr>\n<td width=\"234\">Vekt<\/td>\n<td width=\"99\">98g<\/td>\n<\/tr>\n<\/tbody>\n<\/table>\n","protected":false},"excerpt":{"rendered":"<div class=\"elementor-element elementor-element-28a1869 elementor-widget elementor-widget-woocommerce-product-title elementor-page-title elementor-widget-heading\" data-id=\"28a1869\" data-element_type=\"widget\" data-widget_type=\"woocommerce-product-title.default\">\n<div class=\"elementor-widget-container\"><\/div>\n<\/div>\n<div class=\"elementor-element elementor-element-b951bf8 elementor-widget elementor-widget-woocommerce-product-short-description\" data-id=\"b951bf8\" data-element_type=\"widget\" data-widget_type=\"woocommerce-product-short-description.default\">\n<div class=\"elementor-widget-container\">\n<div class=\"woocommerce-product-details__short-description\">\n<p class=\"\" data-start=\"112\" data-end=\"430\">DRB 5012-4 ADV er v\u00e5r mellomstore 12V-enhet og bestselgende enhet med 4 utganger og 4 innganger, og en kontinuerlig totalstr\u00f8m p\u00e5 50 ampere fordelt p\u00e5 alle utganger.<\/p>\n<p>Som alle v\u00e5re DRB-er, tilbyr 5012-4 ADV et bredt utvalg av funksjoner som:<\/p>\n<ul>\n<li>Rel\u00e9-funksjoner som blinking, dimming og timer<\/li>\n<li>Sikringsfunksjon via h\u00f8ystr\u00f8msbrytere<\/li>\n<li>Batteribeskyttelse gjennom timere eller spenningsbeskyttelse, individuelt per utgang<\/li>\n<li>Regelbaserte logiske funksjoner<\/li>\n<li>Opptil tre forskjellige funksjoner per utgang, som konstant eller blinkende<\/li>\n<\/ul>\n<p class=\"\" data-start=\"112\" data-end=\"430\">Utgangene er digitalt beskyttet opptil 20 ampere per utgang (justerbart i intervaller)<\/p>\n<p class=\"\" data-start=\"432\" data-end=\"679\">Enheten styres ideelt sett av v\u00e5rt 8-knappers kontrollpanel (tilbeh\u00f8r) tilkoblet via CAN-Bus, men vanlige brytere eller andre typer signaler, b\u00e5de digitale (h\u00f8y\/lav) og analoge (variable spenninger), kan ogs\u00e5 konfigureres til \u00e5 styre hver utgang.<\/p>\n<\/div>\n<\/div>\n<\/div>\n","protected":false},"featured_media":12816,"comment_status":"open","ping_status":"closed","template":"","meta":[],"product_brand":[],"product_cat":[195],"product_tag":[196,197,381,198],"class_list":{"0":"post-12808","1":"product","2":"type-product","3":"status-publish","4":"has-post-thumbnail","6":"product_cat-digitale-relebokser","7":"product_tag-12v","8":"product_tag-2-can-porter","9":"product_tag-4-innganger","10":"product_tag-4-utganger","12":"first","13":"instock","14":"shipping-taxable","15":"product-type-simple"},"yoast_head":"<!-- This site is optimized with the Yoast SEO plugin v26.0 - https:\/\/yoast.com\/wordpress\/plugins\/seo\/ -->\n<title>5012-4 ADV - Addio Electronics<\/title>\n<meta name=\"robots\" content=\"index, follow, max-snippet:-1, max-image-preview:large, max-video-preview:-1\" \/>\n<link rel=\"canonical\" href=\"https:\/\/addio.eu\/no\/produkt\/5012-4-adv\/\" \/>\n<meta property=\"og:locale\" content=\"nb_NO\" \/>\n<meta property=\"og:type\" content=\"article\" \/>\n<meta property=\"og:title\" content=\"5012-4 ADV - Addio Electronics\" \/>\n<meta property=\"og:description\" content=\"DRB 5012-4 ADV er v\u00e5r mellomstore 12V-enhet og bestselgende enhet med 4 utganger og 4 innganger, og en kontinuerlig totalstr\u00f8m p\u00e5 50 ampere fordelt p\u00e5 alle utganger. Som alle v\u00e5re DRB-er, tilbyr 5012-4 ADV et bredt utvalg av funksjoner som:  Rel\u00e9-funksjoner som blinking, dimming og timer  Sikringsfunksjon via h\u00f8ystr\u00f8msbrytere  Batteribeskyttelse gjennom timere eller spenningsbeskyttelse, individuelt per utgang  Regelbaserte logiske funksjoner  Opptil tre forskjellige funksjoner per utgang, som konstant eller blinkende Utgangene er digitalt beskyttet opptil 20 ampere per utgang (justerbart i intervaller) Enheten styres ideelt sett av v\u00e5rt 8-knappers kontrollpanel (tilbeh\u00f8r) tilkoblet via CAN-Bus, men vanlige brytere eller andre typer signaler, b\u00e5de digitale (h\u00f8y\/lav) og analoge (variable spenninger), kan ogs\u00e5 konfigureres til \u00e5 styre hver utgang.\" \/>\n<meta property=\"og:url\" content=\"https:\/\/addio.eu\/no\/produkt\/5012-4-adv\/\" \/>\n<meta property=\"og:site_name\" content=\"Addio Electronics\" \/>\n<meta property=\"article:publisher\" content=\"https:\/\/www.facebook.com\/AddioElectronicsAB\/\" \/>\n<meta property=\"article:modified_time\" content=\"2026-02-10T17:01:20+00:00\" \/>\n<meta property=\"og:image\" content=\"https:\/\/addio.eu\/wp-content\/uploads\/2025\/03\/IMG_1753-scaled.jpg\" \/>\n\t<meta property=\"og:image:width\" content=\"2560\" \/>\n\t<meta property=\"og:image:height\" content=\"1649\" \/>\n\t<meta property=\"og:image:type\" content=\"image\/jpeg\" \/>\n<meta name=\"twitter:card\" content=\"summary_large_image\" \/>\n<meta name=\"twitter:label1\" content=\"Ansl. lesetid\" \/>\n\t<meta name=\"twitter:data1\" content=\"1 minutt\" \/>\n<script type=\"application\/ld+json\" class=\"yoast-schema-graph\">{\"@context\":\"https:\/\/schema.org\",\"@graph\":[{\"@type\":\"WebPage\",\"@id\":\"https:\/\/addio.eu\/no\/produkt\/5012-4-adv\/\",\"url\":\"https:\/\/addio.eu\/no\/produkt\/5012-4-adv\/\",\"name\":\"5012-4 ADV - Addio Electronics\",\"isPartOf\":{\"@id\":\"https:\/\/addio.eu\/no\/#website\"},\"primaryImageOfPage\":{\"@id\":\"https:\/\/addio.eu\/no\/produkt\/5012-4-adv\/#primaryimage\"},\"image\":{\"@id\":\"https:\/\/addio.eu\/no\/produkt\/5012-4-adv\/#primaryimage\"},\"thumbnailUrl\":\"https:\/\/addio.eu\/wp-content\/uploads\/2025\/03\/IMG_1753-scaled.jpg\",\"datePublished\":\"2025-03-07T09:40:24+00:00\",\"dateModified\":\"2026-02-10T17:01:20+00:00\",\"breadcrumb\":{\"@id\":\"https:\/\/addio.eu\/no\/produkt\/5012-4-adv\/#breadcrumb\"},\"inLanguage\":\"nb-NO\",\"potentialAction\":[{\"@type\":\"ReadAction\",\"target\":[\"https:\/\/addio.eu\/no\/produkt\/5012-4-adv\/\"]}]},{\"@type\":\"ImageObject\",\"inLanguage\":\"nb-NO\",\"@id\":\"https:\/\/addio.eu\/no\/produkt\/5012-4-adv\/#primaryimage\",\"url\":\"https:\/\/addio.eu\/wp-content\/uploads\/2025\/03\/IMG_1753-scaled.jpg\",\"contentUrl\":\"https:\/\/addio.eu\/wp-content\/uploads\/2025\/03\/IMG_1753-scaled.jpg\",\"width\":2560,\"height\":1649},{\"@type\":\"BreadcrumbList\",\"@id\":\"https:\/\/addio.eu\/no\/produkt\/5012-4-adv\/#breadcrumb\",\"itemListElement\":[{\"@type\":\"ListItem\",\"position\":1,\"name\":\"Home\",\"item\":\"https:\/\/addio.eu\/no\/addio-forside\/\"},{\"@type\":\"ListItem\",\"position\":2,\"name\":\"Produkter\",\"item\":\"https:\/\/addio.eu\/no\/produkter\/\"},{\"@type\":\"ListItem\",\"position\":3,\"name\":\"5012-4 ADV\"}]},{\"@type\":\"WebSite\",\"@id\":\"https:\/\/addio.eu\/no\/#website\",\"url\":\"https:\/\/addio.eu\/no\/\",\"name\":\"addio.eu\",\"description\":\"\",\"publisher\":{\"@id\":\"https:\/\/addio.eu\/no\/#organization\"},\"potentialAction\":[{\"@type\":\"SearchAction\",\"target\":{\"@type\":\"EntryPoint\",\"urlTemplate\":\"https:\/\/addio.eu\/no\/?s={search_term_string}\"},\"query-input\":{\"@type\":\"PropertyValueSpecification\",\"valueRequired\":true,\"valueName\":\"search_term_string\"}}],\"inLanguage\":\"nb-NO\"},{\"@type\":\"Organization\",\"@id\":\"https:\/\/addio.eu\/no\/#organization\",\"name\":\"Addio electronics\",\"url\":\"https:\/\/addio.eu\/no\/\",\"logo\":{\"@type\":\"ImageObject\",\"inLanguage\":\"nb-NO\",\"@id\":\"https:\/\/addio.eu\/no\/#\/schema\/logo\/image\/\",\"url\":\"https:\/\/addio.eu\/wp-content\/uploads\/2024\/10\/Lager_1-1.svg\",\"contentUrl\":\"https:\/\/addio.eu\/wp-content\/uploads\/2024\/10\/Lager_1-1.svg\",\"caption\":\"Addio electronics\"},\"image\":{\"@id\":\"https:\/\/addio.eu\/no\/#\/schema\/logo\/image\/\"},\"sameAs\":[\"https:\/\/www.facebook.com\/AddioElectronicsAB\/\",\"https:\/\/www.linkedin.com\/company\/addio-electronics-ab\"]}]}<\/script>\n<!-- \/ Yoast SEO plugin. -->","yoast_head_json":{"title":"5012-4 ADV - Addio Electronics","robots":{"index":"index","follow":"follow","max-snippet":"max-snippet:-1","max-image-preview":"max-image-preview:large","max-video-preview":"max-video-preview:-1"},"canonical":"https:\/\/addio.eu\/no\/produkt\/5012-4-adv\/","og_locale":"nb_NO","og_type":"article","og_title":"5012-4 ADV - Addio Electronics","og_description":"DRB 5012-4 ADV er v\u00e5r mellomstore 12V-enhet og bestselgende enhet med 4 utganger og 4 innganger, og en kontinuerlig totalstr\u00f8m p\u00e5 50 ampere fordelt p\u00e5 alle utganger. Som alle v\u00e5re DRB-er, tilbyr 5012-4 ADV et bredt utvalg av funksjoner som:  Rel\u00e9-funksjoner som blinking, dimming og timer  Sikringsfunksjon via h\u00f8ystr\u00f8msbrytere  Batteribeskyttelse gjennom timere eller spenningsbeskyttelse, individuelt per utgang  Regelbaserte logiske funksjoner  Opptil tre forskjellige funksjoner per utgang, som konstant eller blinkende Utgangene er digitalt beskyttet opptil 20 ampere per utgang (justerbart i intervaller) Enheten styres ideelt sett av v\u00e5rt 8-knappers kontrollpanel (tilbeh\u00f8r) tilkoblet via CAN-Bus, men vanlige brytere eller andre typer signaler, b\u00e5de digitale (h\u00f8y\/lav) og analoge (variable spenninger), kan ogs\u00e5 konfigureres til \u00e5 styre hver utgang.","og_url":"https:\/\/addio.eu\/no\/produkt\/5012-4-adv\/","og_site_name":"Addio Electronics","article_publisher":"https:\/\/www.facebook.com\/AddioElectronicsAB\/","article_modified_time":"2026-02-10T17:01:20+00:00","og_image":[{"width":2560,"height":1649,"url":"https:\/\/addio.eu\/wp-content\/uploads\/2025\/03\/IMG_1753-scaled.jpg","type":"image\/jpeg"}],"twitter_card":"summary_large_image","twitter_misc":{"Ansl. lesetid":"1 minutt"},"schema":{"@context":"https:\/\/schema.org","@graph":[{"@type":"WebPage","@id":"https:\/\/addio.eu\/no\/produkt\/5012-4-adv\/","url":"https:\/\/addio.eu\/no\/produkt\/5012-4-adv\/","name":"5012-4 ADV - Addio Electronics","isPartOf":{"@id":"https:\/\/addio.eu\/no\/#website"},"primaryImageOfPage":{"@id":"https:\/\/addio.eu\/no\/produkt\/5012-4-adv\/#primaryimage"},"image":{"@id":"https:\/\/addio.eu\/no\/produkt\/5012-4-adv\/#primaryimage"},"thumbnailUrl":"https:\/\/addio.eu\/wp-content\/uploads\/2025\/03\/IMG_1753-scaled.jpg","datePublished":"2025-03-07T09:40:24+00:00","dateModified":"2026-02-10T17:01:20+00:00","breadcrumb":{"@id":"https:\/\/addio.eu\/no\/produkt\/5012-4-adv\/#breadcrumb"},"inLanguage":"nb-NO","potentialAction":[{"@type":"ReadAction","target":["https:\/\/addio.eu\/no\/produkt\/5012-4-adv\/"]}]},{"@type":"ImageObject","inLanguage":"nb-NO","@id":"https:\/\/addio.eu\/no\/produkt\/5012-4-adv\/#primaryimage","url":"https:\/\/addio.eu\/wp-content\/uploads\/2025\/03\/IMG_1753-scaled.jpg","contentUrl":"https:\/\/addio.eu\/wp-content\/uploads\/2025\/03\/IMG_1753-scaled.jpg","width":2560,"height":1649},{"@type":"BreadcrumbList","@id":"https:\/\/addio.eu\/no\/produkt\/5012-4-adv\/#breadcrumb","itemListElement":[{"@type":"ListItem","position":1,"name":"Home","item":"https:\/\/addio.eu\/no\/addio-forside\/"},{"@type":"ListItem","position":2,"name":"Produkter","item":"https:\/\/addio.eu\/no\/produkter\/"},{"@type":"ListItem","position":3,"name":"5012-4 ADV"}]},{"@type":"WebSite","@id":"https:\/\/addio.eu\/no\/#website","url":"https:\/\/addio.eu\/no\/","name":"addio.eu","description":"","publisher":{"@id":"https:\/\/addio.eu\/no\/#organization"},"potentialAction":[{"@type":"SearchAction","target":{"@type":"EntryPoint","urlTemplate":"https:\/\/addio.eu\/no\/?s={search_term_string}"},"query-input":{"@type":"PropertyValueSpecification","valueRequired":true,"valueName":"search_term_string"}}],"inLanguage":"nb-NO"},{"@type":"Organization","@id":"https:\/\/addio.eu\/no\/#organization","name":"Addio electronics","url":"https:\/\/addio.eu\/no\/","logo":{"@type":"ImageObject","inLanguage":"nb-NO","@id":"https:\/\/addio.eu\/no\/#\/schema\/logo\/image\/","url":"https:\/\/addio.eu\/wp-content\/uploads\/2024\/10\/Lager_1-1.svg","contentUrl":"https:\/\/addio.eu\/wp-content\/uploads\/2024\/10\/Lager_1-1.svg","caption":"Addio electronics"},"image":{"@id":"https:\/\/addio.eu\/no\/#\/schema\/logo\/image\/"},"sameAs":["https:\/\/www.facebook.com\/AddioElectronicsAB\/","https:\/\/www.linkedin.com\/company\/addio-electronics-ab"]}]}},"_links":{"self":[{"href":"https:\/\/addio.eu\/no\/wp-json\/wp\/v2\/product\/12808","targetHints":{"allow":["GET"]}}],"collection":[{"href":"https:\/\/addio.eu\/no\/wp-json\/wp\/v2\/product"}],"about":[{"href":"https:\/\/addio.eu\/no\/wp-json\/wp\/v2\/types\/product"}],"replies":[{"embeddable":true,"href":"https:\/\/addio.eu\/no\/wp-json\/wp\/v2\/comments?post=12808"}],"wp:featuredmedia":[{"embeddable":true,"href":"https:\/\/addio.eu\/no\/wp-json\/wp\/v2\/media\/12816"}],"wp:attachment":[{"href":"https:\/\/addio.eu\/no\/wp-json\/wp\/v2\/media?parent=12808"}],"wp:term":[{"taxonomy":"product_brand","embeddable":true,"href":"https:\/\/addio.eu\/no\/wp-json\/wp\/v2\/product_brand?post=12808"},{"taxonomy":"product_cat","embeddable":true,"href":"https:\/\/addio.eu\/no\/wp-json\/wp\/v2\/product_cat?post=12808"},{"taxonomy":"product_tag","embeddable":true,"href":"https:\/\/addio.eu\/no\/wp-json\/wp\/v2\/product_tag?post=12808"}],"curies":[{"name":"wp","href":"https:\/\/api.w.org\/{rel}","templated":true}]}}