{"id":12780,"date":"2025-03-24T09:43:40","date_gmt":"2025-03-24T09:43:40","guid":{"rendered":"https:\/\/addio.eu\/product\/drb-8012-3-esp\/"},"modified":"2026-02-10T16:56:36","modified_gmt":"2026-02-10T16:56:36","slug":"drb-8012-3-esp","status":"publish","type":"product","link":"https:\/\/addio.eu\/no\/produkt\/drb-8012-3-esp\/","title":{"rendered":"DRB 8012-3 ESP"},"content":{"rendered":"<p>&nbsp;<\/p>\n<table width=\"310\">\n<tbody>\n<tr>\n<td width=\"234\">Modell<\/td>\n<td width=\"76\">DRB8012-3 ESP<\/td>\n<\/tr>\n<tr>\n<td width=\"234\">Str\u00f8mforsyning<\/td>\n<td width=\"76\">10-22 VDC<\/td>\n<\/tr>\n<tr>\n<td width=\"234\">Internt str\u00f8mforbruk (omtrent) Normal modus ingen utgang aktiv \/ Hvilemodus<\/td>\n<td width=\"76\">~5mA\/~2mA<\/td>\n<\/tr>\n<tr>\n<td width=\"234\">Underspenningsbeskyttelse (justerbar)<\/td>\n<td width=\"76\">Fast 10V<\/td>\n<\/tr>\n<tr>\n<td width=\"234\">Overspenningsbeskyttelse (justerbar)<\/td>\n<td width=\"76\">Nei<\/td>\n<\/tr>\n<tr>\n<td width=\"234\">Maks. total str\u00f8m 1 minutt<\/td>\n<td width=\"76\">80A<\/td>\n<\/tr>\n<tr>\n<td width=\"234\">Maks. total str\u00f8m kontinuerlig<\/td>\n<td width=\"76\">80A<\/td>\n<\/tr>\n<tr>\n<td width=\"234\">Totalt antall innganger<\/td>\n<td width=\"76\">3 stk<\/td>\n<\/tr>\n<tr>\n<td width=\"234\">Digitale innganger<\/td>\n<td width=\"76\">3 av 3 stk<\/td>\n<\/tr>\n<tr>\n<td width=\"234\">Analoge innganger<\/td>\n<td width=\"76\">0 stk<\/td>\n<\/tr>\n<tr>\n<td width=\"234\">Inngangsresistans @12V<\/td>\n<td width=\"76\">22k\u03a9<\/td>\n<\/tr>\n<tr>\n<td width=\"234\">Tilkoblinger innganger (avtakbare skruterminaler)<\/td>\n<td width=\"76\">10-polet inkl. +\/-<\/td>\n<\/tr>\n<tr>\n<td width=\"234\">Antall utganger<\/td>\n<td width=\"76\">3 stk<\/td>\n<\/tr>\n<tr>\n<td width=\"234\">Tilkobling utganger<\/td>\n<td width=\"76\">M5 mutter + krimpkontakt<\/td>\n<\/tr>\n<tr>\n<td width=\"234\">Sikringsst\u00f8rrelse A, utganger<\/td>\n<td width=\"76\">Utg 1 Fast 80A, Utg 2-3 Fast 6A<\/td>\n<\/tr>\n<tr>\n<td width=\"234\">Tilkobling str\u00f8mforsyning<\/td>\n<td width=\"76\">M5 mutter<\/td>\n<\/tr>\n<tr>\n<td width=\"234\">Bluetooth<\/td>\n<td width=\"76\">Nei<\/td>\n<\/tr>\n<tr>\n<td width=\"234\">Motorkontroll H-bro (forel\u00f8pig str\u00f8m)<\/td>\n<td width=\"76\">Nei<\/td>\n<\/tr>\n<tr>\n<td width=\"234\">Feilindikasjon<\/td>\n<td width=\"76\">Nei<\/td>\n<\/tr>\n<tr>\n<td width=\"234\">LED per utgang (justerbar farge)<\/td>\n<td width=\"76\">Nei<\/td>\n<\/tr>\n<tr>\n<td width=\"234\">Kommunikasjonsbuss (CAN-buss)<\/td>\n<td width=\"76\">Ja 1 stk RJ10<\/td>\n<\/tr>\n<tr>\n<td width=\"234\">Datatilkoblinger<\/td>\n<td width=\"76\">Nei<\/td>\n<\/tr>\n<tr>\n<td width=\"234\">Jording signaler<\/td>\n<td width=\"76\">Ja med ekstern motstand til positiv<\/td>\n<\/tr>\n<tr>\n<td width=\"234\">H\u00e5ndkontroller, bryterpaneler, sensorer osv.<\/td>\n<td width=\"76\">Nei<\/td>\n<\/tr>\n<tr>\n<td width=\"234\">St\u00f8rrelse (mm)<\/td>\n<td width=\"76\">119x57x21<\/td>\n<\/tr>\n<tr>\n<td width=\"234\">Vekt<\/td>\n<td width=\"76\"><\/td>\n<\/tr>\n<\/tbody>\n<\/table>\n","protected":false},"excerpt":{"rendered":"<p>Denne enheten er som et sv\u00e6rt kraftig rel\u00e9 som kan koble 80 ampere p\u00e5 \u00e9n h\u00f8yeffektutgang og to 6 ampere laveffektutganger. Denne enheten er ikke konfigurerbar og styres kun via CAN-BUSS eller via de tre inngangene. <\/p>\n<p>Enheten kan brukes til \u00e5 kontrollere hovedstr\u00f8mmen fra batteriet for h\u00f8yeffektlaster, for eksempel n\u00e5r du trenger \u00e5 koble til en hydraulisk pumpe eller en 230 VAC inverter.<\/p>\n","protected":false},"featured_media":12789,"comment_status":"open","ping_status":"closed","template":"","meta":[],"product_brand":[],"product_cat":[195],"product_tag":[196,197,377,378],"class_list":{"0":"post-12780","1":"product","2":"type-product","3":"status-publish","4":"has-post-thumbnail","6":"product_cat-digitale-relebokser","7":"product_tag-12v","8":"product_tag-2-can-porter","9":"product_tag-3-innganger","10":"product_tag-3-utganger","12":"first","13":"instock","14":"shipping-taxable","15":"product-type-simple"},"yoast_head":"<!-- This site is optimized with the Yoast SEO plugin v26.0 - https:\/\/yoast.com\/wordpress\/plugins\/seo\/ -->\n<title>DRB 8012-3 ESP - Addio Electronics<\/title>\n<meta name=\"robots\" content=\"index, follow, max-snippet:-1, max-image-preview:large, max-video-preview:-1\" \/>\n<link rel=\"canonical\" href=\"https:\/\/addio.eu\/no\/produkt\/drb-8012-3-esp\/\" \/>\n<meta property=\"og:locale\" content=\"nb_NO\" \/>\n<meta property=\"og:type\" content=\"article\" \/>\n<meta property=\"og:title\" content=\"DRB 8012-3 ESP - Addio Electronics\" \/>\n<meta property=\"og:description\" content=\"Denne enheten er som et sv\u00e6rt kraftig rel\u00e9 som kan koble 80 ampere p\u00e5 \u00e9n h\u00f8yeffektutgang og to 6 ampere laveffektutganger. Denne enheten er ikke konfigurerbar og styres kun via CAN-BUSS eller via de tre inngangene.  Enheten kan brukes til \u00e5 kontrollere hovedstr\u00f8mmen fra batteriet for h\u00f8yeffektlaster, for eksempel n\u00e5r du trenger \u00e5 koble til en hydraulisk pumpe eller en 230 VAC inverter.\" \/>\n<meta property=\"og:url\" content=\"https:\/\/addio.eu\/no\/produkt\/drb-8012-3-esp\/\" \/>\n<meta property=\"og:site_name\" content=\"Addio Electronics\" \/>\n<meta property=\"article:publisher\" content=\"https:\/\/www.facebook.com\/AddioElectronicsAB\/\" \/>\n<meta property=\"article:modified_time\" content=\"2026-02-10T16:56:36+00:00\" \/>\n<meta property=\"og:image\" content=\"https:\/\/addio.eu\/wp-content\/uploads\/2025\/03\/IMG_1729-scaled.jpg\" \/>\n\t<meta property=\"og:image:width\" content=\"2560\" \/>\n\t<meta property=\"og:image:height\" content=\"1211\" \/>\n\t<meta property=\"og:image:type\" content=\"image\/jpeg\" \/>\n<meta name=\"twitter:card\" content=\"summary_large_image\" \/>\n<meta name=\"twitter:label1\" content=\"Ansl. lesetid\" \/>\n\t<meta name=\"twitter:data1\" content=\"1 minutt\" \/>\n<script type=\"application\/ld+json\" class=\"yoast-schema-graph\">{\"@context\":\"https:\/\/schema.org\",\"@graph\":[{\"@type\":\"WebPage\",\"@id\":\"https:\/\/addio.eu\/no\/produkt\/drb-8012-3-esp\/\",\"url\":\"https:\/\/addio.eu\/no\/produkt\/drb-8012-3-esp\/\",\"name\":\"DRB 8012-3 ESP - Addio Electronics\",\"isPartOf\":{\"@id\":\"https:\/\/addio.eu\/no\/#website\"},\"primaryImageOfPage\":{\"@id\":\"https:\/\/addio.eu\/no\/produkt\/drb-8012-3-esp\/#primaryimage\"},\"image\":{\"@id\":\"https:\/\/addio.eu\/no\/produkt\/drb-8012-3-esp\/#primaryimage\"},\"thumbnailUrl\":\"https:\/\/addio.eu\/wp-content\/uploads\/2025\/03\/IMG_1729-scaled.jpg\",\"datePublished\":\"2025-03-24T09:43:40+00:00\",\"dateModified\":\"2026-02-10T16:56:36+00:00\",\"breadcrumb\":{\"@id\":\"https:\/\/addio.eu\/no\/produkt\/drb-8012-3-esp\/#breadcrumb\"},\"inLanguage\":\"nb-NO\",\"potentialAction\":[{\"@type\":\"ReadAction\",\"target\":[\"https:\/\/addio.eu\/no\/produkt\/drb-8012-3-esp\/\"]}]},{\"@type\":\"ImageObject\",\"inLanguage\":\"nb-NO\",\"@id\":\"https:\/\/addio.eu\/no\/produkt\/drb-8012-3-esp\/#primaryimage\",\"url\":\"https:\/\/addio.eu\/wp-content\/uploads\/2025\/03\/IMG_1729-scaled.jpg\",\"contentUrl\":\"https:\/\/addio.eu\/wp-content\/uploads\/2025\/03\/IMG_1729-scaled.jpg\",\"width\":2560,\"height\":1211},{\"@type\":\"BreadcrumbList\",\"@id\":\"https:\/\/addio.eu\/no\/produkt\/drb-8012-3-esp\/#breadcrumb\",\"itemListElement\":[{\"@type\":\"ListItem\",\"position\":1,\"name\":\"Home\",\"item\":\"https:\/\/addio.eu\/no\/addio-forside\/\"},{\"@type\":\"ListItem\",\"position\":2,\"name\":\"Produkter\",\"item\":\"https:\/\/addio.eu\/no\/produkter\/\"},{\"@type\":\"ListItem\",\"position\":3,\"name\":\"DRB 8012-3 ESP\"}]},{\"@type\":\"WebSite\",\"@id\":\"https:\/\/addio.eu\/no\/#website\",\"url\":\"https:\/\/addio.eu\/no\/\",\"name\":\"addio.eu\",\"description\":\"\",\"publisher\":{\"@id\":\"https:\/\/addio.eu\/no\/#organization\"},\"potentialAction\":[{\"@type\":\"SearchAction\",\"target\":{\"@type\":\"EntryPoint\",\"urlTemplate\":\"https:\/\/addio.eu\/no\/?s={search_term_string}\"},\"query-input\":{\"@type\":\"PropertyValueSpecification\",\"valueRequired\":true,\"valueName\":\"search_term_string\"}}],\"inLanguage\":\"nb-NO\"},{\"@type\":\"Organization\",\"@id\":\"https:\/\/addio.eu\/no\/#organization\",\"name\":\"Addio electronics\",\"url\":\"https:\/\/addio.eu\/no\/\",\"logo\":{\"@type\":\"ImageObject\",\"inLanguage\":\"nb-NO\",\"@id\":\"https:\/\/addio.eu\/no\/#\/schema\/logo\/image\/\",\"url\":\"https:\/\/addio.eu\/wp-content\/uploads\/2024\/10\/Lager_1-1.svg\",\"contentUrl\":\"https:\/\/addio.eu\/wp-content\/uploads\/2024\/10\/Lager_1-1.svg\",\"caption\":\"Addio electronics\"},\"image\":{\"@id\":\"https:\/\/addio.eu\/no\/#\/schema\/logo\/image\/\"},\"sameAs\":[\"https:\/\/www.facebook.com\/AddioElectronicsAB\/\",\"https:\/\/www.linkedin.com\/company\/addio-electronics-ab\"]}]}<\/script>\n<!-- \/ Yoast SEO plugin. -->","yoast_head_json":{"title":"DRB 8012-3 ESP - Addio Electronics","robots":{"index":"index","follow":"follow","max-snippet":"max-snippet:-1","max-image-preview":"max-image-preview:large","max-video-preview":"max-video-preview:-1"},"canonical":"https:\/\/addio.eu\/no\/produkt\/drb-8012-3-esp\/","og_locale":"nb_NO","og_type":"article","og_title":"DRB 8012-3 ESP - Addio Electronics","og_description":"Denne enheten er som et sv\u00e6rt kraftig rel\u00e9 som kan koble 80 ampere p\u00e5 \u00e9n h\u00f8yeffektutgang og to 6 ampere laveffektutganger. Denne enheten er ikke konfigurerbar og styres kun via CAN-BUSS eller via de tre inngangene.  Enheten kan brukes til \u00e5 kontrollere hovedstr\u00f8mmen fra batteriet for h\u00f8yeffektlaster, for eksempel n\u00e5r du trenger \u00e5 koble til en hydraulisk pumpe eller en 230 VAC inverter.","og_url":"https:\/\/addio.eu\/no\/produkt\/drb-8012-3-esp\/","og_site_name":"Addio Electronics","article_publisher":"https:\/\/www.facebook.com\/AddioElectronicsAB\/","article_modified_time":"2026-02-10T16:56:36+00:00","og_image":[{"width":2560,"height":1211,"url":"https:\/\/addio.eu\/wp-content\/uploads\/2025\/03\/IMG_1729-scaled.jpg","type":"image\/jpeg"}],"twitter_card":"summary_large_image","twitter_misc":{"Ansl. lesetid":"1 minutt"},"schema":{"@context":"https:\/\/schema.org","@graph":[{"@type":"WebPage","@id":"https:\/\/addio.eu\/no\/produkt\/drb-8012-3-esp\/","url":"https:\/\/addio.eu\/no\/produkt\/drb-8012-3-esp\/","name":"DRB 8012-3 ESP - Addio Electronics","isPartOf":{"@id":"https:\/\/addio.eu\/no\/#website"},"primaryImageOfPage":{"@id":"https:\/\/addio.eu\/no\/produkt\/drb-8012-3-esp\/#primaryimage"},"image":{"@id":"https:\/\/addio.eu\/no\/produkt\/drb-8012-3-esp\/#primaryimage"},"thumbnailUrl":"https:\/\/addio.eu\/wp-content\/uploads\/2025\/03\/IMG_1729-scaled.jpg","datePublished":"2025-03-24T09:43:40+00:00","dateModified":"2026-02-10T16:56:36+00:00","breadcrumb":{"@id":"https:\/\/addio.eu\/no\/produkt\/drb-8012-3-esp\/#breadcrumb"},"inLanguage":"nb-NO","potentialAction":[{"@type":"ReadAction","target":["https:\/\/addio.eu\/no\/produkt\/drb-8012-3-esp\/"]}]},{"@type":"ImageObject","inLanguage":"nb-NO","@id":"https:\/\/addio.eu\/no\/produkt\/drb-8012-3-esp\/#primaryimage","url":"https:\/\/addio.eu\/wp-content\/uploads\/2025\/03\/IMG_1729-scaled.jpg","contentUrl":"https:\/\/addio.eu\/wp-content\/uploads\/2025\/03\/IMG_1729-scaled.jpg","width":2560,"height":1211},{"@type":"BreadcrumbList","@id":"https:\/\/addio.eu\/no\/produkt\/drb-8012-3-esp\/#breadcrumb","itemListElement":[{"@type":"ListItem","position":1,"name":"Home","item":"https:\/\/addio.eu\/no\/addio-forside\/"},{"@type":"ListItem","position":2,"name":"Produkter","item":"https:\/\/addio.eu\/no\/produkter\/"},{"@type":"ListItem","position":3,"name":"DRB 8012-3 ESP"}]},{"@type":"WebSite","@id":"https:\/\/addio.eu\/no\/#website","url":"https:\/\/addio.eu\/no\/","name":"addio.eu","description":"","publisher":{"@id":"https:\/\/addio.eu\/no\/#organization"},"potentialAction":[{"@type":"SearchAction","target":{"@type":"EntryPoint","urlTemplate":"https:\/\/addio.eu\/no\/?s={search_term_string}"},"query-input":{"@type":"PropertyValueSpecification","valueRequired":true,"valueName":"search_term_string"}}],"inLanguage":"nb-NO"},{"@type":"Organization","@id":"https:\/\/addio.eu\/no\/#organization","name":"Addio electronics","url":"https:\/\/addio.eu\/no\/","logo":{"@type":"ImageObject","inLanguage":"nb-NO","@id":"https:\/\/addio.eu\/no\/#\/schema\/logo\/image\/","url":"https:\/\/addio.eu\/wp-content\/uploads\/2024\/10\/Lager_1-1.svg","contentUrl":"https:\/\/addio.eu\/wp-content\/uploads\/2024\/10\/Lager_1-1.svg","caption":"Addio electronics"},"image":{"@id":"https:\/\/addio.eu\/no\/#\/schema\/logo\/image\/"},"sameAs":["https:\/\/www.facebook.com\/AddioElectronicsAB\/","https:\/\/www.linkedin.com\/company\/addio-electronics-ab"]}]}},"_links":{"self":[{"href":"https:\/\/addio.eu\/no\/wp-json\/wp\/v2\/product\/12780","targetHints":{"allow":["GET"]}}],"collection":[{"href":"https:\/\/addio.eu\/no\/wp-json\/wp\/v2\/product"}],"about":[{"href":"https:\/\/addio.eu\/no\/wp-json\/wp\/v2\/types\/product"}],"replies":[{"embeddable":true,"href":"https:\/\/addio.eu\/no\/wp-json\/wp\/v2\/comments?post=12780"}],"wp:featuredmedia":[{"embeddable":true,"href":"https:\/\/addio.eu\/no\/wp-json\/wp\/v2\/media\/12789"}],"wp:attachment":[{"href":"https:\/\/addio.eu\/no\/wp-json\/wp\/v2\/media?parent=12780"}],"wp:term":[{"taxonomy":"product_brand","embeddable":true,"href":"https:\/\/addio.eu\/no\/wp-json\/wp\/v2\/product_brand?post=12780"},{"taxonomy":"product_cat","embeddable":true,"href":"https:\/\/addio.eu\/no\/wp-json\/wp\/v2\/product_cat?post=12780"},{"taxonomy":"product_tag","embeddable":true,"href":"https:\/\/addio.eu\/no\/wp-json\/wp\/v2\/product_tag?post=12780"}],"curies":[{"name":"wp","href":"https:\/\/api.w.org\/{rel}","templated":true}]}}