{"id":12744,"date":"2025-03-24T09:47:26","date_gmt":"2025-03-24T09:47:26","guid":{"rendered":"https:\/\/addio.eu\/product\/drb-9012-8-std\/"},"modified":"2026-02-10T16:48:26","modified_gmt":"2026-02-10T16:48:26","slug":"drb-9012-8-std","status":"publish","type":"product","link":"https:\/\/addio.eu\/no\/produkt\/drb-9012-8-std\/","title":{"rendered":"DRB 9012-8 STD"},"content":{"rendered":"<table width=\"310\">\n<tbody>\n<tr>\n<td width=\"234\">Modell<\/td>\n<td width=\"76\">DRB-9012-8 STD<\/td>\n<\/tr>\n<tr>\n<td width=\"234\">Str\u00f8mforsyning<\/td>\n<td width=\"76\">10-22 VDC<\/td>\n<\/tr>\n<tr>\n<td width=\"234\">Internt str\u00f8mforbruk (omtrentlig) Normal modus ingen utgang aktiv \/ Hvilemodus<\/td>\n<td width=\"76\">~30mA\/~6mA<\/td>\n<\/tr>\n<tr>\n<td width=\"234\">Underspenningsbeskyttelse (justerbar)<\/td>\n<td width=\"76\">10-13V, 0,5V trinn<\/td>\n<\/tr>\n<tr>\n<td width=\"234\">Overspenningsbeskyttelse (justerbar)<\/td>\n<td width=\"76\">16-26V, 2V trinn<\/td>\n<\/tr>\n<tr>\n<td width=\"234\">Maks. total str\u00f8m 1 minutt<\/td>\n<td width=\"76\">90A<\/td>\n<\/tr>\n<tr>\n<td width=\"234\">Maks. total str\u00f8m kontinuerlig<\/td>\n<td width=\"76\">70A<\/td>\n<\/tr>\n<tr>\n<td width=\"234\">Totalt antall innganger<\/td>\n<td width=\"76\">8 stk<\/td>\n<\/tr>\n<tr>\n<td width=\"234\">Digitale innganger<\/td>\n<td width=\"76\">8 av 8 stk<\/td>\n<\/tr>\n<tr>\n<td width=\"234\">Analoge innganger<\/td>\n<td width=\"76\">4 av 8 stk<\/td>\n<\/tr>\n<tr>\n<td width=\"234\">Inngangsresistans @12V<\/td>\n<td width=\"76\">22k\u03a9<\/td>\n<\/tr>\n<tr>\n<td width=\"234\">Tilkoblinger innganger (avtakbare skruterminaler)<\/td>\n<td width=\"76\">10-polet inkl. +\/-<\/td>\n<\/tr>\n<tr>\n<td width=\"234\">Antall utganger<\/td>\n<td width=\"76\">8 stk<\/td>\n<\/tr>\n<tr>\n<td width=\"234\">Tilkobling utganger<\/td>\n<td width=\"76\">Kabel krympekontakt<\/td>\n<\/tr>\n<tr>\n<td width=\"234\">Sikringsst\u00f8rrelse A, utganger<\/td>\n<td width=\"76\">5, 10, 15, 20, (25 kun U7, U8)<\/td>\n<\/tr>\n<tr>\n<td width=\"234\">Tilkobling str\u00f8mforsyning<\/td>\n<td width=\"76\">M5 mutter<\/td>\n<\/tr>\n<tr>\n<td width=\"234\">Bluetooth<\/td>\n<td width=\"76\">Nei<\/td>\n<\/tr>\n<tr>\n<td width=\"234\">Motorkontroll H-bro (forel\u00f8pig str\u00f8m)<\/td>\n<td width=\"76\">Nei<\/td>\n<\/tr>\n<tr>\n<td width=\"234\">Feilindikasjon<\/td>\n<td width=\"76\">delt RGB LED<\/td>\n<\/tr>\n<tr>\n<td width=\"234\">LED per utgang (justerbar farge)<\/td>\n<td width=\"76\">Nei<\/td>\n<\/tr>\n<tr>\n<td width=\"234\">Kommunikasjonsbuss (CAN-buss)<\/td>\n<td width=\"76\">Nei<\/td>\n<\/tr>\n<tr>\n<td width=\"234\">Datatilkoblinger<\/td>\n<td width=\"76\">USB Mini<\/td>\n<\/tr>\n<tr>\n<td width=\"234\">Jording signaler<\/td>\n<td width=\"76\">Ja med ekstern motstand til positiv<\/td>\n<\/tr>\n<tr>\n<td width=\"234\">H\u00e5ndkontroller, bryterpaneler, sensorer osv.<\/td>\n<td width=\"76\">Nei<\/td>\n<\/tr>\n<tr>\n<td width=\"234\">St\u00f8rrelse (mm)<\/td>\n<td width=\"76\">170x92x21<\/td>\n<\/tr>\n<tr>\n<td width=\"234\">Vekt<\/td>\n<td width=\"76\">174g<\/td>\n<\/tr>\n<\/tbody>\n<\/table>\n","protected":false},"excerpt":{"rendered":"<div class=\"elementor-element elementor-element-28a1869 elementor-widget elementor-widget-woocommerce-product-title elementor-page-title elementor-widget-heading\" data-id=\"28a1869\" data-element_type=\"widget\" data-widget_type=\"woocommerce-product-title.default\">\n<div class=\"elementor-widget-container\"><strong><span style=\"font-size: 16px;\">DRB 9012-8 STD er v\u00e5r kostnadsoptimaliserte enhet med 8 utganger og 8 innganger, og en kontinuerlig total str\u00f8m p\u00e5 90 ampere fordelt p\u00e5 alle utganger.<\/span><\/strong><\/div>\n<div><\/div>\n<div class=\"elementor-widget-container\">Sammenlignet med ADV-enhetene har STD ikke CAN-busskommunikasjon, ingen innebygd H-bro (motorkontroll), ingen LED-er per utgang og ingen innebygde pull-ups p\u00e5 inngangene for GND-inngangssignaler.<strong>STD-enheten kan ikke styres av v\u00e5re bryterpaneler eller h\u00e5ndkontroll siden den ikke har noen CAN\/COM-porter.<\/strong><\/div>\n<\/div>\n<div class=\"elementor-element elementor-element-b951bf8 elementor-widget elementor-widget-woocommerce-product-short-description\" data-id=\"b951bf8\" data-element_type=\"widget\" data-widget_type=\"woocommerce-product-short-description.default\">\n<div class=\"elementor-widget-container\">\n<div class=\"woocommerce-product-details__short-description\">\n<p>Som alle v\u00e5re DRB-er, tilbyr 9012-8 STD en rekke funksjoner som:<\/p>\n<ul>\n<li>Rel\u00e9-funksjoner som blinking, dimming og timer<\/li>\n<li>Sikringsfunksjon via h\u00f8ystr\u00f8msbrytere<\/li>\n<li>Batteribeskyttelse gjennom timere eller spenningsbeskyttelse, individuelt per utgang<\/li>\n<li>Regelbaserte logiske funksjoner<\/li>\n<li>Opptil tre forskjellige funksjoner per utgang, som konstant eller blinkende<\/li>\n<\/ul>\n<p class=\"\" data-start=\"112\" data-end=\"430\">Utgangene er digitalt beskyttet opptil 25 ampere per utgang (justerbart i 5 A intervaller)<\/p>\n<\/div>\n<\/div>\n<\/div>\n","protected":false},"featured_media":12761,"comment_status":"open","ping_status":"closed","template":"","meta":[],"product_brand":[],"product_cat":[195],"product_tag":[196,241,242],"class_list":{"0":"post-12744","1":"product","2":"type-product","3":"status-publish","4":"has-post-thumbnail","6":"product_cat-digitale-relebokser","7":"product_tag-12v","8":"product_tag-8-innganger","9":"product_tag-8-utganger","11":"first","12":"instock","13":"shipping-taxable","14":"product-type-simple"},"yoast_head":"<!-- This site is optimized with the Yoast SEO plugin v26.0 - https:\/\/yoast.com\/wordpress\/plugins\/seo\/ -->\n<title>DRB 9012-8 STD - Addio Electronics<\/title>\n<meta name=\"robots\" content=\"index, follow, max-snippet:-1, max-image-preview:large, max-video-preview:-1\" \/>\n<link rel=\"canonical\" href=\"https:\/\/addio.eu\/no\/produkt\/drb-9012-8-std\/\" \/>\n<meta property=\"og:locale\" content=\"nb_NO\" \/>\n<meta property=\"og:type\" content=\"article\" \/>\n<meta property=\"og:title\" content=\"DRB 9012-8 STD - Addio Electronics\" \/>\n<meta property=\"og:description\" content=\"DRB 9012-8 STD er v\u00e5r kostnadsoptimaliserte enhet med 8 utganger og 8 innganger, og en kontinuerlig total str\u00f8m p\u00e5 90 ampere fordelt p\u00e5 alle utganger. Sammenlignet med ADV-enhetene har STD ikke CAN-busskommunikasjon, ingen innebygd H-bro (motorkontroll), ingen LED-er per utgang og ingen innebygde pull-ups p\u00e5 inngangene for GND-inngangssignaler.STD-enheten kan ikke styres av v\u00e5re bryterpaneler eller h\u00e5ndkontroll siden den ikke har noen CAN\/COM-porter.   Som alle v\u00e5re DRB-er, tilbyr 9012-8 STD en rekke funksjoner som:  Rel\u00e9-funksjoner som blinking, dimming og timer  Sikringsfunksjon via h\u00f8ystr\u00f8msbrytere  Batteribeskyttelse gjennom timere eller spenningsbeskyttelse, individuelt per utgang  Regelbaserte logiske funksjoner  Opptil tre forskjellige funksjoner per utgang, som konstant eller blinkende Utgangene er digitalt beskyttet opptil 25 ampere per utgang (justerbart i 5 A intervaller)\" \/>\n<meta property=\"og:url\" content=\"https:\/\/addio.eu\/no\/produkt\/drb-9012-8-std\/\" \/>\n<meta property=\"og:site_name\" content=\"Addio Electronics\" \/>\n<meta property=\"article:publisher\" content=\"https:\/\/www.facebook.com\/AddioElectronicsAB\/\" \/>\n<meta property=\"article:modified_time\" content=\"2026-02-10T16:48:26+00:00\" \/>\n<meta property=\"og:image\" content=\"https:\/\/addio.eu\/wp-content\/uploads\/2025\/03\/IMG_1788-scaled.jpg\" \/>\n\t<meta property=\"og:image:width\" content=\"2560\" \/>\n\t<meta property=\"og:image:height\" content=\"1654\" \/>\n\t<meta property=\"og:image:type\" content=\"image\/jpeg\" \/>\n<meta name=\"twitter:card\" content=\"summary_large_image\" \/>\n<meta name=\"twitter:label1\" content=\"Ansl. lesetid\" \/>\n\t<meta name=\"twitter:data1\" content=\"1 minutt\" \/>\n<script type=\"application\/ld+json\" class=\"yoast-schema-graph\">{\"@context\":\"https:\/\/schema.org\",\"@graph\":[{\"@type\":\"WebPage\",\"@id\":\"https:\/\/addio.eu\/no\/produkt\/drb-9012-8-std\/\",\"url\":\"https:\/\/addio.eu\/no\/produkt\/drb-9012-8-std\/\",\"name\":\"DRB 9012-8 STD - Addio Electronics\",\"isPartOf\":{\"@id\":\"https:\/\/addio.eu\/no\/#website\"},\"primaryImageOfPage\":{\"@id\":\"https:\/\/addio.eu\/no\/produkt\/drb-9012-8-std\/#primaryimage\"},\"image\":{\"@id\":\"https:\/\/addio.eu\/no\/produkt\/drb-9012-8-std\/#primaryimage\"},\"thumbnailUrl\":\"https:\/\/addio.eu\/wp-content\/uploads\/2025\/03\/IMG_1788-scaled.jpg\",\"datePublished\":\"2025-03-24T09:47:26+00:00\",\"dateModified\":\"2026-02-10T16:48:26+00:00\",\"breadcrumb\":{\"@id\":\"https:\/\/addio.eu\/no\/produkt\/drb-9012-8-std\/#breadcrumb\"},\"inLanguage\":\"nb-NO\",\"potentialAction\":[{\"@type\":\"ReadAction\",\"target\":[\"https:\/\/addio.eu\/no\/produkt\/drb-9012-8-std\/\"]}]},{\"@type\":\"ImageObject\",\"inLanguage\":\"nb-NO\",\"@id\":\"https:\/\/addio.eu\/no\/produkt\/drb-9012-8-std\/#primaryimage\",\"url\":\"https:\/\/addio.eu\/wp-content\/uploads\/2025\/03\/IMG_1788-scaled.jpg\",\"contentUrl\":\"https:\/\/addio.eu\/wp-content\/uploads\/2025\/03\/IMG_1788-scaled.jpg\",\"width\":2560,\"height\":1654},{\"@type\":\"BreadcrumbList\",\"@id\":\"https:\/\/addio.eu\/no\/produkt\/drb-9012-8-std\/#breadcrumb\",\"itemListElement\":[{\"@type\":\"ListItem\",\"position\":1,\"name\":\"Home\",\"item\":\"https:\/\/addio.eu\/no\/addio-forside\/\"},{\"@type\":\"ListItem\",\"position\":2,\"name\":\"Produkter\",\"item\":\"https:\/\/addio.eu\/no\/produkter\/\"},{\"@type\":\"ListItem\",\"position\":3,\"name\":\"DRB 9012-8 STD\"}]},{\"@type\":\"WebSite\",\"@id\":\"https:\/\/addio.eu\/no\/#website\",\"url\":\"https:\/\/addio.eu\/no\/\",\"name\":\"addio.eu\",\"description\":\"\",\"publisher\":{\"@id\":\"https:\/\/addio.eu\/no\/#organization\"},\"potentialAction\":[{\"@type\":\"SearchAction\",\"target\":{\"@type\":\"EntryPoint\",\"urlTemplate\":\"https:\/\/addio.eu\/no\/?s={search_term_string}\"},\"query-input\":{\"@type\":\"PropertyValueSpecification\",\"valueRequired\":true,\"valueName\":\"search_term_string\"}}],\"inLanguage\":\"nb-NO\"},{\"@type\":\"Organization\",\"@id\":\"https:\/\/addio.eu\/no\/#organization\",\"name\":\"Addio electronics\",\"url\":\"https:\/\/addio.eu\/no\/\",\"logo\":{\"@type\":\"ImageObject\",\"inLanguage\":\"nb-NO\",\"@id\":\"https:\/\/addio.eu\/no\/#\/schema\/logo\/image\/\",\"url\":\"https:\/\/addio.eu\/wp-content\/uploads\/2024\/10\/Lager_1-1.svg\",\"contentUrl\":\"https:\/\/addio.eu\/wp-content\/uploads\/2024\/10\/Lager_1-1.svg\",\"caption\":\"Addio electronics\"},\"image\":{\"@id\":\"https:\/\/addio.eu\/no\/#\/schema\/logo\/image\/\"},\"sameAs\":[\"https:\/\/www.facebook.com\/AddioElectronicsAB\/\",\"https:\/\/www.linkedin.com\/company\/addio-electronics-ab\"]}]}<\/script>\n<!-- \/ Yoast SEO plugin. -->","yoast_head_json":{"title":"DRB 9012-8 STD - Addio Electronics","robots":{"index":"index","follow":"follow","max-snippet":"max-snippet:-1","max-image-preview":"max-image-preview:large","max-video-preview":"max-video-preview:-1"},"canonical":"https:\/\/addio.eu\/no\/produkt\/drb-9012-8-std\/","og_locale":"nb_NO","og_type":"article","og_title":"DRB 9012-8 STD - Addio Electronics","og_description":"DRB 9012-8 STD er v\u00e5r kostnadsoptimaliserte enhet med 8 utganger og 8 innganger, og en kontinuerlig total str\u00f8m p\u00e5 90 ampere fordelt p\u00e5 alle utganger. Sammenlignet med ADV-enhetene har STD ikke CAN-busskommunikasjon, ingen innebygd H-bro (motorkontroll), ingen LED-er per utgang og ingen innebygde pull-ups p\u00e5 inngangene for GND-inngangssignaler.STD-enheten kan ikke styres av v\u00e5re bryterpaneler eller h\u00e5ndkontroll siden den ikke har noen CAN\/COM-porter.   Som alle v\u00e5re DRB-er, tilbyr 9012-8 STD en rekke funksjoner som:  Rel\u00e9-funksjoner som blinking, dimming og timer  Sikringsfunksjon via h\u00f8ystr\u00f8msbrytere  Batteribeskyttelse gjennom timere eller spenningsbeskyttelse, individuelt per utgang  Regelbaserte logiske funksjoner  Opptil tre forskjellige funksjoner per utgang, som konstant eller blinkende Utgangene er digitalt beskyttet opptil 25 ampere per utgang (justerbart i 5 A intervaller)","og_url":"https:\/\/addio.eu\/no\/produkt\/drb-9012-8-std\/","og_site_name":"Addio Electronics","article_publisher":"https:\/\/www.facebook.com\/AddioElectronicsAB\/","article_modified_time":"2026-02-10T16:48:26+00:00","og_image":[{"width":2560,"height":1654,"url":"https:\/\/addio.eu\/wp-content\/uploads\/2025\/03\/IMG_1788-scaled.jpg","type":"image\/jpeg"}],"twitter_card":"summary_large_image","twitter_misc":{"Ansl. lesetid":"1 minutt"},"schema":{"@context":"https:\/\/schema.org","@graph":[{"@type":"WebPage","@id":"https:\/\/addio.eu\/no\/produkt\/drb-9012-8-std\/","url":"https:\/\/addio.eu\/no\/produkt\/drb-9012-8-std\/","name":"DRB 9012-8 STD - Addio Electronics","isPartOf":{"@id":"https:\/\/addio.eu\/no\/#website"},"primaryImageOfPage":{"@id":"https:\/\/addio.eu\/no\/produkt\/drb-9012-8-std\/#primaryimage"},"image":{"@id":"https:\/\/addio.eu\/no\/produkt\/drb-9012-8-std\/#primaryimage"},"thumbnailUrl":"https:\/\/addio.eu\/wp-content\/uploads\/2025\/03\/IMG_1788-scaled.jpg","datePublished":"2025-03-24T09:47:26+00:00","dateModified":"2026-02-10T16:48:26+00:00","breadcrumb":{"@id":"https:\/\/addio.eu\/no\/produkt\/drb-9012-8-std\/#breadcrumb"},"inLanguage":"nb-NO","potentialAction":[{"@type":"ReadAction","target":["https:\/\/addio.eu\/no\/produkt\/drb-9012-8-std\/"]}]},{"@type":"ImageObject","inLanguage":"nb-NO","@id":"https:\/\/addio.eu\/no\/produkt\/drb-9012-8-std\/#primaryimage","url":"https:\/\/addio.eu\/wp-content\/uploads\/2025\/03\/IMG_1788-scaled.jpg","contentUrl":"https:\/\/addio.eu\/wp-content\/uploads\/2025\/03\/IMG_1788-scaled.jpg","width":2560,"height":1654},{"@type":"BreadcrumbList","@id":"https:\/\/addio.eu\/no\/produkt\/drb-9012-8-std\/#breadcrumb","itemListElement":[{"@type":"ListItem","position":1,"name":"Home","item":"https:\/\/addio.eu\/no\/addio-forside\/"},{"@type":"ListItem","position":2,"name":"Produkter","item":"https:\/\/addio.eu\/no\/produkter\/"},{"@type":"ListItem","position":3,"name":"DRB 9012-8 STD"}]},{"@type":"WebSite","@id":"https:\/\/addio.eu\/no\/#website","url":"https:\/\/addio.eu\/no\/","name":"addio.eu","description":"","publisher":{"@id":"https:\/\/addio.eu\/no\/#organization"},"potentialAction":[{"@type":"SearchAction","target":{"@type":"EntryPoint","urlTemplate":"https:\/\/addio.eu\/no\/?s={search_term_string}"},"query-input":{"@type":"PropertyValueSpecification","valueRequired":true,"valueName":"search_term_string"}}],"inLanguage":"nb-NO"},{"@type":"Organization","@id":"https:\/\/addio.eu\/no\/#organization","name":"Addio electronics","url":"https:\/\/addio.eu\/no\/","logo":{"@type":"ImageObject","inLanguage":"nb-NO","@id":"https:\/\/addio.eu\/no\/#\/schema\/logo\/image\/","url":"https:\/\/addio.eu\/wp-content\/uploads\/2024\/10\/Lager_1-1.svg","contentUrl":"https:\/\/addio.eu\/wp-content\/uploads\/2024\/10\/Lager_1-1.svg","caption":"Addio electronics"},"image":{"@id":"https:\/\/addio.eu\/no\/#\/schema\/logo\/image\/"},"sameAs":["https:\/\/www.facebook.com\/AddioElectronicsAB\/","https:\/\/www.linkedin.com\/company\/addio-electronics-ab"]}]}},"_links":{"self":[{"href":"https:\/\/addio.eu\/no\/wp-json\/wp\/v2\/product\/12744","targetHints":{"allow":["GET"]}}],"collection":[{"href":"https:\/\/addio.eu\/no\/wp-json\/wp\/v2\/product"}],"about":[{"href":"https:\/\/addio.eu\/no\/wp-json\/wp\/v2\/types\/product"}],"replies":[{"embeddable":true,"href":"https:\/\/addio.eu\/no\/wp-json\/wp\/v2\/comments?post=12744"}],"wp:featuredmedia":[{"embeddable":true,"href":"https:\/\/addio.eu\/no\/wp-json\/wp\/v2\/media\/12761"}],"wp:attachment":[{"href":"https:\/\/addio.eu\/no\/wp-json\/wp\/v2\/media?parent=12744"}],"wp:term":[{"taxonomy":"product_brand","embeddable":true,"href":"https:\/\/addio.eu\/no\/wp-json\/wp\/v2\/product_brand?post=12744"},{"taxonomy":"product_cat","embeddable":true,"href":"https:\/\/addio.eu\/no\/wp-json\/wp\/v2\/product_cat?post=12744"},{"taxonomy":"product_tag","embeddable":true,"href":"https:\/\/addio.eu\/no\/wp-json\/wp\/v2\/product_tag?post=12744"}],"curies":[{"name":"wp","href":"https:\/\/api.w.org\/{rel}","templated":true}]}}