{"id":12551,"date":"2025-03-07T10:38:08","date_gmt":"2025-03-07T10:38:08","guid":{"rendered":"https:\/\/addio.eu\/product\/handenhet-15\/"},"modified":"2025-03-07T10:38:08","modified_gmt":"2025-03-07T10:38:08","slug":"handenhet-15","status":"publish","type":"product","link":"https:\/\/addio.eu\/no\/produkt\/handenhet-15\/","title":{"rendered":"H\u00e5ndenhet 15"},"content":{"rendered":"<p class=\"\" data-start=\"660\" data-end=\"682\"><strong data-start=\"660\" data-end=\"682\">Farge og belysning<\/strong><\/p>\n<p class=\"\" data-start=\"684\" data-end=\"919\">Alle knapper p\u00e5 kontrollpanelet er belyst og kan konfigureres med f\u00f8lgende farger: gr\u00f8nn, bl\u00e5, gul, oransje, hvit og r\u00f8d. B\u00e5de bakgrunnslysfargen og den aktive fargen kan stilles inn i menyen for hver knapp. <\/p>\n<p class=\"\" data-start=\"921\" data-end=\"1055\">Lysintensiteten p\u00e5 knappene justeres automatisk basert p\u00e5 de omkringliggende lysforholdene, takket v\u00e6re en innebygd lyssensor.<\/p>\n<p class=\"\" data-start=\"1346\" data-end=\"1380\"><strong data-start=\"1346\" data-end=\"1380\">Installasjon og konfigurasjon<\/strong><\/p>\n<p class=\"\" data-start=\"1382\" data-end=\"1525\">Konfigurasjon av knappefunksjoner, aktive og passive farger og mer lagres i v\u00e5re rel\u00e9bokser og gj\u00f8res gjennom v\u00e5r programvare, Addio CC.<\/p>\n<p data-start=\"1382\" data-end=\"1525\"><strong>Inkludert i esken<\/strong><br \/>\nAddio-h\u00e5ndenheten leveres med en 3 meter kabel, et brakett og selvklebende knappetiketter.<\/p>\n","protected":false},"excerpt":{"rendered":"<div class=\"elementor-element elementor-element-28a1869 elementor-widget elementor-widget-woocommerce-product-title elementor-page-title elementor-widget-heading\" data-id=\"28a1869\" data-element_type=\"widget\" data-widget_type=\"woocommerce-product-title.default\">\n<div class=\"elementor-widget-container\">\n<h2 class=\"product_title entry-title elementor-heading-title elementor-size-default\"><strong style=\"font-size: 16px;\" data-start=\"62\" data-end=\"120\">Enkel kabling og installasjon med Addio-h\u00e5ndenhet<\/strong><\/h2>\n<\/div>\n<\/div>\n<div class=\"elementor-element elementor-element-b951bf8 elementor-widget elementor-widget-woocommerce-product-short-description\" data-id=\"b951bf8\" data-element_type=\"widget\" data-widget_type=\"woocommerce-product-short-description.default\">\n<div class=\"elementor-widget-container\">\n<div class=\"woocommerce-product-details__short-description\">\n<p>Addio 13-knappers h\u00e5ndenhet er enkel \u00e5 installere ved hjelp av det medf\u00f8lgende monteringsbraketten. H\u00e5ndenheten kobles til rel\u00e9boksens COM\/CAN-port via den medf\u00f8lgende kabelen. <\/p>\n<p>Addio-h\u00e5ndenheten er kompatibel med b\u00e5de v\u00e5re 12V og v\u00e5re 24V DRB-er.<\/p>\n<div id=\"tw-target-rmn-container\" class=\"tw-target-rmn tw-ta-container tw-nfl\" tabindex=\"0\" role=\"text\">\n<p id=\"tw-target-rmn\" class=\"tw-data-placeholder tw-text-small tw-ta\" dir=\"ltr\"><strong data-start=\"333\" data-end=\"345\">Funksjoner<\/strong><\/p>\n<\/div>\n<p class=\"\" data-start=\"347\" data-end=\"523\">Hver knapp kan stilles inn til \u00e5 kontrollere flere funksjoner og kan aktivere en utgang og\/eller fungere som en indikator for \u00e5 vise om en spesifikk inngang, utgang eller annen intern funksjon.<\/p>\n<p class=\"\" data-start=\"525\" data-end=\"658\">Opptil fire h\u00e5ndenheter kan brukes i et system, h\u00e5ndenhetene vil fungere parallelt (trappekobling).<\/p>\n<\/div>\n<\/div>\n<\/div>\n","protected":false},"featured_media":5857,"comment_status":"open","ping_status":"closed","template":"","meta":[],"product_brand":[],"product_cat":[358],"product_tag":[359],"class_list":{"0":"post-12551","1":"product","2":"type-product","3":"status-publish","4":"has-post-thumbnail","6":"product_cat-handenheter","7":"product_tag-15-knapper","9":"first","10":"instock","11":"shipping-taxable","12":"product-type-simple"},"yoast_head":"<!-- This site is optimized with the Yoast SEO plugin v26.0 - https:\/\/yoast.com\/wordpress\/plugins\/seo\/ -->\n<title>H\u00e5ndenhet 15 - Addio Electronics<\/title>\n<meta name=\"robots\" content=\"index, follow, max-snippet:-1, max-image-preview:large, max-video-preview:-1\" \/>\n<link rel=\"canonical\" href=\"https:\/\/addio.eu\/no\/produkt\/handenhet-15\/\" \/>\n<meta property=\"og:locale\" content=\"nb_NO\" \/>\n<meta property=\"og:type\" content=\"article\" \/>\n<meta property=\"og:title\" content=\"H\u00e5ndenhet 15 - Addio Electronics\" \/>\n<meta property=\"og:description\" content=\"Enkel kabling og installasjon med Addio-h\u00e5ndenhet    Addio 13-knappers h\u00e5ndenhet er enkel \u00e5 installere ved hjelp av det medf\u00f8lgende monteringsbraketten. H\u00e5ndenheten kobles til rel\u00e9boksens COM\/CAN-port via den medf\u00f8lgende kabelen.  Addio-h\u00e5ndenheten er kompatibel med b\u00e5de v\u00e5re 12V og v\u00e5re 24V DRB-er. Funksjoner  Hver knapp kan stilles inn til \u00e5 kontrollere flere funksjoner og kan aktivere en utgang og\/eller fungere som en indikator for \u00e5 vise om en spesifikk inngang, utgang eller annen intern funksjon. Opptil fire h\u00e5ndenheter kan brukes i et system, h\u00e5ndenhetene vil fungere parallelt (trappekobling).\" \/>\n<meta property=\"og:url\" content=\"https:\/\/addio.eu\/no\/produkt\/handenhet-15\/\" \/>\n<meta property=\"og:site_name\" content=\"Addio Electronics\" \/>\n<meta property=\"article:publisher\" content=\"https:\/\/www.facebook.com\/AddioElectronicsAB\/\" \/>\n<meta property=\"og:image\" content=\"https:\/\/addio.eu\/wp-content\/uploads\/2025\/03\/IMG_1590-scaled.jpg\" \/>\n\t<meta property=\"og:image:width\" content=\"1670\" \/>\n\t<meta property=\"og:image:height\" content=\"2560\" \/>\n\t<meta property=\"og:image:type\" content=\"image\/jpeg\" \/>\n<meta name=\"twitter:card\" content=\"summary_large_image\" \/>\n<script type=\"application\/ld+json\" class=\"yoast-schema-graph\">{\"@context\":\"https:\/\/schema.org\",\"@graph\":[{\"@type\":\"WebPage\",\"@id\":\"https:\/\/addio.eu\/no\/produkt\/handenhet-15\/\",\"url\":\"https:\/\/addio.eu\/no\/produkt\/handenhet-15\/\",\"name\":\"H\u00e5ndenhet 15 - Addio Electronics\",\"isPartOf\":{\"@id\":\"https:\/\/addio.eu\/no\/#website\"},\"primaryImageOfPage\":{\"@id\":\"https:\/\/addio.eu\/no\/produkt\/handenhet-15\/#primaryimage\"},\"image\":{\"@id\":\"https:\/\/addio.eu\/no\/produkt\/handenhet-15\/#primaryimage\"},\"thumbnailUrl\":\"https:\/\/addio.eu\/wp-content\/uploads\/2025\/03\/IMG_1590-scaled.jpg\",\"datePublished\":\"2025-03-07T10:38:08+00:00\",\"breadcrumb\":{\"@id\":\"https:\/\/addio.eu\/no\/produkt\/handenhet-15\/#breadcrumb\"},\"inLanguage\":\"nb-NO\",\"potentialAction\":[{\"@type\":\"ReadAction\",\"target\":[\"https:\/\/addio.eu\/no\/produkt\/handenhet-15\/\"]}]},{\"@type\":\"ImageObject\",\"inLanguage\":\"nb-NO\",\"@id\":\"https:\/\/addio.eu\/no\/produkt\/handenhet-15\/#primaryimage\",\"url\":\"https:\/\/addio.eu\/wp-content\/uploads\/2025\/03\/IMG_1590-scaled.jpg\",\"contentUrl\":\"https:\/\/addio.eu\/wp-content\/uploads\/2025\/03\/IMG_1590-scaled.jpg\",\"width\":1670,\"height\":2560},{\"@type\":\"BreadcrumbList\",\"@id\":\"https:\/\/addio.eu\/no\/produkt\/handenhet-15\/#breadcrumb\",\"itemListElement\":[{\"@type\":\"ListItem\",\"position\":1,\"name\":\"Home\",\"item\":\"https:\/\/addio.eu\/no\/addio-forside\/\"},{\"@type\":\"ListItem\",\"position\":2,\"name\":\"Produkter\",\"item\":\"https:\/\/addio.eu\/no\/produkter\/\"},{\"@type\":\"ListItem\",\"position\":3,\"name\":\"H\u00e5ndenhet 15\"}]},{\"@type\":\"WebSite\",\"@id\":\"https:\/\/addio.eu\/no\/#website\",\"url\":\"https:\/\/addio.eu\/no\/\",\"name\":\"addio.eu\",\"description\":\"\",\"publisher\":{\"@id\":\"https:\/\/addio.eu\/no\/#organization\"},\"potentialAction\":[{\"@type\":\"SearchAction\",\"target\":{\"@type\":\"EntryPoint\",\"urlTemplate\":\"https:\/\/addio.eu\/no\/?s={search_term_string}\"},\"query-input\":{\"@type\":\"PropertyValueSpecification\",\"valueRequired\":true,\"valueName\":\"search_term_string\"}}],\"inLanguage\":\"nb-NO\"},{\"@type\":\"Organization\",\"@id\":\"https:\/\/addio.eu\/no\/#organization\",\"name\":\"Addio electronics\",\"url\":\"https:\/\/addio.eu\/no\/\",\"logo\":{\"@type\":\"ImageObject\",\"inLanguage\":\"nb-NO\",\"@id\":\"https:\/\/addio.eu\/no\/#\/schema\/logo\/image\/\",\"url\":\"https:\/\/addio.eu\/wp-content\/uploads\/2024\/10\/Lager_1-1.svg\",\"contentUrl\":\"https:\/\/addio.eu\/wp-content\/uploads\/2024\/10\/Lager_1-1.svg\",\"caption\":\"Addio electronics\"},\"image\":{\"@id\":\"https:\/\/addio.eu\/no\/#\/schema\/logo\/image\/\"},\"sameAs\":[\"https:\/\/www.facebook.com\/AddioElectronicsAB\/\",\"https:\/\/www.linkedin.com\/company\/addio-electronics-ab\"]}]}<\/script>\n<!-- \/ Yoast SEO plugin. -->","yoast_head_json":{"title":"H\u00e5ndenhet 15 - Addio Electronics","robots":{"index":"index","follow":"follow","max-snippet":"max-snippet:-1","max-image-preview":"max-image-preview:large","max-video-preview":"max-video-preview:-1"},"canonical":"https:\/\/addio.eu\/no\/produkt\/handenhet-15\/","og_locale":"nb_NO","og_type":"article","og_title":"H\u00e5ndenhet 15 - Addio Electronics","og_description":"Enkel kabling og installasjon med Addio-h\u00e5ndenhet    Addio 13-knappers h\u00e5ndenhet er enkel \u00e5 installere ved hjelp av det medf\u00f8lgende monteringsbraketten. H\u00e5ndenheten kobles til rel\u00e9boksens COM\/CAN-port via den medf\u00f8lgende kabelen.  Addio-h\u00e5ndenheten er kompatibel med b\u00e5de v\u00e5re 12V og v\u00e5re 24V DRB-er. Funksjoner  Hver knapp kan stilles inn til \u00e5 kontrollere flere funksjoner og kan aktivere en utgang og\/eller fungere som en indikator for \u00e5 vise om en spesifikk inngang, utgang eller annen intern funksjon. Opptil fire h\u00e5ndenheter kan brukes i et system, h\u00e5ndenhetene vil fungere parallelt (trappekobling).","og_url":"https:\/\/addio.eu\/no\/produkt\/handenhet-15\/","og_site_name":"Addio Electronics","article_publisher":"https:\/\/www.facebook.com\/AddioElectronicsAB\/","og_image":[{"width":1670,"height":2560,"url":"https:\/\/addio.eu\/wp-content\/uploads\/2025\/03\/IMG_1590-scaled.jpg","type":"image\/jpeg"}],"twitter_card":"summary_large_image","schema":{"@context":"https:\/\/schema.org","@graph":[{"@type":"WebPage","@id":"https:\/\/addio.eu\/no\/produkt\/handenhet-15\/","url":"https:\/\/addio.eu\/no\/produkt\/handenhet-15\/","name":"H\u00e5ndenhet 15 - Addio Electronics","isPartOf":{"@id":"https:\/\/addio.eu\/no\/#website"},"primaryImageOfPage":{"@id":"https:\/\/addio.eu\/no\/produkt\/handenhet-15\/#primaryimage"},"image":{"@id":"https:\/\/addio.eu\/no\/produkt\/handenhet-15\/#primaryimage"},"thumbnailUrl":"https:\/\/addio.eu\/wp-content\/uploads\/2025\/03\/IMG_1590-scaled.jpg","datePublished":"2025-03-07T10:38:08+00:00","breadcrumb":{"@id":"https:\/\/addio.eu\/no\/produkt\/handenhet-15\/#breadcrumb"},"inLanguage":"nb-NO","potentialAction":[{"@type":"ReadAction","target":["https:\/\/addio.eu\/no\/produkt\/handenhet-15\/"]}]},{"@type":"ImageObject","inLanguage":"nb-NO","@id":"https:\/\/addio.eu\/no\/produkt\/handenhet-15\/#primaryimage","url":"https:\/\/addio.eu\/wp-content\/uploads\/2025\/03\/IMG_1590-scaled.jpg","contentUrl":"https:\/\/addio.eu\/wp-content\/uploads\/2025\/03\/IMG_1590-scaled.jpg","width":1670,"height":2560},{"@type":"BreadcrumbList","@id":"https:\/\/addio.eu\/no\/produkt\/handenhet-15\/#breadcrumb","itemListElement":[{"@type":"ListItem","position":1,"name":"Home","item":"https:\/\/addio.eu\/no\/addio-forside\/"},{"@type":"ListItem","position":2,"name":"Produkter","item":"https:\/\/addio.eu\/no\/produkter\/"},{"@type":"ListItem","position":3,"name":"H\u00e5ndenhet 15"}]},{"@type":"WebSite","@id":"https:\/\/addio.eu\/no\/#website","url":"https:\/\/addio.eu\/no\/","name":"addio.eu","description":"","publisher":{"@id":"https:\/\/addio.eu\/no\/#organization"},"potentialAction":[{"@type":"SearchAction","target":{"@type":"EntryPoint","urlTemplate":"https:\/\/addio.eu\/no\/?s={search_term_string}"},"query-input":{"@type":"PropertyValueSpecification","valueRequired":true,"valueName":"search_term_string"}}],"inLanguage":"nb-NO"},{"@type":"Organization","@id":"https:\/\/addio.eu\/no\/#organization","name":"Addio electronics","url":"https:\/\/addio.eu\/no\/","logo":{"@type":"ImageObject","inLanguage":"nb-NO","@id":"https:\/\/addio.eu\/no\/#\/schema\/logo\/image\/","url":"https:\/\/addio.eu\/wp-content\/uploads\/2024\/10\/Lager_1-1.svg","contentUrl":"https:\/\/addio.eu\/wp-content\/uploads\/2024\/10\/Lager_1-1.svg","caption":"Addio electronics"},"image":{"@id":"https:\/\/addio.eu\/no\/#\/schema\/logo\/image\/"},"sameAs":["https:\/\/www.facebook.com\/AddioElectronicsAB\/","https:\/\/www.linkedin.com\/company\/addio-electronics-ab"]}]}},"_links":{"self":[{"href":"https:\/\/addio.eu\/no\/wp-json\/wp\/v2\/product\/12551","targetHints":{"allow":["GET"]}}],"collection":[{"href":"https:\/\/addio.eu\/no\/wp-json\/wp\/v2\/product"}],"about":[{"href":"https:\/\/addio.eu\/no\/wp-json\/wp\/v2\/types\/product"}],"replies":[{"embeddable":true,"href":"https:\/\/addio.eu\/no\/wp-json\/wp\/v2\/comments?post=12551"}],"wp:featuredmedia":[{"embeddable":true,"href":"https:\/\/addio.eu\/no\/wp-json\/wp\/v2\/media\/5857"}],"wp:attachment":[{"href":"https:\/\/addio.eu\/no\/wp-json\/wp\/v2\/media?parent=12551"}],"wp:term":[{"taxonomy":"product_brand","embeddable":true,"href":"https:\/\/addio.eu\/no\/wp-json\/wp\/v2\/product_brand?post=12551"},{"taxonomy":"product_cat","embeddable":true,"href":"https:\/\/addio.eu\/no\/wp-json\/wp\/v2\/product_cat?post=12551"},{"taxonomy":"product_tag","embeddable":true,"href":"https:\/\/addio.eu\/no\/wp-json\/wp\/v2\/product_tag?post=12551"}],"curies":[{"name":"wp","href":"https:\/\/api.w.org\/{rel}","templated":true}]}}