{"id":12416,"date":"2025-03-02T08:15:23","date_gmt":"2025-03-02T08:15:23","guid":{"rendered":"https:\/\/addio.eu\/product\/drb-9012-8-adv\/"},"modified":"2026-02-10T17:02:01","modified_gmt":"2026-02-10T17:02:01","slug":"drb-9012-8-adv","status":"publish","type":"product","link":"https:\/\/addio.eu\/no\/produkt\/drb-9012-8-adv\/","title":{"rendered":"DRB 9012-8 ADV"},"content":{"rendered":"<p>For automatiserte funksjoner kan Addio CAN Master kobles til og brukes for integrasjon med kj\u00f8ret\u00f8ysignaler som brukes som innganger.<\/p>\n<p>DRB-en konfigureres via v\u00e5r programvare ADDIO CC.<\/p>\n<p>&nbsp;<\/p>\n<table width=\"360\">\n<tbody>\n<tr>\n<td width=\"234\">Modell<\/td>\n<td width=\"126\">DRB-9012-8 ADV<\/td>\n<\/tr>\n<tr>\n<td width=\"234\">Str\u00f8mforsyning<\/td>\n<td width=\"126\">10-22 VDC<\/td>\n<\/tr>\n<tr>\n<td width=\"234\">Internt str\u00f8mforbruk (omtrentlig) Normal modus ingen utgang aktiv \/ Hvilemodus<\/td>\n<td width=\"126\">~30mA\/~10mA<\/td>\n<\/tr>\n<tr>\n<td width=\"234\">Underspenningsbeskyttelse (justerbar)<\/td>\n<td width=\"126\">10-13V, 0,5V trinn<\/td>\n<\/tr>\n<tr>\n<td width=\"234\">Overspenningsbeskyttelse (justerbar)<\/td>\n<td width=\"126\">16-26V, 2V trinn<\/td>\n<\/tr>\n<tr>\n<td width=\"234\">Maks. total str\u00f8m 1 minutt<\/td>\n<td width=\"126\">90A<\/td>\n<\/tr>\n<tr>\n<td width=\"234\">Maks. total str\u00f8m kontinuerlig<\/td>\n<td width=\"126\">70A<\/td>\n<\/tr>\n<tr>\n<td width=\"234\">Totalt antall innganger<\/td>\n<td width=\"126\">8 stk<\/td>\n<\/tr>\n<tr>\n<td width=\"234\">Digitale innganger<\/td>\n<td width=\"126\">4 av 8 stk<\/td>\n<\/tr>\n<tr>\n<td width=\"234\">Analoge innganger<\/td>\n<td width=\"126\">4 av 8 stk<\/td>\n<\/tr>\n<tr>\n<td width=\"234\">Inngangsresistans @12V<\/td>\n<td width=\"126\">22k\u03a9<\/td>\n<\/tr>\n<tr>\n<td width=\"234\">Tilkoblinger innganger (avtakbare skruterminaler)<\/td>\n<td width=\"126\">10-polet inkl. +\/-<\/td>\n<\/tr>\n<tr>\n<td width=\"234\">Antall utganger<\/td>\n<td width=\"126\">8 stk<\/td>\n<\/tr>\n<tr>\n<td width=\"234\">Tilkobling utganger<\/td>\n<td width=\"126\">Kabel krympekontakt<\/td>\n<\/tr>\n<tr>\n<td width=\"234\">Sikringsst\u00f8rrelse A, utganger<\/td>\n<td width=\"126\">5, 10, 15, 20, (25 kun U7, U8)<\/td>\n<\/tr>\n<tr>\n<td width=\"234\">Tilkobling str\u00f8mforsyning<\/td>\n<td width=\"126\">M5 mutter<\/td>\n<\/tr>\n<tr>\n<td width=\"234\">Bluetooth<\/td>\n<td width=\"126\">Ja, tilbeh\u00f8r<\/td>\n<\/tr>\n<tr>\n<td width=\"234\">Motorkontroll H-Bro (forel\u00f8pig str\u00f8m)<\/td>\n<td width=\"126\">ja, maks 12A<\/td>\n<\/tr>\n<tr>\n<td width=\"234\">Feilindikasjon<\/td>\n<td width=\"126\">delt RGB LED<\/td>\n<\/tr>\n<tr>\n<td width=\"234\">LED per utgang (justerbar farge)<\/td>\n<td width=\"126\">ja, RGB<\/td>\n<\/tr>\n<tr>\n<td width=\"234\">Kommunikasjonsbuss (CAN-buss)<\/td>\n<td width=\"126\">Ja 2 stk RJ10<\/td>\n<\/tr>\n<tr>\n<td width=\"234\">Datatilkoblinger<\/td>\n<td width=\"126\">USB Mini<\/td>\n<\/tr>\n<tr>\n<td width=\"234\">Jordingssignaler<\/td>\n<td width=\"126\">Ja, med intern pull-up. Inngang 1-4<\/td>\n<\/tr>\n<tr>\n<td width=\"234\">H\u00e5ndkontroller, bryterpaneler, sensorer osv.<\/td>\n<td width=\"126\">Ja, som tilbeh\u00f8r<\/td>\n<\/tr>\n<tr>\n<td width=\"234\">St\u00f8rrelse (mm)<\/td>\n<td width=\"126\">170x92x21<\/td>\n<\/tr>\n<tr>\n<td width=\"234\">Vekt<\/td>\n<td width=\"126\">174<\/td>\n<\/tr>\n<\/tbody>\n<\/table>\n","protected":false},"excerpt":{"rendered":"<p class=\"\" data-start=\"112\" data-end=\"430\">DRB 9012-8 ADV er v\u00e5r bestselgende enhet med 8 utganger og 8 innganger, og en kontinuerlig total str\u00f8m p\u00e5 90 ampere fordelt p\u00e5 alle utganger.<\/p>\n<p>Som alle v\u00e5re DRB-er, tilbyr 9012-8 ADV et bredt spekter av funksjoner som:<\/p>\n<ul>\n<li>Rel\u00e9-funksjoner som blinking, dimming og timer<\/li>\n<li>Sikringsfunksjon via h\u00f8ystr\u00f8msbrytere<\/li>\n<li>Batteribeskyttelse gjennom timere eller spenningsbeskyttelse, individuelt per utgang<\/li>\n<li>Regelbaserte logiske funksjoner<\/li>\n<li>Opptil tre forskjellige funksjoner per utgang, som konstant eller blinkende<\/li>\n<\/ul>\n<p class=\"\" data-start=\"112\" data-end=\"430\">Utgangene er digitalt beskyttet opptil 25 ampere per utgang (justerbart i 5 A intervaller)<\/p>\n<p class=\"\" data-start=\"432\" data-end=\"679\">Enheten kontrolleres ideelt sett av v\u00e5rt 8-knappers kontrollpanel (tilbeh\u00f8r) tilkoblet via CAN-Bus, men vanlige brytere eller andre typer signaler, b\u00e5de digitale (h\u00f8y\/lav) og analoge (variable spenninger), kan ogs\u00e5 konfigureres til \u00e5 kontrollere hver utgang.<\/p>\n","protected":false},"featured_media":12419,"comment_status":"open","ping_status":"closed","template":"","meta":[],"product_brand":[],"product_cat":[195],"product_tag":[196,197,241,242],"class_list":{"0":"post-12416","1":"product","2":"type-product","3":"status-publish","4":"has-post-thumbnail","6":"product_cat-digitale-relebokser","7":"product_tag-12v","8":"product_tag-2-can-porter","9":"product_tag-8-innganger","10":"product_tag-8-utganger","12":"first","13":"instock","14":"shipping-taxable","15":"product-type-simple"},"yoast_head":"<!-- This site is optimized with the Yoast SEO plugin v26.0 - https:\/\/yoast.com\/wordpress\/plugins\/seo\/ -->\n<title>DRB 9012-8 ADV - Addio Electronics<\/title>\n<meta name=\"robots\" content=\"index, follow, max-snippet:-1, max-image-preview:large, max-video-preview:-1\" \/>\n<link rel=\"canonical\" href=\"https:\/\/addio.eu\/no\/produkt\/drb-9012-8-adv\/\" \/>\n<meta property=\"og:locale\" content=\"nb_NO\" \/>\n<meta property=\"og:type\" content=\"article\" \/>\n<meta property=\"og:title\" content=\"DRB 9012-8 ADV - Addio Electronics\" \/>\n<meta property=\"og:description\" content=\"DRB 9012-8 ADV er v\u00e5r bestselgende enhet med 8 utganger og 8 innganger, og en kontinuerlig total str\u00f8m p\u00e5 90 ampere fordelt p\u00e5 alle utganger. Som alle v\u00e5re DRB-er, tilbyr 9012-8 ADV et bredt spekter av funksjoner som:  Rel\u00e9-funksjoner som blinking, dimming og timer  Sikringsfunksjon via h\u00f8ystr\u00f8msbrytere  Batteribeskyttelse gjennom timere eller spenningsbeskyttelse, individuelt per utgang  Regelbaserte logiske funksjoner  Opptil tre forskjellige funksjoner per utgang, som konstant eller blinkende Utgangene er digitalt beskyttet opptil 25 ampere per utgang (justerbart i 5 A intervaller) Enheten kontrolleres ideelt sett av v\u00e5rt 8-knappers kontrollpanel (tilbeh\u00f8r) tilkoblet via CAN-Bus, men vanlige brytere eller andre typer signaler, b\u00e5de digitale (h\u00f8y\/lav) og analoge (variable spenninger), kan ogs\u00e5 konfigureres til \u00e5 kontrollere hver utgang.\" \/>\n<meta property=\"og:url\" content=\"https:\/\/addio.eu\/no\/produkt\/drb-9012-8-adv\/\" \/>\n<meta property=\"og:site_name\" content=\"Addio Electronics\" \/>\n<meta property=\"article:publisher\" content=\"https:\/\/www.facebook.com\/AddioElectronicsAB\/\" \/>\n<meta property=\"article:modified_time\" content=\"2026-02-10T17:02:01+00:00\" \/>\n<meta property=\"og:image\" content=\"https:\/\/addio.eu\/wp-content\/uploads\/2025\/03\/IMG_1765-scaled.jpg\" \/>\n\t<meta property=\"og:image:width\" content=\"2560\" \/>\n\t<meta property=\"og:image:height\" content=\"1598\" \/>\n\t<meta property=\"og:image:type\" content=\"image\/jpeg\" \/>\n<meta name=\"twitter:card\" content=\"summary_large_image\" \/>\n<meta name=\"twitter:label1\" content=\"Ansl. lesetid\" \/>\n\t<meta name=\"twitter:data1\" content=\"1 minutt\" \/>\n<script type=\"application\/ld+json\" class=\"yoast-schema-graph\">{\"@context\":\"https:\/\/schema.org\",\"@graph\":[{\"@type\":\"WebPage\",\"@id\":\"https:\/\/addio.eu\/no\/produkt\/drb-9012-8-adv\/\",\"url\":\"https:\/\/addio.eu\/no\/produkt\/drb-9012-8-adv\/\",\"name\":\"DRB 9012-8 ADV - Addio Electronics\",\"isPartOf\":{\"@id\":\"https:\/\/addio.eu\/no\/#website\"},\"primaryImageOfPage\":{\"@id\":\"https:\/\/addio.eu\/no\/produkt\/drb-9012-8-adv\/#primaryimage\"},\"image\":{\"@id\":\"https:\/\/addio.eu\/no\/produkt\/drb-9012-8-adv\/#primaryimage\"},\"thumbnailUrl\":\"https:\/\/addio.eu\/wp-content\/uploads\/2025\/03\/IMG_1765-scaled.jpg\",\"datePublished\":\"2025-03-02T08:15:23+00:00\",\"dateModified\":\"2026-02-10T17:02:01+00:00\",\"breadcrumb\":{\"@id\":\"https:\/\/addio.eu\/no\/produkt\/drb-9012-8-adv\/#breadcrumb\"},\"inLanguage\":\"nb-NO\",\"potentialAction\":[{\"@type\":\"ReadAction\",\"target\":[\"https:\/\/addio.eu\/no\/produkt\/drb-9012-8-adv\/\"]}]},{\"@type\":\"ImageObject\",\"inLanguage\":\"nb-NO\",\"@id\":\"https:\/\/addio.eu\/no\/produkt\/drb-9012-8-adv\/#primaryimage\",\"url\":\"https:\/\/addio.eu\/wp-content\/uploads\/2025\/03\/IMG_1765-scaled.jpg\",\"contentUrl\":\"https:\/\/addio.eu\/wp-content\/uploads\/2025\/03\/IMG_1765-scaled.jpg\",\"width\":2560,\"height\":1598},{\"@type\":\"BreadcrumbList\",\"@id\":\"https:\/\/addio.eu\/no\/produkt\/drb-9012-8-adv\/#breadcrumb\",\"itemListElement\":[{\"@type\":\"ListItem\",\"position\":1,\"name\":\"Home\",\"item\":\"https:\/\/addio.eu\/no\/addio-forside\/\"},{\"@type\":\"ListItem\",\"position\":2,\"name\":\"Produkter\",\"item\":\"https:\/\/addio.eu\/no\/produkter\/\"},{\"@type\":\"ListItem\",\"position\":3,\"name\":\"DRB 9012-8 ADV\"}]},{\"@type\":\"WebSite\",\"@id\":\"https:\/\/addio.eu\/no\/#website\",\"url\":\"https:\/\/addio.eu\/no\/\",\"name\":\"addio.eu\",\"description\":\"\",\"publisher\":{\"@id\":\"https:\/\/addio.eu\/no\/#organization\"},\"potentialAction\":[{\"@type\":\"SearchAction\",\"target\":{\"@type\":\"EntryPoint\",\"urlTemplate\":\"https:\/\/addio.eu\/no\/?s={search_term_string}\"},\"query-input\":{\"@type\":\"PropertyValueSpecification\",\"valueRequired\":true,\"valueName\":\"search_term_string\"}}],\"inLanguage\":\"nb-NO\"},{\"@type\":\"Organization\",\"@id\":\"https:\/\/addio.eu\/no\/#organization\",\"name\":\"Addio electronics\",\"url\":\"https:\/\/addio.eu\/no\/\",\"logo\":{\"@type\":\"ImageObject\",\"inLanguage\":\"nb-NO\",\"@id\":\"https:\/\/addio.eu\/no\/#\/schema\/logo\/image\/\",\"url\":\"https:\/\/addio.eu\/wp-content\/uploads\/2024\/10\/Lager_1-1.svg\",\"contentUrl\":\"https:\/\/addio.eu\/wp-content\/uploads\/2024\/10\/Lager_1-1.svg\",\"caption\":\"Addio electronics\"},\"image\":{\"@id\":\"https:\/\/addio.eu\/no\/#\/schema\/logo\/image\/\"},\"sameAs\":[\"https:\/\/www.facebook.com\/AddioElectronicsAB\/\",\"https:\/\/www.linkedin.com\/company\/addio-electronics-ab\"]}]}<\/script>\n<!-- \/ Yoast SEO plugin. -->","yoast_head_json":{"title":"DRB 9012-8 ADV - Addio Electronics","robots":{"index":"index","follow":"follow","max-snippet":"max-snippet:-1","max-image-preview":"max-image-preview:large","max-video-preview":"max-video-preview:-1"},"canonical":"https:\/\/addio.eu\/no\/produkt\/drb-9012-8-adv\/","og_locale":"nb_NO","og_type":"article","og_title":"DRB 9012-8 ADV - Addio Electronics","og_description":"DRB 9012-8 ADV er v\u00e5r bestselgende enhet med 8 utganger og 8 innganger, og en kontinuerlig total str\u00f8m p\u00e5 90 ampere fordelt p\u00e5 alle utganger. Som alle v\u00e5re DRB-er, tilbyr 9012-8 ADV et bredt spekter av funksjoner som:  Rel\u00e9-funksjoner som blinking, dimming og timer  Sikringsfunksjon via h\u00f8ystr\u00f8msbrytere  Batteribeskyttelse gjennom timere eller spenningsbeskyttelse, individuelt per utgang  Regelbaserte logiske funksjoner  Opptil tre forskjellige funksjoner per utgang, som konstant eller blinkende Utgangene er digitalt beskyttet opptil 25 ampere per utgang (justerbart i 5 A intervaller) Enheten kontrolleres ideelt sett av v\u00e5rt 8-knappers kontrollpanel (tilbeh\u00f8r) tilkoblet via CAN-Bus, men vanlige brytere eller andre typer signaler, b\u00e5de digitale (h\u00f8y\/lav) og analoge (variable spenninger), kan ogs\u00e5 konfigureres til \u00e5 kontrollere hver utgang.","og_url":"https:\/\/addio.eu\/no\/produkt\/drb-9012-8-adv\/","og_site_name":"Addio Electronics","article_publisher":"https:\/\/www.facebook.com\/AddioElectronicsAB\/","article_modified_time":"2026-02-10T17:02:01+00:00","og_image":[{"width":2560,"height":1598,"url":"https:\/\/addio.eu\/wp-content\/uploads\/2025\/03\/IMG_1765-scaled.jpg","type":"image\/jpeg"}],"twitter_card":"summary_large_image","twitter_misc":{"Ansl. lesetid":"1 minutt"},"schema":{"@context":"https:\/\/schema.org","@graph":[{"@type":"WebPage","@id":"https:\/\/addio.eu\/no\/produkt\/drb-9012-8-adv\/","url":"https:\/\/addio.eu\/no\/produkt\/drb-9012-8-adv\/","name":"DRB 9012-8 ADV - Addio Electronics","isPartOf":{"@id":"https:\/\/addio.eu\/no\/#website"},"primaryImageOfPage":{"@id":"https:\/\/addio.eu\/no\/produkt\/drb-9012-8-adv\/#primaryimage"},"image":{"@id":"https:\/\/addio.eu\/no\/produkt\/drb-9012-8-adv\/#primaryimage"},"thumbnailUrl":"https:\/\/addio.eu\/wp-content\/uploads\/2025\/03\/IMG_1765-scaled.jpg","datePublished":"2025-03-02T08:15:23+00:00","dateModified":"2026-02-10T17:02:01+00:00","breadcrumb":{"@id":"https:\/\/addio.eu\/no\/produkt\/drb-9012-8-adv\/#breadcrumb"},"inLanguage":"nb-NO","potentialAction":[{"@type":"ReadAction","target":["https:\/\/addio.eu\/no\/produkt\/drb-9012-8-adv\/"]}]},{"@type":"ImageObject","inLanguage":"nb-NO","@id":"https:\/\/addio.eu\/no\/produkt\/drb-9012-8-adv\/#primaryimage","url":"https:\/\/addio.eu\/wp-content\/uploads\/2025\/03\/IMG_1765-scaled.jpg","contentUrl":"https:\/\/addio.eu\/wp-content\/uploads\/2025\/03\/IMG_1765-scaled.jpg","width":2560,"height":1598},{"@type":"BreadcrumbList","@id":"https:\/\/addio.eu\/no\/produkt\/drb-9012-8-adv\/#breadcrumb","itemListElement":[{"@type":"ListItem","position":1,"name":"Home","item":"https:\/\/addio.eu\/no\/addio-forside\/"},{"@type":"ListItem","position":2,"name":"Produkter","item":"https:\/\/addio.eu\/no\/produkter\/"},{"@type":"ListItem","position":3,"name":"DRB 9012-8 ADV"}]},{"@type":"WebSite","@id":"https:\/\/addio.eu\/no\/#website","url":"https:\/\/addio.eu\/no\/","name":"addio.eu","description":"","publisher":{"@id":"https:\/\/addio.eu\/no\/#organization"},"potentialAction":[{"@type":"SearchAction","target":{"@type":"EntryPoint","urlTemplate":"https:\/\/addio.eu\/no\/?s={search_term_string}"},"query-input":{"@type":"PropertyValueSpecification","valueRequired":true,"valueName":"search_term_string"}}],"inLanguage":"nb-NO"},{"@type":"Organization","@id":"https:\/\/addio.eu\/no\/#organization","name":"Addio electronics","url":"https:\/\/addio.eu\/no\/","logo":{"@type":"ImageObject","inLanguage":"nb-NO","@id":"https:\/\/addio.eu\/no\/#\/schema\/logo\/image\/","url":"https:\/\/addio.eu\/wp-content\/uploads\/2024\/10\/Lager_1-1.svg","contentUrl":"https:\/\/addio.eu\/wp-content\/uploads\/2024\/10\/Lager_1-1.svg","caption":"Addio electronics"},"image":{"@id":"https:\/\/addio.eu\/no\/#\/schema\/logo\/image\/"},"sameAs":["https:\/\/www.facebook.com\/AddioElectronicsAB\/","https:\/\/www.linkedin.com\/company\/addio-electronics-ab"]}]}},"_links":{"self":[{"href":"https:\/\/addio.eu\/no\/wp-json\/wp\/v2\/product\/12416","targetHints":{"allow":["GET"]}}],"collection":[{"href":"https:\/\/addio.eu\/no\/wp-json\/wp\/v2\/product"}],"about":[{"href":"https:\/\/addio.eu\/no\/wp-json\/wp\/v2\/types\/product"}],"replies":[{"embeddable":true,"href":"https:\/\/addio.eu\/no\/wp-json\/wp\/v2\/comments?post=12416"}],"wp:featuredmedia":[{"embeddable":true,"href":"https:\/\/addio.eu\/no\/wp-json\/wp\/v2\/media\/12419"}],"wp:attachment":[{"href":"https:\/\/addio.eu\/no\/wp-json\/wp\/v2\/media?parent=12416"}],"wp:term":[{"taxonomy":"product_brand","embeddable":true,"href":"https:\/\/addio.eu\/no\/wp-json\/wp\/v2\/product_brand?post=12416"},{"taxonomy":"product_cat","embeddable":true,"href":"https:\/\/addio.eu\/no\/wp-json\/wp\/v2\/product_cat?post=12416"},{"taxonomy":"product_tag","embeddable":true,"href":"https:\/\/addio.eu\/no\/wp-json\/wp\/v2\/product_tag?post=12416"}],"curies":[{"name":"wp","href":"https:\/\/api.w.org\/{rel}","templated":true}]}}