{"id":12328,"date":"2025-03-07T10:28:46","date_gmt":"2025-03-07T10:28:46","guid":{"rendered":"https:\/\/addio.eu\/product\/bryterpanel-4\/"},"modified":"2025-03-07T10:28:46","modified_gmt":"2025-03-07T10:28:46","slug":"bryterpanel-4","status":"publish","type":"product","link":"https:\/\/addio.eu\/no\/produkt\/bryterpanel-4\/","title":{"rendered":"Bryterpanel 4"},"content":{"rendered":"<p class=\"\" data-start=\"660\" data-end=\"682\"><strong data-start=\"660\" data-end=\"682\">Farge og belysning<\/strong><\/p>\n<p class=\"\" data-start=\"684\" data-end=\"919\">Alle knapper p\u00e5 kontrollpanelet er belyst og kan konfigureres med f\u00f8lgende farger: gr\u00f8nn, bl\u00e5, gul, oransje, hvit og r\u00f8d. B\u00e5de bakgrunnslysfargen og den aktive fargen kan stilles inn i menyen for hver knapp. <\/p>\n<p class=\"\" data-start=\"921\" data-end=\"1055\">Lysintensiteten p\u00e5 knappene justeres automatisk basert p\u00e5 de omkringliggende lysforholdene, takket v\u00e6re en innebygd lyssensor.<\/p>\n<p class=\"\" data-start=\"1057\" data-end=\"1085\"><strong data-start=\"1057\" data-end=\"1085\">Buzzer og knappelyder<\/strong><\/p>\n<p class=\"\" data-start=\"1087\" data-end=\"1344\">Kontrollpanelet har en innebygd buzzer, som kan gi tilbakemelding med et kort pip n\u00e5r en knapp trykkes. Buzzeren kan ogs\u00e5 styres fra en ekstern kilde, som en inngang, utgang eller virtuell utgang, for \u00e5 utl\u00f8se alarmfunksjoner og mer. <\/p>\n<p class=\"\" data-start=\"1346\" data-end=\"1380\"><strong data-start=\"1346\" data-end=\"1380\">Installasjon og konfigurasjon<\/strong><\/p>\n<p class=\"\" data-start=\"1382\" data-end=\"1525\">Konfigurasjon av knappefunksjoner, aktive og passive farger, og mer lagres i v\u00e5re rel\u00e9bokser og gj\u00f8res via v\u00e5r programvare, Addio CC.<\/p>\n<p data-start=\"1382\" data-end=\"1525\"><strong>Inkludert i esken<\/strong><br \/>\nAddio bryterpaneler leveres med en 5 meter lang kabel og selvklebende knappeklistremerker.<br \/>\nEt alternativt Art. nr. inkluderer ogs\u00e5 en brakett. <\/p>\n","protected":false},"excerpt":{"rendered":"<p class=\"\" data-start=\"62\" data-end=\"120\"><strong data-start=\"62\" data-end=\"120\">Enkel kabling og installasjon med Addio kontrollpaneler<\/strong><\/p>\n<p class=\"\" data-start=\"122\" data-end=\"331\">Addio kontrollpaneler er enkle \u00e5 installere ved hjelp av den medf\u00f8lgende dobbeltsidige tapen eller med en monteringsbrakett (tilgjengelig som tilbeh\u00f8r). Tastaturene kobles til rel\u00e9boksens COM\/CAN-port via den medf\u00f8lgende kabelen. <\/p>\n<p class=\"\" data-start=\"333\" data-end=\"345\"><strong data-start=\"333\" data-end=\"345\">Funksjoner<\/strong><\/p>\n<p class=\"\" data-start=\"347\" data-end=\"523\">Hver knapp kan stilles inn i flere posisjoner og kan aktivere en utgang og\/eller fungere som en indikator for \u00e5 vise om en spesifikk inngang, utgang eller annen intern funksjon er aktiv.<\/p>\n<p class=\"\" data-start=\"525\" data-end=\"658\">Opptil fire kontrollpaneler kan brukes i et system, og de kan konfigureres individuelt eller operere parallelt (trappekobling).<\/p>\n","protected":false},"featured_media":5843,"comment_status":"open","ping_status":"closed","template":"","meta":[],"product_brand":[],"product_cat":[345],"product_tag":[346],"class_list":{"0":"post-12328","1":"product","2":"type-product","3":"status-publish","4":"has-post-thumbnail","6":"product_cat-bryterpaneler","7":"product_tag-4-knapper","9":"first","10":"instock","11":"shipping-taxable","12":"product-type-simple"},"yoast_head":"<!-- This site is optimized with the Yoast SEO plugin v26.0 - https:\/\/yoast.com\/wordpress\/plugins\/seo\/ -->\n<title>Bryterpanel 4 - Addio Electronics<\/title>\n<meta name=\"robots\" content=\"index, follow, max-snippet:-1, max-image-preview:large, max-video-preview:-1\" \/>\n<link rel=\"canonical\" href=\"https:\/\/addio.eu\/no\/produkt\/bryterpanel-4\/\" \/>\n<meta property=\"og:locale\" content=\"nb_NO\" \/>\n<meta property=\"og:type\" content=\"article\" \/>\n<meta property=\"og:title\" content=\"Bryterpanel 4 - Addio Electronics\" \/>\n<meta property=\"og:description\" content=\"Enkel kabling og installasjon med Addio kontrollpaneler Addio kontrollpaneler er enkle \u00e5 installere ved hjelp av den medf\u00f8lgende dobbeltsidige tapen eller med en monteringsbrakett (tilgjengelig som tilbeh\u00f8r). Tastaturene kobles til rel\u00e9boksens COM\/CAN-port via den medf\u00f8lgende kabelen. Funksjoner Hver knapp kan stilles inn i flere posisjoner og kan aktivere en utgang og\/eller fungere som en indikator for \u00e5 vise om en spesifikk inngang, utgang eller annen intern funksjon er aktiv. Opptil fire kontrollpaneler kan brukes i et system, og de kan konfigureres individuelt eller operere parallelt (trappekobling).\" \/>\n<meta property=\"og:url\" content=\"https:\/\/addio.eu\/no\/produkt\/bryterpanel-4\/\" \/>\n<meta property=\"og:site_name\" content=\"Addio Electronics\" \/>\n<meta property=\"article:publisher\" content=\"https:\/\/www.facebook.com\/AddioElectronicsAB\/\" \/>\n<meta property=\"og:image\" content=\"https:\/\/addio.eu\/wp-content\/uploads\/2025\/03\/IMG_1586-scaled.jpg\" \/>\n\t<meta property=\"og:image:width\" content=\"2560\" \/>\n\t<meta property=\"og:image:height\" content=\"1920\" \/>\n\t<meta property=\"og:image:type\" content=\"image\/jpeg\" \/>\n<meta name=\"twitter:card\" content=\"summary_large_image\" \/>\n<meta name=\"twitter:label1\" content=\"Ansl. lesetid\" \/>\n\t<meta name=\"twitter:data1\" content=\"1 minutt\" \/>\n<script type=\"application\/ld+json\" class=\"yoast-schema-graph\">{\"@context\":\"https:\/\/schema.org\",\"@graph\":[{\"@type\":\"WebPage\",\"@id\":\"https:\/\/addio.eu\/no\/produkt\/bryterpanel-4\/\",\"url\":\"https:\/\/addio.eu\/no\/produkt\/bryterpanel-4\/\",\"name\":\"Bryterpanel 4 - Addio Electronics\",\"isPartOf\":{\"@id\":\"https:\/\/addio.eu\/no\/#website\"},\"primaryImageOfPage\":{\"@id\":\"https:\/\/addio.eu\/no\/produkt\/bryterpanel-4\/#primaryimage\"},\"image\":{\"@id\":\"https:\/\/addio.eu\/no\/produkt\/bryterpanel-4\/#primaryimage\"},\"thumbnailUrl\":\"https:\/\/addio.eu\/wp-content\/uploads\/2025\/03\/IMG_1586-scaled.jpg\",\"datePublished\":\"2025-03-07T10:28:46+00:00\",\"breadcrumb\":{\"@id\":\"https:\/\/addio.eu\/no\/produkt\/bryterpanel-4\/#breadcrumb\"},\"inLanguage\":\"nb-NO\",\"potentialAction\":[{\"@type\":\"ReadAction\",\"target\":[\"https:\/\/addio.eu\/no\/produkt\/bryterpanel-4\/\"]}]},{\"@type\":\"ImageObject\",\"inLanguage\":\"nb-NO\",\"@id\":\"https:\/\/addio.eu\/no\/produkt\/bryterpanel-4\/#primaryimage\",\"url\":\"https:\/\/addio.eu\/wp-content\/uploads\/2025\/03\/IMG_1586-scaled.jpg\",\"contentUrl\":\"https:\/\/addio.eu\/wp-content\/uploads\/2025\/03\/IMG_1586-scaled.jpg\",\"width\":2560,\"height\":1920},{\"@type\":\"BreadcrumbList\",\"@id\":\"https:\/\/addio.eu\/no\/produkt\/bryterpanel-4\/#breadcrumb\",\"itemListElement\":[{\"@type\":\"ListItem\",\"position\":1,\"name\":\"Home\",\"item\":\"https:\/\/addio.eu\/no\/addio-forside\/\"},{\"@type\":\"ListItem\",\"position\":2,\"name\":\"Produkter\",\"item\":\"https:\/\/addio.eu\/no\/produkter\/\"},{\"@type\":\"ListItem\",\"position\":3,\"name\":\"Bryterpanel 4\"}]},{\"@type\":\"WebSite\",\"@id\":\"https:\/\/addio.eu\/no\/#website\",\"url\":\"https:\/\/addio.eu\/no\/\",\"name\":\"addio.eu\",\"description\":\"\",\"publisher\":{\"@id\":\"https:\/\/addio.eu\/no\/#organization\"},\"potentialAction\":[{\"@type\":\"SearchAction\",\"target\":{\"@type\":\"EntryPoint\",\"urlTemplate\":\"https:\/\/addio.eu\/no\/?s={search_term_string}\"},\"query-input\":{\"@type\":\"PropertyValueSpecification\",\"valueRequired\":true,\"valueName\":\"search_term_string\"}}],\"inLanguage\":\"nb-NO\"},{\"@type\":\"Organization\",\"@id\":\"https:\/\/addio.eu\/no\/#organization\",\"name\":\"Addio electronics\",\"url\":\"https:\/\/addio.eu\/no\/\",\"logo\":{\"@type\":\"ImageObject\",\"inLanguage\":\"nb-NO\",\"@id\":\"https:\/\/addio.eu\/no\/#\/schema\/logo\/image\/\",\"url\":\"https:\/\/addio.eu\/wp-content\/uploads\/2024\/10\/Lager_1-1.svg\",\"contentUrl\":\"https:\/\/addio.eu\/wp-content\/uploads\/2024\/10\/Lager_1-1.svg\",\"caption\":\"Addio electronics\"},\"image\":{\"@id\":\"https:\/\/addio.eu\/no\/#\/schema\/logo\/image\/\"},\"sameAs\":[\"https:\/\/www.facebook.com\/AddioElectronicsAB\/\",\"https:\/\/www.linkedin.com\/company\/addio-electronics-ab\"]}]}<\/script>\n<!-- \/ Yoast SEO plugin. -->","yoast_head_json":{"title":"Bryterpanel 4 - Addio Electronics","robots":{"index":"index","follow":"follow","max-snippet":"max-snippet:-1","max-image-preview":"max-image-preview:large","max-video-preview":"max-video-preview:-1"},"canonical":"https:\/\/addio.eu\/no\/produkt\/bryterpanel-4\/","og_locale":"nb_NO","og_type":"article","og_title":"Bryterpanel 4 - Addio Electronics","og_description":"Enkel kabling og installasjon med Addio kontrollpaneler Addio kontrollpaneler er enkle \u00e5 installere ved hjelp av den medf\u00f8lgende dobbeltsidige tapen eller med en monteringsbrakett (tilgjengelig som tilbeh\u00f8r). Tastaturene kobles til rel\u00e9boksens COM\/CAN-port via den medf\u00f8lgende kabelen. Funksjoner Hver knapp kan stilles inn i flere posisjoner og kan aktivere en utgang og\/eller fungere som en indikator for \u00e5 vise om en spesifikk inngang, utgang eller annen intern funksjon er aktiv. Opptil fire kontrollpaneler kan brukes i et system, og de kan konfigureres individuelt eller operere parallelt (trappekobling).","og_url":"https:\/\/addio.eu\/no\/produkt\/bryterpanel-4\/","og_site_name":"Addio Electronics","article_publisher":"https:\/\/www.facebook.com\/AddioElectronicsAB\/","og_image":[{"width":2560,"height":1920,"url":"https:\/\/addio.eu\/wp-content\/uploads\/2025\/03\/IMG_1586-scaled.jpg","type":"image\/jpeg"}],"twitter_card":"summary_large_image","twitter_misc":{"Ansl. lesetid":"1 minutt"},"schema":{"@context":"https:\/\/schema.org","@graph":[{"@type":"WebPage","@id":"https:\/\/addio.eu\/no\/produkt\/bryterpanel-4\/","url":"https:\/\/addio.eu\/no\/produkt\/bryterpanel-4\/","name":"Bryterpanel 4 - Addio Electronics","isPartOf":{"@id":"https:\/\/addio.eu\/no\/#website"},"primaryImageOfPage":{"@id":"https:\/\/addio.eu\/no\/produkt\/bryterpanel-4\/#primaryimage"},"image":{"@id":"https:\/\/addio.eu\/no\/produkt\/bryterpanel-4\/#primaryimage"},"thumbnailUrl":"https:\/\/addio.eu\/wp-content\/uploads\/2025\/03\/IMG_1586-scaled.jpg","datePublished":"2025-03-07T10:28:46+00:00","breadcrumb":{"@id":"https:\/\/addio.eu\/no\/produkt\/bryterpanel-4\/#breadcrumb"},"inLanguage":"nb-NO","potentialAction":[{"@type":"ReadAction","target":["https:\/\/addio.eu\/no\/produkt\/bryterpanel-4\/"]}]},{"@type":"ImageObject","inLanguage":"nb-NO","@id":"https:\/\/addio.eu\/no\/produkt\/bryterpanel-4\/#primaryimage","url":"https:\/\/addio.eu\/wp-content\/uploads\/2025\/03\/IMG_1586-scaled.jpg","contentUrl":"https:\/\/addio.eu\/wp-content\/uploads\/2025\/03\/IMG_1586-scaled.jpg","width":2560,"height":1920},{"@type":"BreadcrumbList","@id":"https:\/\/addio.eu\/no\/produkt\/bryterpanel-4\/#breadcrumb","itemListElement":[{"@type":"ListItem","position":1,"name":"Home","item":"https:\/\/addio.eu\/no\/addio-forside\/"},{"@type":"ListItem","position":2,"name":"Produkter","item":"https:\/\/addio.eu\/no\/produkter\/"},{"@type":"ListItem","position":3,"name":"Bryterpanel 4"}]},{"@type":"WebSite","@id":"https:\/\/addio.eu\/no\/#website","url":"https:\/\/addio.eu\/no\/","name":"addio.eu","description":"","publisher":{"@id":"https:\/\/addio.eu\/no\/#organization"},"potentialAction":[{"@type":"SearchAction","target":{"@type":"EntryPoint","urlTemplate":"https:\/\/addio.eu\/no\/?s={search_term_string}"},"query-input":{"@type":"PropertyValueSpecification","valueRequired":true,"valueName":"search_term_string"}}],"inLanguage":"nb-NO"},{"@type":"Organization","@id":"https:\/\/addio.eu\/no\/#organization","name":"Addio electronics","url":"https:\/\/addio.eu\/no\/","logo":{"@type":"ImageObject","inLanguage":"nb-NO","@id":"https:\/\/addio.eu\/no\/#\/schema\/logo\/image\/","url":"https:\/\/addio.eu\/wp-content\/uploads\/2024\/10\/Lager_1-1.svg","contentUrl":"https:\/\/addio.eu\/wp-content\/uploads\/2024\/10\/Lager_1-1.svg","caption":"Addio electronics"},"image":{"@id":"https:\/\/addio.eu\/no\/#\/schema\/logo\/image\/"},"sameAs":["https:\/\/www.facebook.com\/AddioElectronicsAB\/","https:\/\/www.linkedin.com\/company\/addio-electronics-ab"]}]}},"_links":{"self":[{"href":"https:\/\/addio.eu\/no\/wp-json\/wp\/v2\/product\/12328","targetHints":{"allow":["GET"]}}],"collection":[{"href":"https:\/\/addio.eu\/no\/wp-json\/wp\/v2\/product"}],"about":[{"href":"https:\/\/addio.eu\/no\/wp-json\/wp\/v2\/types\/product"}],"replies":[{"embeddable":true,"href":"https:\/\/addio.eu\/no\/wp-json\/wp\/v2\/comments?post=12328"}],"wp:featuredmedia":[{"embeddable":true,"href":"https:\/\/addio.eu\/no\/wp-json\/wp\/v2\/media\/5843"}],"wp:attachment":[{"href":"https:\/\/addio.eu\/no\/wp-json\/wp\/v2\/media?parent=12328"}],"wp:term":[{"taxonomy":"product_brand","embeddable":true,"href":"https:\/\/addio.eu\/no\/wp-json\/wp\/v2\/product_brand?post=12328"},{"taxonomy":"product_cat","embeddable":true,"href":"https:\/\/addio.eu\/no\/wp-json\/wp\/v2\/product_cat?post=12328"},{"taxonomy":"product_tag","embeddable":true,"href":"https:\/\/addio.eu\/no\/wp-json\/wp\/v2\/product_tag?post=12328"}],"curies":[{"name":"wp","href":"https:\/\/api.w.org\/{rel}","templated":true}]}}