{"id":11965,"date":"2025-03-07T11:01:36","date_gmt":"2025-03-07T11:01:36","guid":{"rendered":"https:\/\/addio.eu\/product\/22-kanals-inngangsmodul\/"},"modified":"2025-03-07T11:01:36","modified_gmt":"2025-03-07T11:01:36","slug":"22-kanals-inngangsmodul","status":"publish","type":"product","link":"https:\/\/addio.eu\/no\/produkt\/22-kanals-inngangsmodul\/","title":{"rendered":"22-kanals inngangsmodul"},"content":{"rendered":"<p><strong>St\u00f8rrelse<\/strong><br \/>\n74*71*21 mm<\/p>\n<p><strong>Vekt<\/strong><br \/>\n53 g<\/p>\n","protected":false},"excerpt":{"rendered":"<p class=\"\" data-start=\"72\" data-end=\"283\">Som tilbeh\u00f8r til ADV DRB-ene finnes det en inngangsmodul med 22 innganger som kobles til DRB-enes COM\/CAN-port.<\/p>\n<p class=\"\" data-start=\"285\" data-end=\"538\">Modulen har 3 avtakbare 8-pins kontakter. Inngangene er merket A, B og C, hvor inngang A har 6 innganger sammen med pluss- og minusstr\u00f8mtilkoblinger som kan brukes til \u00e5 drive eksterne trykknapper. Inngangene B og C har hver 8 innganger, nummerert 1-8.  <\/p>\n<p class=\"\" data-start=\"540\" data-end=\"683\">Kommunikasjonsporten best\u00e5r av doble RJ-10-kontakter som er identiske og koblet parallelt, slik at begge kontaktene kan brukes.<\/p>\n<p class=\"\" data-start=\"30\" data-end=\"270\"><strong>Lag ditt eget tastatur<\/strong><br \/>\nHvis du \u00f8nsker \u00e5 lage ditt eget tastatur med opptil 22 tilpassbare knapper, som robuste knapper for utend\u00f8rs bruk, kan du koble de individuelle knappene til denne modulen, som deretter kobles til DRB-modulen via en enkel kabel (via CANBus).<\/p>\n<p class=\"\" data-start=\"272\" data-end=\"401\">I et Addio-system kan 2 moduler kobles sammen, slik at du kan ha 22 unike funksjoner parallelt p\u00e5 tvers av to identiske tastaturer<\/p>\n","protected":false},"featured_media":5891,"comment_status":"open","ping_status":"closed","template":"","meta":[],"product_brand":[],"product_cat":[306],"product_tag":[],"class_list":{"0":"post-11965","1":"product","2":"type-product","3":"status-publish","4":"has-post-thumbnail","6":"product_cat-can-tilkobling","8":"first","9":"instock","10":"shipping-taxable","11":"product-type-simple"},"yoast_head":"<!-- This site is optimized with the Yoast SEO plugin v26.0 - https:\/\/yoast.com\/wordpress\/plugins\/seo\/ -->\n<title>22-kanals inngangsmodul - Addio Electronics<\/title>\n<meta name=\"robots\" content=\"index, follow, max-snippet:-1, max-image-preview:large, max-video-preview:-1\" \/>\n<link rel=\"canonical\" href=\"https:\/\/addio.eu\/no\/produkt\/22-kanals-inngangsmodul\/\" \/>\n<meta property=\"og:locale\" content=\"nb_NO\" \/>\n<meta property=\"og:type\" content=\"article\" \/>\n<meta property=\"og:title\" content=\"22-kanals inngangsmodul - Addio Electronics\" \/>\n<meta property=\"og:description\" content=\"Som tilbeh\u00f8r til ADV DRB-ene finnes det en inngangsmodul med 22 innganger som kobles til DRB-enes COM\/CAN-port. Modulen har 3 avtakbare 8-pins kontakter. Inngangene er merket A, B og C, hvor inngang A har 6 innganger sammen med pluss- og minusstr\u00f8mtilkoblinger som kan brukes til \u00e5 drive eksterne trykknapper. Inngangene B og C har hver 8 innganger, nummerert 1-8.  Kommunikasjonsporten best\u00e5r av doble RJ-10-kontakter som er identiske og koblet parallelt, slik at begge kontaktene kan brukes. Lag ditt eget tastatur Hvis du \u00f8nsker \u00e5 lage ditt eget tastatur med opptil 22 tilpassbare knapper, som robuste knapper for utend\u00f8rs bruk, kan du koble de individuelle knappene til denne modulen, som deretter kobles til DRB-modulen via en enkel kabel (via CANBus). I et Addio-system kan 2 moduler kobles sammen, slik at du kan ha 22 unike funksjoner parallelt p\u00e5 tvers av to identiske tastaturer\" \/>\n<meta property=\"og:url\" content=\"https:\/\/addio.eu\/no\/produkt\/22-kanals-inngangsmodul\/\" \/>\n<meta property=\"og:site_name\" content=\"Addio Electronics\" \/>\n<meta property=\"article:publisher\" content=\"https:\/\/www.facebook.com\/AddioElectronicsAB\/\" \/>\n<meta property=\"og:image\" content=\"https:\/\/addio.eu\/wp-content\/uploads\/2025\/03\/IMG_1659-scaled.jpg\" \/>\n\t<meta property=\"og:image:width\" content=\"2560\" \/>\n\t<meta property=\"og:image:height\" content=\"1920\" \/>\n\t<meta property=\"og:image:type\" content=\"image\/jpeg\" \/>\n<meta name=\"twitter:card\" content=\"summary_large_image\" \/>\n<script type=\"application\/ld+json\" class=\"yoast-schema-graph\">{\"@context\":\"https:\/\/schema.org\",\"@graph\":[{\"@type\":\"WebPage\",\"@id\":\"https:\/\/addio.eu\/no\/produkt\/22-kanals-inngangsmodul\/\",\"url\":\"https:\/\/addio.eu\/no\/produkt\/22-kanals-inngangsmodul\/\",\"name\":\"22-kanals inngangsmodul - Addio Electronics\",\"isPartOf\":{\"@id\":\"https:\/\/addio.eu\/no\/#website\"},\"primaryImageOfPage\":{\"@id\":\"https:\/\/addio.eu\/no\/produkt\/22-kanals-inngangsmodul\/#primaryimage\"},\"image\":{\"@id\":\"https:\/\/addio.eu\/no\/produkt\/22-kanals-inngangsmodul\/#primaryimage\"},\"thumbnailUrl\":\"https:\/\/addio.eu\/wp-content\/uploads\/2025\/03\/IMG_1659-scaled.jpg\",\"datePublished\":\"2025-03-07T11:01:36+00:00\",\"breadcrumb\":{\"@id\":\"https:\/\/addio.eu\/no\/produkt\/22-kanals-inngangsmodul\/#breadcrumb\"},\"inLanguage\":\"nb-NO\",\"potentialAction\":[{\"@type\":\"ReadAction\",\"target\":[\"https:\/\/addio.eu\/no\/produkt\/22-kanals-inngangsmodul\/\"]}]},{\"@type\":\"ImageObject\",\"inLanguage\":\"nb-NO\",\"@id\":\"https:\/\/addio.eu\/no\/produkt\/22-kanals-inngangsmodul\/#primaryimage\",\"url\":\"https:\/\/addio.eu\/wp-content\/uploads\/2025\/03\/IMG_1659-scaled.jpg\",\"contentUrl\":\"https:\/\/addio.eu\/wp-content\/uploads\/2025\/03\/IMG_1659-scaled.jpg\",\"width\":2560,\"height\":1920},{\"@type\":\"BreadcrumbList\",\"@id\":\"https:\/\/addio.eu\/no\/produkt\/22-kanals-inngangsmodul\/#breadcrumb\",\"itemListElement\":[{\"@type\":\"ListItem\",\"position\":1,\"name\":\"Home\",\"item\":\"https:\/\/addio.eu\/no\/addio-forside\/\"},{\"@type\":\"ListItem\",\"position\":2,\"name\":\"Produkter\",\"item\":\"https:\/\/addio.eu\/no\/produkter\/\"},{\"@type\":\"ListItem\",\"position\":3,\"name\":\"22-kanals inngangsmodul\"}]},{\"@type\":\"WebSite\",\"@id\":\"https:\/\/addio.eu\/no\/#website\",\"url\":\"https:\/\/addio.eu\/no\/\",\"name\":\"addio.eu\",\"description\":\"\",\"publisher\":{\"@id\":\"https:\/\/addio.eu\/no\/#organization\"},\"potentialAction\":[{\"@type\":\"SearchAction\",\"target\":{\"@type\":\"EntryPoint\",\"urlTemplate\":\"https:\/\/addio.eu\/no\/?s={search_term_string}\"},\"query-input\":{\"@type\":\"PropertyValueSpecification\",\"valueRequired\":true,\"valueName\":\"search_term_string\"}}],\"inLanguage\":\"nb-NO\"},{\"@type\":\"Organization\",\"@id\":\"https:\/\/addio.eu\/no\/#organization\",\"name\":\"Addio electronics\",\"url\":\"https:\/\/addio.eu\/no\/\",\"logo\":{\"@type\":\"ImageObject\",\"inLanguage\":\"nb-NO\",\"@id\":\"https:\/\/addio.eu\/no\/#\/schema\/logo\/image\/\",\"url\":\"https:\/\/addio.eu\/wp-content\/uploads\/2024\/10\/Lager_1-1.svg\",\"contentUrl\":\"https:\/\/addio.eu\/wp-content\/uploads\/2024\/10\/Lager_1-1.svg\",\"caption\":\"Addio electronics\"},\"image\":{\"@id\":\"https:\/\/addio.eu\/no\/#\/schema\/logo\/image\/\"},\"sameAs\":[\"https:\/\/www.facebook.com\/AddioElectronicsAB\/\",\"https:\/\/www.linkedin.com\/company\/addio-electronics-ab\"]}]}<\/script>\n<!-- \/ Yoast SEO plugin. -->","yoast_head_json":{"title":"22-kanals inngangsmodul - Addio Electronics","robots":{"index":"index","follow":"follow","max-snippet":"max-snippet:-1","max-image-preview":"max-image-preview:large","max-video-preview":"max-video-preview:-1"},"canonical":"https:\/\/addio.eu\/no\/produkt\/22-kanals-inngangsmodul\/","og_locale":"nb_NO","og_type":"article","og_title":"22-kanals inngangsmodul - Addio Electronics","og_description":"Som tilbeh\u00f8r til ADV DRB-ene finnes det en inngangsmodul med 22 innganger som kobles til DRB-enes COM\/CAN-port. Modulen har 3 avtakbare 8-pins kontakter. Inngangene er merket A, B og C, hvor inngang A har 6 innganger sammen med pluss- og minusstr\u00f8mtilkoblinger som kan brukes til \u00e5 drive eksterne trykknapper. Inngangene B og C har hver 8 innganger, nummerert 1-8.  Kommunikasjonsporten best\u00e5r av doble RJ-10-kontakter som er identiske og koblet parallelt, slik at begge kontaktene kan brukes. Lag ditt eget tastatur Hvis du \u00f8nsker \u00e5 lage ditt eget tastatur med opptil 22 tilpassbare knapper, som robuste knapper for utend\u00f8rs bruk, kan du koble de individuelle knappene til denne modulen, som deretter kobles til DRB-modulen via en enkel kabel (via CANBus). I et Addio-system kan 2 moduler kobles sammen, slik at du kan ha 22 unike funksjoner parallelt p\u00e5 tvers av to identiske tastaturer","og_url":"https:\/\/addio.eu\/no\/produkt\/22-kanals-inngangsmodul\/","og_site_name":"Addio Electronics","article_publisher":"https:\/\/www.facebook.com\/AddioElectronicsAB\/","og_image":[{"width":2560,"height":1920,"url":"https:\/\/addio.eu\/wp-content\/uploads\/2025\/03\/IMG_1659-scaled.jpg","type":"image\/jpeg"}],"twitter_card":"summary_large_image","schema":{"@context":"https:\/\/schema.org","@graph":[{"@type":"WebPage","@id":"https:\/\/addio.eu\/no\/produkt\/22-kanals-inngangsmodul\/","url":"https:\/\/addio.eu\/no\/produkt\/22-kanals-inngangsmodul\/","name":"22-kanals inngangsmodul - Addio Electronics","isPartOf":{"@id":"https:\/\/addio.eu\/no\/#website"},"primaryImageOfPage":{"@id":"https:\/\/addio.eu\/no\/produkt\/22-kanals-inngangsmodul\/#primaryimage"},"image":{"@id":"https:\/\/addio.eu\/no\/produkt\/22-kanals-inngangsmodul\/#primaryimage"},"thumbnailUrl":"https:\/\/addio.eu\/wp-content\/uploads\/2025\/03\/IMG_1659-scaled.jpg","datePublished":"2025-03-07T11:01:36+00:00","breadcrumb":{"@id":"https:\/\/addio.eu\/no\/produkt\/22-kanals-inngangsmodul\/#breadcrumb"},"inLanguage":"nb-NO","potentialAction":[{"@type":"ReadAction","target":["https:\/\/addio.eu\/no\/produkt\/22-kanals-inngangsmodul\/"]}]},{"@type":"ImageObject","inLanguage":"nb-NO","@id":"https:\/\/addio.eu\/no\/produkt\/22-kanals-inngangsmodul\/#primaryimage","url":"https:\/\/addio.eu\/wp-content\/uploads\/2025\/03\/IMG_1659-scaled.jpg","contentUrl":"https:\/\/addio.eu\/wp-content\/uploads\/2025\/03\/IMG_1659-scaled.jpg","width":2560,"height":1920},{"@type":"BreadcrumbList","@id":"https:\/\/addio.eu\/no\/produkt\/22-kanals-inngangsmodul\/#breadcrumb","itemListElement":[{"@type":"ListItem","position":1,"name":"Home","item":"https:\/\/addio.eu\/no\/addio-forside\/"},{"@type":"ListItem","position":2,"name":"Produkter","item":"https:\/\/addio.eu\/no\/produkter\/"},{"@type":"ListItem","position":3,"name":"22-kanals inngangsmodul"}]},{"@type":"WebSite","@id":"https:\/\/addio.eu\/no\/#website","url":"https:\/\/addio.eu\/no\/","name":"addio.eu","description":"","publisher":{"@id":"https:\/\/addio.eu\/no\/#organization"},"potentialAction":[{"@type":"SearchAction","target":{"@type":"EntryPoint","urlTemplate":"https:\/\/addio.eu\/no\/?s={search_term_string}"},"query-input":{"@type":"PropertyValueSpecification","valueRequired":true,"valueName":"search_term_string"}}],"inLanguage":"nb-NO"},{"@type":"Organization","@id":"https:\/\/addio.eu\/no\/#organization","name":"Addio electronics","url":"https:\/\/addio.eu\/no\/","logo":{"@type":"ImageObject","inLanguage":"nb-NO","@id":"https:\/\/addio.eu\/no\/#\/schema\/logo\/image\/","url":"https:\/\/addio.eu\/wp-content\/uploads\/2024\/10\/Lager_1-1.svg","contentUrl":"https:\/\/addio.eu\/wp-content\/uploads\/2024\/10\/Lager_1-1.svg","caption":"Addio electronics"},"image":{"@id":"https:\/\/addio.eu\/no\/#\/schema\/logo\/image\/"},"sameAs":["https:\/\/www.facebook.com\/AddioElectronicsAB\/","https:\/\/www.linkedin.com\/company\/addio-electronics-ab"]}]}},"_links":{"self":[{"href":"https:\/\/addio.eu\/no\/wp-json\/wp\/v2\/product\/11965","targetHints":{"allow":["GET"]}}],"collection":[{"href":"https:\/\/addio.eu\/no\/wp-json\/wp\/v2\/product"}],"about":[{"href":"https:\/\/addio.eu\/no\/wp-json\/wp\/v2\/types\/product"}],"replies":[{"embeddable":true,"href":"https:\/\/addio.eu\/no\/wp-json\/wp\/v2\/comments?post=11965"}],"wp:featuredmedia":[{"embeddable":true,"href":"https:\/\/addio.eu\/no\/wp-json\/wp\/v2\/media\/5891"}],"wp:attachment":[{"href":"https:\/\/addio.eu\/no\/wp-json\/wp\/v2\/media?parent=11965"}],"wp:term":[{"taxonomy":"product_brand","embeddable":true,"href":"https:\/\/addio.eu\/no\/wp-json\/wp\/v2\/product_brand?post=11965"},{"taxonomy":"product_cat","embeddable":true,"href":"https:\/\/addio.eu\/no\/wp-json\/wp\/v2\/product_cat?post=11965"},{"taxonomy":"product_tag","embeddable":true,"href":"https:\/\/addio.eu\/no\/wp-json\/wp\/v2\/product_tag?post=11965"}],"curies":[{"name":"wp","href":"https:\/\/api.w.org\/{rel}","templated":true}]}}