{"id":11187,"date":"2025-02-04T13:00:24","date_gmt":"2025-02-04T13:00:24","guid":{"rendered":"https:\/\/addio.eu\/product\/drb-1612-4-adv\/"},"modified":"2026-02-10T17:02:36","modified_gmt":"2026-02-10T17:02:36","slug":"drb-1612-4-adv","status":"publish","type":"product","link":"https:\/\/addio.eu\/no\/produkt\/drb-1612-4-adv\/","title":{"rendered":"DRB 1612-4 ADV"},"content":{"rendered":"<p>For automatiserte funksjoner kan Addio CAN Master brukes for integrering med kj\u00f8ret\u00f8ysignaler.<\/p>\n<p>DRB-en konfigureres via v\u00e5r programvare ADDIO CC.<\/p>\n<table width=\"360\">\n<tbody>\n<tr>\n<td width=\"234\">Modell<\/td>\n<td width=\"126\">DRB-1612-4 ADV<\/td>\n<\/tr>\n<tr>\n<td width=\"234\">Str\u00f8mforsyning<\/td>\n<td width=\"126\">10-22 VDC<\/td>\n<\/tr>\n<tr>\n<td width=\"234\">Internt str\u00f8mforbruk (omtrentlig) Normal modus ingen utgang aktiv \/ Hvilemodus<\/td>\n<td width=\"126\">~20mA\/~4mA<\/td>\n<\/tr>\n<tr>\n<td width=\"234\">Underspenningsbeskyttelse (justerbar)<\/td>\n<td width=\"126\">10-13V, 0,5V trinn<\/td>\n<\/tr>\n<tr>\n<td width=\"234\">Overspenningsbeskyttelse (justerbar)<\/td>\n<td width=\"126\">16-26V, 2V trinn<\/td>\n<\/tr>\n<tr>\n<td width=\"234\">Maks. total str\u00f8m 1 minutt<\/td>\n<td width=\"126\">24A<\/td>\n<\/tr>\n<tr>\n<td width=\"234\">Maks. total str\u00f8m kontinuerlig<\/td>\n<td width=\"126\">16A<\/td>\n<\/tr>\n<tr>\n<td width=\"234\">Totalt antall innganger<\/td>\n<td width=\"126\">6 stk<\/td>\n<\/tr>\n<tr>\n<td width=\"234\">Digitale innganger<\/td>\n<td width=\"126\">6 av 6 stk<\/td>\n<\/tr>\n<tr>\n<td width=\"234\">Analoge innganger<\/td>\n<td width=\"126\">2 av 6 stk<\/td>\n<\/tr>\n<tr>\n<td width=\"234\">Inngangsresistans @12V<\/td>\n<td width=\"126\">22k\u03a9<\/td>\n<\/tr>\n<tr>\n<td width=\"234\">Tilkoblinger innganger (avtakbare skrueterminaler)<\/td>\n<td width=\"126\">8-polet inkl. +\/-<\/td>\n<\/tr>\n<tr>\n<td width=\"234\">Antall utganger<\/td>\n<td width=\"126\">4 stk<\/td>\n<\/tr>\n<tr>\n<td width=\"234\">Tilkobling utganger<\/td>\n<td width=\"126\">6-polet skrueterminal inkl.<\/td>\n<\/tr>\n<tr>\n<td width=\"234\">Sikringsst\u00f8rrelse A, utganger<\/td>\n<td width=\"126\">1, 2, 3, 4, 5, 6.<\/td>\n<\/tr>\n<tr>\n<td width=\"234\">Tilkobling str\u00f8mforsyning<\/td>\n<td width=\"126\">2p Skrueterminal<\/td>\n<\/tr>\n<tr>\n<td width=\"234\">Bluetooth<\/td>\n<td width=\"126\">Ja, tilbeh\u00f8r<\/td>\n<\/tr>\n<tr>\n<td width=\"234\">Motorkontroll H-bro (forel\u00f8pig str\u00f8m)<\/td>\n<td width=\"126\">Nei<\/td>\n<\/tr>\n<tr>\n<td width=\"234\">Feilindikasjon<\/td>\n<td width=\"126\">Nei<\/td>\n<\/tr>\n<tr>\n<td width=\"234\">LED per utgang (justerbar farge)<\/td>\n<td width=\"126\">Nei<\/td>\n<\/tr>\n<tr>\n<td width=\"234\">Kommunikasjonsbuss (CAN-buss)<\/td>\n<td width=\"126\">Ja 1 stk RJ10<\/td>\n<\/tr>\n<tr>\n<td width=\"234\">Datamaskintilkoblinger<\/td>\n<td width=\"126\">USB Micro<\/td>\n<\/tr>\n<tr>\n<td width=\"234\">Jording Signaler<\/td>\n<td width=\"126\">Ja med intern pull-up Inngang 5-6<\/td>\n<\/tr>\n<tr>\n<td width=\"234\">H\u00e5ndkontroller, bryterpaneler, sensorer osv.<\/td>\n<td width=\"126\">Ja, som tilbeh\u00f8r<\/td>\n<\/tr>\n<tr>\n<td width=\"234\">St\u00f8rrelse (mm)<\/td>\n<td width=\"126\">66x74x21<\/td>\n<\/tr>\n<tr>\n<td width=\"234\">Vekt<\/td>\n<td width=\"126\">50 g<\/td>\n<\/tr>\n<\/tbody>\n<\/table>\n<p>&nbsp;<\/p>\n","protected":false},"excerpt":{"rendered":"<p class=\"\" data-start=\"112\" data-end=\"430\">DRB 1612-4 ADV er v\u00e5r minste enhet med 4 utganger og 6 innganger, og en kontinuerlig total str\u00f8m p\u00e5 16 ampere fordelt p\u00e5 alle utganger.<\/p>\n<p>Som alle v\u00e5re DRB-er, tilbyr 1612-ADV et bredt spekter av funksjoner som:<\/p>\n<ul>\n<li>Rel\u00e9-funksjoner som blinking, dimming og timer<\/li>\n<li>Sikringsfunksjon via h\u00f8ystr\u00f8msbrytere<\/li>\n<li>Batteribeskyttelse gjennom timere eller spenningsbeskyttelse, individuelt per utgang<\/li>\n<li>Regelbaserte logiske funksjoner<\/li>\n<li>Opptil tre forskjellige funksjoner per utgang, som konstant eller blinkende<\/li>\n<\/ul>\n<p class=\"\" data-start=\"112\" data-end=\"430\">Utgangene er digitalt beskyttet opptil 6 ampere per utgang (justerbar mellom 2-6A).<\/p>\n<p class=\"\" data-start=\"112\" data-end=\"430\">Enheten er sv\u00e6rt enkel \u00e5 plassere da den bare er omtrent 7&#215;7 cm i st\u00f8rrelse og veier bare 50 gram.<\/p>\n<p class=\"\" data-start=\"432\" data-end=\"679\">Enheten kontrolleres ideelt sett av v\u00e5rt 4-knappers kontrollpanel (tilbeh\u00f8r) tilkoblet via CAN-buss, men vanlige brytere eller andre typer signaler, b\u00e5de digitale (h\u00f8y\/lav) og analoge (variable spenninger), kan ogs\u00e5 konfigureres til \u00e5 kontrollere hver utgang.<\/p>\n","protected":false},"featured_media":11202,"comment_status":"open","ping_status":"closed","template":"","meta":[],"product_brand":[],"product_cat":[195],"product_tag":[196,197,198,199],"class_list":{"0":"post-11187","1":"product","2":"type-product","3":"status-publish","4":"has-post-thumbnail","6":"product_cat-digitale-relebokser","7":"product_tag-12v","8":"product_tag-2-can-porter","9":"product_tag-4-utganger","10":"product_tag-6-innganger","12":"first","13":"instock","14":"shipping-taxable","15":"product-type-simple"},"yoast_head":"<!-- This site is optimized with the Yoast SEO plugin v26.0 - https:\/\/yoast.com\/wordpress\/plugins\/seo\/ -->\n<title>DRB 1612-4 ADV - Addio Electronics<\/title>\n<meta name=\"robots\" content=\"index, follow, max-snippet:-1, max-image-preview:large, max-video-preview:-1\" \/>\n<link rel=\"canonical\" href=\"https:\/\/addio.eu\/no\/produkt\/drb-1612-4-adv\/\" \/>\n<meta property=\"og:locale\" content=\"nb_NO\" \/>\n<meta property=\"og:type\" content=\"article\" \/>\n<meta property=\"og:title\" content=\"DRB 1612-4 ADV - Addio Electronics\" \/>\n<meta property=\"og:description\" content=\"DRB 1612-4 ADV er v\u00e5r minste enhet med 4 utganger og 6 innganger, og en kontinuerlig total str\u00f8m p\u00e5 16 ampere fordelt p\u00e5 alle utganger. Som alle v\u00e5re DRB-er, tilbyr 1612-ADV et bredt spekter av funksjoner som:  Rel\u00e9-funksjoner som blinking, dimming og timer  Sikringsfunksjon via h\u00f8ystr\u00f8msbrytere  Batteribeskyttelse gjennom timere eller spenningsbeskyttelse, individuelt per utgang  Regelbaserte logiske funksjoner  Opptil tre forskjellige funksjoner per utgang, som konstant eller blinkende Utgangene er digitalt beskyttet opptil 6 ampere per utgang (justerbar mellom 2-6A). Enheten er sv\u00e6rt enkel \u00e5 plassere da den bare er omtrent 7x7 cm i st\u00f8rrelse og veier bare 50 gram. Enheten kontrolleres ideelt sett av v\u00e5rt 4-knappers kontrollpanel (tilbeh\u00f8r) tilkoblet via CAN-buss, men vanlige brytere eller andre typer signaler, b\u00e5de digitale (h\u00f8y\/lav) og analoge (variable spenninger), kan ogs\u00e5 konfigureres til \u00e5 kontrollere hver utgang.\" \/>\n<meta property=\"og:url\" content=\"https:\/\/addio.eu\/no\/produkt\/drb-1612-4-adv\/\" \/>\n<meta property=\"og:site_name\" content=\"Addio Electronics\" \/>\n<meta property=\"article:publisher\" content=\"https:\/\/www.facebook.com\/AddioElectronicsAB\/\" \/>\n<meta property=\"article:modified_time\" content=\"2026-02-10T17:02:36+00:00\" \/>\n<meta property=\"og:image\" content=\"https:\/\/addio.eu\/wp-content\/uploads\/2025\/02\/IMG_1706-scaled.jpg\" \/>\n\t<meta property=\"og:image:width\" content=\"2560\" \/>\n\t<meta property=\"og:image:height\" content=\"1920\" \/>\n\t<meta property=\"og:image:type\" content=\"image\/jpeg\" \/>\n<meta name=\"twitter:card\" content=\"summary_large_image\" \/>\n<meta name=\"twitter:label1\" content=\"Ansl. lesetid\" \/>\n\t<meta name=\"twitter:data1\" content=\"1 minutt\" \/>\n<script type=\"application\/ld+json\" class=\"yoast-schema-graph\">{\"@context\":\"https:\/\/schema.org\",\"@graph\":[{\"@type\":\"WebPage\",\"@id\":\"https:\/\/addio.eu\/no\/produkt\/drb-1612-4-adv\/\",\"url\":\"https:\/\/addio.eu\/no\/produkt\/drb-1612-4-adv\/\",\"name\":\"DRB 1612-4 ADV - Addio Electronics\",\"isPartOf\":{\"@id\":\"https:\/\/addio.eu\/no\/#website\"},\"primaryImageOfPage\":{\"@id\":\"https:\/\/addio.eu\/no\/produkt\/drb-1612-4-adv\/#primaryimage\"},\"image\":{\"@id\":\"https:\/\/addio.eu\/no\/produkt\/drb-1612-4-adv\/#primaryimage\"},\"thumbnailUrl\":\"https:\/\/addio.eu\/wp-content\/uploads\/2025\/02\/IMG_1706-scaled.jpg\",\"datePublished\":\"2025-02-04T13:00:24+00:00\",\"dateModified\":\"2026-02-10T17:02:36+00:00\",\"breadcrumb\":{\"@id\":\"https:\/\/addio.eu\/no\/produkt\/drb-1612-4-adv\/#breadcrumb\"},\"inLanguage\":\"nb-NO\",\"potentialAction\":[{\"@type\":\"ReadAction\",\"target\":[\"https:\/\/addio.eu\/no\/produkt\/drb-1612-4-adv\/\"]}]},{\"@type\":\"ImageObject\",\"inLanguage\":\"nb-NO\",\"@id\":\"https:\/\/addio.eu\/no\/produkt\/drb-1612-4-adv\/#primaryimage\",\"url\":\"https:\/\/addio.eu\/wp-content\/uploads\/2025\/02\/IMG_1706-scaled.jpg\",\"contentUrl\":\"https:\/\/addio.eu\/wp-content\/uploads\/2025\/02\/IMG_1706-scaled.jpg\",\"width\":2560,\"height\":1920},{\"@type\":\"BreadcrumbList\",\"@id\":\"https:\/\/addio.eu\/no\/produkt\/drb-1612-4-adv\/#breadcrumb\",\"itemListElement\":[{\"@type\":\"ListItem\",\"position\":1,\"name\":\"Home\",\"item\":\"https:\/\/addio.eu\/no\/addio-forside\/\"},{\"@type\":\"ListItem\",\"position\":2,\"name\":\"Produkter\",\"item\":\"https:\/\/addio.eu\/no\/produkter\/\"},{\"@type\":\"ListItem\",\"position\":3,\"name\":\"DRB 1612-4 ADV\"}]},{\"@type\":\"WebSite\",\"@id\":\"https:\/\/addio.eu\/no\/#website\",\"url\":\"https:\/\/addio.eu\/no\/\",\"name\":\"addio.eu\",\"description\":\"\",\"publisher\":{\"@id\":\"https:\/\/addio.eu\/no\/#organization\"},\"potentialAction\":[{\"@type\":\"SearchAction\",\"target\":{\"@type\":\"EntryPoint\",\"urlTemplate\":\"https:\/\/addio.eu\/no\/?s={search_term_string}\"},\"query-input\":{\"@type\":\"PropertyValueSpecification\",\"valueRequired\":true,\"valueName\":\"search_term_string\"}}],\"inLanguage\":\"nb-NO\"},{\"@type\":\"Organization\",\"@id\":\"https:\/\/addio.eu\/no\/#organization\",\"name\":\"Addio electronics\",\"url\":\"https:\/\/addio.eu\/no\/\",\"logo\":{\"@type\":\"ImageObject\",\"inLanguage\":\"nb-NO\",\"@id\":\"https:\/\/addio.eu\/no\/#\/schema\/logo\/image\/\",\"url\":\"https:\/\/addio.eu\/wp-content\/uploads\/2024\/10\/Lager_1-1.svg\",\"contentUrl\":\"https:\/\/addio.eu\/wp-content\/uploads\/2024\/10\/Lager_1-1.svg\",\"caption\":\"Addio electronics\"},\"image\":{\"@id\":\"https:\/\/addio.eu\/no\/#\/schema\/logo\/image\/\"},\"sameAs\":[\"https:\/\/www.facebook.com\/AddioElectronicsAB\/\",\"https:\/\/www.linkedin.com\/company\/addio-electronics-ab\"]}]}<\/script>\n<!-- \/ Yoast SEO plugin. -->","yoast_head_json":{"title":"DRB 1612-4 ADV - Addio Electronics","robots":{"index":"index","follow":"follow","max-snippet":"max-snippet:-1","max-image-preview":"max-image-preview:large","max-video-preview":"max-video-preview:-1"},"canonical":"https:\/\/addio.eu\/no\/produkt\/drb-1612-4-adv\/","og_locale":"nb_NO","og_type":"article","og_title":"DRB 1612-4 ADV - Addio Electronics","og_description":"DRB 1612-4 ADV er v\u00e5r minste enhet med 4 utganger og 6 innganger, og en kontinuerlig total str\u00f8m p\u00e5 16 ampere fordelt p\u00e5 alle utganger. Som alle v\u00e5re DRB-er, tilbyr 1612-ADV et bredt spekter av funksjoner som:  Rel\u00e9-funksjoner som blinking, dimming og timer  Sikringsfunksjon via h\u00f8ystr\u00f8msbrytere  Batteribeskyttelse gjennom timere eller spenningsbeskyttelse, individuelt per utgang  Regelbaserte logiske funksjoner  Opptil tre forskjellige funksjoner per utgang, som konstant eller blinkende Utgangene er digitalt beskyttet opptil 6 ampere per utgang (justerbar mellom 2-6A). Enheten er sv\u00e6rt enkel \u00e5 plassere da den bare er omtrent 7x7 cm i st\u00f8rrelse og veier bare 50 gram. Enheten kontrolleres ideelt sett av v\u00e5rt 4-knappers kontrollpanel (tilbeh\u00f8r) tilkoblet via CAN-buss, men vanlige brytere eller andre typer signaler, b\u00e5de digitale (h\u00f8y\/lav) og analoge (variable spenninger), kan ogs\u00e5 konfigureres til \u00e5 kontrollere hver utgang.","og_url":"https:\/\/addio.eu\/no\/produkt\/drb-1612-4-adv\/","og_site_name":"Addio Electronics","article_publisher":"https:\/\/www.facebook.com\/AddioElectronicsAB\/","article_modified_time":"2026-02-10T17:02:36+00:00","og_image":[{"width":2560,"height":1920,"url":"https:\/\/addio.eu\/wp-content\/uploads\/2025\/02\/IMG_1706-scaled.jpg","type":"image\/jpeg"}],"twitter_card":"summary_large_image","twitter_misc":{"Ansl. lesetid":"1 minutt"},"schema":{"@context":"https:\/\/schema.org","@graph":[{"@type":"WebPage","@id":"https:\/\/addio.eu\/no\/produkt\/drb-1612-4-adv\/","url":"https:\/\/addio.eu\/no\/produkt\/drb-1612-4-adv\/","name":"DRB 1612-4 ADV - Addio Electronics","isPartOf":{"@id":"https:\/\/addio.eu\/no\/#website"},"primaryImageOfPage":{"@id":"https:\/\/addio.eu\/no\/produkt\/drb-1612-4-adv\/#primaryimage"},"image":{"@id":"https:\/\/addio.eu\/no\/produkt\/drb-1612-4-adv\/#primaryimage"},"thumbnailUrl":"https:\/\/addio.eu\/wp-content\/uploads\/2025\/02\/IMG_1706-scaled.jpg","datePublished":"2025-02-04T13:00:24+00:00","dateModified":"2026-02-10T17:02:36+00:00","breadcrumb":{"@id":"https:\/\/addio.eu\/no\/produkt\/drb-1612-4-adv\/#breadcrumb"},"inLanguage":"nb-NO","potentialAction":[{"@type":"ReadAction","target":["https:\/\/addio.eu\/no\/produkt\/drb-1612-4-adv\/"]}]},{"@type":"ImageObject","inLanguage":"nb-NO","@id":"https:\/\/addio.eu\/no\/produkt\/drb-1612-4-adv\/#primaryimage","url":"https:\/\/addio.eu\/wp-content\/uploads\/2025\/02\/IMG_1706-scaled.jpg","contentUrl":"https:\/\/addio.eu\/wp-content\/uploads\/2025\/02\/IMG_1706-scaled.jpg","width":2560,"height":1920},{"@type":"BreadcrumbList","@id":"https:\/\/addio.eu\/no\/produkt\/drb-1612-4-adv\/#breadcrumb","itemListElement":[{"@type":"ListItem","position":1,"name":"Home","item":"https:\/\/addio.eu\/no\/addio-forside\/"},{"@type":"ListItem","position":2,"name":"Produkter","item":"https:\/\/addio.eu\/no\/produkter\/"},{"@type":"ListItem","position":3,"name":"DRB 1612-4 ADV"}]},{"@type":"WebSite","@id":"https:\/\/addio.eu\/no\/#website","url":"https:\/\/addio.eu\/no\/","name":"addio.eu","description":"","publisher":{"@id":"https:\/\/addio.eu\/no\/#organization"},"potentialAction":[{"@type":"SearchAction","target":{"@type":"EntryPoint","urlTemplate":"https:\/\/addio.eu\/no\/?s={search_term_string}"},"query-input":{"@type":"PropertyValueSpecification","valueRequired":true,"valueName":"search_term_string"}}],"inLanguage":"nb-NO"},{"@type":"Organization","@id":"https:\/\/addio.eu\/no\/#organization","name":"Addio electronics","url":"https:\/\/addio.eu\/no\/","logo":{"@type":"ImageObject","inLanguage":"nb-NO","@id":"https:\/\/addio.eu\/no\/#\/schema\/logo\/image\/","url":"https:\/\/addio.eu\/wp-content\/uploads\/2024\/10\/Lager_1-1.svg","contentUrl":"https:\/\/addio.eu\/wp-content\/uploads\/2024\/10\/Lager_1-1.svg","caption":"Addio electronics"},"image":{"@id":"https:\/\/addio.eu\/no\/#\/schema\/logo\/image\/"},"sameAs":["https:\/\/www.facebook.com\/AddioElectronicsAB\/","https:\/\/www.linkedin.com\/company\/addio-electronics-ab"]}]}},"_links":{"self":[{"href":"https:\/\/addio.eu\/no\/wp-json\/wp\/v2\/product\/11187","targetHints":{"allow":["GET"]}}],"collection":[{"href":"https:\/\/addio.eu\/no\/wp-json\/wp\/v2\/product"}],"about":[{"href":"https:\/\/addio.eu\/no\/wp-json\/wp\/v2\/types\/product"}],"replies":[{"embeddable":true,"href":"https:\/\/addio.eu\/no\/wp-json\/wp\/v2\/comments?post=11187"}],"wp:featuredmedia":[{"embeddable":true,"href":"https:\/\/addio.eu\/no\/wp-json\/wp\/v2\/media\/11202"}],"wp:attachment":[{"href":"https:\/\/addio.eu\/no\/wp-json\/wp\/v2\/media?parent=11187"}],"wp:term":[{"taxonomy":"product_brand","embeddable":true,"href":"https:\/\/addio.eu\/no\/wp-json\/wp\/v2\/product_brand?post=11187"},{"taxonomy":"product_cat","embeddable":true,"href":"https:\/\/addio.eu\/no\/wp-json\/wp\/v2\/product_cat?post=11187"},{"taxonomy":"product_tag","embeddable":true,"href":"https:\/\/addio.eu\/no\/wp-json\/wp\/v2\/product_tag?post=11187"}],"curies":[{"name":"wp","href":"https:\/\/api.w.org\/{rel}","templated":true}]}}