{"id":9016,"date":"2025-04-03T08:20:46","date_gmt":"2025-04-03T08:20:46","guid":{"rendered":"https:\/\/addio.eu\/personvernerklaering-for-car-electric-ble-remote\/"},"modified":"2025-10-07T11:23:27","modified_gmt":"2025-10-07T11:23:27","slug":"personvernerklaering-for-car-electric-ble-remote","status":"publish","type":"page","link":"https:\/\/addio.eu\/no\/personvernerklaering-for-car-electric-ble-remote\/","title":{"rendered":"Personvernerkl\u00e6ring for &laquo;car electric &#8211; BLE remote&raquo;"},"content":{"rendered":"\t\t<div data-elementor-type=\"wp-page\" data-elementor-id=\"9016\" class=\"elementor elementor-9016 elementor-6270\" data-elementor-post-type=\"page\">\n\t\t\t\t<div class=\"elementor-element elementor-element-0c2cb60 e-flex e-con-boxed e-con e-parent\" data-id=\"0c2cb60\" data-element_type=\"container\">\n\t\t\t\t\t<div class=\"e-con-inner\">\n\t\t\t\t<div class=\"elementor-element elementor-element-758cfa2 elementor-widget elementor-widget-heading\" data-id=\"758cfa2\" data-element_type=\"widget\" data-widget_type=\"heading.default\">\n\t\t\t\t<div class=\"elementor-widget-container\">\n\t\t\t\t\t<h1 class=\"elementor-heading-title elementor-size-default\">Personvernerkl\u00e6ring for &laquo;car electric &#8211; BLE remote&raquo;<\/h1>\t\t\t\t<\/div>\n\t\t\t\t<\/div>\n\t\t<div class=\"elementor-element elementor-element-1f616ec e-con-full e-flex e-con e-child\" data-id=\"1f616ec\" data-element_type=\"container\">\n\t\t<div class=\"elementor-element elementor-element-8e80135 e-con-full e-flex e-con e-child\" data-id=\"8e80135\" data-element_type=\"container\">\n\t\t\t\t<div class=\"elementor-element elementor-element-17537e1 elementor-widget elementor-widget-text-editor\" data-id=\"17537e1\" data-element_type=\"widget\" data-widget_type=\"text-editor.default\">\n\t\t\t\t<div class=\"elementor-widget-container\">\n\t\t\t\t\t\t\t\t\t<p>Denne applikasjonen er utviklet og vedlikeholdt av Addio Electronics AB. Denne applikasjonen samler inn noen personopplysninger fra sine brukere. <\/p><p><br>Dette dokumentet kan skrives ut for referanse ved \u00e5 bruke utskriftskommandoen i innstillingene til en hvilken som helst nettleser.<\/p><p><br><b>Sammendrag av retningslinjer<br>Personopplysninger behandles for f\u00f8lgende form\u00e5l og ved bruk av f\u00f8lgende tjenester:<br>Stedsbaserte interaksjoner<br>Geolokalisering og ikke-kontinuerlig geolokalisering<br>Personopplysninger: geografisk posisjon<\/b><\/p><p><br><b>Fullstendig policy<br>Addio Electronics AB utviklet Car Electric &#8211; BLE Remote-appen som en gratis app. Denne TJENESTEN tilbys av Addio Electronics AB uten kostnad og er ment for bruk som den er. Videre er denne appen utviklet for dedikerte kunder som bruker v\u00e5rt elektroniske produkt kalt Digital Relay Box.<\/b>  <\/p><p><br>Denne siden brukes til \u00e5 informere bes\u00f8kende om v\u00e5re retningslinjer for innsamling, bruk og utlevering av personopplysninger hvis noen bestemmer seg for \u00e5 bruke v\u00e5r tjeneste.<\/p><p><br>Hvis du velger \u00e5 bruke v\u00e5r tjeneste, samtykker du i innsamling og bruk av informasjon i henhold til denne policyen. Personopplysningene vi samler inn, brukes til \u00e5 levere og forbedre tjenesten. Vi vil ikke bruke eller dele din informasjon med noen andre enn det som er beskrevet i denne personvernerkl\u00e6ringen.  <\/p><p><br>Begrepene som brukes i denne personvernerkl\u00e6ringen har samme betydning som i v\u00e5re vilk\u00e5r og betingelser, som er tilgjengelige i Car Electric &#8211; BLE Remote, med mindre annet er definert i denne personvernerkl\u00e6ringen.<\/p><p><b>Innsamling og bruk av informasjon<br>For en bedre opplevelse, mens du bruker v\u00e5r tjeneste, kan vi kreve at du gir oss visse personlig identifiserbare opplysninger, inkludert, men ikke begrenset til Bluetooth, lagring, geolokalisering. Informasjonen vi ber om vil bli lagret av oss og brukt som beskrevet i denne personvernerkl\u00e6ringen.<\/b> <\/p><p><br>Appen bruker tredjepartstjenester som kan samle inn informasjon som brukes til \u00e5 identifisere deg.<br>Lenke til personvernerkl\u00e6ring for tredjepartstjenesteleverand\u00f8rer som brukes av appen<br>https:\/\/policies.google.com\/privacy<\/p><p><br><b>Google play-tjenester<\/b><\/p><p><b>Loggdata<br>Vi vil informere deg om at n\u00e5r du bruker v\u00e5r tjeneste, i tilfelle en feil i appen, samler vi inn data og informasjon (gjennom tredjepartsprodukter) p\u00e5 telefonen din kalt Loggdata. Disse Loggdataene kan inkludere informasjon som enhetens Internet Protocol (&laquo;IP&raquo;)-adresse, enhetsnavn, operativsystemversjon, appens konfigurasjon n\u00e5r du bruker v\u00e5r tjeneste, tidspunkt og dato for din bruk av tjenesten, og annen statistikk.<\/b> <\/p><p><b>Informasjonskapsler<\/b><br>Informasjonskapsler er filer med en liten mengde data som vanligvis brukes som anonyme unike identifikatorer. Disse sendes til nettleseren din fra nettstedene du bes\u00f8ker og lagres p\u00e5 enhetens interne minne.<br>Denne tjenesten bruker ikke disse &laquo;informasjonskapslene&raquo; eksplisitt. Imidlertid kan appen bruke tredjepartskode og biblioteker som bruker &laquo;informasjonskapsler&raquo; for \u00e5 samle inn informasjon og forbedre tjenestene sine. Du har muligheten til enten \u00e5 akseptere eller avvise disse informasjonskapslene og vite n\u00e5r en informasjonskapsel sendes til enheten din. Hvis du velger \u00e5 avvise v\u00e5re informasjonskapsler, kan det hende du ikke kan bruke noen deler av denne tjenesten.    <\/p><p><b>Tjenesteleverand\u00f8rer<br>Vi kan ansette tredjepartsselskaper og enkeltpersoner av f\u00f8lgende \u00e5rsaker:<br>For \u00e5 lette v\u00e5r tjeneste;<br>For \u00e5 levere tjenesten p\u00e5 v\u00e5re vegne;<br>For \u00e5 utf\u00f8re tjenesterelaterte tjenester; eller<br>For \u00e5 hjelpe oss med \u00e5 analysere hvordan v\u00e5r tjeneste brukes.<br>Vi \u00f8nsker \u00e5 informere brukere av denne tjenesten om at disse tredjepartene har tilgang til dine personopplysninger. Grunnen er \u00e5 utf\u00f8re oppgavene som er tildelt dem p\u00e5 v\u00e5re vegne. De er imidlertid forpliktet til ikke \u00e5 avsl\u00f8re eller bruke informasjonen til noe annet form\u00e5l.<\/b>  <\/p><p><b>Sikkerhet<\/b><br>Vi verdsetter din tillit til \u00e5 gi oss dine personopplysninger, derfor streber vi etter \u00e5 bruke kommersielt akseptable midler for \u00e5 beskytte dem. Men husk at ingen overf\u00f8ringsmetode over internett, eller metode for elektronisk lagring er 100% sikker og p\u00e5litelig, og vi kan ikke garantere dens absolutte sikkerhet. <\/p><p><b>Lenker til andre nettsteder<br>Denne tjenesten kan inneholde lenker til andre nettsteder. Hvis du klikker p\u00e5 en tredjeparts lenke, vil du bli dirigert til det nettstedet. Merk at disse eksterne nettstedene ikke drives av oss. Derfor anbefaler vi sterkt at du gjennomg\u00e5r personvernerkl\u00e6ringen til disse nettstedene. Vi har ingen kontroll over og p\u00e5tar oss intet ansvar for innholdet, personvernreglene eller praksisen til noen tredjeparts nettsteder eller tjenester.<\/b>    <\/p><p><b>Barns personvern<br>Disse tjenestene er ikke rettet mot noen under 13 \u00e5r. Vi samler ikke bevisst inn personlig identifiserbar informasjon fra barn under 13 \u00e5r. I tilfelle vi oppdager at et barn under 13 \u00e5r har gitt oss personopplysninger, sletter vi dette umiddelbart fra v\u00e5re servere. Hvis du er forelder eller foresatt og du er klar over at ditt barn har gitt oss personopplysninger, vennligst kontakt oss slik at vi kan gj\u00f8re n\u00f8dvendige handlinger.<\/b>   <\/p><p><b>Endringer i denne personvernerkl\u00e6ringen<br>Vi kan oppdatere v\u00e5r personvernerkl\u00e6ring fra tid til annen. Derfor anbefales det at du gjennomg\u00e5r denne siden med jevne mellomrom for eventuelle endringer. Vi vil varsle deg om eventuelle endringer ved \u00e5 publisere den nye personvernerkl\u00e6ringen p\u00e5 denne siden.<br>Denne policyen er gyldig fra 2022-02-28<\/b>  <\/p><p><b>Kontakt oss<br>Hvis du har sp\u00f8rsm\u00e5l eller forslag om v\u00e5r personvernerkl\u00e6ring, ikke n\u00f8l med \u00e5 kontakte oss p\u00e5 info@addio.eu.<\/b><\/p>\t\t\t\t\t\t\t\t<\/div>\n\t\t\t\t<\/div>\n\t\t\t\t<\/div>\n\t\t<div class=\"elementor-element elementor-element-1c4e995 e-con-full e-flex e-con e-child\" data-id=\"1c4e995\" data-element_type=\"container\">\n\t\t\t\t<div class=\"elementor-element elementor-element-37670bc elementor-icon-list--layout-traditional elementor-list-item-link-full_width elementor-widget elementor-widget-icon-list\" data-id=\"37670bc\" data-element_type=\"widget\" data-widget_type=\"icon-list.default\">\n\t\t\t\t<div class=\"elementor-widget-container\">\n\t\t\t\t\t\t\t<ul class=\"elementor-icon-list-items\">\n\t\t\t\t\t\t\t<li class=\"elementor-icon-list-item\">\n\t\t\t\t\t\t\t\t\t\t\t<a href=\"https:\/\/addio.eu\/cookie-policy\/\">\n\n\t\t\t\t\t\t\t\t\t\t\t\t<span class=\"elementor-icon-list-icon\">\n\t\t\t\t\t\t\t<svg xmlns=\"http:\/\/www.w3.org\/2000\/svg\" width=\"24\" height=\"24\" viewBox=\"0 0 24 24\" fill=\"none\"><path d=\"M17.9199 6.62C17.8185 6.37565 17.6243 6.18147 17.3799 6.08C17.2597 6.02876 17.1306 6.00158 16.9999 6H6.99994C6.73472 6 6.48037 6.10536 6.29283 6.29289C6.1053 6.48043 5.99994 6.73478 5.99994 7C5.99994 7.26522 6.1053 7.51957 6.29283 7.70711C6.48037 7.89464 6.73472 8 6.99994 8H14.5899L6.28994 16.29C6.19621 16.383 6.12182 16.4936 6.07105 16.6154C6.02028 16.7373 5.99414 16.868 5.99414 17C5.99414 17.132 6.02028 17.2627 6.07105 17.3846C6.12182 17.5064 6.19621 17.617 6.28994 17.71C6.3829 17.8037 6.4935 17.8781 6.61536 17.9289C6.73722 17.9797 6.86793 18.0058 6.99994 18.0058C7.13195 18.0058 7.26266 17.9797 7.38452 17.9289C7.50638 17.8781 7.61698 17.8037 7.70994 17.71L15.9999 9.41V17C15.9999 17.2652 16.1053 17.5196 16.2928 17.7071C16.4804 17.8946 16.7347 18 16.9999 18C17.2652 18 17.5195 17.8946 17.707 17.7071C17.8946 17.5196 17.9999 17.2652 17.9999 17V7C17.9984 6.86932 17.9712 6.74022 17.9199 6.62Z\" fill=\"#393939\"><\/path><\/svg>\t\t\t\t\t\t<\/span>\n\t\t\t\t\t\t\t\t\t\t<span class=\"elementor-icon-list-text\">Retningslinjer for informasjonskapsler<\/span>\n\t\t\t\t\t\t\t\t\t\t\t<\/a>\n\t\t\t\t\t\t\t\t\t<\/li>\n\t\t\t\t\t\t<\/ul>\n\t\t\t\t\t\t<\/div>\n\t\t\t\t<\/div>\n\t\t\t\t<div class=\"elementor-element elementor-element-270a44c elementor-icon-list--layout-traditional elementor-list-item-link-full_width elementor-widget elementor-widget-icon-list\" data-id=\"270a44c\" data-element_type=\"widget\" data-widget_type=\"icon-list.default\">\n\t\t\t\t<div class=\"elementor-widget-container\">\n\t\t\t\t\t\t\t<ul class=\"elementor-icon-list-items\">\n\t\t\t\t\t\t\t<li class=\"elementor-icon-list-item\">\n\t\t\t\t\t\t\t\t\t\t\t<a href=\"https:\/\/addio.eu\/privacy-policy\/\">\n\n\t\t\t\t\t\t\t\t\t\t\t\t<span class=\"elementor-icon-list-icon\">\n\t\t\t\t\t\t\t<svg xmlns=\"http:\/\/www.w3.org\/2000\/svg\" width=\"24\" height=\"24\" viewBox=\"0 0 24 24\" fill=\"none\"><path d=\"M17.9199 6.62C17.8185 6.37565 17.6243 6.18147 17.3799 6.08C17.2597 6.02876 17.1306 6.00158 16.9999 6H6.99994C6.73472 6 6.48037 6.10536 6.29283 6.29289C6.1053 6.48043 5.99994 6.73478 5.99994 7C5.99994 7.26522 6.1053 7.51957 6.29283 7.70711C6.48037 7.89464 6.73472 8 6.99994 8H14.5899L6.28994 16.29C6.19621 16.383 6.12182 16.4936 6.07105 16.6154C6.02028 16.7373 5.99414 16.868 5.99414 17C5.99414 17.132 6.02028 17.2627 6.07105 17.3846C6.12182 17.5064 6.19621 17.617 6.28994 17.71C6.3829 17.8037 6.4935 17.8781 6.61536 17.9289C6.73722 17.9797 6.86793 18.0058 6.99994 18.0058C7.13195 18.0058 7.26266 17.9797 7.38452 17.9289C7.50638 17.8781 7.61698 17.8037 7.70994 17.71L15.9999 9.41V17C15.9999 17.2652 16.1053 17.5196 16.2928 17.7071C16.4804 17.8946 16.7347 18 16.9999 18C17.2652 18 17.5195 17.8946 17.707 17.7071C17.8946 17.5196 17.9999 17.2652 17.9999 17V7C17.9984 6.86932 17.9712 6.74022 17.9199 6.62Z\" fill=\"#393939\"><\/path><\/svg>\t\t\t\t\t\t<\/span>\n\t\t\t\t\t\t\t\t\t\t<span class=\"elementor-icon-list-text\">Personvernerkl\u00e6ring<\/span>\n\t\t\t\t\t\t\t\t\t\t\t<\/a>\n\t\t\t\t\t\t\t\t\t<\/li>\n\t\t\t\t\t\t<\/ul>\n\t\t\t\t\t\t<\/div>\n\t\t\t\t<\/div>\n\t\t\t\t<div class=\"elementor-element elementor-element-8af7789 elementor-icon-list--layout-traditional elementor-list-item-link-full_width elementor-widget elementor-widget-icon-list\" data-id=\"8af7789\" data-element_type=\"widget\" data-widget_type=\"icon-list.default\">\n\t\t\t\t<div class=\"elementor-widget-container\">\n\t\t\t\t\t\t\t<ul class=\"elementor-icon-list-items\">\n\t\t\t\t\t\t\t<li class=\"elementor-icon-list-item\">\n\t\t\t\t\t\t\t\t\t\t\t<a href=\"https:\/\/addio.eu\/terms-and-conditions\/\">\n\n\t\t\t\t\t\t\t\t\t\t\t\t<span class=\"elementor-icon-list-icon\">\n\t\t\t\t\t\t\t<svg xmlns=\"http:\/\/www.w3.org\/2000\/svg\" width=\"24\" height=\"24\" viewBox=\"0 0 24 24\" fill=\"none\"><path d=\"M17.9199 6.62C17.8185 6.37565 17.6243 6.18147 17.3799 6.08C17.2597 6.02876 17.1306 6.00158 16.9999 6H6.99994C6.73472 6 6.48037 6.10536 6.29283 6.29289C6.1053 6.48043 5.99994 6.73478 5.99994 7C5.99994 7.26522 6.1053 7.51957 6.29283 7.70711C6.48037 7.89464 6.73472 8 6.99994 8H14.5899L6.28994 16.29C6.19621 16.383 6.12182 16.4936 6.07105 16.6154C6.02028 16.7373 5.99414 16.868 5.99414 17C5.99414 17.132 6.02028 17.2627 6.07105 17.3846C6.12182 17.5064 6.19621 17.617 6.28994 17.71C6.3829 17.8037 6.4935 17.8781 6.61536 17.9289C6.73722 17.9797 6.86793 18.0058 6.99994 18.0058C7.13195 18.0058 7.26266 17.9797 7.38452 17.9289C7.50638 17.8781 7.61698 17.8037 7.70994 17.71L15.9999 9.41V17C15.9999 17.2652 16.1053 17.5196 16.2928 17.7071C16.4804 17.8946 16.7347 18 16.9999 18C17.2652 18 17.5195 17.8946 17.707 17.7071C17.8946 17.5196 17.9999 17.2652 17.9999 17V7C17.9984 6.86932 17.9712 6.74022 17.9199 6.62Z\" fill=\"#393939\"><\/path><\/svg>\t\t\t\t\t\t<\/span>\n\t\t\t\t\t\t\t\t\t\t<span class=\"elementor-icon-list-text\">Vilk\u00e5r og betingelser<\/span>\n\t\t\t\t\t\t\t\t\t\t\t<\/a>\n\t\t\t\t\t\t\t\t\t<\/li>\n\t\t\t\t\t\t<\/ul>\n\t\t\t\t\t\t<\/div>\n\t\t\t\t<\/div>\n\t\t\t\t<\/div>\n\t\t\t\t<\/div>\n\t\t\t\t\t<\/div>\n\t\t\t\t<\/div>\n\t\t\t\t<\/div>\n\t\t","protected":false},"excerpt":{"rendered":"<p>Denne applikasjonen er utviklet og vedlikeholdt av Addio Electronics AB. Denne applikasjonen samler inn noen personopplysninger fra sine brukere. Dette dokumentet kan skrives ut for referanse ved \u00e5 bruke utskriftskommandoen i innstillingene til en hvilken som helst nettleser. Sammendrag av retningslinjerPersonopplysninger behandles for f\u00f8lgende form\u00e5l og ved bruk av f\u00f8lgende tjenester:Stedsbaserte interaksjonerGeolokalisering og ikke-kontinuerlig geolokaliseringPersonopplysninger: [&hellip;]<\/p>\n","protected":false},"author":1,"featured_media":0,"parent":0,"menu_order":0,"comment_status":"closed","ping_status":"closed","template":"","meta":{"footnotes":""},"class_list":["post-9016","page","type-page","status-publish","hentry"],"yoast_head":"<!-- This site is optimized with the Yoast SEO plugin v26.0 - https:\/\/yoast.com\/wordpress\/plugins\/seo\/ -->\n<title>Personvernerkl\u00e6ring for &quot;car electric - BLE remote&quot; - Addio Electronics<\/title>\n<meta name=\"robots\" content=\"index, follow, max-snippet:-1, max-image-preview:large, max-video-preview:-1\" \/>\n<link rel=\"canonical\" href=\"https:\/\/addio.eu\/no\/personvernerklaering-for-car-electric-ble-remote\/\" \/>\n<meta property=\"og:locale\" content=\"nb_NO\" \/>\n<meta property=\"og:type\" content=\"article\" \/>\n<meta property=\"og:title\" content=\"Personvernerkl\u00e6ring for &quot;car electric - BLE remote&quot; - Addio Electronics\" \/>\n<meta property=\"og:description\" content=\"Denne applikasjonen er utviklet og vedlikeholdt av Addio Electronics AB. Denne applikasjonen samler inn noen personopplysninger fra sine brukere. Dette dokumentet kan skrives ut for referanse ved \u00e5 bruke utskriftskommandoen i innstillingene til en hvilken som helst nettleser. Sammendrag av retningslinjerPersonopplysninger behandles for f\u00f8lgende form\u00e5l og ved bruk av f\u00f8lgende tjenester:Stedsbaserte interaksjonerGeolokalisering og ikke-kontinuerlig geolokaliseringPersonopplysninger: [&hellip;]\" \/>\n<meta property=\"og:url\" content=\"https:\/\/addio.eu\/no\/personvernerklaering-for-car-electric-ble-remote\/\" \/>\n<meta property=\"og:site_name\" content=\"Addio Electronics\" \/>\n<meta property=\"article:publisher\" content=\"https:\/\/www.facebook.com\/AddioElectronicsAB\/\" \/>\n<meta property=\"article:modified_time\" content=\"2025-10-07T11:23:27+00:00\" \/>\n<meta name=\"twitter:card\" content=\"summary_large_image\" \/>\n<meta name=\"twitter:label1\" content=\"Ansl. lesetid\" \/>\n\t<meta name=\"twitter:data1\" content=\"4 minutt\" \/>\n<script type=\"application\/ld+json\" class=\"yoast-schema-graph\">{\"@context\":\"https:\/\/schema.org\",\"@graph\":[{\"@type\":\"WebPage\",\"@id\":\"https:\/\/addio.eu\/no\/personvernerklaering-for-car-electric-ble-remote\/\",\"url\":\"https:\/\/addio.eu\/no\/personvernerklaering-for-car-electric-ble-remote\/\",\"name\":\"Personvernerkl\u00e6ring for \\\"car electric - BLE remote\\\" - Addio Electronics\",\"isPartOf\":{\"@id\":\"https:\/\/addio.eu\/no\/#website\"},\"datePublished\":\"2025-04-03T08:20:46+00:00\",\"dateModified\":\"2025-10-07T11:23:27+00:00\",\"breadcrumb\":{\"@id\":\"https:\/\/addio.eu\/no\/personvernerklaering-for-car-electric-ble-remote\/#breadcrumb\"},\"inLanguage\":\"nb-NO\",\"potentialAction\":[{\"@type\":\"ReadAction\",\"target\":[\"https:\/\/addio.eu\/no\/personvernerklaering-for-car-electric-ble-remote\/\"]}]},{\"@type\":\"BreadcrumbList\",\"@id\":\"https:\/\/addio.eu\/no\/personvernerklaering-for-car-electric-ble-remote\/#breadcrumb\",\"itemListElement\":[{\"@type\":\"ListItem\",\"position\":1,\"name\":\"Home\",\"item\":\"https:\/\/addio.eu\/no\/addio-forside\/\"},{\"@type\":\"ListItem\",\"position\":2,\"name\":\"Personvernerkl\u00e6ring for &laquo;car electric &#8211; BLE remote&raquo;\"}]},{\"@type\":\"WebSite\",\"@id\":\"https:\/\/addio.eu\/no\/#website\",\"url\":\"https:\/\/addio.eu\/no\/\",\"name\":\"addio.eu\",\"description\":\"\",\"publisher\":{\"@id\":\"https:\/\/addio.eu\/no\/#organization\"},\"potentialAction\":[{\"@type\":\"SearchAction\",\"target\":{\"@type\":\"EntryPoint\",\"urlTemplate\":\"https:\/\/addio.eu\/no\/?s={search_term_string}\"},\"query-input\":{\"@type\":\"PropertyValueSpecification\",\"valueRequired\":true,\"valueName\":\"search_term_string\"}}],\"inLanguage\":\"nb-NO\"},{\"@type\":\"Organization\",\"@id\":\"https:\/\/addio.eu\/no\/#organization\",\"name\":\"Addio electronics\",\"url\":\"https:\/\/addio.eu\/no\/\",\"logo\":{\"@type\":\"ImageObject\",\"inLanguage\":\"nb-NO\",\"@id\":\"https:\/\/addio.eu\/no\/#\/schema\/logo\/image\/\",\"url\":\"https:\/\/addio.eu\/wp-content\/uploads\/2024\/10\/Lager_1-1.svg\",\"contentUrl\":\"https:\/\/addio.eu\/wp-content\/uploads\/2024\/10\/Lager_1-1.svg\",\"caption\":\"Addio electronics\"},\"image\":{\"@id\":\"https:\/\/addio.eu\/no\/#\/schema\/logo\/image\/\"},\"sameAs\":[\"https:\/\/www.facebook.com\/AddioElectronicsAB\/\",\"https:\/\/www.linkedin.com\/company\/addio-electronics-ab\"]}]}<\/script>\n<!-- \/ Yoast SEO plugin. -->","yoast_head_json":{"title":"Personvernerkl\u00e6ring for \"car electric - BLE remote\" - Addio Electronics","robots":{"index":"index","follow":"follow","max-snippet":"max-snippet:-1","max-image-preview":"max-image-preview:large","max-video-preview":"max-video-preview:-1"},"canonical":"https:\/\/addio.eu\/no\/personvernerklaering-for-car-electric-ble-remote\/","og_locale":"nb_NO","og_type":"article","og_title":"Personvernerkl\u00e6ring for \"car electric - BLE remote\" - Addio Electronics","og_description":"Denne applikasjonen er utviklet og vedlikeholdt av Addio Electronics AB. Denne applikasjonen samler inn noen personopplysninger fra sine brukere. Dette dokumentet kan skrives ut for referanse ved \u00e5 bruke utskriftskommandoen i innstillingene til en hvilken som helst nettleser. Sammendrag av retningslinjerPersonopplysninger behandles for f\u00f8lgende form\u00e5l og ved bruk av f\u00f8lgende tjenester:Stedsbaserte interaksjonerGeolokalisering og ikke-kontinuerlig geolokaliseringPersonopplysninger: [&hellip;]","og_url":"https:\/\/addio.eu\/no\/personvernerklaering-for-car-electric-ble-remote\/","og_site_name":"Addio Electronics","article_publisher":"https:\/\/www.facebook.com\/AddioElectronicsAB\/","article_modified_time":"2025-10-07T11:23:27+00:00","twitter_card":"summary_large_image","twitter_misc":{"Ansl. lesetid":"4 minutt"},"schema":{"@context":"https:\/\/schema.org","@graph":[{"@type":"WebPage","@id":"https:\/\/addio.eu\/no\/personvernerklaering-for-car-electric-ble-remote\/","url":"https:\/\/addio.eu\/no\/personvernerklaering-for-car-electric-ble-remote\/","name":"Personvernerkl\u00e6ring for \"car electric - BLE remote\" - Addio Electronics","isPartOf":{"@id":"https:\/\/addio.eu\/no\/#website"},"datePublished":"2025-04-03T08:20:46+00:00","dateModified":"2025-10-07T11:23:27+00:00","breadcrumb":{"@id":"https:\/\/addio.eu\/no\/personvernerklaering-for-car-electric-ble-remote\/#breadcrumb"},"inLanguage":"nb-NO","potentialAction":[{"@type":"ReadAction","target":["https:\/\/addio.eu\/no\/personvernerklaering-for-car-electric-ble-remote\/"]}]},{"@type":"BreadcrumbList","@id":"https:\/\/addio.eu\/no\/personvernerklaering-for-car-electric-ble-remote\/#breadcrumb","itemListElement":[{"@type":"ListItem","position":1,"name":"Home","item":"https:\/\/addio.eu\/no\/addio-forside\/"},{"@type":"ListItem","position":2,"name":"Personvernerkl\u00e6ring for &laquo;car electric &#8211; BLE remote&raquo;"}]},{"@type":"WebSite","@id":"https:\/\/addio.eu\/no\/#website","url":"https:\/\/addio.eu\/no\/","name":"addio.eu","description":"","publisher":{"@id":"https:\/\/addio.eu\/no\/#organization"},"potentialAction":[{"@type":"SearchAction","target":{"@type":"EntryPoint","urlTemplate":"https:\/\/addio.eu\/no\/?s={search_term_string}"},"query-input":{"@type":"PropertyValueSpecification","valueRequired":true,"valueName":"search_term_string"}}],"inLanguage":"nb-NO"},{"@type":"Organization","@id":"https:\/\/addio.eu\/no\/#organization","name":"Addio electronics","url":"https:\/\/addio.eu\/no\/","logo":{"@type":"ImageObject","inLanguage":"nb-NO","@id":"https:\/\/addio.eu\/no\/#\/schema\/logo\/image\/","url":"https:\/\/addio.eu\/wp-content\/uploads\/2024\/10\/Lager_1-1.svg","contentUrl":"https:\/\/addio.eu\/wp-content\/uploads\/2024\/10\/Lager_1-1.svg","caption":"Addio electronics"},"image":{"@id":"https:\/\/addio.eu\/no\/#\/schema\/logo\/image\/"},"sameAs":["https:\/\/www.facebook.com\/AddioElectronicsAB\/","https:\/\/www.linkedin.com\/company\/addio-electronics-ab"]}]}},"_links":{"self":[{"href":"https:\/\/addio.eu\/no\/wp-json\/wp\/v2\/pages\/9016","targetHints":{"allow":["GET"]}}],"collection":[{"href":"https:\/\/addio.eu\/no\/wp-json\/wp\/v2\/pages"}],"about":[{"href":"https:\/\/addio.eu\/no\/wp-json\/wp\/v2\/types\/page"}],"author":[{"embeddable":true,"href":"https:\/\/addio.eu\/no\/wp-json\/wp\/v2\/users\/1"}],"replies":[{"embeddable":true,"href":"https:\/\/addio.eu\/no\/wp-json\/wp\/v2\/comments?post=9016"}],"version-history":[{"count":1,"href":"https:\/\/addio.eu\/no\/wp-json\/wp\/v2\/pages\/9016\/revisions"}],"predecessor-version":[{"id":9017,"href":"https:\/\/addio.eu\/no\/wp-json\/wp\/v2\/pages\/9016\/revisions\/9017"}],"wp:attachment":[{"href":"https:\/\/addio.eu\/no\/wp-json\/wp\/v2\/media?parent=9016"}],"curies":[{"name":"wp","href":"https:\/\/api.w.org\/{rel}","templated":true}]}}